{"id":263042,"date":"2025-10-23T18:06:40","date_gmt":"2025-10-23T16:06:40","guid":{"rendered":"https:\/\/www.leathergirl.eu\/?post_type=product&#038;p=263042"},"modified":"2026-01-03T16:22:06","modified_gmt":"2026-01-03T15:22:06","slug":"mask-with-replaceable-copffal","status":"publish","type":"product","link":"https:\/\/www.leathergirl.eu\/en\/product\/mask-with-replaceable-copffal\/","title":{"rendered":"MASK WITH INTERCHANGEABLE PONYTAIL"},"content":{"rendered":"<p>I also made this special mask from buttery soft cowhide. The face design is identical to the <a href=\"https:\/\/www.leathergirl.eu\/product\/cicamaszk\/\" target=\"_blank\" rel=\"noopener\">cat mask<\/a>, but instead of ears, there is a patent fastening, openable tassel with velcro inside. This allows the hair to be interchanged. The mask comes with three different hair colors (blonde, black and dark red), but you can also order other hairs that can be attached with velcro. If you would like more or fewer ponytails, please ask for a quote.<br \/>\nThe mask can also be used without the tassel, because the 4 black pins are barely visible.<br \/>\nThe mask can be tightly  fitted to your head with the lace up closure lined with sheepskin at the back.<\/p>\n<p>For now, we only have this one picture of the prototype, but when we finish another piece, we'll take photos of the rest. You can see the overall picture and rely on the description.<\/p>","protected":false},"excerpt":{"rendered":"<p>I also made this special mask from buttery soft cowhide. The face design is identical to the <a href=\"https:\/\/www.leathergirl.eu\/product\/cicamaszk\/\" target=\"_blank\" rel=\"noopener\">cat mask<\/a>, but instead of ears, there is a patent fastening, openable tassel with velcro inside. This allows the hair to be interchanged. The mask comes with three different hair colors (blonde, black and dark red), but you can also order other hairs that can be attached with velcro. If you would like more or fewer ponytails, please ask for a quote.<br \/>\nThe mask can also be used without the tassel, because the 4 black pins are barely visible.<br \/>\nThe mask can be tightly  fitted to your head with the lace up closure lined with sheepskin at the back.<\/p>\n<p>For now, we only have this one picture of the prototype, but when we finish another piece, we'll take photos of the rest. You can see the overall picture and rely on the description.<\/p>","protected":false},"featured_media":263044,"template":"","meta":{"_et_pb_use_builder":"","_et_pb_old_content":"","_et_gb_content_width":""},"product_brand":[],"product_cat":[26],"product_tag":[],"class_list":{"0":"post-263042","1":"product","2":"type-product","3":"status-publish","4":"has-post-thumbnail","6":"product_cat-maszkok","8":"first","9":"instock","10":"shipping-taxable","11":"purchasable","12":"product-type-simple"},"yoast_head":"<!-- This site is optimized with the Yoast SEO Premium plugin v26.2 (Yoast SEO v26.3) - https:\/\/yoast.com\/wordpress\/plugins\/seo\/ -->\n<title>MASZK CSER\u00c9LHET\u0150 COPFFAL - A B\u0151r\u00f6s l\u00e1ny<\/title>\n<meta name=\"robots\" content=\"index, follow, max-snippet:-1, max-image-preview:large, max-video-preview:-1\" \/>\n<link rel=\"canonical\" href=\"https:\/\/www.leathergirl.eu\/en\/product\/mask-with-replaceable-copffal\/\" \/>\n<meta property=\"og:locale\" content=\"en_GB\" \/>\n<meta property=\"og:type\" content=\"article\" \/>\n<meta property=\"og:title\" content=\"MASZK CSER\u00c9LHET\u0150 COPFFAL\" \/>\n<meta property=\"og:description\" content=\"Ezt a k\u00fcl\u00f6nleges maszkot is vajpuha marhab\u0151rb\u0151l k\u00e9sz\u00edtettem. Az arc kialak\u00edt\u00e1sa megegyezik a cicamaszk\u00e9val, de ezen f\u00fclek helyett egy patenttal r\u00f6gz\u00edthet\u0151, nyithat\u00f3, bel\u00fcl t\u00e9p\u0151z\u00e1ras copf tal\u00e1lhat\u00f3. Ennek k\u00f6sz\u00f6nhet\u0151en a hajak cser\u00e9lhet\u0151ek benne. A maszkhoz h\u00e1rom k\u00fcl\u00f6nb\u00f6z\u0151 sz\u00edn\u0171 hajat adok (sz\u0151k\u00e9t, feket\u00e9t \u00e9s s\u00f6t\u00e9t v\u00f6r\u00f6set), de rendelhetsz hozz\u00e1 m\u00e1s, t\u00e9p\u0151z\u00e1rral r\u00f6gz\u00edthet\u0151 hajakat is. Ha t\u00f6bb vagy kevesebb copfot szeretn\u00e9l hozz\u00e1, k\u00e9rj \u00e1raj\u00e1nlatot. A maszk copf n\u00e9lk\u00fcl is haszn\u00e1lhat\u00f3, mert a 4 db fekete patent alig l\u00e1tszik rajta. A maszkot h\u00e1tul juhb\u0151rrel al\u00e1b\u00e9lelt f\u0171z\u0151vel igaz\u00edthatod szorosan a fejedre.  Egyenl\u0151re csak ez az egy k\u00e9p\u00fcnk van a protot\u00edpusr\u00f3l, de ha befejezt\u00fcnk egy \u00fajabb darabot, k\u00e9sz\u00edt\u00fcnk fot\u00f3kat a t\u00f6bbi r\u00e9szletr\u0151l is. Az \u00f6sszk\u00e9p \u00edgy is l\u00e1tszik, valamint t\u00e1maszkodhatsz a le\u00edr\u00e1sra.\" \/>\n<meta property=\"og:url\" content=\"https:\/\/www.leathergirl.eu\/en\/product\/mask-with-replaceable-copffal\/\" \/>\n<meta property=\"og:site_name\" content=\"A B\u0151r\u00f6s l\u00e1ny\" \/>\n<meta property=\"article:publisher\" content=\"https:\/\/www.facebook.com\/aboroslany\/\" \/>\n<meta property=\"article:modified_time\" content=\"2026-01-03T15:22:06+00:00\" \/>\n<meta property=\"og:image\" content=\"https:\/\/www.leathergirl.eu\/wp-content\/uploads\/2025\/10\/k-hajas1.jpg\" \/>\n\t<meta property=\"og:image:width\" content=\"600\" \/>\n\t<meta property=\"og:image:height\" content=\"746\" \/>\n\t<meta property=\"og:image:type\" content=\"image\/jpeg\" \/>\n<script type=\"application\/ld+json\" class=\"yoast-schema-graph\">{\"@context\":\"https:\/\/schema.org\",\"@graph\":[{\"@type\":\"WebPage\",\"@id\":\"https:\/\/www.leathergirl.eu\/product\/maszk-cserelheto-copffal\/\",\"url\":\"https:\/\/www.leathergirl.eu\/product\/maszk-cserelheto-copffal\/\",\"name\":\"MASZK CSER\u00c9LHET\u0150 COPFFAL - A B\u0151r\u00f6s l\u00e1ny\",\"isPartOf\":{\"@id\":\"https:\/\/www.leathergirl.eu\/#website\"},\"primaryImageOfPage\":{\"@id\":\"https:\/\/www.leathergirl.eu\/product\/maszk-cserelheto-copffal\/#primaryimage\"},\"image\":{\"@id\":\"https:\/\/www.leathergirl.eu\/product\/maszk-cserelheto-copffal\/#primaryimage\"},\"thumbnailUrl\":\"https:\/\/www.leathergirl.eu\/wp-content\/uploads\/2025\/10\/k-hajas1.jpg\",\"datePublished\":\"2025-10-23T16:06:40+00:00\",\"dateModified\":\"2026-01-03T15:22:06+00:00\",\"breadcrumb\":{\"@id\":\"https:\/\/www.leathergirl.eu\/product\/maszk-cserelheto-copffal\/#breadcrumb\"},\"inLanguage\":\"en-GB\",\"potentialAction\":[{\"@type\":\"ReadAction\",\"target\":[\"https:\/\/www.leathergirl.eu\/product\/maszk-cserelheto-copffal\/\"]}]},{\"@type\":\"ImageObject\",\"inLanguage\":\"en-GB\",\"@id\":\"https:\/\/www.leathergirl.eu\/product\/maszk-cserelheto-copffal\/#primaryimage\",\"url\":\"https:\/\/www.leathergirl.eu\/wp-content\/uploads\/2025\/10\/k-hajas1.jpg\",\"contentUrl\":\"https:\/\/www.leathergirl.eu\/wp-content\/uploads\/2025\/10\/k-hajas1.jpg\",\"width\":600,\"height\":746},{\"@type\":\"BreadcrumbList\",\"@id\":\"https:\/\/www.leathergirl.eu\/product\/maszk-cserelheto-copffal\/#breadcrumb\",\"itemListElement\":[{\"@type\":\"ListItem\",\"position\":1,\"name\":\"Home\",\"item\":\"https:\/\/www.leathergirl.eu\/\"},{\"@type\":\"ListItem\",\"position\":2,\"name\":\"Shop\",\"item\":\"https:\/\/www.leathergirl.eu\/en\/uzlet\/\"},{\"@type\":\"ListItem\",\"position\":3,\"name\":\"MASZK CSER\u00c9LHET\u0150 COPFFAL\"}]},{\"@type\":\"WebSite\",\"@id\":\"https:\/\/www.leathergirl.eu\/#website\",\"url\":\"https:\/\/www.leathergirl.eu\/\",\"name\":\"A B\u0151r\u00f6s l\u00e1ny\",\"description\":\"... LeatherGirl ...\",\"publisher\":{\"@id\":\"https:\/\/www.leathergirl.eu\/#organization\"},\"potentialAction\":[{\"@type\":\"SearchAction\",\"target\":{\"@type\":\"EntryPoint\",\"urlTemplate\":\"https:\/\/www.leathergirl.eu\/?s={search_term_string}\"},\"query-input\":{\"@type\":\"PropertyValueSpecification\",\"valueRequired\":true,\"valueName\":\"search_term_string\"}}],\"inLanguage\":\"en-GB\"},{\"@type\":\"Organization\",\"@id\":\"https:\/\/www.leathergirl.eu\/#organization\",\"name\":\"A B\u0151r\u00f6s l\u00e1ny\",\"url\":\"https:\/\/www.leathergirl.eu\/\",\"logo\":{\"@type\":\"ImageObject\",\"inLanguage\":\"en-GB\",\"@id\":\"https:\/\/www.leathergirl.eu\/#\/schema\/logo\/image\/\",\"url\":\"https:\/\/www.leathergirl.eu\/wp-content\/uploads\/2024\/05\/leathergirl-logo.png\",\"contentUrl\":\"https:\/\/www.leathergirl.eu\/wp-content\/uploads\/2024\/05\/leathergirl-logo.png\",\"width\":280,\"height\":80,\"caption\":\"A B\u0151r\u00f6s l\u00e1ny\"},\"image\":{\"@id\":\"https:\/\/www.leathergirl.eu\/#\/schema\/logo\/image\/\"},\"sameAs\":[\"https:\/\/www.facebook.com\/aboroslany\/\",\"https:\/\/www.instagram.com\/theleathergirl\/\"],\"email\":\"aboroslany@gmail.com\",\"legalName\":\"Nepp T\u00edmea e.v.\",\"numberOfEmployees\":{\"@type\":\"QuantitativeValue\",\"minValue\":\"1\",\"maxValue\":\"10\"}}]}<\/script>\n<meta property=\"product:price:amount\" content=\"228.70\" \/>\n<meta property=\"product:price:currency\" content=\"EUR\" \/>\n<meta property=\"og:availability\" content=\"instock\" \/>\n<meta property=\"product:availability\" content=\"instock\" \/>\n<meta property=\"product:condition\" content=\"new\" \/>\n<!-- \/ Yoast SEO Premium plugin. -->","yoast_head_json":{"title":"MACHINERY COLLAPSE COPFFAL - The Furry Girl","robots":{"index":"index","follow":"follow","max-snippet":"max-snippet:-1","max-image-preview":"max-image-preview:large","max-video-preview":"max-video-preview:-1"},"canonical":"https:\/\/www.leathergirl.eu\/en\/product\/mask-with-replaceable-copffal\/","og_locale":"en_GB","og_type":"article","og_title":"MASZK CSER\u00c9LHET\u0150 COPFFAL","og_description":"Ezt a k\u00fcl\u00f6nleges maszkot is vajpuha marhab\u0151rb\u0151l k\u00e9sz\u00edtettem. Az arc kialak\u00edt\u00e1sa megegyezik a cicamaszk\u00e9val, de ezen f\u00fclek helyett egy patenttal r\u00f6gz\u00edthet\u0151, nyithat\u00f3, bel\u00fcl t\u00e9p\u0151z\u00e1ras copf tal\u00e1lhat\u00f3. Ennek k\u00f6sz\u00f6nhet\u0151en a hajak cser\u00e9lhet\u0151ek benne. A maszkhoz h\u00e1rom k\u00fcl\u00f6nb\u00f6z\u0151 sz\u00edn\u0171 hajat adok (sz\u0151k\u00e9t, feket\u00e9t \u00e9s s\u00f6t\u00e9t v\u00f6r\u00f6set), de rendelhetsz hozz\u00e1 m\u00e1s, t\u00e9p\u0151z\u00e1rral r\u00f6gz\u00edthet\u0151 hajakat is. Ha t\u00f6bb vagy kevesebb copfot szeretn\u00e9l hozz\u00e1, k\u00e9rj \u00e1raj\u00e1nlatot. A maszk copf n\u00e9lk\u00fcl is haszn\u00e1lhat\u00f3, mert a 4 db fekete patent alig l\u00e1tszik rajta. A maszkot h\u00e1tul juhb\u0151rrel al\u00e1b\u00e9lelt f\u0171z\u0151vel igaz\u00edthatod szorosan a fejedre.  Egyenl\u0151re csak ez az egy k\u00e9p\u00fcnk van a protot\u00edpusr\u00f3l, de ha befejezt\u00fcnk egy \u00fajabb darabot, k\u00e9sz\u00edt\u00fcnk fot\u00f3kat a t\u00f6bbi r\u00e9szletr\u0151l is. Az \u00f6sszk\u00e9p \u00edgy is l\u00e1tszik, valamint t\u00e1maszkodhatsz a le\u00edr\u00e1sra.","og_url":"https:\/\/www.leathergirl.eu\/en\/product\/mask-with-replaceable-copffal\/","og_site_name":"A B\u0151r\u00f6s l\u00e1ny","article_publisher":"https:\/\/www.facebook.com\/aboroslany\/","article_modified_time":"2026-01-03T15:22:06+00:00","og_image":[{"width":600,"height":746,"url":"https:\/\/www.leathergirl.eu\/wp-content\/uploads\/2025\/10\/k-hajas1.jpg","type":"image\/jpeg"}],"schema":{"@context":"https:\/\/schema.org","@graph":[{"@type":"WebPage","@id":"https:\/\/www.leathergirl.eu\/product\/maszk-cserelheto-copffal\/","url":"https:\/\/www.leathergirl.eu\/product\/maszk-cserelheto-copffal\/","name":"MACHINERY COLLAPSE COPFFAL - The Furry Girl","isPartOf":{"@id":"https:\/\/www.leathergirl.eu\/#website"},"primaryImageOfPage":{"@id":"https:\/\/www.leathergirl.eu\/product\/maszk-cserelheto-copffal\/#primaryimage"},"image":{"@id":"https:\/\/www.leathergirl.eu\/product\/maszk-cserelheto-copffal\/#primaryimage"},"thumbnailUrl":"https:\/\/www.leathergirl.eu\/wp-content\/uploads\/2025\/10\/k-hajas1.jpg","datePublished":"2025-10-23T16:06:40+00:00","dateModified":"2026-01-03T15:22:06+00:00","breadcrumb":{"@id":"https:\/\/www.leathergirl.eu\/product\/maszk-cserelheto-copffal\/#breadcrumb"},"inLanguage":"en-GB","potentialAction":[{"@type":"ReadAction","target":["https:\/\/www.leathergirl.eu\/product\/maszk-cserelheto-copffal\/"]}]},{"@type":"ImageObject","inLanguage":"en-GB","@id":"https:\/\/www.leathergirl.eu\/product\/maszk-cserelheto-copffal\/#primaryimage","url":"https:\/\/www.leathergirl.eu\/wp-content\/uploads\/2025\/10\/k-hajas1.jpg","contentUrl":"https:\/\/www.leathergirl.eu\/wp-content\/uploads\/2025\/10\/k-hajas1.jpg","width":600,"height":746},{"@type":"BreadcrumbList","@id":"https:\/\/www.leathergirl.eu\/product\/maszk-cserelheto-copffal\/#breadcrumb","itemListElement":[{"@type":"ListItem","position":1,"name":"Home","item":"https:\/\/www.leathergirl.eu\/"},{"@type":"ListItem","position":2,"name":"Shop","item":"https:\/\/www.leathergirl.eu\/en\/uzlet\/"},{"@type":"ListItem","position":3,"name":"MASZK CSER\u00c9LHET\u0150 COPFFAL"}]},{"@type":"WebSite","@id":"https:\/\/www.leathergirl.eu\/#website","url":"https:\/\/www.leathergirl.eu\/","name":"The Leather Girl","description":"... LeatherGirl ...","publisher":{"@id":"https:\/\/www.leathergirl.eu\/#organization"},"potentialAction":[{"@type":"SearchAction","target":{"@type":"EntryPoint","urlTemplate":"https:\/\/www.leathergirl.eu\/?s={search_term_string}"},"query-input":{"@type":"PropertyValueSpecification","valueRequired":true,"valueName":"search_term_string"}}],"inLanguage":"en-GB"},{"@type":"Organization","@id":"https:\/\/www.leathergirl.eu\/#organization","name":"The Leather Girl","url":"https:\/\/www.leathergirl.eu\/","logo":{"@type":"ImageObject","inLanguage":"en-GB","@id":"https:\/\/www.leathergirl.eu\/#\/schema\/logo\/image\/","url":"https:\/\/www.leathergirl.eu\/wp-content\/uploads\/2024\/05\/leathergirl-logo.png","contentUrl":"https:\/\/www.leathergirl.eu\/wp-content\/uploads\/2024\/05\/leathergirl-logo.png","width":280,"height":80,"caption":"A B\u0151r\u00f6s l\u00e1ny"},"image":{"@id":"https:\/\/www.leathergirl.eu\/#\/schema\/logo\/image\/"},"sameAs":["https:\/\/www.facebook.com\/aboroslany\/","https:\/\/www.instagram.com\/theleathergirl\/"],"email":"aboroslany@gmail.com","legalName":"Nepp T\u00edmea e.v.","numberOfEmployees":{"@type":"QuantitativeValue","minValue":"1","maxValue":"10"}}]},"product_price_amount":"228.70","product_price_currency":"EUR","og_availability":"instock","product_availability":"instock","product_condition":"new"},"_links":{"self":[{"href":"https:\/\/www.leathergirl.eu\/en\/wp-json\/wp\/v2\/product\/263042","targetHints":{"allow":["GET"]}}],"collection":[{"href":"https:\/\/www.leathergirl.eu\/en\/wp-json\/wp\/v2\/product"}],"about":[{"href":"https:\/\/www.leathergirl.eu\/en\/wp-json\/wp\/v2\/types\/product"}],"wp:featuredmedia":[{"embeddable":true,"href":"https:\/\/www.leathergirl.eu\/en\/wp-json\/wp\/v2\/media\/263044"}],"wp:attachment":[{"href":"https:\/\/www.leathergirl.eu\/en\/wp-json\/wp\/v2\/media?parent=263042"}],"wp:term":[{"taxonomy":"product_brand","embeddable":true,"href":"https:\/\/www.leathergirl.eu\/en\/wp-json\/wp\/v2\/product_brand?post=263042"},{"taxonomy":"product_cat","embeddable":true,"href":"https:\/\/www.leathergirl.eu\/en\/wp-json\/wp\/v2\/product_cat?post=263042"},{"taxonomy":"product_tag","embeddable":true,"href":"https:\/\/www.leathergirl.eu\/en\/wp-json\/wp\/v2\/product_tag?post=263042"}],"curies":[{"name":"wp","href":"https:\/\/api.w.org\/{rel}","templated":true}]}}