{"id":263038,"date":"2025-10-23T17:47:17","date_gmt":"2025-10-23T15:47:17","guid":{"rendered":"https:\/\/www.leathergirl.eu\/?post_type=product&#038;p=263038"},"modified":"2026-01-03T16:22:48","modified_gmt":"2026-01-03T15:22:48","slug":"mask-with-corvid-cop","status":"publish","type":"product","link":"https:\/\/www.leathergirl.eu\/en\/product\/mask-with-corvid-cop\/","title":{"rendered":"MASK WITH FLOGGER PONYTAIL"},"content":{"rendered":"<p>I made this special mask from buttery soft cowhide.<br \/>\nThe pink leather eye and mouth parts are made of a supple, medium thick leather. I use this leather, and black of similar character, to make the ponytail on the top of the head. It is about 50 cm long and has 60 tails. The ponytail is attached to the top of the head with 4 strong black snap fasteners, so that it can be removed, which has two advantages:<\/p>\n<ol>\n<li>you can use the ponytail as a whip,<\/li>\n<li>you can use the mask without the ponytail, because the 4 black snap fastenings are barely visible<\/li>\n<\/ol>\n<p>The mask can be tightly  fitted to your head with the lace up closure lined with sheepskin at the back.<\/p>\n<p>It's available in pure black and red and black too upon order.<\/p>\n<p>We haven't taken a picture of all the details yet, but we will do so soon. You can still see the main points, and you can rely on the description.<\/p>","protected":false},"excerpt":{"rendered":"<p>I made this special mask from buttery soft cowhide.<br \/>\nThe pink leather eye and mouth parts are made of a supple, medium thick leather. I use this leather, and black of similar character, to make the ponytail on the top of the head. It is about 50 cm long and has 60 tails. The ponytail is attached to the top of the head with 4 strong black snap fasteners, so that it can be removed, which has two advantages:<\/p>\n<ol>\n<li>you can use the ponytail as a whip,<\/li>\n<li>you can use the mask without the ponytail, because the 4 black snap fastenings are barely visible<\/li>\n<\/ol>\n<p>The mask can be tightly  fitted to your head with the lace up closure lined with sheepskin at the back.<\/p>\n<p>It's available in pure black and red and black too upon order.<\/p>\n<p>We haven't taken a picture of all the details yet, but we will do so soon. You can still see the main points, and you can rely on the description.<\/p>","protected":false},"featured_media":263040,"template":"","meta":{"_et_pb_use_builder":"","_et_pb_old_content":"","_et_gb_content_width":""},"product_brand":[],"product_cat":[44,26],"product_tag":[],"class_list":{"0":"post-263038","1":"product","2":"type-product","3":"status-publish","4":"has-post-thumbnail","6":"product_cat-buszkesegeim","7":"product_cat-maszkok","9":"first","10":"instock","11":"featured","12":"shipping-taxable","13":"purchasable","14":"product-type-simple"},"yoast_head":"<!-- This site is optimized with the Yoast SEO Premium plugin v26.2 (Yoast SEO v26.3) - https:\/\/yoast.com\/wordpress\/plugins\/seo\/ -->\n<title>MASZK KORB\u00c1CS-COPFFAL - A B\u0151r\u00f6s l\u00e1ny<\/title>\n<meta name=\"robots\" content=\"index, follow, max-snippet:-1, max-image-preview:large, max-video-preview:-1\" \/>\n<link rel=\"canonical\" href=\"https:\/\/www.leathergirl.eu\/en\/product\/mask-with-corvid-cop\/\" \/>\n<meta property=\"og:locale\" content=\"en_GB\" \/>\n<meta property=\"og:type\" content=\"article\" \/>\n<meta property=\"og:title\" content=\"MASZK KORB\u00c1CS-COPFFAL\" \/>\n<meta property=\"og:description\" content=\"Ezt a k\u00fcl\u00f6nleges maszkot is vajpuha marhab\u0151rb\u0151l k\u00e9sz\u00edtettem. A sz\u00e1j- \u00e9s szemkiv\u00e1g\u00e1st keretez\u0151 marhab\u0151r k\u00f6zepesen vastag, de szint\u00e9n kell\u0151en puha. Ebb\u0151l a b\u0151rb\u0151l, \u00e9s hasonl\u00f3 karakter\u0171 feket\u00e9b\u0151l k\u00e9sz\u00edtem a fejtet\u0151n tal\u00e1lhat\u00f3 copfot is, \u00f6sszesen 60 sz\u00e1lb\u00f3l, a hosszuk kb 50 cm. A copfot 4 db er\u0151s, fekete patent r\u00f6gz\u00edti a fejtet\u0151h\u00f6z, \u00edgy elt\u00e1vol\u00edthat\u00f3, aminek k\u00e9t el\u0151nye van:   a copfot haszn\u00e1lhatod korb\u00e1csk\u00e9nt,  a copf n\u00e9lk\u00fcl haszn\u00e1lhatod sim\u00e1n a maszkot, mert a 4 db fekete patent alig l\u00e1tszik rajta  A maszkot h\u00e1tul juhb\u0151rrel al\u00e1b\u00e9lelt f\u0171z\u0151vel igaz\u00edthatod szorosan a fejedre.  Rendelheted tiszta feket\u00e9ben vagy piros-feket\u00e9ben is-  Egyenl\u0151re nem k\u00e9sz\u00edtett\u00fcnk k\u00e9pet minden r\u00e9szletr\u0151l, de ezt hamarosan p\u00f3toljuk. A l\u00e9nyeg \u00edgy is l\u00e1tszik, valamint t\u00e1maszkodhatsz a le\u00edr\u00e1sra.\" \/>\n<meta property=\"og:url\" content=\"https:\/\/www.leathergirl.eu\/en\/product\/mask-with-corvid-cop\/\" \/>\n<meta property=\"og:site_name\" content=\"A B\u0151r\u00f6s l\u00e1ny\" \/>\n<meta property=\"article:publisher\" content=\"https:\/\/www.facebook.com\/aboroslany\/\" \/>\n<meta property=\"article:modified_time\" content=\"2026-01-03T15:22:48+00:00\" \/>\n<meta property=\"og:image\" content=\"https:\/\/www.leathergirl.eu\/wp-content\/uploads\/2025\/10\/k-korbacsos-profil.jpg\" \/>\n\t<meta property=\"og:image:width\" content=\"600\" \/>\n\t<meta property=\"og:image:height\" content=\"759\" \/>\n\t<meta property=\"og:image:type\" content=\"image\/jpeg\" \/>\n<script type=\"application\/ld+json\" class=\"yoast-schema-graph\">{\"@context\":\"https:\/\/schema.org\",\"@graph\":[{\"@type\":\"WebPage\",\"@id\":\"https:\/\/www.leathergirl.eu\/product\/maszk-korbacs-copffal\/\",\"url\":\"https:\/\/www.leathergirl.eu\/product\/maszk-korbacs-copffal\/\",\"name\":\"MASZK KORB\u00c1CS-COPFFAL - A B\u0151r\u00f6s l\u00e1ny\",\"isPartOf\":{\"@id\":\"https:\/\/www.leathergirl.eu\/#website\"},\"primaryImageOfPage\":{\"@id\":\"https:\/\/www.leathergirl.eu\/product\/maszk-korbacs-copffal\/#primaryimage\"},\"image\":{\"@id\":\"https:\/\/www.leathergirl.eu\/product\/maszk-korbacs-copffal\/#primaryimage\"},\"thumbnailUrl\":\"https:\/\/www.leathergirl.eu\/wp-content\/uploads\/2025\/10\/k-korbacsos-profil.jpg\",\"datePublished\":\"2025-10-23T15:47:17+00:00\",\"dateModified\":\"2026-01-03T15:22:48+00:00\",\"breadcrumb\":{\"@id\":\"https:\/\/www.leathergirl.eu\/product\/maszk-korbacs-copffal\/#breadcrumb\"},\"inLanguage\":\"en-GB\",\"potentialAction\":[{\"@type\":\"ReadAction\",\"target\":[\"https:\/\/www.leathergirl.eu\/product\/maszk-korbacs-copffal\/\"]}]},{\"@type\":\"ImageObject\",\"inLanguage\":\"en-GB\",\"@id\":\"https:\/\/www.leathergirl.eu\/product\/maszk-korbacs-copffal\/#primaryimage\",\"url\":\"https:\/\/www.leathergirl.eu\/wp-content\/uploads\/2025\/10\/k-korbacsos-profil.jpg\",\"contentUrl\":\"https:\/\/www.leathergirl.eu\/wp-content\/uploads\/2025\/10\/k-korbacsos-profil.jpg\",\"width\":600,\"height\":759},{\"@type\":\"BreadcrumbList\",\"@id\":\"https:\/\/www.leathergirl.eu\/product\/maszk-korbacs-copffal\/#breadcrumb\",\"itemListElement\":[{\"@type\":\"ListItem\",\"position\":1,\"name\":\"Home\",\"item\":\"https:\/\/www.leathergirl.eu\/\"},{\"@type\":\"ListItem\",\"position\":2,\"name\":\"Shop\",\"item\":\"https:\/\/www.leathergirl.eu\/en\/uzlet\/\"},{\"@type\":\"ListItem\",\"position\":3,\"name\":\"MASZK KORB\u00c1CS-COPFFAL\"}]},{\"@type\":\"WebSite\",\"@id\":\"https:\/\/www.leathergirl.eu\/#website\",\"url\":\"https:\/\/www.leathergirl.eu\/\",\"name\":\"A B\u0151r\u00f6s l\u00e1ny\",\"description\":\"... LeatherGirl ...\",\"publisher\":{\"@id\":\"https:\/\/www.leathergirl.eu\/#organization\"},\"potentialAction\":[{\"@type\":\"SearchAction\",\"target\":{\"@type\":\"EntryPoint\",\"urlTemplate\":\"https:\/\/www.leathergirl.eu\/?s={search_term_string}\"},\"query-input\":{\"@type\":\"PropertyValueSpecification\",\"valueRequired\":true,\"valueName\":\"search_term_string\"}}],\"inLanguage\":\"en-GB\"},{\"@type\":\"Organization\",\"@id\":\"https:\/\/www.leathergirl.eu\/#organization\",\"name\":\"A B\u0151r\u00f6s l\u00e1ny\",\"url\":\"https:\/\/www.leathergirl.eu\/\",\"logo\":{\"@type\":\"ImageObject\",\"inLanguage\":\"en-GB\",\"@id\":\"https:\/\/www.leathergirl.eu\/#\/schema\/logo\/image\/\",\"url\":\"https:\/\/www.leathergirl.eu\/wp-content\/uploads\/2024\/05\/leathergirl-logo.png\",\"contentUrl\":\"https:\/\/www.leathergirl.eu\/wp-content\/uploads\/2024\/05\/leathergirl-logo.png\",\"width\":280,\"height\":80,\"caption\":\"A B\u0151r\u00f6s l\u00e1ny\"},\"image\":{\"@id\":\"https:\/\/www.leathergirl.eu\/#\/schema\/logo\/image\/\"},\"sameAs\":[\"https:\/\/www.facebook.com\/aboroslany\/\",\"https:\/\/www.instagram.com\/theleathergirl\/\"],\"email\":\"aboroslany@gmail.com\",\"legalName\":\"Nepp T\u00edmea e.v.\",\"numberOfEmployees\":{\"@type\":\"QuantitativeValue\",\"minValue\":\"1\",\"maxValue\":\"10\"}}]}<\/script>\n<meta property=\"product:price:amount\" content=\"228.70\" \/>\n<meta property=\"product:price:currency\" content=\"EUR\" \/>\n<meta property=\"og:availability\" content=\"instock\" \/>\n<meta property=\"product:availability\" content=\"instock\" \/>\n<meta property=\"product:condition\" content=\"new\" \/>\n<!-- \/ Yoast SEO Premium plugin. -->","yoast_head_json":{"title":"MASZK KORB\u00c1CS-COPFFAL - The Leather Girl","robots":{"index":"index","follow":"follow","max-snippet":"max-snippet:-1","max-image-preview":"max-image-preview:large","max-video-preview":"max-video-preview:-1"},"canonical":"https:\/\/www.leathergirl.eu\/en\/product\/mask-with-corvid-cop\/","og_locale":"en_GB","og_type":"article","og_title":"MASZK KORB\u00c1CS-COPFFAL","og_description":"Ezt a k\u00fcl\u00f6nleges maszkot is vajpuha marhab\u0151rb\u0151l k\u00e9sz\u00edtettem. A sz\u00e1j- \u00e9s szemkiv\u00e1g\u00e1st keretez\u0151 marhab\u0151r k\u00f6zepesen vastag, de szint\u00e9n kell\u0151en puha. Ebb\u0151l a b\u0151rb\u0151l, \u00e9s hasonl\u00f3 karakter\u0171 feket\u00e9b\u0151l k\u00e9sz\u00edtem a fejtet\u0151n tal\u00e1lhat\u00f3 copfot is, \u00f6sszesen 60 sz\u00e1lb\u00f3l, a hosszuk kb 50 cm. A copfot 4 db er\u0151s, fekete patent r\u00f6gz\u00edti a fejtet\u0151h\u00f6z, \u00edgy elt\u00e1vol\u00edthat\u00f3, aminek k\u00e9t el\u0151nye van:   a copfot haszn\u00e1lhatod korb\u00e1csk\u00e9nt,  a copf n\u00e9lk\u00fcl haszn\u00e1lhatod sim\u00e1n a maszkot, mert a 4 db fekete patent alig l\u00e1tszik rajta  A maszkot h\u00e1tul juhb\u0151rrel al\u00e1b\u00e9lelt f\u0171z\u0151vel igaz\u00edthatod szorosan a fejedre.  Rendelheted tiszta feket\u00e9ben vagy piros-feket\u00e9ben is-  Egyenl\u0151re nem k\u00e9sz\u00edtett\u00fcnk k\u00e9pet minden r\u00e9szletr\u0151l, de ezt hamarosan p\u00f3toljuk. A l\u00e9nyeg \u00edgy is l\u00e1tszik, valamint t\u00e1maszkodhatsz a le\u00edr\u00e1sra.","og_url":"https:\/\/www.leathergirl.eu\/en\/product\/mask-with-corvid-cop\/","og_site_name":"A B\u0151r\u00f6s l\u00e1ny","article_publisher":"https:\/\/www.facebook.com\/aboroslany\/","article_modified_time":"2026-01-03T15:22:48+00:00","og_image":[{"width":600,"height":759,"url":"https:\/\/www.leathergirl.eu\/wp-content\/uploads\/2025\/10\/k-korbacsos-profil.jpg","type":"image\/jpeg"}],"schema":{"@context":"https:\/\/schema.org","@graph":[{"@type":"WebPage","@id":"https:\/\/www.leathergirl.eu\/product\/maszk-korbacs-copffal\/","url":"https:\/\/www.leathergirl.eu\/product\/maszk-korbacs-copffal\/","name":"MASZK KORB\u00c1CS-COPFFAL - The Leather Girl","isPartOf":{"@id":"https:\/\/www.leathergirl.eu\/#website"},"primaryImageOfPage":{"@id":"https:\/\/www.leathergirl.eu\/product\/maszk-korbacs-copffal\/#primaryimage"},"image":{"@id":"https:\/\/www.leathergirl.eu\/product\/maszk-korbacs-copffal\/#primaryimage"},"thumbnailUrl":"https:\/\/www.leathergirl.eu\/wp-content\/uploads\/2025\/10\/k-korbacsos-profil.jpg","datePublished":"2025-10-23T15:47:17+00:00","dateModified":"2026-01-03T15:22:48+00:00","breadcrumb":{"@id":"https:\/\/www.leathergirl.eu\/product\/maszk-korbacs-copffal\/#breadcrumb"},"inLanguage":"en-GB","potentialAction":[{"@type":"ReadAction","target":["https:\/\/www.leathergirl.eu\/product\/maszk-korbacs-copffal\/"]}]},{"@type":"ImageObject","inLanguage":"en-GB","@id":"https:\/\/www.leathergirl.eu\/product\/maszk-korbacs-copffal\/#primaryimage","url":"https:\/\/www.leathergirl.eu\/wp-content\/uploads\/2025\/10\/k-korbacsos-profil.jpg","contentUrl":"https:\/\/www.leathergirl.eu\/wp-content\/uploads\/2025\/10\/k-korbacsos-profil.jpg","width":600,"height":759},{"@type":"BreadcrumbList","@id":"https:\/\/www.leathergirl.eu\/product\/maszk-korbacs-copffal\/#breadcrumb","itemListElement":[{"@type":"ListItem","position":1,"name":"Home","item":"https:\/\/www.leathergirl.eu\/"},{"@type":"ListItem","position":2,"name":"Shop","item":"https:\/\/www.leathergirl.eu\/en\/uzlet\/"},{"@type":"ListItem","position":3,"name":"MASZK KORB\u00c1CS-COPFFAL"}]},{"@type":"WebSite","@id":"https:\/\/www.leathergirl.eu\/#website","url":"https:\/\/www.leathergirl.eu\/","name":"The Leather Girl","description":"... LeatherGirl ...","publisher":{"@id":"https:\/\/www.leathergirl.eu\/#organization"},"potentialAction":[{"@type":"SearchAction","target":{"@type":"EntryPoint","urlTemplate":"https:\/\/www.leathergirl.eu\/?s={search_term_string}"},"query-input":{"@type":"PropertyValueSpecification","valueRequired":true,"valueName":"search_term_string"}}],"inLanguage":"en-GB"},{"@type":"Organization","@id":"https:\/\/www.leathergirl.eu\/#organization","name":"The Leather Girl","url":"https:\/\/www.leathergirl.eu\/","logo":{"@type":"ImageObject","inLanguage":"en-GB","@id":"https:\/\/www.leathergirl.eu\/#\/schema\/logo\/image\/","url":"https:\/\/www.leathergirl.eu\/wp-content\/uploads\/2024\/05\/leathergirl-logo.png","contentUrl":"https:\/\/www.leathergirl.eu\/wp-content\/uploads\/2024\/05\/leathergirl-logo.png","width":280,"height":80,"caption":"A B\u0151r\u00f6s l\u00e1ny"},"image":{"@id":"https:\/\/www.leathergirl.eu\/#\/schema\/logo\/image\/"},"sameAs":["https:\/\/www.facebook.com\/aboroslany\/","https:\/\/www.instagram.com\/theleathergirl\/"],"email":"aboroslany@gmail.com","legalName":"Nepp T\u00edmea e.v.","numberOfEmployees":{"@type":"QuantitativeValue","minValue":"1","maxValue":"10"}}]},"product_price_amount":"228.70","product_price_currency":"EUR","og_availability":"instock","product_availability":"instock","product_condition":"new"},"_links":{"self":[{"href":"https:\/\/www.leathergirl.eu\/en\/wp-json\/wp\/v2\/product\/263038","targetHints":{"allow":["GET"]}}],"collection":[{"href":"https:\/\/www.leathergirl.eu\/en\/wp-json\/wp\/v2\/product"}],"about":[{"href":"https:\/\/www.leathergirl.eu\/en\/wp-json\/wp\/v2\/types\/product"}],"wp:featuredmedia":[{"embeddable":true,"href":"https:\/\/www.leathergirl.eu\/en\/wp-json\/wp\/v2\/media\/263040"}],"wp:attachment":[{"href":"https:\/\/www.leathergirl.eu\/en\/wp-json\/wp\/v2\/media?parent=263038"}],"wp:term":[{"taxonomy":"product_brand","embeddable":true,"href":"https:\/\/www.leathergirl.eu\/en\/wp-json\/wp\/v2\/product_brand?post=263038"},{"taxonomy":"product_cat","embeddable":true,"href":"https:\/\/www.leathergirl.eu\/en\/wp-json\/wp\/v2\/product_cat?post=263038"},{"taxonomy":"product_tag","embeddable":true,"href":"https:\/\/www.leathergirl.eu\/en\/wp-json\/wp\/v2\/product_tag?post=263038"}],"curies":[{"name":"wp","href":"https:\/\/api.w.org\/{rel}","templated":true}]}}