{"id":262491,"date":"2025-04-14T19:23:44","date_gmt":"2025-04-14T17:23:44","guid":{"rendered":"https:\/\/www.leathergirl.eu\/?post_type=product&#038;p=262491"},"modified":"2026-01-03T16:51:56","modified_gmt":"2026-01-03T15:51:56","slug":"wine-panties","status":"publish","type":"product","link":"https:\/\/www.leathergirl.eu\/en\/product\/wine-panties\/","title":{"rendered":"\/LEATHER PANTIES"},"content":{"rendered":"<p>The panties are made of butter-soft cowhide. The front panel is made with two layers of leather and during assembly, the edges of the top layer are folded. The straps are made of three layers of leather and their length is adjustable with a buckle. The waistband is 3 cm wide and the strap between the buttocks is 2 cm wide.<\/p>\n<p>Click <a href=\"https:\/\/www.leathergirl.eu\/product\/noi-testham-combszijjal\/\" target=\"_blank\" rel=\"noopener\">HERE<\/a> for more information about the harness.<\/p>\n<p>Pictures by: <a href=\"https:\/\/feszekvipstudio.hu\/\" target=\"_blank\" rel=\"noopener\">SeinerK photo<\/a><\/p>","protected":false},"excerpt":{"rendered":"<p>The panties are made of butter-soft cowhide. The front panel is made with two layers of leather and during assembly, the edges of the top layer are folded. The straps are made of three layers of leather and their length is adjustable with a buckle. The waistband is 3 cm wide and the strap between the buttocks is 2 cm wide.<\/p>\n<p>Click <a href=\"https:\/\/www.leathergirl.eu\/product\/noi-testham-combszijjal\/\" target=\"_blank\" rel=\"noopener\">HERE<\/a> for more information about the harness.<\/p>\n<p>Pictures by: <a href=\"https:\/\/feszekvipstudio.hu\/\" target=\"_blank\" rel=\"noopener\">SeinerK photo<\/a><\/p>","protected":false},"featured_media":262495,"template":"","meta":{"_et_pb_use_builder":"","_et_pb_old_content":"","_et_gb_content_width":""},"product_brand":[],"product_cat":[45],"product_tag":[],"class_list":{"0":"post-262491","1":"product","2":"type-product","3":"status-publish","4":"has-post-thumbnail","6":"product_cat-harnesses","8":"first","9":"instock","10":"shipping-taxable","11":"purchasable","12":"product-type-simple"},"yoast_head":"<!-- This site is optimized with the Yoast SEO Premium plugin v26.2 (Yoast SEO v26.3) - https:\/\/yoast.com\/wordpress\/plugins\/seo\/ -->\n<title>B\u0150R BUGYI - A B\u0151r\u00f6s l\u00e1ny<\/title>\n<meta name=\"robots\" content=\"index, follow, max-snippet:-1, max-image-preview:large, max-video-preview:-1\" \/>\n<link rel=\"canonical\" href=\"https:\/\/www.leathergirl.eu\/en\/product\/wine-panties\/\" \/>\n<meta property=\"og:locale\" content=\"en_GB\" \/>\n<meta property=\"og:type\" content=\"article\" \/>\n<meta property=\"og:title\" content=\"B\u0150R BUGYI\" \/>\n<meta property=\"og:description\" content=\"A teljes bugyit vajpuha marhab\u0151rb\u0151l k\u00e9sz\u00edtem. Az eleje-r\u00e9szt k\u00e9t r\u00e9tegben, a fels\u0151 r\u00e9teg sz\u00e9l\u00e9t behajtva \u00e1ll\u00edtom \u00f6ssze. A sz\u00edjak h\u00e1rom r\u00e9teg\u0171ek, a hosszuk csattal szab\u00e1lyozhat\u00f3, a der\u00e9k \u00f6v 3 cm sz\u00e9les, az \u00fclepsz\u00edj pedig 2 cm-es.  A h\u00e1mr\u00f3l ITT tal\u00e1lsz inform\u00e1ci\u00f3t.  Modell fot\u00f3: SeinerK photo\" \/>\n<meta property=\"og:url\" content=\"https:\/\/www.leathergirl.eu\/en\/product\/wine-panties\/\" \/>\n<meta property=\"og:site_name\" content=\"A B\u0151r\u00f6s l\u00e1ny\" \/>\n<meta property=\"article:publisher\" content=\"https:\/\/www.facebook.com\/aboroslany\/\" \/>\n<meta property=\"article:modified_time\" content=\"2026-01-03T15:51:56+00:00\" \/>\n<meta property=\"og:image\" content=\"https:\/\/www.leathergirl.eu\/wp-content\/uploads\/2025\/04\/k-alul-szoges-bugyi-baban.jpg\" \/>\n\t<meta property=\"og:image:width\" content=\"774\" \/>\n\t<meta property=\"og:image:height\" content=\"600\" \/>\n\t<meta property=\"og:image:type\" content=\"image\/jpeg\" \/>\n<script type=\"application\/ld+json\" class=\"yoast-schema-graph\">{\"@context\":\"https:\/\/schema.org\",\"@graph\":[{\"@type\":\"WebPage\",\"@id\":\"https:\/\/www.leathergirl.eu\/product\/bor-bugyi\/\",\"url\":\"https:\/\/www.leathergirl.eu\/product\/bor-bugyi\/\",\"name\":\"B\u0150R BUGYI - A B\u0151r\u00f6s l\u00e1ny\",\"isPartOf\":{\"@id\":\"https:\/\/www.leathergirl.eu\/#website\"},\"primaryImageOfPage\":{\"@id\":\"https:\/\/www.leathergirl.eu\/product\/bor-bugyi\/#primaryimage\"},\"image\":{\"@id\":\"https:\/\/www.leathergirl.eu\/product\/bor-bugyi\/#primaryimage\"},\"thumbnailUrl\":\"https:\/\/www.leathergirl.eu\/wp-content\/uploads\/2025\/04\/k-alul-szoges-bugyi-baban.jpg\",\"datePublished\":\"2025-04-14T17:23:44+00:00\",\"dateModified\":\"2026-01-03T15:51:56+00:00\",\"breadcrumb\":{\"@id\":\"https:\/\/www.leathergirl.eu\/product\/bor-bugyi\/#breadcrumb\"},\"inLanguage\":\"en-GB\",\"potentialAction\":[{\"@type\":\"ReadAction\",\"target\":[\"https:\/\/www.leathergirl.eu\/product\/bor-bugyi\/\"]}]},{\"@type\":\"ImageObject\",\"inLanguage\":\"en-GB\",\"@id\":\"https:\/\/www.leathergirl.eu\/product\/bor-bugyi\/#primaryimage\",\"url\":\"https:\/\/www.leathergirl.eu\/wp-content\/uploads\/2025\/04\/k-alul-szoges-bugyi-baban.jpg\",\"contentUrl\":\"https:\/\/www.leathergirl.eu\/wp-content\/uploads\/2025\/04\/k-alul-szoges-bugyi-baban.jpg\",\"width\":774,\"height\":600},{\"@type\":\"BreadcrumbList\",\"@id\":\"https:\/\/www.leathergirl.eu\/product\/bor-bugyi\/#breadcrumb\",\"itemListElement\":[{\"@type\":\"ListItem\",\"position\":1,\"name\":\"Home\",\"item\":\"https:\/\/www.leathergirl.eu\/\"},{\"@type\":\"ListItem\",\"position\":2,\"name\":\"Shop\",\"item\":\"https:\/\/www.leathergirl.eu\/en\/uzlet\/\"},{\"@type\":\"ListItem\",\"position\":3,\"name\":\"B\u0150R BUGYI\"}]},{\"@type\":\"WebSite\",\"@id\":\"https:\/\/www.leathergirl.eu\/#website\",\"url\":\"https:\/\/www.leathergirl.eu\/\",\"name\":\"A B\u0151r\u00f6s l\u00e1ny\",\"description\":\"... LeatherGirl ...\",\"publisher\":{\"@id\":\"https:\/\/www.leathergirl.eu\/#organization\"},\"potentialAction\":[{\"@type\":\"SearchAction\",\"target\":{\"@type\":\"EntryPoint\",\"urlTemplate\":\"https:\/\/www.leathergirl.eu\/?s={search_term_string}\"},\"query-input\":{\"@type\":\"PropertyValueSpecification\",\"valueRequired\":true,\"valueName\":\"search_term_string\"}}],\"inLanguage\":\"en-GB\"},{\"@type\":\"Organization\",\"@id\":\"https:\/\/www.leathergirl.eu\/#organization\",\"name\":\"A B\u0151r\u00f6s l\u00e1ny\",\"url\":\"https:\/\/www.leathergirl.eu\/\",\"logo\":{\"@type\":\"ImageObject\",\"inLanguage\":\"en-GB\",\"@id\":\"https:\/\/www.leathergirl.eu\/#\/schema\/logo\/image\/\",\"url\":\"https:\/\/www.leathergirl.eu\/wp-content\/uploads\/2024\/05\/leathergirl-logo.png\",\"contentUrl\":\"https:\/\/www.leathergirl.eu\/wp-content\/uploads\/2024\/05\/leathergirl-logo.png\",\"width\":280,\"height\":80,\"caption\":\"A B\u0151r\u00f6s l\u00e1ny\"},\"image\":{\"@id\":\"https:\/\/www.leathergirl.eu\/#\/schema\/logo\/image\/\"},\"sameAs\":[\"https:\/\/www.facebook.com\/aboroslany\/\",\"https:\/\/www.instagram.com\/theleathergirl\/\"],\"email\":\"aboroslany@gmail.com\",\"legalName\":\"Nepp T\u00edmea e.v.\",\"numberOfEmployees\":{\"@type\":\"QuantitativeValue\",\"minValue\":\"1\",\"maxValue\":\"10\"}}]}<\/script>\n<meta property=\"product:price:amount\" content=\"104.40\" \/>\n<meta property=\"product:price:currency\" content=\"EUR\" \/>\n<meta property=\"og:availability\" content=\"instock\" \/>\n<meta property=\"product:availability\" content=\"instock\" \/>\n<meta property=\"product:condition\" content=\"new\" \/>\n<!-- \/ Yoast SEO Premium plugin. -->","yoast_head_json":{"title":"B\u0150R BUGYI - The Furry Girl","robots":{"index":"index","follow":"follow","max-snippet":"max-snippet:-1","max-image-preview":"max-image-preview:large","max-video-preview":"max-video-preview:-1"},"canonical":"https:\/\/www.leathergirl.eu\/en\/product\/wine-panties\/","og_locale":"en_GB","og_type":"article","og_title":"B\u0150R BUGYI","og_description":"A teljes bugyit vajpuha marhab\u0151rb\u0151l k\u00e9sz\u00edtem. Az eleje-r\u00e9szt k\u00e9t r\u00e9tegben, a fels\u0151 r\u00e9teg sz\u00e9l\u00e9t behajtva \u00e1ll\u00edtom \u00f6ssze. A sz\u00edjak h\u00e1rom r\u00e9teg\u0171ek, a hosszuk csattal szab\u00e1lyozhat\u00f3, a der\u00e9k \u00f6v 3 cm sz\u00e9les, az \u00fclepsz\u00edj pedig 2 cm-es.  A h\u00e1mr\u00f3l ITT tal\u00e1lsz inform\u00e1ci\u00f3t.  Modell fot\u00f3: SeinerK photo","og_url":"https:\/\/www.leathergirl.eu\/en\/product\/wine-panties\/","og_site_name":"A B\u0151r\u00f6s l\u00e1ny","article_publisher":"https:\/\/www.facebook.com\/aboroslany\/","article_modified_time":"2026-01-03T15:51:56+00:00","og_image":[{"width":774,"height":600,"url":"https:\/\/www.leathergirl.eu\/wp-content\/uploads\/2025\/04\/k-alul-szoges-bugyi-baban.jpg","type":"image\/jpeg"}],"schema":{"@context":"https:\/\/schema.org","@graph":[{"@type":"WebPage","@id":"https:\/\/www.leathergirl.eu\/product\/bor-bugyi\/","url":"https:\/\/www.leathergirl.eu\/product\/bor-bugyi\/","name":"B\u0150R BUGYI - The Furry Girl","isPartOf":{"@id":"https:\/\/www.leathergirl.eu\/#website"},"primaryImageOfPage":{"@id":"https:\/\/www.leathergirl.eu\/product\/bor-bugyi\/#primaryimage"},"image":{"@id":"https:\/\/www.leathergirl.eu\/product\/bor-bugyi\/#primaryimage"},"thumbnailUrl":"https:\/\/www.leathergirl.eu\/wp-content\/uploads\/2025\/04\/k-alul-szoges-bugyi-baban.jpg","datePublished":"2025-04-14T17:23:44+00:00","dateModified":"2026-01-03T15:51:56+00:00","breadcrumb":{"@id":"https:\/\/www.leathergirl.eu\/product\/bor-bugyi\/#breadcrumb"},"inLanguage":"en-GB","potentialAction":[{"@type":"ReadAction","target":["https:\/\/www.leathergirl.eu\/product\/bor-bugyi\/"]}]},{"@type":"ImageObject","inLanguage":"en-GB","@id":"https:\/\/www.leathergirl.eu\/product\/bor-bugyi\/#primaryimage","url":"https:\/\/www.leathergirl.eu\/wp-content\/uploads\/2025\/04\/k-alul-szoges-bugyi-baban.jpg","contentUrl":"https:\/\/www.leathergirl.eu\/wp-content\/uploads\/2025\/04\/k-alul-szoges-bugyi-baban.jpg","width":774,"height":600},{"@type":"BreadcrumbList","@id":"https:\/\/www.leathergirl.eu\/product\/bor-bugyi\/#breadcrumb","itemListElement":[{"@type":"ListItem","position":1,"name":"Home","item":"https:\/\/www.leathergirl.eu\/"},{"@type":"ListItem","position":2,"name":"Shop","item":"https:\/\/www.leathergirl.eu\/en\/uzlet\/"},{"@type":"ListItem","position":3,"name":"B\u0150R BUGYI"}]},{"@type":"WebSite","@id":"https:\/\/www.leathergirl.eu\/#website","url":"https:\/\/www.leathergirl.eu\/","name":"The Leather Girl","description":"... LeatherGirl ...","publisher":{"@id":"https:\/\/www.leathergirl.eu\/#organization"},"potentialAction":[{"@type":"SearchAction","target":{"@type":"EntryPoint","urlTemplate":"https:\/\/www.leathergirl.eu\/?s={search_term_string}"},"query-input":{"@type":"PropertyValueSpecification","valueRequired":true,"valueName":"search_term_string"}}],"inLanguage":"en-GB"},{"@type":"Organization","@id":"https:\/\/www.leathergirl.eu\/#organization","name":"The Leather Girl","url":"https:\/\/www.leathergirl.eu\/","logo":{"@type":"ImageObject","inLanguage":"en-GB","@id":"https:\/\/www.leathergirl.eu\/#\/schema\/logo\/image\/","url":"https:\/\/www.leathergirl.eu\/wp-content\/uploads\/2024\/05\/leathergirl-logo.png","contentUrl":"https:\/\/www.leathergirl.eu\/wp-content\/uploads\/2024\/05\/leathergirl-logo.png","width":280,"height":80,"caption":"A B\u0151r\u00f6s l\u00e1ny"},"image":{"@id":"https:\/\/www.leathergirl.eu\/#\/schema\/logo\/image\/"},"sameAs":["https:\/\/www.facebook.com\/aboroslany\/","https:\/\/www.instagram.com\/theleathergirl\/"],"email":"aboroslany@gmail.com","legalName":"Nepp T\u00edmea e.v.","numberOfEmployees":{"@type":"QuantitativeValue","minValue":"1","maxValue":"10"}}]},"product_price_amount":"104.40","product_price_currency":"EUR","og_availability":"instock","product_availability":"instock","product_condition":"new"},"_links":{"self":[{"href":"https:\/\/www.leathergirl.eu\/en\/wp-json\/wp\/v2\/product\/262491","targetHints":{"allow":["GET"]}}],"collection":[{"href":"https:\/\/www.leathergirl.eu\/en\/wp-json\/wp\/v2\/product"}],"about":[{"href":"https:\/\/www.leathergirl.eu\/en\/wp-json\/wp\/v2\/types\/product"}],"wp:featuredmedia":[{"embeddable":true,"href":"https:\/\/www.leathergirl.eu\/en\/wp-json\/wp\/v2\/media\/262495"}],"wp:attachment":[{"href":"https:\/\/www.leathergirl.eu\/en\/wp-json\/wp\/v2\/media?parent=262491"}],"wp:term":[{"taxonomy":"product_brand","embeddable":true,"href":"https:\/\/www.leathergirl.eu\/en\/wp-json\/wp\/v2\/product_brand?post=262491"},{"taxonomy":"product_cat","embeddable":true,"href":"https:\/\/www.leathergirl.eu\/en\/wp-json\/wp\/v2\/product_cat?post=262491"},{"taxonomy":"product_tag","embeddable":true,"href":"https:\/\/www.leathergirl.eu\/en\/wp-json\/wp\/v2\/product_tag?post=262491"}],"curies":[{"name":"wp","href":"https:\/\/api.w.org\/{rel}","templated":true}]}}