{"id":262483,"date":"2025-04-14T19:07:58","date_gmt":"2025-04-14T17:07:58","guid":{"rendered":"https:\/\/www.leathergirl.eu\/?post_type=product&#038;p=262483"},"modified":"2026-01-03T16:52:51","modified_gmt":"2026-01-03T15:52:51","slug":"noi-testham-with-thighs","status":"publish","type":"product","link":"https:\/\/www.leathergirl.eu\/en\/product\/noi-testham-with-thighs\/","title":{"rendered":"WOMEN'S BODY HARNESS WITH THIGH STRAPS"},"content":{"rendered":"<p>The straps of this harness are made with medium thick cowhide, lined with soft leather for comfort and durability. They are 2 cm thick and adjustable with buckles. The harness is custom-made for the best fit, so you'll need to provide me some of your measurements after placing your order.<\/p>\n<p>The panties are not part of the harness, they are sold separately. Click <a href=\"https:\/\/www.leathergirl.eu\/product\/bor-bugyi\/\" target=\"_blank\" rel=\"noopener\">HERE<\/a> to view product details.<\/p>\n<p>Pictures by:\u00a0<a href=\"https:\/\/feszekvipstudio.hu\/\" target=\"_blank\" rel=\"noopener\">SeinerK photo<\/a><\/p>","protected":false},"excerpt":{"rendered":"<p>The straps of this harness are made with medium thick cowhide, lined with soft leather for comfort and durability. They are 2 cm thick and adjustable with buckles. The harness is custom-made for the best fit, so you'll need to provide me some of your measurements after placing your order.<\/p>\n<p>The panties are not part of the harness, they are sold separately. Click <a href=\"https:\/\/www.leathergirl.eu\/product\/bor-bugyi\/\" target=\"_blank\" rel=\"noopener\">HERE<\/a> to view product details.<\/p>\n<p>Pictures by:\u00a0<a href=\"https:\/\/feszekvipstudio.hu\/\" target=\"_blank\" rel=\"noopener\">SeinerK photo<\/a><\/p>","protected":false},"featured_media":262489,"template":"","meta":{"_et_pb_use_builder":"","_et_pb_old_content":"","_et_gb_content_width":""},"product_brand":[],"product_cat":[45],"product_tag":[],"class_list":{"0":"post-262483","1":"product","2":"type-product","3":"status-publish","4":"has-post-thumbnail","6":"product_cat-harnesses","8":"first","9":"instock","10":"shipping-taxable","11":"purchasable","12":"product-type-simple"},"yoast_head":"<!-- This site is optimized with the Yoast SEO Premium plugin v26.2 (Yoast SEO v26.3) - https:\/\/yoast.com\/wordpress\/plugins\/seo\/ -->\n<title>N\u0150I TESTH\u00c1M COMBSZ\u00cdJJAL - A B\u0151r\u00f6s l\u00e1ny<\/title>\n<meta name=\"robots\" content=\"index, follow, max-snippet:-1, max-image-preview:large, max-video-preview:-1\" \/>\n<link rel=\"canonical\" href=\"https:\/\/www.leathergirl.eu\/en\/product\/noi-testham-with-thighs\/\" \/>\n<meta property=\"og:locale\" content=\"en_GB\" \/>\n<meta property=\"og:type\" content=\"article\" \/>\n<meta property=\"og:title\" content=\"N\u0150I TESTH\u00c1M COMBSZ\u00cdJJAL\" \/>\n<meta property=\"og:description\" content=\"A h\u00e1m minden sz\u00edj\u00e1t k\u00e9t r\u00e9teg k\u00f6zepesen vastag (kb 1 mm) \u00e9s puha marhab\u0151rb\u0151l k\u00e9sz\u00edtem, 2 cm-es sz\u00e9less\u00e9gben. A hosszukat csattal szab\u00e1lyozhatod. Term\u00e9szetesen ezt a h\u00e1mot is m\u00e9retre k\u00e9sz\u00edtem, \u00edgy ha rendelsz, sz\u00fcks\u00e9gem lesz n\u00e9h\u00e1ny m\u00e9retre.  A bugyi nem r\u00e9sze a h\u00e1mnak, arr\u00f3l ITT tal\u00e1lsz r\u00e9szletesebb inform\u00e1ci\u00f3t.  Fot\u00f3:\u00a0SeinerK photo\" \/>\n<meta property=\"og:url\" content=\"https:\/\/www.leathergirl.eu\/en\/product\/noi-testham-with-thighs\/\" \/>\n<meta property=\"og:site_name\" content=\"A B\u0151r\u00f6s l\u00e1ny\" \/>\n<meta property=\"article:publisher\" content=\"https:\/\/www.facebook.com\/aboroslany\/\" \/>\n<meta property=\"article:modified_time\" content=\"2026-01-03T15:52:51+00:00\" \/>\n<meta property=\"og:image\" content=\"https:\/\/www.leathergirl.eu\/wp-content\/uploads\/2025\/04\/k-_HR22297.jpg\" \/>\n\t<meta property=\"og:image:width\" content=\"534\" \/>\n\t<meta property=\"og:image:height\" content=\"800\" \/>\n\t<meta property=\"og:image:type\" content=\"image\/jpeg\" \/>\n<script type=\"application\/ld+json\" class=\"yoast-schema-graph\">{\"@context\":\"https:\/\/schema.org\",\"@graph\":[{\"@type\":\"WebPage\",\"@id\":\"https:\/\/www.leathergirl.eu\/product\/noi-testham-combszijjal\/\",\"url\":\"https:\/\/www.leathergirl.eu\/product\/noi-testham-combszijjal\/\",\"name\":\"N\u0150I TESTH\u00c1M COMBSZ\u00cdJJAL - A B\u0151r\u00f6s l\u00e1ny\",\"isPartOf\":{\"@id\":\"https:\/\/www.leathergirl.eu\/#website\"},\"primaryImageOfPage\":{\"@id\":\"https:\/\/www.leathergirl.eu\/product\/noi-testham-combszijjal\/#primaryimage\"},\"image\":{\"@id\":\"https:\/\/www.leathergirl.eu\/product\/noi-testham-combszijjal\/#primaryimage\"},\"thumbnailUrl\":\"https:\/\/www.leathergirl.eu\/wp-content\/uploads\/2025\/04\/k-_HR22297.jpg\",\"datePublished\":\"2025-04-14T17:07:58+00:00\",\"dateModified\":\"2026-01-03T15:52:51+00:00\",\"breadcrumb\":{\"@id\":\"https:\/\/www.leathergirl.eu\/product\/noi-testham-combszijjal\/#breadcrumb\"},\"inLanguage\":\"en-GB\",\"potentialAction\":[{\"@type\":\"ReadAction\",\"target\":[\"https:\/\/www.leathergirl.eu\/product\/noi-testham-combszijjal\/\"]}]},{\"@type\":\"ImageObject\",\"inLanguage\":\"en-GB\",\"@id\":\"https:\/\/www.leathergirl.eu\/product\/noi-testham-combszijjal\/#primaryimage\",\"url\":\"https:\/\/www.leathergirl.eu\/wp-content\/uploads\/2025\/04\/k-_HR22297.jpg\",\"contentUrl\":\"https:\/\/www.leathergirl.eu\/wp-content\/uploads\/2025\/04\/k-_HR22297.jpg\",\"width\":534,\"height\":800},{\"@type\":\"BreadcrumbList\",\"@id\":\"https:\/\/www.leathergirl.eu\/product\/noi-testham-combszijjal\/#breadcrumb\",\"itemListElement\":[{\"@type\":\"ListItem\",\"position\":1,\"name\":\"Home\",\"item\":\"https:\/\/www.leathergirl.eu\/\"},{\"@type\":\"ListItem\",\"position\":2,\"name\":\"Shop\",\"item\":\"https:\/\/www.leathergirl.eu\/en\/uzlet\/\"},{\"@type\":\"ListItem\",\"position\":3,\"name\":\"N\u0150I TESTH\u00c1M COMBSZ\u00cdJJAL\"}]},{\"@type\":\"WebSite\",\"@id\":\"https:\/\/www.leathergirl.eu\/#website\",\"url\":\"https:\/\/www.leathergirl.eu\/\",\"name\":\"A B\u0151r\u00f6s l\u00e1ny\",\"description\":\"... LeatherGirl ...\",\"publisher\":{\"@id\":\"https:\/\/www.leathergirl.eu\/#organization\"},\"potentialAction\":[{\"@type\":\"SearchAction\",\"target\":{\"@type\":\"EntryPoint\",\"urlTemplate\":\"https:\/\/www.leathergirl.eu\/?s={search_term_string}\"},\"query-input\":{\"@type\":\"PropertyValueSpecification\",\"valueRequired\":true,\"valueName\":\"search_term_string\"}}],\"inLanguage\":\"en-GB\"},{\"@type\":\"Organization\",\"@id\":\"https:\/\/www.leathergirl.eu\/#organization\",\"name\":\"A B\u0151r\u00f6s l\u00e1ny\",\"url\":\"https:\/\/www.leathergirl.eu\/\",\"logo\":{\"@type\":\"ImageObject\",\"inLanguage\":\"en-GB\",\"@id\":\"https:\/\/www.leathergirl.eu\/#\/schema\/logo\/image\/\",\"url\":\"https:\/\/www.leathergirl.eu\/wp-content\/uploads\/2024\/05\/leathergirl-logo.png\",\"contentUrl\":\"https:\/\/www.leathergirl.eu\/wp-content\/uploads\/2024\/05\/leathergirl-logo.png\",\"width\":280,\"height\":80,\"caption\":\"A B\u0151r\u00f6s l\u00e1ny\"},\"image\":{\"@id\":\"https:\/\/www.leathergirl.eu\/#\/schema\/logo\/image\/\"},\"sameAs\":[\"https:\/\/www.facebook.com\/aboroslany\/\",\"https:\/\/www.instagram.com\/theleathergirl\/\"],\"email\":\"aboroslany@gmail.com\",\"legalName\":\"Nepp T\u00edmea e.v.\",\"numberOfEmployees\":{\"@type\":\"QuantitativeValue\",\"minValue\":\"1\",\"maxValue\":\"10\"}}]}<\/script>\n<meta property=\"product:price:amount\" content=\"161.60\" \/>\n<meta property=\"product:price:currency\" content=\"EUR\" \/>\n<meta property=\"og:availability\" content=\"instock\" \/>\n<meta property=\"product:availability\" content=\"instock\" \/>\n<meta property=\"product:condition\" content=\"new\" \/>\n<!-- \/ Yoast SEO Premium plugin. -->","yoast_head_json":{"title":"WOMEN'S TEST HOUSE WITH COMBOSITE - The Furry Girl","robots":{"index":"index","follow":"follow","max-snippet":"max-snippet:-1","max-image-preview":"max-image-preview:large","max-video-preview":"max-video-preview:-1"},"canonical":"https:\/\/www.leathergirl.eu\/en\/product\/noi-testham-with-thighs\/","og_locale":"en_GB","og_type":"article","og_title":"N\u0150I TESTH\u00c1M COMBSZ\u00cdJJAL","og_description":"A h\u00e1m minden sz\u00edj\u00e1t k\u00e9t r\u00e9teg k\u00f6zepesen vastag (kb 1 mm) \u00e9s puha marhab\u0151rb\u0151l k\u00e9sz\u00edtem, 2 cm-es sz\u00e9less\u00e9gben. A hosszukat csattal szab\u00e1lyozhatod. Term\u00e9szetesen ezt a h\u00e1mot is m\u00e9retre k\u00e9sz\u00edtem, \u00edgy ha rendelsz, sz\u00fcks\u00e9gem lesz n\u00e9h\u00e1ny m\u00e9retre.  A bugyi nem r\u00e9sze a h\u00e1mnak, arr\u00f3l ITT tal\u00e1lsz r\u00e9szletesebb inform\u00e1ci\u00f3t.  Fot\u00f3:\u00a0SeinerK photo","og_url":"https:\/\/www.leathergirl.eu\/en\/product\/noi-testham-with-thighs\/","og_site_name":"A B\u0151r\u00f6s l\u00e1ny","article_publisher":"https:\/\/www.facebook.com\/aboroslany\/","article_modified_time":"2026-01-03T15:52:51+00:00","og_image":[{"width":534,"height":800,"url":"https:\/\/www.leathergirl.eu\/wp-content\/uploads\/2025\/04\/k-_HR22297.jpg","type":"image\/jpeg"}],"schema":{"@context":"https:\/\/schema.org","@graph":[{"@type":"WebPage","@id":"https:\/\/www.leathergirl.eu\/product\/noi-testham-combszijjal\/","url":"https:\/\/www.leathergirl.eu\/product\/noi-testham-combszijjal\/","name":"WOMEN'S TEST HOUSE WITH COMBOSITE - The Furry Girl","isPartOf":{"@id":"https:\/\/www.leathergirl.eu\/#website"},"primaryImageOfPage":{"@id":"https:\/\/www.leathergirl.eu\/product\/noi-testham-combszijjal\/#primaryimage"},"image":{"@id":"https:\/\/www.leathergirl.eu\/product\/noi-testham-combszijjal\/#primaryimage"},"thumbnailUrl":"https:\/\/www.leathergirl.eu\/wp-content\/uploads\/2025\/04\/k-_HR22297.jpg","datePublished":"2025-04-14T17:07:58+00:00","dateModified":"2026-01-03T15:52:51+00:00","breadcrumb":{"@id":"https:\/\/www.leathergirl.eu\/product\/noi-testham-combszijjal\/#breadcrumb"},"inLanguage":"en-GB","potentialAction":[{"@type":"ReadAction","target":["https:\/\/www.leathergirl.eu\/product\/noi-testham-combszijjal\/"]}]},{"@type":"ImageObject","inLanguage":"en-GB","@id":"https:\/\/www.leathergirl.eu\/product\/noi-testham-combszijjal\/#primaryimage","url":"https:\/\/www.leathergirl.eu\/wp-content\/uploads\/2025\/04\/k-_HR22297.jpg","contentUrl":"https:\/\/www.leathergirl.eu\/wp-content\/uploads\/2025\/04\/k-_HR22297.jpg","width":534,"height":800},{"@type":"BreadcrumbList","@id":"https:\/\/www.leathergirl.eu\/product\/noi-testham-combszijjal\/#breadcrumb","itemListElement":[{"@type":"ListItem","position":1,"name":"Home","item":"https:\/\/www.leathergirl.eu\/"},{"@type":"ListItem","position":2,"name":"Shop","item":"https:\/\/www.leathergirl.eu\/en\/uzlet\/"},{"@type":"ListItem","position":3,"name":"N\u0150I TESTH\u00c1M COMBSZ\u00cdJJAL"}]},{"@type":"WebSite","@id":"https:\/\/www.leathergirl.eu\/#website","url":"https:\/\/www.leathergirl.eu\/","name":"The Leather Girl","description":"... LeatherGirl ...","publisher":{"@id":"https:\/\/www.leathergirl.eu\/#organization"},"potentialAction":[{"@type":"SearchAction","target":{"@type":"EntryPoint","urlTemplate":"https:\/\/www.leathergirl.eu\/?s={search_term_string}"},"query-input":{"@type":"PropertyValueSpecification","valueRequired":true,"valueName":"search_term_string"}}],"inLanguage":"en-GB"},{"@type":"Organization","@id":"https:\/\/www.leathergirl.eu\/#organization","name":"The Leather Girl","url":"https:\/\/www.leathergirl.eu\/","logo":{"@type":"ImageObject","inLanguage":"en-GB","@id":"https:\/\/www.leathergirl.eu\/#\/schema\/logo\/image\/","url":"https:\/\/www.leathergirl.eu\/wp-content\/uploads\/2024\/05\/leathergirl-logo.png","contentUrl":"https:\/\/www.leathergirl.eu\/wp-content\/uploads\/2024\/05\/leathergirl-logo.png","width":280,"height":80,"caption":"A B\u0151r\u00f6s l\u00e1ny"},"image":{"@id":"https:\/\/www.leathergirl.eu\/#\/schema\/logo\/image\/"},"sameAs":["https:\/\/www.facebook.com\/aboroslany\/","https:\/\/www.instagram.com\/theleathergirl\/"],"email":"aboroslany@gmail.com","legalName":"Nepp T\u00edmea e.v.","numberOfEmployees":{"@type":"QuantitativeValue","minValue":"1","maxValue":"10"}}]},"product_price_amount":"161.60","product_price_currency":"EUR","og_availability":"instock","product_availability":"instock","product_condition":"new"},"_links":{"self":[{"href":"https:\/\/www.leathergirl.eu\/en\/wp-json\/wp\/v2\/product\/262483","targetHints":{"allow":["GET"]}}],"collection":[{"href":"https:\/\/www.leathergirl.eu\/en\/wp-json\/wp\/v2\/product"}],"about":[{"href":"https:\/\/www.leathergirl.eu\/en\/wp-json\/wp\/v2\/types\/product"}],"wp:featuredmedia":[{"embeddable":true,"href":"https:\/\/www.leathergirl.eu\/en\/wp-json\/wp\/v2\/media\/262489"}],"wp:attachment":[{"href":"https:\/\/www.leathergirl.eu\/en\/wp-json\/wp\/v2\/media?parent=262483"}],"wp:term":[{"taxonomy":"product_brand","embeddable":true,"href":"https:\/\/www.leathergirl.eu\/en\/wp-json\/wp\/v2\/product_brand?post=262483"},{"taxonomy":"product_cat","embeddable":true,"href":"https:\/\/www.leathergirl.eu\/en\/wp-json\/wp\/v2\/product_cat?post=262483"},{"taxonomy":"product_tag","embeddable":true,"href":"https:\/\/www.leathergirl.eu\/en\/wp-json\/wp\/v2\/product_tag?post=262483"}],"curies":[{"name":"wp","href":"https:\/\/api.w.org\/{rel}","templated":true}]}}