{"id":262479,"date":"2025-04-14T18:45:20","date_gmt":"2025-04-14T16:45:20","guid":{"rendered":"https:\/\/www.leathergirl.eu\/?post_type=product&#038;p=262479"},"modified":"2026-01-03T16:53:34","modified_gmt":"2026-01-03T15:53:34","slug":"wine-bra","status":"publish","type":"product","link":"https:\/\/www.leathergirl.eu\/en\/product\/wine-bra\/","title":{"rendered":"LEATHER BRA"},"content":{"rendered":"<p>The straps of the bra are made from two layers of medium-thick (approx 1 mm) soft cowhide and are 2 cm wide. Their length is adjustable with a buckle. For the cups we use a buttery-soft sheepskin folded in the middle at the bottom to create a comfortable fit and a flattering shape. Of course, each piece is made to measure, so when ordering, please include your usual bra size.<\/p>\n<p>View the headgear shown in the pictures <a href=\"https:\/\/www.leathergirl.eu\/product\/fejham-cserelheto-mohawk-reszekkel\/\" target=\"_blank\" rel=\"noopener\">HERE<\/a> .<\/p>\n<p>Pictures by:\u00a0<a href=\"https:\/\/feszekvipstudio.hu\/\" target=\"_blank\" rel=\"noopener\">SeinerK photo<\/a><\/p>","protected":false},"excerpt":{"rendered":"<p>The straps of the bra are made from two layers of medium-thick (approx 1 mm) soft cowhide and are 2 cm wide. Their length is adjustable with a buckle. For the cups we use a buttery-soft sheepskin folded in the middle at the bottom to create a comfortable fit and a flattering shape. Of course, each piece is made to measure, so when ordering, please include your usual bra size.<\/p>\n<p>View the headgear shown in the pictures <a href=\"https:\/\/www.leathergirl.eu\/product\/fejham-cserelheto-mohawk-reszekkel\/\" target=\"_blank\" rel=\"noopener\">HERE<\/a> .<\/p>\n<p>Pictures by:\u00a0<a href=\"https:\/\/feszekvipstudio.hu\/\" target=\"_blank\" rel=\"noopener\">SeinerK photo<\/a><\/p>","protected":false},"featured_media":262482,"template":"","meta":{"_et_pb_use_builder":"","_et_pb_old_content":"","_et_gb_content_width":""},"product_brand":[],"product_cat":[45],"product_tag":[],"class_list":{"0":"post-262479","1":"product","2":"type-product","3":"status-publish","4":"has-post-thumbnail","6":"product_cat-harnesses","8":"first","9":"instock","10":"shipping-taxable","11":"purchasable","12":"product-type-simple"},"yoast_head":"<!-- This site is optimized with the Yoast SEO Premium plugin v26.2 (Yoast SEO v26.3) - https:\/\/yoast.com\/wordpress\/plugins\/seo\/ -->\n<title>B\u0150R MELLTART\u00d3 - A B\u0151r\u00f6s l\u00e1ny<\/title>\n<meta name=\"robots\" content=\"index, follow, max-snippet:-1, max-image-preview:large, max-video-preview:-1\" \/>\n<link rel=\"canonical\" href=\"https:\/\/www.leathergirl.eu\/en\/product\/wine-bra\/\" \/>\n<meta property=\"og:locale\" content=\"en_GB\" \/>\n<meta property=\"og:type\" content=\"article\" \/>\n<meta property=\"og:title\" content=\"B\u0150R MELLTART\u00d3\" \/>\n<meta property=\"og:description\" content=\"A melltart\u00f3 minden sz\u00edj\u00e1t k\u00e9t r\u00e9teg k\u00f6zepesen vastag (kb 1 mm) \u00e9s puha marhab\u0151rb\u0151l k\u00e9sz\u00edtem, 2 cm-es sz\u00e9less\u00e9gben. A hosszukat csattal szab\u00e1lyozhatod. A mell r\u00e9szhez alul k\u00f6z\u00e9pen behajtott vajpuha juhb\u0151rt vassrunk, hogy k\u00e9nyelmes legyen, \u00e9s sz\u00e9pen kiadja a mell form\u00e1j\u00e1t. Term\u00e9szetesen ezt is m\u00e9retre k\u00e9sz\u00edtem, \u00edgy ha rendelsz, sz\u00fcks\u00e9gem lesz az \u00e1ltal\u00e1ban viselt melltart\u00f3d m\u00e9ret\u00e9re.  A k\u00e9peken l\u00e1that\u00f3 fejh\u00e1mot ITT tal\u00e1lod.  Fot\u00f3:\u00a0SeinerK photo\" \/>\n<meta property=\"og:url\" content=\"https:\/\/www.leathergirl.eu\/en\/product\/wine-bra\/\" \/>\n<meta property=\"og:site_name\" content=\"A B\u0151r\u00f6s l\u00e1ny\" \/>\n<meta property=\"article:publisher\" content=\"https:\/\/www.facebook.com\/aboroslany\/\" \/>\n<meta property=\"article:modified_time\" content=\"2026-01-03T15:53:34+00:00\" \/>\n<meta property=\"og:image\" content=\"https:\/\/www.leathergirl.eu\/wp-content\/uploads\/2025\/04\/k-_HR22096-1.jpg\" \/>\n\t<meta property=\"og:image:width\" content=\"534\" \/>\n\t<meta property=\"og:image:height\" content=\"800\" \/>\n\t<meta property=\"og:image:type\" content=\"image\/jpeg\" \/>\n<script type=\"application\/ld+json\" class=\"yoast-schema-graph\">{\"@context\":\"https:\/\/schema.org\",\"@graph\":[{\"@type\":\"WebPage\",\"@id\":\"https:\/\/www.leathergirl.eu\/product\/bor-melltarto\/\",\"url\":\"https:\/\/www.leathergirl.eu\/product\/bor-melltarto\/\",\"name\":\"B\u0150R MELLTART\u00d3 - A B\u0151r\u00f6s l\u00e1ny\",\"isPartOf\":{\"@id\":\"https:\/\/www.leathergirl.eu\/#website\"},\"primaryImageOfPage\":{\"@id\":\"https:\/\/www.leathergirl.eu\/product\/bor-melltarto\/#primaryimage\"},\"image\":{\"@id\":\"https:\/\/www.leathergirl.eu\/product\/bor-melltarto\/#primaryimage\"},\"thumbnailUrl\":\"https:\/\/www.leathergirl.eu\/wp-content\/uploads\/2025\/04\/k-_HR22096-1.jpg\",\"datePublished\":\"2025-04-14T16:45:20+00:00\",\"dateModified\":\"2026-01-03T15:53:34+00:00\",\"breadcrumb\":{\"@id\":\"https:\/\/www.leathergirl.eu\/product\/bor-melltarto\/#breadcrumb\"},\"inLanguage\":\"en-GB\",\"potentialAction\":[{\"@type\":\"ReadAction\",\"target\":[\"https:\/\/www.leathergirl.eu\/product\/bor-melltarto\/\"]}]},{\"@type\":\"ImageObject\",\"inLanguage\":\"en-GB\",\"@id\":\"https:\/\/www.leathergirl.eu\/product\/bor-melltarto\/#primaryimage\",\"url\":\"https:\/\/www.leathergirl.eu\/wp-content\/uploads\/2025\/04\/k-_HR22096-1.jpg\",\"contentUrl\":\"https:\/\/www.leathergirl.eu\/wp-content\/uploads\/2025\/04\/k-_HR22096-1.jpg\",\"width\":534,\"height\":800},{\"@type\":\"BreadcrumbList\",\"@id\":\"https:\/\/www.leathergirl.eu\/product\/bor-melltarto\/#breadcrumb\",\"itemListElement\":[{\"@type\":\"ListItem\",\"position\":1,\"name\":\"Home\",\"item\":\"https:\/\/www.leathergirl.eu\/\"},{\"@type\":\"ListItem\",\"position\":2,\"name\":\"Shop\",\"item\":\"https:\/\/www.leathergirl.eu\/en\/uzlet\/\"},{\"@type\":\"ListItem\",\"position\":3,\"name\":\"B\u0150R MELLTART\u00d3\"}]},{\"@type\":\"WebSite\",\"@id\":\"https:\/\/www.leathergirl.eu\/#website\",\"url\":\"https:\/\/www.leathergirl.eu\/\",\"name\":\"A B\u0151r\u00f6s l\u00e1ny\",\"description\":\"... LeatherGirl ...\",\"publisher\":{\"@id\":\"https:\/\/www.leathergirl.eu\/#organization\"},\"potentialAction\":[{\"@type\":\"SearchAction\",\"target\":{\"@type\":\"EntryPoint\",\"urlTemplate\":\"https:\/\/www.leathergirl.eu\/?s={search_term_string}\"},\"query-input\":{\"@type\":\"PropertyValueSpecification\",\"valueRequired\":true,\"valueName\":\"search_term_string\"}}],\"inLanguage\":\"en-GB\"},{\"@type\":\"Organization\",\"@id\":\"https:\/\/www.leathergirl.eu\/#organization\",\"name\":\"A B\u0151r\u00f6s l\u00e1ny\",\"url\":\"https:\/\/www.leathergirl.eu\/\",\"logo\":{\"@type\":\"ImageObject\",\"inLanguage\":\"en-GB\",\"@id\":\"https:\/\/www.leathergirl.eu\/#\/schema\/logo\/image\/\",\"url\":\"https:\/\/www.leathergirl.eu\/wp-content\/uploads\/2024\/05\/leathergirl-logo.png\",\"contentUrl\":\"https:\/\/www.leathergirl.eu\/wp-content\/uploads\/2024\/05\/leathergirl-logo.png\",\"width\":280,\"height\":80,\"caption\":\"A B\u0151r\u00f6s l\u00e1ny\"},\"image\":{\"@id\":\"https:\/\/www.leathergirl.eu\/#\/schema\/logo\/image\/\"},\"sameAs\":[\"https:\/\/www.facebook.com\/aboroslany\/\",\"https:\/\/www.instagram.com\/theleathergirl\/\"],\"email\":\"aboroslany@gmail.com\",\"legalName\":\"Nepp T\u00edmea e.v.\",\"numberOfEmployees\":{\"@type\":\"QuantitativeValue\",\"minValue\":\"1\",\"maxValue\":\"10\"}}]}<\/script>\n<meta property=\"product:price:amount\" content=\"114.30\" \/>\n<meta property=\"product:price:currency\" content=\"EUR\" \/>\n<meta property=\"og:availability\" content=\"instock\" \/>\n<meta property=\"product:availability\" content=\"instock\" \/>\n<meta property=\"product:condition\" content=\"new\" \/>\n<!-- \/ Yoast SEO Premium plugin. -->","yoast_head_json":{"title":"SKIN HOLDER - The Girl with Skin","robots":{"index":"index","follow":"follow","max-snippet":"max-snippet:-1","max-image-preview":"max-image-preview:large","max-video-preview":"max-video-preview:-1"},"canonical":"https:\/\/www.leathergirl.eu\/en\/product\/wine-bra\/","og_locale":"en_GB","og_type":"article","og_title":"B\u0150R MELLTART\u00d3","og_description":"A melltart\u00f3 minden sz\u00edj\u00e1t k\u00e9t r\u00e9teg k\u00f6zepesen vastag (kb 1 mm) \u00e9s puha marhab\u0151rb\u0151l k\u00e9sz\u00edtem, 2 cm-es sz\u00e9less\u00e9gben. A hosszukat csattal szab\u00e1lyozhatod. A mell r\u00e9szhez alul k\u00f6z\u00e9pen behajtott vajpuha juhb\u0151rt vassrunk, hogy k\u00e9nyelmes legyen, \u00e9s sz\u00e9pen kiadja a mell form\u00e1j\u00e1t. Term\u00e9szetesen ezt is m\u00e9retre k\u00e9sz\u00edtem, \u00edgy ha rendelsz, sz\u00fcks\u00e9gem lesz az \u00e1ltal\u00e1ban viselt melltart\u00f3d m\u00e9ret\u00e9re.  A k\u00e9peken l\u00e1that\u00f3 fejh\u00e1mot ITT tal\u00e1lod.  Fot\u00f3:\u00a0SeinerK photo","og_url":"https:\/\/www.leathergirl.eu\/en\/product\/wine-bra\/","og_site_name":"A B\u0151r\u00f6s l\u00e1ny","article_publisher":"https:\/\/www.facebook.com\/aboroslany\/","article_modified_time":"2026-01-03T15:53:34+00:00","og_image":[{"width":534,"height":800,"url":"https:\/\/www.leathergirl.eu\/wp-content\/uploads\/2025\/04\/k-_HR22096-1.jpg","type":"image\/jpeg"}],"schema":{"@context":"https:\/\/schema.org","@graph":[{"@type":"WebPage","@id":"https:\/\/www.leathergirl.eu\/product\/bor-melltarto\/","url":"https:\/\/www.leathergirl.eu\/product\/bor-melltarto\/","name":"SKIN HOLDER - The Girl with Skin","isPartOf":{"@id":"https:\/\/www.leathergirl.eu\/#website"},"primaryImageOfPage":{"@id":"https:\/\/www.leathergirl.eu\/product\/bor-melltarto\/#primaryimage"},"image":{"@id":"https:\/\/www.leathergirl.eu\/product\/bor-melltarto\/#primaryimage"},"thumbnailUrl":"https:\/\/www.leathergirl.eu\/wp-content\/uploads\/2025\/04\/k-_HR22096-1.jpg","datePublished":"2025-04-14T16:45:20+00:00","dateModified":"2026-01-03T15:53:34+00:00","breadcrumb":{"@id":"https:\/\/www.leathergirl.eu\/product\/bor-melltarto\/#breadcrumb"},"inLanguage":"en-GB","potentialAction":[{"@type":"ReadAction","target":["https:\/\/www.leathergirl.eu\/product\/bor-melltarto\/"]}]},{"@type":"ImageObject","inLanguage":"en-GB","@id":"https:\/\/www.leathergirl.eu\/product\/bor-melltarto\/#primaryimage","url":"https:\/\/www.leathergirl.eu\/wp-content\/uploads\/2025\/04\/k-_HR22096-1.jpg","contentUrl":"https:\/\/www.leathergirl.eu\/wp-content\/uploads\/2025\/04\/k-_HR22096-1.jpg","width":534,"height":800},{"@type":"BreadcrumbList","@id":"https:\/\/www.leathergirl.eu\/product\/bor-melltarto\/#breadcrumb","itemListElement":[{"@type":"ListItem","position":1,"name":"Home","item":"https:\/\/www.leathergirl.eu\/"},{"@type":"ListItem","position":2,"name":"Shop","item":"https:\/\/www.leathergirl.eu\/en\/uzlet\/"},{"@type":"ListItem","position":3,"name":"B\u0150R MELLTART\u00d3"}]},{"@type":"WebSite","@id":"https:\/\/www.leathergirl.eu\/#website","url":"https:\/\/www.leathergirl.eu\/","name":"The Leather Girl","description":"... LeatherGirl ...","publisher":{"@id":"https:\/\/www.leathergirl.eu\/#organization"},"potentialAction":[{"@type":"SearchAction","target":{"@type":"EntryPoint","urlTemplate":"https:\/\/www.leathergirl.eu\/?s={search_term_string}"},"query-input":{"@type":"PropertyValueSpecification","valueRequired":true,"valueName":"search_term_string"}}],"inLanguage":"en-GB"},{"@type":"Organization","@id":"https:\/\/www.leathergirl.eu\/#organization","name":"The Leather Girl","url":"https:\/\/www.leathergirl.eu\/","logo":{"@type":"ImageObject","inLanguage":"en-GB","@id":"https:\/\/www.leathergirl.eu\/#\/schema\/logo\/image\/","url":"https:\/\/www.leathergirl.eu\/wp-content\/uploads\/2024\/05\/leathergirl-logo.png","contentUrl":"https:\/\/www.leathergirl.eu\/wp-content\/uploads\/2024\/05\/leathergirl-logo.png","width":280,"height":80,"caption":"A B\u0151r\u00f6s l\u00e1ny"},"image":{"@id":"https:\/\/www.leathergirl.eu\/#\/schema\/logo\/image\/"},"sameAs":["https:\/\/www.facebook.com\/aboroslany\/","https:\/\/www.instagram.com\/theleathergirl\/"],"email":"aboroslany@gmail.com","legalName":"Nepp T\u00edmea e.v.","numberOfEmployees":{"@type":"QuantitativeValue","minValue":"1","maxValue":"10"}}]},"product_price_amount":"114.30","product_price_currency":"EUR","og_availability":"instock","product_availability":"instock","product_condition":"new"},"_links":{"self":[{"href":"https:\/\/www.leathergirl.eu\/en\/wp-json\/wp\/v2\/product\/262479","targetHints":{"allow":["GET"]}}],"collection":[{"href":"https:\/\/www.leathergirl.eu\/en\/wp-json\/wp\/v2\/product"}],"about":[{"href":"https:\/\/www.leathergirl.eu\/en\/wp-json\/wp\/v2\/types\/product"}],"wp:featuredmedia":[{"embeddable":true,"href":"https:\/\/www.leathergirl.eu\/en\/wp-json\/wp\/v2\/media\/262482"}],"wp:attachment":[{"href":"https:\/\/www.leathergirl.eu\/en\/wp-json\/wp\/v2\/media?parent=262479"}],"wp:term":[{"taxonomy":"product_brand","embeddable":true,"href":"https:\/\/www.leathergirl.eu\/en\/wp-json\/wp\/v2\/product_brand?post=262479"},{"taxonomy":"product_cat","embeddable":true,"href":"https:\/\/www.leathergirl.eu\/en\/wp-json\/wp\/v2\/product_cat?post=262479"},{"taxonomy":"product_tag","embeddable":true,"href":"https:\/\/www.leathergirl.eu\/en\/wp-json\/wp\/v2\/product_tag?post=262479"}],"curies":[{"name":"wp","href":"https:\/\/api.w.org\/{rel}","templated":true}]}}