{"id":262447,"date":"2025-04-14T17:58:00","date_gmt":"2025-04-14T15:58:00","guid":{"rendered":"https:\/\/www.leathergirl.eu\/?post_type=product&#038;p=262447"},"modified":"2026-01-03T15:51:45","modified_gmt":"2026-01-03T14:51:45","slug":"heads-can-be-replaced-with-mohawk-files","status":"publish","type":"product","link":"https:\/\/www.leathergirl.eu\/en\/product\/heads-can-be-replaced-with-mohawk-files\/","title":{"rendered":"HEADGEAR WITH INTERCHANGEABLE MOHAWK PARTS"},"content":{"rendered":"<p>Each strap of this headband is made from two layers of cowhide leather\u2014the outer layer is strong and 1.5\u20132 mm thick, while the inner layer is soft yet durable for comfortable wear. Each strap is 3 cm wide and adjustable with a buckle.\n\nA special feature of this piece is the customizable top section\u2014spiked elements that you can swap in and out as you like, attaching them securely to the headband with a buckle.<\/p>\n<p>The mohawk parts in the pictures:<\/p>\n<ul>\n<li>55 mm high spikes<\/li>\n<li>26 mm high round profile curved spike<\/li>\n<li>angular profile curved spike<\/li>\n<li>black leather pony-mane<\/li>\n<\/ul>\n<p>You can also choose other types of spikes. I recommend you to visit <a href=\"https:\/\/www.leathergirl.eu\/product\/tuskes-nyakbavalok\/\" target=\"_blank\" rel=\"noopener\">my necklaces<\/a>, where you can find all available spike shapes.<\/p>\n<p>You can order in a variety of leather colours such as black, white, white patent, red, brown...<\/p>\n<p><strong>The price includes 3 different mohawk parts.<\/strong> If you want a different type or a spiked collar in addition, please ask for a quote.<br \/>\nThe price of the headdress with one mohawk part: 123\u20ac.<\/p>\n<p>Pictures by:\u00a0<a href=\"https:\/\/feszekvipstudio.hu\/\" target=\"_blank\" rel=\"noopener\">Seiner photo<\/a><\/p>","protected":false},"excerpt":{"rendered":"<p>Each strap of this headband is made from two layers of cowhide leather\u2014the outer layer is strong and 1.5\u20132 mm thick, while the inner layer is soft yet durable for comfortable wear. Each strap is 3 cm wide and adjustable with a buckle.\n\nA special feature of this piece is the customizable top section\u2014spiked elements that you can swap in and out as you like, attaching them securely to the headband with a buckle.<\/p>\n<p>The mohawk parts in the pictures:<\/p>\n<ul>\n<li>55 mm high spikes<\/li>\n<li>26 mm high round profile curved spike<\/li>\n<li>angular profile curved spike<\/li>\n<li>black leather pony-mane<\/li>\n<\/ul>\n<p>You can also choose other types of spikes. I recommend you to visit <a href=\"https:\/\/www.leathergirl.eu\/product\/tuskes-nyakbavalok\/\" target=\"_blank\" rel=\"noopener\">my necklaces<\/a>, where you can find all available spike shapes.<\/p>\n<p>You can order in a variety of leather colours such as black, white, white patent, red, brown...<\/p>\n<p><strong>The price includes 3 different mohawk parts.<\/strong> If you want a different type or a spiked collar in addition, please ask for a quote.<br \/>\nThe price of the headdress with one mohawk part: 123\u20ac.<\/p>\n<p>Pictures by:\u00a0<a href=\"https:\/\/feszekvipstudio.hu\/\" target=\"_blank\" rel=\"noopener\">Seiner photo<\/a><\/p>","protected":false},"featured_media":262455,"template":"","meta":{"_et_pb_use_builder":"","_et_pb_old_content":"","_et_gb_content_width":""},"product_brand":[],"product_cat":[44,22],"product_tag":[],"class_list":{"0":"post-262447","1":"product","2":"type-product","3":"status-publish","4":"has-post-thumbnail","6":"product_cat-buszkesegeim","7":"product_cat-fejhamok","9":"first","10":"instock","11":"shipping-taxable","12":"purchasable","13":"product-type-simple"},"yoast_head":"<!-- This site is optimized with the Yoast SEO Premium plugin v26.2 (Yoast SEO v26.3) - https:\/\/yoast.com\/wordpress\/plugins\/seo\/ -->\n<title>FEJH\u00c1M CSER\u00c9LHET\u0150 MOHAWK R\u00c9SZEKKEL - A B\u0151r\u00f6s l\u00e1ny<\/title>\n<meta name=\"robots\" content=\"index, follow, max-snippet:-1, max-image-preview:large, max-video-preview:-1\" \/>\n<link rel=\"canonical\" href=\"https:\/\/www.leathergirl.eu\/en\/product\/heads-can-be-replaced-with-mohawk-files\/\" \/>\n<meta property=\"og:locale\" content=\"en_GB\" \/>\n<meta property=\"og:type\" content=\"article\" \/>\n<meta property=\"og:title\" content=\"FEJH\u00c1M CSER\u00c9LHET\u0150 MOHAWK R\u00c9SZEKKEL\" \/>\n<meta property=\"og:description\" content=\"Ennek a fejh\u00e1mnak minden sz\u00edj\u00e1t k\u00e9t r\u00e9teg marhab\u0151rb\u0151l k\u00e9sz\u00edtem, melyb\u0151l a k\u00fcls\u0151 r\u00e9teg 1,5-2 mm vastag, er\u0151s marhab\u0151r, a bels\u0151 pedig puha, de szint\u00e9n er\u0151s. Minden sz\u00edj 3 cm sz\u00e9les, a hosszukat csattal szab\u00e1lyozhatod. A k\u00fcl\u00f6nlegess\u00e9g\u00e9t a fejtet\u0151n v\u00e9gigfut\u00f3, cser\u00e9lhet\u0151 r\u00e9szek adj\u00e1k, melyeket er\u0151s patenttal r\u00f6gz\u00edthetsz a fejh\u00e1mhoz.  A k\u00e9peken szerepl\u0151 mohawk r\u00e9szek:   55 mm magas t\u00fcske  26 mm magas kerek profil\u00fa g\u00f6rbe t\u00fcske  sz\u00f6gletes profil\u00fa g\u00f6rbe t\u00fcske  fekete b\u0151rb\u0151l pony-s\u00f6r\u00e9ny  V\u00e1laszthatsz m\u00e1sfajta t\u00fcsk\u00e9ket is. Aj\u00e1nlom figyelmedbe a nyakbaval\u00f3imat, ahol minden el\u00e9rhet\u0151 t\u00fcske form\u00e1t megtal\u00e1lsz.  T\u00f6bbf\u00e9le sz\u00edn\u0171 b\u0151rb\u0151l is rendelheted, p\u00e9ld\u00e1ul fekete, feh\u00e9r, feh\u00e9r lakk, piros, barna...  Az \u00e1r 3 db k\u00fcl\u00f6nb\u00f6z\u0151 mohawk r\u00e9szt tartalmaz. Ha szeretn\u00e9l hozz\u00e1 m\u00e1s fajt\u00e1t, vagy azonos t\u00fcsk\u00e9s nyak\u00f6rvet, k\u00e9rj \u00e1raj\u00e1latot. A fejh\u00e1m \u00e1ra egyf\u00e9le mohawk r\u00e9sszel: 44.900 Ft.  Modell fot\u00f3:\u00a0Seiner Photo\" \/>\n<meta property=\"og:url\" content=\"https:\/\/www.leathergirl.eu\/en\/product\/heads-can-be-replaced-with-mohawk-files\/\" \/>\n<meta property=\"og:site_name\" content=\"A B\u0151r\u00f6s l\u00e1ny\" \/>\n<meta property=\"article:publisher\" content=\"https:\/\/www.facebook.com\/aboroslany\/\" \/>\n<meta property=\"article:modified_time\" content=\"2026-01-03T14:51:45+00:00\" \/>\n<meta property=\"og:image\" content=\"https:\/\/www.leathergirl.eu\/wp-content\/uploads\/2025\/04\/k-_HR22113.jpg\" \/>\n\t<meta property=\"og:image:width\" content=\"800\" \/>\n\t<meta property=\"og:image:height\" content=\"534\" \/>\n\t<meta property=\"og:image:type\" content=\"image\/jpeg\" \/>\n<script type=\"application\/ld+json\" class=\"yoast-schema-graph\">{\"@context\":\"https:\/\/schema.org\",\"@graph\":[{\"@type\":\"WebPage\",\"@id\":\"https:\/\/www.leathergirl.eu\/product\/fejham-cserelheto-mohawk-reszekkel\/\",\"url\":\"https:\/\/www.leathergirl.eu\/product\/fejham-cserelheto-mohawk-reszekkel\/\",\"name\":\"FEJH\u00c1M CSER\u00c9LHET\u0150 MOHAWK R\u00c9SZEKKEL - A B\u0151r\u00f6s l\u00e1ny\",\"isPartOf\":{\"@id\":\"https:\/\/www.leathergirl.eu\/#website\"},\"primaryImageOfPage\":{\"@id\":\"https:\/\/www.leathergirl.eu\/product\/fejham-cserelheto-mohawk-reszekkel\/#primaryimage\"},\"image\":{\"@id\":\"https:\/\/www.leathergirl.eu\/product\/fejham-cserelheto-mohawk-reszekkel\/#primaryimage\"},\"thumbnailUrl\":\"https:\/\/www.leathergirl.eu\/wp-content\/uploads\/2025\/04\/k-_HR22113.jpg\",\"datePublished\":\"2025-04-14T15:58:00+00:00\",\"dateModified\":\"2026-01-03T14:51:45+00:00\",\"breadcrumb\":{\"@id\":\"https:\/\/www.leathergirl.eu\/product\/fejham-cserelheto-mohawk-reszekkel\/#breadcrumb\"},\"inLanguage\":\"en-GB\",\"potentialAction\":[{\"@type\":\"ReadAction\",\"target\":[\"https:\/\/www.leathergirl.eu\/product\/fejham-cserelheto-mohawk-reszekkel\/\"]}]},{\"@type\":\"ImageObject\",\"inLanguage\":\"en-GB\",\"@id\":\"https:\/\/www.leathergirl.eu\/product\/fejham-cserelheto-mohawk-reszekkel\/#primaryimage\",\"url\":\"https:\/\/www.leathergirl.eu\/wp-content\/uploads\/2025\/04\/k-_HR22113.jpg\",\"contentUrl\":\"https:\/\/www.leathergirl.eu\/wp-content\/uploads\/2025\/04\/k-_HR22113.jpg\",\"width\":800,\"height\":534},{\"@type\":\"BreadcrumbList\",\"@id\":\"https:\/\/www.leathergirl.eu\/product\/fejham-cserelheto-mohawk-reszekkel\/#breadcrumb\",\"itemListElement\":[{\"@type\":\"ListItem\",\"position\":1,\"name\":\"Home\",\"item\":\"https:\/\/www.leathergirl.eu\/\"},{\"@type\":\"ListItem\",\"position\":2,\"name\":\"Shop\",\"item\":\"https:\/\/www.leathergirl.eu\/en\/uzlet\/\"},{\"@type\":\"ListItem\",\"position\":3,\"name\":\"FEJH\u00c1M CSER\u00c9LHET\u0150 MOHAWK R\u00c9SZEKKEL\"}]},{\"@type\":\"WebSite\",\"@id\":\"https:\/\/www.leathergirl.eu\/#website\",\"url\":\"https:\/\/www.leathergirl.eu\/\",\"name\":\"A B\u0151r\u00f6s l\u00e1ny\",\"description\":\"... LeatherGirl ...\",\"publisher\":{\"@id\":\"https:\/\/www.leathergirl.eu\/#organization\"},\"potentialAction\":[{\"@type\":\"SearchAction\",\"target\":{\"@type\":\"EntryPoint\",\"urlTemplate\":\"https:\/\/www.leathergirl.eu\/?s={search_term_string}\"},\"query-input\":{\"@type\":\"PropertyValueSpecification\",\"valueRequired\":true,\"valueName\":\"search_term_string\"}}],\"inLanguage\":\"en-GB\"},{\"@type\":\"Organization\",\"@id\":\"https:\/\/www.leathergirl.eu\/#organization\",\"name\":\"A B\u0151r\u00f6s l\u00e1ny\",\"url\":\"https:\/\/www.leathergirl.eu\/\",\"logo\":{\"@type\":\"ImageObject\",\"inLanguage\":\"en-GB\",\"@id\":\"https:\/\/www.leathergirl.eu\/#\/schema\/logo\/image\/\",\"url\":\"https:\/\/www.leathergirl.eu\/wp-content\/uploads\/2024\/05\/leathergirl-logo.png\",\"contentUrl\":\"https:\/\/www.leathergirl.eu\/wp-content\/uploads\/2024\/05\/leathergirl-logo.png\",\"width\":280,\"height\":80,\"caption\":\"A B\u0151r\u00f6s l\u00e1ny\"},\"image\":{\"@id\":\"https:\/\/www.leathergirl.eu\/#\/schema\/logo\/image\/\"},\"sameAs\":[\"https:\/\/www.facebook.com\/aboroslany\/\",\"https:\/\/www.instagram.com\/theleathergirl\/\"],\"email\":\"aboroslany@gmail.com\",\"legalName\":\"Nepp T\u00edmea e.v.\",\"numberOfEmployees\":{\"@type\":\"QuantitativeValue\",\"minValue\":\"1\",\"maxValue\":\"10\"}}]}<\/script>\n<meta property=\"product:price:amount\" content=\"230.00\" \/>\n<meta property=\"product:price:currency\" content=\"EUR\" \/>\n<meta property=\"og:availability\" content=\"instock\" \/>\n<meta property=\"product:availability\" content=\"instock\" \/>\n<meta property=\"product:condition\" content=\"new\" \/>\n<!-- \/ Yoast SEO Premium plugin. -->","yoast_head_json":{"title":"HEAD WITH POSSIBLE MOHAWK PARTS - The Furry Girl","robots":{"index":"index","follow":"follow","max-snippet":"max-snippet:-1","max-image-preview":"max-image-preview:large","max-video-preview":"max-video-preview:-1"},"canonical":"https:\/\/www.leathergirl.eu\/en\/product\/heads-can-be-replaced-with-mohawk-files\/","og_locale":"en_GB","og_type":"article","og_title":"FEJH\u00c1M CSER\u00c9LHET\u0150 MOHAWK R\u00c9SZEKKEL","og_description":"Ennek a fejh\u00e1mnak minden sz\u00edj\u00e1t k\u00e9t r\u00e9teg marhab\u0151rb\u0151l k\u00e9sz\u00edtem, melyb\u0151l a k\u00fcls\u0151 r\u00e9teg 1,5-2 mm vastag, er\u0151s marhab\u0151r, a bels\u0151 pedig puha, de szint\u00e9n er\u0151s. Minden sz\u00edj 3 cm sz\u00e9les, a hosszukat csattal szab\u00e1lyozhatod. A k\u00fcl\u00f6nlegess\u00e9g\u00e9t a fejtet\u0151n v\u00e9gigfut\u00f3, cser\u00e9lhet\u0151 r\u00e9szek adj\u00e1k, melyeket er\u0151s patenttal r\u00f6gz\u00edthetsz a fejh\u00e1mhoz.  A k\u00e9peken szerepl\u0151 mohawk r\u00e9szek:   55 mm magas t\u00fcske  26 mm magas kerek profil\u00fa g\u00f6rbe t\u00fcske  sz\u00f6gletes profil\u00fa g\u00f6rbe t\u00fcske  fekete b\u0151rb\u0151l pony-s\u00f6r\u00e9ny  V\u00e1laszthatsz m\u00e1sfajta t\u00fcsk\u00e9ket is. Aj\u00e1nlom figyelmedbe a nyakbaval\u00f3imat, ahol minden el\u00e9rhet\u0151 t\u00fcske form\u00e1t megtal\u00e1lsz.  T\u00f6bbf\u00e9le sz\u00edn\u0171 b\u0151rb\u0151l is rendelheted, p\u00e9ld\u00e1ul fekete, feh\u00e9r, feh\u00e9r lakk, piros, barna...  Az \u00e1r 3 db k\u00fcl\u00f6nb\u00f6z\u0151 mohawk r\u00e9szt tartalmaz. Ha szeretn\u00e9l hozz\u00e1 m\u00e1s fajt\u00e1t, vagy azonos t\u00fcsk\u00e9s nyak\u00f6rvet, k\u00e9rj \u00e1raj\u00e1latot. A fejh\u00e1m \u00e1ra egyf\u00e9le mohawk r\u00e9sszel: 44.900 Ft.  Modell fot\u00f3:\u00a0Seiner Photo","og_url":"https:\/\/www.leathergirl.eu\/en\/product\/heads-can-be-replaced-with-mohawk-files\/","og_site_name":"A B\u0151r\u00f6s l\u00e1ny","article_publisher":"https:\/\/www.facebook.com\/aboroslany\/","article_modified_time":"2026-01-03T14:51:45+00:00","og_image":[{"width":800,"height":534,"url":"https:\/\/www.leathergirl.eu\/wp-content\/uploads\/2025\/04\/k-_HR22113.jpg","type":"image\/jpeg"}],"schema":{"@context":"https:\/\/schema.org","@graph":[{"@type":"WebPage","@id":"https:\/\/www.leathergirl.eu\/product\/fejham-cserelheto-mohawk-reszekkel\/","url":"https:\/\/www.leathergirl.eu\/product\/fejham-cserelheto-mohawk-reszekkel\/","name":"HEAD WITH POSSIBLE MOHAWK PARTS - The Furry Girl","isPartOf":{"@id":"https:\/\/www.leathergirl.eu\/#website"},"primaryImageOfPage":{"@id":"https:\/\/www.leathergirl.eu\/product\/fejham-cserelheto-mohawk-reszekkel\/#primaryimage"},"image":{"@id":"https:\/\/www.leathergirl.eu\/product\/fejham-cserelheto-mohawk-reszekkel\/#primaryimage"},"thumbnailUrl":"https:\/\/www.leathergirl.eu\/wp-content\/uploads\/2025\/04\/k-_HR22113.jpg","datePublished":"2025-04-14T15:58:00+00:00","dateModified":"2026-01-03T14:51:45+00:00","breadcrumb":{"@id":"https:\/\/www.leathergirl.eu\/product\/fejham-cserelheto-mohawk-reszekkel\/#breadcrumb"},"inLanguage":"en-GB","potentialAction":[{"@type":"ReadAction","target":["https:\/\/www.leathergirl.eu\/product\/fejham-cserelheto-mohawk-reszekkel\/"]}]},{"@type":"ImageObject","inLanguage":"en-GB","@id":"https:\/\/www.leathergirl.eu\/product\/fejham-cserelheto-mohawk-reszekkel\/#primaryimage","url":"https:\/\/www.leathergirl.eu\/wp-content\/uploads\/2025\/04\/k-_HR22113.jpg","contentUrl":"https:\/\/www.leathergirl.eu\/wp-content\/uploads\/2025\/04\/k-_HR22113.jpg","width":800,"height":534},{"@type":"BreadcrumbList","@id":"https:\/\/www.leathergirl.eu\/product\/fejham-cserelheto-mohawk-reszekkel\/#breadcrumb","itemListElement":[{"@type":"ListItem","position":1,"name":"Home","item":"https:\/\/www.leathergirl.eu\/"},{"@type":"ListItem","position":2,"name":"Shop","item":"https:\/\/www.leathergirl.eu\/en\/uzlet\/"},{"@type":"ListItem","position":3,"name":"FEJH\u00c1M CSER\u00c9LHET\u0150 MOHAWK R\u00c9SZEKKEL"}]},{"@type":"WebSite","@id":"https:\/\/www.leathergirl.eu\/#website","url":"https:\/\/www.leathergirl.eu\/","name":"The Leather Girl","description":"... LeatherGirl ...","publisher":{"@id":"https:\/\/www.leathergirl.eu\/#organization"},"potentialAction":[{"@type":"SearchAction","target":{"@type":"EntryPoint","urlTemplate":"https:\/\/www.leathergirl.eu\/?s={search_term_string}"},"query-input":{"@type":"PropertyValueSpecification","valueRequired":true,"valueName":"search_term_string"}}],"inLanguage":"en-GB"},{"@type":"Organization","@id":"https:\/\/www.leathergirl.eu\/#organization","name":"The Leather Girl","url":"https:\/\/www.leathergirl.eu\/","logo":{"@type":"ImageObject","inLanguage":"en-GB","@id":"https:\/\/www.leathergirl.eu\/#\/schema\/logo\/image\/","url":"https:\/\/www.leathergirl.eu\/wp-content\/uploads\/2024\/05\/leathergirl-logo.png","contentUrl":"https:\/\/www.leathergirl.eu\/wp-content\/uploads\/2024\/05\/leathergirl-logo.png","width":280,"height":80,"caption":"A B\u0151r\u00f6s l\u00e1ny"},"image":{"@id":"https:\/\/www.leathergirl.eu\/#\/schema\/logo\/image\/"},"sameAs":["https:\/\/www.facebook.com\/aboroslany\/","https:\/\/www.instagram.com\/theleathergirl\/"],"email":"aboroslany@gmail.com","legalName":"Nepp T\u00edmea e.v.","numberOfEmployees":{"@type":"QuantitativeValue","minValue":"1","maxValue":"10"}}]},"product_price_amount":"230.00","product_price_currency":"EUR","og_availability":"instock","product_availability":"instock","product_condition":"new"},"_links":{"self":[{"href":"https:\/\/www.leathergirl.eu\/en\/wp-json\/wp\/v2\/product\/262447","targetHints":{"allow":["GET"]}}],"collection":[{"href":"https:\/\/www.leathergirl.eu\/en\/wp-json\/wp\/v2\/product"}],"about":[{"href":"https:\/\/www.leathergirl.eu\/en\/wp-json\/wp\/v2\/types\/product"}],"wp:featuredmedia":[{"embeddable":true,"href":"https:\/\/www.leathergirl.eu\/en\/wp-json\/wp\/v2\/media\/262455"}],"wp:attachment":[{"href":"https:\/\/www.leathergirl.eu\/en\/wp-json\/wp\/v2\/media?parent=262447"}],"wp:term":[{"taxonomy":"product_brand","embeddable":true,"href":"https:\/\/www.leathergirl.eu\/en\/wp-json\/wp\/v2\/product_brand?post=262447"},{"taxonomy":"product_cat","embeddable":true,"href":"https:\/\/www.leathergirl.eu\/en\/wp-json\/wp\/v2\/product_cat?post=262447"},{"taxonomy":"product_tag","embeddable":true,"href":"https:\/\/www.leathergirl.eu\/en\/wp-json\/wp\/v2\/product_tag?post=262447"}],"curies":[{"name":"wp","href":"https:\/\/api.w.org\/{rel}","templated":true}]}}