{"id":262441,"date":"2025-04-14T17:33:25","date_gmt":"2025-04-14T15:33:25","guid":{"rendered":"https:\/\/www.leathergirl.eu\/?post_type=product&#038;p=262441"},"modified":"2026-01-03T16:54:25","modified_gmt":"2026-01-03T15:54:25","slug":"sarkanygerinc-ham-karhammal","status":"publish","type":"product","link":"https:\/\/www.leathergirl.eu\/en\/product\/sarkanygerinc-ham-karhammal\/","title":{"rendered":"DRAGON SPINE HARNESS WITH ARM HARNESS"},"content":{"rendered":"<p>Each strap of this striking harness set is crafted from two layers of cowhide leather. The outer layer is strong and 1.5\u20132 mm thick, while the inner layer is soft yet durable for comfortable wear.\n\nThe straps running along the back and down the arms are 4 cm wide, while the shoulder, body, and arm straps measure 3 cm wide and feature adjustable buckles for a customized fit.<br \/>\nThe 13 half-rings on the spine and the 5 on each arm are 3 cm wide and fully welded. In addition to their striking appearance, they offer a variety of options for attachment and restraint.<br \/>\nThe two harnesses can also be worn separately, as the connecting straps are fully removable.<br \/>\nYou can also order them separately. The body harness\u00a0<a href=\"https:\/\/www.leathergirl.eu\/product\/ham-sarkanygerinccel\/\" target=\"_blank\" rel=\"noopener\">HERE<\/a>, and the arm harness\u00a0<a href=\"https:\/\/www.leathergirl.eu\/product\/karkotozo-szijakbol\/\" target=\"_blank\" rel=\"noopener\">HERE<\/a>.<br \/>\nAbout the iguana harness <a href=\"https:\/\/www.leathergirl.eu\/product\/leguan-ham-mellkasra-es-karra\/\" target=\"_blank\" rel=\"noopener\">HERE<\/a> find out more.<\/p>\n<p>Pictures by:\u00a0<a href=\"https:\/\/feszekvipstudio.hu\/\" target=\"_blank\" rel=\"noopener\">Seiner photo<\/a><\/p>","protected":false},"excerpt":{"rendered":"<p>Each strap of this striking harness set is crafted from two layers of cowhide leather. The outer layer is strong and 1.5\u20132 mm thick, while the inner layer is soft yet durable for comfortable wear.\n\nThe straps running along the back and down the arms are 4 cm wide, while the shoulder, body, and arm straps measure 3 cm wide and feature adjustable buckles for a customized fit.<br \/>\nThe 13 half-rings on the spine and the 5 on each arm are 3 cm wide and fully welded. In addition to their striking appearance, they offer a variety of options for attachment and restraint.<br \/>\nThe two harnesses can also be worn separately, as the connecting straps are fully removable.<br \/>\nYou can also order them separately. The body harness\u00a0<a href=\"https:\/\/www.leathergirl.eu\/product\/ham-sarkanygerinccel\/\" target=\"_blank\" rel=\"noopener\">HERE<\/a>, and the arm harness\u00a0<a href=\"https:\/\/www.leathergirl.eu\/product\/karkotozo-szijakbol\/\" target=\"_blank\" rel=\"noopener\">HERE<\/a>.<br \/>\nAbout the iguana harness <a href=\"https:\/\/www.leathergirl.eu\/product\/leguan-ham-mellkasra-es-karra\/\" target=\"_blank\" rel=\"noopener\">HERE<\/a> find out more.<\/p>\n<p>Pictures by:\u00a0<a href=\"https:\/\/feszekvipstudio.hu\/\" target=\"_blank\" rel=\"noopener\">Seiner photo<\/a><\/p>","protected":false},"featured_media":262444,"template":"","meta":{"_et_pb_use_builder":"","_et_pb_old_content":"","_et_gb_content_width":""},"product_brand":[],"product_cat":[45],"product_tag":[],"class_list":{"0":"post-262441","1":"product","2":"type-product","3":"status-publish","4":"has-post-thumbnail","6":"product_cat-harnesses","8":"first","9":"instock","10":"shipping-taxable","11":"purchasable","12":"product-type-simple"},"yoast_head":"<!-- This site is optimized with the Yoast SEO Premium plugin v26.2 (Yoast SEO v26.3) - https:\/\/yoast.com\/wordpress\/plugins\/seo\/ -->\n<title>S\u00c1RK\u00c1NYGERINC H\u00c1M KARH\u00c1MMAL - A B\u0151r\u00f6s l\u00e1ny<\/title>\n<meta name=\"robots\" content=\"index, follow, max-snippet:-1, max-image-preview:large, max-video-preview:-1\" \/>\n<link rel=\"canonical\" href=\"https:\/\/www.leathergirl.eu\/en\/product\/sarkanygerinc-ham-karhammal\/\" \/>\n<meta property=\"og:locale\" content=\"en_GB\" \/>\n<meta property=\"og:type\" content=\"article\" \/>\n<meta property=\"og:title\" content=\"S\u00c1RK\u00c1NYGERINC H\u00c1M KARH\u00c1MMAL\" \/>\n<meta property=\"og:description\" content=\"A mutat\u00f3s h\u00e1m-kombin\u00e1ci\u00f3 minden sz\u00edja k\u00e9t r\u00e9teg marhab\u0151rb\u0151l k\u00e9sz\u00fcl, melyb\u0151l a k\u00fcls\u0151 r\u00e9teg 1,5-2 mm vastag, er\u0151s marhab\u0151r, a bels\u0151 pedig puha, de szint\u00e9n er\u0151s. A gerincvonaln\u00e1l \u00e9s a karon v\u00e9gigh\u00faz\u00f3d\u00f3 sz\u00edjak 4 cm sz\u00e9lesek, a v\u00e1ll-, test- \u00e9s karsz\u00edjak 3 cm sz\u00e9lesek; ut\u00f3bbiak hossz\u00e1t csattal szab\u00e1lyozhatod. A gerincvonalon l\u00e9v\u0151 13 db, \u00e9s a karokon l\u00e9v\u0151 5-5 db f\u00e9lkarika 3 cm sz\u00e9les, \u00e9s hegesztett. Azon t\u00fal, hogy mutat\u00f3sak, sokf\u00e9le k\u00f6t\u00f6z\u00e9si lehet\u0151s\u00e9get is biztos\u00edtanak. A k\u00e9t h\u00e1mot \u00f6n\u00e1ll\u00f3an is haszn\u00e1lhatod, mert az \u00f6sszek\u00f6t\u0151 sz\u00edjak elt\u00e1vol\u00edthat\u00f3ak. Term\u00e9szetesen k\u00fcl\u00f6n-k\u00fcl\u00f6n is megrendelheted \u0151ket. A testh\u00e1mot\u00a0ITT, a karh\u00e1mot pedig\u00a0ITT. Az iguana harnessr\u0151l ITT tudhatsz meg t\u00f6bbet.  Modell fot\u00f3:\u00a0Seiner Photo\" \/>\n<meta property=\"og:url\" content=\"https:\/\/www.leathergirl.eu\/en\/product\/sarkanygerinc-ham-karhammal\/\" \/>\n<meta property=\"og:site_name\" content=\"A B\u0151r\u00f6s l\u00e1ny\" \/>\n<meta property=\"article:publisher\" content=\"https:\/\/www.facebook.com\/aboroslany\/\" \/>\n<meta property=\"article:modified_time\" content=\"2026-01-03T15:54:25+00:00\" \/>\n<meta property=\"og:image\" content=\"https:\/\/www.leathergirl.eu\/wp-content\/uploads\/2025\/04\/karral-_HR22210.jpg\" \/>\n\t<meta property=\"og:image:width\" content=\"534\" \/>\n\t<meta property=\"og:image:height\" content=\"800\" \/>\n\t<meta property=\"og:image:type\" content=\"image\/jpeg\" \/>\n<script type=\"application\/ld+json\" class=\"yoast-schema-graph\">{\"@context\":\"https:\/\/schema.org\",\"@graph\":[{\"@type\":\"WebPage\",\"@id\":\"https:\/\/www.leathergirl.eu\/product\/sarkanygerinc-ham-karhammal\/\",\"url\":\"https:\/\/www.leathergirl.eu\/product\/sarkanygerinc-ham-karhammal\/\",\"name\":\"S\u00c1RK\u00c1NYGERINC H\u00c1M KARH\u00c1MMAL - A B\u0151r\u00f6s l\u00e1ny\",\"isPartOf\":{\"@id\":\"https:\/\/www.leathergirl.eu\/#website\"},\"primaryImageOfPage\":{\"@id\":\"https:\/\/www.leathergirl.eu\/product\/sarkanygerinc-ham-karhammal\/#primaryimage\"},\"image\":{\"@id\":\"https:\/\/www.leathergirl.eu\/product\/sarkanygerinc-ham-karhammal\/#primaryimage\"},\"thumbnailUrl\":\"https:\/\/www.leathergirl.eu\/wp-content\/uploads\/2025\/04\/karral-_HR22210.jpg\",\"datePublished\":\"2025-04-14T15:33:25+00:00\",\"dateModified\":\"2026-01-03T15:54:25+00:00\",\"breadcrumb\":{\"@id\":\"https:\/\/www.leathergirl.eu\/product\/sarkanygerinc-ham-karhammal\/#breadcrumb\"},\"inLanguage\":\"en-GB\",\"potentialAction\":[{\"@type\":\"ReadAction\",\"target\":[\"https:\/\/www.leathergirl.eu\/product\/sarkanygerinc-ham-karhammal\/\"]}]},{\"@type\":\"ImageObject\",\"inLanguage\":\"en-GB\",\"@id\":\"https:\/\/www.leathergirl.eu\/product\/sarkanygerinc-ham-karhammal\/#primaryimage\",\"url\":\"https:\/\/www.leathergirl.eu\/wp-content\/uploads\/2025\/04\/karral-_HR22210.jpg\",\"contentUrl\":\"https:\/\/www.leathergirl.eu\/wp-content\/uploads\/2025\/04\/karral-_HR22210.jpg\",\"width\":534,\"height\":800},{\"@type\":\"BreadcrumbList\",\"@id\":\"https:\/\/www.leathergirl.eu\/product\/sarkanygerinc-ham-karhammal\/#breadcrumb\",\"itemListElement\":[{\"@type\":\"ListItem\",\"position\":1,\"name\":\"Home\",\"item\":\"https:\/\/www.leathergirl.eu\/\"},{\"@type\":\"ListItem\",\"position\":2,\"name\":\"Shop\",\"item\":\"https:\/\/www.leathergirl.eu\/en\/uzlet\/\"},{\"@type\":\"ListItem\",\"position\":3,\"name\":\"S\u00c1RK\u00c1NYGERINC H\u00c1M KARH\u00c1MMAL\"}]},{\"@type\":\"WebSite\",\"@id\":\"https:\/\/www.leathergirl.eu\/#website\",\"url\":\"https:\/\/www.leathergirl.eu\/\",\"name\":\"A B\u0151r\u00f6s l\u00e1ny\",\"description\":\"... LeatherGirl ...\",\"publisher\":{\"@id\":\"https:\/\/www.leathergirl.eu\/#organization\"},\"potentialAction\":[{\"@type\":\"SearchAction\",\"target\":{\"@type\":\"EntryPoint\",\"urlTemplate\":\"https:\/\/www.leathergirl.eu\/?s={search_term_string}\"},\"query-input\":{\"@type\":\"PropertyValueSpecification\",\"valueRequired\":true,\"valueName\":\"search_term_string\"}}],\"inLanguage\":\"en-GB\"},{\"@type\":\"Organization\",\"@id\":\"https:\/\/www.leathergirl.eu\/#organization\",\"name\":\"A B\u0151r\u00f6s l\u00e1ny\",\"url\":\"https:\/\/www.leathergirl.eu\/\",\"logo\":{\"@type\":\"ImageObject\",\"inLanguage\":\"en-GB\",\"@id\":\"https:\/\/www.leathergirl.eu\/#\/schema\/logo\/image\/\",\"url\":\"https:\/\/www.leathergirl.eu\/wp-content\/uploads\/2024\/05\/leathergirl-logo.png\",\"contentUrl\":\"https:\/\/www.leathergirl.eu\/wp-content\/uploads\/2024\/05\/leathergirl-logo.png\",\"width\":280,\"height\":80,\"caption\":\"A B\u0151r\u00f6s l\u00e1ny\"},\"image\":{\"@id\":\"https:\/\/www.leathergirl.eu\/#\/schema\/logo\/image\/\"},\"sameAs\":[\"https:\/\/www.facebook.com\/aboroslany\/\",\"https:\/\/www.instagram.com\/theleathergirl\/\"],\"email\":\"aboroslany@gmail.com\",\"legalName\":\"Nepp T\u00edmea e.v.\",\"numberOfEmployees\":{\"@type\":\"QuantitativeValue\",\"minValue\":\"1\",\"maxValue\":\"10\"}}]}<\/script>\n<meta property=\"product:price:amount\" content=\"305.00\" \/>\n<meta property=\"product:price:currency\" content=\"EUR\" \/>\n<meta property=\"og:availability\" content=\"instock\" \/>\n<meta property=\"product:availability\" content=\"instock\" \/>\n<meta property=\"product:condition\" content=\"new\" \/>\n<!-- \/ Yoast SEO Premium plugin. -->","yoast_head_json":{"title":"CELEBRATION HOUSE WITH KARHAM - The Furry Girl","robots":{"index":"index","follow":"follow","max-snippet":"max-snippet:-1","max-image-preview":"max-image-preview:large","max-video-preview":"max-video-preview:-1"},"canonical":"https:\/\/www.leathergirl.eu\/en\/product\/sarkanygerinc-ham-karhammal\/","og_locale":"en_GB","og_type":"article","og_title":"S\u00c1RK\u00c1NYGERINC H\u00c1M KARH\u00c1MMAL","og_description":"A mutat\u00f3s h\u00e1m-kombin\u00e1ci\u00f3 minden sz\u00edja k\u00e9t r\u00e9teg marhab\u0151rb\u0151l k\u00e9sz\u00fcl, melyb\u0151l a k\u00fcls\u0151 r\u00e9teg 1,5-2 mm vastag, er\u0151s marhab\u0151r, a bels\u0151 pedig puha, de szint\u00e9n er\u0151s. A gerincvonaln\u00e1l \u00e9s a karon v\u00e9gigh\u00faz\u00f3d\u00f3 sz\u00edjak 4 cm sz\u00e9lesek, a v\u00e1ll-, test- \u00e9s karsz\u00edjak 3 cm sz\u00e9lesek; ut\u00f3bbiak hossz\u00e1t csattal szab\u00e1lyozhatod. A gerincvonalon l\u00e9v\u0151 13 db, \u00e9s a karokon l\u00e9v\u0151 5-5 db f\u00e9lkarika 3 cm sz\u00e9les, \u00e9s hegesztett. Azon t\u00fal, hogy mutat\u00f3sak, sokf\u00e9le k\u00f6t\u00f6z\u00e9si lehet\u0151s\u00e9get is biztos\u00edtanak. A k\u00e9t h\u00e1mot \u00f6n\u00e1ll\u00f3an is haszn\u00e1lhatod, mert az \u00f6sszek\u00f6t\u0151 sz\u00edjak elt\u00e1vol\u00edthat\u00f3ak. Term\u00e9szetesen k\u00fcl\u00f6n-k\u00fcl\u00f6n is megrendelheted \u0151ket. A testh\u00e1mot\u00a0ITT, a karh\u00e1mot pedig\u00a0ITT. Az iguana harnessr\u0151l ITT tudhatsz meg t\u00f6bbet.  Modell fot\u00f3:\u00a0Seiner Photo","og_url":"https:\/\/www.leathergirl.eu\/en\/product\/sarkanygerinc-ham-karhammal\/","og_site_name":"A B\u0151r\u00f6s l\u00e1ny","article_publisher":"https:\/\/www.facebook.com\/aboroslany\/","article_modified_time":"2026-01-03T15:54:25+00:00","og_image":[{"width":534,"height":800,"url":"https:\/\/www.leathergirl.eu\/wp-content\/uploads\/2025\/04\/karral-_HR22210.jpg","type":"image\/jpeg"}],"schema":{"@context":"https:\/\/schema.org","@graph":[{"@type":"WebPage","@id":"https:\/\/www.leathergirl.eu\/product\/sarkanygerinc-ham-karhammal\/","url":"https:\/\/www.leathergirl.eu\/product\/sarkanygerinc-ham-karhammal\/","name":"CELEBRATION HOUSE WITH KARHAM - The Furry Girl","isPartOf":{"@id":"https:\/\/www.leathergirl.eu\/#website"},"primaryImageOfPage":{"@id":"https:\/\/www.leathergirl.eu\/product\/sarkanygerinc-ham-karhammal\/#primaryimage"},"image":{"@id":"https:\/\/www.leathergirl.eu\/product\/sarkanygerinc-ham-karhammal\/#primaryimage"},"thumbnailUrl":"https:\/\/www.leathergirl.eu\/wp-content\/uploads\/2025\/04\/karral-_HR22210.jpg","datePublished":"2025-04-14T15:33:25+00:00","dateModified":"2026-01-03T15:54:25+00:00","breadcrumb":{"@id":"https:\/\/www.leathergirl.eu\/product\/sarkanygerinc-ham-karhammal\/#breadcrumb"},"inLanguage":"en-GB","potentialAction":[{"@type":"ReadAction","target":["https:\/\/www.leathergirl.eu\/product\/sarkanygerinc-ham-karhammal\/"]}]},{"@type":"ImageObject","inLanguage":"en-GB","@id":"https:\/\/www.leathergirl.eu\/product\/sarkanygerinc-ham-karhammal\/#primaryimage","url":"https:\/\/www.leathergirl.eu\/wp-content\/uploads\/2025\/04\/karral-_HR22210.jpg","contentUrl":"https:\/\/www.leathergirl.eu\/wp-content\/uploads\/2025\/04\/karral-_HR22210.jpg","width":534,"height":800},{"@type":"BreadcrumbList","@id":"https:\/\/www.leathergirl.eu\/product\/sarkanygerinc-ham-karhammal\/#breadcrumb","itemListElement":[{"@type":"ListItem","position":1,"name":"Home","item":"https:\/\/www.leathergirl.eu\/"},{"@type":"ListItem","position":2,"name":"Shop","item":"https:\/\/www.leathergirl.eu\/en\/uzlet\/"},{"@type":"ListItem","position":3,"name":"S\u00c1RK\u00c1NYGERINC H\u00c1M KARH\u00c1MMAL"}]},{"@type":"WebSite","@id":"https:\/\/www.leathergirl.eu\/#website","url":"https:\/\/www.leathergirl.eu\/","name":"The Leather Girl","description":"... LeatherGirl ...","publisher":{"@id":"https:\/\/www.leathergirl.eu\/#organization"},"potentialAction":[{"@type":"SearchAction","target":{"@type":"EntryPoint","urlTemplate":"https:\/\/www.leathergirl.eu\/?s={search_term_string}"},"query-input":{"@type":"PropertyValueSpecification","valueRequired":true,"valueName":"search_term_string"}}],"inLanguage":"en-GB"},{"@type":"Organization","@id":"https:\/\/www.leathergirl.eu\/#organization","name":"The Leather Girl","url":"https:\/\/www.leathergirl.eu\/","logo":{"@type":"ImageObject","inLanguage":"en-GB","@id":"https:\/\/www.leathergirl.eu\/#\/schema\/logo\/image\/","url":"https:\/\/www.leathergirl.eu\/wp-content\/uploads\/2024\/05\/leathergirl-logo.png","contentUrl":"https:\/\/www.leathergirl.eu\/wp-content\/uploads\/2024\/05\/leathergirl-logo.png","width":280,"height":80,"caption":"A B\u0151r\u00f6s l\u00e1ny"},"image":{"@id":"https:\/\/www.leathergirl.eu\/#\/schema\/logo\/image\/"},"sameAs":["https:\/\/www.facebook.com\/aboroslany\/","https:\/\/www.instagram.com\/theleathergirl\/"],"email":"aboroslany@gmail.com","legalName":"Nepp T\u00edmea e.v.","numberOfEmployees":{"@type":"QuantitativeValue","minValue":"1","maxValue":"10"}}]},"product_price_amount":"305.00","product_price_currency":"EUR","og_availability":"instock","product_availability":"instock","product_condition":"new"},"_links":{"self":[{"href":"https:\/\/www.leathergirl.eu\/en\/wp-json\/wp\/v2\/product\/262441","targetHints":{"allow":["GET"]}}],"collection":[{"href":"https:\/\/www.leathergirl.eu\/en\/wp-json\/wp\/v2\/product"}],"about":[{"href":"https:\/\/www.leathergirl.eu\/en\/wp-json\/wp\/v2\/types\/product"}],"wp:featuredmedia":[{"embeddable":true,"href":"https:\/\/www.leathergirl.eu\/en\/wp-json\/wp\/v2\/media\/262444"}],"wp:attachment":[{"href":"https:\/\/www.leathergirl.eu\/en\/wp-json\/wp\/v2\/media?parent=262441"}],"wp:term":[{"taxonomy":"product_brand","embeddable":true,"href":"https:\/\/www.leathergirl.eu\/en\/wp-json\/wp\/v2\/product_brand?post=262441"},{"taxonomy":"product_cat","embeddable":true,"href":"https:\/\/www.leathergirl.eu\/en\/wp-json\/wp\/v2\/product_cat?post=262441"},{"taxonomy":"product_tag","embeddable":true,"href":"https:\/\/www.leathergirl.eu\/en\/wp-json\/wp\/v2\/product_tag?post=262441"}],"curies":[{"name":"wp","href":"https:\/\/api.w.org\/{rel}","templated":true}]}}