{"id":262382,"date":"2025-04-14T14:28:58","date_gmt":"2025-04-14T12:28:58","guid":{"rendered":"https:\/\/www.leathergirl.eu\/?post_type=product&#038;p=262382"},"modified":"2026-01-03T18:12:31","modified_gmt":"2026-01-03T17:12:31","slug":"wine-pocketkendotarto","status":"publish","type":"product","link":"https:\/\/www.leathergirl.eu\/en\/product\/wine-pocketkendotarto\/","title":{"rendered":"\/ LEATHER TISSUE BOX COVER"},"content":{"rendered":"<p>Do the colorful tissue boxes from the store clash with the style of your home or studio?<br \/>\nHere\u2019s the solution: dress them in leather!<br \/>\nYou can order a custom tissue box cover made from cowhide, available in a variety of finishes and colors. The two shown in the photos feature a hidden magnetic closure, but buckles are also available upon request. The plain black one is in the studio of <a href=\"https:\/\/www.hannabdsm.com\/\" target=\"_blank\" rel=\"noopener\">Domina Hanna.<\/a> The one with red stitching belongs to Mistress Ambrosia. The D-rings on the sides aren\u2019t just decorative\u2014they\u2019re practical too, allowing you to hang the cover wherever you like. And of course, if you prefer a cleaner look, you can order yours without them.<\/p>","protected":false},"excerpt":{"rendered":"<p>Do the colorful tissue boxes from the store clash with the style of your home or studio?<br \/>\nHere\u2019s the solution: dress them in leather!<br \/>\nYou can order a custom tissue box cover made from cowhide, available in a variety of finishes and colors. The two shown in the photos feature a hidden magnetic closure, but buckles are also available upon request. The plain black one is in the studio of <a href=\"https:\/\/www.hannabdsm.com\/\" target=\"_blank\" rel=\"noopener\">Domina Hanna.<\/a> The one with red stitching belongs to Mistress Ambrosia. The D-rings on the sides aren\u2019t just decorative\u2014they\u2019re practical too, allowing you to hang the cover wherever you like. And of course, if you prefer a cleaner look, you can order yours without them.<\/p>","protected":false},"featured_media":262385,"template":"","meta":{"_et_pb_use_builder":"","_et_pb_old_content":"","_et_gb_content_width":""},"product_brand":[],"product_cat":[44,23],"product_tag":[],"class_list":{"0":"post-262382","1":"product","2":"type-product","3":"status-publish","4":"has-post-thumbnail","6":"product_cat-buszkesegeim","7":"product_cat-for-the-weekdays-and-party-accessories","9":"first","10":"instock","11":"featured","12":"shipping-taxable","13":"purchasable","14":"product-type-simple"},"yoast_head":"<!-- This site is optimized with the Yoast SEO Premium plugin v26.2 (Yoast SEO v26.3) - https:\/\/yoast.com\/wordpress\/plugins\/seo\/ -->\n<title>B\u0150R ZSEBKEND\u0150TART\u00d3 - A B\u0151r\u00f6s l\u00e1ny<\/title>\n<meta name=\"robots\" content=\"index, follow, max-snippet:-1, max-image-preview:large, max-video-preview:-1\" \/>\n<link rel=\"canonical\" href=\"https:\/\/www.leathergirl.eu\/en\/product\/wine-pocketkendotarto\/\" \/>\n<meta property=\"og:locale\" content=\"en_GB\" \/>\n<meta property=\"og:type\" content=\"article\" \/>\n<meta property=\"og:title\" content=\"B\u0150R ZSEBKEND\u0150TART\u00d3\" \/>\n<meta property=\"og:description\" content=\"Nem passzolnak a st\u00fadi\u00f3dba\/otthonodba a boltokban kaphat\u00f3 sz\u00ednes pap\u00edrzsebkend\u0151s dobozok? Itt a megold\u00e1s: \u00f6lt\u00f6ztesd \u0151ket b\u0151rbe! Rendelj marhab\u0151rb\u0151l k\u00e9sz\u00fclt tart\u00f3t, t\u00f6bbf\u00e9le kivitelben \u00e9s sz\u00ednben. A k\u00e9pen l\u00e1that\u00f3 k\u00e9t darab rejtett m\u00e1gnesz\u00e1rral z\u00e1r\u00f3dik, de k\u00e9rheted csatos kivitelben is. A tiszta fekete Domina Hanna st\u00fadi\u00f3j\u00e1ba ker\u00fclt, a pirossal t\u0171z\u00f6tt pedig Mistress Ambrosi\u00e1hoz. A f\u00e9lkarik\u00e1kat az\u00e9rt tettem az oldalukra, hogy ak\u00e1r fel is lehessen akasztani \u0151ket, ha sz\u00fcks\u00e9ges, de term\u00e9szetesen rendelheted ezek n\u00e9lk\u00fcl is.\" \/>\n<meta property=\"og:url\" content=\"https:\/\/www.leathergirl.eu\/en\/product\/wine-pocketkendotarto\/\" \/>\n<meta property=\"og:site_name\" content=\"A B\u0151r\u00f6s l\u00e1ny\" \/>\n<meta property=\"article:publisher\" content=\"https:\/\/www.facebook.com\/aboroslany\/\" \/>\n<meta property=\"article:modified_time\" content=\"2026-01-03T17:12:31+00:00\" \/>\n<meta property=\"og:image\" content=\"https:\/\/www.leathergirl.eu\/wp-content\/uploads\/2025\/04\/k1.jpg\" \/>\n\t<meta property=\"og:image:width\" content=\"480\" \/>\n\t<meta property=\"og:image:height\" content=\"360\" \/>\n\t<meta property=\"og:image:type\" content=\"image\/jpeg\" \/>\n<script type=\"application\/ld+json\" class=\"yoast-schema-graph\">{\"@context\":\"https:\/\/schema.org\",\"@graph\":[{\"@type\":\"WebPage\",\"@id\":\"https:\/\/www.leathergirl.eu\/product\/bor-zsebkendotarto\/\",\"url\":\"https:\/\/www.leathergirl.eu\/product\/bor-zsebkendotarto\/\",\"name\":\"B\u0150R ZSEBKEND\u0150TART\u00d3 - A B\u0151r\u00f6s l\u00e1ny\",\"isPartOf\":{\"@id\":\"https:\/\/www.leathergirl.eu\/#website\"},\"primaryImageOfPage\":{\"@id\":\"https:\/\/www.leathergirl.eu\/product\/bor-zsebkendotarto\/#primaryimage\"},\"image\":{\"@id\":\"https:\/\/www.leathergirl.eu\/product\/bor-zsebkendotarto\/#primaryimage\"},\"thumbnailUrl\":\"https:\/\/www.leathergirl.eu\/wp-content\/uploads\/2025\/04\/k1.jpg\",\"datePublished\":\"2025-04-14T12:28:58+00:00\",\"dateModified\":\"2026-01-03T17:12:31+00:00\",\"breadcrumb\":{\"@id\":\"https:\/\/www.leathergirl.eu\/product\/bor-zsebkendotarto\/#breadcrumb\"},\"inLanguage\":\"en-GB\",\"potentialAction\":[{\"@type\":\"ReadAction\",\"target\":[\"https:\/\/www.leathergirl.eu\/product\/bor-zsebkendotarto\/\"]}]},{\"@type\":\"ImageObject\",\"inLanguage\":\"en-GB\",\"@id\":\"https:\/\/www.leathergirl.eu\/product\/bor-zsebkendotarto\/#primaryimage\",\"url\":\"https:\/\/www.leathergirl.eu\/wp-content\/uploads\/2025\/04\/k1.jpg\",\"contentUrl\":\"https:\/\/www.leathergirl.eu\/wp-content\/uploads\/2025\/04\/k1.jpg\",\"width\":480,\"height\":360},{\"@type\":\"BreadcrumbList\",\"@id\":\"https:\/\/www.leathergirl.eu\/product\/bor-zsebkendotarto\/#breadcrumb\",\"itemListElement\":[{\"@type\":\"ListItem\",\"position\":1,\"name\":\"Home\",\"item\":\"https:\/\/www.leathergirl.eu\/\"},{\"@type\":\"ListItem\",\"position\":2,\"name\":\"Shop\",\"item\":\"https:\/\/www.leathergirl.eu\/en\/uzlet\/\"},{\"@type\":\"ListItem\",\"position\":3,\"name\":\"B\u0150R ZSEBKEND\u0150TART\u00d3\"}]},{\"@type\":\"WebSite\",\"@id\":\"https:\/\/www.leathergirl.eu\/#website\",\"url\":\"https:\/\/www.leathergirl.eu\/\",\"name\":\"A B\u0151r\u00f6s l\u00e1ny\",\"description\":\"... LeatherGirl ...\",\"publisher\":{\"@id\":\"https:\/\/www.leathergirl.eu\/#organization\"},\"potentialAction\":[{\"@type\":\"SearchAction\",\"target\":{\"@type\":\"EntryPoint\",\"urlTemplate\":\"https:\/\/www.leathergirl.eu\/?s={search_term_string}\"},\"query-input\":{\"@type\":\"PropertyValueSpecification\",\"valueRequired\":true,\"valueName\":\"search_term_string\"}}],\"inLanguage\":\"en-GB\"},{\"@type\":\"Organization\",\"@id\":\"https:\/\/www.leathergirl.eu\/#organization\",\"name\":\"A B\u0151r\u00f6s l\u00e1ny\",\"url\":\"https:\/\/www.leathergirl.eu\/\",\"logo\":{\"@type\":\"ImageObject\",\"inLanguage\":\"en-GB\",\"@id\":\"https:\/\/www.leathergirl.eu\/#\/schema\/logo\/image\/\",\"url\":\"https:\/\/www.leathergirl.eu\/wp-content\/uploads\/2024\/05\/leathergirl-logo.png\",\"contentUrl\":\"https:\/\/www.leathergirl.eu\/wp-content\/uploads\/2024\/05\/leathergirl-logo.png\",\"width\":280,\"height\":80,\"caption\":\"A B\u0151r\u00f6s l\u00e1ny\"},\"image\":{\"@id\":\"https:\/\/www.leathergirl.eu\/#\/schema\/logo\/image\/\"},\"sameAs\":[\"https:\/\/www.facebook.com\/aboroslany\/\",\"https:\/\/www.instagram.com\/theleathergirl\/\"],\"email\":\"aboroslany@gmail.com\",\"legalName\":\"Nepp T\u00edmea e.v.\",\"numberOfEmployees\":{\"@type\":\"QuantitativeValue\",\"minValue\":\"1\",\"maxValue\":\"10\"}}]}<\/script>\n<meta property=\"product:price:amount\" content=\"82.00\" \/>\n<meta property=\"product:price:currency\" content=\"EUR\" \/>\n<meta property=\"og:availability\" content=\"instock\" \/>\n<meta property=\"product:availability\" content=\"instock\" \/>\n<meta property=\"product:condition\" content=\"new\" \/>\n<!-- \/ Yoast SEO Premium plugin. -->","yoast_head_json":{"title":"SKIN TREASURER - The Furry Girl","robots":{"index":"index","follow":"follow","max-snippet":"max-snippet:-1","max-image-preview":"max-image-preview:large","max-video-preview":"max-video-preview:-1"},"canonical":"https:\/\/www.leathergirl.eu\/en\/product\/wine-pocketkendotarto\/","og_locale":"en_GB","og_type":"article","og_title":"B\u0150R ZSEBKEND\u0150TART\u00d3","og_description":"Nem passzolnak a st\u00fadi\u00f3dba\/otthonodba a boltokban kaphat\u00f3 sz\u00ednes pap\u00edrzsebkend\u0151s dobozok? Itt a megold\u00e1s: \u00f6lt\u00f6ztesd \u0151ket b\u0151rbe! Rendelj marhab\u0151rb\u0151l k\u00e9sz\u00fclt tart\u00f3t, t\u00f6bbf\u00e9le kivitelben \u00e9s sz\u00ednben. A k\u00e9pen l\u00e1that\u00f3 k\u00e9t darab rejtett m\u00e1gnesz\u00e1rral z\u00e1r\u00f3dik, de k\u00e9rheted csatos kivitelben is. A tiszta fekete Domina Hanna st\u00fadi\u00f3j\u00e1ba ker\u00fclt, a pirossal t\u0171z\u00f6tt pedig Mistress Ambrosi\u00e1hoz. A f\u00e9lkarik\u00e1kat az\u00e9rt tettem az oldalukra, hogy ak\u00e1r fel is lehessen akasztani \u0151ket, ha sz\u00fcks\u00e9ges, de term\u00e9szetesen rendelheted ezek n\u00e9lk\u00fcl is.","og_url":"https:\/\/www.leathergirl.eu\/en\/product\/wine-pocketkendotarto\/","og_site_name":"A B\u0151r\u00f6s l\u00e1ny","article_publisher":"https:\/\/www.facebook.com\/aboroslany\/","article_modified_time":"2026-01-03T17:12:31+00:00","og_image":[{"width":480,"height":360,"url":"https:\/\/www.leathergirl.eu\/wp-content\/uploads\/2025\/04\/k1.jpg","type":"image\/jpeg"}],"schema":{"@context":"https:\/\/schema.org","@graph":[{"@type":"WebPage","@id":"https:\/\/www.leathergirl.eu\/product\/bor-zsebkendotarto\/","url":"https:\/\/www.leathergirl.eu\/product\/bor-zsebkendotarto\/","name":"SKIN TREASURER - The Furry Girl","isPartOf":{"@id":"https:\/\/www.leathergirl.eu\/#website"},"primaryImageOfPage":{"@id":"https:\/\/www.leathergirl.eu\/product\/bor-zsebkendotarto\/#primaryimage"},"image":{"@id":"https:\/\/www.leathergirl.eu\/product\/bor-zsebkendotarto\/#primaryimage"},"thumbnailUrl":"https:\/\/www.leathergirl.eu\/wp-content\/uploads\/2025\/04\/k1.jpg","datePublished":"2025-04-14T12:28:58+00:00","dateModified":"2026-01-03T17:12:31+00:00","breadcrumb":{"@id":"https:\/\/www.leathergirl.eu\/product\/bor-zsebkendotarto\/#breadcrumb"},"inLanguage":"en-GB","potentialAction":[{"@type":"ReadAction","target":["https:\/\/www.leathergirl.eu\/product\/bor-zsebkendotarto\/"]}]},{"@type":"ImageObject","inLanguage":"en-GB","@id":"https:\/\/www.leathergirl.eu\/product\/bor-zsebkendotarto\/#primaryimage","url":"https:\/\/www.leathergirl.eu\/wp-content\/uploads\/2025\/04\/k1.jpg","contentUrl":"https:\/\/www.leathergirl.eu\/wp-content\/uploads\/2025\/04\/k1.jpg","width":480,"height":360},{"@type":"BreadcrumbList","@id":"https:\/\/www.leathergirl.eu\/product\/bor-zsebkendotarto\/#breadcrumb","itemListElement":[{"@type":"ListItem","position":1,"name":"Home","item":"https:\/\/www.leathergirl.eu\/"},{"@type":"ListItem","position":2,"name":"Shop","item":"https:\/\/www.leathergirl.eu\/en\/uzlet\/"},{"@type":"ListItem","position":3,"name":"B\u0150R ZSEBKEND\u0150TART\u00d3"}]},{"@type":"WebSite","@id":"https:\/\/www.leathergirl.eu\/#website","url":"https:\/\/www.leathergirl.eu\/","name":"The Leather Girl","description":"... LeatherGirl ...","publisher":{"@id":"https:\/\/www.leathergirl.eu\/#organization"},"potentialAction":[{"@type":"SearchAction","target":{"@type":"EntryPoint","urlTemplate":"https:\/\/www.leathergirl.eu\/?s={search_term_string}"},"query-input":{"@type":"PropertyValueSpecification","valueRequired":true,"valueName":"search_term_string"}}],"inLanguage":"en-GB"},{"@type":"Organization","@id":"https:\/\/www.leathergirl.eu\/#organization","name":"The Leather Girl","url":"https:\/\/www.leathergirl.eu\/","logo":{"@type":"ImageObject","inLanguage":"en-GB","@id":"https:\/\/www.leathergirl.eu\/#\/schema\/logo\/image\/","url":"https:\/\/www.leathergirl.eu\/wp-content\/uploads\/2024\/05\/leathergirl-logo.png","contentUrl":"https:\/\/www.leathergirl.eu\/wp-content\/uploads\/2024\/05\/leathergirl-logo.png","width":280,"height":80,"caption":"A B\u0151r\u00f6s l\u00e1ny"},"image":{"@id":"https:\/\/www.leathergirl.eu\/#\/schema\/logo\/image\/"},"sameAs":["https:\/\/www.facebook.com\/aboroslany\/","https:\/\/www.instagram.com\/theleathergirl\/"],"email":"aboroslany@gmail.com","legalName":"Nepp T\u00edmea e.v.","numberOfEmployees":{"@type":"QuantitativeValue","minValue":"1","maxValue":"10"}}]},"product_price_amount":"82.00","product_price_currency":"EUR","og_availability":"instock","product_availability":"instock","product_condition":"new"},"_links":{"self":[{"href":"https:\/\/www.leathergirl.eu\/en\/wp-json\/wp\/v2\/product\/262382","targetHints":{"allow":["GET"]}}],"collection":[{"href":"https:\/\/www.leathergirl.eu\/en\/wp-json\/wp\/v2\/product"}],"about":[{"href":"https:\/\/www.leathergirl.eu\/en\/wp-json\/wp\/v2\/types\/product"}],"wp:featuredmedia":[{"embeddable":true,"href":"https:\/\/www.leathergirl.eu\/en\/wp-json\/wp\/v2\/media\/262385"}],"wp:attachment":[{"href":"https:\/\/www.leathergirl.eu\/en\/wp-json\/wp\/v2\/media?parent=262382"}],"wp:term":[{"taxonomy":"product_brand","embeddable":true,"href":"https:\/\/www.leathergirl.eu\/en\/wp-json\/wp\/v2\/product_brand?post=262382"},{"taxonomy":"product_cat","embeddable":true,"href":"https:\/\/www.leathergirl.eu\/en\/wp-json\/wp\/v2\/product_cat?post=262382"},{"taxonomy":"product_tag","embeddable":true,"href":"https:\/\/www.leathergirl.eu\/en\/wp-json\/wp\/v2\/product_tag?post=262382"}],"curies":[{"name":"wp","href":"https:\/\/api.w.org\/{rel}","templated":true}]}}