{"id":262374,"date":"2025-04-14T14:01:39","date_gmt":"2025-04-14T12:01:39","guid":{"rendered":"https:\/\/www.leathergirl.eu\/?post_type=product&#038;p=262374"},"modified":"2026-01-03T16:55:22","modified_gmt":"2026-01-03T15:55:22","slug":"leguan-ham-on-chest-and-arms","status":"publish","type":"product","link":"https:\/\/www.leathergirl.eu\/en\/product\/leguan-ham-on-chest-and-arms\/","title":{"rendered":"IGUANA HARNESS FOR CHEST AND ARMS"},"content":{"rendered":"<p>Each strap of this striking harness set is crafted from two layers of cowhide leather. The outer layer is strong and 1.5\u20132 mm thick, while the inner layer is soft yet durable for comfortable wear.\n\nThe straps running along the back and down the arms are 4 cm wide, while the shoulder, body, and arm straps measure 3 cm wide and feature adjustable buckles for a customized fit.<br \/>\nThe set includes 26 spikes along the spine and 22 on each arm, each measuring 5.5 cm in height. The fixing screws are neatly covered with leather for both comfort and aesthetics.<br \/>\nThe two harnesses can also be worn separately, as the connecting straps are fully removable.<br \/>\nYou can also order them separately. The body harness <a href=\"https:\/\/www.leathergirl.eu\/product\/leguan-ham\/\" target=\"_blank\" rel=\"noopener\">HERE<\/a>, and the arm harness <a href=\"https:\/\/www.leathergirl.eu\/product\/legauan-karham\/\" target=\"_blank\" rel=\"noopener\">HERE<\/a>.<\/p>\n<p>Pictures by: <a href=\"https:\/\/feszekvipstudio.hu\/\" target=\"_blank\" rel=\"noopener\">Seiner photo<\/a><\/p>","protected":false},"excerpt":{"rendered":"<p>Each strap of this striking harness set is crafted from two layers of cowhide leather. The outer layer is strong and 1.5\u20132 mm thick, while the inner layer is soft yet durable for comfortable wear.\n\nThe straps running along the back and down the arms are 4 cm wide, while the shoulder, body, and arm straps measure 3 cm wide and feature adjustable buckles for a customized fit.<br \/>\nThe set includes 26 spikes along the spine and 22 on each arm, each measuring 5.5 cm in height. The fixing screws are neatly covered with leather for both comfort and aesthetics.<br \/>\nThe two harnesses can also be worn separately, as the connecting straps are fully removable.<br \/>\nYou can also order them separately. The body harness <a href=\"https:\/\/www.leathergirl.eu\/product\/leguan-ham\/\" target=\"_blank\" rel=\"noopener\">HERE<\/a>, and the arm harness <a href=\"https:\/\/www.leathergirl.eu\/product\/legauan-karham\/\" target=\"_blank\" rel=\"noopener\">HERE<\/a>.<\/p>\n<p>Pictures by: <a href=\"https:\/\/feszekvipstudio.hu\/\" target=\"_blank\" rel=\"noopener\">Seiner photo<\/a><\/p>","protected":false},"featured_media":262379,"template":"","meta":{"_et_pb_use_builder":"","_et_pb_old_content":"","_et_gb_content_width":""},"product_brand":[],"product_cat":[44,45],"product_tag":[],"class_list":{"0":"post-262374","1":"product","2":"type-product","3":"status-publish","4":"has-post-thumbnail","6":"product_cat-buszkesegeim","7":"product_cat-harnesses","9":"first","10":"instock","11":"shipping-taxable","12":"purchasable","13":"product-type-simple"},"yoast_head":"<!-- This site is optimized with the Yoast SEO Premium plugin v26.2 (Yoast SEO v26.3) - https:\/\/yoast.com\/wordpress\/plugins\/seo\/ -->\n<title>LEGU\u00c1N H\u00c1M MELLKASRA \u00c9S KARRA - A B\u0151r\u00f6s l\u00e1ny<\/title>\n<meta name=\"robots\" content=\"index, follow, max-snippet:-1, max-image-preview:large, max-video-preview:-1\" \/>\n<link rel=\"canonical\" href=\"https:\/\/www.leathergirl.eu\/en\/product\/leguan-ham-on-chest-and-arms\/\" \/>\n<meta property=\"og:locale\" content=\"en_GB\" \/>\n<meta property=\"og:type\" content=\"article\" \/>\n<meta property=\"og:title\" content=\"LEGU\u00c1N H\u00c1M MELLKASRA \u00c9S KARRA\" \/>\n<meta property=\"og:description\" content=\"A mutat\u00f3s h\u00e1m-kombin\u00e1ci\u00f3 minden sz\u00edja k\u00e9t r\u00e9teg marhab\u0151rb\u0151l k\u00e9sz\u00fcl, melyb\u0151l a k\u00fcls\u0151 r\u00e9teg 1,5-2 mm vastag, er\u0151s marhab\u0151r, a bels\u0151 pedig puha, de szint\u00e9n er\u0151s. A gerincvonaln\u00e1l \u00e9s a karon v\u00e9gigh\u00faz\u00f3d\u00f3 sz\u00edjak 4 cm sz\u00e9lesek, a v\u00e1ll-, test- \u00e9s karsz\u00edjak 3 cm sz\u00e9lesek; ut\u00f3bbiak hossz\u00e1t csattal szab\u00e1lyozhatod. A gerincvonalon l\u00e9v\u0151 26 db, \u00e9s a karokon l\u00e9v\u0151 22-22 db t\u00fcske 5,5 cm magas; r\u00f6gz\u00edt\u0151 csavarjait b\u0151rrel takarjuk el. A k\u00e9t h\u00e1mot \u00f6n\u00e1ll\u00f3an is haszn\u00e1lhatod, mert az \u00f6sszek\u00f6t\u0151 sz\u00edjak elt\u00e1vol\u00edthat\u00f3ak. Term\u00e9szetesen k\u00fcl\u00f6n-k\u00fcl\u00f6n is megrendelheted \u0151ket. A testh\u00e1mot ITT, a karh\u00e1mot pedig ITT.  Modell fot\u00f3: Seiner Photo\" \/>\n<meta property=\"og:url\" content=\"https:\/\/www.leathergirl.eu\/en\/product\/leguan-ham-on-chest-and-arms\/\" \/>\n<meta property=\"og:site_name\" content=\"A B\u0151r\u00f6s l\u00e1ny\" \/>\n<meta property=\"article:publisher\" content=\"https:\/\/www.facebook.com\/aboroslany\/\" \/>\n<meta property=\"article:modified_time\" content=\"2026-01-03T15:55:22+00:00\" \/>\n<meta property=\"og:image\" content=\"https:\/\/www.leathergirl.eu\/wp-content\/uploads\/2025\/04\/k2-_HR22198.jpg\" \/>\n\t<meta property=\"og:image:width\" content=\"534\" \/>\n\t<meta property=\"og:image:height\" content=\"800\" \/>\n\t<meta property=\"og:image:type\" content=\"image\/jpeg\" \/>\n<script type=\"application\/ld+json\" class=\"yoast-schema-graph\">{\"@context\":\"https:\/\/schema.org\",\"@graph\":[{\"@type\":\"WebPage\",\"@id\":\"https:\/\/www.leathergirl.eu\/product\/leguan-ham-mellkasra-es-karra\/\",\"url\":\"https:\/\/www.leathergirl.eu\/product\/leguan-ham-mellkasra-es-karra\/\",\"name\":\"LEGU\u00c1N H\u00c1M MELLKASRA \u00c9S KARRA - A B\u0151r\u00f6s l\u00e1ny\",\"isPartOf\":{\"@id\":\"https:\/\/www.leathergirl.eu\/#website\"},\"primaryImageOfPage\":{\"@id\":\"https:\/\/www.leathergirl.eu\/product\/leguan-ham-mellkasra-es-karra\/#primaryimage\"},\"image\":{\"@id\":\"https:\/\/www.leathergirl.eu\/product\/leguan-ham-mellkasra-es-karra\/#primaryimage\"},\"thumbnailUrl\":\"https:\/\/www.leathergirl.eu\/wp-content\/uploads\/2025\/04\/k2-_HR22198.jpg\",\"datePublished\":\"2025-04-14T12:01:39+00:00\",\"dateModified\":\"2026-01-03T15:55:22+00:00\",\"breadcrumb\":{\"@id\":\"https:\/\/www.leathergirl.eu\/product\/leguan-ham-mellkasra-es-karra\/#breadcrumb\"},\"inLanguage\":\"en-GB\",\"potentialAction\":[{\"@type\":\"ReadAction\",\"target\":[\"https:\/\/www.leathergirl.eu\/product\/leguan-ham-mellkasra-es-karra\/\"]}]},{\"@type\":\"ImageObject\",\"inLanguage\":\"en-GB\",\"@id\":\"https:\/\/www.leathergirl.eu\/product\/leguan-ham-mellkasra-es-karra\/#primaryimage\",\"url\":\"https:\/\/www.leathergirl.eu\/wp-content\/uploads\/2025\/04\/k2-_HR22198.jpg\",\"contentUrl\":\"https:\/\/www.leathergirl.eu\/wp-content\/uploads\/2025\/04\/k2-_HR22198.jpg\",\"width\":534,\"height\":800},{\"@type\":\"BreadcrumbList\",\"@id\":\"https:\/\/www.leathergirl.eu\/product\/leguan-ham-mellkasra-es-karra\/#breadcrumb\",\"itemListElement\":[{\"@type\":\"ListItem\",\"position\":1,\"name\":\"Home\",\"item\":\"https:\/\/www.leathergirl.eu\/\"},{\"@type\":\"ListItem\",\"position\":2,\"name\":\"Shop\",\"item\":\"https:\/\/www.leathergirl.eu\/en\/uzlet\/\"},{\"@type\":\"ListItem\",\"position\":3,\"name\":\"LEGU\u00c1N H\u00c1M MELLKASRA \u00c9S KARRA\"}]},{\"@type\":\"WebSite\",\"@id\":\"https:\/\/www.leathergirl.eu\/#website\",\"url\":\"https:\/\/www.leathergirl.eu\/\",\"name\":\"A B\u0151r\u00f6s l\u00e1ny\",\"description\":\"... LeatherGirl ...\",\"publisher\":{\"@id\":\"https:\/\/www.leathergirl.eu\/#organization\"},\"potentialAction\":[{\"@type\":\"SearchAction\",\"target\":{\"@type\":\"EntryPoint\",\"urlTemplate\":\"https:\/\/www.leathergirl.eu\/?s={search_term_string}\"},\"query-input\":{\"@type\":\"PropertyValueSpecification\",\"valueRequired\":true,\"valueName\":\"search_term_string\"}}],\"inLanguage\":\"en-GB\"},{\"@type\":\"Organization\",\"@id\":\"https:\/\/www.leathergirl.eu\/#organization\",\"name\":\"A B\u0151r\u00f6s l\u00e1ny\",\"url\":\"https:\/\/www.leathergirl.eu\/\",\"logo\":{\"@type\":\"ImageObject\",\"inLanguage\":\"en-GB\",\"@id\":\"https:\/\/www.leathergirl.eu\/#\/schema\/logo\/image\/\",\"url\":\"https:\/\/www.leathergirl.eu\/wp-content\/uploads\/2024\/05\/leathergirl-logo.png\",\"contentUrl\":\"https:\/\/www.leathergirl.eu\/wp-content\/uploads\/2024\/05\/leathergirl-logo.png\",\"width\":280,\"height\":80,\"caption\":\"A B\u0151r\u00f6s l\u00e1ny\"},\"image\":{\"@id\":\"https:\/\/www.leathergirl.eu\/#\/schema\/logo\/image\/\"},\"sameAs\":[\"https:\/\/www.facebook.com\/aboroslany\/\",\"https:\/\/www.instagram.com\/theleathergirl\/\"],\"email\":\"aboroslany@gmail.com\",\"legalName\":\"Nepp T\u00edmea e.v.\",\"numberOfEmployees\":{\"@type\":\"QuantitativeValue\",\"minValue\":\"1\",\"maxValue\":\"10\"}}]}<\/script>\n<meta property=\"product:price:amount\" content=\"391.00\" \/>\n<meta property=\"product:price:currency\" content=\"EUR\" \/>\n<meta property=\"og:availability\" content=\"instock\" \/>\n<meta property=\"product:availability\" content=\"instock\" \/>\n<meta property=\"product:condition\" content=\"new\" \/>\n<!-- \/ Yoast SEO Premium plugin. -->","yoast_head_json":{"title":"LEGU\u00c1N H\u00c1M H\u00c1M H\u00c1M MELLKASRA UND KARRA - The Furry Girl","robots":{"index":"index","follow":"follow","max-snippet":"max-snippet:-1","max-image-preview":"max-image-preview:large","max-video-preview":"max-video-preview:-1"},"canonical":"https:\/\/www.leathergirl.eu\/en\/product\/leguan-ham-on-chest-and-arms\/","og_locale":"en_GB","og_type":"article","og_title":"LEGU\u00c1N H\u00c1M MELLKASRA \u00c9S KARRA","og_description":"A mutat\u00f3s h\u00e1m-kombin\u00e1ci\u00f3 minden sz\u00edja k\u00e9t r\u00e9teg marhab\u0151rb\u0151l k\u00e9sz\u00fcl, melyb\u0151l a k\u00fcls\u0151 r\u00e9teg 1,5-2 mm vastag, er\u0151s marhab\u0151r, a bels\u0151 pedig puha, de szint\u00e9n er\u0151s. A gerincvonaln\u00e1l \u00e9s a karon v\u00e9gigh\u00faz\u00f3d\u00f3 sz\u00edjak 4 cm sz\u00e9lesek, a v\u00e1ll-, test- \u00e9s karsz\u00edjak 3 cm sz\u00e9lesek; ut\u00f3bbiak hossz\u00e1t csattal szab\u00e1lyozhatod. A gerincvonalon l\u00e9v\u0151 26 db, \u00e9s a karokon l\u00e9v\u0151 22-22 db t\u00fcske 5,5 cm magas; r\u00f6gz\u00edt\u0151 csavarjait b\u0151rrel takarjuk el. A k\u00e9t h\u00e1mot \u00f6n\u00e1ll\u00f3an is haszn\u00e1lhatod, mert az \u00f6sszek\u00f6t\u0151 sz\u00edjak elt\u00e1vol\u00edthat\u00f3ak. Term\u00e9szetesen k\u00fcl\u00f6n-k\u00fcl\u00f6n is megrendelheted \u0151ket. A testh\u00e1mot ITT, a karh\u00e1mot pedig ITT.  Modell fot\u00f3: Seiner Photo","og_url":"https:\/\/www.leathergirl.eu\/en\/product\/leguan-ham-on-chest-and-arms\/","og_site_name":"A B\u0151r\u00f6s l\u00e1ny","article_publisher":"https:\/\/www.facebook.com\/aboroslany\/","article_modified_time":"2026-01-03T15:55:22+00:00","og_image":[{"width":534,"height":800,"url":"https:\/\/www.leathergirl.eu\/wp-content\/uploads\/2025\/04\/k2-_HR22198.jpg","type":"image\/jpeg"}],"schema":{"@context":"https:\/\/schema.org","@graph":[{"@type":"WebPage","@id":"https:\/\/www.leathergirl.eu\/product\/leguan-ham-mellkasra-es-karra\/","url":"https:\/\/www.leathergirl.eu\/product\/leguan-ham-mellkasra-es-karra\/","name":"LEGU\u00c1N H\u00c1M H\u00c1M H\u00c1M MELLKASRA UND KARRA - The Furry Girl","isPartOf":{"@id":"https:\/\/www.leathergirl.eu\/#website"},"primaryImageOfPage":{"@id":"https:\/\/www.leathergirl.eu\/product\/leguan-ham-mellkasra-es-karra\/#primaryimage"},"image":{"@id":"https:\/\/www.leathergirl.eu\/product\/leguan-ham-mellkasra-es-karra\/#primaryimage"},"thumbnailUrl":"https:\/\/www.leathergirl.eu\/wp-content\/uploads\/2025\/04\/k2-_HR22198.jpg","datePublished":"2025-04-14T12:01:39+00:00","dateModified":"2026-01-03T15:55:22+00:00","breadcrumb":{"@id":"https:\/\/www.leathergirl.eu\/product\/leguan-ham-mellkasra-es-karra\/#breadcrumb"},"inLanguage":"en-GB","potentialAction":[{"@type":"ReadAction","target":["https:\/\/www.leathergirl.eu\/product\/leguan-ham-mellkasra-es-karra\/"]}]},{"@type":"ImageObject","inLanguage":"en-GB","@id":"https:\/\/www.leathergirl.eu\/product\/leguan-ham-mellkasra-es-karra\/#primaryimage","url":"https:\/\/www.leathergirl.eu\/wp-content\/uploads\/2025\/04\/k2-_HR22198.jpg","contentUrl":"https:\/\/www.leathergirl.eu\/wp-content\/uploads\/2025\/04\/k2-_HR22198.jpg","width":534,"height":800},{"@type":"BreadcrumbList","@id":"https:\/\/www.leathergirl.eu\/product\/leguan-ham-mellkasra-es-karra\/#breadcrumb","itemListElement":[{"@type":"ListItem","position":1,"name":"Home","item":"https:\/\/www.leathergirl.eu\/"},{"@type":"ListItem","position":2,"name":"Shop","item":"https:\/\/www.leathergirl.eu\/en\/uzlet\/"},{"@type":"ListItem","position":3,"name":"LEGU\u00c1N H\u00c1M MELLKASRA \u00c9S KARRA"}]},{"@type":"WebSite","@id":"https:\/\/www.leathergirl.eu\/#website","url":"https:\/\/www.leathergirl.eu\/","name":"The Leather Girl","description":"... LeatherGirl ...","publisher":{"@id":"https:\/\/www.leathergirl.eu\/#organization"},"potentialAction":[{"@type":"SearchAction","target":{"@type":"EntryPoint","urlTemplate":"https:\/\/www.leathergirl.eu\/?s={search_term_string}"},"query-input":{"@type":"PropertyValueSpecification","valueRequired":true,"valueName":"search_term_string"}}],"inLanguage":"en-GB"},{"@type":"Organization","@id":"https:\/\/www.leathergirl.eu\/#organization","name":"The Leather Girl","url":"https:\/\/www.leathergirl.eu\/","logo":{"@type":"ImageObject","inLanguage":"en-GB","@id":"https:\/\/www.leathergirl.eu\/#\/schema\/logo\/image\/","url":"https:\/\/www.leathergirl.eu\/wp-content\/uploads\/2024\/05\/leathergirl-logo.png","contentUrl":"https:\/\/www.leathergirl.eu\/wp-content\/uploads\/2024\/05\/leathergirl-logo.png","width":280,"height":80,"caption":"A B\u0151r\u00f6s l\u00e1ny"},"image":{"@id":"https:\/\/www.leathergirl.eu\/#\/schema\/logo\/image\/"},"sameAs":["https:\/\/www.facebook.com\/aboroslany\/","https:\/\/www.instagram.com\/theleathergirl\/"],"email":"aboroslany@gmail.com","legalName":"Nepp T\u00edmea e.v.","numberOfEmployees":{"@type":"QuantitativeValue","minValue":"1","maxValue":"10"}}]},"product_price_amount":"391.00","product_price_currency":"EUR","og_availability":"instock","product_availability":"instock","product_condition":"new"},"_links":{"self":[{"href":"https:\/\/www.leathergirl.eu\/en\/wp-json\/wp\/v2\/product\/262374","targetHints":{"allow":["GET"]}}],"collection":[{"href":"https:\/\/www.leathergirl.eu\/en\/wp-json\/wp\/v2\/product"}],"about":[{"href":"https:\/\/www.leathergirl.eu\/en\/wp-json\/wp\/v2\/types\/product"}],"wp:featuredmedia":[{"embeddable":true,"href":"https:\/\/www.leathergirl.eu\/en\/wp-json\/wp\/v2\/media\/262379"}],"wp:attachment":[{"href":"https:\/\/www.leathergirl.eu\/en\/wp-json\/wp\/v2\/media?parent=262374"}],"wp:term":[{"taxonomy":"product_brand","embeddable":true,"href":"https:\/\/www.leathergirl.eu\/en\/wp-json\/wp\/v2\/product_brand?post=262374"},{"taxonomy":"product_cat","embeddable":true,"href":"https:\/\/www.leathergirl.eu\/en\/wp-json\/wp\/v2\/product_cat?post=262374"},{"taxonomy":"product_tag","embeddable":true,"href":"https:\/\/www.leathergirl.eu\/en\/wp-json\/wp\/v2\/product_tag?post=262374"}],"curies":[{"name":"wp","href":"https:\/\/api.w.org\/{rel}","templated":true}]}}