{"id":262283,"date":"2025-03-30T19:30:50","date_gmt":"2025-03-30T17:30:50","guid":{"rendered":"https:\/\/www.leathergirl.eu\/?post_type=product&#038;p=262283"},"modified":"2026-01-03T17:04:10","modified_gmt":"2026-01-03T16:04:10","slug":"alkar-bet","status":"publish","type":"product","link":"https:\/\/www.leathergirl.eu\/en\/product\/alkar-bet\/","title":{"rendered":"ARM BRACE"},"content":{"rendered":"<p>I made this forearm protector from two layers of cowhide: the outer layer is 1.5-2 mm thick, strong leather, and the inner layer is thinner, softer, but also strong.<br \/>\nThis piece is 21 cm high and I put three straps on it, but of course I'm happy to make it to your size. The precise fit is ensured by the sheepskin lined lace up section and the straps.<br \/>\nThe price is per pair.<\/p>\n<p>Pictures by: <a href=\"https:\/\/feszekvipstudio.hu\/\" target=\"_blank\" rel=\"noopener\">Seiner photo<\/a><\/p>","protected":false},"excerpt":{"rendered":"<p>I made this forearm protector from two layers of cowhide: the outer layer is 1.5-2 mm thick, strong leather, and the inner layer is thinner, softer, but also strong.<br \/>\nThis piece is 21 cm high and I put three straps on it, but of course I'm happy to make it to your size. The precise fit is ensured by the sheepskin lined lace up section and the straps.<br \/>\nThe price is per pair.<\/p>\n<p>Pictures by: <a href=\"https:\/\/feszekvipstudio.hu\/\" target=\"_blank\" rel=\"noopener\">Seiner photo<\/a><\/p>","protected":false},"featured_media":262284,"template":"","meta":{"_et_pb_use_builder":"","_et_pb_old_content":"","_et_gb_content_width":""},"product_brand":[],"product_cat":[45,23],"product_tag":[],"class_list":{"0":"post-262283","1":"product","2":"type-product","3":"status-publish","4":"has-post-thumbnail","6":"product_cat-harnesses","7":"product_cat-for-the-weekdays-and-party-accessories","9":"first","10":"instock","11":"shipping-taxable","12":"purchasable","13":"product-type-simple"},"yoast_head":"<!-- This site is optimized with the Yoast SEO Premium plugin v26.2 (Yoast SEO v26.3) - https:\/\/yoast.com\/wordpress\/plugins\/seo\/ -->\n<title>ALKAR V\u00c9D\u0150 - A B\u0151r\u00f6s l\u00e1ny<\/title>\n<meta name=\"robots\" content=\"index, follow, max-snippet:-1, max-image-preview:large, max-video-preview:-1\" \/>\n<link rel=\"canonical\" href=\"https:\/\/www.leathergirl.eu\/en\/product\/alkar-bet\/\" \/>\n<meta property=\"og:locale\" content=\"en_GB\" \/>\n<meta property=\"og:type\" content=\"article\" \/>\n<meta property=\"og:title\" content=\"ALKAR V\u00c9D\u0150\" \/>\n<meta property=\"og:description\" content=\"Ezt az alkar v\u00e9d\u0151t k\u00e9t r\u00e9teg marhab\u0151rb\u0151l k\u00e9sz\u00edtettem: a k\u00fcls\u0151 r\u00e9teg 1,5-2 mm vastag, er\u0151s b\u0151r, a bels\u0151 pedig v\u00e9konyabb, puh\u00e1bb, de szint\u00e9n er\u0151s. Ez a darab 21 cm magas, \u00e9s h\u00e1rom sz\u00edjat tettem r\u00e1, de term\u00e9szetesen sz\u00edvesen k\u00e9sz\u00edtek a te m\u00e9retedre is. A pontos illeszked\u00e9st egyr\u00e9szt a juhb\u0151rrel b\u00e9lelt f\u0171z\u0151-r\u00e9sz, m\u00e1sr\u00e9szt a sz\u00edjak biztos\u00edtj\u00e1k. Az \u00e1r egy p\u00e1rra vonatkozik.  Fot\u00f3: Seiner Photo\" \/>\n<meta property=\"og:url\" content=\"https:\/\/www.leathergirl.eu\/en\/product\/alkar-bet\/\" \/>\n<meta property=\"og:site_name\" content=\"A B\u0151r\u00f6s l\u00e1ny\" \/>\n<meta property=\"article:publisher\" content=\"https:\/\/www.facebook.com\/aboroslany\/\" \/>\n<meta property=\"article:modified_time\" content=\"2026-01-03T16:04:10+00:00\" \/>\n<meta property=\"og:image\" content=\"https:\/\/www.leathergirl.eu\/wp-content\/uploads\/2025\/03\/k-_HR22319-copy.jpg\" \/>\n\t<meta property=\"og:image:width\" content=\"683\" \/>\n\t<meta property=\"og:image:height\" content=\"1024\" \/>\n\t<meta property=\"og:image:type\" content=\"image\/jpeg\" \/>\n<script type=\"application\/ld+json\" class=\"yoast-schema-graph\">{\"@context\":\"https:\/\/schema.org\",\"@graph\":[{\"@type\":\"WebPage\",\"@id\":\"https:\/\/www.leathergirl.eu\/product\/alkar-vedo\/\",\"url\":\"https:\/\/www.leathergirl.eu\/product\/alkar-vedo\/\",\"name\":\"ALKAR V\u00c9D\u0150 - A B\u0151r\u00f6s l\u00e1ny\",\"isPartOf\":{\"@id\":\"https:\/\/www.leathergirl.eu\/#website\"},\"primaryImageOfPage\":{\"@id\":\"https:\/\/www.leathergirl.eu\/product\/alkar-vedo\/#primaryimage\"},\"image\":{\"@id\":\"https:\/\/www.leathergirl.eu\/product\/alkar-vedo\/#primaryimage\"},\"thumbnailUrl\":\"https:\/\/www.leathergirl.eu\/wp-content\/uploads\/2025\/03\/k-_HR22319-copy.jpg\",\"datePublished\":\"2025-03-30T17:30:50+00:00\",\"dateModified\":\"2026-01-03T16:04:10+00:00\",\"breadcrumb\":{\"@id\":\"https:\/\/www.leathergirl.eu\/product\/alkar-vedo\/#breadcrumb\"},\"inLanguage\":\"en-GB\",\"potentialAction\":[{\"@type\":\"ReadAction\",\"target\":[\"https:\/\/www.leathergirl.eu\/product\/alkar-vedo\/\"]}]},{\"@type\":\"ImageObject\",\"inLanguage\":\"en-GB\",\"@id\":\"https:\/\/www.leathergirl.eu\/product\/alkar-vedo\/#primaryimage\",\"url\":\"https:\/\/www.leathergirl.eu\/wp-content\/uploads\/2025\/03\/k-_HR22319-copy.jpg\",\"contentUrl\":\"https:\/\/www.leathergirl.eu\/wp-content\/uploads\/2025\/03\/k-_HR22319-copy.jpg\",\"width\":683,\"height\":1024},{\"@type\":\"BreadcrumbList\",\"@id\":\"https:\/\/www.leathergirl.eu\/product\/alkar-vedo\/#breadcrumb\",\"itemListElement\":[{\"@type\":\"ListItem\",\"position\":1,\"name\":\"Home\",\"item\":\"https:\/\/www.leathergirl.eu\/\"},{\"@type\":\"ListItem\",\"position\":2,\"name\":\"Shop\",\"item\":\"https:\/\/www.leathergirl.eu\/en\/uzlet\/\"},{\"@type\":\"ListItem\",\"position\":3,\"name\":\"ALKAR V\u00c9D\u0150\"}]},{\"@type\":\"WebSite\",\"@id\":\"https:\/\/www.leathergirl.eu\/#website\",\"url\":\"https:\/\/www.leathergirl.eu\/\",\"name\":\"A B\u0151r\u00f6s l\u00e1ny\",\"description\":\"... LeatherGirl ...\",\"publisher\":{\"@id\":\"https:\/\/www.leathergirl.eu\/#organization\"},\"potentialAction\":[{\"@type\":\"SearchAction\",\"target\":{\"@type\":\"EntryPoint\",\"urlTemplate\":\"https:\/\/www.leathergirl.eu\/?s={search_term_string}\"},\"query-input\":{\"@type\":\"PropertyValueSpecification\",\"valueRequired\":true,\"valueName\":\"search_term_string\"}}],\"inLanguage\":\"en-GB\"},{\"@type\":\"Organization\",\"@id\":\"https:\/\/www.leathergirl.eu\/#organization\",\"name\":\"A B\u0151r\u00f6s l\u00e1ny\",\"url\":\"https:\/\/www.leathergirl.eu\/\",\"logo\":{\"@type\":\"ImageObject\",\"inLanguage\":\"en-GB\",\"@id\":\"https:\/\/www.leathergirl.eu\/#\/schema\/logo\/image\/\",\"url\":\"https:\/\/www.leathergirl.eu\/wp-content\/uploads\/2024\/05\/leathergirl-logo.png\",\"contentUrl\":\"https:\/\/www.leathergirl.eu\/wp-content\/uploads\/2024\/05\/leathergirl-logo.png\",\"width\":280,\"height\":80,\"caption\":\"A B\u0151r\u00f6s l\u00e1ny\"},\"image\":{\"@id\":\"https:\/\/www.leathergirl.eu\/#\/schema\/logo\/image\/\"},\"sameAs\":[\"https:\/\/www.facebook.com\/aboroslany\/\",\"https:\/\/www.instagram.com\/theleathergirl\/\"],\"email\":\"aboroslany@gmail.com\",\"legalName\":\"Nepp T\u00edmea e.v.\",\"numberOfEmployees\":{\"@type\":\"QuantitativeValue\",\"minValue\":\"1\",\"maxValue\":\"10\"}}]}<\/script>\n<meta property=\"product:price:amount\" content=\"168.60\" \/>\n<meta property=\"product:price:currency\" content=\"EUR\" \/>\n<meta property=\"og:availability\" content=\"instock\" \/>\n<meta property=\"product:availability\" content=\"instock\" \/>\n<meta property=\"product:condition\" content=\"new\" \/>\n<!-- \/ Yoast SEO Premium plugin. -->","yoast_head_json":{"title":"ALKAR V\u00c9D\u0150 - The Furry Girl","robots":{"index":"index","follow":"follow","max-snippet":"max-snippet:-1","max-image-preview":"max-image-preview:large","max-video-preview":"max-video-preview:-1"},"canonical":"https:\/\/www.leathergirl.eu\/en\/product\/alkar-bet\/","og_locale":"en_GB","og_type":"article","og_title":"ALKAR V\u00c9D\u0150","og_description":"Ezt az alkar v\u00e9d\u0151t k\u00e9t r\u00e9teg marhab\u0151rb\u0151l k\u00e9sz\u00edtettem: a k\u00fcls\u0151 r\u00e9teg 1,5-2 mm vastag, er\u0151s b\u0151r, a bels\u0151 pedig v\u00e9konyabb, puh\u00e1bb, de szint\u00e9n er\u0151s. Ez a darab 21 cm magas, \u00e9s h\u00e1rom sz\u00edjat tettem r\u00e1, de term\u00e9szetesen sz\u00edvesen k\u00e9sz\u00edtek a te m\u00e9retedre is. A pontos illeszked\u00e9st egyr\u00e9szt a juhb\u0151rrel b\u00e9lelt f\u0171z\u0151-r\u00e9sz, m\u00e1sr\u00e9szt a sz\u00edjak biztos\u00edtj\u00e1k. Az \u00e1r egy p\u00e1rra vonatkozik.  Fot\u00f3: Seiner Photo","og_url":"https:\/\/www.leathergirl.eu\/en\/product\/alkar-bet\/","og_site_name":"A B\u0151r\u00f6s l\u00e1ny","article_publisher":"https:\/\/www.facebook.com\/aboroslany\/","article_modified_time":"2026-01-03T16:04:10+00:00","og_image":[{"width":683,"height":1024,"url":"https:\/\/www.leathergirl.eu\/wp-content\/uploads\/2025\/03\/k-_HR22319-copy.jpg","type":"image\/jpeg"}],"schema":{"@context":"https:\/\/schema.org","@graph":[{"@type":"WebPage","@id":"https:\/\/www.leathergirl.eu\/product\/alkar-vedo\/","url":"https:\/\/www.leathergirl.eu\/product\/alkar-vedo\/","name":"ALKAR V\u00c9D\u0150 - The Furry Girl","isPartOf":{"@id":"https:\/\/www.leathergirl.eu\/#website"},"primaryImageOfPage":{"@id":"https:\/\/www.leathergirl.eu\/product\/alkar-vedo\/#primaryimage"},"image":{"@id":"https:\/\/www.leathergirl.eu\/product\/alkar-vedo\/#primaryimage"},"thumbnailUrl":"https:\/\/www.leathergirl.eu\/wp-content\/uploads\/2025\/03\/k-_HR22319-copy.jpg","datePublished":"2025-03-30T17:30:50+00:00","dateModified":"2026-01-03T16:04:10+00:00","breadcrumb":{"@id":"https:\/\/www.leathergirl.eu\/product\/alkar-vedo\/#breadcrumb"},"inLanguage":"en-GB","potentialAction":[{"@type":"ReadAction","target":["https:\/\/www.leathergirl.eu\/product\/alkar-vedo\/"]}]},{"@type":"ImageObject","inLanguage":"en-GB","@id":"https:\/\/www.leathergirl.eu\/product\/alkar-vedo\/#primaryimage","url":"https:\/\/www.leathergirl.eu\/wp-content\/uploads\/2025\/03\/k-_HR22319-copy.jpg","contentUrl":"https:\/\/www.leathergirl.eu\/wp-content\/uploads\/2025\/03\/k-_HR22319-copy.jpg","width":683,"height":1024},{"@type":"BreadcrumbList","@id":"https:\/\/www.leathergirl.eu\/product\/alkar-vedo\/#breadcrumb","itemListElement":[{"@type":"ListItem","position":1,"name":"Home","item":"https:\/\/www.leathergirl.eu\/"},{"@type":"ListItem","position":2,"name":"Shop","item":"https:\/\/www.leathergirl.eu\/en\/uzlet\/"},{"@type":"ListItem","position":3,"name":"ALKAR V\u00c9D\u0150"}]},{"@type":"WebSite","@id":"https:\/\/www.leathergirl.eu\/#website","url":"https:\/\/www.leathergirl.eu\/","name":"The Leather Girl","description":"... LeatherGirl ...","publisher":{"@id":"https:\/\/www.leathergirl.eu\/#organization"},"potentialAction":[{"@type":"SearchAction","target":{"@type":"EntryPoint","urlTemplate":"https:\/\/www.leathergirl.eu\/?s={search_term_string}"},"query-input":{"@type":"PropertyValueSpecification","valueRequired":true,"valueName":"search_term_string"}}],"inLanguage":"en-GB"},{"@type":"Organization","@id":"https:\/\/www.leathergirl.eu\/#organization","name":"The Leather Girl","url":"https:\/\/www.leathergirl.eu\/","logo":{"@type":"ImageObject","inLanguage":"en-GB","@id":"https:\/\/www.leathergirl.eu\/#\/schema\/logo\/image\/","url":"https:\/\/www.leathergirl.eu\/wp-content\/uploads\/2024\/05\/leathergirl-logo.png","contentUrl":"https:\/\/www.leathergirl.eu\/wp-content\/uploads\/2024\/05\/leathergirl-logo.png","width":280,"height":80,"caption":"A B\u0151r\u00f6s l\u00e1ny"},"image":{"@id":"https:\/\/www.leathergirl.eu\/#\/schema\/logo\/image\/"},"sameAs":["https:\/\/www.facebook.com\/aboroslany\/","https:\/\/www.instagram.com\/theleathergirl\/"],"email":"aboroslany@gmail.com","legalName":"Nepp T\u00edmea e.v.","numberOfEmployees":{"@type":"QuantitativeValue","minValue":"1","maxValue":"10"}}]},"product_price_amount":"168.60","product_price_currency":"EUR","og_availability":"instock","product_availability":"instock","product_condition":"new"},"_links":{"self":[{"href":"https:\/\/www.leathergirl.eu\/en\/wp-json\/wp\/v2\/product\/262283","targetHints":{"allow":["GET"]}}],"collection":[{"href":"https:\/\/www.leathergirl.eu\/en\/wp-json\/wp\/v2\/product"}],"about":[{"href":"https:\/\/www.leathergirl.eu\/en\/wp-json\/wp\/v2\/types\/product"}],"wp:featuredmedia":[{"embeddable":true,"href":"https:\/\/www.leathergirl.eu\/en\/wp-json\/wp\/v2\/media\/262284"}],"wp:attachment":[{"href":"https:\/\/www.leathergirl.eu\/en\/wp-json\/wp\/v2\/media?parent=262283"}],"wp:term":[{"taxonomy":"product_brand","embeddable":true,"href":"https:\/\/www.leathergirl.eu\/en\/wp-json\/wp\/v2\/product_brand?post=262283"},{"taxonomy":"product_cat","embeddable":true,"href":"https:\/\/www.leathergirl.eu\/en\/wp-json\/wp\/v2\/product_cat?post=262283"},{"taxonomy":"product_tag","embeddable":true,"href":"https:\/\/www.leathergirl.eu\/en\/wp-json\/wp\/v2\/product_tag?post=262283"}],"curies":[{"name":"wp","href":"https:\/\/api.w.org\/{rel}","templated":true}]}}