{"id":261877,"date":"2024-07-30T10:54:03","date_gmt":"2024-07-30T08:54:03","guid":{"rendered":"https:\/\/www.leathergirl.eu\/?post_type=product&#038;p=261877"},"modified":"2026-01-04T16:54:35","modified_gmt":"2026-01-04T15:54:35","slug":"bra-with-suede-insert","status":"publish","type":"product","link":"https:\/\/www.leathergirl.eu\/en\/product\/bra-with-suede-insert\/","title":{"rendered":"LEATHER BRA WITH SPIKE INSERTS"},"content":{"rendered":"<p><span style=\"color: #000000;\"><span style=\"font-family: Arial, serif;\">The straps of this bra are made from three layers of medium-soft cowhide and come in widths of 2 and 3 cm. Each strap is adjustable with a lockable buckle for a secure fit.<br \/>\n<\/span><\/span><span style=\"color: #000000;\"><span style=\"font-family: Arial, serif;\">The cups are crafted from two layers of the same leather as the straps. Inside the bra, a Velcro fastening allows you to attach a removable insert containing approximately 50 blunt stainless steel spikes.<br \/>\n<\/span><\/span><span style=\"color: #000000;\"><span style=\"font-family: Arial, serif;\">This bra is best suited for wearers with a D cup or larger.<\/span><\/span><\/p>","protected":false},"excerpt":{"rendered":"<p><span style=\"color: #000000;\"><span style=\"font-family: Arial, serif;\">The straps of this bra are made from three layers of medium-soft cowhide and come in widths of 2 and 3 cm. Each strap is adjustable with a lockable buckle for a secure fit.<br \/>\n<\/span><\/span><span style=\"color: #000000;\"><span style=\"font-family: Arial, serif;\">The cups are crafted from two layers of the same leather as the straps. Inside the bra, a Velcro fastening allows you to attach a removable insert containing approximately 50 blunt stainless steel spikes.<br \/>\n<\/span><\/span><span style=\"color: #000000;\"><span style=\"font-family: Arial, serif;\">This bra is best suited for wearers with a D cup or larger.<\/span><\/span><\/p>","protected":false},"featured_media":261878,"template":"","meta":{"_et_pb_use_builder":"","_et_pb_old_content":"","_et_gb_content_width":""},"product_brand":[],"product_cat":[44,43],"product_tag":[],"class_list":{"0":"post-261877","1":"product","2":"type-product","3":"status-publish","4":"has-post-thumbnail","6":"product_cat-buszkesegeim","7":"product_cat-spiked-and-studded-things","9":"first","10":"instock","11":"shipping-taxable","12":"purchasable","13":"product-type-simple"},"yoast_head":"<!-- This site is optimized with the Yoast SEO Premium plugin v26.2 (Yoast SEO v26.3) - https:\/\/yoast.com\/wordpress\/plugins\/seo\/ -->\n<title>MELLTART\u00d3 SZ\u00d6GES BET\u00c9TTEL - A B\u0151r\u00f6s l\u00e1ny<\/title>\n<meta name=\"robots\" content=\"index, follow, max-snippet:-1, max-image-preview:large, max-video-preview:-1\" \/>\n<link rel=\"canonical\" href=\"https:\/\/www.leathergirl.eu\/en\/product\/bra-with-suede-insert\/\" \/>\n<meta property=\"og:locale\" content=\"en_GB\" \/>\n<meta property=\"og:type\" content=\"article\" \/>\n<meta property=\"og:title\" content=\"MELLTART\u00d3 SZ\u00d6GES BET\u00c9TTEL\" \/>\n<meta property=\"og:description\" content=\"A melltart\u00f3 sz\u00edjai 3 r\u00e9teg k\u00f6zepesen puha marhab\u0151rb\u0151l k\u00e9sz\u00fclnek. A testsz\u00edjak 3 cm sz\u00e9lesek, a melltart\u00f3 r\u00e9szt z\u00e1r\u00f3 sz\u00edjak pedig 2 cm-esek. Minden sz\u00edj hossza lakatolhat\u00f3 csattal szab\u00e1lyozhat\u00f3. A mellr\u00e9sz k\u00e9t r\u00e9teg, a sz\u00edjakkal azonos b\u0151rb\u0151l k\u00e9sz\u00fcl. A belsej\u00e9be t\u00e9p\u00f3z\u00e1rral r\u00f6gz\u00edthetsz egy bet\u00e9tet, mely kb 50 db rozsdamentes tompa-sz\u00f6get tartalmaz. Ez a melltart\u00f3 D-kos\u00e1r m\u00e9ret f\u00f6l\u00f6tt haszn\u00e1lhat\u00f3.\" \/>\n<meta property=\"og:url\" content=\"https:\/\/www.leathergirl.eu\/en\/product\/bra-with-suede-insert\/\" \/>\n<meta property=\"og:site_name\" content=\"A B\u0151r\u00f6s l\u00e1ny\" \/>\n<meta property=\"article:publisher\" content=\"https:\/\/www.facebook.com\/aboroslany\/\" \/>\n<meta property=\"article:modified_time\" content=\"2026-01-04T15:54:35+00:00\" \/>\n<meta property=\"og:image\" content=\"https:\/\/www.leathergirl.eu\/wp-content\/uploads\/2024\/07\/k-m1.png\" \/>\n\t<meta property=\"og:image:width\" content=\"600\" \/>\n\t<meta property=\"og:image:height\" content=\"725\" \/>\n\t<meta property=\"og:image:type\" content=\"image\/png\" \/>\n<script type=\"application\/ld+json\" class=\"yoast-schema-graph\">{\"@context\":\"https:\/\/schema.org\",\"@graph\":[{\"@type\":\"WebPage\",\"@id\":\"https:\/\/www.leathergirl.eu\/product\/melltarto-szoges-betettel\/\",\"url\":\"https:\/\/www.leathergirl.eu\/product\/melltarto-szoges-betettel\/\",\"name\":\"MELLTART\u00d3 SZ\u00d6GES BET\u00c9TTEL - A B\u0151r\u00f6s l\u00e1ny\",\"isPartOf\":{\"@id\":\"https:\/\/www.leathergirl.eu\/#website\"},\"primaryImageOfPage\":{\"@id\":\"https:\/\/www.leathergirl.eu\/product\/melltarto-szoges-betettel\/#primaryimage\"},\"image\":{\"@id\":\"https:\/\/www.leathergirl.eu\/product\/melltarto-szoges-betettel\/#primaryimage\"},\"thumbnailUrl\":\"https:\/\/www.leathergirl.eu\/wp-content\/uploads\/2024\/07\/k-m1.png\",\"datePublished\":\"2024-07-30T08:54:03+00:00\",\"dateModified\":\"2026-01-04T15:54:35+00:00\",\"breadcrumb\":{\"@id\":\"https:\/\/www.leathergirl.eu\/product\/melltarto-szoges-betettel\/#breadcrumb\"},\"inLanguage\":\"en-GB\",\"potentialAction\":[{\"@type\":\"ReadAction\",\"target\":[\"https:\/\/www.leathergirl.eu\/product\/melltarto-szoges-betettel\/\"]}]},{\"@type\":\"ImageObject\",\"inLanguage\":\"en-GB\",\"@id\":\"https:\/\/www.leathergirl.eu\/product\/melltarto-szoges-betettel\/#primaryimage\",\"url\":\"https:\/\/www.leathergirl.eu\/wp-content\/uploads\/2024\/07\/k-m1.png\",\"contentUrl\":\"https:\/\/www.leathergirl.eu\/wp-content\/uploads\/2024\/07\/k-m1.png\",\"width\":600,\"height\":725},{\"@type\":\"BreadcrumbList\",\"@id\":\"https:\/\/www.leathergirl.eu\/product\/melltarto-szoges-betettel\/#breadcrumb\",\"itemListElement\":[{\"@type\":\"ListItem\",\"position\":1,\"name\":\"Home\",\"item\":\"https:\/\/www.leathergirl.eu\/\"},{\"@type\":\"ListItem\",\"position\":2,\"name\":\"Shop\",\"item\":\"https:\/\/www.leathergirl.eu\/en\/uzlet\/\"},{\"@type\":\"ListItem\",\"position\":3,\"name\":\"MELLTART\u00d3 SZ\u00d6GES BET\u00c9TTEL\"}]},{\"@type\":\"WebSite\",\"@id\":\"https:\/\/www.leathergirl.eu\/#website\",\"url\":\"https:\/\/www.leathergirl.eu\/\",\"name\":\"A B\u0151r\u00f6s l\u00e1ny\",\"description\":\"... LeatherGirl ...\",\"publisher\":{\"@id\":\"https:\/\/www.leathergirl.eu\/#organization\"},\"potentialAction\":[{\"@type\":\"SearchAction\",\"target\":{\"@type\":\"EntryPoint\",\"urlTemplate\":\"https:\/\/www.leathergirl.eu\/?s={search_term_string}\"},\"query-input\":{\"@type\":\"PropertyValueSpecification\",\"valueRequired\":true,\"valueName\":\"search_term_string\"}}],\"inLanguage\":\"en-GB\"},{\"@type\":\"Organization\",\"@id\":\"https:\/\/www.leathergirl.eu\/#organization\",\"name\":\"A B\u0151r\u00f6s l\u00e1ny\",\"url\":\"https:\/\/www.leathergirl.eu\/\",\"logo\":{\"@type\":\"ImageObject\",\"inLanguage\":\"en-GB\",\"@id\":\"https:\/\/www.leathergirl.eu\/#\/schema\/logo\/image\/\",\"url\":\"https:\/\/www.leathergirl.eu\/wp-content\/uploads\/2024\/05\/leathergirl-logo.png\",\"contentUrl\":\"https:\/\/www.leathergirl.eu\/wp-content\/uploads\/2024\/05\/leathergirl-logo.png\",\"width\":280,\"height\":80,\"caption\":\"A B\u0151r\u00f6s l\u00e1ny\"},\"image\":{\"@id\":\"https:\/\/www.leathergirl.eu\/#\/schema\/logo\/image\/\"},\"sameAs\":[\"https:\/\/www.facebook.com\/aboroslany\/\",\"https:\/\/www.instagram.com\/theleathergirl\/\"],\"email\":\"aboroslany@gmail.com\",\"legalName\":\"Nepp T\u00edmea e.v.\",\"numberOfEmployees\":{\"@type\":\"QuantitativeValue\",\"minValue\":\"1\",\"maxValue\":\"10\"}}]}<\/script>\n<meta property=\"product:price:amount\" content=\"205.20\" \/>\n<meta property=\"product:price:currency\" content=\"EUR\" \/>\n<meta property=\"og:availability\" content=\"instock\" \/>\n<meta property=\"product:availability\" content=\"instock\" \/>\n<meta property=\"product:condition\" content=\"new\" \/>\n<!-- \/ Yoast SEO Premium plugin. -->","yoast_head_json":{"title":"LIVING WITH A BREATH - The Furry Girl","robots":{"index":"index","follow":"follow","max-snippet":"max-snippet:-1","max-image-preview":"max-image-preview:large","max-video-preview":"max-video-preview:-1"},"canonical":"https:\/\/www.leathergirl.eu\/en\/product\/bra-with-suede-insert\/","og_locale":"en_GB","og_type":"article","og_title":"MELLTART\u00d3 SZ\u00d6GES BET\u00c9TTEL","og_description":"A melltart\u00f3 sz\u00edjai 3 r\u00e9teg k\u00f6zepesen puha marhab\u0151rb\u0151l k\u00e9sz\u00fclnek. A testsz\u00edjak 3 cm sz\u00e9lesek, a melltart\u00f3 r\u00e9szt z\u00e1r\u00f3 sz\u00edjak pedig 2 cm-esek. Minden sz\u00edj hossza lakatolhat\u00f3 csattal szab\u00e1lyozhat\u00f3. A mellr\u00e9sz k\u00e9t r\u00e9teg, a sz\u00edjakkal azonos b\u0151rb\u0151l k\u00e9sz\u00fcl. A belsej\u00e9be t\u00e9p\u00f3z\u00e1rral r\u00f6gz\u00edthetsz egy bet\u00e9tet, mely kb 50 db rozsdamentes tompa-sz\u00f6get tartalmaz. Ez a melltart\u00f3 D-kos\u00e1r m\u00e9ret f\u00f6l\u00f6tt haszn\u00e1lhat\u00f3.","og_url":"https:\/\/www.leathergirl.eu\/en\/product\/bra-with-suede-insert\/","og_site_name":"A B\u0151r\u00f6s l\u00e1ny","article_publisher":"https:\/\/www.facebook.com\/aboroslany\/","article_modified_time":"2026-01-04T15:54:35+00:00","og_image":[{"width":600,"height":725,"url":"https:\/\/www.leathergirl.eu\/wp-content\/uploads\/2024\/07\/k-m1.png","type":"image\/png"}],"schema":{"@context":"https:\/\/schema.org","@graph":[{"@type":"WebPage","@id":"https:\/\/www.leathergirl.eu\/product\/melltarto-szoges-betettel\/","url":"https:\/\/www.leathergirl.eu\/product\/melltarto-szoges-betettel\/","name":"LIVING WITH A BREATH - The Furry Girl","isPartOf":{"@id":"https:\/\/www.leathergirl.eu\/#website"},"primaryImageOfPage":{"@id":"https:\/\/www.leathergirl.eu\/product\/melltarto-szoges-betettel\/#primaryimage"},"image":{"@id":"https:\/\/www.leathergirl.eu\/product\/melltarto-szoges-betettel\/#primaryimage"},"thumbnailUrl":"https:\/\/www.leathergirl.eu\/wp-content\/uploads\/2024\/07\/k-m1.png","datePublished":"2024-07-30T08:54:03+00:00","dateModified":"2026-01-04T15:54:35+00:00","breadcrumb":{"@id":"https:\/\/www.leathergirl.eu\/product\/melltarto-szoges-betettel\/#breadcrumb"},"inLanguage":"en-GB","potentialAction":[{"@type":"ReadAction","target":["https:\/\/www.leathergirl.eu\/product\/melltarto-szoges-betettel\/"]}]},{"@type":"ImageObject","inLanguage":"en-GB","@id":"https:\/\/www.leathergirl.eu\/product\/melltarto-szoges-betettel\/#primaryimage","url":"https:\/\/www.leathergirl.eu\/wp-content\/uploads\/2024\/07\/k-m1.png","contentUrl":"https:\/\/www.leathergirl.eu\/wp-content\/uploads\/2024\/07\/k-m1.png","width":600,"height":725},{"@type":"BreadcrumbList","@id":"https:\/\/www.leathergirl.eu\/product\/melltarto-szoges-betettel\/#breadcrumb","itemListElement":[{"@type":"ListItem","position":1,"name":"Home","item":"https:\/\/www.leathergirl.eu\/"},{"@type":"ListItem","position":2,"name":"Shop","item":"https:\/\/www.leathergirl.eu\/en\/uzlet\/"},{"@type":"ListItem","position":3,"name":"MELLTART\u00d3 SZ\u00d6GES BET\u00c9TTEL"}]},{"@type":"WebSite","@id":"https:\/\/www.leathergirl.eu\/#website","url":"https:\/\/www.leathergirl.eu\/","name":"The Leather Girl","description":"... LeatherGirl ...","publisher":{"@id":"https:\/\/www.leathergirl.eu\/#organization"},"potentialAction":[{"@type":"SearchAction","target":{"@type":"EntryPoint","urlTemplate":"https:\/\/www.leathergirl.eu\/?s={search_term_string}"},"query-input":{"@type":"PropertyValueSpecification","valueRequired":true,"valueName":"search_term_string"}}],"inLanguage":"en-GB"},{"@type":"Organization","@id":"https:\/\/www.leathergirl.eu\/#organization","name":"The Leather Girl","url":"https:\/\/www.leathergirl.eu\/","logo":{"@type":"ImageObject","inLanguage":"en-GB","@id":"https:\/\/www.leathergirl.eu\/#\/schema\/logo\/image\/","url":"https:\/\/www.leathergirl.eu\/wp-content\/uploads\/2024\/05\/leathergirl-logo.png","contentUrl":"https:\/\/www.leathergirl.eu\/wp-content\/uploads\/2024\/05\/leathergirl-logo.png","width":280,"height":80,"caption":"A B\u0151r\u00f6s l\u00e1ny"},"image":{"@id":"https:\/\/www.leathergirl.eu\/#\/schema\/logo\/image\/"},"sameAs":["https:\/\/www.facebook.com\/aboroslany\/","https:\/\/www.instagram.com\/theleathergirl\/"],"email":"aboroslany@gmail.com","legalName":"Nepp T\u00edmea e.v.","numberOfEmployees":{"@type":"QuantitativeValue","minValue":"1","maxValue":"10"}}]},"product_price_amount":"205.20","product_price_currency":"EUR","og_availability":"instock","product_availability":"instock","product_condition":"new"},"_links":{"self":[{"href":"https:\/\/www.leathergirl.eu\/en\/wp-json\/wp\/v2\/product\/261877","targetHints":{"allow":["GET"]}}],"collection":[{"href":"https:\/\/www.leathergirl.eu\/en\/wp-json\/wp\/v2\/product"}],"about":[{"href":"https:\/\/www.leathergirl.eu\/en\/wp-json\/wp\/v2\/types\/product"}],"wp:featuredmedia":[{"embeddable":true,"href":"https:\/\/www.leathergirl.eu\/en\/wp-json\/wp\/v2\/media\/261878"}],"wp:attachment":[{"href":"https:\/\/www.leathergirl.eu\/en\/wp-json\/wp\/v2\/media?parent=261877"}],"wp:term":[{"taxonomy":"product_brand","embeddable":true,"href":"https:\/\/www.leathergirl.eu\/en\/wp-json\/wp\/v2\/product_brand?post=261877"},{"taxonomy":"product_cat","embeddable":true,"href":"https:\/\/www.leathergirl.eu\/en\/wp-json\/wp\/v2\/product_cat?post=261877"},{"taxonomy":"product_tag","embeddable":true,"href":"https:\/\/www.leathergirl.eu\/en\/wp-json\/wp\/v2\/product_tag?post=261877"}],"curies":[{"name":"wp","href":"https:\/\/api.w.org\/{rel}","templated":true}]}}