{"id":261868,"date":"2024-07-30T10:27:35","date_gmt":"2024-07-30T08:27:35","guid":{"rendered":"https:\/\/www.leathergirl.eu\/?post_type=product&#038;p=261868"},"modified":"2026-01-03T14:38:53","modified_gmt":"2026-01-03T13:38:53","slug":"tailored-neckwear-with-tomor-res-hoops","status":"publish","type":"product","link":"https:\/\/www.leathergirl.eu\/en\/product\/tailored-neckwear-with-tomor-res-hoops\/","title":{"rendered":"TAILORED COLLAR WITH SOLID COPPER RINGS"},"content":{"rendered":"<p>7 cm wide, yet comfortable to wear thanks to its design. The exterior of the main body and straps is black mirror finish leather, while the interior is matte; both are cowhide. The length is adjustable with a brass buckle. I put a soft leather covered sponge inside, covering all the rivets, so it is comfortable to wear for long periods of time even for people with metal allergies. All metal accessories used are made of solid copper.<\/p>","protected":false},"excerpt":{"rendered":"<p>7 cm wide, yet comfortable to wear thanks to its design. The exterior of the main body and straps is black mirror finish leather, while the interior is matte; both are cowhide. The length is adjustable with a brass buckle. I put a soft leather covered sponge inside, covering all the rivets, so it is comfortable to wear for long periods of time even for people with metal allergies. All metal accessories used are made of solid copper.<\/p>","protected":false},"featured_media":261869,"template":"","meta":{"_et_pb_use_builder":"","_et_pb_old_content":"","_et_gb_content_width":""},"product_brand":[],"product_cat":[16],"product_tag":[],"class_list":{"0":"post-261868","1":"product","2":"type-product","3":"status-publish","4":"has-post-thumbnail","6":"product_cat-collars","8":"first","9":"instock","10":"shipping-taxable","11":"purchasable","12":"product-type-simple"},"yoast_head":"<!-- This site is optimized with the Yoast SEO Premium plugin v26.2 (Yoast SEO v26.3) - https:\/\/yoast.com\/wordpress\/plugins\/seo\/ -->\n<title>SZABOTT NYAKBAVAL\u00d3 T\u00d6M\u00d6R R\u00c9Z KARIK\u00c1KKAL - A B\u0151r\u00f6s l\u00e1ny<\/title>\n<meta name=\"robots\" content=\"index, follow, max-snippet:-1, max-image-preview:large, max-video-preview:-1\" \/>\n<link rel=\"canonical\" href=\"https:\/\/www.leathergirl.eu\/en\/product\/tailored-neckwear-with-tomor-res-hoops\/\" \/>\n<meta property=\"og:locale\" content=\"en_GB\" \/>\n<meta property=\"og:type\" content=\"article\" \/>\n<meta property=\"og:title\" content=\"SZABOTT NYAKBAVAL\u00d3 T\u00d6M\u00d6R R\u00c9Z KARIK\u00c1KKAL\" \/>\n<meta property=\"og:description\" content=\"7 cm sz\u00e9les, a kialak\u00edt\u00e1s\u00e1nak k\u00f6sz\u00f6nhet\u0151en m\u00e9gis k\u00e9nyelmes nyakbaval\u00f3. A f\u0151r\u00e9sz \u00e9s a sz\u00edjak k\u00fcls\u0151 r\u00e9sze fekete t\u00fck\u00f6rlakk b\u0151r, a bels\u0151 oldala pedig matt; mindkett\u0151 marhab\u0151r. A hossza r\u00e9z csattal szab\u00e1lyozhat\u00f3. Bel\u00fclre puha b\u0151rrel bevont szivacsot teszek, ami minden szegecset takar, \u00edgy hossz\u00fa t\u00e1von is k\u00e9nyelmes viselet f\u00e9mallergi\u00e1soknak is. Minden felhaszn\u00e1lt f\u00e9m kell\u00e9k t\u00f6m\u00f6r r\u00e9zb\u0151l k\u00e9sz\u00fclt.\" \/>\n<meta property=\"og:url\" content=\"https:\/\/www.leathergirl.eu\/en\/product\/tailored-neckwear-with-tomor-res-hoops\/\" \/>\n<meta property=\"og:site_name\" content=\"A B\u0151r\u00f6s l\u00e1ny\" \/>\n<meta property=\"article:publisher\" content=\"https:\/\/www.facebook.com\/aboroslany\/\" \/>\n<meta property=\"article:modified_time\" content=\"2026-01-03T13:38:53+00:00\" \/>\n<meta property=\"og:image\" content=\"https:\/\/www.leathergirl.eu\/wp-content\/uploads\/2024\/07\/k-nr1.png\" \/>\n\t<meta property=\"og:image:width\" content=\"494\" \/>\n\t<meta property=\"og:image:height\" content=\"800\" \/>\n\t<meta property=\"og:image:type\" content=\"image\/png\" \/>\n<script type=\"application\/ld+json\" class=\"yoast-schema-graph\">{\"@context\":\"https:\/\/schema.org\",\"@graph\":[{\"@type\":\"WebPage\",\"@id\":\"https:\/\/www.leathergirl.eu\/product\/szabott-nyakbavalo-tomor-rez-karikakkal\/\",\"url\":\"https:\/\/www.leathergirl.eu\/product\/szabott-nyakbavalo-tomor-rez-karikakkal\/\",\"name\":\"SZABOTT NYAKBAVAL\u00d3 T\u00d6M\u00d6R R\u00c9Z KARIK\u00c1KKAL - A B\u0151r\u00f6s l\u00e1ny\",\"isPartOf\":{\"@id\":\"https:\/\/www.leathergirl.eu\/#website\"},\"primaryImageOfPage\":{\"@id\":\"https:\/\/www.leathergirl.eu\/product\/szabott-nyakbavalo-tomor-rez-karikakkal\/#primaryimage\"},\"image\":{\"@id\":\"https:\/\/www.leathergirl.eu\/product\/szabott-nyakbavalo-tomor-rez-karikakkal\/#primaryimage\"},\"thumbnailUrl\":\"https:\/\/www.leathergirl.eu\/wp-content\/uploads\/2024\/07\/k-nr1.png\",\"datePublished\":\"2024-07-30T08:27:35+00:00\",\"dateModified\":\"2026-01-03T13:38:53+00:00\",\"breadcrumb\":{\"@id\":\"https:\/\/www.leathergirl.eu\/product\/szabott-nyakbavalo-tomor-rez-karikakkal\/#breadcrumb\"},\"inLanguage\":\"en-GB\",\"potentialAction\":[{\"@type\":\"ReadAction\",\"target\":[\"https:\/\/www.leathergirl.eu\/product\/szabott-nyakbavalo-tomor-rez-karikakkal\/\"]}]},{\"@type\":\"ImageObject\",\"inLanguage\":\"en-GB\",\"@id\":\"https:\/\/www.leathergirl.eu\/product\/szabott-nyakbavalo-tomor-rez-karikakkal\/#primaryimage\",\"url\":\"https:\/\/www.leathergirl.eu\/wp-content\/uploads\/2024\/07\/k-nr1.png\",\"contentUrl\":\"https:\/\/www.leathergirl.eu\/wp-content\/uploads\/2024\/07\/k-nr1.png\",\"width\":494,\"height\":800},{\"@type\":\"BreadcrumbList\",\"@id\":\"https:\/\/www.leathergirl.eu\/product\/szabott-nyakbavalo-tomor-rez-karikakkal\/#breadcrumb\",\"itemListElement\":[{\"@type\":\"ListItem\",\"position\":1,\"name\":\"Home\",\"item\":\"https:\/\/www.leathergirl.eu\/\"},{\"@type\":\"ListItem\",\"position\":2,\"name\":\"Shop\",\"item\":\"https:\/\/www.leathergirl.eu\/en\/uzlet\/\"},{\"@type\":\"ListItem\",\"position\":3,\"name\":\"SZABOTT NYAKBAVAL\u00d3 T\u00d6M\u00d6R R\u00c9Z KARIK\u00c1KKAL\"}]},{\"@type\":\"WebSite\",\"@id\":\"https:\/\/www.leathergirl.eu\/#website\",\"url\":\"https:\/\/www.leathergirl.eu\/\",\"name\":\"A B\u0151r\u00f6s l\u00e1ny\",\"description\":\"... LeatherGirl ...\",\"publisher\":{\"@id\":\"https:\/\/www.leathergirl.eu\/#organization\"},\"potentialAction\":[{\"@type\":\"SearchAction\",\"target\":{\"@type\":\"EntryPoint\",\"urlTemplate\":\"https:\/\/www.leathergirl.eu\/?s={search_term_string}\"},\"query-input\":{\"@type\":\"PropertyValueSpecification\",\"valueRequired\":true,\"valueName\":\"search_term_string\"}}],\"inLanguage\":\"en-GB\"},{\"@type\":\"Organization\",\"@id\":\"https:\/\/www.leathergirl.eu\/#organization\",\"name\":\"A B\u0151r\u00f6s l\u00e1ny\",\"url\":\"https:\/\/www.leathergirl.eu\/\",\"logo\":{\"@type\":\"ImageObject\",\"inLanguage\":\"en-GB\",\"@id\":\"https:\/\/www.leathergirl.eu\/#\/schema\/logo\/image\/\",\"url\":\"https:\/\/www.leathergirl.eu\/wp-content\/uploads\/2024\/05\/leathergirl-logo.png\",\"contentUrl\":\"https:\/\/www.leathergirl.eu\/wp-content\/uploads\/2024\/05\/leathergirl-logo.png\",\"width\":280,\"height\":80,\"caption\":\"A B\u0151r\u00f6s l\u00e1ny\"},\"image\":{\"@id\":\"https:\/\/www.leathergirl.eu\/#\/schema\/logo\/image\/\"},\"sameAs\":[\"https:\/\/www.facebook.com\/aboroslany\/\",\"https:\/\/www.instagram.com\/theleathergirl\/\"],\"email\":\"aboroslany@gmail.com\",\"legalName\":\"Nepp T\u00edmea e.v.\",\"numberOfEmployees\":{\"@type\":\"QuantitativeValue\",\"minValue\":\"1\",\"maxValue\":\"10\"}}]}<\/script>\n<meta property=\"product:price:amount\" content=\"95.70\" \/>\n<meta property=\"product:price:currency\" content=\"EUR\" \/>\n<meta property=\"og:availability\" content=\"instock\" \/>\n<meta property=\"product:availability\" content=\"instock\" \/>\n<meta property=\"product:condition\" content=\"new\" \/>\n<!-- \/ Yoast SEO Premium plugin. -->","yoast_head_json":{"title":"BEAUTIFUL BREATHING BABY WITH RED CARICACLES - The Furry Girl","robots":{"index":"index","follow":"follow","max-snippet":"max-snippet:-1","max-image-preview":"max-image-preview:large","max-video-preview":"max-video-preview:-1"},"canonical":"https:\/\/www.leathergirl.eu\/en\/product\/tailored-neckwear-with-tomor-res-hoops\/","og_locale":"en_GB","og_type":"article","og_title":"SZABOTT NYAKBAVAL\u00d3 T\u00d6M\u00d6R R\u00c9Z KARIK\u00c1KKAL","og_description":"7 cm sz\u00e9les, a kialak\u00edt\u00e1s\u00e1nak k\u00f6sz\u00f6nhet\u0151en m\u00e9gis k\u00e9nyelmes nyakbaval\u00f3. A f\u0151r\u00e9sz \u00e9s a sz\u00edjak k\u00fcls\u0151 r\u00e9sze fekete t\u00fck\u00f6rlakk b\u0151r, a bels\u0151 oldala pedig matt; mindkett\u0151 marhab\u0151r. A hossza r\u00e9z csattal szab\u00e1lyozhat\u00f3. Bel\u00fclre puha b\u0151rrel bevont szivacsot teszek, ami minden szegecset takar, \u00edgy hossz\u00fa t\u00e1von is k\u00e9nyelmes viselet f\u00e9mallergi\u00e1soknak is. Minden felhaszn\u00e1lt f\u00e9m kell\u00e9k t\u00f6m\u00f6r r\u00e9zb\u0151l k\u00e9sz\u00fclt.","og_url":"https:\/\/www.leathergirl.eu\/en\/product\/tailored-neckwear-with-tomor-res-hoops\/","og_site_name":"A B\u0151r\u00f6s l\u00e1ny","article_publisher":"https:\/\/www.facebook.com\/aboroslany\/","article_modified_time":"2026-01-03T13:38:53+00:00","og_image":[{"width":494,"height":800,"url":"https:\/\/www.leathergirl.eu\/wp-content\/uploads\/2024\/07\/k-nr1.png","type":"image\/png"}],"schema":{"@context":"https:\/\/schema.org","@graph":[{"@type":"WebPage","@id":"https:\/\/www.leathergirl.eu\/product\/szabott-nyakbavalo-tomor-rez-karikakkal\/","url":"https:\/\/www.leathergirl.eu\/product\/szabott-nyakbavalo-tomor-rez-karikakkal\/","name":"BEAUTIFUL BREATHING BABY WITH RED CARICACLES - The Furry Girl","isPartOf":{"@id":"https:\/\/www.leathergirl.eu\/#website"},"primaryImageOfPage":{"@id":"https:\/\/www.leathergirl.eu\/product\/szabott-nyakbavalo-tomor-rez-karikakkal\/#primaryimage"},"image":{"@id":"https:\/\/www.leathergirl.eu\/product\/szabott-nyakbavalo-tomor-rez-karikakkal\/#primaryimage"},"thumbnailUrl":"https:\/\/www.leathergirl.eu\/wp-content\/uploads\/2024\/07\/k-nr1.png","datePublished":"2024-07-30T08:27:35+00:00","dateModified":"2026-01-03T13:38:53+00:00","breadcrumb":{"@id":"https:\/\/www.leathergirl.eu\/product\/szabott-nyakbavalo-tomor-rez-karikakkal\/#breadcrumb"},"inLanguage":"en-GB","potentialAction":[{"@type":"ReadAction","target":["https:\/\/www.leathergirl.eu\/product\/szabott-nyakbavalo-tomor-rez-karikakkal\/"]}]},{"@type":"ImageObject","inLanguage":"en-GB","@id":"https:\/\/www.leathergirl.eu\/product\/szabott-nyakbavalo-tomor-rez-karikakkal\/#primaryimage","url":"https:\/\/www.leathergirl.eu\/wp-content\/uploads\/2024\/07\/k-nr1.png","contentUrl":"https:\/\/www.leathergirl.eu\/wp-content\/uploads\/2024\/07\/k-nr1.png","width":494,"height":800},{"@type":"BreadcrumbList","@id":"https:\/\/www.leathergirl.eu\/product\/szabott-nyakbavalo-tomor-rez-karikakkal\/#breadcrumb","itemListElement":[{"@type":"ListItem","position":1,"name":"Home","item":"https:\/\/www.leathergirl.eu\/"},{"@type":"ListItem","position":2,"name":"Shop","item":"https:\/\/www.leathergirl.eu\/en\/uzlet\/"},{"@type":"ListItem","position":3,"name":"SZABOTT NYAKBAVAL\u00d3 T\u00d6M\u00d6R R\u00c9Z KARIK\u00c1KKAL"}]},{"@type":"WebSite","@id":"https:\/\/www.leathergirl.eu\/#website","url":"https:\/\/www.leathergirl.eu\/","name":"The Leather Girl","description":"... LeatherGirl ...","publisher":{"@id":"https:\/\/www.leathergirl.eu\/#organization"},"potentialAction":[{"@type":"SearchAction","target":{"@type":"EntryPoint","urlTemplate":"https:\/\/www.leathergirl.eu\/?s={search_term_string}"},"query-input":{"@type":"PropertyValueSpecification","valueRequired":true,"valueName":"search_term_string"}}],"inLanguage":"en-GB"},{"@type":"Organization","@id":"https:\/\/www.leathergirl.eu\/#organization","name":"The Leather Girl","url":"https:\/\/www.leathergirl.eu\/","logo":{"@type":"ImageObject","inLanguage":"en-GB","@id":"https:\/\/www.leathergirl.eu\/#\/schema\/logo\/image\/","url":"https:\/\/www.leathergirl.eu\/wp-content\/uploads\/2024\/05\/leathergirl-logo.png","contentUrl":"https:\/\/www.leathergirl.eu\/wp-content\/uploads\/2024\/05\/leathergirl-logo.png","width":280,"height":80,"caption":"A B\u0151r\u00f6s l\u00e1ny"},"image":{"@id":"https:\/\/www.leathergirl.eu\/#\/schema\/logo\/image\/"},"sameAs":["https:\/\/www.facebook.com\/aboroslany\/","https:\/\/www.instagram.com\/theleathergirl\/"],"email":"aboroslany@gmail.com","legalName":"Nepp T\u00edmea e.v.","numberOfEmployees":{"@type":"QuantitativeValue","minValue":"1","maxValue":"10"}}]},"product_price_amount":"95.70","product_price_currency":"EUR","og_availability":"instock","product_availability":"instock","product_condition":"new"},"_links":{"self":[{"href":"https:\/\/www.leathergirl.eu\/en\/wp-json\/wp\/v2\/product\/261868","targetHints":{"allow":["GET"]}}],"collection":[{"href":"https:\/\/www.leathergirl.eu\/en\/wp-json\/wp\/v2\/product"}],"about":[{"href":"https:\/\/www.leathergirl.eu\/en\/wp-json\/wp\/v2\/types\/product"}],"wp:featuredmedia":[{"embeddable":true,"href":"https:\/\/www.leathergirl.eu\/en\/wp-json\/wp\/v2\/media\/261869"}],"wp:attachment":[{"href":"https:\/\/www.leathergirl.eu\/en\/wp-json\/wp\/v2\/media?parent=261868"}],"wp:term":[{"taxonomy":"product_brand","embeddable":true,"href":"https:\/\/www.leathergirl.eu\/en\/wp-json\/wp\/v2\/product_brand?post=261868"},{"taxonomy":"product_cat","embeddable":true,"href":"https:\/\/www.leathergirl.eu\/en\/wp-json\/wp\/v2\/product_cat?post=261868"},{"taxonomy":"product_tag","embeddable":true,"href":"https:\/\/www.leathergirl.eu\/en\/wp-json\/wp\/v2\/product_tag?post=261868"}],"curies":[{"name":"wp","href":"https:\/\/api.w.org\/{rel}","templated":true}]}}