{"id":261857,"date":"2024-07-30T10:06:25","date_gmt":"2024-07-30T08:06:25","guid":{"rendered":"https:\/\/www.leathergirl.eu\/?post_type=product&#038;p=261857"},"modified":"2026-01-03T17:05:48","modified_gmt":"2026-01-03T16:05:48","slug":"wine-cottaging","status":"publish","type":"product","link":"https:\/\/www.leathergirl.eu\/en\/product\/wine-cottaging\/","title":{"rendered":"LEATHER APRON"},"content":{"rendered":"<p>This is a really special BDSM accessory, made from a layer of cowhide with the edges folded in. There is a three compartment pocket on the chest. The middle part is wide and flat for a phone or cards. The two parts on the sides are narrow but deep, making them great for storing floggers. There is a carabiner on each side of the pocket for hanging impact tools from them.\nThe neck strap is lined with foam and soft leather to prevent it from cutting into your neck you can adjust the length with buckles. The apron can be fastened at the waist with a  leather strap.\nThe price includes the apron only, other accessories shown in the pictures are sold separately.\n\nModel:Marquis DS\nPhoto by SeinerK photo<br \/>\nThe neck strap is lined with sponge and soft leather to prevent discomfort or chafing, and its length can be adjusted with buckles. The apron fastens at the waist with a two-layer leather strap for a secure fit.<br \/>\nThe price includes the apron only, other accessories shown in the pictures can be ordered separately:<br \/>\nThe executioner's mask <a href=\"https:\/\/www.leathergirl.eu\/product\/hoher-maszk\/\" target=\"_blank\" rel=\"noopener\">HERE<\/a>, and the whips <a href=\"https:\/\/www.leathergirl.eu\/termekkategoria\/floggers-and-spanking-devices\/\" target=\"_blank\" rel=\"noopener\">HERE<\/a>.<\/p>\n<p>Pictures by: <a href=\"https:\/\/feszekvipstudio.hu\/\" target=\"_blank\" rel=\"noopener\">SeinerK photo<\/a><\/p>","protected":false},"excerpt":{"rendered":"<p>This is a really special BDSM accessory, made from a layer of cowhide with the edges folded in. There is a three compartment pocket on the chest. The middle part is wide and flat for a phone or cards. The two parts on the sides are narrow but deep, making them great for storing floggers. There is a carabiner on each side of the pocket for hanging impact tools from them.\nThe neck strap is lined with foam and soft leather to prevent it from cutting into your neck you can adjust the length with buckles. The apron can be fastened at the waist with a  leather strap.\nThe price includes the apron only, other accessories shown in the pictures are sold separately.\n\nModel:Marquis DS\nPhoto by SeinerK photo<br \/>\nThe neck strap is lined with sponge and soft leather to prevent discomfort or chafing, and its length can be adjusted with buckles. The apron fastens at the waist with a two-layer leather strap for a secure fit.<br \/>\nPlease note: The listed price is for the apron only. Other accessories shown in the photos can be ordered separately.<\/p>\n<p>Pictures by: <a href=\"https:\/\/feszekvipstudio.hu\/\" target=\"_blank\" rel=\"noopener\">SeinerK photo<\/a><\/p>","protected":false},"featured_media":262407,"template":"","meta":{"_et_pb_use_builder":"","_et_pb_old_content":"","_et_gb_content_width":""},"product_brand":[],"product_cat":[44,45,23],"product_tag":[],"class_list":{"0":"post-261857","1":"product","2":"type-product","3":"status-publish","4":"has-post-thumbnail","6":"product_cat-buszkesegeim","7":"product_cat-harnesses","8":"product_cat-for-the-weekdays-and-party-accessories","10":"first","11":"instock","12":"featured","13":"shipping-taxable","14":"purchasable","15":"product-type-simple"},"yoast_head":"<!-- This site is optimized with the Yoast SEO Premium plugin v26.2 (Yoast SEO v26.3) - https:\/\/yoast.com\/wordpress\/plugins\/seo\/ -->\n<title>B\u0150R K\u00d6T\u00c9NY - A B\u0151r\u00f6s l\u00e1ny<\/title>\n<meta name=\"robots\" content=\"index, follow, max-snippet:-1, max-image-preview:large, max-video-preview:-1\" \/>\n<link rel=\"canonical\" href=\"https:\/\/www.leathergirl.eu\/en\/product\/wine-cottaging\/\" \/>\n<meta property=\"og:locale\" content=\"en_GB\" \/>\n<meta property=\"og:type\" content=\"article\" \/>\n<meta property=\"og:title\" content=\"B\u0150R K\u00d6T\u00c9NY\" \/>\n<meta property=\"og:description\" content=\"Ez egy igaz\u00e1n k\u00fcl\u00f6nleges BDSM kieg\u00e9sz\u00edt\u0151, melyet egy r\u00e9teg marha box b\u0151rb\u0151l k\u00e9sz\u00edtek, a sz\u00e9leit behajtva. A mellkas r\u00e9szre egy h\u00e1rom osztat\u00fa zsebet varrok: a k\u00f6z\u00e9ps\u0151 r\u00e9sz viszonylag sz\u00e9les \u00e9s lapos (alapvet\u0151en telefonnak, irattart\u00f3nak terveztem); a k\u00e9t sz\u00e9ls\u0151 pedig viszonylag keskeny, de m\u00e9ly, \u00edgy kiv\u00e1l\u00f3an alkalmas korb\u00e1csok t\u00e1rol\u00e1s\u00e1ra. A zseb k\u00e9t oldal\u00e1ra egy-egy karabinert teszek, amire k\u00fcl\u00f6nb\u00f6z\u0151 fenekel\u0151 eszk\u00f6z\u00f6ket akaszthatsz. A nyaksz\u00edjat szivaccsal \u00e9s puha b\u0151rrel b\u00e9lelem al\u00e1, hogy ne v\u00e1gja a nyakadat; a hossz\u00e1t csatokkal szab\u00e1lyozhatod. A derekadon pedig egy k\u00e9t r\u00e9teg\u0171 b\u0151r sz\u00edjjal r\u00f6gz\u00edtheted a k\u00f6t\u00e9nyt. Az \u00e1r kiz\u00e1r\u00f3lag a k\u00f6t\u00e9nyt tartalmazza, a k\u00e9peken l\u00e1that\u00f3 egy\u00e9b kieg\u00e9sz\u00edt\u0151ket k\u00fcl\u00f6n rendelheted meg.  Fot\u00f3: SeinerK photo\" \/>\n<meta property=\"og:url\" content=\"https:\/\/www.leathergirl.eu\/en\/product\/wine-cottaging\/\" \/>\n<meta property=\"og:site_name\" content=\"A B\u0151r\u00f6s l\u00e1ny\" \/>\n<meta property=\"article:publisher\" content=\"https:\/\/www.facebook.com\/aboroslany\/\" \/>\n<meta property=\"article:modified_time\" content=\"2026-01-03T16:05:48+00:00\" \/>\n<meta property=\"og:image\" content=\"https:\/\/www.leathergirl.eu\/wp-content\/uploads\/2024\/07\/k-_HR22393.jpg\" \/>\n\t<meta property=\"og:image:width\" content=\"534\" \/>\n\t<meta property=\"og:image:height\" content=\"800\" \/>\n\t<meta property=\"og:image:type\" content=\"image\/jpeg\" \/>\n<script type=\"application\/ld+json\" class=\"yoast-schema-graph\">{\"@context\":\"https:\/\/schema.org\",\"@graph\":[{\"@type\":\"WebPage\",\"@id\":\"https:\/\/www.leathergirl.eu\/product\/bor-koteny\/\",\"url\":\"https:\/\/www.leathergirl.eu\/product\/bor-koteny\/\",\"name\":\"B\u0150R K\u00d6T\u00c9NY - A B\u0151r\u00f6s l\u00e1ny\",\"isPartOf\":{\"@id\":\"https:\/\/www.leathergirl.eu\/#website\"},\"primaryImageOfPage\":{\"@id\":\"https:\/\/www.leathergirl.eu\/product\/bor-koteny\/#primaryimage\"},\"image\":{\"@id\":\"https:\/\/www.leathergirl.eu\/product\/bor-koteny\/#primaryimage\"},\"thumbnailUrl\":\"https:\/\/www.leathergirl.eu\/wp-content\/uploads\/2024\/07\/k-_HR22393.jpg\",\"datePublished\":\"2024-07-30T08:06:25+00:00\",\"dateModified\":\"2026-01-03T16:05:48+00:00\",\"breadcrumb\":{\"@id\":\"https:\/\/www.leathergirl.eu\/product\/bor-koteny\/#breadcrumb\"},\"inLanguage\":\"en-GB\",\"potentialAction\":[{\"@type\":\"ReadAction\",\"target\":[\"https:\/\/www.leathergirl.eu\/product\/bor-koteny\/\"]}]},{\"@type\":\"ImageObject\",\"inLanguage\":\"en-GB\",\"@id\":\"https:\/\/www.leathergirl.eu\/product\/bor-koteny\/#primaryimage\",\"url\":\"https:\/\/www.leathergirl.eu\/wp-content\/uploads\/2024\/07\/k-_HR22393.jpg\",\"contentUrl\":\"https:\/\/www.leathergirl.eu\/wp-content\/uploads\/2024\/07\/k-_HR22393.jpg\",\"width\":534,\"height\":800},{\"@type\":\"BreadcrumbList\",\"@id\":\"https:\/\/www.leathergirl.eu\/product\/bor-koteny\/#breadcrumb\",\"itemListElement\":[{\"@type\":\"ListItem\",\"position\":1,\"name\":\"Home\",\"item\":\"https:\/\/www.leathergirl.eu\/\"},{\"@type\":\"ListItem\",\"position\":2,\"name\":\"Shop\",\"item\":\"https:\/\/www.leathergirl.eu\/en\/uzlet\/\"},{\"@type\":\"ListItem\",\"position\":3,\"name\":\"B\u0150R K\u00d6T\u00c9NY\"}]},{\"@type\":\"WebSite\",\"@id\":\"https:\/\/www.leathergirl.eu\/#website\",\"url\":\"https:\/\/www.leathergirl.eu\/\",\"name\":\"A B\u0151r\u00f6s l\u00e1ny\",\"description\":\"... LeatherGirl ...\",\"publisher\":{\"@id\":\"https:\/\/www.leathergirl.eu\/#organization\"},\"potentialAction\":[{\"@type\":\"SearchAction\",\"target\":{\"@type\":\"EntryPoint\",\"urlTemplate\":\"https:\/\/www.leathergirl.eu\/?s={search_term_string}\"},\"query-input\":{\"@type\":\"PropertyValueSpecification\",\"valueRequired\":true,\"valueName\":\"search_term_string\"}}],\"inLanguage\":\"en-GB\"},{\"@type\":\"Organization\",\"@id\":\"https:\/\/www.leathergirl.eu\/#organization\",\"name\":\"A B\u0151r\u00f6s l\u00e1ny\",\"url\":\"https:\/\/www.leathergirl.eu\/\",\"logo\":{\"@type\":\"ImageObject\",\"inLanguage\":\"en-GB\",\"@id\":\"https:\/\/www.leathergirl.eu\/#\/schema\/logo\/image\/\",\"url\":\"https:\/\/www.leathergirl.eu\/wp-content\/uploads\/2024\/05\/leathergirl-logo.png\",\"contentUrl\":\"https:\/\/www.leathergirl.eu\/wp-content\/uploads\/2024\/05\/leathergirl-logo.png\",\"width\":280,\"height\":80,\"caption\":\"A B\u0151r\u00f6s l\u00e1ny\"},\"image\":{\"@id\":\"https:\/\/www.leathergirl.eu\/#\/schema\/logo\/image\/\"},\"sameAs\":[\"https:\/\/www.facebook.com\/aboroslany\/\",\"https:\/\/www.instagram.com\/theleathergirl\/\"],\"email\":\"aboroslany@gmail.com\",\"legalName\":\"Nepp T\u00edmea e.v.\",\"numberOfEmployees\":{\"@type\":\"QuantitativeValue\",\"minValue\":\"1\",\"maxValue\":\"10\"}}]}<\/script>\n<meta property=\"product:price:amount\" content=\"230.00\" \/>\n<meta property=\"product:price:currency\" content=\"EUR\" \/>\n<meta property=\"og:availability\" content=\"instock\" \/>\n<meta property=\"product:availability\" content=\"instock\" \/>\n<meta property=\"product:condition\" content=\"new\" \/>\n<!-- \/ Yoast SEO Premium plugin. -->","yoast_head_json":{"title":"SKIN OF A GIRL - The Girl with Skin","robots":{"index":"index","follow":"follow","max-snippet":"max-snippet:-1","max-image-preview":"max-image-preview:large","max-video-preview":"max-video-preview:-1"},"canonical":"https:\/\/www.leathergirl.eu\/en\/product\/wine-cottaging\/","og_locale":"en_GB","og_type":"article","og_title":"B\u0150R K\u00d6T\u00c9NY","og_description":"Ez egy igaz\u00e1n k\u00fcl\u00f6nleges BDSM kieg\u00e9sz\u00edt\u0151, melyet egy r\u00e9teg marha box b\u0151rb\u0151l k\u00e9sz\u00edtek, a sz\u00e9leit behajtva. A mellkas r\u00e9szre egy h\u00e1rom osztat\u00fa zsebet varrok: a k\u00f6z\u00e9ps\u0151 r\u00e9sz viszonylag sz\u00e9les \u00e9s lapos (alapvet\u0151en telefonnak, irattart\u00f3nak terveztem); a k\u00e9t sz\u00e9ls\u0151 pedig viszonylag keskeny, de m\u00e9ly, \u00edgy kiv\u00e1l\u00f3an alkalmas korb\u00e1csok t\u00e1rol\u00e1s\u00e1ra. A zseb k\u00e9t oldal\u00e1ra egy-egy karabinert teszek, amire k\u00fcl\u00f6nb\u00f6z\u0151 fenekel\u0151 eszk\u00f6z\u00f6ket akaszthatsz. A nyaksz\u00edjat szivaccsal \u00e9s puha b\u0151rrel b\u00e9lelem al\u00e1, hogy ne v\u00e1gja a nyakadat; a hossz\u00e1t csatokkal szab\u00e1lyozhatod. A derekadon pedig egy k\u00e9t r\u00e9teg\u0171 b\u0151r sz\u00edjjal r\u00f6gz\u00edtheted a k\u00f6t\u00e9nyt. Az \u00e1r kiz\u00e1r\u00f3lag a k\u00f6t\u00e9nyt tartalmazza, a k\u00e9peken l\u00e1that\u00f3 egy\u00e9b kieg\u00e9sz\u00edt\u0151ket k\u00fcl\u00f6n rendelheted meg.  Fot\u00f3: SeinerK photo","og_url":"https:\/\/www.leathergirl.eu\/en\/product\/wine-cottaging\/","og_site_name":"A B\u0151r\u00f6s l\u00e1ny","article_publisher":"https:\/\/www.facebook.com\/aboroslany\/","article_modified_time":"2026-01-03T16:05:48+00:00","og_image":[{"width":534,"height":800,"url":"https:\/\/www.leathergirl.eu\/wp-content\/uploads\/2024\/07\/k-_HR22393.jpg","type":"image\/jpeg"}],"schema":{"@context":"https:\/\/schema.org","@graph":[{"@type":"WebPage","@id":"https:\/\/www.leathergirl.eu\/product\/bor-koteny\/","url":"https:\/\/www.leathergirl.eu\/product\/bor-koteny\/","name":"SKIN OF A GIRL - The Girl with Skin","isPartOf":{"@id":"https:\/\/www.leathergirl.eu\/#website"},"primaryImageOfPage":{"@id":"https:\/\/www.leathergirl.eu\/product\/bor-koteny\/#primaryimage"},"image":{"@id":"https:\/\/www.leathergirl.eu\/product\/bor-koteny\/#primaryimage"},"thumbnailUrl":"https:\/\/www.leathergirl.eu\/wp-content\/uploads\/2024\/07\/k-_HR22393.jpg","datePublished":"2024-07-30T08:06:25+00:00","dateModified":"2026-01-03T16:05:48+00:00","breadcrumb":{"@id":"https:\/\/www.leathergirl.eu\/product\/bor-koteny\/#breadcrumb"},"inLanguage":"en-GB","potentialAction":[{"@type":"ReadAction","target":["https:\/\/www.leathergirl.eu\/product\/bor-koteny\/"]}]},{"@type":"ImageObject","inLanguage":"en-GB","@id":"https:\/\/www.leathergirl.eu\/product\/bor-koteny\/#primaryimage","url":"https:\/\/www.leathergirl.eu\/wp-content\/uploads\/2024\/07\/k-_HR22393.jpg","contentUrl":"https:\/\/www.leathergirl.eu\/wp-content\/uploads\/2024\/07\/k-_HR22393.jpg","width":534,"height":800},{"@type":"BreadcrumbList","@id":"https:\/\/www.leathergirl.eu\/product\/bor-koteny\/#breadcrumb","itemListElement":[{"@type":"ListItem","position":1,"name":"Home","item":"https:\/\/www.leathergirl.eu\/"},{"@type":"ListItem","position":2,"name":"Shop","item":"https:\/\/www.leathergirl.eu\/en\/uzlet\/"},{"@type":"ListItem","position":3,"name":"B\u0150R K\u00d6T\u00c9NY"}]},{"@type":"WebSite","@id":"https:\/\/www.leathergirl.eu\/#website","url":"https:\/\/www.leathergirl.eu\/","name":"The Leather Girl","description":"... LeatherGirl ...","publisher":{"@id":"https:\/\/www.leathergirl.eu\/#organization"},"potentialAction":[{"@type":"SearchAction","target":{"@type":"EntryPoint","urlTemplate":"https:\/\/www.leathergirl.eu\/?s={search_term_string}"},"query-input":{"@type":"PropertyValueSpecification","valueRequired":true,"valueName":"search_term_string"}}],"inLanguage":"en-GB"},{"@type":"Organization","@id":"https:\/\/www.leathergirl.eu\/#organization","name":"The Leather Girl","url":"https:\/\/www.leathergirl.eu\/","logo":{"@type":"ImageObject","inLanguage":"en-GB","@id":"https:\/\/www.leathergirl.eu\/#\/schema\/logo\/image\/","url":"https:\/\/www.leathergirl.eu\/wp-content\/uploads\/2024\/05\/leathergirl-logo.png","contentUrl":"https:\/\/www.leathergirl.eu\/wp-content\/uploads\/2024\/05\/leathergirl-logo.png","width":280,"height":80,"caption":"A B\u0151r\u00f6s l\u00e1ny"},"image":{"@id":"https:\/\/www.leathergirl.eu\/#\/schema\/logo\/image\/"},"sameAs":["https:\/\/www.facebook.com\/aboroslany\/","https:\/\/www.instagram.com\/theleathergirl\/"],"email":"aboroslany@gmail.com","legalName":"Nepp T\u00edmea e.v.","numberOfEmployees":{"@type":"QuantitativeValue","minValue":"1","maxValue":"10"}}]},"product_price_amount":"230.00","product_price_currency":"EUR","og_availability":"instock","product_availability":"instock","product_condition":"new"},"_links":{"self":[{"href":"https:\/\/www.leathergirl.eu\/en\/wp-json\/wp\/v2\/product\/261857","targetHints":{"allow":["GET"]}}],"collection":[{"href":"https:\/\/www.leathergirl.eu\/en\/wp-json\/wp\/v2\/product"}],"about":[{"href":"https:\/\/www.leathergirl.eu\/en\/wp-json\/wp\/v2\/types\/product"}],"wp:featuredmedia":[{"embeddable":true,"href":"https:\/\/www.leathergirl.eu\/en\/wp-json\/wp\/v2\/media\/262407"}],"wp:attachment":[{"href":"https:\/\/www.leathergirl.eu\/en\/wp-json\/wp\/v2\/media?parent=261857"}],"wp:term":[{"taxonomy":"product_brand","embeddable":true,"href":"https:\/\/www.leathergirl.eu\/en\/wp-json\/wp\/v2\/product_brand?post=261857"},{"taxonomy":"product_cat","embeddable":true,"href":"https:\/\/www.leathergirl.eu\/en\/wp-json\/wp\/v2\/product_cat?post=261857"},{"taxonomy":"product_tag","embeddable":true,"href":"https:\/\/www.leathergirl.eu\/en\/wp-json\/wp\/v2\/product_tag?post=261857"}],"curies":[{"name":"wp","href":"https:\/\/api.w.org\/{rel}","templated":true}]}}