{"id":261819,"date":"2024-07-29T10:39:48","date_gmt":"2024-07-29T08:39:48","guid":{"rendered":"https:\/\/www.leathergirl.eu\/?post_type=product&#038;p=261819"},"modified":"2026-01-03T17:06:53","modified_gmt":"2026-01-03T16:06:53","slug":"so-ferfi","status":"publish","type":"product","link":"https:\/\/www.leathergirl.eu\/en\/product\/so-ferfi\/","title":{"rendered":"MEN'S LEATHER THONG"},"content":{"rendered":"<p><span style=\"color: #000000;\"><span style=\"font-family: Arial, serif;\">This thong is made of two layers of buttery soft cowhide, making it both durable and comfortable. The straps are made of two layers of cowhide, the outer layer being 1,5-2 mm thick, strong leather, the inner layer being soft but also durable. The length of the strap is adjustable with a buckle. The waistband is 3 cm wide and the strap between the buttocks is 2 cm wide.<\/span><\/span><\/p>\n<p>The harness shown in the pictures <a href=\"https:\/\/www.leathergirl.eu\/product\/leguan-ham-mellkasra-es-karra\/\" target=\"_blank\" rel=\"noopener\">HERE<\/a>, the whip <a href=\"https:\/\/www.leathergirl.eu\/product\/kilenc-szalas-hosszu-korbacs\/\" target=\"_blank\" rel=\"noopener\">HERE<\/a>, and the mask <a href=\"https:\/\/www.leathergirl.eu\/product\/hoher-maszk\/\" target=\"_blank\" rel=\"noopener\">HERE<\/a> .<\/p>\n<p>Pictures by:\u00a0<a href=\"https:\/\/feszekvipstudio.hu\/\" target=\"_blank\" rel=\"noopener\">Seiner photo<\/a><\/p>","protected":false},"excerpt":{"rendered":"<p><span style=\"color: #000000;\"><span style=\"font-family: Arial, serif;\">This thong is made of two layers of buttery soft cowhide, making it both durable and comfortable. The straps are made of two layers of cowhide, the outer layer being 1,5-2 mm thick, strong leather, the inner layer being soft but also durable. The length of the strap is adjustable with a buckle. The waistband is 3 cm wide and the strap between the buttocks is 2 cm wide.<\/span><\/span><\/p>\n<p>The harness shown in the pictures <a href=\"https:\/\/www.leathergirl.eu\/product\/leguan-ham-mellkasra-es-karra\/\" target=\"_blank\" rel=\"noopener\">HERE<\/a>, the whip <a href=\"https:\/\/www.leathergirl.eu\/product\/kilenc-szalas-hosszu-korbacs\/\" target=\"_blank\" rel=\"noopener\">HERE<\/a>, and the mask <a href=\"https:\/\/www.leathergirl.eu\/product\/hoher-maszk\/\" target=\"_blank\" rel=\"noopener\">HERE<\/a> .<\/p>\n<p>Pictures by:\u00a0<a href=\"https:\/\/feszekvipstudio.hu\/\" target=\"_blank\" rel=\"noopener\">Seiner photo<\/a><\/p>","protected":false},"featured_media":262424,"template":"","meta":{"_et_pb_use_builder":"","_et_pb_old_content":"","_et_gb_content_width":""},"product_brand":[],"product_cat":[45,23],"product_tag":[],"class_list":{"0":"post-261819","1":"product","2":"type-product","3":"status-publish","4":"has-post-thumbnail","6":"product_cat-harnesses","7":"product_cat-for-the-weekdays-and-party-accessories","9":"first","10":"instock","11":"shipping-taxable","12":"purchasable","13":"product-type-simple"},"yoast_head":"<!-- This site is optimized with the Yoast SEO Premium plugin v26.2 (Yoast SEO v26.3) - https:\/\/yoast.com\/wordpress\/plugins\/seo\/ -->\n<title>F\u00c9RFI ALS\u00d3 - A B\u0151r\u00f6s l\u00e1ny<\/title>\n<meta name=\"robots\" content=\"index, follow, max-snippet:-1, max-image-preview:large, max-video-preview:-1\" \/>\n<link rel=\"canonical\" href=\"https:\/\/www.leathergirl.eu\/en\/product\/so-ferfi\/\" \/>\n<meta property=\"og:locale\" content=\"en_GB\" \/>\n<meta property=\"og:type\" content=\"article\" \/>\n<meta property=\"og:title\" content=\"F\u00c9RFI ALS\u00d3\" \/>\n<meta property=\"og:description\" content=\"Ezt az als\u00f3t k\u00e9t r\u00e9teg vajpuha marhab\u0151rb\u0151l k\u00e9sz\u00edtem, hogy k\u00e9nyelmes legyen. A sz\u00edjak k\u00e9t r\u00e9teg marhab\u0151rb\u0151l k\u00e9sz\u00fclnek, melyb\u0151l a k\u00fcls\u0151 r\u00e9teg 1,5-2 mm vastag, er\u0151s b\u0151r, a bels\u0151 pedig puha, de szint\u00e9n er\u0151s; hosszuk csattal szab\u00e1lyozhat\u00f3. A der\u00e9k\u00f6v 3 cm, az \u00fclepsz\u00edj pedig 2 cm sz\u00e9les.  A k\u00e9peken l\u00e1that\u00f3 h\u00e1mot ITT, a korb\u00e1csot ITT, a maszkot pedig ITT tal\u00e1lod.  Modell fot\u00f3:\u00a0Seiner Photo\" \/>\n<meta property=\"og:url\" content=\"https:\/\/www.leathergirl.eu\/en\/product\/so-ferfi\/\" \/>\n<meta property=\"og:site_name\" content=\"A B\u0151r\u00f6s l\u00e1ny\" \/>\n<meta property=\"article:publisher\" content=\"https:\/\/www.facebook.com\/aboroslany\/\" \/>\n<meta property=\"article:modified_time\" content=\"2026-01-03T16:06:53+00:00\" \/>\n<meta property=\"og:image\" content=\"https:\/\/www.leathergirl.eu\/wp-content\/uploads\/2024\/07\/k2-_HR22191.jpg\" \/>\n\t<meta property=\"og:image:width\" content=\"534\" \/>\n\t<meta property=\"og:image:height\" content=\"800\" \/>\n\t<meta property=\"og:image:type\" content=\"image\/jpeg\" \/>\n<script type=\"application\/ld+json\" class=\"yoast-schema-graph\">{\"@context\":\"https:\/\/schema.org\",\"@graph\":[{\"@type\":\"WebPage\",\"@id\":\"https:\/\/www.leathergirl.eu\/product\/ferfi-also\/\",\"url\":\"https:\/\/www.leathergirl.eu\/product\/ferfi-also\/\",\"name\":\"F\u00c9RFI ALS\u00d3 - A B\u0151r\u00f6s l\u00e1ny\",\"isPartOf\":{\"@id\":\"https:\/\/www.leathergirl.eu\/#website\"},\"primaryImageOfPage\":{\"@id\":\"https:\/\/www.leathergirl.eu\/product\/ferfi-also\/#primaryimage\"},\"image\":{\"@id\":\"https:\/\/www.leathergirl.eu\/product\/ferfi-also\/#primaryimage\"},\"thumbnailUrl\":\"https:\/\/www.leathergirl.eu\/wp-content\/uploads\/2024\/07\/k2-_HR22191.jpg\",\"datePublished\":\"2024-07-29T08:39:48+00:00\",\"dateModified\":\"2026-01-03T16:06:53+00:00\",\"breadcrumb\":{\"@id\":\"https:\/\/www.leathergirl.eu\/product\/ferfi-also\/#breadcrumb\"},\"inLanguage\":\"en-GB\",\"potentialAction\":[{\"@type\":\"ReadAction\",\"target\":[\"https:\/\/www.leathergirl.eu\/product\/ferfi-also\/\"]}]},{\"@type\":\"ImageObject\",\"inLanguage\":\"en-GB\",\"@id\":\"https:\/\/www.leathergirl.eu\/product\/ferfi-also\/#primaryimage\",\"url\":\"https:\/\/www.leathergirl.eu\/wp-content\/uploads\/2024\/07\/k2-_HR22191.jpg\",\"contentUrl\":\"https:\/\/www.leathergirl.eu\/wp-content\/uploads\/2024\/07\/k2-_HR22191.jpg\",\"width\":534,\"height\":800},{\"@type\":\"BreadcrumbList\",\"@id\":\"https:\/\/www.leathergirl.eu\/product\/ferfi-also\/#breadcrumb\",\"itemListElement\":[{\"@type\":\"ListItem\",\"position\":1,\"name\":\"Home\",\"item\":\"https:\/\/www.leathergirl.eu\/\"},{\"@type\":\"ListItem\",\"position\":2,\"name\":\"Shop\",\"item\":\"https:\/\/www.leathergirl.eu\/en\/uzlet\/\"},{\"@type\":\"ListItem\",\"position\":3,\"name\":\"F\u00c9RFI ALS\u00d3\"}]},{\"@type\":\"WebSite\",\"@id\":\"https:\/\/www.leathergirl.eu\/#website\",\"url\":\"https:\/\/www.leathergirl.eu\/\",\"name\":\"A B\u0151r\u00f6s l\u00e1ny\",\"description\":\"... LeatherGirl ...\",\"publisher\":{\"@id\":\"https:\/\/www.leathergirl.eu\/#organization\"},\"potentialAction\":[{\"@type\":\"SearchAction\",\"target\":{\"@type\":\"EntryPoint\",\"urlTemplate\":\"https:\/\/www.leathergirl.eu\/?s={search_term_string}\"},\"query-input\":{\"@type\":\"PropertyValueSpecification\",\"valueRequired\":true,\"valueName\":\"search_term_string\"}}],\"inLanguage\":\"en-GB\"},{\"@type\":\"Organization\",\"@id\":\"https:\/\/www.leathergirl.eu\/#organization\",\"name\":\"A B\u0151r\u00f6s l\u00e1ny\",\"url\":\"https:\/\/www.leathergirl.eu\/\",\"logo\":{\"@type\":\"ImageObject\",\"inLanguage\":\"en-GB\",\"@id\":\"https:\/\/www.leathergirl.eu\/#\/schema\/logo\/image\/\",\"url\":\"https:\/\/www.leathergirl.eu\/wp-content\/uploads\/2024\/05\/leathergirl-logo.png\",\"contentUrl\":\"https:\/\/www.leathergirl.eu\/wp-content\/uploads\/2024\/05\/leathergirl-logo.png\",\"width\":280,\"height\":80,\"caption\":\"A B\u0151r\u00f6s l\u00e1ny\"},\"image\":{\"@id\":\"https:\/\/www.leathergirl.eu\/#\/schema\/logo\/image\/\"},\"sameAs\":[\"https:\/\/www.facebook.com\/aboroslany\/\",\"https:\/\/www.instagram.com\/theleathergirl\/\"],\"email\":\"aboroslany@gmail.com\",\"legalName\":\"Nepp T\u00edmea e.v.\",\"numberOfEmployees\":{\"@type\":\"QuantitativeValue\",\"minValue\":\"1\",\"maxValue\":\"10\"}}]}<\/script>\n<meta property=\"product:price:amount\" content=\"111.50\" \/>\n<meta property=\"product:price:currency\" content=\"EUR\" \/>\n<meta property=\"og:availability\" content=\"instock\" \/>\n<meta property=\"product:availability\" content=\"instock\" \/>\n<meta property=\"product:condition\" content=\"new\" \/>\n<!-- \/ Yoast SEO Premium plugin. -->","yoast_head_json":{"title":"ALSO MANLY - The Girl with Skin","robots":{"index":"index","follow":"follow","max-snippet":"max-snippet:-1","max-image-preview":"max-image-preview:large","max-video-preview":"max-video-preview:-1"},"canonical":"https:\/\/www.leathergirl.eu\/en\/product\/so-ferfi\/","og_locale":"en_GB","og_type":"article","og_title":"F\u00c9RFI ALS\u00d3","og_description":"Ezt az als\u00f3t k\u00e9t r\u00e9teg vajpuha marhab\u0151rb\u0151l k\u00e9sz\u00edtem, hogy k\u00e9nyelmes legyen. A sz\u00edjak k\u00e9t r\u00e9teg marhab\u0151rb\u0151l k\u00e9sz\u00fclnek, melyb\u0151l a k\u00fcls\u0151 r\u00e9teg 1,5-2 mm vastag, er\u0151s b\u0151r, a bels\u0151 pedig puha, de szint\u00e9n er\u0151s; hosszuk csattal szab\u00e1lyozhat\u00f3. A der\u00e9k\u00f6v 3 cm, az \u00fclepsz\u00edj pedig 2 cm sz\u00e9les.  A k\u00e9peken l\u00e1that\u00f3 h\u00e1mot ITT, a korb\u00e1csot ITT, a maszkot pedig ITT tal\u00e1lod.  Modell fot\u00f3:\u00a0Seiner Photo","og_url":"https:\/\/www.leathergirl.eu\/en\/product\/so-ferfi\/","og_site_name":"A B\u0151r\u00f6s l\u00e1ny","article_publisher":"https:\/\/www.facebook.com\/aboroslany\/","article_modified_time":"2026-01-03T16:06:53+00:00","og_image":[{"width":534,"height":800,"url":"https:\/\/www.leathergirl.eu\/wp-content\/uploads\/2024\/07\/k2-_HR22191.jpg","type":"image\/jpeg"}],"schema":{"@context":"https:\/\/schema.org","@graph":[{"@type":"WebPage","@id":"https:\/\/www.leathergirl.eu\/product\/ferfi-also\/","url":"https:\/\/www.leathergirl.eu\/product\/ferfi-also\/","name":"ALSO MANLY - The Girl with Skin","isPartOf":{"@id":"https:\/\/www.leathergirl.eu\/#website"},"primaryImageOfPage":{"@id":"https:\/\/www.leathergirl.eu\/product\/ferfi-also\/#primaryimage"},"image":{"@id":"https:\/\/www.leathergirl.eu\/product\/ferfi-also\/#primaryimage"},"thumbnailUrl":"https:\/\/www.leathergirl.eu\/wp-content\/uploads\/2024\/07\/k2-_HR22191.jpg","datePublished":"2024-07-29T08:39:48+00:00","dateModified":"2026-01-03T16:06:53+00:00","breadcrumb":{"@id":"https:\/\/www.leathergirl.eu\/product\/ferfi-also\/#breadcrumb"},"inLanguage":"en-GB","potentialAction":[{"@type":"ReadAction","target":["https:\/\/www.leathergirl.eu\/product\/ferfi-also\/"]}]},{"@type":"ImageObject","inLanguage":"en-GB","@id":"https:\/\/www.leathergirl.eu\/product\/ferfi-also\/#primaryimage","url":"https:\/\/www.leathergirl.eu\/wp-content\/uploads\/2024\/07\/k2-_HR22191.jpg","contentUrl":"https:\/\/www.leathergirl.eu\/wp-content\/uploads\/2024\/07\/k2-_HR22191.jpg","width":534,"height":800},{"@type":"BreadcrumbList","@id":"https:\/\/www.leathergirl.eu\/product\/ferfi-also\/#breadcrumb","itemListElement":[{"@type":"ListItem","position":1,"name":"Home","item":"https:\/\/www.leathergirl.eu\/"},{"@type":"ListItem","position":2,"name":"Shop","item":"https:\/\/www.leathergirl.eu\/en\/uzlet\/"},{"@type":"ListItem","position":3,"name":"F\u00c9RFI ALS\u00d3"}]},{"@type":"WebSite","@id":"https:\/\/www.leathergirl.eu\/#website","url":"https:\/\/www.leathergirl.eu\/","name":"The Leather Girl","description":"... LeatherGirl ...","publisher":{"@id":"https:\/\/www.leathergirl.eu\/#organization"},"potentialAction":[{"@type":"SearchAction","target":{"@type":"EntryPoint","urlTemplate":"https:\/\/www.leathergirl.eu\/?s={search_term_string}"},"query-input":{"@type":"PropertyValueSpecification","valueRequired":true,"valueName":"search_term_string"}}],"inLanguage":"en-GB"},{"@type":"Organization","@id":"https:\/\/www.leathergirl.eu\/#organization","name":"The Leather Girl","url":"https:\/\/www.leathergirl.eu\/","logo":{"@type":"ImageObject","inLanguage":"en-GB","@id":"https:\/\/www.leathergirl.eu\/#\/schema\/logo\/image\/","url":"https:\/\/www.leathergirl.eu\/wp-content\/uploads\/2024\/05\/leathergirl-logo.png","contentUrl":"https:\/\/www.leathergirl.eu\/wp-content\/uploads\/2024\/05\/leathergirl-logo.png","width":280,"height":80,"caption":"A B\u0151r\u00f6s l\u00e1ny"},"image":{"@id":"https:\/\/www.leathergirl.eu\/#\/schema\/logo\/image\/"},"sameAs":["https:\/\/www.facebook.com\/aboroslany\/","https:\/\/www.instagram.com\/theleathergirl\/"],"email":"aboroslany@gmail.com","legalName":"Nepp T\u00edmea e.v.","numberOfEmployees":{"@type":"QuantitativeValue","minValue":"1","maxValue":"10"}}]},"product_price_amount":"111.50","product_price_currency":"EUR","og_availability":"instock","product_availability":"instock","product_condition":"new"},"_links":{"self":[{"href":"https:\/\/www.leathergirl.eu\/en\/wp-json\/wp\/v2\/product\/261819","targetHints":{"allow":["GET"]}}],"collection":[{"href":"https:\/\/www.leathergirl.eu\/en\/wp-json\/wp\/v2\/product"}],"about":[{"href":"https:\/\/www.leathergirl.eu\/en\/wp-json\/wp\/v2\/types\/product"}],"wp:featuredmedia":[{"embeddable":true,"href":"https:\/\/www.leathergirl.eu\/en\/wp-json\/wp\/v2\/media\/262424"}],"wp:attachment":[{"href":"https:\/\/www.leathergirl.eu\/en\/wp-json\/wp\/v2\/media?parent=261819"}],"wp:term":[{"taxonomy":"product_brand","embeddable":true,"href":"https:\/\/www.leathergirl.eu\/en\/wp-json\/wp\/v2\/product_brand?post=261819"},{"taxonomy":"product_cat","embeddable":true,"href":"https:\/\/www.leathergirl.eu\/en\/wp-json\/wp\/v2\/product_cat?post=261819"},{"taxonomy":"product_tag","embeddable":true,"href":"https:\/\/www.leathergirl.eu\/en\/wp-json\/wp\/v2\/product_tag?post=261819"}],"curies":[{"name":"wp","href":"https:\/\/api.w.org\/{rel}","templated":true}]}}