{"id":261809,"date":"2024-07-26T17:01:00","date_gmt":"2024-07-26T15:01:00","guid":{"rendered":"https:\/\/www.leathergirl.eu\/?post_type=product&#038;p=261809"},"modified":"2026-01-03T13:45:21","modified_gmt":"2026-01-03T12:45:21","slug":"red-black-extra-clamp-clasp-2","status":"publish","type":"product","link":"https:\/\/www.leathergirl.eu\/en\/product\/red-black-extra-clamp-clasp-2\/","title":{"rendered":"Red and black leather extra cuff set"},"content":{"rendered":"<p><span style=\"color: #000000;\"><span style=\"font-family: Arial, serif;\">The main part of the cuffs is 6 cm wide, and I cut them from two layers of black cowhide. The straps are 3 cm wide, with two layers of soft red cowhide underneath, on which I sew a layer of black cowhide about 1.5 mm thick with red thread. The straps hold several welded half rings: 2 at the wrist, 3 at the ankle and 4 at the neck.<br \/>\n<\/span><\/span><span style=\"color: #000000;\"><span style=\"font-family: Arial, serif;\">All metal hardware is black.<br \/>\n<\/span><\/span><span style=\"color: #000000;\"><span style=\"font-family: Arial, serif;\">Locks are not included.<br \/>\n<\/span><\/span><span style=\"color: #000000;\"><span style=\"font-family: Arial, serif;\">The set includes a pair of wrist cuffs, a pair of ankle cuffs and a neck cuff, but of course you can also buy them separately:<br \/>\n<a href=\"https:\/\/www.leathergirl.eu\/termek\/piros-fekete-extra-csuklobilincs-2\/\" target=\"_blank\" rel=\"noopener\"><a href=\"https:\/\/www.leathergirl.eu\/en\/termek\/lakatolhato-csuklobilincs-2db-felkarikaval\/\" target=\"_blank\" rel=\"noopener\">hand cuffs<\/a> with 2 d-rings<\/li><\/a><br \/>\n<a href=\"https:\/\/www.leathergirl.eu\/termek\/piros-fekete-extra-bokabilincs-2\/\" target=\"_blank\" rel=\"noopener\">ankle<\/a><br \/>\n<a href=\"https:\/\/www.leathergirl.eu\/termek\/piros-fekete-extra-nyakbilincs\/\" target=\"_blank\" rel=\"noopener\">neck<\/a><\/span><\/span><\/p>","protected":false},"excerpt":{"rendered":"<p><span style=\"color: #000000;\"><span style=\"font-family: Arial, serif;\">The main part of the cuffs is 6 cm wide, and I cut them from two layers of black cowhide. The straps are 3 cm wide, with two layers of soft red cowhide underneath, on which I sew a layer of black cowhide about 1.5 mm thick with red thread. The straps hold several welded half rings: 2 at the wrist, 3 at the ankle and 4 at the neck.<br \/>\n<\/span><\/span><span style=\"color: #000000;\"><span style=\"font-family: Arial, serif;\">All metal hardware is black.<br \/>\n<\/span><\/span><span style=\"color: #000000;\"><span style=\"font-family: Arial, serif;\">Locks are not included.<br \/>\n<\/span><\/span><span style=\"color: #000000;\"><span style=\"font-family: Arial, serif;\">The set includes a pair of wrist cuffs, a pair of ankle cuffs and a neck cuff, but of course you can also buy them separately:<br \/>\n<a href=\"https:\/\/www.leathergirl.eu\/termek\/piros-fekete-extra-csuklobilincs-2\/\" target=\"_blank\" rel=\"noopener\"><a href=\"https:\/\/www.leathergirl.eu\/en\/termek\/lakatolhato-csuklobilincs-2db-felkarikaval\/\" target=\"_blank\" rel=\"noopener\">hand cuffs<\/a> with 2 d-rings<\/li><\/a><br \/>\n<a href=\"https:\/\/www.leathergirl.eu\/termek\/piros-fekete-extra-bokabilincs-2\/\" target=\"_blank\" rel=\"noopener\">ankle<\/a><br \/>\n<a href=\"https:\/\/www.leathergirl.eu\/termek\/piros-fekete-extra-nyakbilincs\/\" target=\"_blank\" rel=\"noopener\">neck<\/a><\/span><\/span><\/p>","protected":false},"featured_media":261802,"template":"","meta":{"_et_pb_use_builder":"","_et_pb_old_content":"","_et_gb_content_width":""},"product_brand":[],"product_cat":[18],"product_tag":[],"class_list":{"0":"post-261809","1":"product","2":"type-product","3":"status-publish","4":"has-post-thumbnail","6":"product_cat-sets","8":"first","9":"instock","10":"shipping-taxable","11":"purchasable","12":"product-type-simple"},"yoast_head":"<!-- This site is optimized with the Yoast SEO Premium plugin v26.2 (Yoast SEO v26.3) - https:\/\/yoast.com\/wordpress\/plugins\/seo\/ -->\n<title>PIROS-FEKETE EXTRA BILINCS K\u00c9SZLET - A B\u0151r\u00f6s l\u00e1ny<\/title>\n<meta name=\"description\" content=\"A bilincsek f\u0151r\u00e9sze 6 cm sz\u00e9les, \u00e9s k\u00e9t r\u00e9teg fekete marhab\u0151rb\u0151l szabom \u0151ket. A sz\u00edjak 3 cm sz\u00e9lesek, alul k\u00e9t r\u00e9teg puha piros marhab\u0151rb\u0151l, amire piros c\u00e9rn\u00e1val varrunk egy r\u00e9teg, kb 1,5 mm vastag fekete marhab\u0151rt. A sz\u00edjak t\u00f6bb hegesztett f\u00e9lkarik\u00e1t tartanak: a csukl\u00f3n\u00e1l 2 db-ot, a bok\u00e1n\u00e1l 3 db-ot, a nyakn\u00e1l pedig 4 db-ot. Minden f\u00e9m csat, f\u00e9lkarika \u00e9s szegecs is fekete sz\u00edn\u0171.A bilincsek bels\u0151 oldal\u00e1ra puha, piros b\u0151rrel bevont szivacsot varrunk, hogy k\u00e9nyelmes legyen viselni, \u00e9s egy\u00fattal eltakarjuk vele a sz\u00edjat r\u00f6gz\u00edt\u0151 szegecseket is; \u00edgy f\u00e9mallergi\u00e1sok is felvehetik.\" \/>\n<meta name=\"robots\" content=\"index, follow, max-snippet:-1, max-image-preview:large, max-video-preview:-1\" \/>\n<link rel=\"canonical\" href=\"https:\/\/www.leathergirl.eu\/en\/product\/red-black-extra-clamp-clasp-2\/\" \/>\n<meta property=\"og:locale\" content=\"en_GB\" \/>\n<meta property=\"og:type\" content=\"article\" \/>\n<meta property=\"og:title\" content=\"PIROS-FEKETE EXTRA BILINCS K\u00c9SZLET\" \/>\n<meta property=\"og:description\" content=\"A bilincsek f\u0151r\u00e9sze 6 cm sz\u00e9les, \u00e9s k\u00e9t r\u00e9teg fekete marhab\u0151rb\u0151l szabom \u0151ket. A sz\u00edjak 3 cm sz\u00e9lesek, alul k\u00e9t r\u00e9teg puha piros marhab\u0151rb\u0151l, amire piros c\u00e9rn\u00e1val varrunk egy r\u00e9teg, kb 1,5 mm vastag fekete marhab\u0151rt. A sz\u00edjak t\u00f6bb hegesztett f\u00e9lkarik\u00e1t tartanak: a csukl\u00f3n\u00e1l 2 db-ot, a bok\u00e1n\u00e1l 3 db-ot, a nyakn\u00e1l pedig 4 db-ot. Minden f\u00e9m csat, f\u00e9lkarika \u00e9s szegecs is fekete sz\u00edn\u0171.A bilincsek bels\u0151 oldal\u00e1ra puha, piros b\u0151rrel bevont szivacsot varrunk, hogy k\u00e9nyelmes legyen viselni, \u00e9s egy\u00fattal eltakarjuk vele a sz\u00edjat r\u00f6gz\u00edt\u0151 szegecseket is; \u00edgy f\u00e9mallergi\u00e1sok is felvehetik.\" \/>\n<meta property=\"og:url\" content=\"https:\/\/www.leathergirl.eu\/en\/product\/red-black-extra-clamp-clasp-2\/\" \/>\n<meta property=\"og:site_name\" content=\"A B\u0151r\u00f6s l\u00e1ny\" \/>\n<meta property=\"article:publisher\" content=\"https:\/\/www.facebook.com\/aboroslany\/\" \/>\n<meta property=\"article:modified_time\" content=\"2026-01-03T12:45:21+00:00\" \/>\n<meta property=\"og:image\" content=\"https:\/\/www.leathergirl.eu\/wp-content\/uploads\/2024\/07\/k-keszlet2.png\" \/>\n\t<meta property=\"og:image:width\" content=\"800\" \/>\n\t<meta property=\"og:image:height\" content=\"506\" \/>\n\t<meta property=\"og:image:type\" content=\"image\/png\" \/>\n<script type=\"application\/ld+json\" class=\"yoast-schema-graph\">{\"@context\":\"https:\/\/schema.org\",\"@graph\":[{\"@type\":\"WebPage\",\"@id\":\"https:\/\/www.leathergirl.eu\/product\/piros-fekete-extra-bilincs-keszlet-2\/\",\"url\":\"https:\/\/www.leathergirl.eu\/product\/piros-fekete-extra-bilincs-keszlet-2\/\",\"name\":\"PIROS-FEKETE EXTRA BILINCS K\u00c9SZLET - A B\u0151r\u00f6s l\u00e1ny\",\"isPartOf\":{\"@id\":\"https:\/\/www.leathergirl.eu\/#website\"},\"primaryImageOfPage\":{\"@id\":\"https:\/\/www.leathergirl.eu\/product\/piros-fekete-extra-bilincs-keszlet-2\/#primaryimage\"},\"image\":{\"@id\":\"https:\/\/www.leathergirl.eu\/product\/piros-fekete-extra-bilincs-keszlet-2\/#primaryimage\"},\"thumbnailUrl\":\"https:\/\/www.leathergirl.eu\/wp-content\/uploads\/2024\/07\/k-keszlet2.png\",\"datePublished\":\"2024-07-26T15:01:00+00:00\",\"dateModified\":\"2026-01-03T12:45:21+00:00\",\"description\":\"A bilincsek f\u0151r\u00e9sze 6 cm sz\u00e9les, \u00e9s k\u00e9t r\u00e9teg fekete marhab\u0151rb\u0151l szabom \u0151ket. A sz\u00edjak 3 cm sz\u00e9lesek, alul k\u00e9t r\u00e9teg puha piros marhab\u0151rb\u0151l, amire piros c\u00e9rn\u00e1val varrunk egy r\u00e9teg, kb 1,5 mm vastag fekete marhab\u0151rt. A sz\u00edjak t\u00f6bb hegesztett f\u00e9lkarik\u00e1t tartanak: a csukl\u00f3n\u00e1l 2 db-ot, a bok\u00e1n\u00e1l 3 db-ot, a nyakn\u00e1l pedig 4 db-ot. Minden f\u00e9m csat, f\u00e9lkarika \u00e9s szegecs is fekete sz\u00edn\u0171.A bilincsek bels\u0151 oldal\u00e1ra puha, piros b\u0151rrel bevont szivacsot varrunk, hogy k\u00e9nyelmes legyen viselni, \u00e9s egy\u00fattal eltakarjuk vele a sz\u00edjat r\u00f6gz\u00edt\u0151 szegecseket is; \u00edgy f\u00e9mallergi\u00e1sok is felvehetik.\",\"breadcrumb\":{\"@id\":\"https:\/\/www.leathergirl.eu\/product\/piros-fekete-extra-bilincs-keszlet-2\/#breadcrumb\"},\"inLanguage\":\"en-GB\",\"potentialAction\":[{\"@type\":\"ReadAction\",\"target\":[\"https:\/\/www.leathergirl.eu\/product\/piros-fekete-extra-bilincs-keszlet-2\/\"]}]},{\"@type\":\"ImageObject\",\"inLanguage\":\"en-GB\",\"@id\":\"https:\/\/www.leathergirl.eu\/product\/piros-fekete-extra-bilincs-keszlet-2\/#primaryimage\",\"url\":\"https:\/\/www.leathergirl.eu\/wp-content\/uploads\/2024\/07\/k-keszlet2.png\",\"contentUrl\":\"https:\/\/www.leathergirl.eu\/wp-content\/uploads\/2024\/07\/k-keszlet2.png\",\"width\":800,\"height\":506},{\"@type\":\"BreadcrumbList\",\"@id\":\"https:\/\/www.leathergirl.eu\/product\/piros-fekete-extra-bilincs-keszlet-2\/#breadcrumb\",\"itemListElement\":[{\"@type\":\"ListItem\",\"position\":1,\"name\":\"Home\",\"item\":\"https:\/\/www.leathergirl.eu\/\"},{\"@type\":\"ListItem\",\"position\":2,\"name\":\"Shop\",\"item\":\"https:\/\/www.leathergirl.eu\/en\/uzlet\/\"},{\"@type\":\"ListItem\",\"position\":3,\"name\":\"PIROS-FEKETE EXTRA BILINCS K\u00c9SZLET\"}]},{\"@type\":\"WebSite\",\"@id\":\"https:\/\/www.leathergirl.eu\/#website\",\"url\":\"https:\/\/www.leathergirl.eu\/\",\"name\":\"A B\u0151r\u00f6s l\u00e1ny\",\"description\":\"... LeatherGirl ...\",\"publisher\":{\"@id\":\"https:\/\/www.leathergirl.eu\/#organization\"},\"potentialAction\":[{\"@type\":\"SearchAction\",\"target\":{\"@type\":\"EntryPoint\",\"urlTemplate\":\"https:\/\/www.leathergirl.eu\/?s={search_term_string}\"},\"query-input\":{\"@type\":\"PropertyValueSpecification\",\"valueRequired\":true,\"valueName\":\"search_term_string\"}}],\"inLanguage\":\"en-GB\"},{\"@type\":\"Organization\",\"@id\":\"https:\/\/www.leathergirl.eu\/#organization\",\"name\":\"A B\u0151r\u00f6s l\u00e1ny\",\"url\":\"https:\/\/www.leathergirl.eu\/\",\"logo\":{\"@type\":\"ImageObject\",\"inLanguage\":\"en-GB\",\"@id\":\"https:\/\/www.leathergirl.eu\/#\/schema\/logo\/image\/\",\"url\":\"https:\/\/www.leathergirl.eu\/wp-content\/uploads\/2024\/05\/leathergirl-logo.png\",\"contentUrl\":\"https:\/\/www.leathergirl.eu\/wp-content\/uploads\/2024\/05\/leathergirl-logo.png\",\"width\":280,\"height\":80,\"caption\":\"A B\u0151r\u00f6s l\u00e1ny\"},\"image\":{\"@id\":\"https:\/\/www.leathergirl.eu\/#\/schema\/logo\/image\/\"},\"sameAs\":[\"https:\/\/www.facebook.com\/aboroslany\/\",\"https:\/\/www.instagram.com\/theleathergirl\/\"],\"email\":\"aboroslany@gmail.com\",\"legalName\":\"Nepp T\u00edmea e.v.\",\"numberOfEmployees\":{\"@type\":\"QuantitativeValue\",\"minValue\":\"1\",\"maxValue\":\"10\"}}]}<\/script>\n<meta property=\"product:price:amount\" content=\"243.80\" \/>\n<meta property=\"product:price:currency\" content=\"EUR\" \/>\n<meta property=\"og:availability\" content=\"instock\" \/>\n<meta property=\"product:availability\" content=\"instock\" \/>\n<meta property=\"product:condition\" content=\"new\" \/>\n<!-- \/ Yoast SEO Premium plugin. -->","yoast_head_json":{"title":"RED-BLACK EXTRA LENS SET - The Furry Girl","description":"The main part of the cuffs is 6 cm wide, and I cut them from two layers of black cowhide. The straps are 3 cm wide, with two layers of soft red cowhide underneath, on which I sew a layer of black cowhide about 1.5 mm thick with red thread. The straps hold several welded half rings: 2 at the wrist, 3 at the ankle and 4 at the neck. All the metal buckles, half-rings and rivets are also black.A soft red leather covered sponge is sewn on the inside of the buckles to make them comfortable to wear, and also to cover the rivets that secure the strap, so that they can be worn by people with metal allergies.","robots":{"index":"index","follow":"follow","max-snippet":"max-snippet:-1","max-image-preview":"max-image-preview:large","max-video-preview":"max-video-preview:-1"},"canonical":"https:\/\/www.leathergirl.eu\/en\/product\/red-black-extra-clamp-clasp-2\/","og_locale":"en_GB","og_type":"article","og_title":"PIROS-FEKETE EXTRA BILINCS K\u00c9SZLET","og_description":"A bilincsek f\u0151r\u00e9sze 6 cm sz\u00e9les, \u00e9s k\u00e9t r\u00e9teg fekete marhab\u0151rb\u0151l szabom \u0151ket. A sz\u00edjak 3 cm sz\u00e9lesek, alul k\u00e9t r\u00e9teg puha piros marhab\u0151rb\u0151l, amire piros c\u00e9rn\u00e1val varrunk egy r\u00e9teg, kb 1,5 mm vastag fekete marhab\u0151rt. A sz\u00edjak t\u00f6bb hegesztett f\u00e9lkarik\u00e1t tartanak: a csukl\u00f3n\u00e1l 2 db-ot, a bok\u00e1n\u00e1l 3 db-ot, a nyakn\u00e1l pedig 4 db-ot. Minden f\u00e9m csat, f\u00e9lkarika \u00e9s szegecs is fekete sz\u00edn\u0171.A bilincsek bels\u0151 oldal\u00e1ra puha, piros b\u0151rrel bevont szivacsot varrunk, hogy k\u00e9nyelmes legyen viselni, \u00e9s egy\u00fattal eltakarjuk vele a sz\u00edjat r\u00f6gz\u00edt\u0151 szegecseket is; \u00edgy f\u00e9mallergi\u00e1sok is felvehetik.","og_url":"https:\/\/www.leathergirl.eu\/en\/product\/red-black-extra-clamp-clasp-2\/","og_site_name":"A B\u0151r\u00f6s l\u00e1ny","article_publisher":"https:\/\/www.facebook.com\/aboroslany\/","article_modified_time":"2026-01-03T12:45:21+00:00","og_image":[{"width":800,"height":506,"url":"https:\/\/www.leathergirl.eu\/wp-content\/uploads\/2024\/07\/k-keszlet2.png","type":"image\/png"}],"schema":{"@context":"https:\/\/schema.org","@graph":[{"@type":"WebPage","@id":"https:\/\/www.leathergirl.eu\/product\/piros-fekete-extra-bilincs-keszlet-2\/","url":"https:\/\/www.leathergirl.eu\/product\/piros-fekete-extra-bilincs-keszlet-2\/","name":"RED-BLACK EXTRA LENS SET - The Furry Girl","isPartOf":{"@id":"https:\/\/www.leathergirl.eu\/#website"},"primaryImageOfPage":{"@id":"https:\/\/www.leathergirl.eu\/product\/piros-fekete-extra-bilincs-keszlet-2\/#primaryimage"},"image":{"@id":"https:\/\/www.leathergirl.eu\/product\/piros-fekete-extra-bilincs-keszlet-2\/#primaryimage"},"thumbnailUrl":"https:\/\/www.leathergirl.eu\/wp-content\/uploads\/2024\/07\/k-keszlet2.png","datePublished":"2024-07-26T15:01:00+00:00","dateModified":"2026-01-03T12:45:21+00:00","description":"The main part of the cuffs is 6 cm wide, and I cut them from two layers of black cowhide. The straps are 3 cm wide, with two layers of soft red cowhide underneath, on which I sew a layer of black cowhide about 1.5 mm thick with red thread. The straps hold several welded half rings: 2 at the wrist, 3 at the ankle and 4 at the neck. All the metal buckles, half-rings and rivets are also black.A soft red leather covered sponge is sewn on the inside of the buckles to make them comfortable to wear, and also to cover the rivets that secure the strap, so that they can be worn by people with metal allergies.","breadcrumb":{"@id":"https:\/\/www.leathergirl.eu\/product\/piros-fekete-extra-bilincs-keszlet-2\/#breadcrumb"},"inLanguage":"en-GB","potentialAction":[{"@type":"ReadAction","target":["https:\/\/www.leathergirl.eu\/product\/piros-fekete-extra-bilincs-keszlet-2\/"]}]},{"@type":"ImageObject","inLanguage":"en-GB","@id":"https:\/\/www.leathergirl.eu\/product\/piros-fekete-extra-bilincs-keszlet-2\/#primaryimage","url":"https:\/\/www.leathergirl.eu\/wp-content\/uploads\/2024\/07\/k-keszlet2.png","contentUrl":"https:\/\/www.leathergirl.eu\/wp-content\/uploads\/2024\/07\/k-keszlet2.png","width":800,"height":506},{"@type":"BreadcrumbList","@id":"https:\/\/www.leathergirl.eu\/product\/piros-fekete-extra-bilincs-keszlet-2\/#breadcrumb","itemListElement":[{"@type":"ListItem","position":1,"name":"Home","item":"https:\/\/www.leathergirl.eu\/"},{"@type":"ListItem","position":2,"name":"Shop","item":"https:\/\/www.leathergirl.eu\/en\/uzlet\/"},{"@type":"ListItem","position":3,"name":"PIROS-FEKETE EXTRA BILINCS K\u00c9SZLET"}]},{"@type":"WebSite","@id":"https:\/\/www.leathergirl.eu\/#website","url":"https:\/\/www.leathergirl.eu\/","name":"The Leather Girl","description":"... LeatherGirl ...","publisher":{"@id":"https:\/\/www.leathergirl.eu\/#organization"},"potentialAction":[{"@type":"SearchAction","target":{"@type":"EntryPoint","urlTemplate":"https:\/\/www.leathergirl.eu\/?s={search_term_string}"},"query-input":{"@type":"PropertyValueSpecification","valueRequired":true,"valueName":"search_term_string"}}],"inLanguage":"en-GB"},{"@type":"Organization","@id":"https:\/\/www.leathergirl.eu\/#organization","name":"The Leather Girl","url":"https:\/\/www.leathergirl.eu\/","logo":{"@type":"ImageObject","inLanguage":"en-GB","@id":"https:\/\/www.leathergirl.eu\/#\/schema\/logo\/image\/","url":"https:\/\/www.leathergirl.eu\/wp-content\/uploads\/2024\/05\/leathergirl-logo.png","contentUrl":"https:\/\/www.leathergirl.eu\/wp-content\/uploads\/2024\/05\/leathergirl-logo.png","width":280,"height":80,"caption":"A B\u0151r\u00f6s l\u00e1ny"},"image":{"@id":"https:\/\/www.leathergirl.eu\/#\/schema\/logo\/image\/"},"sameAs":["https:\/\/www.facebook.com\/aboroslany\/","https:\/\/www.instagram.com\/theleathergirl\/"],"email":"aboroslany@gmail.com","legalName":"Nepp T\u00edmea e.v.","numberOfEmployees":{"@type":"QuantitativeValue","minValue":"1","maxValue":"10"}}]},"product_price_amount":"243.80","product_price_currency":"EUR","og_availability":"instock","product_availability":"instock","product_condition":"new"},"_links":{"self":[{"href":"https:\/\/www.leathergirl.eu\/en\/wp-json\/wp\/v2\/product\/261809","targetHints":{"allow":["GET"]}}],"collection":[{"href":"https:\/\/www.leathergirl.eu\/en\/wp-json\/wp\/v2\/product"}],"about":[{"href":"https:\/\/www.leathergirl.eu\/en\/wp-json\/wp\/v2\/types\/product"}],"wp:featuredmedia":[{"embeddable":true,"href":"https:\/\/www.leathergirl.eu\/en\/wp-json\/wp\/v2\/media\/261802"}],"wp:attachment":[{"href":"https:\/\/www.leathergirl.eu\/en\/wp-json\/wp\/v2\/media?parent=261809"}],"wp:term":[{"taxonomy":"product_brand","embeddable":true,"href":"https:\/\/www.leathergirl.eu\/en\/wp-json\/wp\/v2\/product_brand?post=261809"},{"taxonomy":"product_cat","embeddable":true,"href":"https:\/\/www.leathergirl.eu\/en\/wp-json\/wp\/v2\/product_cat?post=261809"},{"taxonomy":"product_tag","embeddable":true,"href":"https:\/\/www.leathergirl.eu\/en\/wp-json\/wp\/v2\/product_tag?post=261809"}],"curies":[{"name":"wp","href":"https:\/\/api.w.org\/{rel}","templated":true}]}}