{"id":261808,"date":"2024-07-26T16:40:05","date_gmt":"2024-07-26T14:40:05","guid":{"rendered":"https:\/\/www.leathergirl.eu\/?post_type=product&#038;p=261808"},"modified":"2026-01-03T14:40:12","modified_gmt":"2026-01-03T13:40:12","slug":"red-black-extra-neck-cuffs","status":"publish","type":"product","link":"https:\/\/www.leathergirl.eu\/en\/product\/red-black-extra-neck-cuffs\/","title":{"rendered":"RED AND BLACK EXTRA NECK CUFFS"},"content":{"rendered":"<p>The main part of the handcuff is 6 cm wide and is made of two layers of black cowhide. The strap is 3 cm wide, with two layers of soft red cowhide underneath, on which a layer of black cowhide about 1.5 mm thick is sewn with red thread. The strap holds 4 welded half rings.<br \/>\nAll metal hardware is black.<br \/>\nWe sew a soft red leather sponge on the inside of the handcuff to make it comfortable to wear, and also cover the rivets that secure the strap, so that it can be worn by people with metal allergies.<br \/>\nPrice including the leash in the last picture: 114,5\u20ac<\/p>","protected":false},"excerpt":{"rendered":"<p>The main part of the handcuff is 6 cm wide and is made of two layers of black cowhide. The strap is 3 cm wide, with two layers of soft red cowhide underneath, on which a layer of black cowhide about 1.5 mm thick is sewn with red thread. The strap holds 4 welded half rings.<br \/>\nAll metal hardware is black.<br \/>\nWe sew a soft red leather sponge on the inside of the handcuff to make it comfortable to wear, and also cover the rivets that secure the strap, so that it can be worn by people with metal allergies.<br \/>\nPrice including the leash in the last picture: 114,5\u20ac<\/p>","protected":false},"featured_media":261806,"template":"","meta":{"_et_pb_use_builder":"","_et_pb_old_content":"","_et_gb_content_width":""},"product_brand":[],"product_cat":[16],"product_tag":[],"class_list":{"0":"post-261808","1":"product","2":"type-product","3":"status-publish","4":"has-post-thumbnail","6":"product_cat-collars","8":"first","9":"instock","10":"shipping-taxable","11":"purchasable","12":"product-type-simple"},"yoast_head":"<!-- This site is optimized with the Yoast SEO Premium plugin v26.2 (Yoast SEO v26.3) - https:\/\/yoast.com\/wordpress\/plugins\/seo\/ -->\n<title>PIROS-FEKETE EXTRA NYAKBILINCS - A B\u0151r\u00f6s l\u00e1ny<\/title>\n<meta name=\"robots\" content=\"index, follow, max-snippet:-1, max-image-preview:large, max-video-preview:-1\" \/>\n<link rel=\"canonical\" href=\"https:\/\/www.leathergirl.eu\/en\/product\/red-black-extra-neck-cuffs\/\" \/>\n<meta property=\"og:locale\" content=\"en_GB\" \/>\n<meta property=\"og:type\" content=\"article\" \/>\n<meta property=\"og:title\" content=\"PIROS-FEKETE EXTRA NYAKBILINCS\" \/>\n<meta property=\"og:description\" content=\"A bilincs f\u0151r\u00e9sze 6 cm sz\u00e9les, \u00e9s k\u00e9t r\u00e9teg fekete marhab\u0151rb\u0151l szabom. A sz\u00edj 3 cm sz\u00e9les, alul k\u00e9t r\u00e9teg puha piros marhab\u0151rb\u0151l, amire piros c\u00e9rn\u00e1val varrunk egy r\u00e9teg, kb 1,5 mm vastag fekete marhab\u0151rt. A sz\u00edj 4 db hegesztett f\u00e9lkarik\u00e1t tart. Minden f\u00e9m csat, f\u00e9lkarika \u00e9s szegecs is fekete sz\u00edn\u0171. A bilincs bels\u0151 oldal\u00e1ra puha, piros b\u0151rrel bevont szivacsot varrunk, hogy k\u00e9nyelmes legyen viselni, \u00e9s egy\u00fattal eltakarjuk vele a sz\u00edjat r\u00f6gz\u00edt\u0151 szegecseket is; \u00edgy f\u00e9mallergi\u00e1sok is felvehetik. Az utols\u00f3 k\u00e9pen l\u00e1that\u00f3 p\u00f3r\u00e1zzal egy\u00fctt az \u00e1ra: 41.800 Ft\" \/>\n<meta property=\"og:url\" content=\"https:\/\/www.leathergirl.eu\/en\/product\/red-black-extra-neck-cuffs\/\" \/>\n<meta property=\"og:site_name\" content=\"A B\u0151r\u00f6s l\u00e1ny\" \/>\n<meta property=\"article:publisher\" content=\"https:\/\/www.facebook.com\/aboroslany\/\" \/>\n<meta property=\"article:modified_time\" content=\"2026-01-03T13:40:12+00:00\" \/>\n<meta property=\"og:image\" content=\"https:\/\/www.leathergirl.eu\/wp-content\/uploads\/2024\/07\/k-nyak2.png\" \/>\n\t<meta property=\"og:image:width\" content=\"800\" \/>\n\t<meta property=\"og:image:height\" content=\"478\" \/>\n\t<meta property=\"og:image:type\" content=\"image\/png\" \/>\n<script type=\"application\/ld+json\" class=\"yoast-schema-graph\">{\"@context\":\"https:\/\/schema.org\",\"@graph\":[{\"@type\":\"WebPage\",\"@id\":\"https:\/\/www.leathergirl.eu\/product\/piros-fekete-extra-nyakbilincs\/\",\"url\":\"https:\/\/www.leathergirl.eu\/product\/piros-fekete-extra-nyakbilincs\/\",\"name\":\"PIROS-FEKETE EXTRA NYAKBILINCS - A B\u0151r\u00f6s l\u00e1ny\",\"isPartOf\":{\"@id\":\"https:\/\/www.leathergirl.eu\/#website\"},\"primaryImageOfPage\":{\"@id\":\"https:\/\/www.leathergirl.eu\/product\/piros-fekete-extra-nyakbilincs\/#primaryimage\"},\"image\":{\"@id\":\"https:\/\/www.leathergirl.eu\/product\/piros-fekete-extra-nyakbilincs\/#primaryimage\"},\"thumbnailUrl\":\"https:\/\/www.leathergirl.eu\/wp-content\/uploads\/2024\/07\/k-nyak2.png\",\"datePublished\":\"2024-07-26T14:40:05+00:00\",\"dateModified\":\"2026-01-03T13:40:12+00:00\",\"breadcrumb\":{\"@id\":\"https:\/\/www.leathergirl.eu\/product\/piros-fekete-extra-nyakbilincs\/#breadcrumb\"},\"inLanguage\":\"en-GB\",\"potentialAction\":[{\"@type\":\"ReadAction\",\"target\":[\"https:\/\/www.leathergirl.eu\/product\/piros-fekete-extra-nyakbilincs\/\"]}]},{\"@type\":\"ImageObject\",\"inLanguage\":\"en-GB\",\"@id\":\"https:\/\/www.leathergirl.eu\/product\/piros-fekete-extra-nyakbilincs\/#primaryimage\",\"url\":\"https:\/\/www.leathergirl.eu\/wp-content\/uploads\/2024\/07\/k-nyak2.png\",\"contentUrl\":\"https:\/\/www.leathergirl.eu\/wp-content\/uploads\/2024\/07\/k-nyak2.png\",\"width\":800,\"height\":478},{\"@type\":\"BreadcrumbList\",\"@id\":\"https:\/\/www.leathergirl.eu\/product\/piros-fekete-extra-nyakbilincs\/#breadcrumb\",\"itemListElement\":[{\"@type\":\"ListItem\",\"position\":1,\"name\":\"Home\",\"item\":\"https:\/\/www.leathergirl.eu\/\"},{\"@type\":\"ListItem\",\"position\":2,\"name\":\"Shop\",\"item\":\"https:\/\/www.leathergirl.eu\/en\/uzlet\/\"},{\"@type\":\"ListItem\",\"position\":3,\"name\":\"PIROS-FEKETE EXTRA NYAKBILINCS\"}]},{\"@type\":\"WebSite\",\"@id\":\"https:\/\/www.leathergirl.eu\/#website\",\"url\":\"https:\/\/www.leathergirl.eu\/\",\"name\":\"A B\u0151r\u00f6s l\u00e1ny\",\"description\":\"... LeatherGirl ...\",\"publisher\":{\"@id\":\"https:\/\/www.leathergirl.eu\/#organization\"},\"potentialAction\":[{\"@type\":\"SearchAction\",\"target\":{\"@type\":\"EntryPoint\",\"urlTemplate\":\"https:\/\/www.leathergirl.eu\/?s={search_term_string}\"},\"query-input\":{\"@type\":\"PropertyValueSpecification\",\"valueRequired\":true,\"valueName\":\"search_term_string\"}}],\"inLanguage\":\"en-GB\"},{\"@type\":\"Organization\",\"@id\":\"https:\/\/www.leathergirl.eu\/#organization\",\"name\":\"A B\u0151r\u00f6s l\u00e1ny\",\"url\":\"https:\/\/www.leathergirl.eu\/\",\"logo\":{\"@type\":\"ImageObject\",\"inLanguage\":\"en-GB\",\"@id\":\"https:\/\/www.leathergirl.eu\/#\/schema\/logo\/image\/\",\"url\":\"https:\/\/www.leathergirl.eu\/wp-content\/uploads\/2024\/05\/leathergirl-logo.png\",\"contentUrl\":\"https:\/\/www.leathergirl.eu\/wp-content\/uploads\/2024\/05\/leathergirl-logo.png\",\"width\":280,\"height\":80,\"caption\":\"A B\u0151r\u00f6s l\u00e1ny\"},\"image\":{\"@id\":\"https:\/\/www.leathergirl.eu\/#\/schema\/logo\/image\/\"},\"sameAs\":[\"https:\/\/www.facebook.com\/aboroslany\/\",\"https:\/\/www.instagram.com\/theleathergirl\/\"],\"email\":\"aboroslany@gmail.com\",\"legalName\":\"Nepp T\u00edmea e.v.\",\"numberOfEmployees\":{\"@type\":\"QuantitativeValue\",\"minValue\":\"1\",\"maxValue\":\"10\"}}]}<\/script>\n<meta property=\"product:price:amount\" content=\"77.50\" \/>\n<meta property=\"product:price:currency\" content=\"EUR\" \/>\n<meta property=\"og:availability\" content=\"instock\" \/>\n<meta property=\"product:availability\" content=\"instock\" \/>\n<meta property=\"product:condition\" content=\"new\" \/>\n<!-- \/ Yoast SEO Premium plugin. -->","yoast_head_json":{"title":"BLACK-BLACK EXTRA PURPLE - The Girl with the Skin","robots":{"index":"index","follow":"follow","max-snippet":"max-snippet:-1","max-image-preview":"max-image-preview:large","max-video-preview":"max-video-preview:-1"},"canonical":"https:\/\/www.leathergirl.eu\/en\/product\/red-black-extra-neck-cuffs\/","og_locale":"en_GB","og_type":"article","og_title":"PIROS-FEKETE EXTRA NYAKBILINCS","og_description":"A bilincs f\u0151r\u00e9sze 6 cm sz\u00e9les, \u00e9s k\u00e9t r\u00e9teg fekete marhab\u0151rb\u0151l szabom. A sz\u00edj 3 cm sz\u00e9les, alul k\u00e9t r\u00e9teg puha piros marhab\u0151rb\u0151l, amire piros c\u00e9rn\u00e1val varrunk egy r\u00e9teg, kb 1,5 mm vastag fekete marhab\u0151rt. A sz\u00edj 4 db hegesztett f\u00e9lkarik\u00e1t tart. Minden f\u00e9m csat, f\u00e9lkarika \u00e9s szegecs is fekete sz\u00edn\u0171. A bilincs bels\u0151 oldal\u00e1ra puha, piros b\u0151rrel bevont szivacsot varrunk, hogy k\u00e9nyelmes legyen viselni, \u00e9s egy\u00fattal eltakarjuk vele a sz\u00edjat r\u00f6gz\u00edt\u0151 szegecseket is; \u00edgy f\u00e9mallergi\u00e1sok is felvehetik. Az utols\u00f3 k\u00e9pen l\u00e1that\u00f3 p\u00f3r\u00e1zzal egy\u00fctt az \u00e1ra: 41.800 Ft","og_url":"https:\/\/www.leathergirl.eu\/en\/product\/red-black-extra-neck-cuffs\/","og_site_name":"A B\u0151r\u00f6s l\u00e1ny","article_publisher":"https:\/\/www.facebook.com\/aboroslany\/","article_modified_time":"2026-01-03T13:40:12+00:00","og_image":[{"width":800,"height":478,"url":"https:\/\/www.leathergirl.eu\/wp-content\/uploads\/2024\/07\/k-nyak2.png","type":"image\/png"}],"schema":{"@context":"https:\/\/schema.org","@graph":[{"@type":"WebPage","@id":"https:\/\/www.leathergirl.eu\/product\/piros-fekete-extra-nyakbilincs\/","url":"https:\/\/www.leathergirl.eu\/product\/piros-fekete-extra-nyakbilincs\/","name":"BLACK-BLACK EXTRA PURPLE - The Girl with the Skin","isPartOf":{"@id":"https:\/\/www.leathergirl.eu\/#website"},"primaryImageOfPage":{"@id":"https:\/\/www.leathergirl.eu\/product\/piros-fekete-extra-nyakbilincs\/#primaryimage"},"image":{"@id":"https:\/\/www.leathergirl.eu\/product\/piros-fekete-extra-nyakbilincs\/#primaryimage"},"thumbnailUrl":"https:\/\/www.leathergirl.eu\/wp-content\/uploads\/2024\/07\/k-nyak2.png","datePublished":"2024-07-26T14:40:05+00:00","dateModified":"2026-01-03T13:40:12+00:00","breadcrumb":{"@id":"https:\/\/www.leathergirl.eu\/product\/piros-fekete-extra-nyakbilincs\/#breadcrumb"},"inLanguage":"en-GB","potentialAction":[{"@type":"ReadAction","target":["https:\/\/www.leathergirl.eu\/product\/piros-fekete-extra-nyakbilincs\/"]}]},{"@type":"ImageObject","inLanguage":"en-GB","@id":"https:\/\/www.leathergirl.eu\/product\/piros-fekete-extra-nyakbilincs\/#primaryimage","url":"https:\/\/www.leathergirl.eu\/wp-content\/uploads\/2024\/07\/k-nyak2.png","contentUrl":"https:\/\/www.leathergirl.eu\/wp-content\/uploads\/2024\/07\/k-nyak2.png","width":800,"height":478},{"@type":"BreadcrumbList","@id":"https:\/\/www.leathergirl.eu\/product\/piros-fekete-extra-nyakbilincs\/#breadcrumb","itemListElement":[{"@type":"ListItem","position":1,"name":"Home","item":"https:\/\/www.leathergirl.eu\/"},{"@type":"ListItem","position":2,"name":"Shop","item":"https:\/\/www.leathergirl.eu\/en\/uzlet\/"},{"@type":"ListItem","position":3,"name":"PIROS-FEKETE EXTRA NYAKBILINCS"}]},{"@type":"WebSite","@id":"https:\/\/www.leathergirl.eu\/#website","url":"https:\/\/www.leathergirl.eu\/","name":"The Leather Girl","description":"... LeatherGirl ...","publisher":{"@id":"https:\/\/www.leathergirl.eu\/#organization"},"potentialAction":[{"@type":"SearchAction","target":{"@type":"EntryPoint","urlTemplate":"https:\/\/www.leathergirl.eu\/?s={search_term_string}"},"query-input":{"@type":"PropertyValueSpecification","valueRequired":true,"valueName":"search_term_string"}}],"inLanguage":"en-GB"},{"@type":"Organization","@id":"https:\/\/www.leathergirl.eu\/#organization","name":"The Leather Girl","url":"https:\/\/www.leathergirl.eu\/","logo":{"@type":"ImageObject","inLanguage":"en-GB","@id":"https:\/\/www.leathergirl.eu\/#\/schema\/logo\/image\/","url":"https:\/\/www.leathergirl.eu\/wp-content\/uploads\/2024\/05\/leathergirl-logo.png","contentUrl":"https:\/\/www.leathergirl.eu\/wp-content\/uploads\/2024\/05\/leathergirl-logo.png","width":280,"height":80,"caption":"A B\u0151r\u00f6s l\u00e1ny"},"image":{"@id":"https:\/\/www.leathergirl.eu\/#\/schema\/logo\/image\/"},"sameAs":["https:\/\/www.facebook.com\/aboroslany\/","https:\/\/www.instagram.com\/theleathergirl\/"],"email":"aboroslany@gmail.com","legalName":"Nepp T\u00edmea e.v.","numberOfEmployees":{"@type":"QuantitativeValue","minValue":"1","maxValue":"10"}}]},"product_price_amount":"77.50","product_price_currency":"EUR","og_availability":"instock","product_availability":"instock","product_condition":"new"},"_links":{"self":[{"href":"https:\/\/www.leathergirl.eu\/en\/wp-json\/wp\/v2\/product\/261808","targetHints":{"allow":["GET"]}}],"collection":[{"href":"https:\/\/www.leathergirl.eu\/en\/wp-json\/wp\/v2\/product"}],"about":[{"href":"https:\/\/www.leathergirl.eu\/en\/wp-json\/wp\/v2\/types\/product"}],"wp:featuredmedia":[{"embeddable":true,"href":"https:\/\/www.leathergirl.eu\/en\/wp-json\/wp\/v2\/media\/261806"}],"wp:attachment":[{"href":"https:\/\/www.leathergirl.eu\/en\/wp-json\/wp\/v2\/media?parent=261808"}],"wp:term":[{"taxonomy":"product_brand","embeddable":true,"href":"https:\/\/www.leathergirl.eu\/en\/wp-json\/wp\/v2\/product_brand?post=261808"},{"taxonomy":"product_cat","embeddable":true,"href":"https:\/\/www.leathergirl.eu\/en\/wp-json\/wp\/v2\/product_cat?post=261808"},{"taxonomy":"product_tag","embeddable":true,"href":"https:\/\/www.leathergirl.eu\/en\/wp-json\/wp\/v2\/product_tag?post=261808"}],"curies":[{"name":"wp","href":"https:\/\/api.w.org\/{rel}","templated":true}]}}