{"id":261792,"date":"2024-07-26T16:15:50","date_gmt":"2024-07-26T14:15:50","guid":{"rendered":"https:\/\/www.leathergirl.eu\/?post_type=product&#038;p=261792"},"modified":"2026-01-03T13:09:44","modified_gmt":"2026-01-03T12:09:44","slug":"red-black-extra-wrist-cuffs-2-2","status":"publish","type":"product","link":"https:\/\/www.leathergirl.eu\/en\/product\/red-black-extra-wrist-cuffs-2-2\/","title":{"rendered":"Black and red leather extra lockable wrist cuffs"},"content":{"rendered":"<p><span style=\"color: #000000;\"><span style=\"font-family: Arial, serif;\">The main body of the cuffs is 6 cm wide, cut from two layers of black cowhide. The straps are 3 cm wide, featuring two layers of soft red cowhide as a base, topped with a 1.5 mm thick layer of black cowhide stitched with red thread. \n\nThe straps hold 2 welded half-rings for secure attachment.<br \/>\n<\/span><\/span><span style=\"color: #000000;\"><span style=\"font-family: Arial, serif;\">All metal hardware is black.<br \/>\n<\/span><\/span><span style=\"color: #000000;\"><span style=\"font-family: Arial, serif;\">Locks are not included.<\/span><\/span><\/p>","protected":false},"excerpt":{"rendered":"<p><span style=\"color: #000000;\"><span style=\"font-family: Arial, serif;\">The main body of the cuffs is 6 cm wide, cut from two layers of black cowhide. The straps are 3 cm wide, featuring two layers of soft red cowhide as a base, topped with a 1.5 mm thick layer of black cowhide stitched with red thread. \n\nThe straps hold 2 welded half-rings for secure attachment.<br \/>\n<\/span><\/span><span style=\"color: #000000;\"><span style=\"font-family: Arial, serif;\">All metal hardware is black.<br \/>\n<\/span><\/span><span style=\"color: #000000;\"><span style=\"font-family: Arial, serif;\">Locks are not included.<\/span><\/span><\/p>","protected":false},"featured_media":261797,"template":"","meta":{"_et_pb_use_builder":"","_et_pb_old_content":"","_et_gb_content_width":""},"product_brand":[],"product_cat":[28],"product_tag":[],"class_list":{"0":"post-261792","1":"product","2":"type-product","3":"status-publish","4":"has-post-thumbnail","6":"product_cat-wrist","8":"first","9":"instock","10":"shipping-taxable","11":"purchasable","12":"product-type-simple"},"yoast_head":"<!-- This site is optimized with the Yoast SEO Premium plugin v26.2 (Yoast SEO v26.3) - https:\/\/yoast.com\/wordpress\/plugins\/seo\/ -->\n<title>PIROS-FEKETE EXTRA CSUKL\u00d3BILINCS - A B\u0151r\u00f6s l\u00e1ny<\/title>\n<meta name=\"description\" content=\"The main part of the cuffs is 6 cm wide and is made of two layers of black cowhide. The 3 cm wide straps are made of two layers of soft red cowhide on the bottom, on which a layer of black cowhide of about 1.5 mm thickness is sewn with red thread. The straps hold several welded half rings: two at the wrist, three at the ankle and four at the neck.All buckles, half-rings and rivets are black.A soft red leather covered sponge lining is sewn inside the cuffs to make them comfortable to wear. They also to cover the rivets that fasten the straps, so they don\u2019t come in contact with the wearer\u2019s skin, making it suitable for people with metal allergies.\" \/>\n<meta name=\"robots\" content=\"index, follow, max-snippet:-1, max-image-preview:large, max-video-preview:-1\" \/>\n<link rel=\"canonical\" href=\"https:\/\/www.leathergirl.eu\/en\/product\/red-black-extra-wrist-cuffs-2-2\/\" \/>\n<meta property=\"og:locale\" content=\"en_GB\" \/>\n<meta property=\"og:type\" content=\"article\" \/>\n<meta property=\"og:title\" content=\"PIROS-FEKETE EXTRA CSUKL\u00d3BILINCS\" \/>\n<meta property=\"og:description\" content=\"The main part of the cuffs is 6 cm wide and is made of two layers of black cowhide. The 3 cm wide straps are made of two layers of soft red cowhide on the bottom, on which a layer of black cowhide of about 1.5 mm thickness is sewn with red thread. The straps hold several welded half rings: two at the wrist, three at the ankle and four at the neck.All buckles, half-rings and rivets are black.A soft red leather covered sponge lining is sewn inside the cuffs to make them comfortable to wear. They also to cover the rivets that fasten the straps, so they don\u2019t come in contact with the wearer\u2019s skin, making it suitable for people with metal allergies.\" \/>\n<meta property=\"og:url\" content=\"https:\/\/www.leathergirl.eu\/en\/product\/red-black-extra-wrist-cuffs-2-2\/\" \/>\n<meta property=\"og:site_name\" content=\"A B\u0151r\u00f6s l\u00e1ny\" \/>\n<meta property=\"article:publisher\" content=\"https:\/\/www.facebook.com\/aboroslany\/\" \/>\n<meta property=\"article:modified_time\" content=\"2026-01-03T12:09:44+00:00\" \/>\n<meta property=\"og:image\" content=\"https:\/\/www.leathergirl.eu\/wp-content\/uploads\/2024\/07\/k-csuklo1.png\" \/>\n\t<meta property=\"og:image:width\" content=\"800\" \/>\n\t<meta property=\"og:image:height\" content=\"520\" \/>\n\t<meta property=\"og:image:type\" content=\"image\/png\" \/>\n<script type=\"application\/ld+json\" class=\"yoast-schema-graph\">{\"@context\":\"https:\/\/schema.org\",\"@graph\":[{\"@type\":\"WebPage\",\"@id\":\"https:\/\/www.leathergirl.eu\/product\/piros-fekete-extra-csuklobilincs-2\/\",\"url\":\"https:\/\/www.leathergirl.eu\/product\/piros-fekete-extra-csuklobilincs-2\/\",\"name\":\"PIROS-FEKETE EXTRA CSUKL\u00d3BILINCS - A B\u0151r\u00f6s l\u00e1ny\",\"isPartOf\":{\"@id\":\"https:\/\/www.leathergirl.eu\/#website\"},\"primaryImageOfPage\":{\"@id\":\"https:\/\/www.leathergirl.eu\/product\/piros-fekete-extra-csuklobilincs-2\/#primaryimage\"},\"image\":{\"@id\":\"https:\/\/www.leathergirl.eu\/product\/piros-fekete-extra-csuklobilincs-2\/#primaryimage\"},\"thumbnailUrl\":\"https:\/\/www.leathergirl.eu\/wp-content\/uploads\/2024\/07\/k-csuklo1.png\",\"datePublished\":\"2024-07-26T14:15:50+00:00\",\"dateModified\":\"2026-01-03T12:09:44+00:00\",\"description\":\"The main part of the cuffs is 6 cm wide and is made of two layers of black cowhide. The 3 cm wide straps are made of two layers of soft red cowhide on the bottom, on which a layer of black cowhide of about 1.5 mm thickness is sewn with red thread. The straps hold several welded half rings: two at the wrist, three at the ankle and four at the neck.All buckles, half-rings and rivets are black.A soft red leather covered sponge lining is sewn inside the cuffs to make them comfortable to wear. They also to cover the rivets that fasten the straps, so they don\u2019t come in contact with the wearer\u2019s skin, making it suitable for people with metal allergies.\",\"breadcrumb\":{\"@id\":\"https:\/\/www.leathergirl.eu\/product\/piros-fekete-extra-csuklobilincs-2\/#breadcrumb\"},\"inLanguage\":\"en-GB\",\"potentialAction\":[{\"@type\":\"ReadAction\",\"target\":[\"https:\/\/www.leathergirl.eu\/product\/piros-fekete-extra-csuklobilincs-2\/\"]}]},{\"@type\":\"ImageObject\",\"inLanguage\":\"en-GB\",\"@id\":\"https:\/\/www.leathergirl.eu\/product\/piros-fekete-extra-csuklobilincs-2\/#primaryimage\",\"url\":\"https:\/\/www.leathergirl.eu\/wp-content\/uploads\/2024\/07\/k-csuklo1.png\",\"contentUrl\":\"https:\/\/www.leathergirl.eu\/wp-content\/uploads\/2024\/07\/k-csuklo1.png\",\"width\":800,\"height\":520},{\"@type\":\"BreadcrumbList\",\"@id\":\"https:\/\/www.leathergirl.eu\/product\/piros-fekete-extra-csuklobilincs-2\/#breadcrumb\",\"itemListElement\":[{\"@type\":\"ListItem\",\"position\":1,\"name\":\"Home\",\"item\":\"https:\/\/www.leathergirl.eu\/\"},{\"@type\":\"ListItem\",\"position\":2,\"name\":\"Shop\",\"item\":\"https:\/\/www.leathergirl.eu\/en\/uzlet\/\"},{\"@type\":\"ListItem\",\"position\":3,\"name\":\"PIROS-FEKETE EXTRA CSUKL\u00d3BILINCS\"}]},{\"@type\":\"WebSite\",\"@id\":\"https:\/\/www.leathergirl.eu\/#website\",\"url\":\"https:\/\/www.leathergirl.eu\/\",\"name\":\"A B\u0151r\u00f6s l\u00e1ny\",\"description\":\"... LeatherGirl ...\",\"publisher\":{\"@id\":\"https:\/\/www.leathergirl.eu\/#organization\"},\"potentialAction\":[{\"@type\":\"SearchAction\",\"target\":{\"@type\":\"EntryPoint\",\"urlTemplate\":\"https:\/\/www.leathergirl.eu\/?s={search_term_string}\"},\"query-input\":{\"@type\":\"PropertyValueSpecification\",\"valueRequired\":true,\"valueName\":\"search_term_string\"}}],\"inLanguage\":\"en-GB\"},{\"@type\":\"Organization\",\"@id\":\"https:\/\/www.leathergirl.eu\/#organization\",\"name\":\"A B\u0151r\u00f6s l\u00e1ny\",\"url\":\"https:\/\/www.leathergirl.eu\/\",\"logo\":{\"@type\":\"ImageObject\",\"inLanguage\":\"en-GB\",\"@id\":\"https:\/\/www.leathergirl.eu\/#\/schema\/logo\/image\/\",\"url\":\"https:\/\/www.leathergirl.eu\/wp-content\/uploads\/2024\/05\/leathergirl-logo.png\",\"contentUrl\":\"https:\/\/www.leathergirl.eu\/wp-content\/uploads\/2024\/05\/leathergirl-logo.png\",\"width\":280,\"height\":80,\"caption\":\"A B\u0151r\u00f6s l\u00e1ny\"},\"image\":{\"@id\":\"https:\/\/www.leathergirl.eu\/#\/schema\/logo\/image\/\"},\"sameAs\":[\"https:\/\/www.facebook.com\/aboroslany\/\",\"https:\/\/www.instagram.com\/theleathergirl\/\"],\"email\":\"aboroslany@gmail.com\",\"legalName\":\"Nepp T\u00edmea e.v.\",\"numberOfEmployees\":{\"@type\":\"QuantitativeValue\",\"minValue\":\"1\",\"maxValue\":\"10\"}}]}<\/script>\n<meta property=\"product:price:amount\" content=\"100.20\" \/>\n<meta property=\"product:price:currency\" content=\"EUR\" \/>\n<meta property=\"og:availability\" content=\"instock\" \/>\n<meta property=\"product:availability\" content=\"instock\" \/>\n<meta property=\"product:condition\" content=\"new\" \/>\n<!-- \/ Yoast SEO Premium plugin. -->","yoast_head_json":{"title":"BLACK-BLACK EXTRA CLOTHES - The Furry Girl","description":"The main part of the cuffs is 6 cm wide and is made of two layers of black cowhide. The 3 cm wide straps are made of two layers of soft red cowhide on the bottom, on which a layer of black cowhide of about 1.5 mm thickness is sewn with red thread. The straps hold several welded half-rings: two at the wrist, three at the ankle and four at the neck.All buckles, half-rings and rivets are black.A soft red leather covered sponge lining is sewn inside the cuffs to make them comfortable to wear. They also to cover the rivets that fasten the straps, so they don't come in contact with the wearer's skin, making it suitable for people with metal allergies.","robots":{"index":"index","follow":"follow","max-snippet":"max-snippet:-1","max-image-preview":"max-image-preview:large","max-video-preview":"max-video-preview:-1"},"canonical":"https:\/\/www.leathergirl.eu\/en\/product\/red-black-extra-wrist-cuffs-2-2\/","og_locale":"en_GB","og_type":"article","og_title":"PIROS-FEKETE EXTRA CSUKL\u00d3BILINCS","og_description":"The main part of the cuffs is 6 cm wide and is made of two layers of black cowhide. The 3 cm wide straps are made of two layers of soft red cowhide on the bottom, on which a layer of black cowhide of about 1.5 mm thickness is sewn with red thread. The straps hold several welded half rings: two at the wrist, three at the ankle and four at the neck.All buckles, half-rings and rivets are black.A soft red leather covered sponge lining is sewn inside the cuffs to make them comfortable to wear. They also to cover the rivets that fasten the straps, so they don\u2019t come in contact with the wearer\u2019s skin, making it suitable for people with metal allergies.","og_url":"https:\/\/www.leathergirl.eu\/en\/product\/red-black-extra-wrist-cuffs-2-2\/","og_site_name":"A B\u0151r\u00f6s l\u00e1ny","article_publisher":"https:\/\/www.facebook.com\/aboroslany\/","article_modified_time":"2026-01-03T12:09:44+00:00","og_image":[{"width":800,"height":520,"url":"https:\/\/www.leathergirl.eu\/wp-content\/uploads\/2024\/07\/k-csuklo1.png","type":"image\/png"}],"schema":{"@context":"https:\/\/schema.org","@graph":[{"@type":"WebPage","@id":"https:\/\/www.leathergirl.eu\/product\/piros-fekete-extra-csuklobilincs-2\/","url":"https:\/\/www.leathergirl.eu\/product\/piros-fekete-extra-csuklobilincs-2\/","name":"BLACK-BLACK EXTRA CLOTHES - The Furry Girl","isPartOf":{"@id":"https:\/\/www.leathergirl.eu\/#website"},"primaryImageOfPage":{"@id":"https:\/\/www.leathergirl.eu\/product\/piros-fekete-extra-csuklobilincs-2\/#primaryimage"},"image":{"@id":"https:\/\/www.leathergirl.eu\/product\/piros-fekete-extra-csuklobilincs-2\/#primaryimage"},"thumbnailUrl":"https:\/\/www.leathergirl.eu\/wp-content\/uploads\/2024\/07\/k-csuklo1.png","datePublished":"2024-07-26T14:15:50+00:00","dateModified":"2026-01-03T12:09:44+00:00","description":"The main part of the cuffs is 6 cm wide and is made of two layers of black cowhide. The 3 cm wide straps are made of two layers of soft red cowhide on the bottom, on which a layer of black cowhide of about 1.5 mm thickness is sewn with red thread. The straps hold several welded half-rings: two at the wrist, three at the ankle and four at the neck.All buckles, half-rings and rivets are black.A soft red leather covered sponge lining is sewn inside the cuffs to make them comfortable to wear. They also to cover the rivets that fasten the straps, so they don't come in contact with the wearer's skin, making it suitable for people with metal allergies.","breadcrumb":{"@id":"https:\/\/www.leathergirl.eu\/product\/piros-fekete-extra-csuklobilincs-2\/#breadcrumb"},"inLanguage":"en-GB","potentialAction":[{"@type":"ReadAction","target":["https:\/\/www.leathergirl.eu\/product\/piros-fekete-extra-csuklobilincs-2\/"]}]},{"@type":"ImageObject","inLanguage":"en-GB","@id":"https:\/\/www.leathergirl.eu\/product\/piros-fekete-extra-csuklobilincs-2\/#primaryimage","url":"https:\/\/www.leathergirl.eu\/wp-content\/uploads\/2024\/07\/k-csuklo1.png","contentUrl":"https:\/\/www.leathergirl.eu\/wp-content\/uploads\/2024\/07\/k-csuklo1.png","width":800,"height":520},{"@type":"BreadcrumbList","@id":"https:\/\/www.leathergirl.eu\/product\/piros-fekete-extra-csuklobilincs-2\/#breadcrumb","itemListElement":[{"@type":"ListItem","position":1,"name":"Home","item":"https:\/\/www.leathergirl.eu\/"},{"@type":"ListItem","position":2,"name":"Shop","item":"https:\/\/www.leathergirl.eu\/en\/uzlet\/"},{"@type":"ListItem","position":3,"name":"PIROS-FEKETE EXTRA CSUKL\u00d3BILINCS"}]},{"@type":"WebSite","@id":"https:\/\/www.leathergirl.eu\/#website","url":"https:\/\/www.leathergirl.eu\/","name":"The Leather Girl","description":"... LeatherGirl ...","publisher":{"@id":"https:\/\/www.leathergirl.eu\/#organization"},"potentialAction":[{"@type":"SearchAction","target":{"@type":"EntryPoint","urlTemplate":"https:\/\/www.leathergirl.eu\/?s={search_term_string}"},"query-input":{"@type":"PropertyValueSpecification","valueRequired":true,"valueName":"search_term_string"}}],"inLanguage":"en-GB"},{"@type":"Organization","@id":"https:\/\/www.leathergirl.eu\/#organization","name":"The Leather Girl","url":"https:\/\/www.leathergirl.eu\/","logo":{"@type":"ImageObject","inLanguage":"en-GB","@id":"https:\/\/www.leathergirl.eu\/#\/schema\/logo\/image\/","url":"https:\/\/www.leathergirl.eu\/wp-content\/uploads\/2024\/05\/leathergirl-logo.png","contentUrl":"https:\/\/www.leathergirl.eu\/wp-content\/uploads\/2024\/05\/leathergirl-logo.png","width":280,"height":80,"caption":"A B\u0151r\u00f6s l\u00e1ny"},"image":{"@id":"https:\/\/www.leathergirl.eu\/#\/schema\/logo\/image\/"},"sameAs":["https:\/\/www.facebook.com\/aboroslany\/","https:\/\/www.instagram.com\/theleathergirl\/"],"email":"aboroslany@gmail.com","legalName":"Nepp T\u00edmea e.v.","numberOfEmployees":{"@type":"QuantitativeValue","minValue":"1","maxValue":"10"}}]},"product_price_amount":"100.20","product_price_currency":"EUR","og_availability":"instock","product_availability":"instock","product_condition":"new"},"_links":{"self":[{"href":"https:\/\/www.leathergirl.eu\/en\/wp-json\/wp\/v2\/product\/261792","targetHints":{"allow":["GET"]}}],"collection":[{"href":"https:\/\/www.leathergirl.eu\/en\/wp-json\/wp\/v2\/product"}],"about":[{"href":"https:\/\/www.leathergirl.eu\/en\/wp-json\/wp\/v2\/types\/product"}],"wp:featuredmedia":[{"embeddable":true,"href":"https:\/\/www.leathergirl.eu\/en\/wp-json\/wp\/v2\/media\/261797"}],"wp:attachment":[{"href":"https:\/\/www.leathergirl.eu\/en\/wp-json\/wp\/v2\/media?parent=261792"}],"wp:term":[{"taxonomy":"product_brand","embeddable":true,"href":"https:\/\/www.leathergirl.eu\/en\/wp-json\/wp\/v2\/product_brand?post=261792"},{"taxonomy":"product_cat","embeddable":true,"href":"https:\/\/www.leathergirl.eu\/en\/wp-json\/wp\/v2\/product_cat?post=261792"},{"taxonomy":"product_tag","embeddable":true,"href":"https:\/\/www.leathergirl.eu\/en\/wp-json\/wp\/v2\/product_tag?post=261792"}],"curies":[{"name":"wp","href":"https:\/\/api.w.org\/{rel}","templated":true}]}}