{"id":24099,"date":"2023-08-21T13:04:00","date_gmt":"2023-08-21T13:04:00","guid":{"rendered":"https:\/\/www.leathergirl.eu\/?post_type=product&#038;p=24099"},"modified":"2026-01-03T16:23:31","modified_gmt":"2026-01-03T15:23:31","slug":"mask-with-fuzo-blanket","status":"publish","type":"product","link":"https:\/\/www.leathergirl.eu\/en\/product\/mask-with-fuzo-blanket\/","title":{"rendered":"Mask with lace cover"},"content":{"rendered":"<p>I made this mask out of soft, black cowhide, with some blue sheepleather added. In this piece, most of the mouth and chin are exposed, and there is no eye opening at all. You can adjust the size with a lace lined with sheepskin on the back of the head, which is covered by an extra layer of cowhide with a zipper. The neck strap holds three welded D-rings. You can close the zipper of the lace-cover and the neck strap with a padlock. (the product does not include the padlock).<\/p>\n<p>You can order it in pure black, with an eye opening or a different mouth shape.<\/p>","protected":false},"excerpt":{"rendered":"<p>I made this mask out of soft, black cowhide, with some blue sheepleather added. In this piece, most of the mouth and chin are exposed, and there is no eye opening at all. You can adjust the size with a lace lined with sheepskin on the back of the head, which is covered by an extra layer of cowhide with a zipper. The neck strap holds three welded D-rings. You can close the zipper of the lace-cover and the neck strap with a padlock. (the product does not include the padlock).<\/p>\n<p>You can order it in pure black, with an eye opening or a different mouth shape.<\/p>","protected":false},"featured_media":24102,"template":"","meta":{"_et_pb_use_builder":"","_et_pb_old_content":"","_et_gb_content_width":""},"product_brand":[],"product_cat":[26],"product_tag":[],"class_list":{"0":"post-24099","1":"product","2":"type-product","3":"status-publish","4":"has-post-thumbnail","6":"product_cat-maszkok","8":"first","9":"instock","10":"purchasable","11":"product-type-simple"},"yoast_head":"<!-- This site is optimized with the Yoast SEO Premium plugin v26.2 (Yoast SEO v26.3) - https:\/\/yoast.com\/wordpress\/plugins\/seo\/ -->\n<title>MASZK F\u0170Z\u0150-TAKAR\u00d3VAL - A B\u0151r\u00f6s l\u00e1ny<\/title>\n<meta name=\"robots\" content=\"index, follow, max-snippet:-1, max-image-preview:large, max-video-preview:-1\" \/>\n<link rel=\"canonical\" href=\"https:\/\/www.leathergirl.eu\/en\/product\/mask-with-fuzo-blanket\/\" \/>\n<meta property=\"og:locale\" content=\"en_GB\" \/>\n<meta property=\"og:type\" content=\"article\" \/>\n<meta property=\"og:title\" content=\"MASZK F\u0170Z\u0150-TAKAR\u00d3VAL\" \/>\n<meta property=\"og:description\" content=\"Ezt a maszkot puha, fekete marhab\u0151rb\u0151l k\u00e9sz\u00edtettem, egy kev\u00e9s k\u00e9k juhb\u0151rrel kieg\u00e9sz\u00edtve. Enn\u00e9l a darab\u00e1l a sz\u00e1j \u00e9s az \u00e1ll nagy r\u00e9sze szabadon van, szemny\u00edl\u00e1s pedig egy\u00e1ltal\u00e1n nincs. A m\u00e9retet a fej h\u00e1tulj\u00e1n kialak\u00edtott, juhb\u0151rrel al\u00e1b\u00e9lelt f\u0171z\u0151vel szab\u00e1lyozhatod, melyet egy cipz\u00e1ros plusz b\u0151r r\u00e9teg takar el. A nyakr\u00e9szre tett sz\u00edj h\u00e1rom darab hegesztett f\u00e9lkarik\u00e1t tart. A f\u0171z\u0151 takar\u00f3 cipz\u00e1rj\u00e1t \u00e9s a nyaksz\u00edjat egy lakattal z\u00e1rhatod. (a term\u00e9k a lakatot nem tartalmazza).  Rendelheted tiszta feket\u00e9ben, szemny\u00edl\u00e1ssal illetve m\u00e1s sz\u00e1jform\u00e1val is.\" \/>\n<meta property=\"og:url\" content=\"https:\/\/www.leathergirl.eu\/en\/product\/mask-with-fuzo-blanket\/\" \/>\n<meta property=\"og:site_name\" content=\"A B\u0151r\u00f6s l\u00e1ny\" \/>\n<meta property=\"article:publisher\" content=\"https:\/\/www.facebook.com\/aboroslany\/\" \/>\n<meta property=\"article:modified_time\" content=\"2026-01-03T15:23:31+00:00\" \/>\n<meta property=\"og:image\" content=\"https:\/\/www.leathergirl.eu\/wp-content\/uploads\/2023\/08\/k-IMG_5823-masolat.jpg\" \/>\n\t<meta property=\"og:image:width\" content=\"600\" \/>\n\t<meta property=\"og:image:height\" content=\"800\" \/>\n\t<meta property=\"og:image:type\" content=\"image\/jpeg\" \/>\n<script type=\"application\/ld+json\" class=\"yoast-schema-graph\">{\"@context\":\"https:\/\/schema.org\",\"@graph\":[{\"@type\":\"WebPage\",\"@id\":\"https:\/\/www.leathergirl.eu\/product\/maszk-fuzo-takaroval\/\",\"url\":\"https:\/\/www.leathergirl.eu\/product\/maszk-fuzo-takaroval\/\",\"name\":\"MASZK F\u0170Z\u0150-TAKAR\u00d3VAL - A B\u0151r\u00f6s l\u00e1ny\",\"isPartOf\":{\"@id\":\"https:\/\/www.leathergirl.eu\/#website\"},\"primaryImageOfPage\":{\"@id\":\"https:\/\/www.leathergirl.eu\/product\/maszk-fuzo-takaroval\/#primaryimage\"},\"image\":{\"@id\":\"https:\/\/www.leathergirl.eu\/product\/maszk-fuzo-takaroval\/#primaryimage\"},\"thumbnailUrl\":\"https:\/\/www.leathergirl.eu\/wp-content\/uploads\/2023\/08\/k-IMG_5823-masolat.jpg\",\"datePublished\":\"2023-08-21T13:04:00+00:00\",\"dateModified\":\"2026-01-03T15:23:31+00:00\",\"breadcrumb\":{\"@id\":\"https:\/\/www.leathergirl.eu\/product\/maszk-fuzo-takaroval\/#breadcrumb\"},\"inLanguage\":\"en-GB\",\"potentialAction\":[{\"@type\":\"ReadAction\",\"target\":[\"https:\/\/www.leathergirl.eu\/product\/maszk-fuzo-takaroval\/\"]}]},{\"@type\":\"ImageObject\",\"inLanguage\":\"en-GB\",\"@id\":\"https:\/\/www.leathergirl.eu\/product\/maszk-fuzo-takaroval\/#primaryimage\",\"url\":\"https:\/\/www.leathergirl.eu\/wp-content\/uploads\/2023\/08\/k-IMG_5823-masolat.jpg\",\"contentUrl\":\"https:\/\/www.leathergirl.eu\/wp-content\/uploads\/2023\/08\/k-IMG_5823-masolat.jpg\",\"width\":600,\"height\":800},{\"@type\":\"BreadcrumbList\",\"@id\":\"https:\/\/www.leathergirl.eu\/product\/maszk-fuzo-takaroval\/#breadcrumb\",\"itemListElement\":[{\"@type\":\"ListItem\",\"position\":1,\"name\":\"Home\",\"item\":\"https:\/\/www.leathergirl.eu\/\"},{\"@type\":\"ListItem\",\"position\":2,\"name\":\"Shop\",\"item\":\"https:\/\/www.leathergirl.eu\/en\/uzlet\/\"},{\"@type\":\"ListItem\",\"position\":3,\"name\":\"MASZK F\u0170Z\u0150-TAKAR\u00d3VAL\"}]},{\"@type\":\"WebSite\",\"@id\":\"https:\/\/www.leathergirl.eu\/#website\",\"url\":\"https:\/\/www.leathergirl.eu\/\",\"name\":\"A B\u0151r\u00f6s l\u00e1ny\",\"description\":\"... LeatherGirl ...\",\"publisher\":{\"@id\":\"https:\/\/www.leathergirl.eu\/#organization\"},\"potentialAction\":[{\"@type\":\"SearchAction\",\"target\":{\"@type\":\"EntryPoint\",\"urlTemplate\":\"https:\/\/www.leathergirl.eu\/?s={search_term_string}\"},\"query-input\":{\"@type\":\"PropertyValueSpecification\",\"valueRequired\":true,\"valueName\":\"search_term_string\"}}],\"inLanguage\":\"en-GB\"},{\"@type\":\"Organization\",\"@id\":\"https:\/\/www.leathergirl.eu\/#organization\",\"name\":\"A B\u0151r\u00f6s l\u00e1ny\",\"url\":\"https:\/\/www.leathergirl.eu\/\",\"logo\":{\"@type\":\"ImageObject\",\"inLanguage\":\"en-GB\",\"@id\":\"https:\/\/www.leathergirl.eu\/#\/schema\/logo\/image\/\",\"url\":\"https:\/\/www.leathergirl.eu\/wp-content\/uploads\/2024\/05\/leathergirl-logo.png\",\"contentUrl\":\"https:\/\/www.leathergirl.eu\/wp-content\/uploads\/2024\/05\/leathergirl-logo.png\",\"width\":280,\"height\":80,\"caption\":\"A B\u0151r\u00f6s l\u00e1ny\"},\"image\":{\"@id\":\"https:\/\/www.leathergirl.eu\/#\/schema\/logo\/image\/\"},\"sameAs\":[\"https:\/\/www.facebook.com\/aboroslany\/\",\"https:\/\/www.instagram.com\/theleathergirl\/\"],\"email\":\"aboroslany@gmail.com\",\"legalName\":\"Nepp T\u00edmea e.v.\",\"numberOfEmployees\":{\"@type\":\"QuantitativeValue\",\"minValue\":\"1\",\"maxValue\":\"10\"}}]}<\/script>\n<meta property=\"product:price:amount\" content=\"262.00\" \/>\n<meta property=\"product:price:currency\" content=\"EUR\" \/>\n<meta property=\"og:availability\" content=\"instock\" \/>\n<meta property=\"product:availability\" content=\"instock\" \/>\n<meta property=\"product:condition\" content=\"new\" \/>\n<!-- \/ Yoast SEO Premium plugin. -->","yoast_head_json":{"title":"MASS WITH FURNITURE - The Furry Girl","robots":{"index":"index","follow":"follow","max-snippet":"max-snippet:-1","max-image-preview":"max-image-preview:large","max-video-preview":"max-video-preview:-1"},"canonical":"https:\/\/www.leathergirl.eu\/en\/product\/mask-with-fuzo-blanket\/","og_locale":"en_GB","og_type":"article","og_title":"MASZK F\u0170Z\u0150-TAKAR\u00d3VAL","og_description":"Ezt a maszkot puha, fekete marhab\u0151rb\u0151l k\u00e9sz\u00edtettem, egy kev\u00e9s k\u00e9k juhb\u0151rrel kieg\u00e9sz\u00edtve. Enn\u00e9l a darab\u00e1l a sz\u00e1j \u00e9s az \u00e1ll nagy r\u00e9sze szabadon van, szemny\u00edl\u00e1s pedig egy\u00e1ltal\u00e1n nincs. A m\u00e9retet a fej h\u00e1tulj\u00e1n kialak\u00edtott, juhb\u0151rrel al\u00e1b\u00e9lelt f\u0171z\u0151vel szab\u00e1lyozhatod, melyet egy cipz\u00e1ros plusz b\u0151r r\u00e9teg takar el. A nyakr\u00e9szre tett sz\u00edj h\u00e1rom darab hegesztett f\u00e9lkarik\u00e1t tart. A f\u0171z\u0151 takar\u00f3 cipz\u00e1rj\u00e1t \u00e9s a nyaksz\u00edjat egy lakattal z\u00e1rhatod. (a term\u00e9k a lakatot nem tartalmazza).  Rendelheted tiszta feket\u00e9ben, szemny\u00edl\u00e1ssal illetve m\u00e1s sz\u00e1jform\u00e1val is.","og_url":"https:\/\/www.leathergirl.eu\/en\/product\/mask-with-fuzo-blanket\/","og_site_name":"A B\u0151r\u00f6s l\u00e1ny","article_publisher":"https:\/\/www.facebook.com\/aboroslany\/","article_modified_time":"2026-01-03T15:23:31+00:00","og_image":[{"width":600,"height":800,"url":"https:\/\/www.leathergirl.eu\/wp-content\/uploads\/2023\/08\/k-IMG_5823-masolat.jpg","type":"image\/jpeg"}],"schema":{"@context":"https:\/\/schema.org","@graph":[{"@type":"WebPage","@id":"https:\/\/www.leathergirl.eu\/product\/maszk-fuzo-takaroval\/","url":"https:\/\/www.leathergirl.eu\/product\/maszk-fuzo-takaroval\/","name":"MASS WITH FURNITURE - The Furry Girl","isPartOf":{"@id":"https:\/\/www.leathergirl.eu\/#website"},"primaryImageOfPage":{"@id":"https:\/\/www.leathergirl.eu\/product\/maszk-fuzo-takaroval\/#primaryimage"},"image":{"@id":"https:\/\/www.leathergirl.eu\/product\/maszk-fuzo-takaroval\/#primaryimage"},"thumbnailUrl":"https:\/\/www.leathergirl.eu\/wp-content\/uploads\/2023\/08\/k-IMG_5823-masolat.jpg","datePublished":"2023-08-21T13:04:00+00:00","dateModified":"2026-01-03T15:23:31+00:00","breadcrumb":{"@id":"https:\/\/www.leathergirl.eu\/product\/maszk-fuzo-takaroval\/#breadcrumb"},"inLanguage":"en-GB","potentialAction":[{"@type":"ReadAction","target":["https:\/\/www.leathergirl.eu\/product\/maszk-fuzo-takaroval\/"]}]},{"@type":"ImageObject","inLanguage":"en-GB","@id":"https:\/\/www.leathergirl.eu\/product\/maszk-fuzo-takaroval\/#primaryimage","url":"https:\/\/www.leathergirl.eu\/wp-content\/uploads\/2023\/08\/k-IMG_5823-masolat.jpg","contentUrl":"https:\/\/www.leathergirl.eu\/wp-content\/uploads\/2023\/08\/k-IMG_5823-masolat.jpg","width":600,"height":800},{"@type":"BreadcrumbList","@id":"https:\/\/www.leathergirl.eu\/product\/maszk-fuzo-takaroval\/#breadcrumb","itemListElement":[{"@type":"ListItem","position":1,"name":"Home","item":"https:\/\/www.leathergirl.eu\/"},{"@type":"ListItem","position":2,"name":"Shop","item":"https:\/\/www.leathergirl.eu\/en\/uzlet\/"},{"@type":"ListItem","position":3,"name":"MASZK F\u0170Z\u0150-TAKAR\u00d3VAL"}]},{"@type":"WebSite","@id":"https:\/\/www.leathergirl.eu\/#website","url":"https:\/\/www.leathergirl.eu\/","name":"The Leather Girl","description":"... LeatherGirl ...","publisher":{"@id":"https:\/\/www.leathergirl.eu\/#organization"},"potentialAction":[{"@type":"SearchAction","target":{"@type":"EntryPoint","urlTemplate":"https:\/\/www.leathergirl.eu\/?s={search_term_string}"},"query-input":{"@type":"PropertyValueSpecification","valueRequired":true,"valueName":"search_term_string"}}],"inLanguage":"en-GB"},{"@type":"Organization","@id":"https:\/\/www.leathergirl.eu\/#organization","name":"The Leather Girl","url":"https:\/\/www.leathergirl.eu\/","logo":{"@type":"ImageObject","inLanguage":"en-GB","@id":"https:\/\/www.leathergirl.eu\/#\/schema\/logo\/image\/","url":"https:\/\/www.leathergirl.eu\/wp-content\/uploads\/2024\/05\/leathergirl-logo.png","contentUrl":"https:\/\/www.leathergirl.eu\/wp-content\/uploads\/2024\/05\/leathergirl-logo.png","width":280,"height":80,"caption":"A B\u0151r\u00f6s l\u00e1ny"},"image":{"@id":"https:\/\/www.leathergirl.eu\/#\/schema\/logo\/image\/"},"sameAs":["https:\/\/www.facebook.com\/aboroslany\/","https:\/\/www.instagram.com\/theleathergirl\/"],"email":"aboroslany@gmail.com","legalName":"Nepp T\u00edmea e.v.","numberOfEmployees":{"@type":"QuantitativeValue","minValue":"1","maxValue":"10"}}]},"product_price_amount":"262.00","product_price_currency":"EUR","og_availability":"instock","product_availability":"instock","product_condition":"new"},"_links":{"self":[{"href":"https:\/\/www.leathergirl.eu\/en\/wp-json\/wp\/v2\/product\/24099","targetHints":{"allow":["GET"]}}],"collection":[{"href":"https:\/\/www.leathergirl.eu\/en\/wp-json\/wp\/v2\/product"}],"about":[{"href":"https:\/\/www.leathergirl.eu\/en\/wp-json\/wp\/v2\/types\/product"}],"wp:featuredmedia":[{"embeddable":true,"href":"https:\/\/www.leathergirl.eu\/en\/wp-json\/wp\/v2\/media\/24102"}],"wp:attachment":[{"href":"https:\/\/www.leathergirl.eu\/en\/wp-json\/wp\/v2\/media?parent=24099"}],"wp:term":[{"taxonomy":"product_brand","embeddable":true,"href":"https:\/\/www.leathergirl.eu\/en\/wp-json\/wp\/v2\/product_brand?post=24099"},{"taxonomy":"product_cat","embeddable":true,"href":"https:\/\/www.leathergirl.eu\/en\/wp-json\/wp\/v2\/product_cat?post=24099"},{"taxonomy":"product_tag","embeddable":true,"href":"https:\/\/www.leathergirl.eu\/en\/wp-json\/wp\/v2\/product_tag?post=24099"}],"curies":[{"name":"wp","href":"https:\/\/api.w.org\/{rel}","templated":true}]}}