{"id":24091,"date":"2023-07-30T11:12:55","date_gmt":"2023-07-30T11:12:55","guid":{"rendered":"https:\/\/www.leathergirl.eu\/?post_type=product&#038;p=24091"},"modified":"2026-01-04T16:46:38","modified_gmt":"2026-01-04T15:46:38","slug":"pink-unicorn-kantar","status":"publish","type":"product","link":"https:\/\/www.leathergirl.eu\/en\/product\/pink-unicorn-kantar\/","title":{"rendered":"UNICORN BRIDLE"},"content":{"rendered":"<p>The straps of the bridle are 3 cm wide and are made of three layers of leather. The two layers of strong, high shine leather is lined with soft leather to ensure comfort and prevent sticking.\n\nEach strap is adjustable with lockable buckles.<br \/>\nBoth the blindfold and ear pieces are fully removable.<br \/>\nA 55 mm long spike positioned at the center of the forehead gives this bridle its distinctive and striking character.<br \/>\nAs always, you can request this piece in other colors or in a matte leather finish.<\/p>\n<p>The bra shown in the photos can be found <a href=\"https:\/\/www.leathergirl.eu\/product\/bor-melltarto\/\" target=\"_blank\" rel=\"noopener\">HERE<\/a> .<\/p>\n<p>Pictures by: <a href=\"https:\/\/feszekvipstudio.hu\/\" target=\"_blank\" rel=\"noopener\">SeinerK photo<\/a><\/p>\n<p>Locks are not included in the product.<\/p>\n<p>&nbsp;<\/p>","protected":false},"excerpt":{"rendered":"<p>The straps of the bridle are 3 cm wide and are made of three layers of leather. The two layers of strong, high shine leather is lined with soft leather to ensure comfort and prevent sticking.\n\nEach strap is adjustable with lockable buckles.<br \/>\nBoth the blindfold and ear pieces are fully removable.<br \/>\nA 55 mm long spike positioned at the center of the forehead gives this bridle its distinctive and striking character.<br \/>\nAs always, you can request this piece in other colors or in a matte leather finish.<\/p>\n<p>The bra shown in the photos can be found <a href=\"https:\/\/www.leathergirl.eu\/product\/bor-melltarto\/\" target=\"_blank\" rel=\"noopener\">HERE<\/a> .<\/p>\n<p>Pictures by: <a href=\"https:\/\/feszekvipstudio.hu\/\" target=\"_blank\" rel=\"noopener\">SeinerK photo<\/a><\/p>\n<p>Locks are not included in the product.<\/p>","protected":false},"featured_media":262532,"template":"","meta":{"_et_pb_use_builder":"","_et_pb_old_content":"","_et_gb_content_width":""},"product_brand":[],"product_cat":[44,25],"product_tag":[],"class_list":{"0":"post-24091","1":"product","2":"type-product","3":"status-publish","4":"has-post-thumbnail","6":"product_cat-buszkesegeim","7":"product_cat-petplay","9":"first","10":"instock","11":"purchasable","12":"product-type-simple"},"yoast_head":"<!-- This site is optimized with the Yoast SEO Premium plugin v26.2 (Yoast SEO v26.3) - https:\/\/yoast.com\/wordpress\/plugins\/seo\/ -->\n<title>UNIKORNIS KANT\u00c1R - A B\u0151r\u00f6s l\u00e1ny<\/title>\n<meta name=\"robots\" content=\"index, follow, max-snippet:-1, max-image-preview:large, max-video-preview:-1\" \/>\n<link rel=\"canonical\" href=\"https:\/\/www.leathergirl.eu\/en\/product\/pink-unicorn-kantar\/\" \/>\n<meta property=\"og:locale\" content=\"en_GB\" \/>\n<meta property=\"og:type\" content=\"article\" \/>\n<meta property=\"og:title\" content=\"UNIKORNIS KANT\u00c1R\" \/>\n<meta property=\"og:description\" content=\"A kant\u00e1r sz\u00edjai 3 cm sz\u00e9lesek, \u00e9s h\u00e1rom r\u00e9teg b\u0151rb\u0151l k\u00e9sz\u00fclnek: k\u00edv\u00fclre k\u00e9t r\u00e9teg, behajtott sz\u00e9l\u0171 t\u00fck\u00f6rlakk b\u0151rt teszek, amit puha b\u0151rrel b\u00e9lelek al\u00e1, hogy k\u00e9nyelmes legyen, \u00e9s ne tapadjon. Minden sz\u00edj hossz\u00e1t csattal szab\u00e1lyozhatod; a csatok lakatolhat\u00f3ak. A szemellenz\u0151t \u00e9s a f\u00fclet k\u00e9t r\u00e9teg b\u0151rb\u0151l k\u00e9sz\u00edtem, mindkett\u0151 levehet\u0151. A kant\u00e1r k\u00fcl\u00f6nlegess\u00e9g\u00e9t a homlok k\u00f6zep\u00e9re tett, 55 mm hossz\u00fa t\u00fcske adja. Term\u00e9szetesen rendelheted m\u00e1s sz\u00ednben vagy matt b\u0151rb\u0151l is.  A k\u00e9peken l\u00e1that\u00f3 melltart\u00f3t ITT tal\u00e1lod.  Modell fot\u00f3: SeinerK photo  A term\u00e9k a lakatokat nem tartalmazza.\" \/>\n<meta property=\"og:url\" content=\"https:\/\/www.leathergirl.eu\/en\/product\/pink-unicorn-kantar\/\" \/>\n<meta property=\"og:site_name\" content=\"A B\u0151r\u00f6s l\u00e1ny\" \/>\n<meta property=\"article:publisher\" content=\"https:\/\/www.facebook.com\/aboroslany\/\" \/>\n<meta property=\"article:modified_time\" content=\"2026-01-04T15:46:38+00:00\" \/>\n<meta property=\"og:image\" content=\"https:\/\/www.leathergirl.eu\/wp-content\/uploads\/2023\/07\/k-_HR22166.jpg\" \/>\n\t<meta property=\"og:image:width\" content=\"534\" \/>\n\t<meta property=\"og:image:height\" content=\"800\" \/>\n\t<meta property=\"og:image:type\" content=\"image\/jpeg\" \/>\n<script type=\"application\/ld+json\" class=\"yoast-schema-graph\">{\"@context\":\"https:\/\/schema.org\",\"@graph\":[{\"@type\":\"WebPage\",\"@id\":\"https:\/\/www.leathergirl.eu\/product\/pink-unikornis-kantar\/\",\"url\":\"https:\/\/www.leathergirl.eu\/product\/pink-unikornis-kantar\/\",\"name\":\"UNIKORNIS KANT\u00c1R - A B\u0151r\u00f6s l\u00e1ny\",\"isPartOf\":{\"@id\":\"https:\/\/www.leathergirl.eu\/#website\"},\"primaryImageOfPage\":{\"@id\":\"https:\/\/www.leathergirl.eu\/product\/pink-unikornis-kantar\/#primaryimage\"},\"image\":{\"@id\":\"https:\/\/www.leathergirl.eu\/product\/pink-unikornis-kantar\/#primaryimage\"},\"thumbnailUrl\":\"https:\/\/www.leathergirl.eu\/wp-content\/uploads\/2023\/07\/k-_HR22166.jpg\",\"datePublished\":\"2023-07-30T11:12:55+00:00\",\"dateModified\":\"2026-01-04T15:46:38+00:00\",\"breadcrumb\":{\"@id\":\"https:\/\/www.leathergirl.eu\/product\/pink-unikornis-kantar\/#breadcrumb\"},\"inLanguage\":\"en-GB\",\"potentialAction\":[{\"@type\":\"ReadAction\",\"target\":[\"https:\/\/www.leathergirl.eu\/product\/pink-unikornis-kantar\/\"]}]},{\"@type\":\"ImageObject\",\"inLanguage\":\"en-GB\",\"@id\":\"https:\/\/www.leathergirl.eu\/product\/pink-unikornis-kantar\/#primaryimage\",\"url\":\"https:\/\/www.leathergirl.eu\/wp-content\/uploads\/2023\/07\/k-_HR22166.jpg\",\"contentUrl\":\"https:\/\/www.leathergirl.eu\/wp-content\/uploads\/2023\/07\/k-_HR22166.jpg\",\"width\":534,\"height\":800},{\"@type\":\"BreadcrumbList\",\"@id\":\"https:\/\/www.leathergirl.eu\/product\/pink-unikornis-kantar\/#breadcrumb\",\"itemListElement\":[{\"@type\":\"ListItem\",\"position\":1,\"name\":\"Home\",\"item\":\"https:\/\/www.leathergirl.eu\/\"},{\"@type\":\"ListItem\",\"position\":2,\"name\":\"Shop\",\"item\":\"https:\/\/www.leathergirl.eu\/en\/uzlet\/\"},{\"@type\":\"ListItem\",\"position\":3,\"name\":\"UNIKORNIS KANT\u00c1R\"}]},{\"@type\":\"WebSite\",\"@id\":\"https:\/\/www.leathergirl.eu\/#website\",\"url\":\"https:\/\/www.leathergirl.eu\/\",\"name\":\"A B\u0151r\u00f6s l\u00e1ny\",\"description\":\"... LeatherGirl ...\",\"publisher\":{\"@id\":\"https:\/\/www.leathergirl.eu\/#organization\"},\"potentialAction\":[{\"@type\":\"SearchAction\",\"target\":{\"@type\":\"EntryPoint\",\"urlTemplate\":\"https:\/\/www.leathergirl.eu\/?s={search_term_string}\"},\"query-input\":{\"@type\":\"PropertyValueSpecification\",\"valueRequired\":true,\"valueName\":\"search_term_string\"}}],\"inLanguage\":\"en-GB\"},{\"@type\":\"Organization\",\"@id\":\"https:\/\/www.leathergirl.eu\/#organization\",\"name\":\"A B\u0151r\u00f6s l\u00e1ny\",\"url\":\"https:\/\/www.leathergirl.eu\/\",\"logo\":{\"@type\":\"ImageObject\",\"inLanguage\":\"en-GB\",\"@id\":\"https:\/\/www.leathergirl.eu\/#\/schema\/logo\/image\/\",\"url\":\"https:\/\/www.leathergirl.eu\/wp-content\/uploads\/2024\/05\/leathergirl-logo.png\",\"contentUrl\":\"https:\/\/www.leathergirl.eu\/wp-content\/uploads\/2024\/05\/leathergirl-logo.png\",\"width\":280,\"height\":80,\"caption\":\"A B\u0151r\u00f6s l\u00e1ny\"},\"image\":{\"@id\":\"https:\/\/www.leathergirl.eu\/#\/schema\/logo\/image\/\"},\"sameAs\":[\"https:\/\/www.facebook.com\/aboroslany\/\",\"https:\/\/www.instagram.com\/theleathergirl\/\"],\"email\":\"aboroslany@gmail.com\",\"legalName\":\"Nepp T\u00edmea e.v.\",\"numberOfEmployees\":{\"@type\":\"QuantitativeValue\",\"minValue\":\"1\",\"maxValue\":\"10\"}}]}<\/script>\n<meta property=\"product:price:amount\" content=\"215.30\" \/>\n<meta property=\"product:price:currency\" content=\"EUR\" \/>\n<meta property=\"og:availability\" content=\"instock\" \/>\n<meta property=\"product:availability\" content=\"instock\" \/>\n<meta property=\"product:condition\" content=\"new\" \/>\n<!-- \/ Yoast SEO Premium plugin. -->","yoast_head_json":{"title":"UNIKORNIS KANT\u00c1R - The Furry Girl","robots":{"index":"index","follow":"follow","max-snippet":"max-snippet:-1","max-image-preview":"max-image-preview:large","max-video-preview":"max-video-preview:-1"},"canonical":"https:\/\/www.leathergirl.eu\/en\/product\/pink-unicorn-kantar\/","og_locale":"en_GB","og_type":"article","og_title":"UNIKORNIS KANT\u00c1R","og_description":"A kant\u00e1r sz\u00edjai 3 cm sz\u00e9lesek, \u00e9s h\u00e1rom r\u00e9teg b\u0151rb\u0151l k\u00e9sz\u00fclnek: k\u00edv\u00fclre k\u00e9t r\u00e9teg, behajtott sz\u00e9l\u0171 t\u00fck\u00f6rlakk b\u0151rt teszek, amit puha b\u0151rrel b\u00e9lelek al\u00e1, hogy k\u00e9nyelmes legyen, \u00e9s ne tapadjon. Minden sz\u00edj hossz\u00e1t csattal szab\u00e1lyozhatod; a csatok lakatolhat\u00f3ak. A szemellenz\u0151t \u00e9s a f\u00fclet k\u00e9t r\u00e9teg b\u0151rb\u0151l k\u00e9sz\u00edtem, mindkett\u0151 levehet\u0151. A kant\u00e1r k\u00fcl\u00f6nlegess\u00e9g\u00e9t a homlok k\u00f6zep\u00e9re tett, 55 mm hossz\u00fa t\u00fcske adja. Term\u00e9szetesen rendelheted m\u00e1s sz\u00ednben vagy matt b\u0151rb\u0151l is.  A k\u00e9peken l\u00e1that\u00f3 melltart\u00f3t ITT tal\u00e1lod.  Modell fot\u00f3: SeinerK photo  A term\u00e9k a lakatokat nem tartalmazza.","og_url":"https:\/\/www.leathergirl.eu\/en\/product\/pink-unicorn-kantar\/","og_site_name":"A B\u0151r\u00f6s l\u00e1ny","article_publisher":"https:\/\/www.facebook.com\/aboroslany\/","article_modified_time":"2026-01-04T15:46:38+00:00","og_image":[{"width":534,"height":800,"url":"https:\/\/www.leathergirl.eu\/wp-content\/uploads\/2023\/07\/k-_HR22166.jpg","type":"image\/jpeg"}],"schema":{"@context":"https:\/\/schema.org","@graph":[{"@type":"WebPage","@id":"https:\/\/www.leathergirl.eu\/product\/pink-unikornis-kantar\/","url":"https:\/\/www.leathergirl.eu\/product\/pink-unikornis-kantar\/","name":"UNIKORNIS KANT\u00c1R - The Furry Girl","isPartOf":{"@id":"https:\/\/www.leathergirl.eu\/#website"},"primaryImageOfPage":{"@id":"https:\/\/www.leathergirl.eu\/product\/pink-unikornis-kantar\/#primaryimage"},"image":{"@id":"https:\/\/www.leathergirl.eu\/product\/pink-unikornis-kantar\/#primaryimage"},"thumbnailUrl":"https:\/\/www.leathergirl.eu\/wp-content\/uploads\/2023\/07\/k-_HR22166.jpg","datePublished":"2023-07-30T11:12:55+00:00","dateModified":"2026-01-04T15:46:38+00:00","breadcrumb":{"@id":"https:\/\/www.leathergirl.eu\/product\/pink-unikornis-kantar\/#breadcrumb"},"inLanguage":"en-GB","potentialAction":[{"@type":"ReadAction","target":["https:\/\/www.leathergirl.eu\/product\/pink-unikornis-kantar\/"]}]},{"@type":"ImageObject","inLanguage":"en-GB","@id":"https:\/\/www.leathergirl.eu\/product\/pink-unikornis-kantar\/#primaryimage","url":"https:\/\/www.leathergirl.eu\/wp-content\/uploads\/2023\/07\/k-_HR22166.jpg","contentUrl":"https:\/\/www.leathergirl.eu\/wp-content\/uploads\/2023\/07\/k-_HR22166.jpg","width":534,"height":800},{"@type":"BreadcrumbList","@id":"https:\/\/www.leathergirl.eu\/product\/pink-unikornis-kantar\/#breadcrumb","itemListElement":[{"@type":"ListItem","position":1,"name":"Home","item":"https:\/\/www.leathergirl.eu\/"},{"@type":"ListItem","position":2,"name":"Shop","item":"https:\/\/www.leathergirl.eu\/en\/uzlet\/"},{"@type":"ListItem","position":3,"name":"UNIKORNIS KANT\u00c1R"}]},{"@type":"WebSite","@id":"https:\/\/www.leathergirl.eu\/#website","url":"https:\/\/www.leathergirl.eu\/","name":"The Leather Girl","description":"... LeatherGirl ...","publisher":{"@id":"https:\/\/www.leathergirl.eu\/#organization"},"potentialAction":[{"@type":"SearchAction","target":{"@type":"EntryPoint","urlTemplate":"https:\/\/www.leathergirl.eu\/?s={search_term_string}"},"query-input":{"@type":"PropertyValueSpecification","valueRequired":true,"valueName":"search_term_string"}}],"inLanguage":"en-GB"},{"@type":"Organization","@id":"https:\/\/www.leathergirl.eu\/#organization","name":"The Leather Girl","url":"https:\/\/www.leathergirl.eu\/","logo":{"@type":"ImageObject","inLanguage":"en-GB","@id":"https:\/\/www.leathergirl.eu\/#\/schema\/logo\/image\/","url":"https:\/\/www.leathergirl.eu\/wp-content\/uploads\/2024\/05\/leathergirl-logo.png","contentUrl":"https:\/\/www.leathergirl.eu\/wp-content\/uploads\/2024\/05\/leathergirl-logo.png","width":280,"height":80,"caption":"A B\u0151r\u00f6s l\u00e1ny"},"image":{"@id":"https:\/\/www.leathergirl.eu\/#\/schema\/logo\/image\/"},"sameAs":["https:\/\/www.facebook.com\/aboroslany\/","https:\/\/www.instagram.com\/theleathergirl\/"],"email":"aboroslany@gmail.com","legalName":"Nepp T\u00edmea e.v.","numberOfEmployees":{"@type":"QuantitativeValue","minValue":"1","maxValue":"10"}}]},"product_price_amount":"215.30","product_price_currency":"EUR","og_availability":"instock","product_availability":"instock","product_condition":"new"},"_links":{"self":[{"href":"https:\/\/www.leathergirl.eu\/en\/wp-json\/wp\/v2\/product\/24091","targetHints":{"allow":["GET"]}}],"collection":[{"href":"https:\/\/www.leathergirl.eu\/en\/wp-json\/wp\/v2\/product"}],"about":[{"href":"https:\/\/www.leathergirl.eu\/en\/wp-json\/wp\/v2\/types\/product"}],"wp:featuredmedia":[{"embeddable":true,"href":"https:\/\/www.leathergirl.eu\/en\/wp-json\/wp\/v2\/media\/262532"}],"wp:attachment":[{"href":"https:\/\/www.leathergirl.eu\/en\/wp-json\/wp\/v2\/media?parent=24091"}],"wp:term":[{"taxonomy":"product_brand","embeddable":true,"href":"https:\/\/www.leathergirl.eu\/en\/wp-json\/wp\/v2\/product_brand?post=24091"},{"taxonomy":"product_cat","embeddable":true,"href":"https:\/\/www.leathergirl.eu\/en\/wp-json\/wp\/v2\/product_cat?post=24091"},{"taxonomy":"product_tag","embeddable":true,"href":"https:\/\/www.leathergirl.eu\/en\/wp-json\/wp\/v2\/product_tag?post=24091"}],"curies":[{"name":"wp","href":"https:\/\/api.w.org\/{rel}","templated":true}]}}