{"id":24087,"date":"2023-07-30T10:45:48","date_gmt":"2023-07-30T10:45:48","guid":{"rendered":"https:\/\/www.leathergirl.eu\/?post_type=product&#038;p=24087"},"modified":"2026-01-04T16:55:22","modified_gmt":"2026-01-04T15:55:22","slug":"sucking-ov-5-cm-windy","status":"publish","type":"product","link":"https:\/\/www.leathergirl.eu\/en\/product\/sucking-ov-5-cm-windy\/","title":{"rendered":"5 cm wide belt with nails"},"content":{"rendered":"<p>I made this belt from two layers of cowhide: the outer layer is 1.5-2 mm thick, and the inner one is soft but also strong box leather. In the latter, I put the spikes in three rows, about two-thirds of the total length of the belt (the rest are for buckling). The belt is 5 cm wide; the buckle is double tongue.<\/p>\n<p>The piece shown in the pictures is size M-L. The price shown is for this size. If you need a different size, ask for a quote.<\/p>","protected":false},"excerpt":{"rendered":"<p>I made this belt from two layers of cowhide: the outer layer is 1.5-2 mm thick, and the inner one is soft but also strong box leather. In the latter, I put the spikes in three rows, about two-thirds of the total length of the belt (the rest are for buckling). The belt is 5 cm wide; the buckle is double tongue.<\/p>\n<p>The piece shown in the pictures is size M-L. The price shown is for this size. If you need a different size, ask for a quote.<\/p>","protected":false},"featured_media":24088,"template":"","meta":{"_et_pb_use_builder":"","_et_pb_old_content":"","_et_gb_content_width":""},"product_brand":[],"product_cat":[43],"product_tag":[],"class_list":{"0":"post-24087","1":"product","2":"type-product","3":"status-publish","4":"has-post-thumbnail","6":"product_cat-spiked-and-studded-things","8":"first","9":"instock","10":"purchasable","11":"product-type-simple"},"yoast_head":"<!-- This site is optimized with the Yoast SEO Premium plugin v26.2 (Yoast SEO v26.3) - https:\/\/yoast.com\/wordpress\/plugins\/seo\/ -->\n<title>SZ\u00d6GES \u00d6V (5 CM SZ\u00c9LES) - A B\u0151r\u00f6s l\u00e1ny<\/title>\n<meta name=\"robots\" content=\"index, follow, max-snippet:-1, max-image-preview:large, max-video-preview:-1\" \/>\n<link rel=\"canonical\" href=\"https:\/\/www.leathergirl.eu\/en\/product\/sucking-ov-5-cm-windy\/\" \/>\n<meta property=\"og:locale\" content=\"en_GB\" \/>\n<meta property=\"og:type\" content=\"article\" \/>\n<meta property=\"og:title\" content=\"SZ\u00d6GES \u00d6V (5 CM SZ\u00c9LES)\" \/>\n<meta property=\"og:description\" content=\"Ezt az \u00f6vet k\u00e9t r\u00e9teg marhab\u0151rb\u0151l k\u00e9sz\u00edtettem: a k\u00fcls\u0151 r\u00e9teg 1,5-2 mm vastag, a bels\u0151 pedig puha, de szint\u00e9n er\u0151s boxb\u0151r. Ut\u00f3bbiba teszem a t\u00fcsk\u00e9ket h\u00e1rom soron, az \u00f6v teljes hossz\u00e1nak kb k\u00e9tharmad\u00e1n (a t\u00f6bbi a csatol\u00e1shoz kell). Az \u00f6v 5 cm sz\u00e9les; a csatja dupla peckes.  A k\u00e9peken l\u00e1that\u00f3 darab M-L m\u00e9ret\u0171. A felt\u00fcntetett \u00e1r erre a m\u00e9retre vonatkozik. Ha ett\u0151l elt\u00e9r\u0151 m\u00e9retre lenne sz\u00fcks\u00e9ged, k\u00e9rj \u00e1raj\u00e1nlatot.\" \/>\n<meta property=\"og:url\" content=\"https:\/\/www.leathergirl.eu\/en\/product\/sucking-ov-5-cm-windy\/\" \/>\n<meta property=\"og:site_name\" content=\"A B\u0151r\u00f6s l\u00e1ny\" \/>\n<meta property=\"article:publisher\" content=\"https:\/\/www.facebook.com\/aboroslany\/\" \/>\n<meta property=\"article:modified_time\" content=\"2026-01-04T15:55:22+00:00\" \/>\n<meta property=\"og:image\" content=\"https:\/\/www.leathergirl.eu\/wp-content\/uploads\/2023\/07\/k-IMG_5195-masolat.jpg\" \/>\n\t<meta property=\"og:image:width\" content=\"800\" \/>\n\t<meta property=\"og:image:height\" content=\"600\" \/>\n\t<meta property=\"og:image:type\" content=\"image\/jpeg\" \/>\n<script type=\"application\/ld+json\" class=\"yoast-schema-graph\">{\"@context\":\"https:\/\/schema.org\",\"@graph\":[{\"@type\":\"WebPage\",\"@id\":\"https:\/\/www.leathergirl.eu\/product\/szoges-ov-5-cm-szeles\/\",\"url\":\"https:\/\/www.leathergirl.eu\/product\/szoges-ov-5-cm-szeles\/\",\"name\":\"SZ\u00d6GES \u00d6V (5 CM SZ\u00c9LES) - A B\u0151r\u00f6s l\u00e1ny\",\"isPartOf\":{\"@id\":\"https:\/\/www.leathergirl.eu\/#website\"},\"primaryImageOfPage\":{\"@id\":\"https:\/\/www.leathergirl.eu\/product\/szoges-ov-5-cm-szeles\/#primaryimage\"},\"image\":{\"@id\":\"https:\/\/www.leathergirl.eu\/product\/szoges-ov-5-cm-szeles\/#primaryimage\"},\"thumbnailUrl\":\"https:\/\/www.leathergirl.eu\/wp-content\/uploads\/2023\/07\/k-IMG_5195-masolat.jpg\",\"datePublished\":\"2023-07-30T10:45:48+00:00\",\"dateModified\":\"2026-01-04T15:55:22+00:00\",\"breadcrumb\":{\"@id\":\"https:\/\/www.leathergirl.eu\/product\/szoges-ov-5-cm-szeles\/#breadcrumb\"},\"inLanguage\":\"en-GB\",\"potentialAction\":[{\"@type\":\"ReadAction\",\"target\":[\"https:\/\/www.leathergirl.eu\/product\/szoges-ov-5-cm-szeles\/\"]}]},{\"@type\":\"ImageObject\",\"inLanguage\":\"en-GB\",\"@id\":\"https:\/\/www.leathergirl.eu\/product\/szoges-ov-5-cm-szeles\/#primaryimage\",\"url\":\"https:\/\/www.leathergirl.eu\/wp-content\/uploads\/2023\/07\/k-IMG_5195-masolat.jpg\",\"contentUrl\":\"https:\/\/www.leathergirl.eu\/wp-content\/uploads\/2023\/07\/k-IMG_5195-masolat.jpg\",\"width\":800,\"height\":600},{\"@type\":\"BreadcrumbList\",\"@id\":\"https:\/\/www.leathergirl.eu\/product\/szoges-ov-5-cm-szeles\/#breadcrumb\",\"itemListElement\":[{\"@type\":\"ListItem\",\"position\":1,\"name\":\"Home\",\"item\":\"https:\/\/www.leathergirl.eu\/\"},{\"@type\":\"ListItem\",\"position\":2,\"name\":\"Shop\",\"item\":\"https:\/\/www.leathergirl.eu\/en\/uzlet\/\"},{\"@type\":\"ListItem\",\"position\":3,\"name\":\"SZ\u00d6GES \u00d6V (5 CM SZ\u00c9LES)\"}]},{\"@type\":\"WebSite\",\"@id\":\"https:\/\/www.leathergirl.eu\/#website\",\"url\":\"https:\/\/www.leathergirl.eu\/\",\"name\":\"A B\u0151r\u00f6s l\u00e1ny\",\"description\":\"... LeatherGirl ...\",\"publisher\":{\"@id\":\"https:\/\/www.leathergirl.eu\/#organization\"},\"potentialAction\":[{\"@type\":\"SearchAction\",\"target\":{\"@type\":\"EntryPoint\",\"urlTemplate\":\"https:\/\/www.leathergirl.eu\/?s={search_term_string}\"},\"query-input\":{\"@type\":\"PropertyValueSpecification\",\"valueRequired\":true,\"valueName\":\"search_term_string\"}}],\"inLanguage\":\"en-GB\"},{\"@type\":\"Organization\",\"@id\":\"https:\/\/www.leathergirl.eu\/#organization\",\"name\":\"A B\u0151r\u00f6s l\u00e1ny\",\"url\":\"https:\/\/www.leathergirl.eu\/\",\"logo\":{\"@type\":\"ImageObject\",\"inLanguage\":\"en-GB\",\"@id\":\"https:\/\/www.leathergirl.eu\/#\/schema\/logo\/image\/\",\"url\":\"https:\/\/www.leathergirl.eu\/wp-content\/uploads\/2024\/05\/leathergirl-logo.png\",\"contentUrl\":\"https:\/\/www.leathergirl.eu\/wp-content\/uploads\/2024\/05\/leathergirl-logo.png\",\"width\":280,\"height\":80,\"caption\":\"A B\u0151r\u00f6s l\u00e1ny\"},\"image\":{\"@id\":\"https:\/\/www.leathergirl.eu\/#\/schema\/logo\/image\/\"},\"sameAs\":[\"https:\/\/www.facebook.com\/aboroslany\/\",\"https:\/\/www.instagram.com\/theleathergirl\/\"],\"email\":\"aboroslany@gmail.com\",\"legalName\":\"Nepp T\u00edmea e.v.\",\"numberOfEmployees\":{\"@type\":\"QuantitativeValue\",\"minValue\":\"1\",\"maxValue\":\"10\"}}]}<\/script>\n<meta property=\"product:price:amount\" content=\"98.60\" \/>\n<meta property=\"product:price:currency\" content=\"EUR\" \/>\n<meta property=\"og:availability\" content=\"instock\" \/>\n<meta property=\"product:availability\" content=\"instock\" \/>\n<meta property=\"product:condition\" content=\"new\" \/>\n<!-- \/ Yoast SEO Premium plugin. -->","yoast_head_json":{"title":"TIGHT BREATH (5 CM WIND) - The Furry Girl","robots":{"index":"index","follow":"follow","max-snippet":"max-snippet:-1","max-image-preview":"max-image-preview:large","max-video-preview":"max-video-preview:-1"},"canonical":"https:\/\/www.leathergirl.eu\/en\/product\/sucking-ov-5-cm-windy\/","og_locale":"en_GB","og_type":"article","og_title":"SZ\u00d6GES \u00d6V (5 CM SZ\u00c9LES)","og_description":"Ezt az \u00f6vet k\u00e9t r\u00e9teg marhab\u0151rb\u0151l k\u00e9sz\u00edtettem: a k\u00fcls\u0151 r\u00e9teg 1,5-2 mm vastag, a bels\u0151 pedig puha, de szint\u00e9n er\u0151s boxb\u0151r. Ut\u00f3bbiba teszem a t\u00fcsk\u00e9ket h\u00e1rom soron, az \u00f6v teljes hossz\u00e1nak kb k\u00e9tharmad\u00e1n (a t\u00f6bbi a csatol\u00e1shoz kell). Az \u00f6v 5 cm sz\u00e9les; a csatja dupla peckes.  A k\u00e9peken l\u00e1that\u00f3 darab M-L m\u00e9ret\u0171. A felt\u00fcntetett \u00e1r erre a m\u00e9retre vonatkozik. Ha ett\u0151l elt\u00e9r\u0151 m\u00e9retre lenne sz\u00fcks\u00e9ged, k\u00e9rj \u00e1raj\u00e1nlatot.","og_url":"https:\/\/www.leathergirl.eu\/en\/product\/sucking-ov-5-cm-windy\/","og_site_name":"A B\u0151r\u00f6s l\u00e1ny","article_publisher":"https:\/\/www.facebook.com\/aboroslany\/","article_modified_time":"2026-01-04T15:55:22+00:00","og_image":[{"width":800,"height":600,"url":"https:\/\/www.leathergirl.eu\/wp-content\/uploads\/2023\/07\/k-IMG_5195-masolat.jpg","type":"image\/jpeg"}],"schema":{"@context":"https:\/\/schema.org","@graph":[{"@type":"WebPage","@id":"https:\/\/www.leathergirl.eu\/product\/szoges-ov-5-cm-szeles\/","url":"https:\/\/www.leathergirl.eu\/product\/szoges-ov-5-cm-szeles\/","name":"TIGHT BREATH (5 CM WIND) - The Furry Girl","isPartOf":{"@id":"https:\/\/www.leathergirl.eu\/#website"},"primaryImageOfPage":{"@id":"https:\/\/www.leathergirl.eu\/product\/szoges-ov-5-cm-szeles\/#primaryimage"},"image":{"@id":"https:\/\/www.leathergirl.eu\/product\/szoges-ov-5-cm-szeles\/#primaryimage"},"thumbnailUrl":"https:\/\/www.leathergirl.eu\/wp-content\/uploads\/2023\/07\/k-IMG_5195-masolat.jpg","datePublished":"2023-07-30T10:45:48+00:00","dateModified":"2026-01-04T15:55:22+00:00","breadcrumb":{"@id":"https:\/\/www.leathergirl.eu\/product\/szoges-ov-5-cm-szeles\/#breadcrumb"},"inLanguage":"en-GB","potentialAction":[{"@type":"ReadAction","target":["https:\/\/www.leathergirl.eu\/product\/szoges-ov-5-cm-szeles\/"]}]},{"@type":"ImageObject","inLanguage":"en-GB","@id":"https:\/\/www.leathergirl.eu\/product\/szoges-ov-5-cm-szeles\/#primaryimage","url":"https:\/\/www.leathergirl.eu\/wp-content\/uploads\/2023\/07\/k-IMG_5195-masolat.jpg","contentUrl":"https:\/\/www.leathergirl.eu\/wp-content\/uploads\/2023\/07\/k-IMG_5195-masolat.jpg","width":800,"height":600},{"@type":"BreadcrumbList","@id":"https:\/\/www.leathergirl.eu\/product\/szoges-ov-5-cm-szeles\/#breadcrumb","itemListElement":[{"@type":"ListItem","position":1,"name":"Home","item":"https:\/\/www.leathergirl.eu\/"},{"@type":"ListItem","position":2,"name":"Shop","item":"https:\/\/www.leathergirl.eu\/en\/uzlet\/"},{"@type":"ListItem","position":3,"name":"SZ\u00d6GES \u00d6V (5 CM SZ\u00c9LES)"}]},{"@type":"WebSite","@id":"https:\/\/www.leathergirl.eu\/#website","url":"https:\/\/www.leathergirl.eu\/","name":"The Leather Girl","description":"... LeatherGirl ...","publisher":{"@id":"https:\/\/www.leathergirl.eu\/#organization"},"potentialAction":[{"@type":"SearchAction","target":{"@type":"EntryPoint","urlTemplate":"https:\/\/www.leathergirl.eu\/?s={search_term_string}"},"query-input":{"@type":"PropertyValueSpecification","valueRequired":true,"valueName":"search_term_string"}}],"inLanguage":"en-GB"},{"@type":"Organization","@id":"https:\/\/www.leathergirl.eu\/#organization","name":"The Leather Girl","url":"https:\/\/www.leathergirl.eu\/","logo":{"@type":"ImageObject","inLanguage":"en-GB","@id":"https:\/\/www.leathergirl.eu\/#\/schema\/logo\/image\/","url":"https:\/\/www.leathergirl.eu\/wp-content\/uploads\/2024\/05\/leathergirl-logo.png","contentUrl":"https:\/\/www.leathergirl.eu\/wp-content\/uploads\/2024\/05\/leathergirl-logo.png","width":280,"height":80,"caption":"A B\u0151r\u00f6s l\u00e1ny"},"image":{"@id":"https:\/\/www.leathergirl.eu\/#\/schema\/logo\/image\/"},"sameAs":["https:\/\/www.facebook.com\/aboroslany\/","https:\/\/www.instagram.com\/theleathergirl\/"],"email":"aboroslany@gmail.com","legalName":"Nepp T\u00edmea e.v.","numberOfEmployees":{"@type":"QuantitativeValue","minValue":"1","maxValue":"10"}}]},"product_price_amount":"98.60","product_price_currency":"EUR","og_availability":"instock","product_availability":"instock","product_condition":"new"},"_links":{"self":[{"href":"https:\/\/www.leathergirl.eu\/en\/wp-json\/wp\/v2\/product\/24087","targetHints":{"allow":["GET"]}}],"collection":[{"href":"https:\/\/www.leathergirl.eu\/en\/wp-json\/wp\/v2\/product"}],"about":[{"href":"https:\/\/www.leathergirl.eu\/en\/wp-json\/wp\/v2\/types\/product"}],"wp:featuredmedia":[{"embeddable":true,"href":"https:\/\/www.leathergirl.eu\/en\/wp-json\/wp\/v2\/media\/24088"}],"wp:attachment":[{"href":"https:\/\/www.leathergirl.eu\/en\/wp-json\/wp\/v2\/media?parent=24087"}],"wp:term":[{"taxonomy":"product_brand","embeddable":true,"href":"https:\/\/www.leathergirl.eu\/en\/wp-json\/wp\/v2\/product_brand?post=24087"},{"taxonomy":"product_cat","embeddable":true,"href":"https:\/\/www.leathergirl.eu\/en\/wp-json\/wp\/v2\/product_cat?post=24087"},{"taxonomy":"product_tag","embeddable":true,"href":"https:\/\/www.leathergirl.eu\/en\/wp-json\/wp\/v2\/product_tag?post=24087"}],"curies":[{"name":"wp","href":"https:\/\/api.w.org\/{rel}","templated":true}]}}