{"id":24080,"date":"2023-07-30T09:17:53","date_gmt":"2023-07-30T09:17:53","guid":{"rendered":"https:\/\/www.leathergirl.eu\/?post_type=product&#038;p=24080"},"modified":"2026-01-03T17:10:19","modified_gmt":"2026-01-03T16:10:19","slug":"trunk","status":"publish","type":"product","link":"https:\/\/www.leathergirl.eu\/en\/product\/trunk\/","title":{"rendered":"\"Package holder\""},"content":{"rendered":"<p>Two-piece men's accessory for home toys or \u201eparty dress\u201d The core part, in which you can put the \u201epackage\u201d, is made of a layer of butter-soft cowhide. I fold back the edge and lace in 2 cm of elastic to keep it stable. I leave a longer section at the front, folding the top back wide to allow a belt to be laced into it. The belt is 4 cm wide and is made of two layers of cowhide, the outer layer being 1,5-2 mm thick, strong leather, and the inner layer being soft but also strong. You can order it with or without a belt. In the latter case the price is 27.300 Ft.<\/p>","protected":false},"excerpt":{"rendered":"<p>Two-piece men's accessory for home games or as a \"party dress\"<\/p>\n<p>The essential part, in which you can put the \"package\", is made of a layer of buttery soft cowhide. I fold back the edge and lace in 2 cm of elastic to keep it stable. I leave a longer section at the front, folding the top back wide to allow a belt to be laced into it.<\/p>\n<p>The belt is 4 cm wide and is made of two layers of cowhide, the outer layer being 1.5-2 mm thick, strong leather, and the inner layer soft but also strong.<\/p>\n<p>You can order it with or without a belt. In the latter case the price is 74,6\u20ac<\/p>","protected":false},"featured_media":24083,"template":"","meta":{"_et_pb_use_builder":"off","_et_pb_old_content":"K\u00e9t r\u00e9szb\u0151l \u00e1ll\u00f3, f\u00e9rfiaknak k\u00e9sz\u00fclt kieg\u00e9sz\u00edt\u0151 otthoni j\u00e1t\u00e9kokhoz vagy \"party-ruh\u00e1nak\"\r\n\r\nA l\u00e9nyegi r\u00e9sze, melybe a \"csomagot\" teheted, egy r\u00e9teg, vajpuha marhab\u0151rb\u0151l k\u00e9sz\u00fcl. A sz\u00e9l\u00e9t visszahajtom, \u00e9s 2 cm sz\u00e9les gumit f\u0171z\u00f6k bele, hogy stabil maradjon. Az elej\u00e9n hosszabb r\u00e9szt hagyok, a tetej\u00e9t sz\u00e9lesen visszahajtom, hogy \u00f6vet lehessen f\u0171zni bele.\r\n\r\nAz \u00f6v 4 cm sz\u00e9les, \u00e9s k\u00e9t r\u00e9teg marhab\u0151rb\u0151l k\u00e9sz\u00fcl, melyb\u0151l a k\u00fcls\u0151 r\u00e9teg 15-2 mm vastag, er\u0151s b\u0151r, a bels\u0151 pedig puha, de szint\u00e9n er\u0151s.\r\n\r\nRendelheted \u00f6vvel vagy an\u00e9lk\u00fcl is. Ut\u00f3bbi esetben az \u00e1ra 26.500 Ft.\r\n\r\n\u00a0","_et_gb_content_width":""},"product_brand":[],"product_cat":[45,23],"product_tag":[],"class_list":{"0":"post-24080","1":"product","2":"type-product","3":"status-publish","4":"has-post-thumbnail","6":"product_cat-harnesses","7":"product_cat-for-the-weekdays-and-party-accessories","9":"first","10":"instock","11":"purchasable","12":"product-type-simple"},"yoast_head":"<!-- This site is optimized with the Yoast SEO Premium plugin v26.2 (Yoast SEO v26.3) - https:\/\/yoast.com\/wordpress\/plugins\/seo\/ -->\n<title>&quot;CSOMAGTART\u00d3&quot; - A B\u0151r\u00f6s l\u00e1ny<\/title>\n<meta name=\"robots\" content=\"index, follow, max-snippet:-1, max-image-preview:large, max-video-preview:-1\" \/>\n<link rel=\"canonical\" href=\"https:\/\/www.leathergirl.eu\/en\/product\/trunk\/\" \/>\n<meta property=\"og:locale\" content=\"en_GB\" \/>\n<meta property=\"og:type\" content=\"article\" \/>\n<meta property=\"og:title\" content=\"&quot;CSOMAGTART\u00d3&quot;\" \/>\n<meta property=\"og:description\" content=\"K\u00e9t r\u00e9szb\u0151l \u00e1ll\u00f3, f\u00e9rfiaknak k\u00e9sz\u00fclt kieg\u00e9sz\u00edt\u0151 otthoni j\u00e1t\u00e9kokhoz vagy &quot;party-ruh\u00e1nak&quot;  A l\u00e9nyegi r\u00e9sze, melybe a &quot;csomagot&quot; teheted, egy r\u00e9teg, vajpuha marhab\u0151rb\u0151l k\u00e9sz\u00fcl. A sz\u00e9l\u00e9t visszahajtom, \u00e9s 2 cm sz\u00e9les gumit f\u0171z\u00f6k bele, hogy stabil maradjon. Az elej\u00e9n hosszabb r\u00e9szt hagyok, a tetej\u00e9t sz\u00e9lesen visszahajtom, hogy \u00f6vet lehessen f\u0171zni bele.  Az \u00f6v 4 cm sz\u00e9les, \u00e9s k\u00e9t r\u00e9teg marhab\u0151rb\u0151l k\u00e9sz\u00fcl, melyb\u0151l a k\u00fcls\u0151 r\u00e9teg 1,5-2 mm vastag, er\u0151s b\u0151r, a bels\u0151 pedig puha, de szint\u00e9n er\u0151s.  Rendelheted \u00f6vvel vagy an\u00e9lk\u00fcl is. Ut\u00f3bbi esetben az \u00e1ra 27.300 Ft.\" \/>\n<meta property=\"og:url\" content=\"https:\/\/www.leathergirl.eu\/en\/product\/trunk\/\" \/>\n<meta property=\"og:site_name\" content=\"A B\u0151r\u00f6s l\u00e1ny\" \/>\n<meta property=\"article:publisher\" content=\"https:\/\/www.facebook.com\/aboroslany\/\" \/>\n<meta property=\"article:modified_time\" content=\"2026-01-03T16:10:19+00:00\" \/>\n<meta property=\"og:image\" content=\"https:\/\/www.leathergirl.eu\/wp-content\/uploads\/2023\/07\/k-IMG_5183-masolat.jpg\" \/>\n\t<meta property=\"og:image:width\" content=\"600\" \/>\n\t<meta property=\"og:image:height\" content=\"800\" \/>\n\t<meta property=\"og:image:type\" content=\"image\/jpeg\" \/>\n<script type=\"application\/ld+json\" class=\"yoast-schema-graph\">{\"@context\":\"https:\/\/schema.org\",\"@graph\":[{\"@type\":\"WebPage\",\"@id\":\"https:\/\/www.leathergirl.eu\/product\/csomagtarto\/\",\"url\":\"https:\/\/www.leathergirl.eu\/product\/csomagtarto\/\",\"name\":\"\\\"CSOMAGTART\u00d3\\\" - A B\u0151r\u00f6s l\u00e1ny\",\"isPartOf\":{\"@id\":\"https:\/\/www.leathergirl.eu\/#website\"},\"primaryImageOfPage\":{\"@id\":\"https:\/\/www.leathergirl.eu\/product\/csomagtarto\/#primaryimage\"},\"image\":{\"@id\":\"https:\/\/www.leathergirl.eu\/product\/csomagtarto\/#primaryimage\"},\"thumbnailUrl\":\"https:\/\/www.leathergirl.eu\/wp-content\/uploads\/2023\/07\/k-IMG_5183-masolat.jpg\",\"datePublished\":\"2023-07-30T09:17:53+00:00\",\"dateModified\":\"2026-01-03T16:10:19+00:00\",\"breadcrumb\":{\"@id\":\"https:\/\/www.leathergirl.eu\/product\/csomagtarto\/#breadcrumb\"},\"inLanguage\":\"en-GB\",\"potentialAction\":[{\"@type\":\"ReadAction\",\"target\":[\"https:\/\/www.leathergirl.eu\/product\/csomagtarto\/\"]}]},{\"@type\":\"ImageObject\",\"inLanguage\":\"en-GB\",\"@id\":\"https:\/\/www.leathergirl.eu\/product\/csomagtarto\/#primaryimage\",\"url\":\"https:\/\/www.leathergirl.eu\/wp-content\/uploads\/2023\/07\/k-IMG_5183-masolat.jpg\",\"contentUrl\":\"https:\/\/www.leathergirl.eu\/wp-content\/uploads\/2023\/07\/k-IMG_5183-masolat.jpg\",\"width\":600,\"height\":800},{\"@type\":\"BreadcrumbList\",\"@id\":\"https:\/\/www.leathergirl.eu\/product\/csomagtarto\/#breadcrumb\",\"itemListElement\":[{\"@type\":\"ListItem\",\"position\":1,\"name\":\"Home\",\"item\":\"https:\/\/www.leathergirl.eu\/\"},{\"@type\":\"ListItem\",\"position\":2,\"name\":\"Shop\",\"item\":\"https:\/\/www.leathergirl.eu\/en\/uzlet\/\"},{\"@type\":\"ListItem\",\"position\":3,\"name\":\"&#8222;CSOMAGTART\u00d3&#8221;\"}]},{\"@type\":\"WebSite\",\"@id\":\"https:\/\/www.leathergirl.eu\/#website\",\"url\":\"https:\/\/www.leathergirl.eu\/\",\"name\":\"A B\u0151r\u00f6s l\u00e1ny\",\"description\":\"... LeatherGirl ...\",\"publisher\":{\"@id\":\"https:\/\/www.leathergirl.eu\/#organization\"},\"potentialAction\":[{\"@type\":\"SearchAction\",\"target\":{\"@type\":\"EntryPoint\",\"urlTemplate\":\"https:\/\/www.leathergirl.eu\/?s={search_term_string}\"},\"query-input\":{\"@type\":\"PropertyValueSpecification\",\"valueRequired\":true,\"valueName\":\"search_term_string\"}}],\"inLanguage\":\"en-GB\"},{\"@type\":\"Organization\",\"@id\":\"https:\/\/www.leathergirl.eu\/#organization\",\"name\":\"A B\u0151r\u00f6s l\u00e1ny\",\"url\":\"https:\/\/www.leathergirl.eu\/\",\"logo\":{\"@type\":\"ImageObject\",\"inLanguage\":\"en-GB\",\"@id\":\"https:\/\/www.leathergirl.eu\/#\/schema\/logo\/image\/\",\"url\":\"https:\/\/www.leathergirl.eu\/wp-content\/uploads\/2024\/05\/leathergirl-logo.png\",\"contentUrl\":\"https:\/\/www.leathergirl.eu\/wp-content\/uploads\/2024\/05\/leathergirl-logo.png\",\"width\":280,\"height\":80,\"caption\":\"A B\u0151r\u00f6s l\u00e1ny\"},\"image\":{\"@id\":\"https:\/\/www.leathergirl.eu\/#\/schema\/logo\/image\/\"},\"sameAs\":[\"https:\/\/www.facebook.com\/aboroslany\/\",\"https:\/\/www.instagram.com\/theleathergirl\/\"],\"email\":\"aboroslany@gmail.com\",\"legalName\":\"Nepp T\u00edmea e.v.\",\"numberOfEmployees\":{\"@type\":\"QuantitativeValue\",\"minValue\":\"1\",\"maxValue\":\"10\"}}]}<\/script>\n<meta property=\"product:price:amount\" content=\"108.30\" \/>\n<meta property=\"product:price:currency\" content=\"EUR\" \/>\n<meta property=\"og:availability\" content=\"instock\" \/>\n<meta property=\"product:availability\" content=\"instock\" \/>\n<meta property=\"product:condition\" content=\"new\" \/>\n<!-- \/ Yoast SEO Premium plugin. -->","yoast_head_json":{"title":"\"THE PACK\" - The Furry Girl","robots":{"index":"index","follow":"follow","max-snippet":"max-snippet:-1","max-image-preview":"max-image-preview:large","max-video-preview":"max-video-preview:-1"},"canonical":"https:\/\/www.leathergirl.eu\/en\/product\/trunk\/","og_locale":"en_GB","og_type":"article","og_title":"\"CSOMAGTART\u00d3\"","og_description":"K\u00e9t r\u00e9szb\u0151l \u00e1ll\u00f3, f\u00e9rfiaknak k\u00e9sz\u00fclt kieg\u00e9sz\u00edt\u0151 otthoni j\u00e1t\u00e9kokhoz vagy \"party-ruh\u00e1nak\"  A l\u00e9nyegi r\u00e9sze, melybe a \"csomagot\" teheted, egy r\u00e9teg, vajpuha marhab\u0151rb\u0151l k\u00e9sz\u00fcl. A sz\u00e9l\u00e9t visszahajtom, \u00e9s 2 cm sz\u00e9les gumit f\u0171z\u00f6k bele, hogy stabil maradjon. Az elej\u00e9n hosszabb r\u00e9szt hagyok, a tetej\u00e9t sz\u00e9lesen visszahajtom, hogy \u00f6vet lehessen f\u0171zni bele.  Az \u00f6v 4 cm sz\u00e9les, \u00e9s k\u00e9t r\u00e9teg marhab\u0151rb\u0151l k\u00e9sz\u00fcl, melyb\u0151l a k\u00fcls\u0151 r\u00e9teg 1,5-2 mm vastag, er\u0151s b\u0151r, a bels\u0151 pedig puha, de szint\u00e9n er\u0151s.  Rendelheted \u00f6vvel vagy an\u00e9lk\u00fcl is. Ut\u00f3bbi esetben az \u00e1ra 27.300 Ft.","og_url":"https:\/\/www.leathergirl.eu\/en\/product\/trunk\/","og_site_name":"A B\u0151r\u00f6s l\u00e1ny","article_publisher":"https:\/\/www.facebook.com\/aboroslany\/","article_modified_time":"2026-01-03T16:10:19+00:00","og_image":[{"width":600,"height":800,"url":"https:\/\/www.leathergirl.eu\/wp-content\/uploads\/2023\/07\/k-IMG_5183-masolat.jpg","type":"image\/jpeg"}],"schema":{"@context":"https:\/\/schema.org","@graph":[{"@type":"WebPage","@id":"https:\/\/www.leathergirl.eu\/product\/csomagtarto\/","url":"https:\/\/www.leathergirl.eu\/product\/csomagtarto\/","name":"\"THE PACK\" - The Furry Girl","isPartOf":{"@id":"https:\/\/www.leathergirl.eu\/#website"},"primaryImageOfPage":{"@id":"https:\/\/www.leathergirl.eu\/product\/csomagtarto\/#primaryimage"},"image":{"@id":"https:\/\/www.leathergirl.eu\/product\/csomagtarto\/#primaryimage"},"thumbnailUrl":"https:\/\/www.leathergirl.eu\/wp-content\/uploads\/2023\/07\/k-IMG_5183-masolat.jpg","datePublished":"2023-07-30T09:17:53+00:00","dateModified":"2026-01-03T16:10:19+00:00","breadcrumb":{"@id":"https:\/\/www.leathergirl.eu\/product\/csomagtarto\/#breadcrumb"},"inLanguage":"en-GB","potentialAction":[{"@type":"ReadAction","target":["https:\/\/www.leathergirl.eu\/product\/csomagtarto\/"]}]},{"@type":"ImageObject","inLanguage":"en-GB","@id":"https:\/\/www.leathergirl.eu\/product\/csomagtarto\/#primaryimage","url":"https:\/\/www.leathergirl.eu\/wp-content\/uploads\/2023\/07\/k-IMG_5183-masolat.jpg","contentUrl":"https:\/\/www.leathergirl.eu\/wp-content\/uploads\/2023\/07\/k-IMG_5183-masolat.jpg","width":600,"height":800},{"@type":"BreadcrumbList","@id":"https:\/\/www.leathergirl.eu\/product\/csomagtarto\/#breadcrumb","itemListElement":[{"@type":"ListItem","position":1,"name":"Home","item":"https:\/\/www.leathergirl.eu\/"},{"@type":"ListItem","position":2,"name":"Shop","item":"https:\/\/www.leathergirl.eu\/en\/uzlet\/"},{"@type":"ListItem","position":3,"name":"&#8222;CSOMAGTART\u00d3&#8221;"}]},{"@type":"WebSite","@id":"https:\/\/www.leathergirl.eu\/#website","url":"https:\/\/www.leathergirl.eu\/","name":"The Leather Girl","description":"... LeatherGirl ...","publisher":{"@id":"https:\/\/www.leathergirl.eu\/#organization"},"potentialAction":[{"@type":"SearchAction","target":{"@type":"EntryPoint","urlTemplate":"https:\/\/www.leathergirl.eu\/?s={search_term_string}"},"query-input":{"@type":"PropertyValueSpecification","valueRequired":true,"valueName":"search_term_string"}}],"inLanguage":"en-GB"},{"@type":"Organization","@id":"https:\/\/www.leathergirl.eu\/#organization","name":"The Leather Girl","url":"https:\/\/www.leathergirl.eu\/","logo":{"@type":"ImageObject","inLanguage":"en-GB","@id":"https:\/\/www.leathergirl.eu\/#\/schema\/logo\/image\/","url":"https:\/\/www.leathergirl.eu\/wp-content\/uploads\/2024\/05\/leathergirl-logo.png","contentUrl":"https:\/\/www.leathergirl.eu\/wp-content\/uploads\/2024\/05\/leathergirl-logo.png","width":280,"height":80,"caption":"A B\u0151r\u00f6s l\u00e1ny"},"image":{"@id":"https:\/\/www.leathergirl.eu\/#\/schema\/logo\/image\/"},"sameAs":["https:\/\/www.facebook.com\/aboroslany\/","https:\/\/www.instagram.com\/theleathergirl\/"],"email":"aboroslany@gmail.com","legalName":"Nepp T\u00edmea e.v.","numberOfEmployees":{"@type":"QuantitativeValue","minValue":"1","maxValue":"10"}}]},"product_price_amount":"108.30","product_price_currency":"EUR","og_availability":"instock","product_availability":"instock","product_condition":"new"},"_links":{"self":[{"href":"https:\/\/www.leathergirl.eu\/en\/wp-json\/wp\/v2\/product\/24080","targetHints":{"allow":["GET"]}}],"collection":[{"href":"https:\/\/www.leathergirl.eu\/en\/wp-json\/wp\/v2\/product"}],"about":[{"href":"https:\/\/www.leathergirl.eu\/en\/wp-json\/wp\/v2\/types\/product"}],"wp:featuredmedia":[{"embeddable":true,"href":"https:\/\/www.leathergirl.eu\/en\/wp-json\/wp\/v2\/media\/24083"}],"wp:attachment":[{"href":"https:\/\/www.leathergirl.eu\/en\/wp-json\/wp\/v2\/media?parent=24080"}],"wp:term":[{"taxonomy":"product_brand","embeddable":true,"href":"https:\/\/www.leathergirl.eu\/en\/wp-json\/wp\/v2\/product_brand?post=24080"},{"taxonomy":"product_cat","embeddable":true,"href":"https:\/\/www.leathergirl.eu\/en\/wp-json\/wp\/v2\/product_cat?post=24080"},{"taxonomy":"product_tag","embeddable":true,"href":"https:\/\/www.leathergirl.eu\/en\/wp-json\/wp\/v2\/product_tag?post=24080"}],"curies":[{"name":"wp","href":"https:\/\/api.w.org\/{rel}","templated":true}]}}