{"id":24039,"date":"2023-04-15T13:20:08","date_gmt":"2023-04-15T13:20:08","guid":{"rendered":"https:\/\/www.leathergirl.eu\/?post_type=product&#038;p=24039"},"modified":"2026-01-03T18:13:49","modified_gmt":"2026-01-03T17:13:49","slug":"barely-craning-their-necks","status":"publish","type":"product","link":"https:\/\/www.leathergirl.eu\/en\/product\/barely-craning-their-necks\/","title":{"rendered":"Neckwear with spikes"},"content":{"rendered":"<p>The 3 cm wide, three-layer neckwears are made of soft cow- or sheepleather. The outer two layers of leather hold the spikes; their height can be 12, 18, 25 or 50 mm. I cover the screws of the spikes with the third layer of leather, so it is comfortable to wear in the long run.<\/p>\n<p>You can adjust the length with a buckle.<\/p>\n<p>You can order it in many different colors: in addition to the variations shown in the picture, I also have blue, lemon, orange, white and purple leather.<\/p>\n<p>Pictures by:\u00a0<a href=\"Model photo: &lt;a href=&quot;https:\/\/www.facebook.com\/FetishExtremePictureBest\/&quot;&gt;https:\/\/www.facebook.com\/FetishExtremePictureBest\/&lt;\/a&gt;\">Model photo: <a href=\"https:\/\/www.facebook.com\/FetishExtremePictureBest\/\">https:\/\/www.facebook.com\/FetishExtremePictureBest\/<\/a><\/a><\/p>","protected":false},"excerpt":{"rendered":"<p>The 3 cm wide, three-layer neckwears are made of soft cow- or sheepleather. The outer two layers of leather hold the spikes; their height can be 12, 18, 25 or 50 mm. I cover the screws of the spikes with the third layer of leather, so it is comfortable to wear in the long run.<\/p>\n<p>You can adjust the length with a buckle.<\/p>\n<p>You can order it in many different colors: in addition to the variations shown in the picture, I also have blue, lemon, orange, white and purple leather.<\/p>","protected":false},"featured_media":24043,"template":"","meta":{"_et_pb_use_builder":"","_et_pb_old_content":"","_et_gb_content_width":""},"product_brand":[],"product_cat":[23],"product_tag":[],"class_list":{"0":"post-24039","1":"product","2":"type-product","3":"status-publish","4":"has-post-thumbnail","6":"product_cat-for-the-weekdays-and-party-accessories","8":"first","9":"instock","10":"purchasable","11":"product-type-simple"},"yoast_head":"<!-- This site is optimized with the Yoast SEO Premium plugin v26.2 (Yoast SEO v26.3) - https:\/\/yoast.com\/wordpress\/plugins\/seo\/ -->\n<title>T\u00dcSK\u00c9S NYAKBAVAL\u00d3K - A B\u0151r\u00f6s l\u00e1ny<\/title>\n<meta name=\"robots\" content=\"index, follow, max-snippet:-1, max-image-preview:large, max-video-preview:-1\" \/>\n<link rel=\"canonical\" href=\"https:\/\/www.leathergirl.eu\/en\/product\/barely-craning-their-necks\/\" \/>\n<meta property=\"og:locale\" content=\"en_GB\" \/>\n<meta property=\"og:type\" content=\"article\" \/>\n<meta property=\"og:title\" content=\"T\u00dcSK\u00c9S NYAKBAVAL\u00d3K\" \/>\n<meta property=\"og:description\" content=\"3 cm sz\u00e9les, h\u00e1rom r\u00e9teg puha marha- vagy juhb\u0151rb\u0151l k\u00e9sz\u00fclt nyakbaval\u00f3k. A k\u00fcls\u0151 k\u00e9t r\u00e9teg b\u0151r tartja a t\u00fcsk\u00e9ket; ezek magass\u00e1ga 12, 18, 25 vagy 50 mm lehet. A harmadik r\u00e9teg b\u0151rrel eltakarom a t\u00fcsk\u00e9k csavarjait, \u00edgy hossz\u00fa t\u00e1von is k\u00e9nyelmes viselet.  A hossz\u00fas\u00e1got csattal szab\u00e1lyozhatod.  Sokf\u00e9le sz\u00ednben rendelheted: a k\u00e9pen l\u00e1that\u00f3 vari\u00e1ci\u00f3kon k\u00edv\u00fcl van m\u00e9g k\u00e9k, citrom- \u00e9s narancss\u00e1rga, feh\u00e9r \u00e9s lila b\u0151r\u00f6m is.\" \/>\n<meta property=\"og:url\" content=\"https:\/\/www.leathergirl.eu\/en\/product\/barely-craning-their-necks\/\" \/>\n<meta property=\"og:site_name\" content=\"A B\u0151r\u00f6s l\u00e1ny\" \/>\n<meta property=\"article:publisher\" content=\"https:\/\/www.facebook.com\/aboroslany\/\" \/>\n<meta property=\"article:modified_time\" content=\"2026-01-03T17:13:49+00:00\" \/>\n<meta property=\"og:image\" content=\"https:\/\/www.leathergirl.eu\/wp-content\/uploads\/2023\/04\/k-IMG_5215K.jpg\" \/>\n\t<meta property=\"og:image:width\" content=\"600\" \/>\n\t<meta property=\"og:image:height\" content=\"800\" \/>\n\t<meta property=\"og:image:type\" content=\"image\/jpeg\" \/>\n<script type=\"application\/ld+json\" class=\"yoast-schema-graph\">{\"@context\":\"https:\/\/schema.org\",\"@graph\":[{\"@type\":\"WebPage\",\"@id\":\"https:\/\/www.leathergirl.eu\/product\/tuskes-nyakbavalok\/\",\"url\":\"https:\/\/www.leathergirl.eu\/product\/tuskes-nyakbavalok\/\",\"name\":\"T\u00dcSK\u00c9S NYAKBAVAL\u00d3K - A B\u0151r\u00f6s l\u00e1ny\",\"isPartOf\":{\"@id\":\"https:\/\/www.leathergirl.eu\/#website\"},\"primaryImageOfPage\":{\"@id\":\"https:\/\/www.leathergirl.eu\/product\/tuskes-nyakbavalok\/#primaryimage\"},\"image\":{\"@id\":\"https:\/\/www.leathergirl.eu\/product\/tuskes-nyakbavalok\/#primaryimage\"},\"thumbnailUrl\":\"https:\/\/www.leathergirl.eu\/wp-content\/uploads\/2023\/04\/k-IMG_5215K.jpg\",\"datePublished\":\"2023-04-15T13:20:08+00:00\",\"dateModified\":\"2026-01-03T17:13:49+00:00\",\"breadcrumb\":{\"@id\":\"https:\/\/www.leathergirl.eu\/product\/tuskes-nyakbavalok\/#breadcrumb\"},\"inLanguage\":\"en-GB\",\"potentialAction\":[{\"@type\":\"ReadAction\",\"target\":[\"https:\/\/www.leathergirl.eu\/product\/tuskes-nyakbavalok\/\"]}]},{\"@type\":\"ImageObject\",\"inLanguage\":\"en-GB\",\"@id\":\"https:\/\/www.leathergirl.eu\/product\/tuskes-nyakbavalok\/#primaryimage\",\"url\":\"https:\/\/www.leathergirl.eu\/wp-content\/uploads\/2023\/04\/k-IMG_5215K.jpg\",\"contentUrl\":\"https:\/\/www.leathergirl.eu\/wp-content\/uploads\/2023\/04\/k-IMG_5215K.jpg\",\"width\":600,\"height\":800},{\"@type\":\"BreadcrumbList\",\"@id\":\"https:\/\/www.leathergirl.eu\/product\/tuskes-nyakbavalok\/#breadcrumb\",\"itemListElement\":[{\"@type\":\"ListItem\",\"position\":1,\"name\":\"Home\",\"item\":\"https:\/\/www.leathergirl.eu\/\"},{\"@type\":\"ListItem\",\"position\":2,\"name\":\"Shop\",\"item\":\"https:\/\/www.leathergirl.eu\/en\/uzlet\/\"},{\"@type\":\"ListItem\",\"position\":3,\"name\":\"T\u00dcSK\u00c9S NYAKBAVAL\u00d3K\"}]},{\"@type\":\"WebSite\",\"@id\":\"https:\/\/www.leathergirl.eu\/#website\",\"url\":\"https:\/\/www.leathergirl.eu\/\",\"name\":\"A B\u0151r\u00f6s l\u00e1ny\",\"description\":\"... LeatherGirl ...\",\"publisher\":{\"@id\":\"https:\/\/www.leathergirl.eu\/#organization\"},\"potentialAction\":[{\"@type\":\"SearchAction\",\"target\":{\"@type\":\"EntryPoint\",\"urlTemplate\":\"https:\/\/www.leathergirl.eu\/?s={search_term_string}\"},\"query-input\":{\"@type\":\"PropertyValueSpecification\",\"valueRequired\":true,\"valueName\":\"search_term_string\"}}],\"inLanguage\":\"en-GB\"},{\"@type\":\"Organization\",\"@id\":\"https:\/\/www.leathergirl.eu\/#organization\",\"name\":\"A B\u0151r\u00f6s l\u00e1ny\",\"url\":\"https:\/\/www.leathergirl.eu\/\",\"logo\":{\"@type\":\"ImageObject\",\"inLanguage\":\"en-GB\",\"@id\":\"https:\/\/www.leathergirl.eu\/#\/schema\/logo\/image\/\",\"url\":\"https:\/\/www.leathergirl.eu\/wp-content\/uploads\/2024\/05\/leathergirl-logo.png\",\"contentUrl\":\"https:\/\/www.leathergirl.eu\/wp-content\/uploads\/2024\/05\/leathergirl-logo.png\",\"width\":280,\"height\":80,\"caption\":\"A B\u0151r\u00f6s l\u00e1ny\"},\"image\":{\"@id\":\"https:\/\/www.leathergirl.eu\/#\/schema\/logo\/image\/\"},\"sameAs\":[\"https:\/\/www.facebook.com\/aboroslany\/\",\"https:\/\/www.instagram.com\/theleathergirl\/\"],\"email\":\"aboroslany@gmail.com\",\"legalName\":\"Nepp T\u00edmea e.v.\",\"numberOfEmployees\":{\"@type\":\"QuantitativeValue\",\"minValue\":\"1\",\"maxValue\":\"10\"}}]}<\/script>\n<meta property=\"product:price:amount\" content=\"65.00\" \/>\n<meta property=\"product:price:currency\" content=\"EUR\" \/>\n<meta property=\"og:availability\" content=\"instock\" \/>\n<meta property=\"product:availability\" content=\"instock\" \/>\n<meta property=\"product:condition\" content=\"new\" \/>\n<!-- \/ Yoast SEO Premium plugin. -->","yoast_head_json":{"title":"BREAKING BREAKERS - The Furry Girl","robots":{"index":"index","follow":"follow","max-snippet":"max-snippet:-1","max-image-preview":"max-image-preview:large","max-video-preview":"max-video-preview:-1"},"canonical":"https:\/\/www.leathergirl.eu\/en\/product\/barely-craning-their-necks\/","og_locale":"en_GB","og_type":"article","og_title":"T\u00dcSK\u00c9S NYAKBAVAL\u00d3K","og_description":"3 cm sz\u00e9les, h\u00e1rom r\u00e9teg puha marha- vagy juhb\u0151rb\u0151l k\u00e9sz\u00fclt nyakbaval\u00f3k. A k\u00fcls\u0151 k\u00e9t r\u00e9teg b\u0151r tartja a t\u00fcsk\u00e9ket; ezek magass\u00e1ga 12, 18, 25 vagy 50 mm lehet. A harmadik r\u00e9teg b\u0151rrel eltakarom a t\u00fcsk\u00e9k csavarjait, \u00edgy hossz\u00fa t\u00e1von is k\u00e9nyelmes viselet.  A hossz\u00fas\u00e1got csattal szab\u00e1lyozhatod.  Sokf\u00e9le sz\u00ednben rendelheted: a k\u00e9pen l\u00e1that\u00f3 vari\u00e1ci\u00f3kon k\u00edv\u00fcl van m\u00e9g k\u00e9k, citrom- \u00e9s narancss\u00e1rga, feh\u00e9r \u00e9s lila b\u0151r\u00f6m is.","og_url":"https:\/\/www.leathergirl.eu\/en\/product\/barely-craning-their-necks\/","og_site_name":"A B\u0151r\u00f6s l\u00e1ny","article_publisher":"https:\/\/www.facebook.com\/aboroslany\/","article_modified_time":"2026-01-03T17:13:49+00:00","og_image":[{"width":600,"height":800,"url":"https:\/\/www.leathergirl.eu\/wp-content\/uploads\/2023\/04\/k-IMG_5215K.jpg","type":"image\/jpeg"}],"schema":{"@context":"https:\/\/schema.org","@graph":[{"@type":"WebPage","@id":"https:\/\/www.leathergirl.eu\/product\/tuskes-nyakbavalok\/","url":"https:\/\/www.leathergirl.eu\/product\/tuskes-nyakbavalok\/","name":"BREAKING BREAKERS - The Furry Girl","isPartOf":{"@id":"https:\/\/www.leathergirl.eu\/#website"},"primaryImageOfPage":{"@id":"https:\/\/www.leathergirl.eu\/product\/tuskes-nyakbavalok\/#primaryimage"},"image":{"@id":"https:\/\/www.leathergirl.eu\/product\/tuskes-nyakbavalok\/#primaryimage"},"thumbnailUrl":"https:\/\/www.leathergirl.eu\/wp-content\/uploads\/2023\/04\/k-IMG_5215K.jpg","datePublished":"2023-04-15T13:20:08+00:00","dateModified":"2026-01-03T17:13:49+00:00","breadcrumb":{"@id":"https:\/\/www.leathergirl.eu\/product\/tuskes-nyakbavalok\/#breadcrumb"},"inLanguage":"en-GB","potentialAction":[{"@type":"ReadAction","target":["https:\/\/www.leathergirl.eu\/product\/tuskes-nyakbavalok\/"]}]},{"@type":"ImageObject","inLanguage":"en-GB","@id":"https:\/\/www.leathergirl.eu\/product\/tuskes-nyakbavalok\/#primaryimage","url":"https:\/\/www.leathergirl.eu\/wp-content\/uploads\/2023\/04\/k-IMG_5215K.jpg","contentUrl":"https:\/\/www.leathergirl.eu\/wp-content\/uploads\/2023\/04\/k-IMG_5215K.jpg","width":600,"height":800},{"@type":"BreadcrumbList","@id":"https:\/\/www.leathergirl.eu\/product\/tuskes-nyakbavalok\/#breadcrumb","itemListElement":[{"@type":"ListItem","position":1,"name":"Home","item":"https:\/\/www.leathergirl.eu\/"},{"@type":"ListItem","position":2,"name":"Shop","item":"https:\/\/www.leathergirl.eu\/en\/uzlet\/"},{"@type":"ListItem","position":3,"name":"T\u00dcSK\u00c9S NYAKBAVAL\u00d3K"}]},{"@type":"WebSite","@id":"https:\/\/www.leathergirl.eu\/#website","url":"https:\/\/www.leathergirl.eu\/","name":"The Leather Girl","description":"... LeatherGirl ...","publisher":{"@id":"https:\/\/www.leathergirl.eu\/#organization"},"potentialAction":[{"@type":"SearchAction","target":{"@type":"EntryPoint","urlTemplate":"https:\/\/www.leathergirl.eu\/?s={search_term_string}"},"query-input":{"@type":"PropertyValueSpecification","valueRequired":true,"valueName":"search_term_string"}}],"inLanguage":"en-GB"},{"@type":"Organization","@id":"https:\/\/www.leathergirl.eu\/#organization","name":"The Leather Girl","url":"https:\/\/www.leathergirl.eu\/","logo":{"@type":"ImageObject","inLanguage":"en-GB","@id":"https:\/\/www.leathergirl.eu\/#\/schema\/logo\/image\/","url":"https:\/\/www.leathergirl.eu\/wp-content\/uploads\/2024\/05\/leathergirl-logo.png","contentUrl":"https:\/\/www.leathergirl.eu\/wp-content\/uploads\/2024\/05\/leathergirl-logo.png","width":280,"height":80,"caption":"A B\u0151r\u00f6s l\u00e1ny"},"image":{"@id":"https:\/\/www.leathergirl.eu\/#\/schema\/logo\/image\/"},"sameAs":["https:\/\/www.facebook.com\/aboroslany\/","https:\/\/www.instagram.com\/theleathergirl\/"],"email":"aboroslany@gmail.com","legalName":"Nepp T\u00edmea e.v.","numberOfEmployees":{"@type":"QuantitativeValue","minValue":"1","maxValue":"10"}}]},"product_price_amount":"65.00","product_price_currency":"EUR","og_availability":"instock","product_availability":"instock","product_condition":"new"},"_links":{"self":[{"href":"https:\/\/www.leathergirl.eu\/en\/wp-json\/wp\/v2\/product\/24039","targetHints":{"allow":["GET"]}}],"collection":[{"href":"https:\/\/www.leathergirl.eu\/en\/wp-json\/wp\/v2\/product"}],"about":[{"href":"https:\/\/www.leathergirl.eu\/en\/wp-json\/wp\/v2\/types\/product"}],"wp:featuredmedia":[{"embeddable":true,"href":"https:\/\/www.leathergirl.eu\/en\/wp-json\/wp\/v2\/media\/24043"}],"wp:attachment":[{"href":"https:\/\/www.leathergirl.eu\/en\/wp-json\/wp\/v2\/media?parent=24039"}],"wp:term":[{"taxonomy":"product_brand","embeddable":true,"href":"https:\/\/www.leathergirl.eu\/en\/wp-json\/wp\/v2\/product_brand?post=24039"},{"taxonomy":"product_cat","embeddable":true,"href":"https:\/\/www.leathergirl.eu\/en\/wp-json\/wp\/v2\/product_cat?post=24039"},{"taxonomy":"product_tag","embeddable":true,"href":"https:\/\/www.leathergirl.eu\/en\/wp-json\/wp\/v2\/product_tag?post=24039"}],"curies":[{"name":"wp","href":"https:\/\/api.w.org\/{rel}","templated":true}]}}