{"id":24032,"date":"2023-04-15T12:37:15","date_gmt":"2023-04-15T12:37:15","guid":{"rendered":"https:\/\/www.leathergirl.eu\/?post_type=product&#038;p=24032"},"modified":"2026-01-04T16:21:30","modified_gmt":"2026-01-04T15:21:30","slug":"sex-price","status":"publish","type":"product","link":"https:\/\/www.leathergirl.eu\/en\/product\/sex-price\/","title":{"rendered":"Sex sling"},"content":{"rendered":"<p>Main features of the swing:<\/p>\n<ul>\n<li>I cut the outer part and the straps holding the half rings from 4 mm thick, single-layer cowhide.<\/li>\n<li>Inside, I put a 6 mm thick sponge covered with soft cowhide for comfort.<\/li>\n<li>The half-rings are 50 mm wide, 8 mm thick and welded. Each is held in place by 6 rivets.<\/li>\n<li>It supports the body at the thighs, waist and neck.<\/li>\n<\/ul>\n<p>Dimensions:<br \/>\nI'm writing the dimensions of the thick skins, the padding is at least 1 cm wider everywhere.<\/p>\n<ul>\n<li>thigh: 65 cm long, 12 cm wide<\/li>\n<li>waist: 110 cm long, 18 cm wide<\/li>\n<li>neck: 60 cm long, 6 cm wide<br \/>\nI am also happy to make them in other sizes. Please ask for a quote.<\/li>\n<\/ul>\n<p>For the suspension you need 4 or 5 carabiners and the same amount of chain. These are not included in the product.<\/p>","protected":false},"excerpt":{"rendered":"<p>Main features of the swing:<\/p>\n<ul>\n<li>I cut the outer part and the straps holding the half rings from 4 mm thick, single-layer cowhide.<\/li>\n<li>Inside, I put a 6 mm thick sponge covered with soft cowhide for comfort.<\/li>\n<li>The half-rings are 50 mm wide, 8 mm thick and welded. Each is held in place by 6 rivets.<\/li>\n<li>It supports the body at the thighs, waist and neck.<\/li>\n<\/ul>\n<p>Dimensions:<br \/>\nI'm writing the dimensions of the thick skins, the padding is at least 1 cm wider everywhere.<\/p>\n<ul>\n<li>thigh: 65 cm long, 12 cm wide<\/li>\n<li>waist: 110 cm long, 18 cm wide<\/li>\n<li>neck: 60 cm long, 6 cm wide<br \/>\nI am also happy to make them in other sizes. Please ask for a quote.<\/li>\n<\/ul>\n<p>For the suspension you need 4 or 5 carabiners and the same amount of chain. These are not included in the product.<\/p>","protected":false},"featured_media":24036,"template":"","meta":{"_et_pb_use_builder":"","_et_pb_old_content":"","_et_gb_content_width":""},"product_brand":[],"product_cat":[29],"product_tag":[],"class_list":{"0":"post-24032","1":"product","2":"type-product","3":"status-publish","4":"has-post-thumbnail","6":"product_cat-restraints","8":"first","9":"instock","10":"purchasable","11":"product-type-simple"},"yoast_head":"<!-- This site is optimized with the Yoast SEO Premium plugin v26.2 (Yoast SEO v26.3) - https:\/\/yoast.com\/wordpress\/plugins\/seo\/ -->\n<title>SZEXHINTA - A B\u0151r\u00f6s l\u00e1ny<\/title>\n<meta name=\"robots\" content=\"index, follow, max-snippet:-1, max-image-preview:large, max-video-preview:-1\" \/>\n<link rel=\"canonical\" href=\"https:\/\/www.leathergirl.eu\/en\/product\/sex-price\/\" \/>\n<meta property=\"og:locale\" content=\"en_GB\" \/>\n<meta property=\"og:type\" content=\"article\" \/>\n<meta property=\"og:title\" content=\"SZEXHINTA\" \/>\n<meta property=\"og:description\" content=\"A hinta f\u0151bb jellemz\u0151i:   A k\u00fcls\u0151 r\u00e9szt \u00e9s a f\u00e9lkarik\u00e1kat tart\u00f3 sz\u00edjakat 4 mm vastag, egy r\u00e9teg\u0171 marhab\u0151rb\u0151l szabom.  Bel\u00fclre puha marhab\u0151rrel bevont, 6 mm vastag szivacsot teszek, hogy k\u00e9nyelmes legyen.  A f\u00e9lkarik\u00e1k 50 mm sz\u00e9lesek, 8 mm vastagok \u00e9s hegesztettek. Mindegyiket 6 db szegecs tartja.  Combn\u00e1l, der\u00e9kn\u00e1l \u00e9s nyakn\u00e1l t\u00e1masztja al\u00e1 a testet.  M\u00e9retek: A vastag b\u0151r\u00f6k m\u00e9reteit \u00edrom, a p\u00e1rn\u00e1z\u00e1s mindenhol legal\u00e1bb 1 cm-rel sz\u00e9lesebb.   comb: 65 cm hossz\u00fa, 12 cm sz\u00e9les  der\u00e9k: 110 cm hossz\u00fa, 18 cm sz\u00e9les  nyak: 60 cm hossz\u00fa, 6 cm sz\u00e9les Ezekt\u0151l elt\u00e9r\u0151 m\u00e9retben is sz\u00edvesen elk\u00e9sz\u00edtem. Ez esetben k\u00e9rj \u00e1raj\u00e1nlatot.  A f\u00fcggeszt\u00e9shez 4 vagy 5 db karabinerre \u00e9s ugyanennyi l\u00e1ncra van sz\u00fcks\u00e9g. Ezeket a term\u00e9k nem tartalmazza.\" \/>\n<meta property=\"og:url\" content=\"https:\/\/www.leathergirl.eu\/en\/product\/sex-price\/\" \/>\n<meta property=\"og:site_name\" content=\"A B\u0151r\u00f6s l\u00e1ny\" \/>\n<meta property=\"article:publisher\" content=\"https:\/\/www.facebook.com\/aboroslany\/\" \/>\n<meta property=\"article:modified_time\" content=\"2026-01-04T15:21:30+00:00\" \/>\n<meta property=\"og:image\" content=\"https:\/\/www.leathergirl.eu\/wp-content\/uploads\/2023\/04\/k-IMG_8762K.jpg\" \/>\n\t<meta property=\"og:image:width\" content=\"800\" \/>\n\t<meta property=\"og:image:height\" content=\"600\" \/>\n\t<meta property=\"og:image:type\" content=\"image\/jpeg\" \/>\n<script type=\"application\/ld+json\" class=\"yoast-schema-graph\">{\"@context\":\"https:\/\/schema.org\",\"@graph\":[{\"@type\":\"WebPage\",\"@id\":\"https:\/\/www.leathergirl.eu\/product\/szexhinta\/\",\"url\":\"https:\/\/www.leathergirl.eu\/product\/szexhinta\/\",\"name\":\"SZEXHINTA - A B\u0151r\u00f6s l\u00e1ny\",\"isPartOf\":{\"@id\":\"https:\/\/www.leathergirl.eu\/#website\"},\"primaryImageOfPage\":{\"@id\":\"https:\/\/www.leathergirl.eu\/product\/szexhinta\/#primaryimage\"},\"image\":{\"@id\":\"https:\/\/www.leathergirl.eu\/product\/szexhinta\/#primaryimage\"},\"thumbnailUrl\":\"https:\/\/www.leathergirl.eu\/wp-content\/uploads\/2023\/04\/k-IMG_8762K.jpg\",\"datePublished\":\"2023-04-15T12:37:15+00:00\",\"dateModified\":\"2026-01-04T15:21:30+00:00\",\"breadcrumb\":{\"@id\":\"https:\/\/www.leathergirl.eu\/product\/szexhinta\/#breadcrumb\"},\"inLanguage\":\"en-GB\",\"potentialAction\":[{\"@type\":\"ReadAction\",\"target\":[\"https:\/\/www.leathergirl.eu\/product\/szexhinta\/\"]}]},{\"@type\":\"ImageObject\",\"inLanguage\":\"en-GB\",\"@id\":\"https:\/\/www.leathergirl.eu\/product\/szexhinta\/#primaryimage\",\"url\":\"https:\/\/www.leathergirl.eu\/wp-content\/uploads\/2023\/04\/k-IMG_8762K.jpg\",\"contentUrl\":\"https:\/\/www.leathergirl.eu\/wp-content\/uploads\/2023\/04\/k-IMG_8762K.jpg\",\"width\":800,\"height\":600},{\"@type\":\"BreadcrumbList\",\"@id\":\"https:\/\/www.leathergirl.eu\/product\/szexhinta\/#breadcrumb\",\"itemListElement\":[{\"@type\":\"ListItem\",\"position\":1,\"name\":\"Home\",\"item\":\"https:\/\/www.leathergirl.eu\/\"},{\"@type\":\"ListItem\",\"position\":2,\"name\":\"Shop\",\"item\":\"https:\/\/www.leathergirl.eu\/en\/uzlet\/\"},{\"@type\":\"ListItem\",\"position\":3,\"name\":\"SZEXHINTA\"}]},{\"@type\":\"WebSite\",\"@id\":\"https:\/\/www.leathergirl.eu\/#website\",\"url\":\"https:\/\/www.leathergirl.eu\/\",\"name\":\"A B\u0151r\u00f6s l\u00e1ny\",\"description\":\"... LeatherGirl ...\",\"publisher\":{\"@id\":\"https:\/\/www.leathergirl.eu\/#organization\"},\"potentialAction\":[{\"@type\":\"SearchAction\",\"target\":{\"@type\":\"EntryPoint\",\"urlTemplate\":\"https:\/\/www.leathergirl.eu\/?s={search_term_string}\"},\"query-input\":{\"@type\":\"PropertyValueSpecification\",\"valueRequired\":true,\"valueName\":\"search_term_string\"}}],\"inLanguage\":\"en-GB\"},{\"@type\":\"Organization\",\"@id\":\"https:\/\/www.leathergirl.eu\/#organization\",\"name\":\"A B\u0151r\u00f6s l\u00e1ny\",\"url\":\"https:\/\/www.leathergirl.eu\/\",\"logo\":{\"@type\":\"ImageObject\",\"inLanguage\":\"en-GB\",\"@id\":\"https:\/\/www.leathergirl.eu\/#\/schema\/logo\/image\/\",\"url\":\"https:\/\/www.leathergirl.eu\/wp-content\/uploads\/2024\/05\/leathergirl-logo.png\",\"contentUrl\":\"https:\/\/www.leathergirl.eu\/wp-content\/uploads\/2024\/05\/leathergirl-logo.png\",\"width\":280,\"height\":80,\"caption\":\"A B\u0151r\u00f6s l\u00e1ny\"},\"image\":{\"@id\":\"https:\/\/www.leathergirl.eu\/#\/schema\/logo\/image\/\"},\"sameAs\":[\"https:\/\/www.facebook.com\/aboroslany\/\",\"https:\/\/www.instagram.com\/theleathergirl\/\"],\"email\":\"aboroslany@gmail.com\",\"legalName\":\"Nepp T\u00edmea e.v.\",\"numberOfEmployees\":{\"@type\":\"QuantitativeValue\",\"minValue\":\"1\",\"maxValue\":\"10\"}}]}<\/script>\n<meta property=\"product:price:amount\" content=\"356.70\" \/>\n<meta property=\"product:price:currency\" content=\"EUR\" \/>\n<meta property=\"og:availability\" content=\"instock\" \/>\n<meta property=\"product:availability\" content=\"instock\" \/>\n<meta property=\"product:condition\" content=\"new\" \/>\n<!-- \/ Yoast SEO Premium plugin. -->","yoast_head_json":{"title":"SZEXHINTA - The Leather Girl","robots":{"index":"index","follow":"follow","max-snippet":"max-snippet:-1","max-image-preview":"max-image-preview:large","max-video-preview":"max-video-preview:-1"},"canonical":"https:\/\/www.leathergirl.eu\/en\/product\/sex-price\/","og_locale":"en_GB","og_type":"article","og_title":"SZEXHINTA","og_description":"A hinta f\u0151bb jellemz\u0151i:   A k\u00fcls\u0151 r\u00e9szt \u00e9s a f\u00e9lkarik\u00e1kat tart\u00f3 sz\u00edjakat 4 mm vastag, egy r\u00e9teg\u0171 marhab\u0151rb\u0151l szabom.  Bel\u00fclre puha marhab\u0151rrel bevont, 6 mm vastag szivacsot teszek, hogy k\u00e9nyelmes legyen.  A f\u00e9lkarik\u00e1k 50 mm sz\u00e9lesek, 8 mm vastagok \u00e9s hegesztettek. Mindegyiket 6 db szegecs tartja.  Combn\u00e1l, der\u00e9kn\u00e1l \u00e9s nyakn\u00e1l t\u00e1masztja al\u00e1 a testet.  M\u00e9retek: A vastag b\u0151r\u00f6k m\u00e9reteit \u00edrom, a p\u00e1rn\u00e1z\u00e1s mindenhol legal\u00e1bb 1 cm-rel sz\u00e9lesebb.   comb: 65 cm hossz\u00fa, 12 cm sz\u00e9les  der\u00e9k: 110 cm hossz\u00fa, 18 cm sz\u00e9les  nyak: 60 cm hossz\u00fa, 6 cm sz\u00e9les Ezekt\u0151l elt\u00e9r\u0151 m\u00e9retben is sz\u00edvesen elk\u00e9sz\u00edtem. Ez esetben k\u00e9rj \u00e1raj\u00e1nlatot.  A f\u00fcggeszt\u00e9shez 4 vagy 5 db karabinerre \u00e9s ugyanennyi l\u00e1ncra van sz\u00fcks\u00e9g. Ezeket a term\u00e9k nem tartalmazza.","og_url":"https:\/\/www.leathergirl.eu\/en\/product\/sex-price\/","og_site_name":"A B\u0151r\u00f6s l\u00e1ny","article_publisher":"https:\/\/www.facebook.com\/aboroslany\/","article_modified_time":"2026-01-04T15:21:30+00:00","og_image":[{"width":800,"height":600,"url":"https:\/\/www.leathergirl.eu\/wp-content\/uploads\/2023\/04\/k-IMG_8762K.jpg","type":"image\/jpeg"}],"schema":{"@context":"https:\/\/schema.org","@graph":[{"@type":"WebPage","@id":"https:\/\/www.leathergirl.eu\/product\/szexhinta\/","url":"https:\/\/www.leathergirl.eu\/product\/szexhinta\/","name":"SZEXHINTA - The Leather Girl","isPartOf":{"@id":"https:\/\/www.leathergirl.eu\/#website"},"primaryImageOfPage":{"@id":"https:\/\/www.leathergirl.eu\/product\/szexhinta\/#primaryimage"},"image":{"@id":"https:\/\/www.leathergirl.eu\/product\/szexhinta\/#primaryimage"},"thumbnailUrl":"https:\/\/www.leathergirl.eu\/wp-content\/uploads\/2023\/04\/k-IMG_8762K.jpg","datePublished":"2023-04-15T12:37:15+00:00","dateModified":"2026-01-04T15:21:30+00:00","breadcrumb":{"@id":"https:\/\/www.leathergirl.eu\/product\/szexhinta\/#breadcrumb"},"inLanguage":"en-GB","potentialAction":[{"@type":"ReadAction","target":["https:\/\/www.leathergirl.eu\/product\/szexhinta\/"]}]},{"@type":"ImageObject","inLanguage":"en-GB","@id":"https:\/\/www.leathergirl.eu\/product\/szexhinta\/#primaryimage","url":"https:\/\/www.leathergirl.eu\/wp-content\/uploads\/2023\/04\/k-IMG_8762K.jpg","contentUrl":"https:\/\/www.leathergirl.eu\/wp-content\/uploads\/2023\/04\/k-IMG_8762K.jpg","width":800,"height":600},{"@type":"BreadcrumbList","@id":"https:\/\/www.leathergirl.eu\/product\/szexhinta\/#breadcrumb","itemListElement":[{"@type":"ListItem","position":1,"name":"Home","item":"https:\/\/www.leathergirl.eu\/"},{"@type":"ListItem","position":2,"name":"Shop","item":"https:\/\/www.leathergirl.eu\/en\/uzlet\/"},{"@type":"ListItem","position":3,"name":"SZEXHINTA"}]},{"@type":"WebSite","@id":"https:\/\/www.leathergirl.eu\/#website","url":"https:\/\/www.leathergirl.eu\/","name":"The Leather Girl","description":"... LeatherGirl ...","publisher":{"@id":"https:\/\/www.leathergirl.eu\/#organization"},"potentialAction":[{"@type":"SearchAction","target":{"@type":"EntryPoint","urlTemplate":"https:\/\/www.leathergirl.eu\/?s={search_term_string}"},"query-input":{"@type":"PropertyValueSpecification","valueRequired":true,"valueName":"search_term_string"}}],"inLanguage":"en-GB"},{"@type":"Organization","@id":"https:\/\/www.leathergirl.eu\/#organization","name":"The Leather Girl","url":"https:\/\/www.leathergirl.eu\/","logo":{"@type":"ImageObject","inLanguage":"en-GB","@id":"https:\/\/www.leathergirl.eu\/#\/schema\/logo\/image\/","url":"https:\/\/www.leathergirl.eu\/wp-content\/uploads\/2024\/05\/leathergirl-logo.png","contentUrl":"https:\/\/www.leathergirl.eu\/wp-content\/uploads\/2024\/05\/leathergirl-logo.png","width":280,"height":80,"caption":"A B\u0151r\u00f6s l\u00e1ny"},"image":{"@id":"https:\/\/www.leathergirl.eu\/#\/schema\/logo\/image\/"},"sameAs":["https:\/\/www.facebook.com\/aboroslany\/","https:\/\/www.instagram.com\/theleathergirl\/"],"email":"aboroslany@gmail.com","legalName":"Nepp T\u00edmea e.v.","numberOfEmployees":{"@type":"QuantitativeValue","minValue":"1","maxValue":"10"}}]},"product_price_amount":"356.70","product_price_currency":"EUR","og_availability":"instock","product_availability":"instock","product_condition":"new"},"_links":{"self":[{"href":"https:\/\/www.leathergirl.eu\/en\/wp-json\/wp\/v2\/product\/24032","targetHints":{"allow":["GET"]}}],"collection":[{"href":"https:\/\/www.leathergirl.eu\/en\/wp-json\/wp\/v2\/product"}],"about":[{"href":"https:\/\/www.leathergirl.eu\/en\/wp-json\/wp\/v2\/types\/product"}],"wp:featuredmedia":[{"embeddable":true,"href":"https:\/\/www.leathergirl.eu\/en\/wp-json\/wp\/v2\/media\/24036"}],"wp:attachment":[{"href":"https:\/\/www.leathergirl.eu\/en\/wp-json\/wp\/v2\/media?parent=24032"}],"wp:term":[{"taxonomy":"product_brand","embeddable":true,"href":"https:\/\/www.leathergirl.eu\/en\/wp-json\/wp\/v2\/product_brand?post=24032"},{"taxonomy":"product_cat","embeddable":true,"href":"https:\/\/www.leathergirl.eu\/en\/wp-json\/wp\/v2\/product_cat?post=24032"},{"taxonomy":"product_tag","embeddable":true,"href":"https:\/\/www.leathergirl.eu\/en\/wp-json\/wp\/v2\/product_tag?post=24032"}],"curies":[{"name":"wp","href":"https:\/\/api.w.org\/{rel}","templated":true}]}}