{"id":24011,"date":"2023-01-29T14:42:42","date_gmt":"2023-01-29T14:42:42","guid":{"rendered":"https:\/\/www.leathergirl.eu\/?post_type=product&#038;p=24011"},"modified":"2026-01-04T16:58:03","modified_gmt":"2026-01-04T15:58:03","slug":"suede-bra-with-bimbo-blanket","status":"publish","type":"product","link":"https:\/\/www.leathergirl.eu\/en\/product\/suede-bra-with-bimbo-blanket\/","title":{"rendered":"Bra with nails and nipple cover"},"content":{"rendered":"<p>This guaranteed effective educational tool has a total of 84 spikes. The nails are not needle-pointed, so they do not penetrate the skin immediately, but they make wearing the accessory quite uncomfortable. The nipple cover is also spiked and removable. You can adjust the length and the strength of the nails with a buckle in the middle of the front and back. The buckles and the nipple cover are lockable (the locks are not included). The chest is relatively flat, so it can be worn by both men and women.<\/p>","protected":false},"excerpt":{"rendered":"<p>This guaranteed effective educational tool has a total of 84 spikes. The nails are not needle-pointed, so they do not penetrate the skin immediately, but they make wearing the accessory quite uncomfortable. The nipple cover is also spiked and removable. You can adjust the length and the strength of the nails with a buckle in the middle of the front and back. The buckles and the nipple cover are lockable (the locks are not included). The chest is relatively flat, so it can be worn by both men and women.<\/p>","protected":false},"featured_media":24012,"template":"","meta":{"_et_pb_use_builder":"","_et_pb_old_content":"","_et_gb_content_width":""},"product_brand":[],"product_cat":[43],"product_tag":[],"class_list":{"0":"post-24011","1":"product","2":"type-product","3":"status-publish","4":"has-post-thumbnail","6":"product_cat-spiked-and-studded-things","8":"first","9":"instock","10":"purchasable","11":"product-type-simple"},"yoast_head":"<!-- This site is optimized with the Yoast SEO Premium plugin v26.2 (Yoast SEO v26.3) - https:\/\/yoast.com\/wordpress\/plugins\/seo\/ -->\n<title>SZ\u00d6GES MELLTART\u00d3 BIMB\u00d3 TAKAR\u00d3VAL - A B\u0151r\u00f6s l\u00e1ny<\/title>\n<meta name=\"robots\" content=\"index, follow, max-snippet:-1, max-image-preview:large, max-video-preview:-1\" \/>\n<link rel=\"canonical\" href=\"https:\/\/www.leathergirl.eu\/en\/product\/suede-bra-with-bimbo-blanket\/\" \/>\n<meta property=\"og:locale\" content=\"en_GB\" \/>\n<meta property=\"og:type\" content=\"article\" \/>\n<meta property=\"og:title\" content=\"SZ\u00d6GES MELLTART\u00d3 BIMB\u00d3 TAKAR\u00d3VAL\" \/>\n<meta property=\"og:description\" content=\"Ez a garant\u00e1ltan hat\u00e9kony nevel\u0151eszk\u00f6z \u00f6sszesen 84db rajzsz\u00f6ggel rendelkezik. A sz\u00f6gek nem t\u0171hegyesek, \u00edgy nem hatolnak \u00e1t azonnal a b\u0151r\u00f6n, de meglehet\u0151sen kellemetlenn\u00e9 teszik a kieg\u00e9sz\u00edt\u0151 visel\u00e9s\u00e9t. A bimb\u00f3 takar\u00f3 r\u00e9sz szint\u00e9n sz\u00f6ges, \u00e9s levehet\u0151. El\u0151l \u00e9s h\u00e1tul k\u00f6z\u00e9pen is csattal szab\u00e1lyozhatod a hosszt, illetve a sz\u00f6gek szor\u00edt\u00e1s\u00e1nak er\u0151ss\u00e9g\u00e9t. A csatok, \u00e9s a bimb\u00f3 takar\u00f3 is lakatolhat\u00f3 (a term\u00e9k a lakatokat nem tartalmazza). A mellr\u00e9sz viszonylag lapos, \u00edgy f\u00e9rfi \u00e9s n\u0151 is viselheti.\" \/>\n<meta property=\"og:url\" content=\"https:\/\/www.leathergirl.eu\/en\/product\/suede-bra-with-bimbo-blanket\/\" \/>\n<meta property=\"og:site_name\" content=\"A B\u0151r\u00f6s l\u00e1ny\" \/>\n<meta property=\"article:publisher\" content=\"https:\/\/www.facebook.com\/aboroslany\/\" \/>\n<meta property=\"article:modified_time\" content=\"2026-01-04T15:58:03+00:00\" \/>\n<meta property=\"og:image\" content=\"https:\/\/www.leathergirl.eu\/wp-content\/uploads\/2023\/01\/k-DSC_0027K.jpg\" \/>\n\t<meta property=\"og:image:width\" content=\"800\" \/>\n\t<meta property=\"og:image:height\" content=\"531\" \/>\n\t<meta property=\"og:image:type\" content=\"image\/jpeg\" \/>\n<script type=\"application\/ld+json\" class=\"yoast-schema-graph\">{\"@context\":\"https:\/\/schema.org\",\"@graph\":[{\"@type\":\"WebPage\",\"@id\":\"https:\/\/www.leathergirl.eu\/product\/szoges-melltarto-bimbo-takaroval\/\",\"url\":\"https:\/\/www.leathergirl.eu\/product\/szoges-melltarto-bimbo-takaroval\/\",\"name\":\"SZ\u00d6GES MELLTART\u00d3 BIMB\u00d3 TAKAR\u00d3VAL - A B\u0151r\u00f6s l\u00e1ny\",\"isPartOf\":{\"@id\":\"https:\/\/www.leathergirl.eu\/#website\"},\"primaryImageOfPage\":{\"@id\":\"https:\/\/www.leathergirl.eu\/product\/szoges-melltarto-bimbo-takaroval\/#primaryimage\"},\"image\":{\"@id\":\"https:\/\/www.leathergirl.eu\/product\/szoges-melltarto-bimbo-takaroval\/#primaryimage\"},\"thumbnailUrl\":\"https:\/\/www.leathergirl.eu\/wp-content\/uploads\/2023\/01\/k-DSC_0027K.jpg\",\"datePublished\":\"2023-01-29T14:42:42+00:00\",\"dateModified\":\"2026-01-04T15:58:03+00:00\",\"breadcrumb\":{\"@id\":\"https:\/\/www.leathergirl.eu\/product\/szoges-melltarto-bimbo-takaroval\/#breadcrumb\"},\"inLanguage\":\"en-GB\",\"potentialAction\":[{\"@type\":\"ReadAction\",\"target\":[\"https:\/\/www.leathergirl.eu\/product\/szoges-melltarto-bimbo-takaroval\/\"]}]},{\"@type\":\"ImageObject\",\"inLanguage\":\"en-GB\",\"@id\":\"https:\/\/www.leathergirl.eu\/product\/szoges-melltarto-bimbo-takaroval\/#primaryimage\",\"url\":\"https:\/\/www.leathergirl.eu\/wp-content\/uploads\/2023\/01\/k-DSC_0027K.jpg\",\"contentUrl\":\"https:\/\/www.leathergirl.eu\/wp-content\/uploads\/2023\/01\/k-DSC_0027K.jpg\",\"width\":800,\"height\":531},{\"@type\":\"BreadcrumbList\",\"@id\":\"https:\/\/www.leathergirl.eu\/product\/szoges-melltarto-bimbo-takaroval\/#breadcrumb\",\"itemListElement\":[{\"@type\":\"ListItem\",\"position\":1,\"name\":\"Home\",\"item\":\"https:\/\/www.leathergirl.eu\/\"},{\"@type\":\"ListItem\",\"position\":2,\"name\":\"Shop\",\"item\":\"https:\/\/www.leathergirl.eu\/en\/uzlet\/\"},{\"@type\":\"ListItem\",\"position\":3,\"name\":\"SZ\u00d6GES MELLTART\u00d3 BIMB\u00d3 TAKAR\u00d3VAL\"}]},{\"@type\":\"WebSite\",\"@id\":\"https:\/\/www.leathergirl.eu\/#website\",\"url\":\"https:\/\/www.leathergirl.eu\/\",\"name\":\"A B\u0151r\u00f6s l\u00e1ny\",\"description\":\"... LeatherGirl ...\",\"publisher\":{\"@id\":\"https:\/\/www.leathergirl.eu\/#organization\"},\"potentialAction\":[{\"@type\":\"SearchAction\",\"target\":{\"@type\":\"EntryPoint\",\"urlTemplate\":\"https:\/\/www.leathergirl.eu\/?s={search_term_string}\"},\"query-input\":{\"@type\":\"PropertyValueSpecification\",\"valueRequired\":true,\"valueName\":\"search_term_string\"}}],\"inLanguage\":\"en-GB\"},{\"@type\":\"Organization\",\"@id\":\"https:\/\/www.leathergirl.eu\/#organization\",\"name\":\"A B\u0151r\u00f6s l\u00e1ny\",\"url\":\"https:\/\/www.leathergirl.eu\/\",\"logo\":{\"@type\":\"ImageObject\",\"inLanguage\":\"en-GB\",\"@id\":\"https:\/\/www.leathergirl.eu\/#\/schema\/logo\/image\/\",\"url\":\"https:\/\/www.leathergirl.eu\/wp-content\/uploads\/2024\/05\/leathergirl-logo.png\",\"contentUrl\":\"https:\/\/www.leathergirl.eu\/wp-content\/uploads\/2024\/05\/leathergirl-logo.png\",\"width\":280,\"height\":80,\"caption\":\"A B\u0151r\u00f6s l\u00e1ny\"},\"image\":{\"@id\":\"https:\/\/www.leathergirl.eu\/#\/schema\/logo\/image\/\"},\"sameAs\":[\"https:\/\/www.facebook.com\/aboroslany\/\",\"https:\/\/www.instagram.com\/theleathergirl\/\"],\"email\":\"aboroslany@gmail.com\",\"legalName\":\"Nepp T\u00edmea e.v.\",\"numberOfEmployees\":{\"@type\":\"QuantitativeValue\",\"minValue\":\"1\",\"maxValue\":\"10\"}}]}<\/script>\n<meta property=\"product:price:amount\" content=\"188.00\" \/>\n<meta property=\"product:price:currency\" content=\"EUR\" \/>\n<meta property=\"og:availability\" content=\"instock\" \/>\n<meta property=\"product:availability\" content=\"instock\" \/>\n<meta property=\"product:condition\" content=\"new\" \/>\n<!-- \/ Yoast SEO Premium plugin. -->","yoast_head_json":{"title":"NECKLESS WITH BIMBO COVER - The Furry Girl","robots":{"index":"index","follow":"follow","max-snippet":"max-snippet:-1","max-image-preview":"max-image-preview:large","max-video-preview":"max-video-preview:-1"},"canonical":"https:\/\/www.leathergirl.eu\/en\/product\/suede-bra-with-bimbo-blanket\/","og_locale":"en_GB","og_type":"article","og_title":"SZ\u00d6GES MELLTART\u00d3 BIMB\u00d3 TAKAR\u00d3VAL","og_description":"Ez a garant\u00e1ltan hat\u00e9kony nevel\u0151eszk\u00f6z \u00f6sszesen 84db rajzsz\u00f6ggel rendelkezik. A sz\u00f6gek nem t\u0171hegyesek, \u00edgy nem hatolnak \u00e1t azonnal a b\u0151r\u00f6n, de meglehet\u0151sen kellemetlenn\u00e9 teszik a kieg\u00e9sz\u00edt\u0151 visel\u00e9s\u00e9t. A bimb\u00f3 takar\u00f3 r\u00e9sz szint\u00e9n sz\u00f6ges, \u00e9s levehet\u0151. El\u0151l \u00e9s h\u00e1tul k\u00f6z\u00e9pen is csattal szab\u00e1lyozhatod a hosszt, illetve a sz\u00f6gek szor\u00edt\u00e1s\u00e1nak er\u0151ss\u00e9g\u00e9t. A csatok, \u00e9s a bimb\u00f3 takar\u00f3 is lakatolhat\u00f3 (a term\u00e9k a lakatokat nem tartalmazza). A mellr\u00e9sz viszonylag lapos, \u00edgy f\u00e9rfi \u00e9s n\u0151 is viselheti.","og_url":"https:\/\/www.leathergirl.eu\/en\/product\/suede-bra-with-bimbo-blanket\/","og_site_name":"A B\u0151r\u00f6s l\u00e1ny","article_publisher":"https:\/\/www.facebook.com\/aboroslany\/","article_modified_time":"2026-01-04T15:58:03+00:00","og_image":[{"width":800,"height":531,"url":"https:\/\/www.leathergirl.eu\/wp-content\/uploads\/2023\/01\/k-DSC_0027K.jpg","type":"image\/jpeg"}],"schema":{"@context":"https:\/\/schema.org","@graph":[{"@type":"WebPage","@id":"https:\/\/www.leathergirl.eu\/product\/szoges-melltarto-bimbo-takaroval\/","url":"https:\/\/www.leathergirl.eu\/product\/szoges-melltarto-bimbo-takaroval\/","name":"NECKLESS WITH BIMBO COVER - The Furry Girl","isPartOf":{"@id":"https:\/\/www.leathergirl.eu\/#website"},"primaryImageOfPage":{"@id":"https:\/\/www.leathergirl.eu\/product\/szoges-melltarto-bimbo-takaroval\/#primaryimage"},"image":{"@id":"https:\/\/www.leathergirl.eu\/product\/szoges-melltarto-bimbo-takaroval\/#primaryimage"},"thumbnailUrl":"https:\/\/www.leathergirl.eu\/wp-content\/uploads\/2023\/01\/k-DSC_0027K.jpg","datePublished":"2023-01-29T14:42:42+00:00","dateModified":"2026-01-04T15:58:03+00:00","breadcrumb":{"@id":"https:\/\/www.leathergirl.eu\/product\/szoges-melltarto-bimbo-takaroval\/#breadcrumb"},"inLanguage":"en-GB","potentialAction":[{"@type":"ReadAction","target":["https:\/\/www.leathergirl.eu\/product\/szoges-melltarto-bimbo-takaroval\/"]}]},{"@type":"ImageObject","inLanguage":"en-GB","@id":"https:\/\/www.leathergirl.eu\/product\/szoges-melltarto-bimbo-takaroval\/#primaryimage","url":"https:\/\/www.leathergirl.eu\/wp-content\/uploads\/2023\/01\/k-DSC_0027K.jpg","contentUrl":"https:\/\/www.leathergirl.eu\/wp-content\/uploads\/2023\/01\/k-DSC_0027K.jpg","width":800,"height":531},{"@type":"BreadcrumbList","@id":"https:\/\/www.leathergirl.eu\/product\/szoges-melltarto-bimbo-takaroval\/#breadcrumb","itemListElement":[{"@type":"ListItem","position":1,"name":"Home","item":"https:\/\/www.leathergirl.eu\/"},{"@type":"ListItem","position":2,"name":"Shop","item":"https:\/\/www.leathergirl.eu\/en\/uzlet\/"},{"@type":"ListItem","position":3,"name":"SZ\u00d6GES MELLTART\u00d3 BIMB\u00d3 TAKAR\u00d3VAL"}]},{"@type":"WebSite","@id":"https:\/\/www.leathergirl.eu\/#website","url":"https:\/\/www.leathergirl.eu\/","name":"The Leather Girl","description":"... LeatherGirl ...","publisher":{"@id":"https:\/\/www.leathergirl.eu\/#organization"},"potentialAction":[{"@type":"SearchAction","target":{"@type":"EntryPoint","urlTemplate":"https:\/\/www.leathergirl.eu\/?s={search_term_string}"},"query-input":{"@type":"PropertyValueSpecification","valueRequired":true,"valueName":"search_term_string"}}],"inLanguage":"en-GB"},{"@type":"Organization","@id":"https:\/\/www.leathergirl.eu\/#organization","name":"The Leather Girl","url":"https:\/\/www.leathergirl.eu\/","logo":{"@type":"ImageObject","inLanguage":"en-GB","@id":"https:\/\/www.leathergirl.eu\/#\/schema\/logo\/image\/","url":"https:\/\/www.leathergirl.eu\/wp-content\/uploads\/2024\/05\/leathergirl-logo.png","contentUrl":"https:\/\/www.leathergirl.eu\/wp-content\/uploads\/2024\/05\/leathergirl-logo.png","width":280,"height":80,"caption":"A B\u0151r\u00f6s l\u00e1ny"},"image":{"@id":"https:\/\/www.leathergirl.eu\/#\/schema\/logo\/image\/"},"sameAs":["https:\/\/www.facebook.com\/aboroslany\/","https:\/\/www.instagram.com\/theleathergirl\/"],"email":"aboroslany@gmail.com","legalName":"Nepp T\u00edmea e.v.","numberOfEmployees":{"@type":"QuantitativeValue","minValue":"1","maxValue":"10"}}]},"product_price_amount":"188.00","product_price_currency":"EUR","og_availability":"instock","product_availability":"instock","product_condition":"new"},"_links":{"self":[{"href":"https:\/\/www.leathergirl.eu\/en\/wp-json\/wp\/v2\/product\/24011","targetHints":{"allow":["GET"]}}],"collection":[{"href":"https:\/\/www.leathergirl.eu\/en\/wp-json\/wp\/v2\/product"}],"about":[{"href":"https:\/\/www.leathergirl.eu\/en\/wp-json\/wp\/v2\/types\/product"}],"wp:featuredmedia":[{"embeddable":true,"href":"https:\/\/www.leathergirl.eu\/en\/wp-json\/wp\/v2\/media\/24012"}],"wp:attachment":[{"href":"https:\/\/www.leathergirl.eu\/en\/wp-json\/wp\/v2\/media?parent=24011"}],"wp:term":[{"taxonomy":"product_brand","embeddable":true,"href":"https:\/\/www.leathergirl.eu\/en\/wp-json\/wp\/v2\/product_brand?post=24011"},{"taxonomy":"product_cat","embeddable":true,"href":"https:\/\/www.leathergirl.eu\/en\/wp-json\/wp\/v2\/product_cat?post=24011"},{"taxonomy":"product_tag","embeddable":true,"href":"https:\/\/www.leathergirl.eu\/en\/wp-json\/wp\/v2\/product_tag?post=24011"}],"curies":[{"name":"wp","href":"https:\/\/api.w.org\/{rel}","templated":true}]}}