{"id":24009,"date":"2023-01-29T13:34:13","date_gmt":"2023-01-29T13:34:13","guid":{"rendered":"https:\/\/www.leathergirl.eu\/?post_type=product&#038;p=24009"},"modified":"2026-01-03T12:47:37","modified_gmt":"2026-01-03T11:47:37","slug":"brown-wine-ankle-bracelet","status":"publish","type":"product","link":"https:\/\/www.leathergirl.eu\/en\/product\/brown-wine-ankle-bracelet\/","title":{"rendered":"Brown leather ankle cuffs"},"content":{"rendered":"<p>Ankle cuff made of 4 mm thick medium brown cowhide with welded D-ring. The main part is 6 cm and the strap is 3 cm wide, made of one layer of thick cowhide. I put a thick sponge covered with soft leather on the inside. I sew around the strap and the main part with thick thread. The three D-rings attached behind the buckle are welded. You can also request it with a nickel or lockable buckle.<\/p>","protected":false},"excerpt":{"rendered":"<p>Ankle cuff made of 4 mm thick medium brown cowhide with welded D-ring. The main part is 6 cm and the strap is 3 cm wide, made of one layer of thick cowhide. I put a thick sponge covered with soft leather on the inside. I sew around the strap and the main part with thick thread. The three D-rings attached behind the buckle are welded. You can also request it with a nickel or lockable buckle.<\/p>","protected":false},"featured_media":24002,"template":"","meta":{"_et_pb_use_builder":"","_et_pb_old_content":"","_et_gb_content_width":""},"product_brand":[],"product_cat":[27],"product_tag":[],"class_list":{"0":"post-24009","1":"product","2":"type-product","3":"status-publish","4":"has-post-thumbnail","6":"product_cat-ankle","8":"first","9":"instock","10":"purchasable","11":"product-type-simple"},"yoast_head":"<!-- This site is optimized with the Yoast SEO Premium plugin v26.2 (Yoast SEO v26.3) - https:\/\/yoast.com\/wordpress\/plugins\/seo\/ -->\n<title>BARNA B\u0150R BOKABILINCS - A B\u0151r\u00f6s l\u00e1ny<\/title>\n<meta name=\"robots\" content=\"index, follow, max-snippet:-1, max-image-preview:large, max-video-preview:-1\" \/>\n<link rel=\"canonical\" href=\"https:\/\/www.leathergirl.eu\/en\/product\/brown-wine-ankle-bracelet\/\" \/>\n<meta property=\"og:locale\" content=\"en_GB\" \/>\n<meta property=\"og:type\" content=\"article\" \/>\n<meta property=\"og:title\" content=\"BARNA B\u0150R BOKABILINCS\" \/>\n<meta property=\"og:description\" content=\"Bokabilincs 4 mm vastag k\u00f6z\u00e9pbarna marhab\u0151rb\u0151l, hegesztett f\u00e9lkarik\u00e1val. A f\u0151r\u00e9sz 6 cm, sz\u00edj 3 cm sz\u00e9les egy r\u00e9teg vastag marhab\u0151rb\u0151l k\u00e9sz\u00fcl. A bels\u0151 oldal\u00e1ra puha b\u0151rrel bevont vastag szivacsot teszek. A sz\u00edjat \u00e9s a f\u0151r\u00e9szt is vastag c\u00e9rn\u00e1val varrom k\u00f6rbe. A csat m\u00f6g\u00e9 er\u0151s\u00edtett 3 db f\u00e9lkarika hegesztett. K\u00e9rheted nikkel vagy lakatolhat\u00f3 csattal is.\" \/>\n<meta property=\"og:url\" content=\"https:\/\/www.leathergirl.eu\/en\/product\/brown-wine-ankle-bracelet\/\" \/>\n<meta property=\"og:site_name\" content=\"A B\u0151r\u00f6s l\u00e1ny\" \/>\n<meta property=\"article:publisher\" content=\"https:\/\/www.facebook.com\/aboroslany\/\" \/>\n<meta property=\"article:modified_time\" content=\"2026-01-03T11:47:37+00:00\" \/>\n<meta property=\"og:image\" content=\"https:\/\/www.leathergirl.eu\/wp-content\/uploads\/2023\/01\/k-barna-boka1.jpg\" \/>\n\t<meta property=\"og:image:width\" content=\"800\" \/>\n\t<meta property=\"og:image:height\" content=\"531\" \/>\n\t<meta property=\"og:image:type\" content=\"image\/jpeg\" \/>\n<script type=\"application\/ld+json\" class=\"yoast-schema-graph\">{\"@context\":\"https:\/\/schema.org\",\"@graph\":[{\"@type\":\"WebPage\",\"@id\":\"https:\/\/www.leathergirl.eu\/product\/barna-bor-bokabilincs\/\",\"url\":\"https:\/\/www.leathergirl.eu\/product\/barna-bor-bokabilincs\/\",\"name\":\"BARNA B\u0150R BOKABILINCS - A B\u0151r\u00f6s l\u00e1ny\",\"isPartOf\":{\"@id\":\"https:\/\/www.leathergirl.eu\/#website\"},\"primaryImageOfPage\":{\"@id\":\"https:\/\/www.leathergirl.eu\/product\/barna-bor-bokabilincs\/#primaryimage\"},\"image\":{\"@id\":\"https:\/\/www.leathergirl.eu\/product\/barna-bor-bokabilincs\/#primaryimage\"},\"thumbnailUrl\":\"https:\/\/www.leathergirl.eu\/wp-content\/uploads\/2023\/01\/k-barna-boka1.jpg\",\"datePublished\":\"2023-01-29T13:34:13+00:00\",\"dateModified\":\"2026-01-03T11:47:37+00:00\",\"breadcrumb\":{\"@id\":\"https:\/\/www.leathergirl.eu\/product\/barna-bor-bokabilincs\/#breadcrumb\"},\"inLanguage\":\"en-GB\",\"potentialAction\":[{\"@type\":\"ReadAction\",\"target\":[\"https:\/\/www.leathergirl.eu\/product\/barna-bor-bokabilincs\/\"]}]},{\"@type\":\"ImageObject\",\"inLanguage\":\"en-GB\",\"@id\":\"https:\/\/www.leathergirl.eu\/product\/barna-bor-bokabilincs\/#primaryimage\",\"url\":\"https:\/\/www.leathergirl.eu\/wp-content\/uploads\/2023\/01\/k-barna-boka1.jpg\",\"contentUrl\":\"https:\/\/www.leathergirl.eu\/wp-content\/uploads\/2023\/01\/k-barna-boka1.jpg\",\"width\":800,\"height\":531},{\"@type\":\"BreadcrumbList\",\"@id\":\"https:\/\/www.leathergirl.eu\/product\/barna-bor-bokabilincs\/#breadcrumb\",\"itemListElement\":[{\"@type\":\"ListItem\",\"position\":1,\"name\":\"Home\",\"item\":\"https:\/\/www.leathergirl.eu\/\"},{\"@type\":\"ListItem\",\"position\":2,\"name\":\"Shop\",\"item\":\"https:\/\/www.leathergirl.eu\/en\/uzlet\/\"},{\"@type\":\"ListItem\",\"position\":3,\"name\":\"BARNA B\u0150R BOKABILINCS\"}]},{\"@type\":\"WebSite\",\"@id\":\"https:\/\/www.leathergirl.eu\/#website\",\"url\":\"https:\/\/www.leathergirl.eu\/\",\"name\":\"A B\u0151r\u00f6s l\u00e1ny\",\"description\":\"... LeatherGirl ...\",\"publisher\":{\"@id\":\"https:\/\/www.leathergirl.eu\/#organization\"},\"potentialAction\":[{\"@type\":\"SearchAction\",\"target\":{\"@type\":\"EntryPoint\",\"urlTemplate\":\"https:\/\/www.leathergirl.eu\/?s={search_term_string}\"},\"query-input\":{\"@type\":\"PropertyValueSpecification\",\"valueRequired\":true,\"valueName\":\"search_term_string\"}}],\"inLanguage\":\"en-GB\"},{\"@type\":\"Organization\",\"@id\":\"https:\/\/www.leathergirl.eu\/#organization\",\"name\":\"A B\u0151r\u00f6s l\u00e1ny\",\"url\":\"https:\/\/www.leathergirl.eu\/\",\"logo\":{\"@type\":\"ImageObject\",\"inLanguage\":\"en-GB\",\"@id\":\"https:\/\/www.leathergirl.eu\/#\/schema\/logo\/image\/\",\"url\":\"https:\/\/www.leathergirl.eu\/wp-content\/uploads\/2024\/05\/leathergirl-logo.png\",\"contentUrl\":\"https:\/\/www.leathergirl.eu\/wp-content\/uploads\/2024\/05\/leathergirl-logo.png\",\"width\":280,\"height\":80,\"caption\":\"A B\u0151r\u00f6s l\u00e1ny\"},\"image\":{\"@id\":\"https:\/\/www.leathergirl.eu\/#\/schema\/logo\/image\/\"},\"sameAs\":[\"https:\/\/www.facebook.com\/aboroslany\/\",\"https:\/\/www.instagram.com\/theleathergirl\/\"],\"email\":\"aboroslany@gmail.com\",\"legalName\":\"Nepp T\u00edmea e.v.\",\"numberOfEmployees\":{\"@type\":\"QuantitativeValue\",\"minValue\":\"1\",\"maxValue\":\"10\"}}]}<\/script>\n<meta property=\"product:price:amount\" content=\"125.20\" \/>\n<meta property=\"product:price:currency\" content=\"EUR\" \/>\n<meta property=\"og:availability\" content=\"instock\" \/>\n<meta property=\"product:availability\" content=\"instock\" \/>\n<meta property=\"product:condition\" content=\"new\" \/>\n<!-- \/ Yoast SEO Premium plugin. -->","yoast_head_json":{"title":"BARNA B\u0150R BOKABILINCS - The Girl with Skin","robots":{"index":"index","follow":"follow","max-snippet":"max-snippet:-1","max-image-preview":"max-image-preview:large","max-video-preview":"max-video-preview:-1"},"canonical":"https:\/\/www.leathergirl.eu\/en\/product\/brown-wine-ankle-bracelet\/","og_locale":"en_GB","og_type":"article","og_title":"BARNA B\u0150R BOKABILINCS","og_description":"Bokabilincs 4 mm vastag k\u00f6z\u00e9pbarna marhab\u0151rb\u0151l, hegesztett f\u00e9lkarik\u00e1val. A f\u0151r\u00e9sz 6 cm, sz\u00edj 3 cm sz\u00e9les egy r\u00e9teg vastag marhab\u0151rb\u0151l k\u00e9sz\u00fcl. A bels\u0151 oldal\u00e1ra puha b\u0151rrel bevont vastag szivacsot teszek. A sz\u00edjat \u00e9s a f\u0151r\u00e9szt is vastag c\u00e9rn\u00e1val varrom k\u00f6rbe. A csat m\u00f6g\u00e9 er\u0151s\u00edtett 3 db f\u00e9lkarika hegesztett. K\u00e9rheted nikkel vagy lakatolhat\u00f3 csattal is.","og_url":"https:\/\/www.leathergirl.eu\/en\/product\/brown-wine-ankle-bracelet\/","og_site_name":"A B\u0151r\u00f6s l\u00e1ny","article_publisher":"https:\/\/www.facebook.com\/aboroslany\/","article_modified_time":"2026-01-03T11:47:37+00:00","og_image":[{"width":800,"height":531,"url":"https:\/\/www.leathergirl.eu\/wp-content\/uploads\/2023\/01\/k-barna-boka1.jpg","type":"image\/jpeg"}],"schema":{"@context":"https:\/\/schema.org","@graph":[{"@type":"WebPage","@id":"https:\/\/www.leathergirl.eu\/product\/barna-bor-bokabilincs\/","url":"https:\/\/www.leathergirl.eu\/product\/barna-bor-bokabilincs\/","name":"BARNA B\u0150R BOKABILINCS - The Girl with Skin","isPartOf":{"@id":"https:\/\/www.leathergirl.eu\/#website"},"primaryImageOfPage":{"@id":"https:\/\/www.leathergirl.eu\/product\/barna-bor-bokabilincs\/#primaryimage"},"image":{"@id":"https:\/\/www.leathergirl.eu\/product\/barna-bor-bokabilincs\/#primaryimage"},"thumbnailUrl":"https:\/\/www.leathergirl.eu\/wp-content\/uploads\/2023\/01\/k-barna-boka1.jpg","datePublished":"2023-01-29T13:34:13+00:00","dateModified":"2026-01-03T11:47:37+00:00","breadcrumb":{"@id":"https:\/\/www.leathergirl.eu\/product\/barna-bor-bokabilincs\/#breadcrumb"},"inLanguage":"en-GB","potentialAction":[{"@type":"ReadAction","target":["https:\/\/www.leathergirl.eu\/product\/barna-bor-bokabilincs\/"]}]},{"@type":"ImageObject","inLanguage":"en-GB","@id":"https:\/\/www.leathergirl.eu\/product\/barna-bor-bokabilincs\/#primaryimage","url":"https:\/\/www.leathergirl.eu\/wp-content\/uploads\/2023\/01\/k-barna-boka1.jpg","contentUrl":"https:\/\/www.leathergirl.eu\/wp-content\/uploads\/2023\/01\/k-barna-boka1.jpg","width":800,"height":531},{"@type":"BreadcrumbList","@id":"https:\/\/www.leathergirl.eu\/product\/barna-bor-bokabilincs\/#breadcrumb","itemListElement":[{"@type":"ListItem","position":1,"name":"Home","item":"https:\/\/www.leathergirl.eu\/"},{"@type":"ListItem","position":2,"name":"Shop","item":"https:\/\/www.leathergirl.eu\/en\/uzlet\/"},{"@type":"ListItem","position":3,"name":"BARNA B\u0150R BOKABILINCS"}]},{"@type":"WebSite","@id":"https:\/\/www.leathergirl.eu\/#website","url":"https:\/\/www.leathergirl.eu\/","name":"The Leather Girl","description":"... LeatherGirl ...","publisher":{"@id":"https:\/\/www.leathergirl.eu\/#organization"},"potentialAction":[{"@type":"SearchAction","target":{"@type":"EntryPoint","urlTemplate":"https:\/\/www.leathergirl.eu\/?s={search_term_string}"},"query-input":{"@type":"PropertyValueSpecification","valueRequired":true,"valueName":"search_term_string"}}],"inLanguage":"en-GB"},{"@type":"Organization","@id":"https:\/\/www.leathergirl.eu\/#organization","name":"The Leather Girl","url":"https:\/\/www.leathergirl.eu\/","logo":{"@type":"ImageObject","inLanguage":"en-GB","@id":"https:\/\/www.leathergirl.eu\/#\/schema\/logo\/image\/","url":"https:\/\/www.leathergirl.eu\/wp-content\/uploads\/2024\/05\/leathergirl-logo.png","contentUrl":"https:\/\/www.leathergirl.eu\/wp-content\/uploads\/2024\/05\/leathergirl-logo.png","width":280,"height":80,"caption":"A B\u0151r\u00f6s l\u00e1ny"},"image":{"@id":"https:\/\/www.leathergirl.eu\/#\/schema\/logo\/image\/"},"sameAs":["https:\/\/www.facebook.com\/aboroslany\/","https:\/\/www.instagram.com\/theleathergirl\/"],"email":"aboroslany@gmail.com","legalName":"Nepp T\u00edmea e.v.","numberOfEmployees":{"@type":"QuantitativeValue","minValue":"1","maxValue":"10"}}]},"product_price_amount":"125.20","product_price_currency":"EUR","og_availability":"instock","product_availability":"instock","product_condition":"new"},"_links":{"self":[{"href":"https:\/\/www.leathergirl.eu\/en\/wp-json\/wp\/v2\/product\/24009","targetHints":{"allow":["GET"]}}],"collection":[{"href":"https:\/\/www.leathergirl.eu\/en\/wp-json\/wp\/v2\/product"}],"about":[{"href":"https:\/\/www.leathergirl.eu\/en\/wp-json\/wp\/v2\/types\/product"}],"wp:featuredmedia":[{"embeddable":true,"href":"https:\/\/www.leathergirl.eu\/en\/wp-json\/wp\/v2\/media\/24002"}],"wp:attachment":[{"href":"https:\/\/www.leathergirl.eu\/en\/wp-json\/wp\/v2\/media?parent=24009"}],"wp:term":[{"taxonomy":"product_brand","embeddable":true,"href":"https:\/\/www.leathergirl.eu\/en\/wp-json\/wp\/v2\/product_brand?post=24009"},{"taxonomy":"product_cat","embeddable":true,"href":"https:\/\/www.leathergirl.eu\/en\/wp-json\/wp\/v2\/product_cat?post=24009"},{"taxonomy":"product_tag","embeddable":true,"href":"https:\/\/www.leathergirl.eu\/en\/wp-json\/wp\/v2\/product_tag?post=24009"}],"curies":[{"name":"wp","href":"https:\/\/api.w.org\/{rel}","templated":true}]}}