{"id":23997,"date":"2023-01-22T15:54:40","date_gmt":"2023-01-22T15:54:40","guid":{"rendered":"https:\/\/www.leathergirl.eu\/?post_type=product&#038;p=23997"},"modified":"2026-01-03T18:18:06","modified_gmt":"2026-01-03T17:18:06","slug":"tie-kendo-paskolo","status":"publish","type":"product","link":"https:\/\/www.leathergirl.eu\/en\/product\/tie-kendo-paskolo\/","title":{"rendered":"Tie paddle"},"content":{"rendered":"<p>Unisex tie and spanking tool in one. One side is 4 mm thick cowhide and the other side is foam, covered in soft leather, giving a different effect when used. The round carabiner allows you to attach it to any collar with a D ring on the front.<br \/>\nThe neck lanyard shown in the pictures is not included in the product; the price including it: 119\u20ac.<\/p>\n<p>Pictures by:\u00a0<a href=\"https:\/\/feszekvipstudio.hu\/\" target=\"_blank\" rel=\"noopener\">Seiner photo<\/a><\/p>","protected":false},"excerpt":{"rendered":"<p>Unisex tie and spanking tool in one. One side is 4 mm thick cowhide and the other side is foam, covered in soft leather, giving a different effect when used. The round carabiner allows you to attach it to any collar with a D ring on the front.<br \/>\nThe neck lanyard shown in the pictures is not included in the product; the price including it: 119\u20ac.<\/p>\n<p>Pictures by:\u00a0<a href=\"https:\/\/feszekvipstudio.hu\/\" target=\"_blank\" rel=\"noopener\">Seiner photo<\/a><\/p>","protected":false},"featured_media":262409,"template":"","meta":{"_et_pb_use_builder":"off","_et_pb_old_content":"Uniszex nyakkend\u0151 \u00e9s fenekel\u0151 eszk\u00f6z egyben.\r\nAz egyik oldala 4 mm vastag marhab\u0151r, a m\u00e1sik oldala pedig szivaccsal \u00e9s puha b\u0151rrel b\u00e9lelt, \u00edgy m\u00e1s hat\u00e1st fejtenek ki haszn\u00e1lat k\u00f6zben.\r\nA k\u00f6rkarabiner seg\u00edts\u00e9g\u00e9vel b\u00e1rmilyen nyakbaval\u00f3ra r\u00f6gz\u00edtheted, aminek van az elej\u00e9n egy f\u00e9lkarika. (A k\u00e9pen l\u00e1that\u00f3 nyakbilincset a term\u00e9k nem tartalmazza.)\r\n\u00dcgyes kis eszk\u00f6z.","_et_gb_content_width":""},"product_brand":[],"product_cat":[23,40],"product_tag":[],"class_list":{"0":"post-23997","1":"product","2":"type-product","3":"status-publish","4":"has-post-thumbnail","6":"product_cat-for-the-weekdays-and-party-accessories","7":"product_cat-floggers-and-spanking-devices","9":"first","10":"instock","11":"featured","12":"purchasable","13":"product-type-simple"},"yoast_head":"<!-- This site is optimized with the Yoast SEO Premium plugin v26.2 (Yoast SEO v26.3) - https:\/\/yoast.com\/wordpress\/plugins\/seo\/ -->\n<title>NYAKKEND\u0150 PASKOL\u00d3 - A B\u0151r\u00f6s l\u00e1ny<\/title>\n<meta name=\"robots\" content=\"index, follow, max-snippet:-1, max-image-preview:large, max-video-preview:-1\" \/>\n<link rel=\"canonical\" href=\"https:\/\/www.leathergirl.eu\/en\/product\/tie-kendo-paskolo\/\" \/>\n<meta property=\"og:locale\" content=\"en_GB\" \/>\n<meta property=\"og:type\" content=\"article\" \/>\n<meta property=\"og:title\" content=\"NYAKKEND\u0150 PASKOL\u00d3\" \/>\n<meta property=\"og:description\" content=\"Uniszex nyakkend\u0151 \u00e9s fenekel\u0151 eszk\u00f6z egyben. Az egyik oldala 4 mm vastag marhab\u0151r, a m\u00e1sik oldala pedig szivaccsal \u00e9s puha b\u0151rrel b\u00e9lelt, \u00edgy m\u00e1s hat\u00e1st fejtenek ki haszn\u00e1lat k\u00f6zben. A k\u00f6rkarabiner seg\u00edts\u00e9g\u00e9vel b\u00e1rmilyen nyakbaval\u00f3ra r\u00f6gz\u00edtheted, aminek van az elej\u00e9n egy f\u00e9lkarika. A k\u00e9peken l\u00e1that\u00f3 nyakbaval\u00f3t a term\u00e9k nem tartalmazza; az \u00e1r azzal egy\u00fctt: 43.400 Ft.  Modell fot\u00f3:\u00a0Seiner Photo\" \/>\n<meta property=\"og:url\" content=\"https:\/\/www.leathergirl.eu\/en\/product\/tie-kendo-paskolo\/\" \/>\n<meta property=\"og:site_name\" content=\"A B\u0151r\u00f6s l\u00e1ny\" \/>\n<meta property=\"article:publisher\" content=\"https:\/\/www.facebook.com\/aboroslany\/\" \/>\n<meta property=\"article:modified_time\" content=\"2026-01-03T17:18:06+00:00\" \/>\n<meta property=\"og:image\" content=\"https:\/\/www.leathergirl.eu\/wp-content\/uploads\/2023\/01\/k-_HR22257.jpg\" \/>\n\t<meta property=\"og:image:width\" content=\"534\" \/>\n\t<meta property=\"og:image:height\" content=\"800\" \/>\n\t<meta property=\"og:image:type\" content=\"image\/jpeg\" \/>\n<script type=\"application\/ld+json\" class=\"yoast-schema-graph\">{\"@context\":\"https:\/\/schema.org\",\"@graph\":[{\"@type\":\"WebPage\",\"@id\":\"https:\/\/www.leathergirl.eu\/product\/nyakkendo-paskolo\/\",\"url\":\"https:\/\/www.leathergirl.eu\/product\/nyakkendo-paskolo\/\",\"name\":\"NYAKKEND\u0150 PASKOL\u00d3 - A B\u0151r\u00f6s l\u00e1ny\",\"isPartOf\":{\"@id\":\"https:\/\/www.leathergirl.eu\/#website\"},\"primaryImageOfPage\":{\"@id\":\"https:\/\/www.leathergirl.eu\/product\/nyakkendo-paskolo\/#primaryimage\"},\"image\":{\"@id\":\"https:\/\/www.leathergirl.eu\/product\/nyakkendo-paskolo\/#primaryimage\"},\"thumbnailUrl\":\"https:\/\/www.leathergirl.eu\/wp-content\/uploads\/2023\/01\/k-_HR22257.jpg\",\"datePublished\":\"2023-01-22T15:54:40+00:00\",\"dateModified\":\"2026-01-03T17:18:06+00:00\",\"breadcrumb\":{\"@id\":\"https:\/\/www.leathergirl.eu\/product\/nyakkendo-paskolo\/#breadcrumb\"},\"inLanguage\":\"en-GB\",\"potentialAction\":[{\"@type\":\"ReadAction\",\"target\":[\"https:\/\/www.leathergirl.eu\/product\/nyakkendo-paskolo\/\"]}]},{\"@type\":\"ImageObject\",\"inLanguage\":\"en-GB\",\"@id\":\"https:\/\/www.leathergirl.eu\/product\/nyakkendo-paskolo\/#primaryimage\",\"url\":\"https:\/\/www.leathergirl.eu\/wp-content\/uploads\/2023\/01\/k-_HR22257.jpg\",\"contentUrl\":\"https:\/\/www.leathergirl.eu\/wp-content\/uploads\/2023\/01\/k-_HR22257.jpg\",\"width\":534,\"height\":800},{\"@type\":\"BreadcrumbList\",\"@id\":\"https:\/\/www.leathergirl.eu\/product\/nyakkendo-paskolo\/#breadcrumb\",\"itemListElement\":[{\"@type\":\"ListItem\",\"position\":1,\"name\":\"Home\",\"item\":\"https:\/\/www.leathergirl.eu\/\"},{\"@type\":\"ListItem\",\"position\":2,\"name\":\"Shop\",\"item\":\"https:\/\/www.leathergirl.eu\/en\/uzlet\/\"},{\"@type\":\"ListItem\",\"position\":3,\"name\":\"NYAKKEND\u0150 PASKOL\u00d3\"}]},{\"@type\":\"WebSite\",\"@id\":\"https:\/\/www.leathergirl.eu\/#website\",\"url\":\"https:\/\/www.leathergirl.eu\/\",\"name\":\"A B\u0151r\u00f6s l\u00e1ny\",\"description\":\"... LeatherGirl ...\",\"publisher\":{\"@id\":\"https:\/\/www.leathergirl.eu\/#organization\"},\"potentialAction\":[{\"@type\":\"SearchAction\",\"target\":{\"@type\":\"EntryPoint\",\"urlTemplate\":\"https:\/\/www.leathergirl.eu\/?s={search_term_string}\"},\"query-input\":{\"@type\":\"PropertyValueSpecification\",\"valueRequired\":true,\"valueName\":\"search_term_string\"}}],\"inLanguage\":\"en-GB\"},{\"@type\":\"Organization\",\"@id\":\"https:\/\/www.leathergirl.eu\/#organization\",\"name\":\"A B\u0151r\u00f6s l\u00e1ny\",\"url\":\"https:\/\/www.leathergirl.eu\/\",\"logo\":{\"@type\":\"ImageObject\",\"inLanguage\":\"en-GB\",\"@id\":\"https:\/\/www.leathergirl.eu\/#\/schema\/logo\/image\/\",\"url\":\"https:\/\/www.leathergirl.eu\/wp-content\/uploads\/2024\/05\/leathergirl-logo.png\",\"contentUrl\":\"https:\/\/www.leathergirl.eu\/wp-content\/uploads\/2024\/05\/leathergirl-logo.png\",\"width\":280,\"height\":80,\"caption\":\"A B\u0151r\u00f6s l\u00e1ny\"},\"image\":{\"@id\":\"https:\/\/www.leathergirl.eu\/#\/schema\/logo\/image\/\"},\"sameAs\":[\"https:\/\/www.facebook.com\/aboroslany\/\",\"https:\/\/www.instagram.com\/theleathergirl\/\"],\"email\":\"aboroslany@gmail.com\",\"legalName\":\"Nepp T\u00edmea e.v.\",\"numberOfEmployees\":{\"@type\":\"QuantitativeValue\",\"minValue\":\"1\",\"maxValue\":\"10\"}}]}<\/script>\n<meta property=\"product:price:amount\" content=\"80.40\" \/>\n<meta property=\"product:price:currency\" content=\"EUR\" \/>\n<meta property=\"og:availability\" content=\"instock\" \/>\n<meta property=\"product:availability\" content=\"instock\" \/>\n<meta property=\"product:condition\" content=\"new\" \/>\n<!-- \/ Yoast SEO Premium plugin. -->","yoast_head_json":{"title":"TIE PADDLE - The Leather Girl","robots":{"index":"index","follow":"follow","max-snippet":"max-snippet:-1","max-image-preview":"max-image-preview:large","max-video-preview":"max-video-preview:-1"},"canonical":"https:\/\/www.leathergirl.eu\/en\/product\/tie-kendo-paskolo\/","og_locale":"en_GB","og_type":"article","og_title":"NYAKKEND\u0150 PASKOL\u00d3","og_description":"Uniszex nyakkend\u0151 \u00e9s fenekel\u0151 eszk\u00f6z egyben. Az egyik oldala 4 mm vastag marhab\u0151r, a m\u00e1sik oldala pedig szivaccsal \u00e9s puha b\u0151rrel b\u00e9lelt, \u00edgy m\u00e1s hat\u00e1st fejtenek ki haszn\u00e1lat k\u00f6zben. A k\u00f6rkarabiner seg\u00edts\u00e9g\u00e9vel b\u00e1rmilyen nyakbaval\u00f3ra r\u00f6gz\u00edtheted, aminek van az elej\u00e9n egy f\u00e9lkarika. A k\u00e9peken l\u00e1that\u00f3 nyakbaval\u00f3t a term\u00e9k nem tartalmazza; az \u00e1r azzal egy\u00fctt: 43.400 Ft.  Modell fot\u00f3:\u00a0Seiner Photo","og_url":"https:\/\/www.leathergirl.eu\/en\/product\/tie-kendo-paskolo\/","og_site_name":"A B\u0151r\u00f6s l\u00e1ny","article_publisher":"https:\/\/www.facebook.com\/aboroslany\/","article_modified_time":"2026-01-03T17:18:06+00:00","og_image":[{"width":534,"height":800,"url":"https:\/\/www.leathergirl.eu\/wp-content\/uploads\/2023\/01\/k-_HR22257.jpg","type":"image\/jpeg"}],"schema":{"@context":"https:\/\/schema.org","@graph":[{"@type":"WebPage","@id":"https:\/\/www.leathergirl.eu\/product\/nyakkendo-paskolo\/","url":"https:\/\/www.leathergirl.eu\/product\/nyakkendo-paskolo\/","name":"TIE PADDLE - The Leather Girl","isPartOf":{"@id":"https:\/\/www.leathergirl.eu\/#website"},"primaryImageOfPage":{"@id":"https:\/\/www.leathergirl.eu\/product\/nyakkendo-paskolo\/#primaryimage"},"image":{"@id":"https:\/\/www.leathergirl.eu\/product\/nyakkendo-paskolo\/#primaryimage"},"thumbnailUrl":"https:\/\/www.leathergirl.eu\/wp-content\/uploads\/2023\/01\/k-_HR22257.jpg","datePublished":"2023-01-22T15:54:40+00:00","dateModified":"2026-01-03T17:18:06+00:00","breadcrumb":{"@id":"https:\/\/www.leathergirl.eu\/product\/nyakkendo-paskolo\/#breadcrumb"},"inLanguage":"en-GB","potentialAction":[{"@type":"ReadAction","target":["https:\/\/www.leathergirl.eu\/product\/nyakkendo-paskolo\/"]}]},{"@type":"ImageObject","inLanguage":"en-GB","@id":"https:\/\/www.leathergirl.eu\/product\/nyakkendo-paskolo\/#primaryimage","url":"https:\/\/www.leathergirl.eu\/wp-content\/uploads\/2023\/01\/k-_HR22257.jpg","contentUrl":"https:\/\/www.leathergirl.eu\/wp-content\/uploads\/2023\/01\/k-_HR22257.jpg","width":534,"height":800},{"@type":"BreadcrumbList","@id":"https:\/\/www.leathergirl.eu\/product\/nyakkendo-paskolo\/#breadcrumb","itemListElement":[{"@type":"ListItem","position":1,"name":"Home","item":"https:\/\/www.leathergirl.eu\/"},{"@type":"ListItem","position":2,"name":"Shop","item":"https:\/\/www.leathergirl.eu\/en\/uzlet\/"},{"@type":"ListItem","position":3,"name":"NYAKKEND\u0150 PASKOL\u00d3"}]},{"@type":"WebSite","@id":"https:\/\/www.leathergirl.eu\/#website","url":"https:\/\/www.leathergirl.eu\/","name":"The Leather Girl","description":"... LeatherGirl ...","publisher":{"@id":"https:\/\/www.leathergirl.eu\/#organization"},"potentialAction":[{"@type":"SearchAction","target":{"@type":"EntryPoint","urlTemplate":"https:\/\/www.leathergirl.eu\/?s={search_term_string}"},"query-input":{"@type":"PropertyValueSpecification","valueRequired":true,"valueName":"search_term_string"}}],"inLanguage":"en-GB"},{"@type":"Organization","@id":"https:\/\/www.leathergirl.eu\/#organization","name":"The Leather Girl","url":"https:\/\/www.leathergirl.eu\/","logo":{"@type":"ImageObject","inLanguage":"en-GB","@id":"https:\/\/www.leathergirl.eu\/#\/schema\/logo\/image\/","url":"https:\/\/www.leathergirl.eu\/wp-content\/uploads\/2024\/05\/leathergirl-logo.png","contentUrl":"https:\/\/www.leathergirl.eu\/wp-content\/uploads\/2024\/05\/leathergirl-logo.png","width":280,"height":80,"caption":"A B\u0151r\u00f6s l\u00e1ny"},"image":{"@id":"https:\/\/www.leathergirl.eu\/#\/schema\/logo\/image\/"},"sameAs":["https:\/\/www.facebook.com\/aboroslany\/","https:\/\/www.instagram.com\/theleathergirl\/"],"email":"aboroslany@gmail.com","legalName":"Nepp T\u00edmea e.v.","numberOfEmployees":{"@type":"QuantitativeValue","minValue":"1","maxValue":"10"}}]},"product_price_amount":"80.40","product_price_currency":"EUR","og_availability":"instock","product_availability":"instock","product_condition":"new"},"_links":{"self":[{"href":"https:\/\/www.leathergirl.eu\/en\/wp-json\/wp\/v2\/product\/23997","targetHints":{"allow":["GET"]}}],"collection":[{"href":"https:\/\/www.leathergirl.eu\/en\/wp-json\/wp\/v2\/product"}],"about":[{"href":"https:\/\/www.leathergirl.eu\/en\/wp-json\/wp\/v2\/types\/product"}],"wp:featuredmedia":[{"embeddable":true,"href":"https:\/\/www.leathergirl.eu\/en\/wp-json\/wp\/v2\/media\/262409"}],"wp:attachment":[{"href":"https:\/\/www.leathergirl.eu\/en\/wp-json\/wp\/v2\/media?parent=23997"}],"wp:term":[{"taxonomy":"product_brand","embeddable":true,"href":"https:\/\/www.leathergirl.eu\/en\/wp-json\/wp\/v2\/product_brand?post=23997"},{"taxonomy":"product_cat","embeddable":true,"href":"https:\/\/www.leathergirl.eu\/en\/wp-json\/wp\/v2\/product_cat?post=23997"},{"taxonomy":"product_tag","embeddable":true,"href":"https:\/\/www.leathergirl.eu\/en\/wp-json\/wp\/v2\/product_tag?post=23997"}],"curies":[{"name":"wp","href":"https:\/\/api.w.org\/{rel}","templated":true}]}}