{"id":23990,"date":"2023-01-22T15:43:55","date_gmt":"2023-01-22T15:43:55","guid":{"rendered":"https:\/\/www.leathergirl.eu\/?post_type=product&#038;p=23990"},"modified":"2026-01-03T16:42:35","modified_gmt":"2026-01-03T15:42:35","slug":"with-eyecover-and-replaceable-gag","status":"publish","type":"product","link":"https:\/\/www.leathergirl.eu\/en\/product\/with-eyecover-and-replaceable-gag\/","title":{"rendered":"Muzzle with eye cover and interchangeable gag"},"content":{"rendered":"<p class=\" translation-block\">I make this muzzle by combining three types of black leather: <br>\n\u2013 the outside is matte black everywhere, medium-thick, strong cowhide,<br>\n\u2013 and the inner parts are also made of cowhide, but they are soft and a bit shiny. Under the straps, I fold them into two layers. The inside of the mouth and eye cover are single-layered,<br>\n- and for lining, I use extra soft sheep leather.<br>\nYou can adjust the length of each strap with lockable buckles (padlocks are not included). I put welded D-rings on the top of the head, under the chin and in front of the mouth.\nThe special feature of the muzzle is the replaceable\/removable penis gag. Their diameter is 35 mm, their length is 5 and 9 cm. I sew two layers of leather on the soles. You can attach them to the inside of the mouthpiece with a studs. You can also fasten the eye mask lined with sponge and soft leather with studs.<\/p>","protected":false},"excerpt":{"rendered":"<p class=\" translation-block\">I make this muzzle by combining three types of black leather: <br>\n\u2013 the outside is matte black everywhere, medium-thick, strong cowhide,<br>\n\u2013 and the inner parts are also made of cowhide, but they are soft and a bit shiny. Under the straps, I fold them into two layers. The inside of the mouth and eye cover are single-layered,<br>\n- and for lining, I use extra soft sheep leather.<br>\nYou can adjust the length of each strap with lockable buckles (padlocks are not included). I put welded D-rings on the top of the head, under the chin and in front of the mouth.\nThe special feature of the muzzle is the replaceable\/removable penis gag. Their diameter is 35 mm, their length is 5 and 9 cm. I sew two layers of leather on the soles. You can attach them to the inside of the mouthpiece with a studs. You can also fasten the eye mask lined with sponge and soft leather with studs.<\/p>","protected":false},"featured_media":23991,"template":"","meta":{"_et_pb_use_builder":"","_et_pb_old_content":"","_et_gb_content_width":""},"product_brand":[],"product_cat":[41],"product_tag":[],"class_list":{"0":"post-23990","1":"product","2":"type-product","3":"status-publish","4":"has-post-thumbnail","6":"product_cat-szajkosarak","8":"first","9":"instock","10":"purchasable","11":"product-type-simple"},"yoast_head":"<!-- This site is optimized with the Yoast SEO Premium plugin v26.2 (Yoast SEO v26.3) - https:\/\/yoast.com\/wordpress\/plugins\/seo\/ -->\n<title>SZ\u00c1JKOS\u00c1R SZEMTAKAR\u00d3VAL \u00c9S CSER\u00c9LHET\u0150 GAGGEL - A B\u0151r\u00f6s l\u00e1ny<\/title>\n<meta name=\"robots\" content=\"index, follow, max-snippet:-1, max-image-preview:large, max-video-preview:-1\" \/>\n<link rel=\"canonical\" href=\"https:\/\/www.leathergirl.eu\/en\/product\/with-eyecover-and-replaceable-gag\/\" \/>\n<meta property=\"og:locale\" content=\"en_GB\" \/>\n<meta property=\"og:type\" content=\"article\" \/>\n<meta property=\"og:title\" content=\"SZ\u00c1JKOS\u00c1R SZEMTAKAR\u00d3VAL \u00c9S CSER\u00c9LHET\u0150 GAGGEL\" \/>\n<meta property=\"og:description\" content=\"Ezt a sz\u00e1jkosarat teljes eg\u00e9sz\u00e9ben h\u00e1romf\u00e9le fekete b\u0151r kombin\u00e1l\u00e1s\u00e1val k\u00e9sz\u00edtem: \u2013 a k\u00fcls\u0151 r\u00e9sz mindenhol matt fekete, k\u00f6zepesen vastag, feszes, er\u0151s marhab\u0151r, \u2013 a bels\u0151 r\u00e9szek pedig szint\u00e9n marhab\u0151rb\u0151l k\u00e9sz\u00fclnek, de puh\u00e1k, \u00e9s kicsit f\u00e9nyesek. A sz\u00edjak alatt k\u00e9t r\u00e9tegbe hajtom \u0151ket; a sz\u00e1jr\u00e9sz \u00e9s a szemtakar\u00f3 belsej\u00e9ben pedig egy r\u00e9teg\u0171ek, - a szeg\u00e9shez pedig vajpuha juhb\u0151rt haszn\u00e1lok. Minden sz\u00edj hossz\u00e1t lakatolhat\u00f3 csattal szab\u00e1lyozhatod (a lakatokat a term\u00e9k nem tartalmazza). Hegesztett f\u00e9lkarik\u00e1t teszek a fejtet\u0151re, az \u00e1ll al\u00e1 \u00e9s a sz\u00e1j el\u00e9. A sz\u00e1jkos\u00e1r k\u00fcl\u00f6nlegess\u00e9g\u00e9t a cser\u00e9lhet\u0151\/kivehet\u0151 p\u00e9nisz-gag adja. Az \u00e1tm\u00e9r\u0151j\u00fck 35 mm, a hosszuk 5 \u00e9s 9 cm. A talpukra k\u00e9t r\u00e9teg b\u0151rt varrok. Patenttal r\u00f6gz\u00edtheted \u0151ket a sz\u00e1jkos\u00e1r belsej\u00e9be. A szivaccsal \u00e9s puha b\u0151rrel b\u00e9lelt szemtakar\u00f3t szint\u00e9n patenttal r\u00f6gz\u00edtheted.\" \/>\n<meta property=\"og:url\" content=\"https:\/\/www.leathergirl.eu\/en\/product\/with-eyecover-and-replaceable-gag\/\" \/>\n<meta property=\"og:site_name\" content=\"A B\u0151r\u00f6s l\u00e1ny\" \/>\n<meta property=\"article:publisher\" content=\"https:\/\/www.facebook.com\/aboroslany\/\" \/>\n<meta property=\"article:modified_time\" content=\"2026-01-03T15:42:35+00:00\" \/>\n<meta property=\"og:image\" content=\"https:\/\/www.leathergirl.eu\/wp-content\/uploads\/2023\/01\/k-IMG_8622K.jpg\" \/>\n\t<meta property=\"og:image:width\" content=\"600\" \/>\n\t<meta property=\"og:image:height\" content=\"800\" \/>\n\t<meta property=\"og:image:type\" content=\"image\/jpeg\" \/>\n<script type=\"application\/ld+json\" class=\"yoast-schema-graph\">{\"@context\":\"https:\/\/schema.org\",\"@graph\":[{\"@type\":\"WebPage\",\"@id\":\"https:\/\/www.leathergirl.eu\/product\/szajkosar-szemtakaroval-es-cserelheto-gaggel\/\",\"url\":\"https:\/\/www.leathergirl.eu\/product\/szajkosar-szemtakaroval-es-cserelheto-gaggel\/\",\"name\":\"SZ\u00c1JKOS\u00c1R SZEMTAKAR\u00d3VAL \u00c9S CSER\u00c9LHET\u0150 GAGGEL - A B\u0151r\u00f6s l\u00e1ny\",\"isPartOf\":{\"@id\":\"https:\/\/www.leathergirl.eu\/#website\"},\"primaryImageOfPage\":{\"@id\":\"https:\/\/www.leathergirl.eu\/product\/szajkosar-szemtakaroval-es-cserelheto-gaggel\/#primaryimage\"},\"image\":{\"@id\":\"https:\/\/www.leathergirl.eu\/product\/szajkosar-szemtakaroval-es-cserelheto-gaggel\/#primaryimage\"},\"thumbnailUrl\":\"https:\/\/www.leathergirl.eu\/wp-content\/uploads\/2023\/01\/k-IMG_8622K.jpg\",\"datePublished\":\"2023-01-22T15:43:55+00:00\",\"dateModified\":\"2026-01-03T15:42:35+00:00\",\"breadcrumb\":{\"@id\":\"https:\/\/www.leathergirl.eu\/product\/szajkosar-szemtakaroval-es-cserelheto-gaggel\/#breadcrumb\"},\"inLanguage\":\"en-GB\",\"potentialAction\":[{\"@type\":\"ReadAction\",\"target\":[\"https:\/\/www.leathergirl.eu\/product\/szajkosar-szemtakaroval-es-cserelheto-gaggel\/\"]}]},{\"@type\":\"ImageObject\",\"inLanguage\":\"en-GB\",\"@id\":\"https:\/\/www.leathergirl.eu\/product\/szajkosar-szemtakaroval-es-cserelheto-gaggel\/#primaryimage\",\"url\":\"https:\/\/www.leathergirl.eu\/wp-content\/uploads\/2023\/01\/k-IMG_8622K.jpg\",\"contentUrl\":\"https:\/\/www.leathergirl.eu\/wp-content\/uploads\/2023\/01\/k-IMG_8622K.jpg\",\"width\":600,\"height\":800},{\"@type\":\"BreadcrumbList\",\"@id\":\"https:\/\/www.leathergirl.eu\/product\/szajkosar-szemtakaroval-es-cserelheto-gaggel\/#breadcrumb\",\"itemListElement\":[{\"@type\":\"ListItem\",\"position\":1,\"name\":\"Home\",\"item\":\"https:\/\/www.leathergirl.eu\/\"},{\"@type\":\"ListItem\",\"position\":2,\"name\":\"Shop\",\"item\":\"https:\/\/www.leathergirl.eu\/en\/uzlet\/\"},{\"@type\":\"ListItem\",\"position\":3,\"name\":\"SZ\u00c1JKOS\u00c1R SZEMTAKAR\u00d3VAL \u00c9S CSER\u00c9LHET\u0150 GAGGEL\"}]},{\"@type\":\"WebSite\",\"@id\":\"https:\/\/www.leathergirl.eu\/#website\",\"url\":\"https:\/\/www.leathergirl.eu\/\",\"name\":\"A B\u0151r\u00f6s l\u00e1ny\",\"description\":\"... LeatherGirl ...\",\"publisher\":{\"@id\":\"https:\/\/www.leathergirl.eu\/#organization\"},\"potentialAction\":[{\"@type\":\"SearchAction\",\"target\":{\"@type\":\"EntryPoint\",\"urlTemplate\":\"https:\/\/www.leathergirl.eu\/?s={search_term_string}\"},\"query-input\":{\"@type\":\"PropertyValueSpecification\",\"valueRequired\":true,\"valueName\":\"search_term_string\"}}],\"inLanguage\":\"en-GB\"},{\"@type\":\"Organization\",\"@id\":\"https:\/\/www.leathergirl.eu\/#organization\",\"name\":\"A B\u0151r\u00f6s l\u00e1ny\",\"url\":\"https:\/\/www.leathergirl.eu\/\",\"logo\":{\"@type\":\"ImageObject\",\"inLanguage\":\"en-GB\",\"@id\":\"https:\/\/www.leathergirl.eu\/#\/schema\/logo\/image\/\",\"url\":\"https:\/\/www.leathergirl.eu\/wp-content\/uploads\/2024\/05\/leathergirl-logo.png\",\"contentUrl\":\"https:\/\/www.leathergirl.eu\/wp-content\/uploads\/2024\/05\/leathergirl-logo.png\",\"width\":280,\"height\":80,\"caption\":\"A B\u0151r\u00f6s l\u00e1ny\"},\"image\":{\"@id\":\"https:\/\/www.leathergirl.eu\/#\/schema\/logo\/image\/\"},\"sameAs\":[\"https:\/\/www.facebook.com\/aboroslany\/\",\"https:\/\/www.instagram.com\/theleathergirl\/\"],\"email\":\"aboroslany@gmail.com\",\"legalName\":\"Nepp T\u00edmea e.v.\",\"numberOfEmployees\":{\"@type\":\"QuantitativeValue\",\"minValue\":\"1\",\"maxValue\":\"10\"}}]}<\/script>\n<meta property=\"product:price:amount\" content=\"280.50\" \/>\n<meta property=\"product:price:currency\" content=\"EUR\" \/>\n<meta property=\"og:availability\" content=\"instock\" \/>\n<meta property=\"product:availability\" content=\"instock\" \/>\n<meta property=\"product:condition\" content=\"new\" \/>\n<!-- \/ Yoast SEO Premium plugin. -->","yoast_head_json":{"title":"BAG WITH EYEBROWS AND A CHANGEABLE GAG - The Furry Girl","robots":{"index":"index","follow":"follow","max-snippet":"max-snippet:-1","max-image-preview":"max-image-preview:large","max-video-preview":"max-video-preview:-1"},"canonical":"https:\/\/www.leathergirl.eu\/en\/product\/with-eyecover-and-replaceable-gag\/","og_locale":"en_GB","og_type":"article","og_title":"SZ\u00c1JKOS\u00c1R SZEMTAKAR\u00d3VAL \u00c9S CSER\u00c9LHET\u0150 GAGGEL","og_description":"Ezt a sz\u00e1jkosarat teljes eg\u00e9sz\u00e9ben h\u00e1romf\u00e9le fekete b\u0151r kombin\u00e1l\u00e1s\u00e1val k\u00e9sz\u00edtem: \u2013 a k\u00fcls\u0151 r\u00e9sz mindenhol matt fekete, k\u00f6zepesen vastag, feszes, er\u0151s marhab\u0151r, \u2013 a bels\u0151 r\u00e9szek pedig szint\u00e9n marhab\u0151rb\u0151l k\u00e9sz\u00fclnek, de puh\u00e1k, \u00e9s kicsit f\u00e9nyesek. A sz\u00edjak alatt k\u00e9t r\u00e9tegbe hajtom \u0151ket; a sz\u00e1jr\u00e9sz \u00e9s a szemtakar\u00f3 belsej\u00e9ben pedig egy r\u00e9teg\u0171ek, - a szeg\u00e9shez pedig vajpuha juhb\u0151rt haszn\u00e1lok. Minden sz\u00edj hossz\u00e1t lakatolhat\u00f3 csattal szab\u00e1lyozhatod (a lakatokat a term\u00e9k nem tartalmazza). Hegesztett f\u00e9lkarik\u00e1t teszek a fejtet\u0151re, az \u00e1ll al\u00e1 \u00e9s a sz\u00e1j el\u00e9. A sz\u00e1jkos\u00e1r k\u00fcl\u00f6nlegess\u00e9g\u00e9t a cser\u00e9lhet\u0151\/kivehet\u0151 p\u00e9nisz-gag adja. Az \u00e1tm\u00e9r\u0151j\u00fck 35 mm, a hosszuk 5 \u00e9s 9 cm. A talpukra k\u00e9t r\u00e9teg b\u0151rt varrok. Patenttal r\u00f6gz\u00edtheted \u0151ket a sz\u00e1jkos\u00e1r belsej\u00e9be. A szivaccsal \u00e9s puha b\u0151rrel b\u00e9lelt szemtakar\u00f3t szint\u00e9n patenttal r\u00f6gz\u00edtheted.","og_url":"https:\/\/www.leathergirl.eu\/en\/product\/with-eyecover-and-replaceable-gag\/","og_site_name":"A B\u0151r\u00f6s l\u00e1ny","article_publisher":"https:\/\/www.facebook.com\/aboroslany\/","article_modified_time":"2026-01-03T15:42:35+00:00","og_image":[{"width":600,"height":800,"url":"https:\/\/www.leathergirl.eu\/wp-content\/uploads\/2023\/01\/k-IMG_8622K.jpg","type":"image\/jpeg"}],"schema":{"@context":"https:\/\/schema.org","@graph":[{"@type":"WebPage","@id":"https:\/\/www.leathergirl.eu\/product\/szajkosar-szemtakaroval-es-cserelheto-gaggel\/","url":"https:\/\/www.leathergirl.eu\/product\/szajkosar-szemtakaroval-es-cserelheto-gaggel\/","name":"BAG WITH EYEBROWS AND A CHANGEABLE GAG - The Furry Girl","isPartOf":{"@id":"https:\/\/www.leathergirl.eu\/#website"},"primaryImageOfPage":{"@id":"https:\/\/www.leathergirl.eu\/product\/szajkosar-szemtakaroval-es-cserelheto-gaggel\/#primaryimage"},"image":{"@id":"https:\/\/www.leathergirl.eu\/product\/szajkosar-szemtakaroval-es-cserelheto-gaggel\/#primaryimage"},"thumbnailUrl":"https:\/\/www.leathergirl.eu\/wp-content\/uploads\/2023\/01\/k-IMG_8622K.jpg","datePublished":"2023-01-22T15:43:55+00:00","dateModified":"2026-01-03T15:42:35+00:00","breadcrumb":{"@id":"https:\/\/www.leathergirl.eu\/product\/szajkosar-szemtakaroval-es-cserelheto-gaggel\/#breadcrumb"},"inLanguage":"en-GB","potentialAction":[{"@type":"ReadAction","target":["https:\/\/www.leathergirl.eu\/product\/szajkosar-szemtakaroval-es-cserelheto-gaggel\/"]}]},{"@type":"ImageObject","inLanguage":"en-GB","@id":"https:\/\/www.leathergirl.eu\/product\/szajkosar-szemtakaroval-es-cserelheto-gaggel\/#primaryimage","url":"https:\/\/www.leathergirl.eu\/wp-content\/uploads\/2023\/01\/k-IMG_8622K.jpg","contentUrl":"https:\/\/www.leathergirl.eu\/wp-content\/uploads\/2023\/01\/k-IMG_8622K.jpg","width":600,"height":800},{"@type":"BreadcrumbList","@id":"https:\/\/www.leathergirl.eu\/product\/szajkosar-szemtakaroval-es-cserelheto-gaggel\/#breadcrumb","itemListElement":[{"@type":"ListItem","position":1,"name":"Home","item":"https:\/\/www.leathergirl.eu\/"},{"@type":"ListItem","position":2,"name":"Shop","item":"https:\/\/www.leathergirl.eu\/en\/uzlet\/"},{"@type":"ListItem","position":3,"name":"SZ\u00c1JKOS\u00c1R SZEMTAKAR\u00d3VAL \u00c9S CSER\u00c9LHET\u0150 GAGGEL"}]},{"@type":"WebSite","@id":"https:\/\/www.leathergirl.eu\/#website","url":"https:\/\/www.leathergirl.eu\/","name":"The Leather Girl","description":"... LeatherGirl ...","publisher":{"@id":"https:\/\/www.leathergirl.eu\/#organization"},"potentialAction":[{"@type":"SearchAction","target":{"@type":"EntryPoint","urlTemplate":"https:\/\/www.leathergirl.eu\/?s={search_term_string}"},"query-input":{"@type":"PropertyValueSpecification","valueRequired":true,"valueName":"search_term_string"}}],"inLanguage":"en-GB"},{"@type":"Organization","@id":"https:\/\/www.leathergirl.eu\/#organization","name":"The Leather Girl","url":"https:\/\/www.leathergirl.eu\/","logo":{"@type":"ImageObject","inLanguage":"en-GB","@id":"https:\/\/www.leathergirl.eu\/#\/schema\/logo\/image\/","url":"https:\/\/www.leathergirl.eu\/wp-content\/uploads\/2024\/05\/leathergirl-logo.png","contentUrl":"https:\/\/www.leathergirl.eu\/wp-content\/uploads\/2024\/05\/leathergirl-logo.png","width":280,"height":80,"caption":"A B\u0151r\u00f6s l\u00e1ny"},"image":{"@id":"https:\/\/www.leathergirl.eu\/#\/schema\/logo\/image\/"},"sameAs":["https:\/\/www.facebook.com\/aboroslany\/","https:\/\/www.instagram.com\/theleathergirl\/"],"email":"aboroslany@gmail.com","legalName":"Nepp T\u00edmea e.v.","numberOfEmployees":{"@type":"QuantitativeValue","minValue":"1","maxValue":"10"}}]},"product_price_amount":"280.50","product_price_currency":"EUR","og_availability":"instock","product_availability":"instock","product_condition":"new"},"_links":{"self":[{"href":"https:\/\/www.leathergirl.eu\/en\/wp-json\/wp\/v2\/product\/23990","targetHints":{"allow":["GET"]}}],"collection":[{"href":"https:\/\/www.leathergirl.eu\/en\/wp-json\/wp\/v2\/product"}],"about":[{"href":"https:\/\/www.leathergirl.eu\/en\/wp-json\/wp\/v2\/types\/product"}],"wp:featuredmedia":[{"embeddable":true,"href":"https:\/\/www.leathergirl.eu\/en\/wp-json\/wp\/v2\/media\/23991"}],"wp:attachment":[{"href":"https:\/\/www.leathergirl.eu\/en\/wp-json\/wp\/v2\/media?parent=23990"}],"wp:term":[{"taxonomy":"product_brand","embeddable":true,"href":"https:\/\/www.leathergirl.eu\/en\/wp-json\/wp\/v2\/product_brand?post=23990"},{"taxonomy":"product_cat","embeddable":true,"href":"https:\/\/www.leathergirl.eu\/en\/wp-json\/wp\/v2\/product_cat?post=23990"},{"taxonomy":"product_tag","embeddable":true,"href":"https:\/\/www.leathergirl.eu\/en\/wp-json\/wp\/v2\/product_tag?post=23990"}],"curies":[{"name":"wp","href":"https:\/\/api.w.org\/{rel}","templated":true}]}}