{"id":23987,"date":"2023-01-22T14:45:55","date_gmt":"2023-01-22T14:45:55","guid":{"rendered":"https:\/\/www.leathergirl.eu\/?post_type=product&#038;p=23987"},"modified":"2026-01-03T14:41:32","modified_gmt":"2026-01-03T13:41:32","slug":"black-hairspray-tailored-neckwear","status":"publish","type":"product","link":"https:\/\/www.leathergirl.eu\/en\/product\/black-hairspray-tailored-neckwear\/","title":{"rendered":"7 cm wide patent leather collar"},"content":{"rendered":"<p class=\" translation-block\">7 cm wide, but thanks to its design, it is still a comfortable necklace. The outside of the main part and the straps is black patent leather, and the inner side is matte; both are cowhide. The length can be adjusted with a lockable buckle. Inside, I put a sponge covered with soft leather, which covers all the rivets, so it is comfortable to wear in the long term, even for people with metal allergies.\nBoth parts of the 3 double rings are welded, so they definitely cannot open.<\/p>","protected":false},"excerpt":{"rendered":"<p class=\" translation-block\">7 cm wide, but thanks to its design, it is still a comfortable necklace. The outside of the main part and the straps is black patent leather, and the inner side is matte; both are cowhide. The length can be adjusted with a lockable buckle. Inside, I put a sponge covered with soft leather, which covers all the rivets, so it is comfortable to wear in the long term, even for people with metal allergies.\nBoth parts of the 3 double rings are welded, so they definitely cannot open.<\/p>","protected":false},"featured_media":23988,"template":"","meta":{"_et_pb_use_builder":"","_et_pb_old_content":"","_et_gb_content_width":""},"product_brand":[],"product_cat":[16],"product_tag":[],"class_list":{"0":"post-23987","1":"product","2":"type-product","3":"status-publish","4":"has-post-thumbnail","6":"product_cat-collars","8":"first","9":"instock","10":"purchasable","11":"product-type-simple"},"yoast_head":"<!-- This site is optimized with the Yoast SEO Premium plugin v26.2 (Yoast SEO v26.3) - https:\/\/yoast.com\/wordpress\/plugins\/seo\/ -->\n<title>FEKETE T\u00dcK\u00d6RLAKK SZABOTT NYAKBAVAL\u00d3 - A B\u0151r\u00f6s l\u00e1ny<\/title>\n<meta name=\"robots\" content=\"index, follow, max-snippet:-1, max-image-preview:large, max-video-preview:-1\" \/>\n<link rel=\"canonical\" href=\"https:\/\/www.leathergirl.eu\/en\/product\/black-hairspray-tailored-neckwear\/\" \/>\n<meta property=\"og:locale\" content=\"en_GB\" \/>\n<meta property=\"og:type\" content=\"article\" \/>\n<meta property=\"og:title\" content=\"FEKETE T\u00dcK\u00d6RLAKK SZABOTT NYAKBAVAL\u00d3\" \/>\n<meta property=\"og:description\" content=\"7 cm sz\u00e9les, a kialak\u00edt\u00e1s\u00e1nak k\u00f6sz\u00f6nhet\u0151en m\u00e9gis k\u00e9nyelmes nyakbaval\u00f3. A f\u0151r\u00e9sz \u00e9s a sz\u00edjak k\u00fcls\u0151 r\u00e9sze fekete t\u00fck\u00f6rlakk b\u0151r, a bels\u0151 oldala pedig matt; mindkett\u0151 marhab\u0151r. A hossza lakatolhat\u00f3 csattal szab\u00e1lyozhat\u00f3. Bel\u00fclre puha b\u0151rrel bevont szivacsot teszek, ami minden szegecset takar, \u00edgy hossz\u00fa t\u00e1von is k\u00e9nyelmes viselet f\u00e9mallergi\u00e1soknak is. A 3 db dupla karik\u00e1nak mindk\u00e9t r\u00e9sze hegesztett, \u00edgy biztosan nem tud sz\u00e9tny\u00edlni.\" \/>\n<meta property=\"og:url\" content=\"https:\/\/www.leathergirl.eu\/en\/product\/black-hairspray-tailored-neckwear\/\" \/>\n<meta property=\"og:site_name\" content=\"A B\u0151r\u00f6s l\u00e1ny\" \/>\n<meta property=\"article:publisher\" content=\"https:\/\/www.facebook.com\/aboroslany\/\" \/>\n<meta property=\"article:modified_time\" content=\"2026-01-03T13:41:32+00:00\" \/>\n<meta property=\"og:image\" content=\"https:\/\/www.leathergirl.eu\/wp-content\/uploads\/2023\/01\/k-IMG_8746K.jpg\" \/>\n\t<meta property=\"og:image:width\" content=\"800\" \/>\n\t<meta property=\"og:image:height\" content=\"600\" \/>\n\t<meta property=\"og:image:type\" content=\"image\/jpeg\" \/>\n<script type=\"application\/ld+json\" class=\"yoast-schema-graph\">{\"@context\":\"https:\/\/schema.org\",\"@graph\":[{\"@type\":\"WebPage\",\"@id\":\"https:\/\/www.leathergirl.eu\/product\/fekete-tukorlakk-szabott-nyakbavalo\/\",\"url\":\"https:\/\/www.leathergirl.eu\/product\/fekete-tukorlakk-szabott-nyakbavalo\/\",\"name\":\"FEKETE T\u00dcK\u00d6RLAKK SZABOTT NYAKBAVAL\u00d3 - A B\u0151r\u00f6s l\u00e1ny\",\"isPartOf\":{\"@id\":\"https:\/\/www.leathergirl.eu\/#website\"},\"primaryImageOfPage\":{\"@id\":\"https:\/\/www.leathergirl.eu\/product\/fekete-tukorlakk-szabott-nyakbavalo\/#primaryimage\"},\"image\":{\"@id\":\"https:\/\/www.leathergirl.eu\/product\/fekete-tukorlakk-szabott-nyakbavalo\/#primaryimage\"},\"thumbnailUrl\":\"https:\/\/www.leathergirl.eu\/wp-content\/uploads\/2023\/01\/k-IMG_8746K.jpg\",\"datePublished\":\"2023-01-22T14:45:55+00:00\",\"dateModified\":\"2026-01-03T13:41:32+00:00\",\"breadcrumb\":{\"@id\":\"https:\/\/www.leathergirl.eu\/product\/fekete-tukorlakk-szabott-nyakbavalo\/#breadcrumb\"},\"inLanguage\":\"en-GB\",\"potentialAction\":[{\"@type\":\"ReadAction\",\"target\":[\"https:\/\/www.leathergirl.eu\/product\/fekete-tukorlakk-szabott-nyakbavalo\/\"]}]},{\"@type\":\"ImageObject\",\"inLanguage\":\"en-GB\",\"@id\":\"https:\/\/www.leathergirl.eu\/product\/fekete-tukorlakk-szabott-nyakbavalo\/#primaryimage\",\"url\":\"https:\/\/www.leathergirl.eu\/wp-content\/uploads\/2023\/01\/k-IMG_8746K.jpg\",\"contentUrl\":\"https:\/\/www.leathergirl.eu\/wp-content\/uploads\/2023\/01\/k-IMG_8746K.jpg\",\"width\":800,\"height\":600},{\"@type\":\"BreadcrumbList\",\"@id\":\"https:\/\/www.leathergirl.eu\/product\/fekete-tukorlakk-szabott-nyakbavalo\/#breadcrumb\",\"itemListElement\":[{\"@type\":\"ListItem\",\"position\":1,\"name\":\"Home\",\"item\":\"https:\/\/www.leathergirl.eu\/\"},{\"@type\":\"ListItem\",\"position\":2,\"name\":\"Shop\",\"item\":\"https:\/\/www.leathergirl.eu\/en\/uzlet\/\"},{\"@type\":\"ListItem\",\"position\":3,\"name\":\"FEKETE T\u00dcK\u00d6RLAKK SZABOTT NYAKBAVAL\u00d3\"}]},{\"@type\":\"WebSite\",\"@id\":\"https:\/\/www.leathergirl.eu\/#website\",\"url\":\"https:\/\/www.leathergirl.eu\/\",\"name\":\"A B\u0151r\u00f6s l\u00e1ny\",\"description\":\"... LeatherGirl ...\",\"publisher\":{\"@id\":\"https:\/\/www.leathergirl.eu\/#organization\"},\"potentialAction\":[{\"@type\":\"SearchAction\",\"target\":{\"@type\":\"EntryPoint\",\"urlTemplate\":\"https:\/\/www.leathergirl.eu\/?s={search_term_string}\"},\"query-input\":{\"@type\":\"PropertyValueSpecification\",\"valueRequired\":true,\"valueName\":\"search_term_string\"}}],\"inLanguage\":\"en-GB\"},{\"@type\":\"Organization\",\"@id\":\"https:\/\/www.leathergirl.eu\/#organization\",\"name\":\"A B\u0151r\u00f6s l\u00e1ny\",\"url\":\"https:\/\/www.leathergirl.eu\/\",\"logo\":{\"@type\":\"ImageObject\",\"inLanguage\":\"en-GB\",\"@id\":\"https:\/\/www.leathergirl.eu\/#\/schema\/logo\/image\/\",\"url\":\"https:\/\/www.leathergirl.eu\/wp-content\/uploads\/2024\/05\/leathergirl-logo.png\",\"contentUrl\":\"https:\/\/www.leathergirl.eu\/wp-content\/uploads\/2024\/05\/leathergirl-logo.png\",\"width\":280,\"height\":80,\"caption\":\"A B\u0151r\u00f6s l\u00e1ny\"},\"image\":{\"@id\":\"https:\/\/www.leathergirl.eu\/#\/schema\/logo\/image\/\"},\"sameAs\":[\"https:\/\/www.facebook.com\/aboroslany\/\",\"https:\/\/www.instagram.com\/theleathergirl\/\"],\"email\":\"aboroslany@gmail.com\",\"legalName\":\"Nepp T\u00edmea e.v.\",\"numberOfEmployees\":{\"@type\":\"QuantitativeValue\",\"minValue\":\"1\",\"maxValue\":\"10\"}}]}<\/script>\n<meta property=\"product:price:amount\" content=\"86.90\" \/>\n<meta property=\"product:price:currency\" content=\"EUR\" \/>\n<meta property=\"og:availability\" content=\"instock\" \/>\n<meta property=\"product:availability\" content=\"instock\" \/>\n<meta property=\"product:condition\" content=\"new\" \/>\n<!-- \/ Yoast SEO Premium plugin. -->","yoast_head_json":{"title":"BLACK BROWN BROWN BROWN - The Furry Girl","robots":{"index":"index","follow":"follow","max-snippet":"max-snippet:-1","max-image-preview":"max-image-preview:large","max-video-preview":"max-video-preview:-1"},"canonical":"https:\/\/www.leathergirl.eu\/en\/product\/black-hairspray-tailored-neckwear\/","og_locale":"en_GB","og_type":"article","og_title":"FEKETE T\u00dcK\u00d6RLAKK SZABOTT NYAKBAVAL\u00d3","og_description":"7 cm sz\u00e9les, a kialak\u00edt\u00e1s\u00e1nak k\u00f6sz\u00f6nhet\u0151en m\u00e9gis k\u00e9nyelmes nyakbaval\u00f3. A f\u0151r\u00e9sz \u00e9s a sz\u00edjak k\u00fcls\u0151 r\u00e9sze fekete t\u00fck\u00f6rlakk b\u0151r, a bels\u0151 oldala pedig matt; mindkett\u0151 marhab\u0151r. A hossza lakatolhat\u00f3 csattal szab\u00e1lyozhat\u00f3. Bel\u00fclre puha b\u0151rrel bevont szivacsot teszek, ami minden szegecset takar, \u00edgy hossz\u00fa t\u00e1von is k\u00e9nyelmes viselet f\u00e9mallergi\u00e1soknak is. A 3 db dupla karik\u00e1nak mindk\u00e9t r\u00e9sze hegesztett, \u00edgy biztosan nem tud sz\u00e9tny\u00edlni.","og_url":"https:\/\/www.leathergirl.eu\/en\/product\/black-hairspray-tailored-neckwear\/","og_site_name":"A B\u0151r\u00f6s l\u00e1ny","article_publisher":"https:\/\/www.facebook.com\/aboroslany\/","article_modified_time":"2026-01-03T13:41:32+00:00","og_image":[{"width":800,"height":600,"url":"https:\/\/www.leathergirl.eu\/wp-content\/uploads\/2023\/01\/k-IMG_8746K.jpg","type":"image\/jpeg"}],"schema":{"@context":"https:\/\/schema.org","@graph":[{"@type":"WebPage","@id":"https:\/\/www.leathergirl.eu\/product\/fekete-tukorlakk-szabott-nyakbavalo\/","url":"https:\/\/www.leathergirl.eu\/product\/fekete-tukorlakk-szabott-nyakbavalo\/","name":"BLACK BROWN BROWN BROWN - The Furry Girl","isPartOf":{"@id":"https:\/\/www.leathergirl.eu\/#website"},"primaryImageOfPage":{"@id":"https:\/\/www.leathergirl.eu\/product\/fekete-tukorlakk-szabott-nyakbavalo\/#primaryimage"},"image":{"@id":"https:\/\/www.leathergirl.eu\/product\/fekete-tukorlakk-szabott-nyakbavalo\/#primaryimage"},"thumbnailUrl":"https:\/\/www.leathergirl.eu\/wp-content\/uploads\/2023\/01\/k-IMG_8746K.jpg","datePublished":"2023-01-22T14:45:55+00:00","dateModified":"2026-01-03T13:41:32+00:00","breadcrumb":{"@id":"https:\/\/www.leathergirl.eu\/product\/fekete-tukorlakk-szabott-nyakbavalo\/#breadcrumb"},"inLanguage":"en-GB","potentialAction":[{"@type":"ReadAction","target":["https:\/\/www.leathergirl.eu\/product\/fekete-tukorlakk-szabott-nyakbavalo\/"]}]},{"@type":"ImageObject","inLanguage":"en-GB","@id":"https:\/\/www.leathergirl.eu\/product\/fekete-tukorlakk-szabott-nyakbavalo\/#primaryimage","url":"https:\/\/www.leathergirl.eu\/wp-content\/uploads\/2023\/01\/k-IMG_8746K.jpg","contentUrl":"https:\/\/www.leathergirl.eu\/wp-content\/uploads\/2023\/01\/k-IMG_8746K.jpg","width":800,"height":600},{"@type":"BreadcrumbList","@id":"https:\/\/www.leathergirl.eu\/product\/fekete-tukorlakk-szabott-nyakbavalo\/#breadcrumb","itemListElement":[{"@type":"ListItem","position":1,"name":"Home","item":"https:\/\/www.leathergirl.eu\/"},{"@type":"ListItem","position":2,"name":"Shop","item":"https:\/\/www.leathergirl.eu\/en\/uzlet\/"},{"@type":"ListItem","position":3,"name":"FEKETE T\u00dcK\u00d6RLAKK SZABOTT NYAKBAVAL\u00d3"}]},{"@type":"WebSite","@id":"https:\/\/www.leathergirl.eu\/#website","url":"https:\/\/www.leathergirl.eu\/","name":"The Leather Girl","description":"... LeatherGirl ...","publisher":{"@id":"https:\/\/www.leathergirl.eu\/#organization"},"potentialAction":[{"@type":"SearchAction","target":{"@type":"EntryPoint","urlTemplate":"https:\/\/www.leathergirl.eu\/?s={search_term_string}"},"query-input":{"@type":"PropertyValueSpecification","valueRequired":true,"valueName":"search_term_string"}}],"inLanguage":"en-GB"},{"@type":"Organization","@id":"https:\/\/www.leathergirl.eu\/#organization","name":"The Leather Girl","url":"https:\/\/www.leathergirl.eu\/","logo":{"@type":"ImageObject","inLanguage":"en-GB","@id":"https:\/\/www.leathergirl.eu\/#\/schema\/logo\/image\/","url":"https:\/\/www.leathergirl.eu\/wp-content\/uploads\/2024\/05\/leathergirl-logo.png","contentUrl":"https:\/\/www.leathergirl.eu\/wp-content\/uploads\/2024\/05\/leathergirl-logo.png","width":280,"height":80,"caption":"A B\u0151r\u00f6s l\u00e1ny"},"image":{"@id":"https:\/\/www.leathergirl.eu\/#\/schema\/logo\/image\/"},"sameAs":["https:\/\/www.facebook.com\/aboroslany\/","https:\/\/www.instagram.com\/theleathergirl\/"],"email":"aboroslany@gmail.com","legalName":"Nepp T\u00edmea e.v.","numberOfEmployees":{"@type":"QuantitativeValue","minValue":"1","maxValue":"10"}}]},"product_price_amount":"86.90","product_price_currency":"EUR","og_availability":"instock","product_availability":"instock","product_condition":"new"},"_links":{"self":[{"href":"https:\/\/www.leathergirl.eu\/en\/wp-json\/wp\/v2\/product\/23987","targetHints":{"allow":["GET"]}}],"collection":[{"href":"https:\/\/www.leathergirl.eu\/en\/wp-json\/wp\/v2\/product"}],"about":[{"href":"https:\/\/www.leathergirl.eu\/en\/wp-json\/wp\/v2\/types\/product"}],"wp:featuredmedia":[{"embeddable":true,"href":"https:\/\/www.leathergirl.eu\/en\/wp-json\/wp\/v2\/media\/23988"}],"wp:attachment":[{"href":"https:\/\/www.leathergirl.eu\/en\/wp-json\/wp\/v2\/media?parent=23987"}],"wp:term":[{"taxonomy":"product_brand","embeddable":true,"href":"https:\/\/www.leathergirl.eu\/en\/wp-json\/wp\/v2\/product_brand?post=23987"},{"taxonomy":"product_cat","embeddable":true,"href":"https:\/\/www.leathergirl.eu\/en\/wp-json\/wp\/v2\/product_cat?post=23987"},{"taxonomy":"product_tag","embeddable":true,"href":"https:\/\/www.leathergirl.eu\/en\/wp-json\/wp\/v2\/product_tag?post=23987"}],"curies":[{"name":"wp","href":"https:\/\/api.w.org\/{rel}","templated":true}]}}