{"id":23983,"date":"2023-01-22T14:02:22","date_gmt":"2023-01-22T14:02:22","guid":{"rendered":"https:\/\/www.leathergirl.eu\/?post_type=product&#038;p=23983"},"modified":"2026-01-03T15:53:38","modified_gmt":"2026-01-03T14:53:38","slug":"cheesecloth-penis-with-gag-outside-the-ring","status":"publish","type":"product","link":"https:\/\/www.leathergirl.eu\/en\/product\/cheesecloth-penis-with-gag-outside-the-ring\/","title":{"rendered":"Mouth cover with penis gag and ring"},"content":{"rendered":"<p class=\" translation-block\">I make this mouthpiece from three layers of leather: the outer and inner 1-1.5mm thick medium soft cowhide and the middle sheepskin. It doesn\u2019t push the head anywhere, but he keeps it firm enough. It is ca. 10 cm wide at the mouth, the belt is 2 cm wide. Its length can be adjusted with a buckle. The ring attached at the mouth can hold dildo; diameter: 45 mm. <br>\nThe length of the gag shown in the pictures is 5 cm, but you can also order with a 9 cm one.<\/p>","protected":false},"excerpt":{"rendered":"<p class=\" translation-block\">I make this mouthpiece from three layers of leather: the outer and inner 1-1.5mm thick medium soft cowhide and the middle sheepskin. It doesn\u2019t push the head anywhere, but he keeps it firm enough. It is ca. 10 cm wide at the mouth, the belt is 2 cm wide. Its length can be adjusted with a buckle. The ring attached at the mouth can hold dildo; diameter: 45 mm. <br>\nThe length of the gag shown in the pictures is 5 cm, but you can also order with a 9 cm one.<\/p>","protected":false},"featured_media":23986,"template":"","meta":{"_et_pb_use_builder":"","_et_pb_old_content":"","_et_gb_content_width":""},"product_brand":[],"product_cat":[22],"product_tag":[],"class_list":{"0":"post-23983","1":"product","2":"type-product","3":"status-publish","4":"has-post-thumbnail","6":"product_cat-fejhamok","8":"first","9":"instock","10":"purchasable","11":"product-type-simple"},"yoast_head":"<!-- This site is optimized with the Yoast SEO Premium plugin v26.2 (Yoast SEO v26.3) - https:\/\/yoast.com\/wordpress\/plugins\/seo\/ -->\n<title>SZ\u00c1JTAKAR\u00d3 P\u00c9NISZ GAGGEL, K\u00cdV\u00dcL KARIK\u00c1VAL - A B\u0151r\u00f6s l\u00e1ny<\/title>\n<meta name=\"robots\" content=\"index, follow, max-snippet:-1, max-image-preview:large, max-video-preview:-1\" \/>\n<link rel=\"canonical\" href=\"https:\/\/www.leathergirl.eu\/en\/product\/cheesecloth-penis-with-gag-outside-the-ring\/\" \/>\n<meta property=\"og:locale\" content=\"en_GB\" \/>\n<meta property=\"og:type\" content=\"article\" \/>\n<meta property=\"og:title\" content=\"SZ\u00c1JTAKAR\u00d3 P\u00c9NISZ GAGGEL, K\u00cdV\u00dcL KARIK\u00c1VAL\" \/>\n<meta property=\"og:description\" content=\"Ezt a sz\u00e1jtakar\u00f3t h\u00e1rom r\u00e9teg b\u0151rb\u0151l k\u00e9sz\u00edtem: a k\u00fcls\u0151 \u00e9s a bels\u0151 1-1,5mm vastag k\u00f6zepesen puha marhab\u0151r, k\u00f6z\u00e9pen pedig juhb\u0151r. Sehol nem nyomja a fejet, viszont kell\u0151en er\u0151sen tart. A sz\u00e1jn\u00e1l kb 10 cm sz\u00e9les, a k\u00f6rbefut\u00f3 sz\u00edj pedig 2 cm-es; a hossza csattal szab\u00e1lyozhat\u00f3. A sz\u00e1jhoz tett hegesztett karik\u00e1ba pedig tetsz\u00e9s szerint dild\u00f3t tehetsz; az \u00e1tm\u00e9r\u0151je 45 mm. A k\u00e9peken l\u00e1that\u00f3 gag hossza 5 cm, de rendelheted 9 cm-essel is.\" \/>\n<meta property=\"og:url\" content=\"https:\/\/www.leathergirl.eu\/en\/product\/cheesecloth-penis-with-gag-outside-the-ring\/\" \/>\n<meta property=\"og:site_name\" content=\"A B\u0151r\u00f6s l\u00e1ny\" \/>\n<meta property=\"article:publisher\" content=\"https:\/\/www.facebook.com\/aboroslany\/\" \/>\n<meta property=\"article:modified_time\" content=\"2026-01-03T14:53:38+00:00\" \/>\n<meta property=\"og:image\" content=\"https:\/\/www.leathergirl.eu\/wp-content\/uploads\/2023\/01\/k-IMG_8641K.jpg\" \/>\n\t<meta property=\"og:image:width\" content=\"800\" \/>\n\t<meta property=\"og:image:height\" content=\"600\" \/>\n\t<meta property=\"og:image:type\" content=\"image\/jpeg\" \/>\n<script type=\"application\/ld+json\" class=\"yoast-schema-graph\">{\"@context\":\"https:\/\/schema.org\",\"@graph\":[{\"@type\":\"WebPage\",\"@id\":\"https:\/\/www.leathergirl.eu\/product\/szajtakaro-penisz-gaggel-kivul-karikaval\/\",\"url\":\"https:\/\/www.leathergirl.eu\/product\/szajtakaro-penisz-gaggel-kivul-karikaval\/\",\"name\":\"SZ\u00c1JTAKAR\u00d3 P\u00c9NISZ GAGGEL, K\u00cdV\u00dcL KARIK\u00c1VAL - A B\u0151r\u00f6s l\u00e1ny\",\"isPartOf\":{\"@id\":\"https:\/\/www.leathergirl.eu\/#website\"},\"primaryImageOfPage\":{\"@id\":\"https:\/\/www.leathergirl.eu\/product\/szajtakaro-penisz-gaggel-kivul-karikaval\/#primaryimage\"},\"image\":{\"@id\":\"https:\/\/www.leathergirl.eu\/product\/szajtakaro-penisz-gaggel-kivul-karikaval\/#primaryimage\"},\"thumbnailUrl\":\"https:\/\/www.leathergirl.eu\/wp-content\/uploads\/2023\/01\/k-IMG_8641K.jpg\",\"datePublished\":\"2023-01-22T14:02:22+00:00\",\"dateModified\":\"2026-01-03T14:53:38+00:00\",\"breadcrumb\":{\"@id\":\"https:\/\/www.leathergirl.eu\/product\/szajtakaro-penisz-gaggel-kivul-karikaval\/#breadcrumb\"},\"inLanguage\":\"en-GB\",\"potentialAction\":[{\"@type\":\"ReadAction\",\"target\":[\"https:\/\/www.leathergirl.eu\/product\/szajtakaro-penisz-gaggel-kivul-karikaval\/\"]}]},{\"@type\":\"ImageObject\",\"inLanguage\":\"en-GB\",\"@id\":\"https:\/\/www.leathergirl.eu\/product\/szajtakaro-penisz-gaggel-kivul-karikaval\/#primaryimage\",\"url\":\"https:\/\/www.leathergirl.eu\/wp-content\/uploads\/2023\/01\/k-IMG_8641K.jpg\",\"contentUrl\":\"https:\/\/www.leathergirl.eu\/wp-content\/uploads\/2023\/01\/k-IMG_8641K.jpg\",\"width\":800,\"height\":600},{\"@type\":\"BreadcrumbList\",\"@id\":\"https:\/\/www.leathergirl.eu\/product\/szajtakaro-penisz-gaggel-kivul-karikaval\/#breadcrumb\",\"itemListElement\":[{\"@type\":\"ListItem\",\"position\":1,\"name\":\"Home\",\"item\":\"https:\/\/www.leathergirl.eu\/\"},{\"@type\":\"ListItem\",\"position\":2,\"name\":\"Shop\",\"item\":\"https:\/\/www.leathergirl.eu\/en\/uzlet\/\"},{\"@type\":\"ListItem\",\"position\":3,\"name\":\"SZ\u00c1JTAKAR\u00d3 P\u00c9NISZ GAGGEL, K\u00cdV\u00dcL KARIK\u00c1VAL\"}]},{\"@type\":\"WebSite\",\"@id\":\"https:\/\/www.leathergirl.eu\/#website\",\"url\":\"https:\/\/www.leathergirl.eu\/\",\"name\":\"A B\u0151r\u00f6s l\u00e1ny\",\"description\":\"... LeatherGirl ...\",\"publisher\":{\"@id\":\"https:\/\/www.leathergirl.eu\/#organization\"},\"potentialAction\":[{\"@type\":\"SearchAction\",\"target\":{\"@type\":\"EntryPoint\",\"urlTemplate\":\"https:\/\/www.leathergirl.eu\/?s={search_term_string}\"},\"query-input\":{\"@type\":\"PropertyValueSpecification\",\"valueRequired\":true,\"valueName\":\"search_term_string\"}}],\"inLanguage\":\"en-GB\"},{\"@type\":\"Organization\",\"@id\":\"https:\/\/www.leathergirl.eu\/#organization\",\"name\":\"A B\u0151r\u00f6s l\u00e1ny\",\"url\":\"https:\/\/www.leathergirl.eu\/\",\"logo\":{\"@type\":\"ImageObject\",\"inLanguage\":\"en-GB\",\"@id\":\"https:\/\/www.leathergirl.eu\/#\/schema\/logo\/image\/\",\"url\":\"https:\/\/www.leathergirl.eu\/wp-content\/uploads\/2024\/05\/leathergirl-logo.png\",\"contentUrl\":\"https:\/\/www.leathergirl.eu\/wp-content\/uploads\/2024\/05\/leathergirl-logo.png\",\"width\":280,\"height\":80,\"caption\":\"A B\u0151r\u00f6s l\u00e1ny\"},\"image\":{\"@id\":\"https:\/\/www.leathergirl.eu\/#\/schema\/logo\/image\/\"},\"sameAs\":[\"https:\/\/www.facebook.com\/aboroslany\/\",\"https:\/\/www.instagram.com\/theleathergirl\/\"],\"email\":\"aboroslany@gmail.com\",\"legalName\":\"Nepp T\u00edmea e.v.\",\"numberOfEmployees\":{\"@type\":\"QuantitativeValue\",\"minValue\":\"1\",\"maxValue\":\"10\"}}]}<\/script>\n<meta property=\"product:price:amount\" content=\"93.40\" \/>\n<meta property=\"product:price:currency\" content=\"EUR\" \/>\n<meta property=\"og:availability\" content=\"instock\" \/>\n<meta property=\"product:availability\" content=\"instock\" \/>\n<meta property=\"product:condition\" content=\"new\" \/>\n<!-- \/ Yoast SEO Premium plugin. -->","yoast_head_json":{"title":"PENISSE GAGGEL, CALLED WITH CARICILE - The Furry Girl","robots":{"index":"index","follow":"follow","max-snippet":"max-snippet:-1","max-image-preview":"max-image-preview:large","max-video-preview":"max-video-preview:-1"},"canonical":"https:\/\/www.leathergirl.eu\/en\/product\/cheesecloth-penis-with-gag-outside-the-ring\/","og_locale":"en_GB","og_type":"article","og_title":"SZ\u00c1JTAKAR\u00d3 P\u00c9NISZ GAGGEL, K\u00cdV\u00dcL KARIK\u00c1VAL","og_description":"Ezt a sz\u00e1jtakar\u00f3t h\u00e1rom r\u00e9teg b\u0151rb\u0151l k\u00e9sz\u00edtem: a k\u00fcls\u0151 \u00e9s a bels\u0151 1-1,5mm vastag k\u00f6zepesen puha marhab\u0151r, k\u00f6z\u00e9pen pedig juhb\u0151r. Sehol nem nyomja a fejet, viszont kell\u0151en er\u0151sen tart. A sz\u00e1jn\u00e1l kb 10 cm sz\u00e9les, a k\u00f6rbefut\u00f3 sz\u00edj pedig 2 cm-es; a hossza csattal szab\u00e1lyozhat\u00f3. A sz\u00e1jhoz tett hegesztett karik\u00e1ba pedig tetsz\u00e9s szerint dild\u00f3t tehetsz; az \u00e1tm\u00e9r\u0151je 45 mm. A k\u00e9peken l\u00e1that\u00f3 gag hossza 5 cm, de rendelheted 9 cm-essel is.","og_url":"https:\/\/www.leathergirl.eu\/en\/product\/cheesecloth-penis-with-gag-outside-the-ring\/","og_site_name":"A B\u0151r\u00f6s l\u00e1ny","article_publisher":"https:\/\/www.facebook.com\/aboroslany\/","article_modified_time":"2026-01-03T14:53:38+00:00","og_image":[{"width":800,"height":600,"url":"https:\/\/www.leathergirl.eu\/wp-content\/uploads\/2023\/01\/k-IMG_8641K.jpg","type":"image\/jpeg"}],"schema":{"@context":"https:\/\/schema.org","@graph":[{"@type":"WebPage","@id":"https:\/\/www.leathergirl.eu\/product\/szajtakaro-penisz-gaggel-kivul-karikaval\/","url":"https:\/\/www.leathergirl.eu\/product\/szajtakaro-penisz-gaggel-kivul-karikaval\/","name":"PENISSE GAGGEL, CALLED WITH CARICILE - The Furry Girl","isPartOf":{"@id":"https:\/\/www.leathergirl.eu\/#website"},"primaryImageOfPage":{"@id":"https:\/\/www.leathergirl.eu\/product\/szajtakaro-penisz-gaggel-kivul-karikaval\/#primaryimage"},"image":{"@id":"https:\/\/www.leathergirl.eu\/product\/szajtakaro-penisz-gaggel-kivul-karikaval\/#primaryimage"},"thumbnailUrl":"https:\/\/www.leathergirl.eu\/wp-content\/uploads\/2023\/01\/k-IMG_8641K.jpg","datePublished":"2023-01-22T14:02:22+00:00","dateModified":"2026-01-03T14:53:38+00:00","breadcrumb":{"@id":"https:\/\/www.leathergirl.eu\/product\/szajtakaro-penisz-gaggel-kivul-karikaval\/#breadcrumb"},"inLanguage":"en-GB","potentialAction":[{"@type":"ReadAction","target":["https:\/\/www.leathergirl.eu\/product\/szajtakaro-penisz-gaggel-kivul-karikaval\/"]}]},{"@type":"ImageObject","inLanguage":"en-GB","@id":"https:\/\/www.leathergirl.eu\/product\/szajtakaro-penisz-gaggel-kivul-karikaval\/#primaryimage","url":"https:\/\/www.leathergirl.eu\/wp-content\/uploads\/2023\/01\/k-IMG_8641K.jpg","contentUrl":"https:\/\/www.leathergirl.eu\/wp-content\/uploads\/2023\/01\/k-IMG_8641K.jpg","width":800,"height":600},{"@type":"BreadcrumbList","@id":"https:\/\/www.leathergirl.eu\/product\/szajtakaro-penisz-gaggel-kivul-karikaval\/#breadcrumb","itemListElement":[{"@type":"ListItem","position":1,"name":"Home","item":"https:\/\/www.leathergirl.eu\/"},{"@type":"ListItem","position":2,"name":"Shop","item":"https:\/\/www.leathergirl.eu\/en\/uzlet\/"},{"@type":"ListItem","position":3,"name":"SZ\u00c1JTAKAR\u00d3 P\u00c9NISZ GAGGEL, K\u00cdV\u00dcL KARIK\u00c1VAL"}]},{"@type":"WebSite","@id":"https:\/\/www.leathergirl.eu\/#website","url":"https:\/\/www.leathergirl.eu\/","name":"The Leather Girl","description":"... LeatherGirl ...","publisher":{"@id":"https:\/\/www.leathergirl.eu\/#organization"},"potentialAction":[{"@type":"SearchAction","target":{"@type":"EntryPoint","urlTemplate":"https:\/\/www.leathergirl.eu\/?s={search_term_string}"},"query-input":{"@type":"PropertyValueSpecification","valueRequired":true,"valueName":"search_term_string"}}],"inLanguage":"en-GB"},{"@type":"Organization","@id":"https:\/\/www.leathergirl.eu\/#organization","name":"The Leather Girl","url":"https:\/\/www.leathergirl.eu\/","logo":{"@type":"ImageObject","inLanguage":"en-GB","@id":"https:\/\/www.leathergirl.eu\/#\/schema\/logo\/image\/","url":"https:\/\/www.leathergirl.eu\/wp-content\/uploads\/2024\/05\/leathergirl-logo.png","contentUrl":"https:\/\/www.leathergirl.eu\/wp-content\/uploads\/2024\/05\/leathergirl-logo.png","width":280,"height":80,"caption":"A B\u0151r\u00f6s l\u00e1ny"},"image":{"@id":"https:\/\/www.leathergirl.eu\/#\/schema\/logo\/image\/"},"sameAs":["https:\/\/www.facebook.com\/aboroslany\/","https:\/\/www.instagram.com\/theleathergirl\/"],"email":"aboroslany@gmail.com","legalName":"Nepp T\u00edmea e.v.","numberOfEmployees":{"@type":"QuantitativeValue","minValue":"1","maxValue":"10"}}]},"product_price_amount":"93.40","product_price_currency":"EUR","og_availability":"instock","product_availability":"instock","product_condition":"new"},"_links":{"self":[{"href":"https:\/\/www.leathergirl.eu\/en\/wp-json\/wp\/v2\/product\/23983","targetHints":{"allow":["GET"]}}],"collection":[{"href":"https:\/\/www.leathergirl.eu\/en\/wp-json\/wp\/v2\/product"}],"about":[{"href":"https:\/\/www.leathergirl.eu\/en\/wp-json\/wp\/v2\/types\/product"}],"wp:featuredmedia":[{"embeddable":true,"href":"https:\/\/www.leathergirl.eu\/en\/wp-json\/wp\/v2\/media\/23986"}],"wp:attachment":[{"href":"https:\/\/www.leathergirl.eu\/en\/wp-json\/wp\/v2\/media?parent=23983"}],"wp:term":[{"taxonomy":"product_brand","embeddable":true,"href":"https:\/\/www.leathergirl.eu\/en\/wp-json\/wp\/v2\/product_brand?post=23983"},{"taxonomy":"product_cat","embeddable":true,"href":"https:\/\/www.leathergirl.eu\/en\/wp-json\/wp\/v2\/product_cat?post=23983"},{"taxonomy":"product_tag","embeddable":true,"href":"https:\/\/www.leathergirl.eu\/en\/wp-json\/wp\/v2\/product_tag?post=23983"}],"curies":[{"name":"wp","href":"https:\/\/api.w.org\/{rel}","templated":true}]}}