{"id":23973,"date":"2023-01-22T13:33:37","date_gmt":"2023-01-22T13:33:37","guid":{"rendered":"https:\/\/www.leathergirl.eu\/?post_type=product&#038;p=23973"},"modified":"2026-01-04T15:36:37","modified_gmt":"2026-01-04T14:36:37","slug":"pink-black-big-coracle","status":"publish","type":"product","link":"https:\/\/www.leathergirl.eu\/en\/product\/pink-black-big-coracle\/","title":{"rendered":"PINK AND BLACK FIFTIES WHIP"},"content":{"rendered":"<p>The handle is wooden, covered and bound in leather, approximately 20cm long to easy rotation. There are 50 leather tails: 25 PINK and 25 black, each 50cm long, securely bound to the handle.<\/p>\n<p>The pictures show the men's underwear\u00a0<a href=\"https:\/\/www.leathergirl.eu\/product\/ferfi-also\/\" target=\"_blank\" rel=\"noopener\">HERE<\/a> find the forearm protector <a href=\"https:\/\/www.leathergirl.eu\/product\/alkar-vedo\/\" target=\"_blank\" rel=\"noopener\">HERE<\/a>, and the mask <a href=\"https:\/\/www.leathergirl.eu\/product\/hoher-maszk\/\" target=\"_blank\" rel=\"noopener\">HERE<\/a>.<\/p>\n<p>Pictures by:\u00a0<a href=\"https:\/\/feszekvipstudio.hu\/\" target=\"_blank\" rel=\"noopener\">Seiner photo<\/a><\/p>","protected":false},"excerpt":{"rendered":"<p>The handle is wooden, covered and bound in leather, approximately 20cm long to easy rotation. There are 50 leather tails: 25 PINK and 25 black, each 50cm long, securely bound to the handle.<\/p>\n<p>The pictures show the men's underwear\u00a0<a href=\"https:\/\/www.leathergirl.eu\/product\/ferfi-also\/\" target=\"_blank\" rel=\"noopener\">HERE<\/a> find the forearm protector <a href=\"https:\/\/www.leathergirl.eu\/product\/alkar-vedo\/\" target=\"_blank\" rel=\"noopener\">HERE<\/a>, and the mask <a href=\"https:\/\/www.leathergirl.eu\/product\/hoher-maszk\/\" target=\"_blank\" rel=\"noopener\">HERE<\/a>.<\/p>\n<p>Pictures by:\u00a0<a href=\"https:\/\/feszekvipstudio.hu\/\" target=\"_blank\" rel=\"noopener\">Seiner photo<\/a><\/p>","protected":false},"featured_media":262518,"template":"","meta":{"_et_pb_use_builder":"","_et_pb_old_content":"","_et_gb_content_width":""},"product_brand":[],"product_cat":[40],"product_tag":[],"class_list":{"0":"post-23973","1":"product","2":"type-product","3":"status-publish","4":"has-post-thumbnail","6":"product_cat-floggers-and-spanking-devices","8":"first","9":"instock","10":"purchasable","11":"product-type-simple"},"yoast_head":"<!-- This site is optimized with the Yoast SEO Premium plugin v26.2 (Yoast SEO v26.3) - https:\/\/yoast.com\/wordpress\/plugins\/seo\/ -->\n<title>PINK-FEKETE \u00d6TVENES KORB\u00c1CS - A B\u0151r\u00f6s l\u00e1ny<\/title>\n<meta name=\"robots\" content=\"index, follow, max-snippet:-1, max-image-preview:large, max-video-preview:-1\" \/>\n<link rel=\"canonical\" href=\"https:\/\/www.leathergirl.eu\/en\/product\/pink-black-big-coracle\/\" \/>\n<meta property=\"og:locale\" content=\"en_GB\" \/>\n<meta property=\"og:type\" content=\"article\" \/>\n<meta property=\"og:title\" content=\"PINK-FEKETE \u00d6TVENES KORB\u00c1CS\" \/>\n<meta property=\"og:description\" content=\"A nyele b\u0151rrel bevont \u00e9s k\u00f6rbef\u0171z\u00f6tt fa, kb 20 cm hossz\u00fa, \u00edgy egyszer\u0171bb forgatni. A b\u0151r sz\u00e1lak k\u00f6zepesen vastagok, 50 cm hossz\u00faak, \u00e9s \u00f6tvenen vannak (25 fekete \u00e9s 25 pink); bombabiztosan r\u00f6gz\u00edtem \u0151ket a ny\u00e9lhez.  A k\u00e9peken l\u00e1that\u00f3\u00a0a f\u00e9rfi als\u00f3t\u00a0ITT tal\u00e1lod, az alkar v\u00e9d\u0151t ITT, a maszkot pedig ITT.  Modell fot\u00f3:\u00a0Seiner Photo\" \/>\n<meta property=\"og:url\" content=\"https:\/\/www.leathergirl.eu\/en\/product\/pink-black-big-coracle\/\" \/>\n<meta property=\"og:site_name\" content=\"A B\u0151r\u00f6s l\u00e1ny\" \/>\n<meta property=\"article:publisher\" content=\"https:\/\/www.facebook.com\/aboroslany\/\" \/>\n<meta property=\"article:modified_time\" content=\"2026-01-04T14:36:37+00:00\" \/>\n<meta property=\"og:image\" content=\"https:\/\/www.leathergirl.eu\/wp-content\/uploads\/2023\/01\/50es-_HR22363.jpg\" \/>\n\t<meta property=\"og:image:width\" content=\"556\" \/>\n\t<meta property=\"og:image:height\" content=\"800\" \/>\n\t<meta property=\"og:image:type\" content=\"image\/jpeg\" \/>\n<script type=\"application\/ld+json\" class=\"yoast-schema-graph\">{\"@context\":\"https:\/\/schema.org\",\"@graph\":[{\"@type\":\"WebPage\",\"@id\":\"https:\/\/www.leathergirl.eu\/product\/pink-fekete-nagy-korbacs\/\",\"url\":\"https:\/\/www.leathergirl.eu\/product\/pink-fekete-nagy-korbacs\/\",\"name\":\"PINK-FEKETE \u00d6TVENES KORB\u00c1CS - A B\u0151r\u00f6s l\u00e1ny\",\"isPartOf\":{\"@id\":\"https:\/\/www.leathergirl.eu\/#website\"},\"primaryImageOfPage\":{\"@id\":\"https:\/\/www.leathergirl.eu\/product\/pink-fekete-nagy-korbacs\/#primaryimage\"},\"image\":{\"@id\":\"https:\/\/www.leathergirl.eu\/product\/pink-fekete-nagy-korbacs\/#primaryimage\"},\"thumbnailUrl\":\"https:\/\/www.leathergirl.eu\/wp-content\/uploads\/2023\/01\/50es-_HR22363.jpg\",\"datePublished\":\"2023-01-22T13:33:37+00:00\",\"dateModified\":\"2026-01-04T14:36:37+00:00\",\"breadcrumb\":{\"@id\":\"https:\/\/www.leathergirl.eu\/product\/pink-fekete-nagy-korbacs\/#breadcrumb\"},\"inLanguage\":\"en-GB\",\"potentialAction\":[{\"@type\":\"ReadAction\",\"target\":[\"https:\/\/www.leathergirl.eu\/product\/pink-fekete-nagy-korbacs\/\"]}]},{\"@type\":\"ImageObject\",\"inLanguage\":\"en-GB\",\"@id\":\"https:\/\/www.leathergirl.eu\/product\/pink-fekete-nagy-korbacs\/#primaryimage\",\"url\":\"https:\/\/www.leathergirl.eu\/wp-content\/uploads\/2023\/01\/50es-_HR22363.jpg\",\"contentUrl\":\"https:\/\/www.leathergirl.eu\/wp-content\/uploads\/2023\/01\/50es-_HR22363.jpg\",\"width\":556,\"height\":800},{\"@type\":\"BreadcrumbList\",\"@id\":\"https:\/\/www.leathergirl.eu\/product\/pink-fekete-nagy-korbacs\/#breadcrumb\",\"itemListElement\":[{\"@type\":\"ListItem\",\"position\":1,\"name\":\"Home\",\"item\":\"https:\/\/www.leathergirl.eu\/\"},{\"@type\":\"ListItem\",\"position\":2,\"name\":\"Shop\",\"item\":\"https:\/\/www.leathergirl.eu\/en\/uzlet\/\"},{\"@type\":\"ListItem\",\"position\":3,\"name\":\"PINK-FEKETE \u00d6TVENES KORB\u00c1CS\"}]},{\"@type\":\"WebSite\",\"@id\":\"https:\/\/www.leathergirl.eu\/#website\",\"url\":\"https:\/\/www.leathergirl.eu\/\",\"name\":\"A B\u0151r\u00f6s l\u00e1ny\",\"description\":\"... LeatherGirl ...\",\"publisher\":{\"@id\":\"https:\/\/www.leathergirl.eu\/#organization\"},\"potentialAction\":[{\"@type\":\"SearchAction\",\"target\":{\"@type\":\"EntryPoint\",\"urlTemplate\":\"https:\/\/www.leathergirl.eu\/?s={search_term_string}\"},\"query-input\":{\"@type\":\"PropertyValueSpecification\",\"valueRequired\":true,\"valueName\":\"search_term_string\"}}],\"inLanguage\":\"en-GB\"},{\"@type\":\"Organization\",\"@id\":\"https:\/\/www.leathergirl.eu\/#organization\",\"name\":\"A B\u0151r\u00f6s l\u00e1ny\",\"url\":\"https:\/\/www.leathergirl.eu\/\",\"logo\":{\"@type\":\"ImageObject\",\"inLanguage\":\"en-GB\",\"@id\":\"https:\/\/www.leathergirl.eu\/#\/schema\/logo\/image\/\",\"url\":\"https:\/\/www.leathergirl.eu\/wp-content\/uploads\/2024\/05\/leathergirl-logo.png\",\"contentUrl\":\"https:\/\/www.leathergirl.eu\/wp-content\/uploads\/2024\/05\/leathergirl-logo.png\",\"width\":280,\"height\":80,\"caption\":\"A B\u0151r\u00f6s l\u00e1ny\"},\"image\":{\"@id\":\"https:\/\/www.leathergirl.eu\/#\/schema\/logo\/image\/\"},\"sameAs\":[\"https:\/\/www.facebook.com\/aboroslany\/\",\"https:\/\/www.instagram.com\/theleathergirl\/\"],\"email\":\"aboroslany@gmail.com\",\"legalName\":\"Nepp T\u00edmea e.v.\",\"numberOfEmployees\":{\"@type\":\"QuantitativeValue\",\"minValue\":\"1\",\"maxValue\":\"10\"}}]}<\/script>\n<meta property=\"product:price:amount\" content=\"80.40\" \/>\n<meta property=\"product:price:currency\" content=\"EUR\" \/>\n<meta property=\"og:availability\" content=\"instock\" \/>\n<meta property=\"product:availability\" content=\"instock\" \/>\n<meta property=\"product:condition\" content=\"new\" \/>\n<!-- \/ Yoast SEO Premium plugin. -->","yoast_head_json":{"title":"PINK-BLACK CROWD OF FIVE - The Furry Girl","robots":{"index":"index","follow":"follow","max-snippet":"max-snippet:-1","max-image-preview":"max-image-preview:large","max-video-preview":"max-video-preview:-1"},"canonical":"https:\/\/www.leathergirl.eu\/en\/product\/pink-black-big-coracle\/","og_locale":"en_GB","og_type":"article","og_title":"PINK-FEKETE \u00d6TVENES KORB\u00c1CS","og_description":"A nyele b\u0151rrel bevont \u00e9s k\u00f6rbef\u0171z\u00f6tt fa, kb 20 cm hossz\u00fa, \u00edgy egyszer\u0171bb forgatni. A b\u0151r sz\u00e1lak k\u00f6zepesen vastagok, 50 cm hossz\u00faak, \u00e9s \u00f6tvenen vannak (25 fekete \u00e9s 25 pink); bombabiztosan r\u00f6gz\u00edtem \u0151ket a ny\u00e9lhez.  A k\u00e9peken l\u00e1that\u00f3\u00a0a f\u00e9rfi als\u00f3t\u00a0ITT tal\u00e1lod, az alkar v\u00e9d\u0151t ITT, a maszkot pedig ITT.  Modell fot\u00f3:\u00a0Seiner Photo","og_url":"https:\/\/www.leathergirl.eu\/en\/product\/pink-black-big-coracle\/","og_site_name":"A B\u0151r\u00f6s l\u00e1ny","article_publisher":"https:\/\/www.facebook.com\/aboroslany\/","article_modified_time":"2026-01-04T14:36:37+00:00","og_image":[{"width":556,"height":800,"url":"https:\/\/www.leathergirl.eu\/wp-content\/uploads\/2023\/01\/50es-_HR22363.jpg","type":"image\/jpeg"}],"schema":{"@context":"https:\/\/schema.org","@graph":[{"@type":"WebPage","@id":"https:\/\/www.leathergirl.eu\/product\/pink-fekete-nagy-korbacs\/","url":"https:\/\/www.leathergirl.eu\/product\/pink-fekete-nagy-korbacs\/","name":"PINK-BLACK CROWD OF FIVE - The Furry Girl","isPartOf":{"@id":"https:\/\/www.leathergirl.eu\/#website"},"primaryImageOfPage":{"@id":"https:\/\/www.leathergirl.eu\/product\/pink-fekete-nagy-korbacs\/#primaryimage"},"image":{"@id":"https:\/\/www.leathergirl.eu\/product\/pink-fekete-nagy-korbacs\/#primaryimage"},"thumbnailUrl":"https:\/\/www.leathergirl.eu\/wp-content\/uploads\/2023\/01\/50es-_HR22363.jpg","datePublished":"2023-01-22T13:33:37+00:00","dateModified":"2026-01-04T14:36:37+00:00","breadcrumb":{"@id":"https:\/\/www.leathergirl.eu\/product\/pink-fekete-nagy-korbacs\/#breadcrumb"},"inLanguage":"en-GB","potentialAction":[{"@type":"ReadAction","target":["https:\/\/www.leathergirl.eu\/product\/pink-fekete-nagy-korbacs\/"]}]},{"@type":"ImageObject","inLanguage":"en-GB","@id":"https:\/\/www.leathergirl.eu\/product\/pink-fekete-nagy-korbacs\/#primaryimage","url":"https:\/\/www.leathergirl.eu\/wp-content\/uploads\/2023\/01\/50es-_HR22363.jpg","contentUrl":"https:\/\/www.leathergirl.eu\/wp-content\/uploads\/2023\/01\/50es-_HR22363.jpg","width":556,"height":800},{"@type":"BreadcrumbList","@id":"https:\/\/www.leathergirl.eu\/product\/pink-fekete-nagy-korbacs\/#breadcrumb","itemListElement":[{"@type":"ListItem","position":1,"name":"Home","item":"https:\/\/www.leathergirl.eu\/"},{"@type":"ListItem","position":2,"name":"Shop","item":"https:\/\/www.leathergirl.eu\/en\/uzlet\/"},{"@type":"ListItem","position":3,"name":"PINK-FEKETE \u00d6TVENES KORB\u00c1CS"}]},{"@type":"WebSite","@id":"https:\/\/www.leathergirl.eu\/#website","url":"https:\/\/www.leathergirl.eu\/","name":"The Leather Girl","description":"... LeatherGirl ...","publisher":{"@id":"https:\/\/www.leathergirl.eu\/#organization"},"potentialAction":[{"@type":"SearchAction","target":{"@type":"EntryPoint","urlTemplate":"https:\/\/www.leathergirl.eu\/?s={search_term_string}"},"query-input":{"@type":"PropertyValueSpecification","valueRequired":true,"valueName":"search_term_string"}}],"inLanguage":"en-GB"},{"@type":"Organization","@id":"https:\/\/www.leathergirl.eu\/#organization","name":"The Leather Girl","url":"https:\/\/www.leathergirl.eu\/","logo":{"@type":"ImageObject","inLanguage":"en-GB","@id":"https:\/\/www.leathergirl.eu\/#\/schema\/logo\/image\/","url":"https:\/\/www.leathergirl.eu\/wp-content\/uploads\/2024\/05\/leathergirl-logo.png","contentUrl":"https:\/\/www.leathergirl.eu\/wp-content\/uploads\/2024\/05\/leathergirl-logo.png","width":280,"height":80,"caption":"A B\u0151r\u00f6s l\u00e1ny"},"image":{"@id":"https:\/\/www.leathergirl.eu\/#\/schema\/logo\/image\/"},"sameAs":["https:\/\/www.facebook.com\/aboroslany\/","https:\/\/www.instagram.com\/theleathergirl\/"],"email":"aboroslany@gmail.com","legalName":"Nepp T\u00edmea e.v.","numberOfEmployees":{"@type":"QuantitativeValue","minValue":"1","maxValue":"10"}}]},"product_price_amount":"80.40","product_price_currency":"EUR","og_availability":"instock","product_availability":"instock","product_condition":"new"},"_links":{"self":[{"href":"https:\/\/www.leathergirl.eu\/en\/wp-json\/wp\/v2\/product\/23973","targetHints":{"allow":["GET"]}}],"collection":[{"href":"https:\/\/www.leathergirl.eu\/en\/wp-json\/wp\/v2\/product"}],"about":[{"href":"https:\/\/www.leathergirl.eu\/en\/wp-json\/wp\/v2\/types\/product"}],"wp:featuredmedia":[{"embeddable":true,"href":"https:\/\/www.leathergirl.eu\/en\/wp-json\/wp\/v2\/media\/262518"}],"wp:attachment":[{"href":"https:\/\/www.leathergirl.eu\/en\/wp-json\/wp\/v2\/media?parent=23973"}],"wp:term":[{"taxonomy":"product_brand","embeddable":true,"href":"https:\/\/www.leathergirl.eu\/en\/wp-json\/wp\/v2\/product_brand?post=23973"},{"taxonomy":"product_cat","embeddable":true,"href":"https:\/\/www.leathergirl.eu\/en\/wp-json\/wp\/v2\/product_cat?post=23973"},{"taxonomy":"product_tag","embeddable":true,"href":"https:\/\/www.leathergirl.eu\/en\/wp-json\/wp\/v2\/product_tag?post=23973"}],"curies":[{"name":"wp","href":"https:\/\/api.w.org\/{rel}","templated":true}]}}