{"id":23947,"date":"2022-07-14T17:26:59","date_gmt":"2022-07-14T17:26:59","guid":{"rendered":"https:\/\/www.leathergirl.eu\/?post_type=product&#038;p=23947"},"modified":"2026-01-03T13:49:37","modified_gmt":"2026-01-03T12:49:37","slug":"white-borel-studded-handcuff-clasp","status":"publish","type":"product","link":"https:\/\/www.leathergirl.eu\/en\/product\/white-borel-studded-handcuff-clasp\/","title":{"rendered":"Cuff set with white lining"},"content":{"rendered":"<p>Black leather cuffs trimmed with white leather, lockable design.<\/p>\n<p>These 6.5 cm wide cuffs follow a similar construction to my other designs. The outer side of the main body is reinforced with thick, durable leather, while the inner side is lined with soft leather and padded with poly foam for comfort. The soft leather lining extends fully to the edge of the padding, so the foam is not felt against the skin during wear.\n\nThe straps are made from two layers of leather and measure 3 cm in width. Each strap features multiple welded half-rings for versatile attachment options. The buckles are lockable (padlocks not included).<br \/>\nYou can also order them individually:<br \/>\n<a href=\"https:\/\/www.leathergirl.eu\/termek\/feher-borrel-szegett-csuklobilincs\/\" target=\"_blank\" rel=\"noopener\"><a href=\"https:\/\/www.leathergirl.eu\/en\/termek\/extra-eros-csuklobilincs-piros-fekete-borbol\/\" target=\"_blank\" rel=\"noopener\">wrist cuffs<\/a><\/li><\/a><br \/>\n<a href=\"https:\/\/www.leathergirl.eu\/termek\/feher-borrel-szegett-bokabilincs\/\" target=\"_blank\" rel=\"noopener\"><a href=\"https:\/\/www.leathergirl.eu\/en\/termek\/extra-eros-bokabilincs-piros-fekete-borbol\/\" target=\"_blank\" rel=\"noopener\">ankle cuffs<\/a><\/li><\/a><br \/>\n<a href=\"https:\/\/www.leathergirl.eu\/termek\/feher-borrel-szegett-nyakbilincs\/\" target=\"_blank\" rel=\"noopener\"><a href=\"https:\/\/www.leathergirl.eu\/en\/termek\/nyakbilincs-piros-fekete-borbol\/\" target=\"_blank\" rel=\"noopener\">collar<\/a><\/li>\n<\/ul><\/a><\/p>\n<p>Locks are not included.<\/p>","protected":false},"excerpt":{"rendered":"<p>Black leather cuffs trimmed with white leather, lockable design.<\/p>\n<p>These 6.5 cm wide cuffs follow a similar construction to my other designs. The outer side of the main body is reinforced with thick, durable leather, while the inner side is lined with soft leather and padded with poly foam for comfort. The soft leather lining extends fully to the edge of the padding, so the foam is not felt against the skin during wear.\n\nThe straps are made from two layers of leather and measure 3 cm in width. Each strap features multiple welded half-rings for versatile attachment options. The buckles are lockable (padlocks not included).<br \/>\nYou can also order them individually:<br \/>\n<a href=\"https:\/\/www.leathergirl.eu\/termek\/feher-borrel-szegett-csuklobilincs\/\" target=\"_blank\" rel=\"noopener\"><a href=\"https:\/\/www.leathergirl.eu\/en\/termek\/extra-eros-csuklobilincs-piros-fekete-borbol\/\" target=\"_blank\" rel=\"noopener\">wrist cuffs<\/a><\/li><\/a><br \/>\n<a href=\"https:\/\/www.leathergirl.eu\/termek\/feher-borrel-szegett-bokabilincs\/\" target=\"_blank\" rel=\"noopener\"><a href=\"https:\/\/www.leathergirl.eu\/en\/termek\/extra-eros-bokabilincs-piros-fekete-borbol\/\" target=\"_blank\" rel=\"noopener\">ankle cuffs<\/a><\/li><\/a><br \/>\n<a href=\"https:\/\/www.leathergirl.eu\/termek\/feher-borrel-szegett-nyakbilincs\/\" target=\"_blank\" rel=\"noopener\"><a href=\"https:\/\/www.leathergirl.eu\/en\/termek\/nyakbilincs-piros-fekete-borbol\/\" target=\"_blank\" rel=\"noopener\">collar<\/a><\/li>\n<\/ul><\/a><\/p>","protected":false},"featured_media":23949,"template":"","meta":{"_et_pb_use_builder":"","_et_pb_old_content":"","_et_gb_content_width":""},"product_brand":[],"product_cat":[44,18],"product_tag":[],"class_list":{"0":"post-23947","1":"product","2":"type-product","3":"status-publish","4":"has-post-thumbnail","6":"product_cat-buszkesegeim","7":"product_cat-sets","9":"first","10":"instock","11":"purchasable","12":"product-type-simple"},"yoast_head":"<!-- This site is optimized with the Yoast SEO Premium plugin v26.2 (Yoast SEO v26.3) - https:\/\/yoast.com\/wordpress\/plugins\/seo\/ -->\n<title>FEH\u00c9R B\u0150RREL SZEGETT BILINCS K\u00c9SZLET - A B\u0151r\u00f6s l\u00e1ny<\/title>\n<meta name=\"robots\" content=\"index, follow, max-snippet:-1, max-image-preview:large, max-video-preview:-1\" \/>\n<link rel=\"canonical\" href=\"https:\/\/www.leathergirl.eu\/en\/product\/white-borel-studded-handcuff-clasp\/\" \/>\n<meta property=\"og:locale\" content=\"en_GB\" \/>\n<meta property=\"og:type\" content=\"article\" \/>\n<meta property=\"og:title\" content=\"FEH\u00c9R B\u0150RREL SZEGETT BILINCS K\u00c9SZLET\" \/>\n<meta property=\"og:description\" content=\"Feh\u00e9r b\u0151rrel szegett fekete b\u0151r, lakatolhat\u00f3 BILINCSEK.  A 6,5cm sz\u00e9les bilincsek kialak\u00edt\u00e1sa hasonl\u00f3 a t\u00f6bbihez: a f\u0151r\u00e9sz k\u00fcls\u0151 r\u00e9sze vastag, er\u0151s b\u0151r al\u00e1er\u0151s\u00edtve, bel\u00fcl pedig puha b\u0151rrel, \u00e9s szivaccsal b\u00e9leltek. A szeg\u0151b\u0151r a bels\u0151 oldalon a szivacs sz\u00e9l\u00e9ig \u00e9r, \u00edgy visel\u00e9s k\u00f6zben nem \u00e9rezhet\u0151. A sz\u00edjak k\u00e9t r\u00e9teg b\u0151rb\u0151l k\u00e9sz\u00fclnek, \u00e9s 3 cm sz\u00e9lesek. Mindegyikre t\u00f6bb, hegesztett f\u00e9lkarik\u00e1t teszek. A csatok lakatolhat\u00f3ak (a term\u00e9k a lakatokat nem tartalmazza). Term\u00e9szetesen darabonk\u00e9nt is rendelheted: csukl\u00f3bilincs bokabilincs nyakbilincs\" \/>\n<meta property=\"og:url\" content=\"https:\/\/www.leathergirl.eu\/en\/product\/white-borel-studded-handcuff-clasp\/\" \/>\n<meta property=\"og:site_name\" content=\"A B\u0151r\u00f6s l\u00e1ny\" \/>\n<meta property=\"article:publisher\" content=\"https:\/\/www.facebook.com\/aboroslany\/\" \/>\n<meta property=\"article:modified_time\" content=\"2026-01-03T12:49:37+00:00\" \/>\n<meta property=\"og:image\" content=\"https:\/\/www.leathergirl.eu\/wp-content\/uploads\/2022\/07\/k-keszlet2.jpg\" \/>\n\t<meta property=\"og:image:width\" content=\"800\" \/>\n\t<meta property=\"og:image:height\" content=\"531\" \/>\n\t<meta property=\"og:image:type\" content=\"image\/jpeg\" \/>\n<script type=\"application\/ld+json\" class=\"yoast-schema-graph\">{\"@context\":\"https:\/\/schema.org\",\"@graph\":[{\"@type\":\"WebPage\",\"@id\":\"https:\/\/www.leathergirl.eu\/product\/feher-borrel-szegett-bilincs-keszlet\/\",\"url\":\"https:\/\/www.leathergirl.eu\/product\/feher-borrel-szegett-bilincs-keszlet\/\",\"name\":\"FEH\u00c9R B\u0150RREL SZEGETT BILINCS K\u00c9SZLET - A B\u0151r\u00f6s l\u00e1ny\",\"isPartOf\":{\"@id\":\"https:\/\/www.leathergirl.eu\/#website\"},\"primaryImageOfPage\":{\"@id\":\"https:\/\/www.leathergirl.eu\/product\/feher-borrel-szegett-bilincs-keszlet\/#primaryimage\"},\"image\":{\"@id\":\"https:\/\/www.leathergirl.eu\/product\/feher-borrel-szegett-bilincs-keszlet\/#primaryimage\"},\"thumbnailUrl\":\"https:\/\/www.leathergirl.eu\/wp-content\/uploads\/2022\/07\/k-keszlet2.jpg\",\"datePublished\":\"2022-07-14T17:26:59+00:00\",\"dateModified\":\"2026-01-03T12:49:37+00:00\",\"breadcrumb\":{\"@id\":\"https:\/\/www.leathergirl.eu\/product\/feher-borrel-szegett-bilincs-keszlet\/#breadcrumb\"},\"inLanguage\":\"en-GB\",\"potentialAction\":[{\"@type\":\"ReadAction\",\"target\":[\"https:\/\/www.leathergirl.eu\/product\/feher-borrel-szegett-bilincs-keszlet\/\"]}]},{\"@type\":\"ImageObject\",\"inLanguage\":\"en-GB\",\"@id\":\"https:\/\/www.leathergirl.eu\/product\/feher-borrel-szegett-bilincs-keszlet\/#primaryimage\",\"url\":\"https:\/\/www.leathergirl.eu\/wp-content\/uploads\/2022\/07\/k-keszlet2.jpg\",\"contentUrl\":\"https:\/\/www.leathergirl.eu\/wp-content\/uploads\/2022\/07\/k-keszlet2.jpg\",\"width\":800,\"height\":531},{\"@type\":\"BreadcrumbList\",\"@id\":\"https:\/\/www.leathergirl.eu\/product\/feher-borrel-szegett-bilincs-keszlet\/#breadcrumb\",\"itemListElement\":[{\"@type\":\"ListItem\",\"position\":1,\"name\":\"Home\",\"item\":\"https:\/\/www.leathergirl.eu\/\"},{\"@type\":\"ListItem\",\"position\":2,\"name\":\"Shop\",\"item\":\"https:\/\/www.leathergirl.eu\/en\/uzlet\/\"},{\"@type\":\"ListItem\",\"position\":3,\"name\":\"FEH\u00c9R B\u0150RREL SZEGETT BILINCS K\u00c9SZLET\"}]},{\"@type\":\"WebSite\",\"@id\":\"https:\/\/www.leathergirl.eu\/#website\",\"url\":\"https:\/\/www.leathergirl.eu\/\",\"name\":\"A B\u0151r\u00f6s l\u00e1ny\",\"description\":\"... LeatherGirl ...\",\"publisher\":{\"@id\":\"https:\/\/www.leathergirl.eu\/#organization\"},\"potentialAction\":[{\"@type\":\"SearchAction\",\"target\":{\"@type\":\"EntryPoint\",\"urlTemplate\":\"https:\/\/www.leathergirl.eu\/?s={search_term_string}\"},\"query-input\":{\"@type\":\"PropertyValueSpecification\",\"valueRequired\":true,\"valueName\":\"search_term_string\"}}],\"inLanguage\":\"en-GB\"},{\"@type\":\"Organization\",\"@id\":\"https:\/\/www.leathergirl.eu\/#organization\",\"name\":\"A B\u0151r\u00f6s l\u00e1ny\",\"url\":\"https:\/\/www.leathergirl.eu\/\",\"logo\":{\"@type\":\"ImageObject\",\"inLanguage\":\"en-GB\",\"@id\":\"https:\/\/www.leathergirl.eu\/#\/schema\/logo\/image\/\",\"url\":\"https:\/\/www.leathergirl.eu\/wp-content\/uploads\/2024\/05\/leathergirl-logo.png\",\"contentUrl\":\"https:\/\/www.leathergirl.eu\/wp-content\/uploads\/2024\/05\/leathergirl-logo.png\",\"width\":280,\"height\":80,\"caption\":\"A B\u0151r\u00f6s l\u00e1ny\"},\"image\":{\"@id\":\"https:\/\/www.leathergirl.eu\/#\/schema\/logo\/image\/\"},\"sameAs\":[\"https:\/\/www.facebook.com\/aboroslany\/\",\"https:\/\/www.instagram.com\/theleathergirl\/\"],\"email\":\"aboroslany@gmail.com\",\"legalName\":\"Nepp T\u00edmea e.v.\",\"numberOfEmployees\":{\"@type\":\"QuantitativeValue\",\"minValue\":\"1\",\"maxValue\":\"10\"}}]}<\/script>\n<meta property=\"product:price:amount\" content=\"272.90\" \/>\n<meta property=\"product:price:currency\" content=\"EUR\" \/>\n<meta property=\"og:availability\" content=\"instock\" \/>\n<meta property=\"product:availability\" content=\"instock\" \/>\n<meta property=\"product:condition\" content=\"new\" \/>\n<!-- \/ Yoast SEO Premium plugin. -->","yoast_head_json":{"title":"WHITE SKIN BILINDA SET - The Furry Girl","robots":{"index":"index","follow":"follow","max-snippet":"max-snippet:-1","max-image-preview":"max-image-preview:large","max-video-preview":"max-video-preview:-1"},"canonical":"https:\/\/www.leathergirl.eu\/en\/product\/white-borel-studded-handcuff-clasp\/","og_locale":"en_GB","og_type":"article","og_title":"FEH\u00c9R B\u0150RREL SZEGETT BILINCS K\u00c9SZLET","og_description":"Feh\u00e9r b\u0151rrel szegett fekete b\u0151r, lakatolhat\u00f3 BILINCSEK.  A 6,5cm sz\u00e9les bilincsek kialak\u00edt\u00e1sa hasonl\u00f3 a t\u00f6bbihez: a f\u0151r\u00e9sz k\u00fcls\u0151 r\u00e9sze vastag, er\u0151s b\u0151r al\u00e1er\u0151s\u00edtve, bel\u00fcl pedig puha b\u0151rrel, \u00e9s szivaccsal b\u00e9leltek. A szeg\u0151b\u0151r a bels\u0151 oldalon a szivacs sz\u00e9l\u00e9ig \u00e9r, \u00edgy visel\u00e9s k\u00f6zben nem \u00e9rezhet\u0151. A sz\u00edjak k\u00e9t r\u00e9teg b\u0151rb\u0151l k\u00e9sz\u00fclnek, \u00e9s 3 cm sz\u00e9lesek. Mindegyikre t\u00f6bb, hegesztett f\u00e9lkarik\u00e1t teszek. A csatok lakatolhat\u00f3ak (a term\u00e9k a lakatokat nem tartalmazza). Term\u00e9szetesen darabonk\u00e9nt is rendelheted: csukl\u00f3bilincs bokabilincs nyakbilincs","og_url":"https:\/\/www.leathergirl.eu\/en\/product\/white-borel-studded-handcuff-clasp\/","og_site_name":"A B\u0151r\u00f6s l\u00e1ny","article_publisher":"https:\/\/www.facebook.com\/aboroslany\/","article_modified_time":"2026-01-03T12:49:37+00:00","og_image":[{"width":800,"height":531,"url":"https:\/\/www.leathergirl.eu\/wp-content\/uploads\/2022\/07\/k-keszlet2.jpg","type":"image\/jpeg"}],"schema":{"@context":"https:\/\/schema.org","@graph":[{"@type":"WebPage","@id":"https:\/\/www.leathergirl.eu\/product\/feher-borrel-szegett-bilincs-keszlet\/","url":"https:\/\/www.leathergirl.eu\/product\/feher-borrel-szegett-bilincs-keszlet\/","name":"WHITE SKIN BILINDA SET - The Furry Girl","isPartOf":{"@id":"https:\/\/www.leathergirl.eu\/#website"},"primaryImageOfPage":{"@id":"https:\/\/www.leathergirl.eu\/product\/feher-borrel-szegett-bilincs-keszlet\/#primaryimage"},"image":{"@id":"https:\/\/www.leathergirl.eu\/product\/feher-borrel-szegett-bilincs-keszlet\/#primaryimage"},"thumbnailUrl":"https:\/\/www.leathergirl.eu\/wp-content\/uploads\/2022\/07\/k-keszlet2.jpg","datePublished":"2022-07-14T17:26:59+00:00","dateModified":"2026-01-03T12:49:37+00:00","breadcrumb":{"@id":"https:\/\/www.leathergirl.eu\/product\/feher-borrel-szegett-bilincs-keszlet\/#breadcrumb"},"inLanguage":"en-GB","potentialAction":[{"@type":"ReadAction","target":["https:\/\/www.leathergirl.eu\/product\/feher-borrel-szegett-bilincs-keszlet\/"]}]},{"@type":"ImageObject","inLanguage":"en-GB","@id":"https:\/\/www.leathergirl.eu\/product\/feher-borrel-szegett-bilincs-keszlet\/#primaryimage","url":"https:\/\/www.leathergirl.eu\/wp-content\/uploads\/2022\/07\/k-keszlet2.jpg","contentUrl":"https:\/\/www.leathergirl.eu\/wp-content\/uploads\/2022\/07\/k-keszlet2.jpg","width":800,"height":531},{"@type":"BreadcrumbList","@id":"https:\/\/www.leathergirl.eu\/product\/feher-borrel-szegett-bilincs-keszlet\/#breadcrumb","itemListElement":[{"@type":"ListItem","position":1,"name":"Home","item":"https:\/\/www.leathergirl.eu\/"},{"@type":"ListItem","position":2,"name":"Shop","item":"https:\/\/www.leathergirl.eu\/en\/uzlet\/"},{"@type":"ListItem","position":3,"name":"FEH\u00c9R B\u0150RREL SZEGETT BILINCS K\u00c9SZLET"}]},{"@type":"WebSite","@id":"https:\/\/www.leathergirl.eu\/#website","url":"https:\/\/www.leathergirl.eu\/","name":"The Leather Girl","description":"... LeatherGirl ...","publisher":{"@id":"https:\/\/www.leathergirl.eu\/#organization"},"potentialAction":[{"@type":"SearchAction","target":{"@type":"EntryPoint","urlTemplate":"https:\/\/www.leathergirl.eu\/?s={search_term_string}"},"query-input":{"@type":"PropertyValueSpecification","valueRequired":true,"valueName":"search_term_string"}}],"inLanguage":"en-GB"},{"@type":"Organization","@id":"https:\/\/www.leathergirl.eu\/#organization","name":"The Leather Girl","url":"https:\/\/www.leathergirl.eu\/","logo":{"@type":"ImageObject","inLanguage":"en-GB","@id":"https:\/\/www.leathergirl.eu\/#\/schema\/logo\/image\/","url":"https:\/\/www.leathergirl.eu\/wp-content\/uploads\/2024\/05\/leathergirl-logo.png","contentUrl":"https:\/\/www.leathergirl.eu\/wp-content\/uploads\/2024\/05\/leathergirl-logo.png","width":280,"height":80,"caption":"A B\u0151r\u00f6s l\u00e1ny"},"image":{"@id":"https:\/\/www.leathergirl.eu\/#\/schema\/logo\/image\/"},"sameAs":["https:\/\/www.facebook.com\/aboroslany\/","https:\/\/www.instagram.com\/theleathergirl\/"],"email":"aboroslany@gmail.com","legalName":"Nepp T\u00edmea e.v.","numberOfEmployees":{"@type":"QuantitativeValue","minValue":"1","maxValue":"10"}}]},"product_price_amount":"272.90","product_price_currency":"EUR","og_availability":"instock","product_availability":"instock","product_condition":"new"},"_links":{"self":[{"href":"https:\/\/www.leathergirl.eu\/en\/wp-json\/wp\/v2\/product\/23947","targetHints":{"allow":["GET"]}}],"collection":[{"href":"https:\/\/www.leathergirl.eu\/en\/wp-json\/wp\/v2\/product"}],"about":[{"href":"https:\/\/www.leathergirl.eu\/en\/wp-json\/wp\/v2\/types\/product"}],"wp:featuredmedia":[{"embeddable":true,"href":"https:\/\/www.leathergirl.eu\/en\/wp-json\/wp\/v2\/media\/23949"}],"wp:attachment":[{"href":"https:\/\/www.leathergirl.eu\/en\/wp-json\/wp\/v2\/media?parent=23947"}],"wp:term":[{"taxonomy":"product_brand","embeddable":true,"href":"https:\/\/www.leathergirl.eu\/en\/wp-json\/wp\/v2\/product_brand?post=23947"},{"taxonomy":"product_cat","embeddable":true,"href":"https:\/\/www.leathergirl.eu\/en\/wp-json\/wp\/v2\/product_cat?post=23947"},{"taxonomy":"product_tag","embeddable":true,"href":"https:\/\/www.leathergirl.eu\/en\/wp-json\/wp\/v2\/product_tag?post=23947"}],"curies":[{"name":"wp","href":"https:\/\/api.w.org\/{rel}","templated":true}]}}