{"id":23921,"date":"2022-04-13T10:35:52","date_gmt":"2022-04-13T10:35:52","guid":{"rendered":"https:\/\/www.leathergirl.eu\/?post_type=product&#038;p=23921"},"modified":"2026-01-03T14:42:20","modified_gmt":"2026-01-03T13:42:20","slug":"neck-merevito-with-black-borel","status":"publish","type":"product","link":"https:\/\/www.leathergirl.eu\/en\/product\/neck-merevito-with-black-borel\/","title":{"rendered":"Posture collar lined with black leather"},"content":{"rendered":"<p>A neck brace that holds the chin and neck from all sides. It is 1.5-2 mm thick, strong on the outside and soft but also strong cowhide on the inside, with a thin layer of sponge between the two to make it as comfortable as possible. The hem on this piece is black leather, but you can order it in other colors (I currently have red, white and blue leather). I put welded D-rings on the front and on two sides. You can adjust the length with 2 pieces of 3 cm wide lockable buckles. The rivets holding the chin, D-rings and buckles are covered with sponge and soft leather so that they do not come in contact with the wearer's skin.<br \/>\nLocks are not included.<\/p>","protected":false},"excerpt":{"rendered":"<p>A neck brace that holds the chin and neck from all sides. It is 1.5-2 mm thick, strong on the outside and soft but also strong cowhide on the inside, with a thin layer of sponge between the two to make it as comfortable as possible. The hem on this piece is black leather, but you can order it in other colors (I currently have red, white and blue leather). I put welded D-rings on the front and on two sides. You can adjust the length with 2 pieces of 3 cm wide lockable buckles. The rivets holding the chin, D-rings and buckles are covered with sponge and soft leather so that they do not come in contact with the wearer's skin.<\/p>","protected":false},"featured_media":23922,"template":"","meta":{"_et_pb_use_builder":"","_et_pb_old_content":"","_et_gb_content_width":""},"product_brand":[],"product_cat":[29,16],"product_tag":[],"class_list":{"0":"post-23921","1":"product","2":"type-product","3":"status-publish","4":"has-post-thumbnail","6":"product_cat-restraints","7":"product_cat-collars","9":"first","10":"instock","11":"purchasable","12":"product-type-simple"},"yoast_head":"<!-- This site is optimized with the Yoast SEO Premium plugin v26.2 (Yoast SEO v26.3) - https:\/\/yoast.com\/wordpress\/plugins\/seo\/ -->\n<title>NYAKMEREV\u00cdT\u0150 FEKETE B\u0150RREL SZEGVE - A B\u0151r\u00f6s l\u00e1ny<\/title>\n<meta name=\"robots\" content=\"index, follow, max-snippet:-1, max-image-preview:large, max-video-preview:-1\" \/>\n<link rel=\"canonical\" href=\"https:\/\/www.leathergirl.eu\/en\/product\/neck-merevito-with-black-borel\/\" \/>\n<meta property=\"og:locale\" content=\"en_GB\" \/>\n<meta property=\"og:type\" content=\"article\" \/>\n<meta property=\"og:title\" content=\"NYAKMEREV\u00cdT\u0150 FEKETE B\u0150RREL SZEGVE\" \/>\n<meta property=\"og:description\" content=\"Az \u00e1llat \u00e9s a nyakat minden oldalr\u00f3l tart\u00f3 nyakmerev\u00edt\u0151. K\u00edv\u00fcl 1,5-2 mm vastag, er\u0151s, bel\u00fcl pedig puha, de szint\u00e9n er\u0151s marhab\u0151r, a kett\u0151 k\u00f6z\u00f6tt v\u00e9kony szivacsr\u00e9teggel, hogy a lehet\u0151s\u00e9gekhez k\u00e9pest k\u00e9nyelmes legyen. A szeg\u00e9s ezen a darabon fekete b\u0151r, de m\u00e1s sz\u00ednnel is rendelheted (jelenleg piros, feh\u00e9r \u00e9s k\u00e9k b\u0151r \u00e1ll rendelkez\u00e9semre). El\u0151re \u00e9s k\u00e9t oldalra hegesztett f\u00e9lkarik\u00e1kat teszek. A hossz\u00e1t 2 db 3 cm sz\u00e9les lakatolhat\u00f3 csattal szab\u00e1lyozhatod. Az \u00e1llr\u00e9szt, a f\u00e9lkarik\u00e1kat \u00e9s a csatos r\u00e9szeket tart\u00f3 szegecseket eltakarja a szivacs \u00e9s a puha b\u0151r, \u00edgy azok nem \u00e9rintkeznek a visel\u0151je b\u0151r\u00e9vel.\" \/>\n<meta property=\"og:url\" content=\"https:\/\/www.leathergirl.eu\/en\/product\/neck-merevito-with-black-borel\/\" \/>\n<meta property=\"og:site_name\" content=\"A B\u0151r\u00f6s l\u00e1ny\" \/>\n<meta property=\"article:publisher\" content=\"https:\/\/www.facebook.com\/aboroslany\/\" \/>\n<meta property=\"article:modified_time\" content=\"2026-01-03T13:42:20+00:00\" \/>\n<meta property=\"og:image\" content=\"https:\/\/www.leathergirl.eu\/wp-content\/uploads\/2022\/04\/k-DSC_0019KKK.jpg\" \/>\n\t<meta property=\"og:image:width\" content=\"531\" \/>\n\t<meta property=\"og:image:height\" content=\"800\" \/>\n\t<meta property=\"og:image:type\" content=\"image\/jpeg\" \/>\n<script type=\"application\/ld+json\" class=\"yoast-schema-graph\">{\"@context\":\"https:\/\/schema.org\",\"@graph\":[{\"@type\":\"WebPage\",\"@id\":\"https:\/\/www.leathergirl.eu\/product\/nyakmerevito-fekete-borrel-szegve\/\",\"url\":\"https:\/\/www.leathergirl.eu\/product\/nyakmerevito-fekete-borrel-szegve\/\",\"name\":\"NYAKMEREV\u00cdT\u0150 FEKETE B\u0150RREL SZEGVE - A B\u0151r\u00f6s l\u00e1ny\",\"isPartOf\":{\"@id\":\"https:\/\/www.leathergirl.eu\/#website\"},\"primaryImageOfPage\":{\"@id\":\"https:\/\/www.leathergirl.eu\/product\/nyakmerevito-fekete-borrel-szegve\/#primaryimage\"},\"image\":{\"@id\":\"https:\/\/www.leathergirl.eu\/product\/nyakmerevito-fekete-borrel-szegve\/#primaryimage\"},\"thumbnailUrl\":\"https:\/\/www.leathergirl.eu\/wp-content\/uploads\/2022\/04\/k-DSC_0019KKK.jpg\",\"datePublished\":\"2022-04-13T10:35:52+00:00\",\"dateModified\":\"2026-01-03T13:42:20+00:00\",\"breadcrumb\":{\"@id\":\"https:\/\/www.leathergirl.eu\/product\/nyakmerevito-fekete-borrel-szegve\/#breadcrumb\"},\"inLanguage\":\"en-GB\",\"potentialAction\":[{\"@type\":\"ReadAction\",\"target\":[\"https:\/\/www.leathergirl.eu\/product\/nyakmerevito-fekete-borrel-szegve\/\"]}]},{\"@type\":\"ImageObject\",\"inLanguage\":\"en-GB\",\"@id\":\"https:\/\/www.leathergirl.eu\/product\/nyakmerevito-fekete-borrel-szegve\/#primaryimage\",\"url\":\"https:\/\/www.leathergirl.eu\/wp-content\/uploads\/2022\/04\/k-DSC_0019KKK.jpg\",\"contentUrl\":\"https:\/\/www.leathergirl.eu\/wp-content\/uploads\/2022\/04\/k-DSC_0019KKK.jpg\",\"width\":531,\"height\":800},{\"@type\":\"BreadcrumbList\",\"@id\":\"https:\/\/www.leathergirl.eu\/product\/nyakmerevito-fekete-borrel-szegve\/#breadcrumb\",\"itemListElement\":[{\"@type\":\"ListItem\",\"position\":1,\"name\":\"Home\",\"item\":\"https:\/\/www.leathergirl.eu\/\"},{\"@type\":\"ListItem\",\"position\":2,\"name\":\"Shop\",\"item\":\"https:\/\/www.leathergirl.eu\/en\/uzlet\/\"},{\"@type\":\"ListItem\",\"position\":3,\"name\":\"NYAKMEREV\u00cdT\u0150 FEKETE B\u0150RREL SZEGVE\"}]},{\"@type\":\"WebSite\",\"@id\":\"https:\/\/www.leathergirl.eu\/#website\",\"url\":\"https:\/\/www.leathergirl.eu\/\",\"name\":\"A B\u0151r\u00f6s l\u00e1ny\",\"description\":\"... LeatherGirl ...\",\"publisher\":{\"@id\":\"https:\/\/www.leathergirl.eu\/#organization\"},\"potentialAction\":[{\"@type\":\"SearchAction\",\"target\":{\"@type\":\"EntryPoint\",\"urlTemplate\":\"https:\/\/www.leathergirl.eu\/?s={search_term_string}\"},\"query-input\":{\"@type\":\"PropertyValueSpecification\",\"valueRequired\":true,\"valueName\":\"search_term_string\"}}],\"inLanguage\":\"en-GB\"},{\"@type\":\"Organization\",\"@id\":\"https:\/\/www.leathergirl.eu\/#organization\",\"name\":\"A B\u0151r\u00f6s l\u00e1ny\",\"url\":\"https:\/\/www.leathergirl.eu\/\",\"logo\":{\"@type\":\"ImageObject\",\"inLanguage\":\"en-GB\",\"@id\":\"https:\/\/www.leathergirl.eu\/#\/schema\/logo\/image\/\",\"url\":\"https:\/\/www.leathergirl.eu\/wp-content\/uploads\/2024\/05\/leathergirl-logo.png\",\"contentUrl\":\"https:\/\/www.leathergirl.eu\/wp-content\/uploads\/2024\/05\/leathergirl-logo.png\",\"width\":280,\"height\":80,\"caption\":\"A B\u0151r\u00f6s l\u00e1ny\"},\"image\":{\"@id\":\"https:\/\/www.leathergirl.eu\/#\/schema\/logo\/image\/\"},\"sameAs\":[\"https:\/\/www.facebook.com\/aboroslany\/\",\"https:\/\/www.instagram.com\/theleathergirl\/\"],\"email\":\"aboroslany@gmail.com\",\"legalName\":\"Nepp T\u00edmea e.v.\",\"numberOfEmployees\":{\"@type\":\"QuantitativeValue\",\"minValue\":\"1\",\"maxValue\":\"10\"}}]}<\/script>\n<meta property=\"product:price:amount\" content=\"145.30\" \/>\n<meta property=\"product:price:currency\" content=\"EUR\" \/>\n<meta property=\"og:availability\" content=\"instock\" \/>\n<meta property=\"product:availability\" content=\"instock\" \/>\n<meta property=\"product:condition\" content=\"new\" \/>\n<!-- \/ Yoast SEO Premium plugin. -->","yoast_head_json":{"title":"EXPOSURE IN BLACK WITHOUT LEATHER - The Leather Girl","robots":{"index":"index","follow":"follow","max-snippet":"max-snippet:-1","max-image-preview":"max-image-preview:large","max-video-preview":"max-video-preview:-1"},"canonical":"https:\/\/www.leathergirl.eu\/en\/product\/neck-merevito-with-black-borel\/","og_locale":"en_GB","og_type":"article","og_title":"NYAKMEREV\u00cdT\u0150 FEKETE B\u0150RREL SZEGVE","og_description":"Az \u00e1llat \u00e9s a nyakat minden oldalr\u00f3l tart\u00f3 nyakmerev\u00edt\u0151. K\u00edv\u00fcl 1,5-2 mm vastag, er\u0151s, bel\u00fcl pedig puha, de szint\u00e9n er\u0151s marhab\u0151r, a kett\u0151 k\u00f6z\u00f6tt v\u00e9kony szivacsr\u00e9teggel, hogy a lehet\u0151s\u00e9gekhez k\u00e9pest k\u00e9nyelmes legyen. A szeg\u00e9s ezen a darabon fekete b\u0151r, de m\u00e1s sz\u00ednnel is rendelheted (jelenleg piros, feh\u00e9r \u00e9s k\u00e9k b\u0151r \u00e1ll rendelkez\u00e9semre). El\u0151re \u00e9s k\u00e9t oldalra hegesztett f\u00e9lkarik\u00e1kat teszek. A hossz\u00e1t 2 db 3 cm sz\u00e9les lakatolhat\u00f3 csattal szab\u00e1lyozhatod. Az \u00e1llr\u00e9szt, a f\u00e9lkarik\u00e1kat \u00e9s a csatos r\u00e9szeket tart\u00f3 szegecseket eltakarja a szivacs \u00e9s a puha b\u0151r, \u00edgy azok nem \u00e9rintkeznek a visel\u0151je b\u0151r\u00e9vel.","og_url":"https:\/\/www.leathergirl.eu\/en\/product\/neck-merevito-with-black-borel\/","og_site_name":"A B\u0151r\u00f6s l\u00e1ny","article_publisher":"https:\/\/www.facebook.com\/aboroslany\/","article_modified_time":"2026-01-03T13:42:20+00:00","og_image":[{"width":531,"height":800,"url":"https:\/\/www.leathergirl.eu\/wp-content\/uploads\/2022\/04\/k-DSC_0019KKK.jpg","type":"image\/jpeg"}],"schema":{"@context":"https:\/\/schema.org","@graph":[{"@type":"WebPage","@id":"https:\/\/www.leathergirl.eu\/product\/nyakmerevito-fekete-borrel-szegve\/","url":"https:\/\/www.leathergirl.eu\/product\/nyakmerevito-fekete-borrel-szegve\/","name":"EXPOSURE IN BLACK WITHOUT LEATHER - The Leather Girl","isPartOf":{"@id":"https:\/\/www.leathergirl.eu\/#website"},"primaryImageOfPage":{"@id":"https:\/\/www.leathergirl.eu\/product\/nyakmerevito-fekete-borrel-szegve\/#primaryimage"},"image":{"@id":"https:\/\/www.leathergirl.eu\/product\/nyakmerevito-fekete-borrel-szegve\/#primaryimage"},"thumbnailUrl":"https:\/\/www.leathergirl.eu\/wp-content\/uploads\/2022\/04\/k-DSC_0019KKK.jpg","datePublished":"2022-04-13T10:35:52+00:00","dateModified":"2026-01-03T13:42:20+00:00","breadcrumb":{"@id":"https:\/\/www.leathergirl.eu\/product\/nyakmerevito-fekete-borrel-szegve\/#breadcrumb"},"inLanguage":"en-GB","potentialAction":[{"@type":"ReadAction","target":["https:\/\/www.leathergirl.eu\/product\/nyakmerevito-fekete-borrel-szegve\/"]}]},{"@type":"ImageObject","inLanguage":"en-GB","@id":"https:\/\/www.leathergirl.eu\/product\/nyakmerevito-fekete-borrel-szegve\/#primaryimage","url":"https:\/\/www.leathergirl.eu\/wp-content\/uploads\/2022\/04\/k-DSC_0019KKK.jpg","contentUrl":"https:\/\/www.leathergirl.eu\/wp-content\/uploads\/2022\/04\/k-DSC_0019KKK.jpg","width":531,"height":800},{"@type":"BreadcrumbList","@id":"https:\/\/www.leathergirl.eu\/product\/nyakmerevito-fekete-borrel-szegve\/#breadcrumb","itemListElement":[{"@type":"ListItem","position":1,"name":"Home","item":"https:\/\/www.leathergirl.eu\/"},{"@type":"ListItem","position":2,"name":"Shop","item":"https:\/\/www.leathergirl.eu\/en\/uzlet\/"},{"@type":"ListItem","position":3,"name":"NYAKMEREV\u00cdT\u0150 FEKETE B\u0150RREL SZEGVE"}]},{"@type":"WebSite","@id":"https:\/\/www.leathergirl.eu\/#website","url":"https:\/\/www.leathergirl.eu\/","name":"The Leather Girl","description":"... LeatherGirl ...","publisher":{"@id":"https:\/\/www.leathergirl.eu\/#organization"},"potentialAction":[{"@type":"SearchAction","target":{"@type":"EntryPoint","urlTemplate":"https:\/\/www.leathergirl.eu\/?s={search_term_string}"},"query-input":{"@type":"PropertyValueSpecification","valueRequired":true,"valueName":"search_term_string"}}],"inLanguage":"en-GB"},{"@type":"Organization","@id":"https:\/\/www.leathergirl.eu\/#organization","name":"The Leather Girl","url":"https:\/\/www.leathergirl.eu\/","logo":{"@type":"ImageObject","inLanguage":"en-GB","@id":"https:\/\/www.leathergirl.eu\/#\/schema\/logo\/image\/","url":"https:\/\/www.leathergirl.eu\/wp-content\/uploads\/2024\/05\/leathergirl-logo.png","contentUrl":"https:\/\/www.leathergirl.eu\/wp-content\/uploads\/2024\/05\/leathergirl-logo.png","width":280,"height":80,"caption":"A B\u0151r\u00f6s l\u00e1ny"},"image":{"@id":"https:\/\/www.leathergirl.eu\/#\/schema\/logo\/image\/"},"sameAs":["https:\/\/www.facebook.com\/aboroslany\/","https:\/\/www.instagram.com\/theleathergirl\/"],"email":"aboroslany@gmail.com","legalName":"Nepp T\u00edmea e.v.","numberOfEmployees":{"@type":"QuantitativeValue","minValue":"1","maxValue":"10"}}]},"product_price_amount":"145.30","product_price_currency":"EUR","og_availability":"instock","product_availability":"instock","product_condition":"new"},"_links":{"self":[{"href":"https:\/\/www.leathergirl.eu\/en\/wp-json\/wp\/v2\/product\/23921","targetHints":{"allow":["GET"]}}],"collection":[{"href":"https:\/\/www.leathergirl.eu\/en\/wp-json\/wp\/v2\/product"}],"about":[{"href":"https:\/\/www.leathergirl.eu\/en\/wp-json\/wp\/v2\/types\/product"}],"wp:featuredmedia":[{"embeddable":true,"href":"https:\/\/www.leathergirl.eu\/en\/wp-json\/wp\/v2\/media\/23922"}],"wp:attachment":[{"href":"https:\/\/www.leathergirl.eu\/en\/wp-json\/wp\/v2\/media?parent=23921"}],"wp:term":[{"taxonomy":"product_brand","embeddable":true,"href":"https:\/\/www.leathergirl.eu\/en\/wp-json\/wp\/v2\/product_brand?post=23921"},{"taxonomy":"product_cat","embeddable":true,"href":"https:\/\/www.leathergirl.eu\/en\/wp-json\/wp\/v2\/product_cat?post=23921"},{"taxonomy":"product_tag","embeddable":true,"href":"https:\/\/www.leathergirl.eu\/en\/wp-json\/wp\/v2\/product_tag?post=23921"}],"curies":[{"name":"wp","href":"https:\/\/api.w.org\/{rel}","templated":true}]}}