{"id":23908,"date":"2022-04-13T10:03:08","date_gmt":"2022-04-13T10:03:08","guid":{"rendered":"https:\/\/www.leathergirl.eu\/?post_type=product&#038;p=23908"},"modified":"2026-01-03T16:41:57","modified_gmt":"2026-01-03T15:41:57","slug":"red-black-barnacle","status":"publish","type":"product","link":"https:\/\/www.leathergirl.eu\/en\/product\/red-black-barnacle\/","title":{"rendered":"Muzzle made of black and red leather"},"content":{"rendered":"<p class=\" translation-block\">This muzzle is crafted entirely from a combination of black and red cowhide leather: <br>\n- The black sections are made from medium-thick, firm cowhide for structure and strength,<br>\n- The red parts are also genuine cowhide, but softer. These are folded into two layers beneath the straps, and used as a single layer inside the mouthpiece and collar for added comfort.<br>\n\nEach strap is adjustable with a lockable buckle (padlocks not included).\n\nThere are six welded D-rings in total: positioned at the top of the head, under the chin, and on the collar.\n\nThe collar can be worn separately or together with the muzzle, depending on your preference.<\/p>","protected":false},"excerpt":{"rendered":"<p class=\" translation-block\">This muzzle is crafted entirely from a combination of black and red cowhide leather: <br>\n- The black sections are made from medium-thick, firm cowhide for structure and strength,<br>\n- The red parts are also genuine cowhide, but softer. These are folded into two layers beneath the straps, and used as a single layer inside the mouthpiece and collar for added comfort.<br>\n\nEach strap is adjustable with a lockable buckle (padlocks not included).\n\nThere are six welded D-rings in total: positioned at the top of the head, under the chin, and on the collar.\n\nThe collar can be worn separately or together with the muzzle, depending on your preference.<\/p>","protected":false},"featured_media":23909,"template":"","meta":{"_et_pb_use_builder":"","_et_pb_old_content":"","_et_gb_content_width":""},"product_brand":[],"product_cat":[44,41],"product_tag":[],"class_list":{"0":"post-23908","1":"product","2":"type-product","3":"status-publish","4":"has-post-thumbnail","6":"product_cat-buszkesegeim","7":"product_cat-szajkosarak","9":"first","10":"instock","11":"purchasable","12":"product-type-simple"},"yoast_head":"<!-- This site is optimized with the Yoast SEO Premium plugin v26.2 (Yoast SEO v26.3) - https:\/\/yoast.com\/wordpress\/plugins\/seo\/ -->\n<title>PIROS-FEKETE SZ\u00c1JKOS\u00c1R - A B\u0151r\u00f6s l\u00e1ny<\/title>\n<meta name=\"robots\" content=\"index, follow, max-snippet:-1, max-image-preview:large, max-video-preview:-1\" \/>\n<link rel=\"canonical\" href=\"https:\/\/www.leathergirl.eu\/en\/product\/red-black-barnacle\/\" \/>\n<meta property=\"og:locale\" content=\"en_GB\" \/>\n<meta property=\"og:type\" content=\"article\" \/>\n<meta property=\"og:title\" content=\"PIROS-FEKETE SZ\u00c1JKOS\u00c1R\" \/>\n<meta property=\"og:description\" content=\"Ezt a sz\u00e1jkosarat teljes eg\u00e9sz\u00e9ben fekete \u00e9s piros b\u0151r\u00f6k kombin\u00e1l\u00e1s\u00e1val k\u00e9sz\u00edtem: \u2013 a fekete r\u00e9sz mindenhol k\u00f6zepesen vastag, feszes, er\u0151s marhab\u0151r, \u2013 a piros r\u00e9szek pedig szint\u00e9n marhab\u0151rb\u0151l k\u00e9sz\u00fclnek, de puh\u00e1k. A sz\u00edjak alatt k\u00e9t r\u00e9tegbe hajtom \u0151ket, a sz\u00e1jr\u00e9sz \u00e9s a nyak\u00f6rv belsej\u00e9ben pedig egy r\u00e9teg\u0171ek. Minden sz\u00edj hossz\u00e1t lakatolhat\u00f3 csattal szab\u00e1lyozhatod (a lakatokat a term\u00e9k nem tartalmazza). Hegesztett f\u00e9lkarik\u00e1t teszek a fejtet\u0151re, az \u00e1ll al\u00e1 \u00e9s a nyak\u00f6rvre, \u00f6sszesen hat darabot. A nyak\u00f6rvet k\u00fcl\u00f6n, \u00e9s a sz\u00e1jkos\u00e1r r\u00e9sszel \u00f6sszek\u00f6tve is haszn\u00e1lhatod.\" \/>\n<meta property=\"og:url\" content=\"https:\/\/www.leathergirl.eu\/en\/product\/red-black-barnacle\/\" \/>\n<meta property=\"og:site_name\" content=\"A B\u0151r\u00f6s l\u00e1ny\" \/>\n<meta property=\"article:publisher\" content=\"https:\/\/www.facebook.com\/aboroslany\/\" \/>\n<meta property=\"article:modified_time\" content=\"2026-01-03T15:41:57+00:00\" \/>\n<meta property=\"og:image\" content=\"https:\/\/www.leathergirl.eu\/wp-content\/uploads\/2022\/04\/k-DSC_0013KKK.jpg\" \/>\n\t<meta property=\"og:image:width\" content=\"531\" \/>\n\t<meta property=\"og:image:height\" content=\"800\" \/>\n\t<meta property=\"og:image:type\" content=\"image\/jpeg\" \/>\n<script type=\"application\/ld+json\" class=\"yoast-schema-graph\">{\"@context\":\"https:\/\/schema.org\",\"@graph\":[{\"@type\":\"WebPage\",\"@id\":\"https:\/\/www.leathergirl.eu\/product\/piros-fekete-szajkosar\/\",\"url\":\"https:\/\/www.leathergirl.eu\/product\/piros-fekete-szajkosar\/\",\"name\":\"PIROS-FEKETE SZ\u00c1JKOS\u00c1R - A B\u0151r\u00f6s l\u00e1ny\",\"isPartOf\":{\"@id\":\"https:\/\/www.leathergirl.eu\/#website\"},\"primaryImageOfPage\":{\"@id\":\"https:\/\/www.leathergirl.eu\/product\/piros-fekete-szajkosar\/#primaryimage\"},\"image\":{\"@id\":\"https:\/\/www.leathergirl.eu\/product\/piros-fekete-szajkosar\/#primaryimage\"},\"thumbnailUrl\":\"https:\/\/www.leathergirl.eu\/wp-content\/uploads\/2022\/04\/k-DSC_0013KKK.jpg\",\"datePublished\":\"2022-04-13T10:03:08+00:00\",\"dateModified\":\"2026-01-03T15:41:57+00:00\",\"breadcrumb\":{\"@id\":\"https:\/\/www.leathergirl.eu\/product\/piros-fekete-szajkosar\/#breadcrumb\"},\"inLanguage\":\"en-GB\",\"potentialAction\":[{\"@type\":\"ReadAction\",\"target\":[\"https:\/\/www.leathergirl.eu\/product\/piros-fekete-szajkosar\/\"]}]},{\"@type\":\"ImageObject\",\"inLanguage\":\"en-GB\",\"@id\":\"https:\/\/www.leathergirl.eu\/product\/piros-fekete-szajkosar\/#primaryimage\",\"url\":\"https:\/\/www.leathergirl.eu\/wp-content\/uploads\/2022\/04\/k-DSC_0013KKK.jpg\",\"contentUrl\":\"https:\/\/www.leathergirl.eu\/wp-content\/uploads\/2022\/04\/k-DSC_0013KKK.jpg\",\"width\":531,\"height\":800},{\"@type\":\"BreadcrumbList\",\"@id\":\"https:\/\/www.leathergirl.eu\/product\/piros-fekete-szajkosar\/#breadcrumb\",\"itemListElement\":[{\"@type\":\"ListItem\",\"position\":1,\"name\":\"Home\",\"item\":\"https:\/\/www.leathergirl.eu\/\"},{\"@type\":\"ListItem\",\"position\":2,\"name\":\"Shop\",\"item\":\"https:\/\/www.leathergirl.eu\/en\/uzlet\/\"},{\"@type\":\"ListItem\",\"position\":3,\"name\":\"PIROS-FEKETE SZ\u00c1JKOS\u00c1R\"}]},{\"@type\":\"WebSite\",\"@id\":\"https:\/\/www.leathergirl.eu\/#website\",\"url\":\"https:\/\/www.leathergirl.eu\/\",\"name\":\"A B\u0151r\u00f6s l\u00e1ny\",\"description\":\"... LeatherGirl ...\",\"publisher\":{\"@id\":\"https:\/\/www.leathergirl.eu\/#organization\"},\"potentialAction\":[{\"@type\":\"SearchAction\",\"target\":{\"@type\":\"EntryPoint\",\"urlTemplate\":\"https:\/\/www.leathergirl.eu\/?s={search_term_string}\"},\"query-input\":{\"@type\":\"PropertyValueSpecification\",\"valueRequired\":true,\"valueName\":\"search_term_string\"}}],\"inLanguage\":\"en-GB\"},{\"@type\":\"Organization\",\"@id\":\"https:\/\/www.leathergirl.eu\/#organization\",\"name\":\"A B\u0151r\u00f6s l\u00e1ny\",\"url\":\"https:\/\/www.leathergirl.eu\/\",\"logo\":{\"@type\":\"ImageObject\",\"inLanguage\":\"en-GB\",\"@id\":\"https:\/\/www.leathergirl.eu\/#\/schema\/logo\/image\/\",\"url\":\"https:\/\/www.leathergirl.eu\/wp-content\/uploads\/2024\/05\/leathergirl-logo.png\",\"contentUrl\":\"https:\/\/www.leathergirl.eu\/wp-content\/uploads\/2024\/05\/leathergirl-logo.png\",\"width\":280,\"height\":80,\"caption\":\"A B\u0151r\u00f6s l\u00e1ny\"},\"image\":{\"@id\":\"https:\/\/www.leathergirl.eu\/#\/schema\/logo\/image\/\"},\"sameAs\":[\"https:\/\/www.facebook.com\/aboroslany\/\",\"https:\/\/www.instagram.com\/theleathergirl\/\"],\"email\":\"aboroslany@gmail.com\",\"legalName\":\"Nepp T\u00edmea e.v.\",\"numberOfEmployees\":{\"@type\":\"QuantitativeValue\",\"minValue\":\"1\",\"maxValue\":\"10\"}}]}<\/script>\n<meta property=\"product:price:amount\" content=\"280.50\" \/>\n<meta property=\"product:price:currency\" content=\"EUR\" \/>\n<meta property=\"og:availability\" content=\"instock\" \/>\n<meta property=\"product:availability\" content=\"instock\" \/>\n<meta property=\"product:condition\" content=\"new\" \/>\n<!-- \/ Yoast SEO Premium plugin. -->","yoast_head_json":{"title":"RED-BLACK BACKGROUND - The Furry Girl","robots":{"index":"index","follow":"follow","max-snippet":"max-snippet:-1","max-image-preview":"max-image-preview:large","max-video-preview":"max-video-preview:-1"},"canonical":"https:\/\/www.leathergirl.eu\/en\/product\/red-black-barnacle\/","og_locale":"en_GB","og_type":"article","og_title":"PIROS-FEKETE SZ\u00c1JKOS\u00c1R","og_description":"Ezt a sz\u00e1jkosarat teljes eg\u00e9sz\u00e9ben fekete \u00e9s piros b\u0151r\u00f6k kombin\u00e1l\u00e1s\u00e1val k\u00e9sz\u00edtem: \u2013 a fekete r\u00e9sz mindenhol k\u00f6zepesen vastag, feszes, er\u0151s marhab\u0151r, \u2013 a piros r\u00e9szek pedig szint\u00e9n marhab\u0151rb\u0151l k\u00e9sz\u00fclnek, de puh\u00e1k. A sz\u00edjak alatt k\u00e9t r\u00e9tegbe hajtom \u0151ket, a sz\u00e1jr\u00e9sz \u00e9s a nyak\u00f6rv belsej\u00e9ben pedig egy r\u00e9teg\u0171ek. Minden sz\u00edj hossz\u00e1t lakatolhat\u00f3 csattal szab\u00e1lyozhatod (a lakatokat a term\u00e9k nem tartalmazza). Hegesztett f\u00e9lkarik\u00e1t teszek a fejtet\u0151re, az \u00e1ll al\u00e1 \u00e9s a nyak\u00f6rvre, \u00f6sszesen hat darabot. A nyak\u00f6rvet k\u00fcl\u00f6n, \u00e9s a sz\u00e1jkos\u00e1r r\u00e9sszel \u00f6sszek\u00f6tve is haszn\u00e1lhatod.","og_url":"https:\/\/www.leathergirl.eu\/en\/product\/red-black-barnacle\/","og_site_name":"A B\u0151r\u00f6s l\u00e1ny","article_publisher":"https:\/\/www.facebook.com\/aboroslany\/","article_modified_time":"2026-01-03T15:41:57+00:00","og_image":[{"width":531,"height":800,"url":"https:\/\/www.leathergirl.eu\/wp-content\/uploads\/2022\/04\/k-DSC_0013KKK.jpg","type":"image\/jpeg"}],"schema":{"@context":"https:\/\/schema.org","@graph":[{"@type":"WebPage","@id":"https:\/\/www.leathergirl.eu\/product\/piros-fekete-szajkosar\/","url":"https:\/\/www.leathergirl.eu\/product\/piros-fekete-szajkosar\/","name":"RED-BLACK BACKGROUND - The Furry Girl","isPartOf":{"@id":"https:\/\/www.leathergirl.eu\/#website"},"primaryImageOfPage":{"@id":"https:\/\/www.leathergirl.eu\/product\/piros-fekete-szajkosar\/#primaryimage"},"image":{"@id":"https:\/\/www.leathergirl.eu\/product\/piros-fekete-szajkosar\/#primaryimage"},"thumbnailUrl":"https:\/\/www.leathergirl.eu\/wp-content\/uploads\/2022\/04\/k-DSC_0013KKK.jpg","datePublished":"2022-04-13T10:03:08+00:00","dateModified":"2026-01-03T15:41:57+00:00","breadcrumb":{"@id":"https:\/\/www.leathergirl.eu\/product\/piros-fekete-szajkosar\/#breadcrumb"},"inLanguage":"en-GB","potentialAction":[{"@type":"ReadAction","target":["https:\/\/www.leathergirl.eu\/product\/piros-fekete-szajkosar\/"]}]},{"@type":"ImageObject","inLanguage":"en-GB","@id":"https:\/\/www.leathergirl.eu\/product\/piros-fekete-szajkosar\/#primaryimage","url":"https:\/\/www.leathergirl.eu\/wp-content\/uploads\/2022\/04\/k-DSC_0013KKK.jpg","contentUrl":"https:\/\/www.leathergirl.eu\/wp-content\/uploads\/2022\/04\/k-DSC_0013KKK.jpg","width":531,"height":800},{"@type":"BreadcrumbList","@id":"https:\/\/www.leathergirl.eu\/product\/piros-fekete-szajkosar\/#breadcrumb","itemListElement":[{"@type":"ListItem","position":1,"name":"Home","item":"https:\/\/www.leathergirl.eu\/"},{"@type":"ListItem","position":2,"name":"Shop","item":"https:\/\/www.leathergirl.eu\/en\/uzlet\/"},{"@type":"ListItem","position":3,"name":"PIROS-FEKETE SZ\u00c1JKOS\u00c1R"}]},{"@type":"WebSite","@id":"https:\/\/www.leathergirl.eu\/#website","url":"https:\/\/www.leathergirl.eu\/","name":"The Leather Girl","description":"... LeatherGirl ...","publisher":{"@id":"https:\/\/www.leathergirl.eu\/#organization"},"potentialAction":[{"@type":"SearchAction","target":{"@type":"EntryPoint","urlTemplate":"https:\/\/www.leathergirl.eu\/?s={search_term_string}"},"query-input":{"@type":"PropertyValueSpecification","valueRequired":true,"valueName":"search_term_string"}}],"inLanguage":"en-GB"},{"@type":"Organization","@id":"https:\/\/www.leathergirl.eu\/#organization","name":"The Leather Girl","url":"https:\/\/www.leathergirl.eu\/","logo":{"@type":"ImageObject","inLanguage":"en-GB","@id":"https:\/\/www.leathergirl.eu\/#\/schema\/logo\/image\/","url":"https:\/\/www.leathergirl.eu\/wp-content\/uploads\/2024\/05\/leathergirl-logo.png","contentUrl":"https:\/\/www.leathergirl.eu\/wp-content\/uploads\/2024\/05\/leathergirl-logo.png","width":280,"height":80,"caption":"A B\u0151r\u00f6s l\u00e1ny"},"image":{"@id":"https:\/\/www.leathergirl.eu\/#\/schema\/logo\/image\/"},"sameAs":["https:\/\/www.facebook.com\/aboroslany\/","https:\/\/www.instagram.com\/theleathergirl\/"],"email":"aboroslany@gmail.com","legalName":"Nepp T\u00edmea e.v.","numberOfEmployees":{"@type":"QuantitativeValue","minValue":"1","maxValue":"10"}}]},"product_price_amount":"280.50","product_price_currency":"EUR","og_availability":"instock","product_availability":"instock","product_condition":"new"},"_links":{"self":[{"href":"https:\/\/www.leathergirl.eu\/en\/wp-json\/wp\/v2\/product\/23908","targetHints":{"allow":["GET"]}}],"collection":[{"href":"https:\/\/www.leathergirl.eu\/en\/wp-json\/wp\/v2\/product"}],"about":[{"href":"https:\/\/www.leathergirl.eu\/en\/wp-json\/wp\/v2\/types\/product"}],"wp:featuredmedia":[{"embeddable":true,"href":"https:\/\/www.leathergirl.eu\/en\/wp-json\/wp\/v2\/media\/23909"}],"wp:attachment":[{"href":"https:\/\/www.leathergirl.eu\/en\/wp-json\/wp\/v2\/media?parent=23908"}],"wp:term":[{"taxonomy":"product_brand","embeddable":true,"href":"https:\/\/www.leathergirl.eu\/en\/wp-json\/wp\/v2\/product_brand?post=23908"},{"taxonomy":"product_cat","embeddable":true,"href":"https:\/\/www.leathergirl.eu\/en\/wp-json\/wp\/v2\/product_cat?post=23908"},{"taxonomy":"product_tag","embeddable":true,"href":"https:\/\/www.leathergirl.eu\/en\/wp-json\/wp\/v2\/product_tag?post=23908"}],"curies":[{"name":"wp","href":"https:\/\/api.w.org\/{rel}","templated":true}]}}