{"id":23902,"date":"2022-04-13T09:54:07","date_gmt":"2022-04-13T09:54:07","guid":{"rendered":"https:\/\/www.leathergirl.eu\/?post_type=product&#038;p=23902"},"modified":"2026-01-03T16:43:36","modified_gmt":"2026-01-03T15:43:36","slug":"pure-black-barnacle","status":"publish","type":"product","link":"https:\/\/www.leathergirl.eu\/en\/product\/pure-black-barnacle\/","title":{"rendered":"Fully black muzzle"},"content":{"rendered":"<p>I made this muzzle from soft, shiny black cowhide. The straps are 2 and 3 cm wide, and I sewed them together from three layers of leather, the length is adjustable with a buckle. I added a welded half-ring to the buckle of the strap running from the nose to the nape of the neck. Not only the leather, but all the metal parts are black. The mouth cover part is wide enough to cover a mouth open due to a gagball, so you can order it with a gagball built in. The price including gag is 179\u20ac.<\/p>","protected":false},"excerpt":{"rendered":"<p>I made this muzzle from soft, shiny black cowhide. The straps are 2 and 3 cm wide, and I sewed them together from three layers of leather, the length is adjustable with a buckle. I added a welded half-ring to the buckle of the strap running from the nose to the nape of the neck. Not only the leather, but all the metal parts are black. The mouth cover part is wide enough to cover a mouth open due to a gagball, so you can order it with a gagball built in. The price including gag is 179\u20ac.<\/p>","protected":false},"featured_media":23903,"template":"","meta":{"_et_pb_use_builder":"","_et_pb_old_content":"","_et_gb_content_width":""},"product_brand":[],"product_cat":[41],"product_tag":[],"class_list":{"0":"post-23902","1":"product","2":"type-product","3":"status-publish","4":"has-post-thumbnail","6":"product_cat-szajkosarak","8":"first","9":"instock","10":"purchasable","11":"product-type-simple"},"yoast_head":"<!-- This site is optimized with the Yoast SEO Premium plugin v26.2 (Yoast SEO v26.3) - https:\/\/yoast.com\/wordpress\/plugins\/seo\/ -->\n<title>TISZTA FEKETE SZ\u00c1JKOS\u00c1R - A B\u0151r\u00f6s l\u00e1ny<\/title>\n<meta name=\"robots\" content=\"index, follow, max-snippet:-1, max-image-preview:large, max-video-preview:-1\" \/>\n<link rel=\"canonical\" href=\"https:\/\/www.leathergirl.eu\/en\/product\/pure-black-barnacle\/\" \/>\n<meta property=\"og:locale\" content=\"en_GB\" \/>\n<meta property=\"og:type\" content=\"article\" \/>\n<meta property=\"og:title\" content=\"TISZTA FEKETE SZ\u00c1JKOS\u00c1R\" \/>\n<meta property=\"og:description\" content=\"Ezt a sz\u00e1jkosarat puha, f\u00e9nyes fekete marhab\u0151rb\u0151l k\u00e9sz\u00edtettem. A sz\u00edjak 2 \u00e9s 3 cm sz\u00e9lesek, \u00e9s h\u00e1rom r\u00e9teg b\u0151rb\u0151l varrtam \u00f6ssze \u0151ket, a hosszuk csattal szab\u00e1lyozhat\u00f3. Az orrt\u00f3l a tark\u00f3 fel\u00e9 fut\u00f3 sz\u00edj csatj\u00e1hoz egy hegesztett f\u00e9lkarik\u00e1t tettem. Nemcsak a b\u0151r, hanem minden f\u00e9m alkatr\u00e9sz is fekete. A sz\u00e1jtakar\u00f3 r\u00e9sz el\u00e9g sz\u00e9les ahhoz, hogy egy gagball miatt nyitott sz\u00e1jat is eltakarjon, \u00edgy teh\u00e1t rendelheted be\u00e9p\u00edtett gagballal is. Az \u00e1ra gaggel egy\u00fctt 65.400 Ft.\" \/>\n<meta property=\"og:url\" content=\"https:\/\/www.leathergirl.eu\/en\/product\/pure-black-barnacle\/\" \/>\n<meta property=\"og:site_name\" content=\"A B\u0151r\u00f6s l\u00e1ny\" \/>\n<meta property=\"article:publisher\" content=\"https:\/\/www.facebook.com\/aboroslany\/\" \/>\n<meta property=\"article:modified_time\" content=\"2026-01-03T15:43:36+00:00\" \/>\n<meta property=\"og:image\" content=\"https:\/\/www.leathergirl.eu\/wp-content\/uploads\/2022\/04\/k-DSC_0008KKK.jpg\" \/>\n\t<meta property=\"og:image:width\" content=\"531\" \/>\n\t<meta property=\"og:image:height\" content=\"800\" \/>\n\t<meta property=\"og:image:type\" content=\"image\/jpeg\" \/>\n<script type=\"application\/ld+json\" class=\"yoast-schema-graph\">{\"@context\":\"https:\/\/schema.org\",\"@graph\":[{\"@type\":\"WebPage\",\"@id\":\"https:\/\/www.leathergirl.eu\/product\/tiszta-fekete-szajkosar\/\",\"url\":\"https:\/\/www.leathergirl.eu\/product\/tiszta-fekete-szajkosar\/\",\"name\":\"TISZTA FEKETE SZ\u00c1JKOS\u00c1R - A B\u0151r\u00f6s l\u00e1ny\",\"isPartOf\":{\"@id\":\"https:\/\/www.leathergirl.eu\/#website\"},\"primaryImageOfPage\":{\"@id\":\"https:\/\/www.leathergirl.eu\/product\/tiszta-fekete-szajkosar\/#primaryimage\"},\"image\":{\"@id\":\"https:\/\/www.leathergirl.eu\/product\/tiszta-fekete-szajkosar\/#primaryimage\"},\"thumbnailUrl\":\"https:\/\/www.leathergirl.eu\/wp-content\/uploads\/2022\/04\/k-DSC_0008KKK.jpg\",\"datePublished\":\"2022-04-13T09:54:07+00:00\",\"dateModified\":\"2026-01-03T15:43:36+00:00\",\"breadcrumb\":{\"@id\":\"https:\/\/www.leathergirl.eu\/product\/tiszta-fekete-szajkosar\/#breadcrumb\"},\"inLanguage\":\"en-GB\",\"potentialAction\":[{\"@type\":\"ReadAction\",\"target\":[\"https:\/\/www.leathergirl.eu\/product\/tiszta-fekete-szajkosar\/\"]}]},{\"@type\":\"ImageObject\",\"inLanguage\":\"en-GB\",\"@id\":\"https:\/\/www.leathergirl.eu\/product\/tiszta-fekete-szajkosar\/#primaryimage\",\"url\":\"https:\/\/www.leathergirl.eu\/wp-content\/uploads\/2022\/04\/k-DSC_0008KKK.jpg\",\"contentUrl\":\"https:\/\/www.leathergirl.eu\/wp-content\/uploads\/2022\/04\/k-DSC_0008KKK.jpg\",\"width\":531,\"height\":800},{\"@type\":\"BreadcrumbList\",\"@id\":\"https:\/\/www.leathergirl.eu\/product\/tiszta-fekete-szajkosar\/#breadcrumb\",\"itemListElement\":[{\"@type\":\"ListItem\",\"position\":1,\"name\":\"Home\",\"item\":\"https:\/\/www.leathergirl.eu\/\"},{\"@type\":\"ListItem\",\"position\":2,\"name\":\"Shop\",\"item\":\"https:\/\/www.leathergirl.eu\/en\/uzlet\/\"},{\"@type\":\"ListItem\",\"position\":3,\"name\":\"TISZTA FEKETE SZ\u00c1JKOS\u00c1R\"}]},{\"@type\":\"WebSite\",\"@id\":\"https:\/\/www.leathergirl.eu\/#website\",\"url\":\"https:\/\/www.leathergirl.eu\/\",\"name\":\"A B\u0151r\u00f6s l\u00e1ny\",\"description\":\"... LeatherGirl ...\",\"publisher\":{\"@id\":\"https:\/\/www.leathergirl.eu\/#organization\"},\"potentialAction\":[{\"@type\":\"SearchAction\",\"target\":{\"@type\":\"EntryPoint\",\"urlTemplate\":\"https:\/\/www.leathergirl.eu\/?s={search_term_string}\"},\"query-input\":{\"@type\":\"PropertyValueSpecification\",\"valueRequired\":true,\"valueName\":\"search_term_string\"}}],\"inLanguage\":\"en-GB\"},{\"@type\":\"Organization\",\"@id\":\"https:\/\/www.leathergirl.eu\/#organization\",\"name\":\"A B\u0151r\u00f6s l\u00e1ny\",\"url\":\"https:\/\/www.leathergirl.eu\/\",\"logo\":{\"@type\":\"ImageObject\",\"inLanguage\":\"en-GB\",\"@id\":\"https:\/\/www.leathergirl.eu\/#\/schema\/logo\/image\/\",\"url\":\"https:\/\/www.leathergirl.eu\/wp-content\/uploads\/2024\/05\/leathergirl-logo.png\",\"contentUrl\":\"https:\/\/www.leathergirl.eu\/wp-content\/uploads\/2024\/05\/leathergirl-logo.png\",\"width\":280,\"height\":80,\"caption\":\"A B\u0151r\u00f6s l\u00e1ny\"},\"image\":{\"@id\":\"https:\/\/www.leathergirl.eu\/#\/schema\/logo\/image\/\"},\"sameAs\":[\"https:\/\/www.facebook.com\/aboroslany\/\",\"https:\/\/www.instagram.com\/theleathergirl\/\"],\"email\":\"aboroslany@gmail.com\",\"legalName\":\"Nepp T\u00edmea e.v.\",\"numberOfEmployees\":{\"@type\":\"QuantitativeValue\",\"minValue\":\"1\",\"maxValue\":\"10\"}}]}<\/script>\n<meta property=\"product:price:amount\" content=\"176.40\" \/>\n<meta property=\"product:price:currency\" content=\"EUR\" \/>\n<meta property=\"og:availability\" content=\"instock\" \/>\n<meta property=\"product:availability\" content=\"instock\" \/>\n<meta property=\"product:condition\" content=\"new\" \/>\n<!-- \/ Yoast SEO Premium plugin. -->","yoast_head_json":{"title":"PURE BLACK BACKGROUND - The Furry Girl","robots":{"index":"index","follow":"follow","max-snippet":"max-snippet:-1","max-image-preview":"max-image-preview:large","max-video-preview":"max-video-preview:-1"},"canonical":"https:\/\/www.leathergirl.eu\/en\/product\/pure-black-barnacle\/","og_locale":"en_GB","og_type":"article","og_title":"TISZTA FEKETE SZ\u00c1JKOS\u00c1R","og_description":"Ezt a sz\u00e1jkosarat puha, f\u00e9nyes fekete marhab\u0151rb\u0151l k\u00e9sz\u00edtettem. A sz\u00edjak 2 \u00e9s 3 cm sz\u00e9lesek, \u00e9s h\u00e1rom r\u00e9teg b\u0151rb\u0151l varrtam \u00f6ssze \u0151ket, a hosszuk csattal szab\u00e1lyozhat\u00f3. Az orrt\u00f3l a tark\u00f3 fel\u00e9 fut\u00f3 sz\u00edj csatj\u00e1hoz egy hegesztett f\u00e9lkarik\u00e1t tettem. Nemcsak a b\u0151r, hanem minden f\u00e9m alkatr\u00e9sz is fekete. A sz\u00e1jtakar\u00f3 r\u00e9sz el\u00e9g sz\u00e9les ahhoz, hogy egy gagball miatt nyitott sz\u00e1jat is eltakarjon, \u00edgy teh\u00e1t rendelheted be\u00e9p\u00edtett gagballal is. Az \u00e1ra gaggel egy\u00fctt 65.400 Ft.","og_url":"https:\/\/www.leathergirl.eu\/en\/product\/pure-black-barnacle\/","og_site_name":"A B\u0151r\u00f6s l\u00e1ny","article_publisher":"https:\/\/www.facebook.com\/aboroslany\/","article_modified_time":"2026-01-03T15:43:36+00:00","og_image":[{"width":531,"height":800,"url":"https:\/\/www.leathergirl.eu\/wp-content\/uploads\/2022\/04\/k-DSC_0008KKK.jpg","type":"image\/jpeg"}],"schema":{"@context":"https:\/\/schema.org","@graph":[{"@type":"WebPage","@id":"https:\/\/www.leathergirl.eu\/product\/tiszta-fekete-szajkosar\/","url":"https:\/\/www.leathergirl.eu\/product\/tiszta-fekete-szajkosar\/","name":"PURE BLACK BACKGROUND - The Furry Girl","isPartOf":{"@id":"https:\/\/www.leathergirl.eu\/#website"},"primaryImageOfPage":{"@id":"https:\/\/www.leathergirl.eu\/product\/tiszta-fekete-szajkosar\/#primaryimage"},"image":{"@id":"https:\/\/www.leathergirl.eu\/product\/tiszta-fekete-szajkosar\/#primaryimage"},"thumbnailUrl":"https:\/\/www.leathergirl.eu\/wp-content\/uploads\/2022\/04\/k-DSC_0008KKK.jpg","datePublished":"2022-04-13T09:54:07+00:00","dateModified":"2026-01-03T15:43:36+00:00","breadcrumb":{"@id":"https:\/\/www.leathergirl.eu\/product\/tiszta-fekete-szajkosar\/#breadcrumb"},"inLanguage":"en-GB","potentialAction":[{"@type":"ReadAction","target":["https:\/\/www.leathergirl.eu\/product\/tiszta-fekete-szajkosar\/"]}]},{"@type":"ImageObject","inLanguage":"en-GB","@id":"https:\/\/www.leathergirl.eu\/product\/tiszta-fekete-szajkosar\/#primaryimage","url":"https:\/\/www.leathergirl.eu\/wp-content\/uploads\/2022\/04\/k-DSC_0008KKK.jpg","contentUrl":"https:\/\/www.leathergirl.eu\/wp-content\/uploads\/2022\/04\/k-DSC_0008KKK.jpg","width":531,"height":800},{"@type":"BreadcrumbList","@id":"https:\/\/www.leathergirl.eu\/product\/tiszta-fekete-szajkosar\/#breadcrumb","itemListElement":[{"@type":"ListItem","position":1,"name":"Home","item":"https:\/\/www.leathergirl.eu\/"},{"@type":"ListItem","position":2,"name":"Shop","item":"https:\/\/www.leathergirl.eu\/en\/uzlet\/"},{"@type":"ListItem","position":3,"name":"TISZTA FEKETE SZ\u00c1JKOS\u00c1R"}]},{"@type":"WebSite","@id":"https:\/\/www.leathergirl.eu\/#website","url":"https:\/\/www.leathergirl.eu\/","name":"The Leather Girl","description":"... LeatherGirl ...","publisher":{"@id":"https:\/\/www.leathergirl.eu\/#organization"},"potentialAction":[{"@type":"SearchAction","target":{"@type":"EntryPoint","urlTemplate":"https:\/\/www.leathergirl.eu\/?s={search_term_string}"},"query-input":{"@type":"PropertyValueSpecification","valueRequired":true,"valueName":"search_term_string"}}],"inLanguage":"en-GB"},{"@type":"Organization","@id":"https:\/\/www.leathergirl.eu\/#organization","name":"The Leather Girl","url":"https:\/\/www.leathergirl.eu\/","logo":{"@type":"ImageObject","inLanguage":"en-GB","@id":"https:\/\/www.leathergirl.eu\/#\/schema\/logo\/image\/","url":"https:\/\/www.leathergirl.eu\/wp-content\/uploads\/2024\/05\/leathergirl-logo.png","contentUrl":"https:\/\/www.leathergirl.eu\/wp-content\/uploads\/2024\/05\/leathergirl-logo.png","width":280,"height":80,"caption":"A B\u0151r\u00f6s l\u00e1ny"},"image":{"@id":"https:\/\/www.leathergirl.eu\/#\/schema\/logo\/image\/"},"sameAs":["https:\/\/www.facebook.com\/aboroslany\/","https:\/\/www.instagram.com\/theleathergirl\/"],"email":"aboroslany@gmail.com","legalName":"Nepp T\u00edmea e.v.","numberOfEmployees":{"@type":"QuantitativeValue","minValue":"1","maxValue":"10"}}]},"product_price_amount":"176.40","product_price_currency":"EUR","og_availability":"instock","product_availability":"instock","product_condition":"new"},"_links":{"self":[{"href":"https:\/\/www.leathergirl.eu\/en\/wp-json\/wp\/v2\/product\/23902","targetHints":{"allow":["GET"]}}],"collection":[{"href":"https:\/\/www.leathergirl.eu\/en\/wp-json\/wp\/v2\/product"}],"about":[{"href":"https:\/\/www.leathergirl.eu\/en\/wp-json\/wp\/v2\/types\/product"}],"wp:featuredmedia":[{"embeddable":true,"href":"https:\/\/www.leathergirl.eu\/en\/wp-json\/wp\/v2\/media\/23903"}],"wp:attachment":[{"href":"https:\/\/www.leathergirl.eu\/en\/wp-json\/wp\/v2\/media?parent=23902"}],"wp:term":[{"taxonomy":"product_brand","embeddable":true,"href":"https:\/\/www.leathergirl.eu\/en\/wp-json\/wp\/v2\/product_brand?post=23902"},{"taxonomy":"product_cat","embeddable":true,"href":"https:\/\/www.leathergirl.eu\/en\/wp-json\/wp\/v2\/product_cat?post=23902"},{"taxonomy":"product_tag","embeddable":true,"href":"https:\/\/www.leathergirl.eu\/en\/wp-json\/wp\/v2\/product_tag?post=23902"}],"curies":[{"name":"wp","href":"https:\/\/api.w.org\/{rel}","templated":true}]}}