{"id":23890,"date":"2022-04-13T09:11:09","date_gmt":"2022-04-13T09:11:09","guid":{"rendered":"https:\/\/www.leathergirl.eu\/?post_type=product&#038;p=23890"},"modified":"2026-01-03T18:20:41","modified_gmt":"2026-01-03T17:20:41","slug":"gorbe-chunky-neck-and-spindle-set","status":"publish","type":"product","link":"https:\/\/www.leathergirl.eu\/en\/product\/gorbe-chunky-neck-and-spindle-set\/","title":{"rendered":"Neckwear and bracelet with studs"},"content":{"rendered":"<p>Each piece of the set is 4 cm wide and the length is adjustable with a buckle. The outer layer is 1,5-2 mm thick cowhide, under which two layers of soft cowhide with folded edges are sewn, which makes it comfortable to wear and covers the screws that hold the spikes. The collars and bracelets are also fitted with special curved spikes every 2 cm, the number of spikes being determined by the customer's neck and wrist size. You can order separately <a href=\"https:\/\/www.leathergirl.eu\/termek\/gorbe-tuskes-nyakorv\/\" target=\"_blank\" rel=\"noopener\">neckwear<\/a> and a bracelet. The latter costs 51,2\u20ac\/piece or 90,8\u20ac\/pair.<\/p>","protected":false},"excerpt":{"rendered":"<p>Each piece of the set is 4 cm wide and the length is adjustable with a buckle. The outer layer is 1,5-2 mm thick cowhide, under which two layers of soft cowhide with folded edges are sewn, which makes it comfortable to wear and covers the screws that hold the spikes. The collars and bracelets are also fitted with special curved spikes every 2 cm, the number of spikes being determined by the customer's neck and wrist size.<br \/>\nYou can order separately <a href=\"https:\/\/www.leathergirl.eu\/termek\/gorbe-tuskes-nyakorv\/\" target=\"_blank\" rel=\"noopener\">neckwear<\/a> and a bracelet. The latter costs 51,2\u20ac\/piece or 90,8\u20ac\/pair.<\/p>","protected":false},"featured_media":23892,"template":"","meta":{"_et_pb_use_builder":"off","_et_pb_old_content":"A k\u00e9szlet minden darabja 4 cm sz\u00e9les, a hosszuk csattal szab\u00e1lyozhat\u00f3. A k\u00fcls\u0151 r\u00e9tege 1,5-2 mm vastag marhab\u0151r, mely al\u00e1 k\u00e9t r\u00e9teg, behajtott sz\u00e9l\u0171 puha marhab\u0151rt varrok, ami egyr\u00e9szt k\u00e9nyelmess\u00e9 teszi a visel\u00e9s\u00e9t, m\u00e1sr\u00e9szt eltakarja a t\u00fcsk\u00e9ket tart\u00f3 csavarokat. A nyak\u00f6rvre \u00e9s a kark\u00f6t\u0151kre is 2 cm-enk\u00e9nt k\u00fcl\u00f6nleges, g\u00f6rbe t\u00fcsk\u00e9t szerelek, darabsz\u00e1mukat a megrendel\u0151 nyak- \u00e9s csukl\u00f3m\u00e9rete hat\u00e1rozza meg.\r\nRendelhetsz k\u00fcl\u00f6n <a href=\"https:\/\/www.leathergirl.eu\/termek\/gorbe-tuskes-nyakorv\/\" target=\"_blank\" rel=\"noopener\">nyakbaval\u00f3t<\/a> \u00e9s kark\u00f6t\u0151t is. Ut\u00f3bbi \u00e1ra 15.800 Ft\/db vagy 28.800 Ft\/p\u00e1r.","_et_gb_content_width":""},"product_brand":[],"product_cat":[23],"product_tag":[],"class_list":{"0":"post-23890","1":"product","2":"type-product","3":"status-publish","4":"has-post-thumbnail","6":"product_cat-for-the-weekdays-and-party-accessories","8":"first","9":"instock","10":"purchasable","11":"product-type-simple"},"yoast_head":"<!-- This site is optimized with the Yoast SEO Premium plugin v26.2 (Yoast SEO v26.3) - https:\/\/yoast.com\/wordpress\/plugins\/seo\/ -->\n<title>G\u00d6RBE T\u00dcSK\u00c9S NYAKBAVAL\u00d3 \u00c9S KARK\u00d6T\u0150 SZETT - A B\u0151r\u00f6s l\u00e1ny<\/title>\n<meta name=\"robots\" content=\"index, follow, max-snippet:-1, max-image-preview:large, max-video-preview:-1\" \/>\n<link rel=\"canonical\" href=\"https:\/\/www.leathergirl.eu\/en\/product\/gorbe-chunky-neck-and-spindle-set\/\" \/>\n<meta property=\"og:locale\" content=\"en_GB\" \/>\n<meta property=\"og:type\" content=\"article\" \/>\n<meta property=\"og:title\" content=\"G\u00d6RBE T\u00dcSK\u00c9S NYAKBAVAL\u00d3 \u00c9S KARK\u00d6T\u0150 SZETT\" \/>\n<meta property=\"og:description\" content=\"A k\u00e9szlet minden darabja 4 cm sz\u00e9les, a hosszuk csattal szab\u00e1lyozhat\u00f3. A k\u00fcls\u0151 r\u00e9tege 1,5-2 mm vastag marhab\u0151r, mely al\u00e1 k\u00e9t r\u00e9teg, behajtott sz\u00e9l\u0171 puha marhab\u0151rt varrok, ami egyr\u00e9szt k\u00e9nyelmess\u00e9 teszi a visel\u00e9s\u00e9t, m\u00e1sr\u00e9szt eltakarja a t\u00fcsk\u00e9ket tart\u00f3 csavarokat. A nyak\u00f6rvre \u00e9s a kark\u00f6t\u0151kre is 2 cm-enk\u00e9nt k\u00fcl\u00f6nleges, g\u00f6rbe t\u00fcsk\u00e9t szerelek, darabsz\u00e1mukat a megrendel\u0151 nyak- \u00e9s csukl\u00f3m\u00e9rete hat\u00e1rozza meg. Rendelhetsz k\u00fcl\u00f6n nyakbaval\u00f3t \u00e9s kark\u00f6t\u0151t is. Ut\u00f3bbi \u00e1ra 18.700 Ft\/db vagy 33.200 Ft\/p\u00e1r.\" \/>\n<meta property=\"og:url\" content=\"https:\/\/www.leathergirl.eu\/en\/product\/gorbe-chunky-neck-and-spindle-set\/\" \/>\n<meta property=\"og:site_name\" content=\"A B\u0151r\u00f6s l\u00e1ny\" \/>\n<meta property=\"article:publisher\" content=\"https:\/\/www.facebook.com\/aboroslany\/\" \/>\n<meta property=\"article:modified_time\" content=\"2026-01-03T17:20:41+00:00\" \/>\n<meta property=\"og:image\" content=\"https:\/\/www.leathergirl.eu\/wp-content\/uploads\/2022\/04\/k-DSC_0054K.jpg\" \/>\n\t<meta property=\"og:image:width\" content=\"800\" \/>\n\t<meta property=\"og:image:height\" content=\"531\" \/>\n\t<meta property=\"og:image:type\" content=\"image\/jpeg\" \/>\n<script type=\"application\/ld+json\" class=\"yoast-schema-graph\">{\"@context\":\"https:\/\/schema.org\",\"@graph\":[{\"@type\":\"WebPage\",\"@id\":\"https:\/\/www.leathergirl.eu\/product\/gorbe-tuskes-nyakbavalo-es-karkoto-szett\/\",\"url\":\"https:\/\/www.leathergirl.eu\/product\/gorbe-tuskes-nyakbavalo-es-karkoto-szett\/\",\"name\":\"G\u00d6RBE T\u00dcSK\u00c9S NYAKBAVAL\u00d3 \u00c9S KARK\u00d6T\u0150 SZETT - A B\u0151r\u00f6s l\u00e1ny\",\"isPartOf\":{\"@id\":\"https:\/\/www.leathergirl.eu\/#website\"},\"primaryImageOfPage\":{\"@id\":\"https:\/\/www.leathergirl.eu\/product\/gorbe-tuskes-nyakbavalo-es-karkoto-szett\/#primaryimage\"},\"image\":{\"@id\":\"https:\/\/www.leathergirl.eu\/product\/gorbe-tuskes-nyakbavalo-es-karkoto-szett\/#primaryimage\"},\"thumbnailUrl\":\"https:\/\/www.leathergirl.eu\/wp-content\/uploads\/2022\/04\/k-DSC_0054K.jpg\",\"datePublished\":\"2022-04-13T09:11:09+00:00\",\"dateModified\":\"2026-01-03T17:20:41+00:00\",\"breadcrumb\":{\"@id\":\"https:\/\/www.leathergirl.eu\/product\/gorbe-tuskes-nyakbavalo-es-karkoto-szett\/#breadcrumb\"},\"inLanguage\":\"en-GB\",\"potentialAction\":[{\"@type\":\"ReadAction\",\"target\":[\"https:\/\/www.leathergirl.eu\/product\/gorbe-tuskes-nyakbavalo-es-karkoto-szett\/\"]}]},{\"@type\":\"ImageObject\",\"inLanguage\":\"en-GB\",\"@id\":\"https:\/\/www.leathergirl.eu\/product\/gorbe-tuskes-nyakbavalo-es-karkoto-szett\/#primaryimage\",\"url\":\"https:\/\/www.leathergirl.eu\/wp-content\/uploads\/2022\/04\/k-DSC_0054K.jpg\",\"contentUrl\":\"https:\/\/www.leathergirl.eu\/wp-content\/uploads\/2022\/04\/k-DSC_0054K.jpg\",\"width\":800,\"height\":531},{\"@type\":\"BreadcrumbList\",\"@id\":\"https:\/\/www.leathergirl.eu\/product\/gorbe-tuskes-nyakbavalo-es-karkoto-szett\/#breadcrumb\",\"itemListElement\":[{\"@type\":\"ListItem\",\"position\":1,\"name\":\"Home\",\"item\":\"https:\/\/www.leathergirl.eu\/\"},{\"@type\":\"ListItem\",\"position\":2,\"name\":\"Shop\",\"item\":\"https:\/\/www.leathergirl.eu\/en\/uzlet\/\"},{\"@type\":\"ListItem\",\"position\":3,\"name\":\"G\u00d6RBE T\u00dcSK\u00c9S NYAKBAVAL\u00d3 \u00c9S KARK\u00d6T\u0150 SZETT\"}]},{\"@type\":\"WebSite\",\"@id\":\"https:\/\/www.leathergirl.eu\/#website\",\"url\":\"https:\/\/www.leathergirl.eu\/\",\"name\":\"A B\u0151r\u00f6s l\u00e1ny\",\"description\":\"... LeatherGirl ...\",\"publisher\":{\"@id\":\"https:\/\/www.leathergirl.eu\/#organization\"},\"potentialAction\":[{\"@type\":\"SearchAction\",\"target\":{\"@type\":\"EntryPoint\",\"urlTemplate\":\"https:\/\/www.leathergirl.eu\/?s={search_term_string}\"},\"query-input\":{\"@type\":\"PropertyValueSpecification\",\"valueRequired\":true,\"valueName\":\"search_term_string\"}}],\"inLanguage\":\"en-GB\"},{\"@type\":\"Organization\",\"@id\":\"https:\/\/www.leathergirl.eu\/#organization\",\"name\":\"A B\u0151r\u00f6s l\u00e1ny\",\"url\":\"https:\/\/www.leathergirl.eu\/\",\"logo\":{\"@type\":\"ImageObject\",\"inLanguage\":\"en-GB\",\"@id\":\"https:\/\/www.leathergirl.eu\/#\/schema\/logo\/image\/\",\"url\":\"https:\/\/www.leathergirl.eu\/wp-content\/uploads\/2024\/05\/leathergirl-logo.png\",\"contentUrl\":\"https:\/\/www.leathergirl.eu\/wp-content\/uploads\/2024\/05\/leathergirl-logo.png\",\"width\":280,\"height\":80,\"caption\":\"A B\u0151r\u00f6s l\u00e1ny\"},\"image\":{\"@id\":\"https:\/\/www.leathergirl.eu\/#\/schema\/logo\/image\/\"},\"sameAs\":[\"https:\/\/www.facebook.com\/aboroslany\/\",\"https:\/\/www.instagram.com\/theleathergirl\/\"],\"email\":\"aboroslany@gmail.com\",\"legalName\":\"Nepp T\u00edmea e.v.\",\"numberOfEmployees\":{\"@type\":\"QuantitativeValue\",\"minValue\":\"1\",\"maxValue\":\"10\"}}]}<\/script>\n<meta property=\"product:price:amount\" content=\"126.80\" \/>\n<meta property=\"product:price:currency\" content=\"EUR\" \/>\n<meta property=\"og:availability\" content=\"instock\" \/>\n<meta property=\"product:availability\" content=\"instock\" \/>\n<meta property=\"product:condition\" content=\"new\" \/>\n<!-- \/ Yoast SEO Premium plugin. -->","yoast_head_json":{"title":"G\u00d6RBE'S BROWN BREATHING AND HANGING SET - The Furry Girl","robots":{"index":"index","follow":"follow","max-snippet":"max-snippet:-1","max-image-preview":"max-image-preview:large","max-video-preview":"max-video-preview:-1"},"canonical":"https:\/\/www.leathergirl.eu\/en\/product\/gorbe-chunky-neck-and-spindle-set\/","og_locale":"en_GB","og_type":"article","og_title":"G\u00d6RBE T\u00dcSK\u00c9S NYAKBAVAL\u00d3 \u00c9S KARK\u00d6T\u0150 SZETT","og_description":"A k\u00e9szlet minden darabja 4 cm sz\u00e9les, a hosszuk csattal szab\u00e1lyozhat\u00f3. A k\u00fcls\u0151 r\u00e9tege 1,5-2 mm vastag marhab\u0151r, mely al\u00e1 k\u00e9t r\u00e9teg, behajtott sz\u00e9l\u0171 puha marhab\u0151rt varrok, ami egyr\u00e9szt k\u00e9nyelmess\u00e9 teszi a visel\u00e9s\u00e9t, m\u00e1sr\u00e9szt eltakarja a t\u00fcsk\u00e9ket tart\u00f3 csavarokat. A nyak\u00f6rvre \u00e9s a kark\u00f6t\u0151kre is 2 cm-enk\u00e9nt k\u00fcl\u00f6nleges, g\u00f6rbe t\u00fcsk\u00e9t szerelek, darabsz\u00e1mukat a megrendel\u0151 nyak- \u00e9s csukl\u00f3m\u00e9rete hat\u00e1rozza meg. Rendelhetsz k\u00fcl\u00f6n nyakbaval\u00f3t \u00e9s kark\u00f6t\u0151t is. Ut\u00f3bbi \u00e1ra 18.700 Ft\/db vagy 33.200 Ft\/p\u00e1r.","og_url":"https:\/\/www.leathergirl.eu\/en\/product\/gorbe-chunky-neck-and-spindle-set\/","og_site_name":"A B\u0151r\u00f6s l\u00e1ny","article_publisher":"https:\/\/www.facebook.com\/aboroslany\/","article_modified_time":"2026-01-03T17:20:41+00:00","og_image":[{"width":800,"height":531,"url":"https:\/\/www.leathergirl.eu\/wp-content\/uploads\/2022\/04\/k-DSC_0054K.jpg","type":"image\/jpeg"}],"schema":{"@context":"https:\/\/schema.org","@graph":[{"@type":"WebPage","@id":"https:\/\/www.leathergirl.eu\/product\/gorbe-tuskes-nyakbavalo-es-karkoto-szett\/","url":"https:\/\/www.leathergirl.eu\/product\/gorbe-tuskes-nyakbavalo-es-karkoto-szett\/","name":"G\u00d6RBE'S BROWN BREATHING AND HANGING SET - The Furry Girl","isPartOf":{"@id":"https:\/\/www.leathergirl.eu\/#website"},"primaryImageOfPage":{"@id":"https:\/\/www.leathergirl.eu\/product\/gorbe-tuskes-nyakbavalo-es-karkoto-szett\/#primaryimage"},"image":{"@id":"https:\/\/www.leathergirl.eu\/product\/gorbe-tuskes-nyakbavalo-es-karkoto-szett\/#primaryimage"},"thumbnailUrl":"https:\/\/www.leathergirl.eu\/wp-content\/uploads\/2022\/04\/k-DSC_0054K.jpg","datePublished":"2022-04-13T09:11:09+00:00","dateModified":"2026-01-03T17:20:41+00:00","breadcrumb":{"@id":"https:\/\/www.leathergirl.eu\/product\/gorbe-tuskes-nyakbavalo-es-karkoto-szett\/#breadcrumb"},"inLanguage":"en-GB","potentialAction":[{"@type":"ReadAction","target":["https:\/\/www.leathergirl.eu\/product\/gorbe-tuskes-nyakbavalo-es-karkoto-szett\/"]}]},{"@type":"ImageObject","inLanguage":"en-GB","@id":"https:\/\/www.leathergirl.eu\/product\/gorbe-tuskes-nyakbavalo-es-karkoto-szett\/#primaryimage","url":"https:\/\/www.leathergirl.eu\/wp-content\/uploads\/2022\/04\/k-DSC_0054K.jpg","contentUrl":"https:\/\/www.leathergirl.eu\/wp-content\/uploads\/2022\/04\/k-DSC_0054K.jpg","width":800,"height":531},{"@type":"BreadcrumbList","@id":"https:\/\/www.leathergirl.eu\/product\/gorbe-tuskes-nyakbavalo-es-karkoto-szett\/#breadcrumb","itemListElement":[{"@type":"ListItem","position":1,"name":"Home","item":"https:\/\/www.leathergirl.eu\/"},{"@type":"ListItem","position":2,"name":"Shop","item":"https:\/\/www.leathergirl.eu\/en\/uzlet\/"},{"@type":"ListItem","position":3,"name":"G\u00d6RBE T\u00dcSK\u00c9S NYAKBAVAL\u00d3 \u00c9S KARK\u00d6T\u0150 SZETT"}]},{"@type":"WebSite","@id":"https:\/\/www.leathergirl.eu\/#website","url":"https:\/\/www.leathergirl.eu\/","name":"The Leather Girl","description":"... LeatherGirl ...","publisher":{"@id":"https:\/\/www.leathergirl.eu\/#organization"},"potentialAction":[{"@type":"SearchAction","target":{"@type":"EntryPoint","urlTemplate":"https:\/\/www.leathergirl.eu\/?s={search_term_string}"},"query-input":{"@type":"PropertyValueSpecification","valueRequired":true,"valueName":"search_term_string"}}],"inLanguage":"en-GB"},{"@type":"Organization","@id":"https:\/\/www.leathergirl.eu\/#organization","name":"The Leather Girl","url":"https:\/\/www.leathergirl.eu\/","logo":{"@type":"ImageObject","inLanguage":"en-GB","@id":"https:\/\/www.leathergirl.eu\/#\/schema\/logo\/image\/","url":"https:\/\/www.leathergirl.eu\/wp-content\/uploads\/2024\/05\/leathergirl-logo.png","contentUrl":"https:\/\/www.leathergirl.eu\/wp-content\/uploads\/2024\/05\/leathergirl-logo.png","width":280,"height":80,"caption":"A B\u0151r\u00f6s l\u00e1ny"},"image":{"@id":"https:\/\/www.leathergirl.eu\/#\/schema\/logo\/image\/"},"sameAs":["https:\/\/www.facebook.com\/aboroslany\/","https:\/\/www.instagram.com\/theleathergirl\/"],"email":"aboroslany@gmail.com","legalName":"Nepp T\u00edmea e.v.","numberOfEmployees":{"@type":"QuantitativeValue","minValue":"1","maxValue":"10"}}]},"product_price_amount":"126.80","product_price_currency":"EUR","og_availability":"instock","product_availability":"instock","product_condition":"new"},"_links":{"self":[{"href":"https:\/\/www.leathergirl.eu\/en\/wp-json\/wp\/v2\/product\/23890","targetHints":{"allow":["GET"]}}],"collection":[{"href":"https:\/\/www.leathergirl.eu\/en\/wp-json\/wp\/v2\/product"}],"about":[{"href":"https:\/\/www.leathergirl.eu\/en\/wp-json\/wp\/v2\/types\/product"}],"wp:featuredmedia":[{"embeddable":true,"href":"https:\/\/www.leathergirl.eu\/en\/wp-json\/wp\/v2\/media\/23892"}],"wp:attachment":[{"href":"https:\/\/www.leathergirl.eu\/en\/wp-json\/wp\/v2\/media?parent=23890"}],"wp:term":[{"taxonomy":"product_brand","embeddable":true,"href":"https:\/\/www.leathergirl.eu\/en\/wp-json\/wp\/v2\/product_brand?post=23890"},{"taxonomy":"product_cat","embeddable":true,"href":"https:\/\/www.leathergirl.eu\/en\/wp-json\/wp\/v2\/product_cat?post=23890"},{"taxonomy":"product_tag","embeddable":true,"href":"https:\/\/www.leathergirl.eu\/en\/wp-json\/wp\/v2\/product_tag?post=23890"}],"curies":[{"name":"wp","href":"https:\/\/api.w.org\/{rel}","templated":true}]}}