{"id":23860,"date":"2022-03-20T13:11:21","date_gmt":"2022-03-20T13:11:21","guid":{"rendered":"https:\/\/www.leathergirl.eu\/?post_type=product&#038;p=23860"},"modified":"2026-01-03T17:17:24","modified_gmt":"2026-01-03T16:17:24","slug":"derek-es-combham-with-lofarok","status":"publish","type":"product","link":"https:\/\/www.leathergirl.eu\/en\/product\/derek-es-combham-with-lofarok\/","title":{"rendered":"Waist and thigh harness with ponytail"},"content":{"rendered":"<p>Parts of the harness:<br \/>\n- 1 piece of 4 cm wide waistband with a D-ring at the back and with a buckle pad,<br \/>\n- 1 pair of 4 cm wide thigh strap buckle pad,<br \/>\n- 4 connecting straps<br \/>\n- 1 patent ponytail made of 40 strips of leather of different lengths. The longest strip is about 70 cm long.<br \/>\nThe waist belt, thigh straps, the main part of the handcuffs and the strap are made of two layers of leather, the outer layer being 1,5-2 mm thick and strong, the inner layer being soft but also strong cowhide. The connecting straps are made of a single layer of the thicker cowhide.<\/p>","protected":false},"excerpt":{"rendered":"<p>Parts of the harness:<br \/>\n- 1 piece of 4 cm wide waistband with a D-ring at the back and with a buckle pad,<br \/>\n- 1 pair of 4 cm wide thigh strap buckle pad,<br \/>\n- 4 connecting straps<br \/>\n- 1 patent ponytail made of 40 strips of leather of different lengths. The longest strip is about 70 cm long.<br \/>\nThe waistband, thigh straps are made of two layers of leather, the outer layer is 1.5-2 mm thick and strong, and the inner is soft but also strong cowhide. The connecting straps are made of a single layer of thicker cowhide.<\/p>","protected":false},"featured_media":23861,"template":"","meta":{"_et_pb_use_builder":"","_et_pb_old_content":"","_et_gb_content_width":""},"product_brand":[],"product_cat":[45,25],"product_tag":[],"class_list":{"0":"post-23860","1":"product","2":"type-product","3":"status-publish","4":"has-post-thumbnail","6":"product_cat-harnesses","7":"product_cat-petplay","9":"first","10":"instock","11":"purchasable","12":"product-type-simple"},"yoast_head":"<!-- This site is optimized with the Yoast SEO Premium plugin v26.2 (Yoast SEO v26.3) - https:\/\/yoast.com\/wordpress\/plugins\/seo\/ -->\n<title>DER\u00c9K- \u00c9S COMBH\u00c1M L\u00d3FAROKKAL - A B\u0151r\u00f6s l\u00e1ny<\/title>\n<meta name=\"robots\" content=\"index, follow, max-snippet:-1, max-image-preview:large, max-video-preview:-1\" \/>\n<link rel=\"canonical\" href=\"https:\/\/www.leathergirl.eu\/en\/product\/derek-es-combham-with-lofarok\/\" \/>\n<meta property=\"og:locale\" content=\"en_GB\" \/>\n<meta property=\"og:type\" content=\"article\" \/>\n<meta property=\"og:title\" content=\"DER\u00c9K- \u00c9S COMBH\u00c1M L\u00d3FAROKKAL\" \/>\n<meta property=\"og:description\" content=\"A h\u00e1m r\u00e9szei: \u2013 1 db 4 cm sz\u00e9les der\u00e9k\u00f6v h\u00e1tul k\u00f6z\u00e9pen f\u00e9lkarik\u00e1val, csat al\u00e1t\u00e9ttel, \u2013 1 p\u00e1r 4 cm sz\u00e9les combsz\u00edj csat al\u00e1t\u00e9ttel, \u2013 4 db \u00f6sszek\u00f6t\u0151 sz\u00edj, \u2013 1 db patenttal r\u00f6gz\u00edthet\u0151 l\u00f3farok, melyet 40 db k\u00fcl\u00f6nb\u00f6z\u0151 hossz\u00fas\u00e1g\u00fa b\u0151r cs\u00edkb\u00f3l k\u00e9sz\u00edtek. A leghosszabb cs\u00edk kb 70 cm hossz\u00fa. A der\u00e9k\u00f6v, a combsz\u00edjak k\u00e9t r\u00e9teg b\u0151rb\u0151l k\u00e9sz\u00fclnek, melyb\u0151l a k\u00fcls\u0151 r\u00e9teg 1,5-2 mm vastag, er\u0151s, a bels\u0151 pedig puha, de szint\u00e9n er\u0151s marhab\u0151r. Az \u00f6sszek\u00f6t\u0151 sz\u00edjak egy r\u00e9teg\u0171ek, a vastagabb marhab\u0151rb\u0151l.\" \/>\n<meta property=\"og:url\" content=\"https:\/\/www.leathergirl.eu\/en\/product\/derek-es-combham-with-lofarok\/\" \/>\n<meta property=\"og:site_name\" content=\"A B\u0151r\u00f6s l\u00e1ny\" \/>\n<meta property=\"article:publisher\" content=\"https:\/\/www.facebook.com\/aboroslany\/\" \/>\n<meta property=\"article:modified_time\" content=\"2026-01-03T16:17:24+00:00\" \/>\n<meta property=\"og:image\" content=\"https:\/\/www.leathergirl.eu\/wp-content\/uploads\/2022\/03\/k-DSC_0022K.jpg\" \/>\n\t<meta property=\"og:image:width\" content=\"800\" \/>\n\t<meta property=\"og:image:height\" content=\"531\" \/>\n\t<meta property=\"og:image:type\" content=\"image\/jpeg\" \/>\n<script type=\"application\/ld+json\" class=\"yoast-schema-graph\">{\"@context\":\"https:\/\/schema.org\",\"@graph\":[{\"@type\":\"WebPage\",\"@id\":\"https:\/\/www.leathergirl.eu\/product\/derek-es-combham-lofarokkal\/\",\"url\":\"https:\/\/www.leathergirl.eu\/product\/derek-es-combham-lofarokkal\/\",\"name\":\"DER\u00c9K- \u00c9S COMBH\u00c1M L\u00d3FAROKKAL - A B\u0151r\u00f6s l\u00e1ny\",\"isPartOf\":{\"@id\":\"https:\/\/www.leathergirl.eu\/#website\"},\"primaryImageOfPage\":{\"@id\":\"https:\/\/www.leathergirl.eu\/product\/derek-es-combham-lofarokkal\/#primaryimage\"},\"image\":{\"@id\":\"https:\/\/www.leathergirl.eu\/product\/derek-es-combham-lofarokkal\/#primaryimage\"},\"thumbnailUrl\":\"https:\/\/www.leathergirl.eu\/wp-content\/uploads\/2022\/03\/k-DSC_0022K.jpg\",\"datePublished\":\"2022-03-20T13:11:21+00:00\",\"dateModified\":\"2026-01-03T16:17:24+00:00\",\"breadcrumb\":{\"@id\":\"https:\/\/www.leathergirl.eu\/product\/derek-es-combham-lofarokkal\/#breadcrumb\"},\"inLanguage\":\"en-GB\",\"potentialAction\":[{\"@type\":\"ReadAction\",\"target\":[\"https:\/\/www.leathergirl.eu\/product\/derek-es-combham-lofarokkal\/\"]}]},{\"@type\":\"ImageObject\",\"inLanguage\":\"en-GB\",\"@id\":\"https:\/\/www.leathergirl.eu\/product\/derek-es-combham-lofarokkal\/#primaryimage\",\"url\":\"https:\/\/www.leathergirl.eu\/wp-content\/uploads\/2022\/03\/k-DSC_0022K.jpg\",\"contentUrl\":\"https:\/\/www.leathergirl.eu\/wp-content\/uploads\/2022\/03\/k-DSC_0022K.jpg\",\"width\":800,\"height\":531},{\"@type\":\"BreadcrumbList\",\"@id\":\"https:\/\/www.leathergirl.eu\/product\/derek-es-combham-lofarokkal\/#breadcrumb\",\"itemListElement\":[{\"@type\":\"ListItem\",\"position\":1,\"name\":\"Home\",\"item\":\"https:\/\/www.leathergirl.eu\/\"},{\"@type\":\"ListItem\",\"position\":2,\"name\":\"Shop\",\"item\":\"https:\/\/www.leathergirl.eu\/en\/uzlet\/\"},{\"@type\":\"ListItem\",\"position\":3,\"name\":\"DER\u00c9K- \u00c9S COMBH\u00c1M L\u00d3FAROKKAL\"}]},{\"@type\":\"WebSite\",\"@id\":\"https:\/\/www.leathergirl.eu\/#website\",\"url\":\"https:\/\/www.leathergirl.eu\/\",\"name\":\"A B\u0151r\u00f6s l\u00e1ny\",\"description\":\"... LeatherGirl ...\",\"publisher\":{\"@id\":\"https:\/\/www.leathergirl.eu\/#organization\"},\"potentialAction\":[{\"@type\":\"SearchAction\",\"target\":{\"@type\":\"EntryPoint\",\"urlTemplate\":\"https:\/\/www.leathergirl.eu\/?s={search_term_string}\"},\"query-input\":{\"@type\":\"PropertyValueSpecification\",\"valueRequired\":true,\"valueName\":\"search_term_string\"}}],\"inLanguage\":\"en-GB\"},{\"@type\":\"Organization\",\"@id\":\"https:\/\/www.leathergirl.eu\/#organization\",\"name\":\"A B\u0151r\u00f6s l\u00e1ny\",\"url\":\"https:\/\/www.leathergirl.eu\/\",\"logo\":{\"@type\":\"ImageObject\",\"inLanguage\":\"en-GB\",\"@id\":\"https:\/\/www.leathergirl.eu\/#\/schema\/logo\/image\/\",\"url\":\"https:\/\/www.leathergirl.eu\/wp-content\/uploads\/2024\/05\/leathergirl-logo.png\",\"contentUrl\":\"https:\/\/www.leathergirl.eu\/wp-content\/uploads\/2024\/05\/leathergirl-logo.png\",\"width\":280,\"height\":80,\"caption\":\"A B\u0151r\u00f6s l\u00e1ny\"},\"image\":{\"@id\":\"https:\/\/www.leathergirl.eu\/#\/schema\/logo\/image\/\"},\"sameAs\":[\"https:\/\/www.facebook.com\/aboroslany\/\",\"https:\/\/www.instagram.com\/theleathergirl\/\"],\"email\":\"aboroslany@gmail.com\",\"legalName\":\"Nepp T\u00edmea e.v.\",\"numberOfEmployees\":{\"@type\":\"QuantitativeValue\",\"minValue\":\"1\",\"maxValue\":\"10\"}}]}<\/script>\n<meta property=\"product:price:amount\" content=\"174.80\" \/>\n<meta property=\"product:price:currency\" content=\"EUR\" \/>\n<meta property=\"og:availability\" content=\"instock\" \/>\n<meta property=\"product:availability\" content=\"instock\" \/>\n<meta property=\"product:condition\" content=\"new\" \/>\n<!-- \/ Yoast SEO Premium plugin. -->","yoast_head_json":{"title":"HORSES WITH HORSES - The Furry Girl","robots":{"index":"index","follow":"follow","max-snippet":"max-snippet:-1","max-image-preview":"max-image-preview:large","max-video-preview":"max-video-preview:-1"},"canonical":"https:\/\/www.leathergirl.eu\/en\/product\/derek-es-combham-with-lofarok\/","og_locale":"en_GB","og_type":"article","og_title":"DER\u00c9K- \u00c9S COMBH\u00c1M L\u00d3FAROKKAL","og_description":"A h\u00e1m r\u00e9szei: \u2013 1 db 4 cm sz\u00e9les der\u00e9k\u00f6v h\u00e1tul k\u00f6z\u00e9pen f\u00e9lkarik\u00e1val, csat al\u00e1t\u00e9ttel, \u2013 1 p\u00e1r 4 cm sz\u00e9les combsz\u00edj csat al\u00e1t\u00e9ttel, \u2013 4 db \u00f6sszek\u00f6t\u0151 sz\u00edj, \u2013 1 db patenttal r\u00f6gz\u00edthet\u0151 l\u00f3farok, melyet 40 db k\u00fcl\u00f6nb\u00f6z\u0151 hossz\u00fas\u00e1g\u00fa b\u0151r cs\u00edkb\u00f3l k\u00e9sz\u00edtek. A leghosszabb cs\u00edk kb 70 cm hossz\u00fa. A der\u00e9k\u00f6v, a combsz\u00edjak k\u00e9t r\u00e9teg b\u0151rb\u0151l k\u00e9sz\u00fclnek, melyb\u0151l a k\u00fcls\u0151 r\u00e9teg 1,5-2 mm vastag, er\u0151s, a bels\u0151 pedig puha, de szint\u00e9n er\u0151s marhab\u0151r. Az \u00f6sszek\u00f6t\u0151 sz\u00edjak egy r\u00e9teg\u0171ek, a vastagabb marhab\u0151rb\u0151l.","og_url":"https:\/\/www.leathergirl.eu\/en\/product\/derek-es-combham-with-lofarok\/","og_site_name":"A B\u0151r\u00f6s l\u00e1ny","article_publisher":"https:\/\/www.facebook.com\/aboroslany\/","article_modified_time":"2026-01-03T16:17:24+00:00","og_image":[{"width":800,"height":531,"url":"https:\/\/www.leathergirl.eu\/wp-content\/uploads\/2022\/03\/k-DSC_0022K.jpg","type":"image\/jpeg"}],"schema":{"@context":"https:\/\/schema.org","@graph":[{"@type":"WebPage","@id":"https:\/\/www.leathergirl.eu\/product\/derek-es-combham-lofarokkal\/","url":"https:\/\/www.leathergirl.eu\/product\/derek-es-combham-lofarokkal\/","name":"HORSES WITH HORSES - The Furry Girl","isPartOf":{"@id":"https:\/\/www.leathergirl.eu\/#website"},"primaryImageOfPage":{"@id":"https:\/\/www.leathergirl.eu\/product\/derek-es-combham-lofarokkal\/#primaryimage"},"image":{"@id":"https:\/\/www.leathergirl.eu\/product\/derek-es-combham-lofarokkal\/#primaryimage"},"thumbnailUrl":"https:\/\/www.leathergirl.eu\/wp-content\/uploads\/2022\/03\/k-DSC_0022K.jpg","datePublished":"2022-03-20T13:11:21+00:00","dateModified":"2026-01-03T16:17:24+00:00","breadcrumb":{"@id":"https:\/\/www.leathergirl.eu\/product\/derek-es-combham-lofarokkal\/#breadcrumb"},"inLanguage":"en-GB","potentialAction":[{"@type":"ReadAction","target":["https:\/\/www.leathergirl.eu\/product\/derek-es-combham-lofarokkal\/"]}]},{"@type":"ImageObject","inLanguage":"en-GB","@id":"https:\/\/www.leathergirl.eu\/product\/derek-es-combham-lofarokkal\/#primaryimage","url":"https:\/\/www.leathergirl.eu\/wp-content\/uploads\/2022\/03\/k-DSC_0022K.jpg","contentUrl":"https:\/\/www.leathergirl.eu\/wp-content\/uploads\/2022\/03\/k-DSC_0022K.jpg","width":800,"height":531},{"@type":"BreadcrumbList","@id":"https:\/\/www.leathergirl.eu\/product\/derek-es-combham-lofarokkal\/#breadcrumb","itemListElement":[{"@type":"ListItem","position":1,"name":"Home","item":"https:\/\/www.leathergirl.eu\/"},{"@type":"ListItem","position":2,"name":"Shop","item":"https:\/\/www.leathergirl.eu\/en\/uzlet\/"},{"@type":"ListItem","position":3,"name":"DER\u00c9K- \u00c9S COMBH\u00c1M L\u00d3FAROKKAL"}]},{"@type":"WebSite","@id":"https:\/\/www.leathergirl.eu\/#website","url":"https:\/\/www.leathergirl.eu\/","name":"The Leather Girl","description":"... LeatherGirl ...","publisher":{"@id":"https:\/\/www.leathergirl.eu\/#organization"},"potentialAction":[{"@type":"SearchAction","target":{"@type":"EntryPoint","urlTemplate":"https:\/\/www.leathergirl.eu\/?s={search_term_string}"},"query-input":{"@type":"PropertyValueSpecification","valueRequired":true,"valueName":"search_term_string"}}],"inLanguage":"en-GB"},{"@type":"Organization","@id":"https:\/\/www.leathergirl.eu\/#organization","name":"The Leather Girl","url":"https:\/\/www.leathergirl.eu\/","logo":{"@type":"ImageObject","inLanguage":"en-GB","@id":"https:\/\/www.leathergirl.eu\/#\/schema\/logo\/image\/","url":"https:\/\/www.leathergirl.eu\/wp-content\/uploads\/2024\/05\/leathergirl-logo.png","contentUrl":"https:\/\/www.leathergirl.eu\/wp-content\/uploads\/2024\/05\/leathergirl-logo.png","width":280,"height":80,"caption":"A B\u0151r\u00f6s l\u00e1ny"},"image":{"@id":"https:\/\/www.leathergirl.eu\/#\/schema\/logo\/image\/"},"sameAs":["https:\/\/www.facebook.com\/aboroslany\/","https:\/\/www.instagram.com\/theleathergirl\/"],"email":"aboroslany@gmail.com","legalName":"Nepp T\u00edmea e.v.","numberOfEmployees":{"@type":"QuantitativeValue","minValue":"1","maxValue":"10"}}]},"product_price_amount":"174.80","product_price_currency":"EUR","og_availability":"instock","product_availability":"instock","product_condition":"new"},"_links":{"self":[{"href":"https:\/\/www.leathergirl.eu\/en\/wp-json\/wp\/v2\/product\/23860","targetHints":{"allow":["GET"]}}],"collection":[{"href":"https:\/\/www.leathergirl.eu\/en\/wp-json\/wp\/v2\/product"}],"about":[{"href":"https:\/\/www.leathergirl.eu\/en\/wp-json\/wp\/v2\/types\/product"}],"wp:featuredmedia":[{"embeddable":true,"href":"https:\/\/www.leathergirl.eu\/en\/wp-json\/wp\/v2\/media\/23861"}],"wp:attachment":[{"href":"https:\/\/www.leathergirl.eu\/en\/wp-json\/wp\/v2\/media?parent=23860"}],"wp:term":[{"taxonomy":"product_brand","embeddable":true,"href":"https:\/\/www.leathergirl.eu\/en\/wp-json\/wp\/v2\/product_brand?post=23860"},{"taxonomy":"product_cat","embeddable":true,"href":"https:\/\/www.leathergirl.eu\/en\/wp-json\/wp\/v2\/product_cat?post=23860"},{"taxonomy":"product_tag","embeddable":true,"href":"https:\/\/www.leathergirl.eu\/en\/wp-json\/wp\/v2\/product_tag?post=23860"}],"curies":[{"name":"wp","href":"https:\/\/api.w.org\/{rel}","templated":true}]}}