{"id":23843,"date":"2021-11-28T09:46:48","date_gmt":"2021-11-28T09:46:48","guid":{"rendered":"https:\/\/www.leathergirl.eu\/?post_type=product&#038;p=23843"},"modified":"2026-01-03T18:23:32","modified_gmt":"2026-01-03T17:23:32","slug":"black-white-neckwear","status":"publish","type":"product","link":"https:\/\/www.leathergirl.eu\/en\/product\/black-white-neckwear\/","title":{"rendered":"Black and white collar"},"content":{"rendered":"<p>On this collar the outer layer is about 2 mm thick, black cowhide, under which I put soft white cowhide folded into two layers. The D-ring in the middle at the front is 2 cm and welded. You can adjust the length of the straps with buckles.<br \/>\nYou can check the harness on the pictures \n<a href=\"https:\/\/www.leathergirl.eu\/en\/termek\/fekete-feher-bulldog-harness\/\" target=\"_blank\" rel=\"noopener\">here<\/a>.<br \/>\nThe harness is available in many different color combinations.<\/p>","protected":false},"excerpt":{"rendered":"<p>On this collar the outer layer is about 2 mm thick, black cowhide, under which I put soft white cowhide folded into two layers. The D-ring in the middle at the front is 2 cm and welded. You can adjust the length of the straps with buckles.<br \/>\nYou can check the harness on the pictures \n<a href=\"https:\/\/www.leathergirl.eu\/en\/termek\/fekete-feher-bulldog-harness\/\" target=\"_blank\" rel=\"noopener\">here<\/a>.<br \/>\nThe harness is available in many different color combinations.<\/p>","protected":false},"featured_media":23840,"template":"","meta":{"_et_pb_use_builder":"","_et_pb_old_content":"","_et_gb_content_width":""},"product_brand":[],"product_cat":[23],"product_tag":[],"class_list":{"0":"post-23843","1":"product","2":"type-product","3":"status-publish","4":"has-post-thumbnail","6":"product_cat-for-the-weekdays-and-party-accessories","8":"first","9":"instock","10":"purchasable","11":"product-type-simple"},"yoast_head":"<!-- This site is optimized with the Yoast SEO Premium plugin v26.2 (Yoast SEO v26.3) - https:\/\/yoast.com\/wordpress\/plugins\/seo\/ -->\n<title>FEKETE-FEH\u00c9R NYAKBAVAL\u00d3 - A B\u0151r\u00f6s l\u00e1ny<\/title>\n<meta name=\"robots\" content=\"index, follow, max-snippet:-1, max-image-preview:large, max-video-preview:-1\" \/>\n<link rel=\"canonical\" href=\"https:\/\/www.leathergirl.eu\/en\/product\/black-white-neckwear\/\" \/>\n<meta property=\"og:locale\" content=\"en_GB\" \/>\n<meta property=\"og:type\" content=\"article\" \/>\n<meta property=\"og:title\" content=\"FEKETE-FEH\u00c9R NYAKBAVAL\u00d3\" \/>\n<meta property=\"og:description\" content=\"Ezen a nyakbaval\u00f3n a k\u00fcls\u0151 r\u00e9teg kb 2 mm vastag, fekete marhab\u0151r, mely al\u00e1 k\u00e9t r\u00e9tegbe hajtott puha, feh\u00e9r marhab\u0151rt tettem. Az el\u0151l k\u00f6z\u00e9pen l\u00e9v\u0151 f\u00e9lkarika 2 cm-es, hegesztett. A sz\u00edj hossz\u00e1t csattal szab\u00e1lyozhatod. A k\u00e9peken l\u00e1that\u00f3 h\u00e1mr\u00f3l itt olvashatsz r\u00e9szleteket: https:\/\/www.leathergirl.eu\/termek\/fekete-feher-bulldog-harness\/ Sokf\u00e9le sz\u00edn\u00f6ssze\u00e1ll\u00edt\u00e1sban rendelheted.\" \/>\n<meta property=\"og:url\" content=\"https:\/\/www.leathergirl.eu\/en\/product\/black-white-neckwear\/\" \/>\n<meta property=\"og:site_name\" content=\"A B\u0151r\u00f6s l\u00e1ny\" \/>\n<meta property=\"article:publisher\" content=\"https:\/\/www.facebook.com\/aboroslany\/\" \/>\n<meta property=\"article:modified_time\" content=\"2026-01-03T17:23:32+00:00\" \/>\n<meta property=\"og:image\" content=\"https:\/\/www.leathergirl.eu\/wp-content\/uploads\/2021\/11\/fekete-feher-nyak.jpg\" \/>\n\t<meta property=\"og:image:width\" content=\"800\" \/>\n\t<meta property=\"og:image:height\" content=\"531\" \/>\n\t<meta property=\"og:image:type\" content=\"image\/jpeg\" \/>\n<script type=\"application\/ld+json\" class=\"yoast-schema-graph\">{\"@context\":\"https:\/\/schema.org\",\"@graph\":[{\"@type\":\"WebPage\",\"@id\":\"https:\/\/www.leathergirl.eu\/product\/fekete-feher-nyakbavalo\/\",\"url\":\"https:\/\/www.leathergirl.eu\/product\/fekete-feher-nyakbavalo\/\",\"name\":\"FEKETE-FEH\u00c9R NYAKBAVAL\u00d3 - A B\u0151r\u00f6s l\u00e1ny\",\"isPartOf\":{\"@id\":\"https:\/\/www.leathergirl.eu\/#website\"},\"primaryImageOfPage\":{\"@id\":\"https:\/\/www.leathergirl.eu\/product\/fekete-feher-nyakbavalo\/#primaryimage\"},\"image\":{\"@id\":\"https:\/\/www.leathergirl.eu\/product\/fekete-feher-nyakbavalo\/#primaryimage\"},\"thumbnailUrl\":\"https:\/\/www.leathergirl.eu\/wp-content\/uploads\/2021\/11\/fekete-feher-nyak.jpg\",\"datePublished\":\"2021-11-28T09:46:48+00:00\",\"dateModified\":\"2026-01-03T17:23:32+00:00\",\"breadcrumb\":{\"@id\":\"https:\/\/www.leathergirl.eu\/product\/fekete-feher-nyakbavalo\/#breadcrumb\"},\"inLanguage\":\"en-GB\",\"potentialAction\":[{\"@type\":\"ReadAction\",\"target\":[\"https:\/\/www.leathergirl.eu\/product\/fekete-feher-nyakbavalo\/\"]}]},{\"@type\":\"ImageObject\",\"inLanguage\":\"en-GB\",\"@id\":\"https:\/\/www.leathergirl.eu\/product\/fekete-feher-nyakbavalo\/#primaryimage\",\"url\":\"https:\/\/www.leathergirl.eu\/wp-content\/uploads\/2021\/11\/fekete-feher-nyak.jpg\",\"contentUrl\":\"https:\/\/www.leathergirl.eu\/wp-content\/uploads\/2021\/11\/fekete-feher-nyak.jpg\",\"width\":800,\"height\":531},{\"@type\":\"BreadcrumbList\",\"@id\":\"https:\/\/www.leathergirl.eu\/product\/fekete-feher-nyakbavalo\/#breadcrumb\",\"itemListElement\":[{\"@type\":\"ListItem\",\"position\":1,\"name\":\"Home\",\"item\":\"https:\/\/www.leathergirl.eu\/\"},{\"@type\":\"ListItem\",\"position\":2,\"name\":\"Shop\",\"item\":\"https:\/\/www.leathergirl.eu\/en\/uzlet\/\"},{\"@type\":\"ListItem\",\"position\":3,\"name\":\"FEKETE-FEH\u00c9R NYAKBAVAL\u00d3\"}]},{\"@type\":\"WebSite\",\"@id\":\"https:\/\/www.leathergirl.eu\/#website\",\"url\":\"https:\/\/www.leathergirl.eu\/\",\"name\":\"A B\u0151r\u00f6s l\u00e1ny\",\"description\":\"... LeatherGirl ...\",\"publisher\":{\"@id\":\"https:\/\/www.leathergirl.eu\/#organization\"},\"potentialAction\":[{\"@type\":\"SearchAction\",\"target\":{\"@type\":\"EntryPoint\",\"urlTemplate\":\"https:\/\/www.leathergirl.eu\/?s={search_term_string}\"},\"query-input\":{\"@type\":\"PropertyValueSpecification\",\"valueRequired\":true,\"valueName\":\"search_term_string\"}}],\"inLanguage\":\"en-GB\"},{\"@type\":\"Organization\",\"@id\":\"https:\/\/www.leathergirl.eu\/#organization\",\"name\":\"A B\u0151r\u00f6s l\u00e1ny\",\"url\":\"https:\/\/www.leathergirl.eu\/\",\"logo\":{\"@type\":\"ImageObject\",\"inLanguage\":\"en-GB\",\"@id\":\"https:\/\/www.leathergirl.eu\/#\/schema\/logo\/image\/\",\"url\":\"https:\/\/www.leathergirl.eu\/wp-content\/uploads\/2024\/05\/leathergirl-logo.png\",\"contentUrl\":\"https:\/\/www.leathergirl.eu\/wp-content\/uploads\/2024\/05\/leathergirl-logo.png\",\"width\":280,\"height\":80,\"caption\":\"A B\u0151r\u00f6s l\u00e1ny\"},\"image\":{\"@id\":\"https:\/\/www.leathergirl.eu\/#\/schema\/logo\/image\/\"},\"sameAs\":[\"https:\/\/www.facebook.com\/aboroslany\/\",\"https:\/\/www.instagram.com\/theleathergirl\/\"],\"email\":\"aboroslany@gmail.com\",\"legalName\":\"Nepp T\u00edmea e.v.\",\"numberOfEmployees\":{\"@type\":\"QuantitativeValue\",\"minValue\":\"1\",\"maxValue\":\"10\"}}]}<\/script>\n<meta property=\"product:price:amount\" content=\"42.80\" \/>\n<meta property=\"product:price:currency\" content=\"EUR\" \/>\n<meta property=\"og:availability\" content=\"instock\" \/>\n<meta property=\"product:availability\" content=\"instock\" \/>\n<meta property=\"product:condition\" content=\"new\" \/>\n<!-- \/ Yoast SEO Premium plugin. -->","yoast_head_json":{"title":"BLACK-WHITE BREATH - The Furry Girl","robots":{"index":"index","follow":"follow","max-snippet":"max-snippet:-1","max-image-preview":"max-image-preview:large","max-video-preview":"max-video-preview:-1"},"canonical":"https:\/\/www.leathergirl.eu\/en\/product\/black-white-neckwear\/","og_locale":"en_GB","og_type":"article","og_title":"FEKETE-FEH\u00c9R NYAKBAVAL\u00d3","og_description":"Ezen a nyakbaval\u00f3n a k\u00fcls\u0151 r\u00e9teg kb 2 mm vastag, fekete marhab\u0151r, mely al\u00e1 k\u00e9t r\u00e9tegbe hajtott puha, feh\u00e9r marhab\u0151rt tettem. Az el\u0151l k\u00f6z\u00e9pen l\u00e9v\u0151 f\u00e9lkarika 2 cm-es, hegesztett. A sz\u00edj hossz\u00e1t csattal szab\u00e1lyozhatod. A k\u00e9peken l\u00e1that\u00f3 h\u00e1mr\u00f3l itt olvashatsz r\u00e9szleteket: https:\/\/www.leathergirl.eu\/termek\/fekete-feher-bulldog-harness\/ Sokf\u00e9le sz\u00edn\u00f6ssze\u00e1ll\u00edt\u00e1sban rendelheted.","og_url":"https:\/\/www.leathergirl.eu\/en\/product\/black-white-neckwear\/","og_site_name":"A B\u0151r\u00f6s l\u00e1ny","article_publisher":"https:\/\/www.facebook.com\/aboroslany\/","article_modified_time":"2026-01-03T17:23:32+00:00","og_image":[{"width":800,"height":531,"url":"https:\/\/www.leathergirl.eu\/wp-content\/uploads\/2021\/11\/fekete-feher-nyak.jpg","type":"image\/jpeg"}],"schema":{"@context":"https:\/\/schema.org","@graph":[{"@type":"WebPage","@id":"https:\/\/www.leathergirl.eu\/product\/fekete-feher-nyakbavalo\/","url":"https:\/\/www.leathergirl.eu\/product\/fekete-feher-nyakbavalo\/","name":"BLACK-WHITE BREATH - The Furry Girl","isPartOf":{"@id":"https:\/\/www.leathergirl.eu\/#website"},"primaryImageOfPage":{"@id":"https:\/\/www.leathergirl.eu\/product\/fekete-feher-nyakbavalo\/#primaryimage"},"image":{"@id":"https:\/\/www.leathergirl.eu\/product\/fekete-feher-nyakbavalo\/#primaryimage"},"thumbnailUrl":"https:\/\/www.leathergirl.eu\/wp-content\/uploads\/2021\/11\/fekete-feher-nyak.jpg","datePublished":"2021-11-28T09:46:48+00:00","dateModified":"2026-01-03T17:23:32+00:00","breadcrumb":{"@id":"https:\/\/www.leathergirl.eu\/product\/fekete-feher-nyakbavalo\/#breadcrumb"},"inLanguage":"en-GB","potentialAction":[{"@type":"ReadAction","target":["https:\/\/www.leathergirl.eu\/product\/fekete-feher-nyakbavalo\/"]}]},{"@type":"ImageObject","inLanguage":"en-GB","@id":"https:\/\/www.leathergirl.eu\/product\/fekete-feher-nyakbavalo\/#primaryimage","url":"https:\/\/www.leathergirl.eu\/wp-content\/uploads\/2021\/11\/fekete-feher-nyak.jpg","contentUrl":"https:\/\/www.leathergirl.eu\/wp-content\/uploads\/2021\/11\/fekete-feher-nyak.jpg","width":800,"height":531},{"@type":"BreadcrumbList","@id":"https:\/\/www.leathergirl.eu\/product\/fekete-feher-nyakbavalo\/#breadcrumb","itemListElement":[{"@type":"ListItem","position":1,"name":"Home","item":"https:\/\/www.leathergirl.eu\/"},{"@type":"ListItem","position":2,"name":"Shop","item":"https:\/\/www.leathergirl.eu\/en\/uzlet\/"},{"@type":"ListItem","position":3,"name":"FEKETE-FEH\u00c9R NYAKBAVAL\u00d3"}]},{"@type":"WebSite","@id":"https:\/\/www.leathergirl.eu\/#website","url":"https:\/\/www.leathergirl.eu\/","name":"The Leather Girl","description":"... LeatherGirl ...","publisher":{"@id":"https:\/\/www.leathergirl.eu\/#organization"},"potentialAction":[{"@type":"SearchAction","target":{"@type":"EntryPoint","urlTemplate":"https:\/\/www.leathergirl.eu\/?s={search_term_string}"},"query-input":{"@type":"PropertyValueSpecification","valueRequired":true,"valueName":"search_term_string"}}],"inLanguage":"en-GB"},{"@type":"Organization","@id":"https:\/\/www.leathergirl.eu\/#organization","name":"The Leather Girl","url":"https:\/\/www.leathergirl.eu\/","logo":{"@type":"ImageObject","inLanguage":"en-GB","@id":"https:\/\/www.leathergirl.eu\/#\/schema\/logo\/image\/","url":"https:\/\/www.leathergirl.eu\/wp-content\/uploads\/2024\/05\/leathergirl-logo.png","contentUrl":"https:\/\/www.leathergirl.eu\/wp-content\/uploads\/2024\/05\/leathergirl-logo.png","width":280,"height":80,"caption":"A B\u0151r\u00f6s l\u00e1ny"},"image":{"@id":"https:\/\/www.leathergirl.eu\/#\/schema\/logo\/image\/"},"sameAs":["https:\/\/www.facebook.com\/aboroslany\/","https:\/\/www.instagram.com\/theleathergirl\/"],"email":"aboroslany@gmail.com","legalName":"Nepp T\u00edmea e.v.","numberOfEmployees":{"@type":"QuantitativeValue","minValue":"1","maxValue":"10"}}]},"product_price_amount":"42.80","product_price_currency":"EUR","og_availability":"instock","product_availability":"instock","product_condition":"new"},"_links":{"self":[{"href":"https:\/\/www.leathergirl.eu\/en\/wp-json\/wp\/v2\/product\/23843","targetHints":{"allow":["GET"]}}],"collection":[{"href":"https:\/\/www.leathergirl.eu\/en\/wp-json\/wp\/v2\/product"}],"about":[{"href":"https:\/\/www.leathergirl.eu\/en\/wp-json\/wp\/v2\/types\/product"}],"wp:featuredmedia":[{"embeddable":true,"href":"https:\/\/www.leathergirl.eu\/en\/wp-json\/wp\/v2\/media\/23840"}],"wp:attachment":[{"href":"https:\/\/www.leathergirl.eu\/en\/wp-json\/wp\/v2\/media?parent=23843"}],"wp:term":[{"taxonomy":"product_brand","embeddable":true,"href":"https:\/\/www.leathergirl.eu\/en\/wp-json\/wp\/v2\/product_brand?post=23843"},{"taxonomy":"product_cat","embeddable":true,"href":"https:\/\/www.leathergirl.eu\/en\/wp-json\/wp\/v2\/product_cat?post=23843"},{"taxonomy":"product_tag","embeddable":true,"href":"https:\/\/www.leathergirl.eu\/en\/wp-json\/wp\/v2\/product_tag?post=23843"}],"curies":[{"name":"wp","href":"https:\/\/api.w.org\/{rel}","templated":true}]}}