{"id":23798,"date":"2021-09-27T11:03:18","date_gmt":"2021-09-27T11:03:18","guid":{"rendered":"https:\/\/www.leathergirl.eu\/?post_type=product&#038;p=23798"},"modified":"2026-01-04T15:39:10","modified_gmt":"2026-01-04T14:39:10","slug":"100-salas-red-black-korbacs","status":"publish","type":"product","link":"https:\/\/www.leathergirl.eu\/en\/product\/100-salas-red-black-korbacs\/","title":{"rendered":"Flogger with 1OO tails (red and black)"},"content":{"rendered":"<p>This flogger is made from 50 folded strands of medium-thick, stiff cowhide leather\u2014 one half cut from red leather, the other half from black. The usable length of the leather strands is approximately 50 cm.\n\nThe handle is formed by tightly binding the base of the strands, then covering it with soft leather and finishing it with a wrapped leather strap. The handle itself measures around 20 cm in length.\n\nA 3 cm wide welded half-ring is attached at the center of the strands, making the flogger easier to store and offering a convenient grip or attachment point during use.<\/p>","protected":false},"excerpt":{"rendered":"<p>This flogger is made from 50 medium-thick, stiff cowhide strands\u201425 black and 25 red\u2014each folded in half. The effective length of the leather falls is approximately 50 cm.\n\nThe handle is wrapped in soft leather and finished with a leather strap for a secure, comfortable grip. It measures roughly 20 cm in length.\n\nA 3 cm wide welded D-ring is placed at the center of the leather strands\u2014practical both during use and for easy storage.<\/p>","protected":false},"featured_media":23800,"template":"","meta":{"_et_pb_use_builder":"off","_et_pb_old_content":"Ezt a korb\u00e1csot 50 db f\u00e9lbehajtott, k\u00f6zepesen vastag \u00e9s kem\u00e9ny marhab\u0151r sz\u00e1lb\u00f3l k\u00e9sz\u00edtettem. A fel\u00e9t piros, a m\u00e1sik fel\u00e9t fekete b\u0151rb\u0151l szabom. A b\u0151r sz\u00e1lak \u201chasznos hossza\u201d kb\u00a0 50 cm. A nyel\u00e9t \u00fagy alak\u00edtottam ki, hogy a b\u0151r sz\u00e1lak megfelel\u0151 r\u00e9sz\u00e9t szorosan \u00f6sszek\u00f6t\u00f6ttem, majd bevontam puha b\u0151rrel, \u00e9s k\u00f6rbef\u0171ztem b\u0151r sz\u00edjjal. A ny\u00e9l hossza \u00f6sszesen kb 20 cm. A b\u0151r cs\u00edkok k\u00f6zep\u00e9hez egy 3 cm sz\u00e9les hegesztett f\u00e9lkarik\u00e1t tettem, ami a haszn\u00e1lat sor\u00e1n is praktikus lehet, \u00e9s a t\u00e1rol\u00e1st is egyszer\u0171bb\u00e9 teszi.","_et_gb_content_width":""},"product_brand":[],"product_cat":[44,40],"product_tag":[],"class_list":{"0":"post-23798","1":"product","2":"type-product","3":"status-publish","4":"has-post-thumbnail","6":"product_cat-buszkesegeim","7":"product_cat-floggers-and-spanking-devices","9":"first","10":"instock","11":"purchasable","12":"product-type-simple"},"yoast_head":"<!-- This site is optimized with the Yoast SEO Premium plugin v26.2 (Yoast SEO v26.3) - https:\/\/yoast.com\/wordpress\/plugins\/seo\/ -->\n<title>100 SZ\u00c1LAS PIROS-FEKETE KORB\u00c1CS - A B\u0151r\u00f6s l\u00e1ny<\/title>\n<meta name=\"robots\" content=\"index, follow, max-snippet:-1, max-image-preview:large, max-video-preview:-1\" \/>\n<link rel=\"canonical\" href=\"https:\/\/www.leathergirl.eu\/en\/product\/100-salas-red-black-korbacs\/\" \/>\n<meta property=\"og:locale\" content=\"en_GB\" \/>\n<meta property=\"og:type\" content=\"article\" \/>\n<meta property=\"og:title\" content=\"100 SZ\u00c1LAS PIROS-FEKETE KORB\u00c1CS\" \/>\n<meta property=\"og:description\" content=\"Ezt a korb\u00e1csot 50 db f\u00e9lbehajtott, k\u00f6zepesen vastag \u00e9s kem\u00e9ny marhab\u0151r sz\u00e1lb\u00f3l k\u00e9sz\u00edtettem. A fel\u00e9t piros, a m\u00e1sik fel\u00e9t fekete b\u0151rb\u0151l szabom. A b\u0151r sz\u00e1lak \u201chasznos hossza\u201d kb 50 cm. A nyel\u00e9t \u00fagy alak\u00edtottam ki, hogy a b\u0151r sz\u00e1lak megfelel\u0151 r\u00e9sz\u00e9t szorosan \u00f6sszek\u00f6t\u00f6ttem, majd bevontam puha b\u0151rrel, \u00e9s k\u00f6rbef\u0171ztem b\u0151r sz\u00edjjal. A ny\u00e9l hossza \u00f6sszesen kb 20 cm. A b\u0151r cs\u00edkok k\u00f6zep\u00e9hez egy 3 cm sz\u00e9les hegesztett f\u00e9lkarik\u00e1t tettem, ami a haszn\u00e1lat sor\u00e1n is praktikus lehet, \u00e9s a t\u00e1rol\u00e1st is egyszer\u0171bb\u00e9 teszi.\" \/>\n<meta property=\"og:url\" content=\"https:\/\/www.leathergirl.eu\/en\/product\/100-salas-red-black-korbacs\/\" \/>\n<meta property=\"og:site_name\" content=\"A B\u0151r\u00f6s l\u00e1ny\" \/>\n<meta property=\"article:publisher\" content=\"https:\/\/www.facebook.com\/aboroslany\/\" \/>\n<meta property=\"article:modified_time\" content=\"2026-01-04T14:39:10+00:00\" \/>\n<meta property=\"og:image\" content=\"https:\/\/www.leathergirl.eu\/wp-content\/uploads\/2021\/09\/100-szalas2.jpg\" \/>\n\t<meta property=\"og:image:width\" content=\"800\" \/>\n\t<meta property=\"og:image:height\" content=\"531\" \/>\n\t<meta property=\"og:image:type\" content=\"image\/jpeg\" \/>\n<script type=\"application\/ld+json\" class=\"yoast-schema-graph\">{\"@context\":\"https:\/\/schema.org\",\"@graph\":[{\"@type\":\"WebPage\",\"@id\":\"https:\/\/www.leathergirl.eu\/product\/100-szalas-piros-fekete-korbacs\/\",\"url\":\"https:\/\/www.leathergirl.eu\/product\/100-szalas-piros-fekete-korbacs\/\",\"name\":\"100 SZ\u00c1LAS PIROS-FEKETE KORB\u00c1CS - A B\u0151r\u00f6s l\u00e1ny\",\"isPartOf\":{\"@id\":\"https:\/\/www.leathergirl.eu\/#website\"},\"primaryImageOfPage\":{\"@id\":\"https:\/\/www.leathergirl.eu\/product\/100-szalas-piros-fekete-korbacs\/#primaryimage\"},\"image\":{\"@id\":\"https:\/\/www.leathergirl.eu\/product\/100-szalas-piros-fekete-korbacs\/#primaryimage\"},\"thumbnailUrl\":\"https:\/\/www.leathergirl.eu\/wp-content\/uploads\/2021\/09\/100-szalas2.jpg\",\"datePublished\":\"2021-09-27T11:03:18+00:00\",\"dateModified\":\"2026-01-04T14:39:10+00:00\",\"breadcrumb\":{\"@id\":\"https:\/\/www.leathergirl.eu\/product\/100-szalas-piros-fekete-korbacs\/#breadcrumb\"},\"inLanguage\":\"en-GB\",\"potentialAction\":[{\"@type\":\"ReadAction\",\"target\":[\"https:\/\/www.leathergirl.eu\/product\/100-szalas-piros-fekete-korbacs\/\"]}]},{\"@type\":\"ImageObject\",\"inLanguage\":\"en-GB\",\"@id\":\"https:\/\/www.leathergirl.eu\/product\/100-szalas-piros-fekete-korbacs\/#primaryimage\",\"url\":\"https:\/\/www.leathergirl.eu\/wp-content\/uploads\/2021\/09\/100-szalas2.jpg\",\"contentUrl\":\"https:\/\/www.leathergirl.eu\/wp-content\/uploads\/2021\/09\/100-szalas2.jpg\",\"width\":800,\"height\":531},{\"@type\":\"BreadcrumbList\",\"@id\":\"https:\/\/www.leathergirl.eu\/product\/100-szalas-piros-fekete-korbacs\/#breadcrumb\",\"itemListElement\":[{\"@type\":\"ListItem\",\"position\":1,\"name\":\"Home\",\"item\":\"https:\/\/www.leathergirl.eu\/\"},{\"@type\":\"ListItem\",\"position\":2,\"name\":\"Shop\",\"item\":\"https:\/\/www.leathergirl.eu\/en\/uzlet\/\"},{\"@type\":\"ListItem\",\"position\":3,\"name\":\"100 SZ\u00c1LAS PIROS-FEKETE KORB\u00c1CS\"}]},{\"@type\":\"WebSite\",\"@id\":\"https:\/\/www.leathergirl.eu\/#website\",\"url\":\"https:\/\/www.leathergirl.eu\/\",\"name\":\"A B\u0151r\u00f6s l\u00e1ny\",\"description\":\"... LeatherGirl ...\",\"publisher\":{\"@id\":\"https:\/\/www.leathergirl.eu\/#organization\"},\"potentialAction\":[{\"@type\":\"SearchAction\",\"target\":{\"@type\":\"EntryPoint\",\"urlTemplate\":\"https:\/\/www.leathergirl.eu\/?s={search_term_string}\"},\"query-input\":{\"@type\":\"PropertyValueSpecification\",\"valueRequired\":true,\"valueName\":\"search_term_string\"}}],\"inLanguage\":\"en-GB\"},{\"@type\":\"Organization\",\"@id\":\"https:\/\/www.leathergirl.eu\/#organization\",\"name\":\"A B\u0151r\u00f6s l\u00e1ny\",\"url\":\"https:\/\/www.leathergirl.eu\/\",\"logo\":{\"@type\":\"ImageObject\",\"inLanguage\":\"en-GB\",\"@id\":\"https:\/\/www.leathergirl.eu\/#\/schema\/logo\/image\/\",\"url\":\"https:\/\/www.leathergirl.eu\/wp-content\/uploads\/2024\/05\/leathergirl-logo.png\",\"contentUrl\":\"https:\/\/www.leathergirl.eu\/wp-content\/uploads\/2024\/05\/leathergirl-logo.png\",\"width\":280,\"height\":80,\"caption\":\"A B\u0151r\u00f6s l\u00e1ny\"},\"image\":{\"@id\":\"https:\/\/www.leathergirl.eu\/#\/schema\/logo\/image\/\"},\"sameAs\":[\"https:\/\/www.facebook.com\/aboroslany\/\",\"https:\/\/www.instagram.com\/theleathergirl\/\"],\"email\":\"aboroslany@gmail.com\",\"legalName\":\"Nepp T\u00edmea e.v.\",\"numberOfEmployees\":{\"@type\":\"QuantitativeValue\",\"minValue\":\"1\",\"maxValue\":\"10\"}}]}<\/script>\n<meta property=\"product:price:amount\" content=\"131.30\" \/>\n<meta property=\"product:price:currency\" content=\"EUR\" \/>\n<meta property=\"og:availability\" content=\"instock\" \/>\n<meta property=\"product:availability\" content=\"instock\" \/>\n<meta property=\"product:condition\" content=\"new\" \/>\n<!-- \/ Yoast SEO Premium plugin. -->","yoast_head_json":{"title":"100 WIRED BLACK-BLACK BROCHES - The Furry Girl","robots":{"index":"index","follow":"follow","max-snippet":"max-snippet:-1","max-image-preview":"max-image-preview:large","max-video-preview":"max-video-preview:-1"},"canonical":"https:\/\/www.leathergirl.eu\/en\/product\/100-salas-red-black-korbacs\/","og_locale":"en_GB","og_type":"article","og_title":"100 SZ\u00c1LAS PIROS-FEKETE KORB\u00c1CS","og_description":"Ezt a korb\u00e1csot 50 db f\u00e9lbehajtott, k\u00f6zepesen vastag \u00e9s kem\u00e9ny marhab\u0151r sz\u00e1lb\u00f3l k\u00e9sz\u00edtettem. A fel\u00e9t piros, a m\u00e1sik fel\u00e9t fekete b\u0151rb\u0151l szabom. A b\u0151r sz\u00e1lak \u201chasznos hossza\u201d kb 50 cm. A nyel\u00e9t \u00fagy alak\u00edtottam ki, hogy a b\u0151r sz\u00e1lak megfelel\u0151 r\u00e9sz\u00e9t szorosan \u00f6sszek\u00f6t\u00f6ttem, majd bevontam puha b\u0151rrel, \u00e9s k\u00f6rbef\u0171ztem b\u0151r sz\u00edjjal. A ny\u00e9l hossza \u00f6sszesen kb 20 cm. A b\u0151r cs\u00edkok k\u00f6zep\u00e9hez egy 3 cm sz\u00e9les hegesztett f\u00e9lkarik\u00e1t tettem, ami a haszn\u00e1lat sor\u00e1n is praktikus lehet, \u00e9s a t\u00e1rol\u00e1st is egyszer\u0171bb\u00e9 teszi.","og_url":"https:\/\/www.leathergirl.eu\/en\/product\/100-salas-red-black-korbacs\/","og_site_name":"A B\u0151r\u00f6s l\u00e1ny","article_publisher":"https:\/\/www.facebook.com\/aboroslany\/","article_modified_time":"2026-01-04T14:39:10+00:00","og_image":[{"width":800,"height":531,"url":"https:\/\/www.leathergirl.eu\/wp-content\/uploads\/2021\/09\/100-szalas2.jpg","type":"image\/jpeg"}],"schema":{"@context":"https:\/\/schema.org","@graph":[{"@type":"WebPage","@id":"https:\/\/www.leathergirl.eu\/product\/100-szalas-piros-fekete-korbacs\/","url":"https:\/\/www.leathergirl.eu\/product\/100-szalas-piros-fekete-korbacs\/","name":"100 WIRED BLACK-BLACK BROCHES - The Furry Girl","isPartOf":{"@id":"https:\/\/www.leathergirl.eu\/#website"},"primaryImageOfPage":{"@id":"https:\/\/www.leathergirl.eu\/product\/100-szalas-piros-fekete-korbacs\/#primaryimage"},"image":{"@id":"https:\/\/www.leathergirl.eu\/product\/100-szalas-piros-fekete-korbacs\/#primaryimage"},"thumbnailUrl":"https:\/\/www.leathergirl.eu\/wp-content\/uploads\/2021\/09\/100-szalas2.jpg","datePublished":"2021-09-27T11:03:18+00:00","dateModified":"2026-01-04T14:39:10+00:00","breadcrumb":{"@id":"https:\/\/www.leathergirl.eu\/product\/100-szalas-piros-fekete-korbacs\/#breadcrumb"},"inLanguage":"en-GB","potentialAction":[{"@type":"ReadAction","target":["https:\/\/www.leathergirl.eu\/product\/100-szalas-piros-fekete-korbacs\/"]}]},{"@type":"ImageObject","inLanguage":"en-GB","@id":"https:\/\/www.leathergirl.eu\/product\/100-szalas-piros-fekete-korbacs\/#primaryimage","url":"https:\/\/www.leathergirl.eu\/wp-content\/uploads\/2021\/09\/100-szalas2.jpg","contentUrl":"https:\/\/www.leathergirl.eu\/wp-content\/uploads\/2021\/09\/100-szalas2.jpg","width":800,"height":531},{"@type":"BreadcrumbList","@id":"https:\/\/www.leathergirl.eu\/product\/100-szalas-piros-fekete-korbacs\/#breadcrumb","itemListElement":[{"@type":"ListItem","position":1,"name":"Home","item":"https:\/\/www.leathergirl.eu\/"},{"@type":"ListItem","position":2,"name":"Shop","item":"https:\/\/www.leathergirl.eu\/en\/uzlet\/"},{"@type":"ListItem","position":3,"name":"100 SZ\u00c1LAS PIROS-FEKETE KORB\u00c1CS"}]},{"@type":"WebSite","@id":"https:\/\/www.leathergirl.eu\/#website","url":"https:\/\/www.leathergirl.eu\/","name":"The Leather Girl","description":"... LeatherGirl ...","publisher":{"@id":"https:\/\/www.leathergirl.eu\/#organization"},"potentialAction":[{"@type":"SearchAction","target":{"@type":"EntryPoint","urlTemplate":"https:\/\/www.leathergirl.eu\/?s={search_term_string}"},"query-input":{"@type":"PropertyValueSpecification","valueRequired":true,"valueName":"search_term_string"}}],"inLanguage":"en-GB"},{"@type":"Organization","@id":"https:\/\/www.leathergirl.eu\/#organization","name":"The Leather Girl","url":"https:\/\/www.leathergirl.eu\/","logo":{"@type":"ImageObject","inLanguage":"en-GB","@id":"https:\/\/www.leathergirl.eu\/#\/schema\/logo\/image\/","url":"https:\/\/www.leathergirl.eu\/wp-content\/uploads\/2024\/05\/leathergirl-logo.png","contentUrl":"https:\/\/www.leathergirl.eu\/wp-content\/uploads\/2024\/05\/leathergirl-logo.png","width":280,"height":80,"caption":"A B\u0151r\u00f6s l\u00e1ny"},"image":{"@id":"https:\/\/www.leathergirl.eu\/#\/schema\/logo\/image\/"},"sameAs":["https:\/\/www.facebook.com\/aboroslany\/","https:\/\/www.instagram.com\/theleathergirl\/"],"email":"aboroslany@gmail.com","legalName":"Nepp T\u00edmea e.v.","numberOfEmployees":{"@type":"QuantitativeValue","minValue":"1","maxValue":"10"}}]},"product_price_amount":"131.30","product_price_currency":"EUR","og_availability":"instock","product_availability":"instock","product_condition":"new"},"_links":{"self":[{"href":"https:\/\/www.leathergirl.eu\/en\/wp-json\/wp\/v2\/product\/23798","targetHints":{"allow":["GET"]}}],"collection":[{"href":"https:\/\/www.leathergirl.eu\/en\/wp-json\/wp\/v2\/product"}],"about":[{"href":"https:\/\/www.leathergirl.eu\/en\/wp-json\/wp\/v2\/types\/product"}],"wp:featuredmedia":[{"embeddable":true,"href":"https:\/\/www.leathergirl.eu\/en\/wp-json\/wp\/v2\/media\/23800"}],"wp:attachment":[{"href":"https:\/\/www.leathergirl.eu\/en\/wp-json\/wp\/v2\/media?parent=23798"}],"wp:term":[{"taxonomy":"product_brand","embeddable":true,"href":"https:\/\/www.leathergirl.eu\/en\/wp-json\/wp\/v2\/product_brand?post=23798"},{"taxonomy":"product_cat","embeddable":true,"href":"https:\/\/www.leathergirl.eu\/en\/wp-json\/wp\/v2\/product_cat?post=23798"},{"taxonomy":"product_tag","embeddable":true,"href":"https:\/\/www.leathergirl.eu\/en\/wp-json\/wp\/v2\/product_tag?post=23798"}],"curies":[{"name":"wp","href":"https:\/\/api.w.org\/{rel}","templated":true}]}}