{"id":23788,"date":"2021-09-27T10:19:50","date_gmt":"2021-09-27T10:19:50","guid":{"rendered":"https:\/\/www.leathergirl.eu\/?post_type=product&#038;p=23788"},"modified":"2026-01-03T18:25:39","modified_gmt":"2026-01-03T17:25:39","slug":"double-cup-neck-brace","status":"publish","type":"product","link":"https:\/\/www.leathergirl.eu\/en\/product\/double-cup-neck-brace\/","title":{"rendered":"Collar with three double rings"},"content":{"rendered":"<p>This collar is 5 cm wide and the riveted strap is 3 cm, each made of several layers of leather. The length is adjustable. Its special feature is the three double hoops, both of which are welded. I sew a layer of soft leather on the inside of the wide body to make it comfortable to wear.<br \/>\nSo far, I\u2019ve made it in matte black, high-gloss black and silver, but you can order in other colors as well.<br \/>\nPictures by: <a href=\"http:\/\/seiner k. Photo extreme\" target=\"_blank\" rel=\"noopener\">Seiner K. Photo extreme<\/a><br \/>\nModel: <a href=\"https:\/\/instagram.com\/pixofannalie?utm_medium=copy_link\" target=\"_blank\" rel=\"noopener\">Pixofannalie<\/a><\/p>","protected":false},"excerpt":{"rendered":"<p>This collar is 5 cm wide and the riveted strap is 3 cm, each made of several layers of leather. The length is adjustable. Its special feature is the three double hoops, both of which are welded. I sew a layer of soft leather on the inside of the wide body to make it comfortable to wear.<br \/>\nSo far, I\u2019ve made it in matte black, high-gloss black and silver, but you can order in other colors as well.<br \/>\nPictures by: <a href=\"http:\/\/seiner k. Photo extreme\" target=\"_blank\" rel=\"noopener\">Seiner K. Photo extreme<\/a><br \/>\nModel: <a href=\"https:\/\/instagram.com\/pixofannalie?utm_medium=copy_link\" target=\"_blank\" rel=\"noopener\">Pixofannalie<\/a><\/p>","protected":false},"featured_media":23804,"template":"","meta":{"_et_pb_use_builder":"","_et_pb_old_content":"","_et_gb_content_width":""},"product_brand":[],"product_cat":[23,16],"product_tag":[],"class_list":{"0":"post-23788","1":"product","2":"type-product","3":"status-publish","4":"has-post-thumbnail","6":"product_cat-for-the-weekdays-and-party-accessories","7":"product_cat-collars","9":"first","10":"instock","11":"purchasable","12":"product-type-simple"},"yoast_head":"<!-- This site is optimized with the Yoast SEO Premium plugin v26.2 (Yoast SEO v26.3) - https:\/\/yoast.com\/wordpress\/plugins\/seo\/ -->\n<title>DUPLA KARIK\u00c1S NYAKBAVAL\u00d3 - A B\u0151r\u00f6s l\u00e1ny<\/title>\n<meta name=\"robots\" content=\"index, follow, max-snippet:-1, max-image-preview:large, max-video-preview:-1\" \/>\n<link rel=\"canonical\" href=\"https:\/\/www.leathergirl.eu\/en\/product\/double-cup-neck-brace\/\" \/>\n<meta property=\"og:locale\" content=\"en_GB\" \/>\n<meta property=\"og:type\" content=\"article\" \/>\n<meta property=\"og:title\" content=\"DUPLA KARIK\u00c1S NYAKBAVAL\u00d3\" \/>\n<meta property=\"og:description\" content=\"Ez a nyakbaval\u00f3 5 cm sz\u00e9les, a r\u00e1szegecselt sz\u00edj pedig 3 cm-es, mindegyik t\u00f6bb r\u00e9teg b\u0151rb\u0151l k\u00e9sz\u00fcl A hossza szab\u00e1lyozhat\u00f3. K\u00fcl\u00f6nlegess\u00e9g\u00e9t a h\u00e1rom darab dupla karika adja, melynek mindk\u00e9t r\u00e9sze hegesztett. A sz\u00e9les f\u0151r\u00e9sz bels\u0151 oldal\u00e1ra egy r\u00e9teg puha b\u0151rt varrok, hogy k\u00e9nyelmes legyen viselni. Eddig matt feket\u00e9b\u0151l, magas f\u00e9ny\u0171 feket\u00e9b\u0151l \u00e9s ez\u00fcstb\u0151l k\u00e9sz\u00edtettem, de m\u00e1s sz\u00ednben is rendelheted. Modell fot\u00f3: Seiner K. Photo extreme Modell: Pixofannalie\" \/>\n<meta property=\"og:url\" content=\"https:\/\/www.leathergirl.eu\/en\/product\/double-cup-neck-brace\/\" \/>\n<meta property=\"og:site_name\" content=\"A B\u0151r\u00f6s l\u00e1ny\" \/>\n<meta property=\"article:publisher\" content=\"https:\/\/www.facebook.com\/aboroslany\/\" \/>\n<meta property=\"article:modified_time\" content=\"2026-01-03T17:25:39+00:00\" \/>\n<meta property=\"og:image\" content=\"https:\/\/www.leathergirl.eu\/wp-content\/uploads\/2021\/09\/k-CHR_6929-masolat.jpg\" \/>\n\t<meta property=\"og:image:width\" content=\"1024\" \/>\n\t<meta property=\"og:image:height\" content=\"684\" \/>\n\t<meta property=\"og:image:type\" content=\"image\/jpeg\" \/>\n<script type=\"application\/ld+json\" class=\"yoast-schema-graph\">{\"@context\":\"https:\/\/schema.org\",\"@graph\":[{\"@type\":\"WebPage\",\"@id\":\"https:\/\/www.leathergirl.eu\/product\/dupla-karikas-nyakbavalo\/\",\"url\":\"https:\/\/www.leathergirl.eu\/product\/dupla-karikas-nyakbavalo\/\",\"name\":\"DUPLA KARIK\u00c1S NYAKBAVAL\u00d3 - A B\u0151r\u00f6s l\u00e1ny\",\"isPartOf\":{\"@id\":\"https:\/\/www.leathergirl.eu\/#website\"},\"primaryImageOfPage\":{\"@id\":\"https:\/\/www.leathergirl.eu\/product\/dupla-karikas-nyakbavalo\/#primaryimage\"},\"image\":{\"@id\":\"https:\/\/www.leathergirl.eu\/product\/dupla-karikas-nyakbavalo\/#primaryimage\"},\"thumbnailUrl\":\"https:\/\/www.leathergirl.eu\/wp-content\/uploads\/2021\/09\/k-CHR_6929-masolat.jpg\",\"datePublished\":\"2021-09-27T10:19:50+00:00\",\"dateModified\":\"2026-01-03T17:25:39+00:00\",\"breadcrumb\":{\"@id\":\"https:\/\/www.leathergirl.eu\/product\/dupla-karikas-nyakbavalo\/#breadcrumb\"},\"inLanguage\":\"en-GB\",\"potentialAction\":[{\"@type\":\"ReadAction\",\"target\":[\"https:\/\/www.leathergirl.eu\/product\/dupla-karikas-nyakbavalo\/\"]}]},{\"@type\":\"ImageObject\",\"inLanguage\":\"en-GB\",\"@id\":\"https:\/\/www.leathergirl.eu\/product\/dupla-karikas-nyakbavalo\/#primaryimage\",\"url\":\"https:\/\/www.leathergirl.eu\/wp-content\/uploads\/2021\/09\/k-CHR_6929-masolat.jpg\",\"contentUrl\":\"https:\/\/www.leathergirl.eu\/wp-content\/uploads\/2021\/09\/k-CHR_6929-masolat.jpg\",\"width\":1024,\"height\":684,\"caption\":\"???????\"},{\"@type\":\"BreadcrumbList\",\"@id\":\"https:\/\/www.leathergirl.eu\/product\/dupla-karikas-nyakbavalo\/#breadcrumb\",\"itemListElement\":[{\"@type\":\"ListItem\",\"position\":1,\"name\":\"Home\",\"item\":\"https:\/\/www.leathergirl.eu\/\"},{\"@type\":\"ListItem\",\"position\":2,\"name\":\"Shop\",\"item\":\"https:\/\/www.leathergirl.eu\/en\/uzlet\/\"},{\"@type\":\"ListItem\",\"position\":3,\"name\":\"DUPLA KARIK\u00c1S NYAKBAVAL\u00d3\"}]},{\"@type\":\"WebSite\",\"@id\":\"https:\/\/www.leathergirl.eu\/#website\",\"url\":\"https:\/\/www.leathergirl.eu\/\",\"name\":\"A B\u0151r\u00f6s l\u00e1ny\",\"description\":\"... LeatherGirl ...\",\"publisher\":{\"@id\":\"https:\/\/www.leathergirl.eu\/#organization\"},\"potentialAction\":[{\"@type\":\"SearchAction\",\"target\":{\"@type\":\"EntryPoint\",\"urlTemplate\":\"https:\/\/www.leathergirl.eu\/?s={search_term_string}\"},\"query-input\":{\"@type\":\"PropertyValueSpecification\",\"valueRequired\":true,\"valueName\":\"search_term_string\"}}],\"inLanguage\":\"en-GB\"},{\"@type\":\"Organization\",\"@id\":\"https:\/\/www.leathergirl.eu\/#organization\",\"name\":\"A B\u0151r\u00f6s l\u00e1ny\",\"url\":\"https:\/\/www.leathergirl.eu\/\",\"logo\":{\"@type\":\"ImageObject\",\"inLanguage\":\"en-GB\",\"@id\":\"https:\/\/www.leathergirl.eu\/#\/schema\/logo\/image\/\",\"url\":\"https:\/\/www.leathergirl.eu\/wp-content\/uploads\/2024\/05\/leathergirl-logo.png\",\"contentUrl\":\"https:\/\/www.leathergirl.eu\/wp-content\/uploads\/2024\/05\/leathergirl-logo.png\",\"width\":280,\"height\":80,\"caption\":\"A B\u0151r\u00f6s l\u00e1ny\"},\"image\":{\"@id\":\"https:\/\/www.leathergirl.eu\/#\/schema\/logo\/image\/\"},\"sameAs\":[\"https:\/\/www.facebook.com\/aboroslany\/\",\"https:\/\/www.instagram.com\/theleathergirl\/\"],\"email\":\"aboroslany@gmail.com\",\"legalName\":\"Nepp T\u00edmea e.v.\",\"numberOfEmployees\":{\"@type\":\"QuantitativeValue\",\"minValue\":\"1\",\"maxValue\":\"10\"}}]}<\/script>\n<meta property=\"product:price:amount\" content=\"71.70\" \/>\n<meta property=\"product:price:currency\" content=\"EUR\" \/>\n<meta property=\"og:availability\" content=\"instock\" \/>\n<meta property=\"product:availability\" content=\"instock\" \/>\n<meta property=\"product:condition\" content=\"new\" \/>\n<!-- \/ Yoast SEO Premium plugin. -->","yoast_head_json":{"title":"DUPLA KARIK\u00c1S NAKBAVAL\u00d3 - The Furry Girl","robots":{"index":"index","follow":"follow","max-snippet":"max-snippet:-1","max-image-preview":"max-image-preview:large","max-video-preview":"max-video-preview:-1"},"canonical":"https:\/\/www.leathergirl.eu\/en\/product\/double-cup-neck-brace\/","og_locale":"en_GB","og_type":"article","og_title":"DUPLA KARIK\u00c1S NYAKBAVAL\u00d3","og_description":"Ez a nyakbaval\u00f3 5 cm sz\u00e9les, a r\u00e1szegecselt sz\u00edj pedig 3 cm-es, mindegyik t\u00f6bb r\u00e9teg b\u0151rb\u0151l k\u00e9sz\u00fcl A hossza szab\u00e1lyozhat\u00f3. K\u00fcl\u00f6nlegess\u00e9g\u00e9t a h\u00e1rom darab dupla karika adja, melynek mindk\u00e9t r\u00e9sze hegesztett. A sz\u00e9les f\u0151r\u00e9sz bels\u0151 oldal\u00e1ra egy r\u00e9teg puha b\u0151rt varrok, hogy k\u00e9nyelmes legyen viselni. Eddig matt feket\u00e9b\u0151l, magas f\u00e9ny\u0171 feket\u00e9b\u0151l \u00e9s ez\u00fcstb\u0151l k\u00e9sz\u00edtettem, de m\u00e1s sz\u00ednben is rendelheted. Modell fot\u00f3: Seiner K. Photo extreme Modell: Pixofannalie","og_url":"https:\/\/www.leathergirl.eu\/en\/product\/double-cup-neck-brace\/","og_site_name":"A B\u0151r\u00f6s l\u00e1ny","article_publisher":"https:\/\/www.facebook.com\/aboroslany\/","article_modified_time":"2026-01-03T17:25:39+00:00","og_image":[{"width":1024,"height":684,"url":"https:\/\/www.leathergirl.eu\/wp-content\/uploads\/2021\/09\/k-CHR_6929-masolat.jpg","type":"image\/jpeg"}],"schema":{"@context":"https:\/\/schema.org","@graph":[{"@type":"WebPage","@id":"https:\/\/www.leathergirl.eu\/product\/dupla-karikas-nyakbavalo\/","url":"https:\/\/www.leathergirl.eu\/product\/dupla-karikas-nyakbavalo\/","name":"DUPLA KARIK\u00c1S NAKBAVAL\u00d3 - The Furry Girl","isPartOf":{"@id":"https:\/\/www.leathergirl.eu\/#website"},"primaryImageOfPage":{"@id":"https:\/\/www.leathergirl.eu\/product\/dupla-karikas-nyakbavalo\/#primaryimage"},"image":{"@id":"https:\/\/www.leathergirl.eu\/product\/dupla-karikas-nyakbavalo\/#primaryimage"},"thumbnailUrl":"https:\/\/www.leathergirl.eu\/wp-content\/uploads\/2021\/09\/k-CHR_6929-masolat.jpg","datePublished":"2021-09-27T10:19:50+00:00","dateModified":"2026-01-03T17:25:39+00:00","breadcrumb":{"@id":"https:\/\/www.leathergirl.eu\/product\/dupla-karikas-nyakbavalo\/#breadcrumb"},"inLanguage":"en-GB","potentialAction":[{"@type":"ReadAction","target":["https:\/\/www.leathergirl.eu\/product\/dupla-karikas-nyakbavalo\/"]}]},{"@type":"ImageObject","inLanguage":"en-GB","@id":"https:\/\/www.leathergirl.eu\/product\/dupla-karikas-nyakbavalo\/#primaryimage","url":"https:\/\/www.leathergirl.eu\/wp-content\/uploads\/2021\/09\/k-CHR_6929-masolat.jpg","contentUrl":"https:\/\/www.leathergirl.eu\/wp-content\/uploads\/2021\/09\/k-CHR_6929-masolat.jpg","width":1024,"height":684,"caption":"???????"},{"@type":"BreadcrumbList","@id":"https:\/\/www.leathergirl.eu\/product\/dupla-karikas-nyakbavalo\/#breadcrumb","itemListElement":[{"@type":"ListItem","position":1,"name":"Home","item":"https:\/\/www.leathergirl.eu\/"},{"@type":"ListItem","position":2,"name":"Shop","item":"https:\/\/www.leathergirl.eu\/en\/uzlet\/"},{"@type":"ListItem","position":3,"name":"DUPLA KARIK\u00c1S NYAKBAVAL\u00d3"}]},{"@type":"WebSite","@id":"https:\/\/www.leathergirl.eu\/#website","url":"https:\/\/www.leathergirl.eu\/","name":"The Leather Girl","description":"... LeatherGirl ...","publisher":{"@id":"https:\/\/www.leathergirl.eu\/#organization"},"potentialAction":[{"@type":"SearchAction","target":{"@type":"EntryPoint","urlTemplate":"https:\/\/www.leathergirl.eu\/?s={search_term_string}"},"query-input":{"@type":"PropertyValueSpecification","valueRequired":true,"valueName":"search_term_string"}}],"inLanguage":"en-GB"},{"@type":"Organization","@id":"https:\/\/www.leathergirl.eu\/#organization","name":"The Leather Girl","url":"https:\/\/www.leathergirl.eu\/","logo":{"@type":"ImageObject","inLanguage":"en-GB","@id":"https:\/\/www.leathergirl.eu\/#\/schema\/logo\/image\/","url":"https:\/\/www.leathergirl.eu\/wp-content\/uploads\/2024\/05\/leathergirl-logo.png","contentUrl":"https:\/\/www.leathergirl.eu\/wp-content\/uploads\/2024\/05\/leathergirl-logo.png","width":280,"height":80,"caption":"A B\u0151r\u00f6s l\u00e1ny"},"image":{"@id":"https:\/\/www.leathergirl.eu\/#\/schema\/logo\/image\/"},"sameAs":["https:\/\/www.facebook.com\/aboroslany\/","https:\/\/www.instagram.com\/theleathergirl\/"],"email":"aboroslany@gmail.com","legalName":"Nepp T\u00edmea e.v.","numberOfEmployees":{"@type":"QuantitativeValue","minValue":"1","maxValue":"10"}}]},"product_price_amount":"71.70","product_price_currency":"EUR","og_availability":"instock","product_availability":"instock","product_condition":"new"},"_links":{"self":[{"href":"https:\/\/www.leathergirl.eu\/en\/wp-json\/wp\/v2\/product\/23788","targetHints":{"allow":["GET"]}}],"collection":[{"href":"https:\/\/www.leathergirl.eu\/en\/wp-json\/wp\/v2\/product"}],"about":[{"href":"https:\/\/www.leathergirl.eu\/en\/wp-json\/wp\/v2\/types\/product"}],"wp:featuredmedia":[{"embeddable":true,"href":"https:\/\/www.leathergirl.eu\/en\/wp-json\/wp\/v2\/media\/23804"}],"wp:attachment":[{"href":"https:\/\/www.leathergirl.eu\/en\/wp-json\/wp\/v2\/media?parent=23788"}],"wp:term":[{"taxonomy":"product_brand","embeddable":true,"href":"https:\/\/www.leathergirl.eu\/en\/wp-json\/wp\/v2\/product_brand?post=23788"},{"taxonomy":"product_cat","embeddable":true,"href":"https:\/\/www.leathergirl.eu\/en\/wp-json\/wp\/v2\/product_cat?post=23788"},{"taxonomy":"product_tag","embeddable":true,"href":"https:\/\/www.leathergirl.eu\/en\/wp-json\/wp\/v2\/product_tag?post=23788"}],"curies":[{"name":"wp","href":"https:\/\/api.w.org\/{rel}","templated":true}]}}