{"id":23766,"date":"2021-06-13T15:59:46","date_gmt":"2021-06-13T15:59:46","guid":{"rendered":"https:\/\/www.leathergirl.eu\/?post_type=product&#038;p=23766"},"modified":"2026-01-04T17:00:53","modified_gmt":"2026-01-04T16:00:53","slug":"tuskes-ov","status":"publish","type":"product","link":"https:\/\/www.leathergirl.eu\/en\/product\/tuskes-ov\/","title":{"rendered":"Belt with spikes"},"content":{"rendered":"<p>I made a really extreme spiked belt, from cowhide. Its parameters are as follows:<br \/>\n28 cm wide,<br \/>\nfor a waist size of approx. 85-105 cm,<br \/>\nall part made of two layers of cowhide,<br \/>\ntwo layers of cowhide on each part (the main part and the straps),<br \/>\nthe buckles can be locked.<br \/>\nThe price shown is for this length and width.<br \/>\nLocks are not included in the product.<\/p>","protected":false},"excerpt":{"rendered":"<p>I made a really extreme spiked belt, from cowhide. Its parameters are as follows:<br \/>\n28 cm wide,<br \/>\nfor a waist size of approx. 85-105 cm,<br \/>\nall part made of two layers of cowhide,<br \/>\ntwo layers of cowhide on each part (the main part and the straps),<br \/>\nthe buckles can be locked.<br \/>\nThe price shown is for this length and width.<br \/>\nLocks are not included in the product.<\/p>","protected":false},"featured_media":23767,"template":"","meta":{"_et_pb_use_builder":"","_et_pb_old_content":"","_et_gb_content_width":""},"product_brand":[],"product_cat":[43],"product_tag":[],"class_list":{"0":"post-23766","1":"product","2":"type-product","3":"status-publish","4":"has-post-thumbnail","6":"product_cat-spiked-and-studded-things","8":"first","9":"instock","10":"purchasable","11":"product-type-simple"},"yoast_head":"<!-- This site is optimized with the Yoast SEO Premium plugin v26.2 (Yoast SEO v26.3) - https:\/\/yoast.com\/wordpress\/plugins\/seo\/ -->\n<title>T\u00dcSK\u00c9S \u00d6V - A B\u0151r\u00f6s l\u00e1ny<\/title>\n<meta name=\"robots\" content=\"index, follow, max-snippet:-1, max-image-preview:large, max-video-preview:-1\" \/>\n<link rel=\"canonical\" href=\"https:\/\/www.leathergirl.eu\/en\/product\/tuskes-ov\/\" \/>\n<meta property=\"og:locale\" content=\"en_GB\" \/>\n<meta property=\"og:type\" content=\"article\" \/>\n<meta property=\"og:title\" content=\"T\u00dcSK\u00c9S \u00d6V\" \/>\n<meta property=\"og:description\" content=\"Egy igaz\u00e1n extr\u00e9m sz\u00f6ges \u00f6vet k\u00e9sz\u00edtettem, term\u00e9szetesen ez\u00fattal is marhab\u0151rb\u0151l. A param\u00e9terei a k\u00f6vetkez\u0151k: 28 cm sz\u00e9les, kb 85-105 cm-es der\u00e9km\u00e9retre val\u00f3, \u00f6sszesen 1.037 db hegyes rajzsz\u00f6get tartalmaz, mindegyik r\u00e9sze k\u00e9t r\u00e9teg marhab\u0151r (a f\u0151r\u00e9sz \u00e9s a sz\u00edjak is), a csatok lakatolhat\u00f3ak. A felt\u00fcntetett \u00e1r erre a hosszra \u00e9s sz\u00e9less\u00e9gre vonatkozik. Ha ett\u0151l elt\u00e9r\u0151t szeretn\u00e9l, k\u00e9rj \u00e1raj\u00e1nlatot. A term\u00e9k a lakatokat nem tartalmazza.\" \/>\n<meta property=\"og:url\" content=\"https:\/\/www.leathergirl.eu\/en\/product\/tuskes-ov\/\" \/>\n<meta property=\"og:site_name\" content=\"A B\u0151r\u00f6s l\u00e1ny\" \/>\n<meta property=\"article:publisher\" content=\"https:\/\/www.facebook.com\/aboroslany\/\" \/>\n<meta property=\"article:modified_time\" content=\"2026-01-04T16:00:53+00:00\" \/>\n<meta property=\"og:image\" content=\"https:\/\/www.leathergirl.eu\/wp-content\/uploads\/2021\/06\/k-DSC_0058K.jpg\" \/>\n\t<meta property=\"og:image:width\" content=\"1024\" \/>\n\t<meta property=\"og:image:height\" content=\"717\" \/>\n\t<meta property=\"og:image:type\" content=\"image\/jpeg\" \/>\n<script type=\"application\/ld+json\" class=\"yoast-schema-graph\">{\"@context\":\"https:\/\/schema.org\",\"@graph\":[{\"@type\":\"WebPage\",\"@id\":\"https:\/\/www.leathergirl.eu\/product\/tuskes-ov\/\",\"url\":\"https:\/\/www.leathergirl.eu\/product\/tuskes-ov\/\",\"name\":\"T\u00dcSK\u00c9S \u00d6V - A B\u0151r\u00f6s l\u00e1ny\",\"isPartOf\":{\"@id\":\"https:\/\/www.leathergirl.eu\/#website\"},\"primaryImageOfPage\":{\"@id\":\"https:\/\/www.leathergirl.eu\/product\/tuskes-ov\/#primaryimage\"},\"image\":{\"@id\":\"https:\/\/www.leathergirl.eu\/product\/tuskes-ov\/#primaryimage\"},\"thumbnailUrl\":\"https:\/\/www.leathergirl.eu\/wp-content\/uploads\/2021\/06\/k-DSC_0058K.jpg\",\"datePublished\":\"2021-06-13T15:59:46+00:00\",\"dateModified\":\"2026-01-04T16:00:53+00:00\",\"breadcrumb\":{\"@id\":\"https:\/\/www.leathergirl.eu\/product\/tuskes-ov\/#breadcrumb\"},\"inLanguage\":\"en-GB\",\"potentialAction\":[{\"@type\":\"ReadAction\",\"target\":[\"https:\/\/www.leathergirl.eu\/product\/tuskes-ov\/\"]}]},{\"@type\":\"ImageObject\",\"inLanguage\":\"en-GB\",\"@id\":\"https:\/\/www.leathergirl.eu\/product\/tuskes-ov\/#primaryimage\",\"url\":\"https:\/\/www.leathergirl.eu\/wp-content\/uploads\/2021\/06\/k-DSC_0058K.jpg\",\"contentUrl\":\"https:\/\/www.leathergirl.eu\/wp-content\/uploads\/2021\/06\/k-DSC_0058K.jpg\",\"width\":1024,\"height\":717},{\"@type\":\"BreadcrumbList\",\"@id\":\"https:\/\/www.leathergirl.eu\/product\/tuskes-ov\/#breadcrumb\",\"itemListElement\":[{\"@type\":\"ListItem\",\"position\":1,\"name\":\"Home\",\"item\":\"https:\/\/www.leathergirl.eu\/\"},{\"@type\":\"ListItem\",\"position\":2,\"name\":\"Shop\",\"item\":\"https:\/\/www.leathergirl.eu\/en\/uzlet\/\"},{\"@type\":\"ListItem\",\"position\":3,\"name\":\"T\u00dcSK\u00c9S \u00d6V\"}]},{\"@type\":\"WebSite\",\"@id\":\"https:\/\/www.leathergirl.eu\/#website\",\"url\":\"https:\/\/www.leathergirl.eu\/\",\"name\":\"A B\u0151r\u00f6s l\u00e1ny\",\"description\":\"... LeatherGirl ...\",\"publisher\":{\"@id\":\"https:\/\/www.leathergirl.eu\/#organization\"},\"potentialAction\":[{\"@type\":\"SearchAction\",\"target\":{\"@type\":\"EntryPoint\",\"urlTemplate\":\"https:\/\/www.leathergirl.eu\/?s={search_term_string}\"},\"query-input\":{\"@type\":\"PropertyValueSpecification\",\"valueRequired\":true,\"valueName\":\"search_term_string\"}}],\"inLanguage\":\"en-GB\"},{\"@type\":\"Organization\",\"@id\":\"https:\/\/www.leathergirl.eu\/#organization\",\"name\":\"A B\u0151r\u00f6s l\u00e1ny\",\"url\":\"https:\/\/www.leathergirl.eu\/\",\"logo\":{\"@type\":\"ImageObject\",\"inLanguage\":\"en-GB\",\"@id\":\"https:\/\/www.leathergirl.eu\/#\/schema\/logo\/image\/\",\"url\":\"https:\/\/www.leathergirl.eu\/wp-content\/uploads\/2024\/05\/leathergirl-logo.png\",\"contentUrl\":\"https:\/\/www.leathergirl.eu\/wp-content\/uploads\/2024\/05\/leathergirl-logo.png\",\"width\":280,\"height\":80,\"caption\":\"A B\u0151r\u00f6s l\u00e1ny\"},\"image\":{\"@id\":\"https:\/\/www.leathergirl.eu\/#\/schema\/logo\/image\/\"},\"sameAs\":[\"https:\/\/www.facebook.com\/aboroslany\/\",\"https:\/\/www.instagram.com\/theleathergirl\/\"],\"email\":\"aboroslany@gmail.com\",\"legalName\":\"Nepp T\u00edmea e.v.\",\"numberOfEmployees\":{\"@type\":\"QuantitativeValue\",\"minValue\":\"1\",\"maxValue\":\"10\"}}]}<\/script>\n<meta property=\"product:price:amount\" content=\"281.80\" \/>\n<meta property=\"product:price:currency\" content=\"EUR\" \/>\n<meta property=\"og:availability\" content=\"instock\" \/>\n<meta property=\"product:availability\" content=\"instock\" \/>\n<meta property=\"product:condition\" content=\"new\" \/>\n<!-- \/ Yoast SEO Premium plugin. -->","yoast_head_json":{"title":"T\u00dcSK\u00c9S \u00d6V - The Furry Girl","robots":{"index":"index","follow":"follow","max-snippet":"max-snippet:-1","max-image-preview":"max-image-preview:large","max-video-preview":"max-video-preview:-1"},"canonical":"https:\/\/www.leathergirl.eu\/en\/product\/tuskes-ov\/","og_locale":"en_GB","og_type":"article","og_title":"T\u00dcSK\u00c9S \u00d6V","og_description":"Egy igaz\u00e1n extr\u00e9m sz\u00f6ges \u00f6vet k\u00e9sz\u00edtettem, term\u00e9szetesen ez\u00fattal is marhab\u0151rb\u0151l. A param\u00e9terei a k\u00f6vetkez\u0151k: 28 cm sz\u00e9les, kb 85-105 cm-es der\u00e9km\u00e9retre val\u00f3, \u00f6sszesen 1.037 db hegyes rajzsz\u00f6get tartalmaz, mindegyik r\u00e9sze k\u00e9t r\u00e9teg marhab\u0151r (a f\u0151r\u00e9sz \u00e9s a sz\u00edjak is), a csatok lakatolhat\u00f3ak. A felt\u00fcntetett \u00e1r erre a hosszra \u00e9s sz\u00e9less\u00e9gre vonatkozik. Ha ett\u0151l elt\u00e9r\u0151t szeretn\u00e9l, k\u00e9rj \u00e1raj\u00e1nlatot. A term\u00e9k a lakatokat nem tartalmazza.","og_url":"https:\/\/www.leathergirl.eu\/en\/product\/tuskes-ov\/","og_site_name":"A B\u0151r\u00f6s l\u00e1ny","article_publisher":"https:\/\/www.facebook.com\/aboroslany\/","article_modified_time":"2026-01-04T16:00:53+00:00","og_image":[{"width":1024,"height":717,"url":"https:\/\/www.leathergirl.eu\/wp-content\/uploads\/2021\/06\/k-DSC_0058K.jpg","type":"image\/jpeg"}],"schema":{"@context":"https:\/\/schema.org","@graph":[{"@type":"WebPage","@id":"https:\/\/www.leathergirl.eu\/product\/tuskes-ov\/","url":"https:\/\/www.leathergirl.eu\/product\/tuskes-ov\/","name":"T\u00dcSK\u00c9S \u00d6V - The Furry Girl","isPartOf":{"@id":"https:\/\/www.leathergirl.eu\/#website"},"primaryImageOfPage":{"@id":"https:\/\/www.leathergirl.eu\/product\/tuskes-ov\/#primaryimage"},"image":{"@id":"https:\/\/www.leathergirl.eu\/product\/tuskes-ov\/#primaryimage"},"thumbnailUrl":"https:\/\/www.leathergirl.eu\/wp-content\/uploads\/2021\/06\/k-DSC_0058K.jpg","datePublished":"2021-06-13T15:59:46+00:00","dateModified":"2026-01-04T16:00:53+00:00","breadcrumb":{"@id":"https:\/\/www.leathergirl.eu\/product\/tuskes-ov\/#breadcrumb"},"inLanguage":"en-GB","potentialAction":[{"@type":"ReadAction","target":["https:\/\/www.leathergirl.eu\/product\/tuskes-ov\/"]}]},{"@type":"ImageObject","inLanguage":"en-GB","@id":"https:\/\/www.leathergirl.eu\/product\/tuskes-ov\/#primaryimage","url":"https:\/\/www.leathergirl.eu\/wp-content\/uploads\/2021\/06\/k-DSC_0058K.jpg","contentUrl":"https:\/\/www.leathergirl.eu\/wp-content\/uploads\/2021\/06\/k-DSC_0058K.jpg","width":1024,"height":717},{"@type":"BreadcrumbList","@id":"https:\/\/www.leathergirl.eu\/product\/tuskes-ov\/#breadcrumb","itemListElement":[{"@type":"ListItem","position":1,"name":"Home","item":"https:\/\/www.leathergirl.eu\/"},{"@type":"ListItem","position":2,"name":"Shop","item":"https:\/\/www.leathergirl.eu\/en\/uzlet\/"},{"@type":"ListItem","position":3,"name":"T\u00dcSK\u00c9S \u00d6V"}]},{"@type":"WebSite","@id":"https:\/\/www.leathergirl.eu\/#website","url":"https:\/\/www.leathergirl.eu\/","name":"The Leather Girl","description":"... LeatherGirl ...","publisher":{"@id":"https:\/\/www.leathergirl.eu\/#organization"},"potentialAction":[{"@type":"SearchAction","target":{"@type":"EntryPoint","urlTemplate":"https:\/\/www.leathergirl.eu\/?s={search_term_string}"},"query-input":{"@type":"PropertyValueSpecification","valueRequired":true,"valueName":"search_term_string"}}],"inLanguage":"en-GB"},{"@type":"Organization","@id":"https:\/\/www.leathergirl.eu\/#organization","name":"The Leather Girl","url":"https:\/\/www.leathergirl.eu\/","logo":{"@type":"ImageObject","inLanguage":"en-GB","@id":"https:\/\/www.leathergirl.eu\/#\/schema\/logo\/image\/","url":"https:\/\/www.leathergirl.eu\/wp-content\/uploads\/2024\/05\/leathergirl-logo.png","contentUrl":"https:\/\/www.leathergirl.eu\/wp-content\/uploads\/2024\/05\/leathergirl-logo.png","width":280,"height":80,"caption":"A B\u0151r\u00f6s l\u00e1ny"},"image":{"@id":"https:\/\/www.leathergirl.eu\/#\/schema\/logo\/image\/"},"sameAs":["https:\/\/www.facebook.com\/aboroslany\/","https:\/\/www.instagram.com\/theleathergirl\/"],"email":"aboroslany@gmail.com","legalName":"Nepp T\u00edmea e.v.","numberOfEmployees":{"@type":"QuantitativeValue","minValue":"1","maxValue":"10"}}]},"product_price_amount":"281.80","product_price_currency":"EUR","og_availability":"instock","product_availability":"instock","product_condition":"new"},"_links":{"self":[{"href":"https:\/\/www.leathergirl.eu\/en\/wp-json\/wp\/v2\/product\/23766","targetHints":{"allow":["GET"]}}],"collection":[{"href":"https:\/\/www.leathergirl.eu\/en\/wp-json\/wp\/v2\/product"}],"about":[{"href":"https:\/\/www.leathergirl.eu\/en\/wp-json\/wp\/v2\/types\/product"}],"wp:featuredmedia":[{"embeddable":true,"href":"https:\/\/www.leathergirl.eu\/en\/wp-json\/wp\/v2\/media\/23767"}],"wp:attachment":[{"href":"https:\/\/www.leathergirl.eu\/en\/wp-json\/wp\/v2\/media?parent=23766"}],"wp:term":[{"taxonomy":"product_brand","embeddable":true,"href":"https:\/\/www.leathergirl.eu\/en\/wp-json\/wp\/v2\/product_brand?post=23766"},{"taxonomy":"product_cat","embeddable":true,"href":"https:\/\/www.leathergirl.eu\/en\/wp-json\/wp\/v2\/product_cat?post=23766"},{"taxonomy":"product_tag","embeddable":true,"href":"https:\/\/www.leathergirl.eu\/en\/wp-json\/wp\/v2\/product_tag?post=23766"}],"curies":[{"name":"wp","href":"https:\/\/api.w.org\/{rel}","templated":true}]}}