{"id":23726,"date":"2021-05-16T13:38:22","date_gmt":"2021-05-16T13:38:22","guid":{"rendered":"https:\/\/www.leathergirl.eu\/?post_type=product&#038;p=23726"},"modified":"2026-01-03T17:21:08","modified_gmt":"2026-01-03T16:21:08","slug":"derek-es-combham","status":"publish","type":"product","link":"https:\/\/www.leathergirl.eu\/en\/product\/derek-es-combham\/","title":{"rendered":"Waist and thigh harness"},"content":{"rendered":"<p>Parts of the harness:<br \/>\n- 1 piece of 4 cm wide waist belt with a D-ring at the back with buckle pad,<br \/>\n- 1 pair of 4 cm wide thigh strap with buckle pad,<br \/>\n- 1 pair of extra strong wrist cuffs,<br \/>\n- 4 connecting straps made of one layer of cowhide,<br \/>\n- 2 connecting carabiners.<br \/>\nThe waist belt, thigh straps, the main part of the handcuffs and the strap are made of two layers of leather, the outer layer is 1.5-2 mm thick and strong, and the inner is soft but also strong cowhide. I sew sponges and soft leather on the inside of the cuff to make it comfortable to wear.<br \/>\nThe price of the harness without shackles is 125,8\u20ac.<\/p>","protected":false},"excerpt":{"rendered":"<p>Parts of the harness:<br \/>\n- 1 piece of 4 cm wide waist belt with a D-ring at the back with buckle pad,<br \/>\n- 1 pair of 4 cm wide thigh strap with buckle pad,<br \/>\n- 1 pair of extra strong wrist cuffs,<br \/>\n- 4 connecting straps made of one layer of cowhide,<br \/>\n- 2 connecting carabiners.<br \/>\nThe waist belt, thigh straps, the main part of the handcuffs and the strap are made of two layers of leather, the outer layer is 1.5-2 mm thick and strong, and the inner is soft but also strong cowhide. I sew sponges and soft leather on the inside of the cuff to make it comfortable to wear.<br \/>\nThe price of the harness without shackles is 125,8\u20ac.<\/p>","protected":false},"featured_media":23727,"template":"","meta":{"_et_pb_use_builder":"","_et_pb_old_content":"","_et_gb_content_width":""},"product_brand":[],"product_cat":[45,29],"product_tag":[],"class_list":{"0":"post-23726","1":"product","2":"type-product","3":"status-publish","4":"has-post-thumbnail","6":"product_cat-harnesses","7":"product_cat-restraints","9":"first","10":"instock","11":"purchasable","12":"product-type-simple"},"yoast_head":"<!-- This site is optimized with the Yoast SEO Premium plugin v26.2 (Yoast SEO v26.3) - https:\/\/yoast.com\/wordpress\/plugins\/seo\/ -->\n<title>DER\u00c9K- \u00c9S COMBH\u00c1M - A B\u0151r\u00f6s l\u00e1ny<\/title>\n<meta name=\"robots\" content=\"index, follow, max-snippet:-1, max-image-preview:large, max-video-preview:-1\" \/>\n<link rel=\"canonical\" href=\"https:\/\/www.leathergirl.eu\/en\/product\/derek-es-combham\/\" \/>\n<meta property=\"og:locale\" content=\"en_GB\" \/>\n<meta property=\"og:type\" content=\"article\" \/>\n<meta property=\"og:title\" content=\"DER\u00c9K- \u00c9S COMBH\u00c1M\" \/>\n<meta property=\"og:description\" content=\"A h\u00e1m r\u00e9szei: - 1 db 4 cm sz\u00e9les der\u00e9k\u00f6v h\u00e1tul k\u00f6z\u00e9pen f\u00e9lkarik\u00e1val, csat al\u00e1t\u00e9ttel, - 1 p\u00e1r 4 cm sz\u00e9les combsz\u00edj csat al\u00e1t\u00e9ttel, - 1 p\u00e1r extra er\u0151s csukl\u00f3bilincs, - 4 db \u00f6sszek\u00f6t\u0151 sz\u00edj egy r\u00e9teg marhab\u0151rb\u0151l, - 2 db \u00f6sszek\u00f6t\u0151 karabiner. A der\u00e9k\u00f6v, a combsz\u00edjak, a bilincs f\u0151r\u00e9sze \u00e9s sz\u00edja k\u00e9t r\u00e9teg b\u0151rb\u0151l k\u00e9sz\u00fcl, melyb\u0151l a k\u00fcls\u0151 r\u00e9teg 1,5-2 mm vastag, er\u0151s, a bels\u0151 pedig puha, de szint\u00e9n er\u0151s marhab\u0151r. A bilincs bels\u0151 oldal\u00e1ba szivacsot \u00e9s puha b\u0151rt varrok, hogy k\u00e9nyelmes legyen viselni. A h\u00e1m \u00e1ra bilincsek n\u00e9lk\u00fcl 45.900 FT.\" \/>\n<meta property=\"og:url\" content=\"https:\/\/www.leathergirl.eu\/en\/product\/derek-es-combham\/\" \/>\n<meta property=\"og:site_name\" content=\"A B\u0151r\u00f6s l\u00e1ny\" \/>\n<meta property=\"article:publisher\" content=\"https:\/\/www.facebook.com\/aboroslany\/\" \/>\n<meta property=\"article:modified_time\" content=\"2026-01-03T16:21:08+00:00\" \/>\n<meta property=\"og:image\" content=\"https:\/\/www.leathergirl.eu\/wp-content\/uploads\/2021\/05\/k-combham1.jpg\" \/>\n\t<meta property=\"og:image:width\" content=\"1024\" \/>\n\t<meta property=\"og:image:height\" content=\"680\" \/>\n\t<meta property=\"og:image:type\" content=\"image\/jpeg\" \/>\n<script type=\"application\/ld+json\" class=\"yoast-schema-graph\">{\"@context\":\"https:\/\/schema.org\",\"@graph\":[{\"@type\":\"WebPage\",\"@id\":\"https:\/\/www.leathergirl.eu\/product\/derek-es-combham\/\",\"url\":\"https:\/\/www.leathergirl.eu\/product\/derek-es-combham\/\",\"name\":\"DER\u00c9K- \u00c9S COMBH\u00c1M - A B\u0151r\u00f6s l\u00e1ny\",\"isPartOf\":{\"@id\":\"https:\/\/www.leathergirl.eu\/#website\"},\"primaryImageOfPage\":{\"@id\":\"https:\/\/www.leathergirl.eu\/product\/derek-es-combham\/#primaryimage\"},\"image\":{\"@id\":\"https:\/\/www.leathergirl.eu\/product\/derek-es-combham\/#primaryimage\"},\"thumbnailUrl\":\"https:\/\/www.leathergirl.eu\/wp-content\/uploads\/2021\/05\/k-combham1.jpg\",\"datePublished\":\"2021-05-16T13:38:22+00:00\",\"dateModified\":\"2026-01-03T16:21:08+00:00\",\"breadcrumb\":{\"@id\":\"https:\/\/www.leathergirl.eu\/product\/derek-es-combham\/#breadcrumb\"},\"inLanguage\":\"en-GB\",\"potentialAction\":[{\"@type\":\"ReadAction\",\"target\":[\"https:\/\/www.leathergirl.eu\/product\/derek-es-combham\/\"]}]},{\"@type\":\"ImageObject\",\"inLanguage\":\"en-GB\",\"@id\":\"https:\/\/www.leathergirl.eu\/product\/derek-es-combham\/#primaryimage\",\"url\":\"https:\/\/www.leathergirl.eu\/wp-content\/uploads\/2021\/05\/k-combham1.jpg\",\"contentUrl\":\"https:\/\/www.leathergirl.eu\/wp-content\/uploads\/2021\/05\/k-combham1.jpg\",\"width\":1024,\"height\":680},{\"@type\":\"BreadcrumbList\",\"@id\":\"https:\/\/www.leathergirl.eu\/product\/derek-es-combham\/#breadcrumb\",\"itemListElement\":[{\"@type\":\"ListItem\",\"position\":1,\"name\":\"Home\",\"item\":\"https:\/\/www.leathergirl.eu\/\"},{\"@type\":\"ListItem\",\"position\":2,\"name\":\"Shop\",\"item\":\"https:\/\/www.leathergirl.eu\/en\/uzlet\/\"},{\"@type\":\"ListItem\",\"position\":3,\"name\":\"DER\u00c9K- \u00c9S COMBH\u00c1M\"}]},{\"@type\":\"WebSite\",\"@id\":\"https:\/\/www.leathergirl.eu\/#website\",\"url\":\"https:\/\/www.leathergirl.eu\/\",\"name\":\"A B\u0151r\u00f6s l\u00e1ny\",\"description\":\"... LeatherGirl ...\",\"publisher\":{\"@id\":\"https:\/\/www.leathergirl.eu\/#organization\"},\"potentialAction\":[{\"@type\":\"SearchAction\",\"target\":{\"@type\":\"EntryPoint\",\"urlTemplate\":\"https:\/\/www.leathergirl.eu\/?s={search_term_string}\"},\"query-input\":{\"@type\":\"PropertyValueSpecification\",\"valueRequired\":true,\"valueName\":\"search_term_string\"}}],\"inLanguage\":\"en-GB\"},{\"@type\":\"Organization\",\"@id\":\"https:\/\/www.leathergirl.eu\/#organization\",\"name\":\"A B\u0151r\u00f6s l\u00e1ny\",\"url\":\"https:\/\/www.leathergirl.eu\/\",\"logo\":{\"@type\":\"ImageObject\",\"inLanguage\":\"en-GB\",\"@id\":\"https:\/\/www.leathergirl.eu\/#\/schema\/logo\/image\/\",\"url\":\"https:\/\/www.leathergirl.eu\/wp-content\/uploads\/2024\/05\/leathergirl-logo.png\",\"contentUrl\":\"https:\/\/www.leathergirl.eu\/wp-content\/uploads\/2024\/05\/leathergirl-logo.png\",\"width\":280,\"height\":80,\"caption\":\"A B\u0151r\u00f6s l\u00e1ny\"},\"image\":{\"@id\":\"https:\/\/www.leathergirl.eu\/#\/schema\/logo\/image\/\"},\"sameAs\":[\"https:\/\/www.facebook.com\/aboroslany\/\",\"https:\/\/www.instagram.com\/theleathergirl\/\"],\"email\":\"aboroslany@gmail.com\",\"legalName\":\"Nepp T\u00edmea e.v.\",\"numberOfEmployees\":{\"@type\":\"QuantitativeValue\",\"minValue\":\"1\",\"maxValue\":\"10\"}}]}<\/script>\n<meta property=\"product:price:amount\" content=\"174.70\" \/>\n<meta property=\"product:price:currency\" content=\"EUR\" \/>\n<meta property=\"og:availability\" content=\"instock\" \/>\n<meta property=\"product:availability\" content=\"instock\" \/>\n<meta property=\"product:condition\" content=\"new\" \/>\n<!-- \/ Yoast SEO Premium plugin. -->","yoast_head_json":{"title":"BREAST AND COMBOMB - The Furry Girl","robots":{"index":"index","follow":"follow","max-snippet":"max-snippet:-1","max-image-preview":"max-image-preview:large","max-video-preview":"max-video-preview:-1"},"canonical":"https:\/\/www.leathergirl.eu\/en\/product\/derek-es-combham\/","og_locale":"en_GB","og_type":"article","og_title":"DER\u00c9K- \u00c9S COMBH\u00c1M","og_description":"A h\u00e1m r\u00e9szei: - 1 db 4 cm sz\u00e9les der\u00e9k\u00f6v h\u00e1tul k\u00f6z\u00e9pen f\u00e9lkarik\u00e1val, csat al\u00e1t\u00e9ttel, - 1 p\u00e1r 4 cm sz\u00e9les combsz\u00edj csat al\u00e1t\u00e9ttel, - 1 p\u00e1r extra er\u0151s csukl\u00f3bilincs, - 4 db \u00f6sszek\u00f6t\u0151 sz\u00edj egy r\u00e9teg marhab\u0151rb\u0151l, - 2 db \u00f6sszek\u00f6t\u0151 karabiner. A der\u00e9k\u00f6v, a combsz\u00edjak, a bilincs f\u0151r\u00e9sze \u00e9s sz\u00edja k\u00e9t r\u00e9teg b\u0151rb\u0151l k\u00e9sz\u00fcl, melyb\u0151l a k\u00fcls\u0151 r\u00e9teg 1,5-2 mm vastag, er\u0151s, a bels\u0151 pedig puha, de szint\u00e9n er\u0151s marhab\u0151r. A bilincs bels\u0151 oldal\u00e1ba szivacsot \u00e9s puha b\u0151rt varrok, hogy k\u00e9nyelmes legyen viselni. A h\u00e1m \u00e1ra bilincsek n\u00e9lk\u00fcl 45.900 FT.","og_url":"https:\/\/www.leathergirl.eu\/en\/product\/derek-es-combham\/","og_site_name":"A B\u0151r\u00f6s l\u00e1ny","article_publisher":"https:\/\/www.facebook.com\/aboroslany\/","article_modified_time":"2026-01-03T16:21:08+00:00","og_image":[{"width":1024,"height":680,"url":"https:\/\/www.leathergirl.eu\/wp-content\/uploads\/2021\/05\/k-combham1.jpg","type":"image\/jpeg"}],"schema":{"@context":"https:\/\/schema.org","@graph":[{"@type":"WebPage","@id":"https:\/\/www.leathergirl.eu\/product\/derek-es-combham\/","url":"https:\/\/www.leathergirl.eu\/product\/derek-es-combham\/","name":"BREAST AND COMBOMB - The Furry Girl","isPartOf":{"@id":"https:\/\/www.leathergirl.eu\/#website"},"primaryImageOfPage":{"@id":"https:\/\/www.leathergirl.eu\/product\/derek-es-combham\/#primaryimage"},"image":{"@id":"https:\/\/www.leathergirl.eu\/product\/derek-es-combham\/#primaryimage"},"thumbnailUrl":"https:\/\/www.leathergirl.eu\/wp-content\/uploads\/2021\/05\/k-combham1.jpg","datePublished":"2021-05-16T13:38:22+00:00","dateModified":"2026-01-03T16:21:08+00:00","breadcrumb":{"@id":"https:\/\/www.leathergirl.eu\/product\/derek-es-combham\/#breadcrumb"},"inLanguage":"en-GB","potentialAction":[{"@type":"ReadAction","target":["https:\/\/www.leathergirl.eu\/product\/derek-es-combham\/"]}]},{"@type":"ImageObject","inLanguage":"en-GB","@id":"https:\/\/www.leathergirl.eu\/product\/derek-es-combham\/#primaryimage","url":"https:\/\/www.leathergirl.eu\/wp-content\/uploads\/2021\/05\/k-combham1.jpg","contentUrl":"https:\/\/www.leathergirl.eu\/wp-content\/uploads\/2021\/05\/k-combham1.jpg","width":1024,"height":680},{"@type":"BreadcrumbList","@id":"https:\/\/www.leathergirl.eu\/product\/derek-es-combham\/#breadcrumb","itemListElement":[{"@type":"ListItem","position":1,"name":"Home","item":"https:\/\/www.leathergirl.eu\/"},{"@type":"ListItem","position":2,"name":"Shop","item":"https:\/\/www.leathergirl.eu\/en\/uzlet\/"},{"@type":"ListItem","position":3,"name":"DER\u00c9K- \u00c9S COMBH\u00c1M"}]},{"@type":"WebSite","@id":"https:\/\/www.leathergirl.eu\/#website","url":"https:\/\/www.leathergirl.eu\/","name":"The Leather Girl","description":"... LeatherGirl ...","publisher":{"@id":"https:\/\/www.leathergirl.eu\/#organization"},"potentialAction":[{"@type":"SearchAction","target":{"@type":"EntryPoint","urlTemplate":"https:\/\/www.leathergirl.eu\/?s={search_term_string}"},"query-input":{"@type":"PropertyValueSpecification","valueRequired":true,"valueName":"search_term_string"}}],"inLanguage":"en-GB"},{"@type":"Organization","@id":"https:\/\/www.leathergirl.eu\/#organization","name":"The Leather Girl","url":"https:\/\/www.leathergirl.eu\/","logo":{"@type":"ImageObject","inLanguage":"en-GB","@id":"https:\/\/www.leathergirl.eu\/#\/schema\/logo\/image\/","url":"https:\/\/www.leathergirl.eu\/wp-content\/uploads\/2024\/05\/leathergirl-logo.png","contentUrl":"https:\/\/www.leathergirl.eu\/wp-content\/uploads\/2024\/05\/leathergirl-logo.png","width":280,"height":80,"caption":"A B\u0151r\u00f6s l\u00e1ny"},"image":{"@id":"https:\/\/www.leathergirl.eu\/#\/schema\/logo\/image\/"},"sameAs":["https:\/\/www.facebook.com\/aboroslany\/","https:\/\/www.instagram.com\/theleathergirl\/"],"email":"aboroslany@gmail.com","legalName":"Nepp T\u00edmea e.v.","numberOfEmployees":{"@type":"QuantitativeValue","minValue":"1","maxValue":"10"}}]},"product_price_amount":"174.70","product_price_currency":"EUR","og_availability":"instock","product_availability":"instock","product_condition":"new"},"_links":{"self":[{"href":"https:\/\/www.leathergirl.eu\/en\/wp-json\/wp\/v2\/product\/23726","targetHints":{"allow":["GET"]}}],"collection":[{"href":"https:\/\/www.leathergirl.eu\/en\/wp-json\/wp\/v2\/product"}],"about":[{"href":"https:\/\/www.leathergirl.eu\/en\/wp-json\/wp\/v2\/types\/product"}],"wp:featuredmedia":[{"embeddable":true,"href":"https:\/\/www.leathergirl.eu\/en\/wp-json\/wp\/v2\/media\/23727"}],"wp:attachment":[{"href":"https:\/\/www.leathergirl.eu\/en\/wp-json\/wp\/v2\/media?parent=23726"}],"wp:term":[{"taxonomy":"product_brand","embeddable":true,"href":"https:\/\/www.leathergirl.eu\/en\/wp-json\/wp\/v2\/product_brand?post=23726"},{"taxonomy":"product_cat","embeddable":true,"href":"https:\/\/www.leathergirl.eu\/en\/wp-json\/wp\/v2\/product_cat?post=23726"},{"taxonomy":"product_tag","embeddable":true,"href":"https:\/\/www.leathergirl.eu\/en\/wp-json\/wp\/v2\/product_tag?post=23726"}],"curies":[{"name":"wp","href":"https:\/\/api.w.org\/{rel}","templated":true}]}}