{"id":23709,"date":"2021-03-27T17:09:16","date_gmt":"2021-03-27T17:09:16","guid":{"rendered":"https:\/\/www.leathergirl.eu\/?post_type=product&#038;p=23709"},"modified":"2026-01-03T13:05:43","modified_gmt":"2026-01-03T12:05:43","slug":"nail-lock-with-4-locking-rings","status":"publish","type":"product","link":"https:\/\/www.leathergirl.eu\/en\/product\/nail-lock-with-4-locking-rings\/","title":{"rendered":"Lockable thigh cuffs with red lining and 4 D-rings"},"content":{"rendered":"<p>Black leather with red lining.<\/p>\n<p>Their construction is the same as the other sets: the outside is thick, reinforced leather, the inside is soft leather with additional padding. They are 6cm wide.<br \/>\nThe leather lining on the inside stops at the edge of the sponge to avoid discomfort during use. The straps are made of two layers of 3 cm (1.1 inch) leather and multiple welded d-rings are added for extra restraint.<br \/>\nColoured leathers rarely match completely which may result in slight differences in shade.<br \/>\n<span style=\"color: #333333;\"><span style=\"font-family: Georgia, serif;\">Locks are not included.<\/span><\/span><\/p>","protected":false},"excerpt":{"rendered":"<p>Black leather with red lining.<\/p>\n<p>Their construction is the same as the other sets: the outside is thick, reinforced leather, the inside is soft leather with additional padding. They are 6cm wide.<br \/>\nYou can also request the pegging with other basic colours (ask me about the available colours in the message))<br \/>\nColoured leathers rarely match completely which may result in slight differences in shade.<\/p>","protected":false},"featured_media":23711,"template":"","meta":{"_et_pb_use_builder":"","_et_pb_old_content":"","_et_gb_content_width":""},"product_brand":[],"product_cat":[30],"product_tag":[],"class_list":{"0":"post-23709","1":"product","2":"type-product","3":"status-publish","4":"has-post-thumbnail","6":"product_cat-thigh","8":"first","9":"instock","10":"purchasable","11":"product-type-simple"},"yoast_head":"<!-- This site is optimized with the Yoast SEO Premium plugin v26.2 (Yoast SEO v26.3) - https:\/\/yoast.com\/wordpress\/plugins\/seo\/ -->\n<title>SZEGETT COMBBILINCS (LAKATOLHAT\u00d3, 4 DB F\u00c9LKARIK\u00c1VAL) - A B\u0151r\u00f6s l\u00e1ny<\/title>\n<meta name=\"robots\" content=\"index, follow, max-snippet:-1, max-image-preview:large, max-video-preview:-1\" \/>\n<link rel=\"canonical\" href=\"https:\/\/www.leathergirl.eu\/en\/product\/nail-lock-with-4-locking-rings\/\" \/>\n<meta property=\"og:locale\" content=\"en_GB\" \/>\n<meta property=\"og:type\" content=\"article\" \/>\n<meta property=\"og:title\" content=\"SZEGETT COMBBILINCS (LAKATOLHAT\u00d3, 4 DB F\u00c9LKARIK\u00c1VAL)\" \/>\n<meta property=\"og:description\" content=\"Pirossal szegett fekete b\u0151r, lakatolhat\u00f3 combbilincs 4 db f\u00e9lkarik\u00e1val.  A bilincsek kialak\u00edt\u00e1sa hasonl\u00f3 a t\u00f6bbihez: a f\u0151r\u00e9sz k\u00fcls\u0151 r\u00e9sze vastag, er\u0151s b\u0151r al\u00e1er\u0151s\u00edtve, bel\u00fcl pedig puha b\u0151rrel, \u00e9s szivaccsal b\u00e9leltek. A szeg\u0151b\u0151r a bels\u0151 oldalon a szivacs sz\u00e9l\u00e9ig \u00e9r, \u00edgy visel\u00e9s k\u00f6zben nem \u00e9rezhet\u0151. A teljes sz\u00e9less\u00e9ge 6,5 cm. A sz\u00edjak k\u00e9t r\u00e9teg b\u0151rb\u0151l k\u00e9sz\u00fclnek, 3 cm sz\u00e9lesek, \u00e9s 4 db hegesztett f\u00e9lkarik\u00e1t tartanak. A szeg\u00e9st m\u00e1s alapsz\u00ednnel is k\u00e9rheted. (a rendelkez\u00e9semre \u00e1ll\u00f3 sz\u00ednekr\u0151l \u00e9rdekl\u0151dj \u00fczenetben)) Tekintve, hogy ritk\u00e1n kapok k\u00e9t ugyanolyan sz\u00edn\u0171 b\u0151rt, el\u0151fordulhat sz\u00edn\u00e1rnyalatnyi elt\u00e9r\u00e9s.\" \/>\n<meta property=\"og:url\" content=\"https:\/\/www.leathergirl.eu\/en\/product\/nail-lock-with-4-locking-rings\/\" \/>\n<meta property=\"og:site_name\" content=\"A B\u0151r\u00f6s l\u00e1ny\" \/>\n<meta property=\"article:publisher\" content=\"https:\/\/www.facebook.com\/aboroslany\/\" \/>\n<meta property=\"article:modified_time\" content=\"2026-01-03T12:05:43+00:00\" \/>\n<meta property=\"og:image\" content=\"https:\/\/www.leathergirl.eu\/wp-content\/uploads\/2021\/03\/k-DSC_0004K.jpg\" \/>\n\t<meta property=\"og:image:width\" content=\"800\" \/>\n\t<meta property=\"og:image:height\" content=\"531\" \/>\n\t<meta property=\"og:image:type\" content=\"image\/jpeg\" \/>\n<script type=\"application\/ld+json\" class=\"yoast-schema-graph\">{\"@context\":\"https:\/\/schema.org\",\"@graph\":[{\"@type\":\"WebPage\",\"@id\":\"https:\/\/www.leathergirl.eu\/product\/szegett-combbilincs-lakatolhato-4-db-felkarikaval\/\",\"url\":\"https:\/\/www.leathergirl.eu\/product\/szegett-combbilincs-lakatolhato-4-db-felkarikaval\/\",\"name\":\"SZEGETT COMBBILINCS (LAKATOLHAT\u00d3, 4 DB F\u00c9LKARIK\u00c1VAL) - A B\u0151r\u00f6s l\u00e1ny\",\"isPartOf\":{\"@id\":\"https:\/\/www.leathergirl.eu\/#website\"},\"primaryImageOfPage\":{\"@id\":\"https:\/\/www.leathergirl.eu\/product\/szegett-combbilincs-lakatolhato-4-db-felkarikaval\/#primaryimage\"},\"image\":{\"@id\":\"https:\/\/www.leathergirl.eu\/product\/szegett-combbilincs-lakatolhato-4-db-felkarikaval\/#primaryimage\"},\"thumbnailUrl\":\"https:\/\/www.leathergirl.eu\/wp-content\/uploads\/2021\/03\/k-DSC_0004K.jpg\",\"datePublished\":\"2021-03-27T17:09:16+00:00\",\"dateModified\":\"2026-01-03T12:05:43+00:00\",\"breadcrumb\":{\"@id\":\"https:\/\/www.leathergirl.eu\/product\/szegett-combbilincs-lakatolhato-4-db-felkarikaval\/#breadcrumb\"},\"inLanguage\":\"en-GB\",\"potentialAction\":[{\"@type\":\"ReadAction\",\"target\":[\"https:\/\/www.leathergirl.eu\/product\/szegett-combbilincs-lakatolhato-4-db-felkarikaval\/\"]}]},{\"@type\":\"ImageObject\",\"inLanguage\":\"en-GB\",\"@id\":\"https:\/\/www.leathergirl.eu\/product\/szegett-combbilincs-lakatolhato-4-db-felkarikaval\/#primaryimage\",\"url\":\"https:\/\/www.leathergirl.eu\/wp-content\/uploads\/2021\/03\/k-DSC_0004K.jpg\",\"contentUrl\":\"https:\/\/www.leathergirl.eu\/wp-content\/uploads\/2021\/03\/k-DSC_0004K.jpg\",\"width\":800,\"height\":531},{\"@type\":\"BreadcrumbList\",\"@id\":\"https:\/\/www.leathergirl.eu\/product\/szegett-combbilincs-lakatolhato-4-db-felkarikaval\/#breadcrumb\",\"itemListElement\":[{\"@type\":\"ListItem\",\"position\":1,\"name\":\"Home\",\"item\":\"https:\/\/www.leathergirl.eu\/\"},{\"@type\":\"ListItem\",\"position\":2,\"name\":\"Shop\",\"item\":\"https:\/\/www.leathergirl.eu\/en\/uzlet\/\"},{\"@type\":\"ListItem\",\"position\":3,\"name\":\"SZEGETT COMBBILINCS (LAKATOLHAT\u00d3, 4 DB F\u00c9LKARIK\u00c1VAL)\"}]},{\"@type\":\"WebSite\",\"@id\":\"https:\/\/www.leathergirl.eu\/#website\",\"url\":\"https:\/\/www.leathergirl.eu\/\",\"name\":\"A B\u0151r\u00f6s l\u00e1ny\",\"description\":\"... LeatherGirl ...\",\"publisher\":{\"@id\":\"https:\/\/www.leathergirl.eu\/#organization\"},\"potentialAction\":[{\"@type\":\"SearchAction\",\"target\":{\"@type\":\"EntryPoint\",\"urlTemplate\":\"https:\/\/www.leathergirl.eu\/?s={search_term_string}\"},\"query-input\":{\"@type\":\"PropertyValueSpecification\",\"valueRequired\":true,\"valueName\":\"search_term_string\"}}],\"inLanguage\":\"en-GB\"},{\"@type\":\"Organization\",\"@id\":\"https:\/\/www.leathergirl.eu\/#organization\",\"name\":\"A B\u0151r\u00f6s l\u00e1ny\",\"url\":\"https:\/\/www.leathergirl.eu\/\",\"logo\":{\"@type\":\"ImageObject\",\"inLanguage\":\"en-GB\",\"@id\":\"https:\/\/www.leathergirl.eu\/#\/schema\/logo\/image\/\",\"url\":\"https:\/\/www.leathergirl.eu\/wp-content\/uploads\/2024\/05\/leathergirl-logo.png\",\"contentUrl\":\"https:\/\/www.leathergirl.eu\/wp-content\/uploads\/2024\/05\/leathergirl-logo.png\",\"width\":280,\"height\":80,\"caption\":\"A B\u0151r\u00f6s l\u00e1ny\"},\"image\":{\"@id\":\"https:\/\/www.leathergirl.eu\/#\/schema\/logo\/image\/\"},\"sameAs\":[\"https:\/\/www.facebook.com\/aboroslany\/\",\"https:\/\/www.instagram.com\/theleathergirl\/\"],\"email\":\"aboroslany@gmail.com\",\"legalName\":\"Nepp T\u00edmea e.v.\",\"numberOfEmployees\":{\"@type\":\"QuantitativeValue\",\"minValue\":\"1\",\"maxValue\":\"10\"}}]}<\/script>\n<meta property=\"product:price:amount\" content=\"166.30\" \/>\n<meta property=\"product:price:currency\" content=\"EUR\" \/>\n<meta property=\"og:availability\" content=\"instock\" \/>\n<meta property=\"product:availability\" content=\"instock\" \/>\n<meta property=\"product:condition\" content=\"new\" \/>\n<!-- \/ Yoast SEO Premium plugin. -->","yoast_head_json":{"title":"SEGETTED COMBBILINCS (DOWNLOADABLE, with 4 DB FOLKARIKA) - The Furry Girl","robots":{"index":"index","follow":"follow","max-snippet":"max-snippet:-1","max-image-preview":"max-image-preview:large","max-video-preview":"max-video-preview:-1"},"canonical":"https:\/\/www.leathergirl.eu\/en\/product\/nail-lock-with-4-locking-rings\/","og_locale":"en_GB","og_type":"article","og_title":"SZEGETT COMBBILINCS (LAKATOLHAT\u00d3, 4 DB F\u00c9LKARIK\u00c1VAL)","og_description":"Pirossal szegett fekete b\u0151r, lakatolhat\u00f3 combbilincs 4 db f\u00e9lkarik\u00e1val.  A bilincsek kialak\u00edt\u00e1sa hasonl\u00f3 a t\u00f6bbihez: a f\u0151r\u00e9sz k\u00fcls\u0151 r\u00e9sze vastag, er\u0151s b\u0151r al\u00e1er\u0151s\u00edtve, bel\u00fcl pedig puha b\u0151rrel, \u00e9s szivaccsal b\u00e9leltek. A szeg\u0151b\u0151r a bels\u0151 oldalon a szivacs sz\u00e9l\u00e9ig \u00e9r, \u00edgy visel\u00e9s k\u00f6zben nem \u00e9rezhet\u0151. A teljes sz\u00e9less\u00e9ge 6,5 cm. A sz\u00edjak k\u00e9t r\u00e9teg b\u0151rb\u0151l k\u00e9sz\u00fclnek, 3 cm sz\u00e9lesek, \u00e9s 4 db hegesztett f\u00e9lkarik\u00e1t tartanak. A szeg\u00e9st m\u00e1s alapsz\u00ednnel is k\u00e9rheted. (a rendelkez\u00e9semre \u00e1ll\u00f3 sz\u00ednekr\u0151l \u00e9rdekl\u0151dj \u00fczenetben)) Tekintve, hogy ritk\u00e1n kapok k\u00e9t ugyanolyan sz\u00edn\u0171 b\u0151rt, el\u0151fordulhat sz\u00edn\u00e1rnyalatnyi elt\u00e9r\u00e9s.","og_url":"https:\/\/www.leathergirl.eu\/en\/product\/nail-lock-with-4-locking-rings\/","og_site_name":"A B\u0151r\u00f6s l\u00e1ny","article_publisher":"https:\/\/www.facebook.com\/aboroslany\/","article_modified_time":"2026-01-03T12:05:43+00:00","og_image":[{"width":800,"height":531,"url":"https:\/\/www.leathergirl.eu\/wp-content\/uploads\/2021\/03\/k-DSC_0004K.jpg","type":"image\/jpeg"}],"schema":{"@context":"https:\/\/schema.org","@graph":[{"@type":"WebPage","@id":"https:\/\/www.leathergirl.eu\/product\/szegett-combbilincs-lakatolhato-4-db-felkarikaval\/","url":"https:\/\/www.leathergirl.eu\/product\/szegett-combbilincs-lakatolhato-4-db-felkarikaval\/","name":"SEGETTED COMBBILINCS (DOWNLOADABLE, with 4 DB FOLKARIKA) - The Furry Girl","isPartOf":{"@id":"https:\/\/www.leathergirl.eu\/#website"},"primaryImageOfPage":{"@id":"https:\/\/www.leathergirl.eu\/product\/szegett-combbilincs-lakatolhato-4-db-felkarikaval\/#primaryimage"},"image":{"@id":"https:\/\/www.leathergirl.eu\/product\/szegett-combbilincs-lakatolhato-4-db-felkarikaval\/#primaryimage"},"thumbnailUrl":"https:\/\/www.leathergirl.eu\/wp-content\/uploads\/2021\/03\/k-DSC_0004K.jpg","datePublished":"2021-03-27T17:09:16+00:00","dateModified":"2026-01-03T12:05:43+00:00","breadcrumb":{"@id":"https:\/\/www.leathergirl.eu\/product\/szegett-combbilincs-lakatolhato-4-db-felkarikaval\/#breadcrumb"},"inLanguage":"en-GB","potentialAction":[{"@type":"ReadAction","target":["https:\/\/www.leathergirl.eu\/product\/szegett-combbilincs-lakatolhato-4-db-felkarikaval\/"]}]},{"@type":"ImageObject","inLanguage":"en-GB","@id":"https:\/\/www.leathergirl.eu\/product\/szegett-combbilincs-lakatolhato-4-db-felkarikaval\/#primaryimage","url":"https:\/\/www.leathergirl.eu\/wp-content\/uploads\/2021\/03\/k-DSC_0004K.jpg","contentUrl":"https:\/\/www.leathergirl.eu\/wp-content\/uploads\/2021\/03\/k-DSC_0004K.jpg","width":800,"height":531},{"@type":"BreadcrumbList","@id":"https:\/\/www.leathergirl.eu\/product\/szegett-combbilincs-lakatolhato-4-db-felkarikaval\/#breadcrumb","itemListElement":[{"@type":"ListItem","position":1,"name":"Home","item":"https:\/\/www.leathergirl.eu\/"},{"@type":"ListItem","position":2,"name":"Shop","item":"https:\/\/www.leathergirl.eu\/en\/uzlet\/"},{"@type":"ListItem","position":3,"name":"SZEGETT COMBBILINCS (LAKATOLHAT\u00d3, 4 DB F\u00c9LKARIK\u00c1VAL)"}]},{"@type":"WebSite","@id":"https:\/\/www.leathergirl.eu\/#website","url":"https:\/\/www.leathergirl.eu\/","name":"The Leather Girl","description":"... LeatherGirl ...","publisher":{"@id":"https:\/\/www.leathergirl.eu\/#organization"},"potentialAction":[{"@type":"SearchAction","target":{"@type":"EntryPoint","urlTemplate":"https:\/\/www.leathergirl.eu\/?s={search_term_string}"},"query-input":{"@type":"PropertyValueSpecification","valueRequired":true,"valueName":"search_term_string"}}],"inLanguage":"en-GB"},{"@type":"Organization","@id":"https:\/\/www.leathergirl.eu\/#organization","name":"The Leather Girl","url":"https:\/\/www.leathergirl.eu\/","logo":{"@type":"ImageObject","inLanguage":"en-GB","@id":"https:\/\/www.leathergirl.eu\/#\/schema\/logo\/image\/","url":"https:\/\/www.leathergirl.eu\/wp-content\/uploads\/2024\/05\/leathergirl-logo.png","contentUrl":"https:\/\/www.leathergirl.eu\/wp-content\/uploads\/2024\/05\/leathergirl-logo.png","width":280,"height":80,"caption":"A B\u0151r\u00f6s l\u00e1ny"},"image":{"@id":"https:\/\/www.leathergirl.eu\/#\/schema\/logo\/image\/"},"sameAs":["https:\/\/www.facebook.com\/aboroslany\/","https:\/\/www.instagram.com\/theleathergirl\/"],"email":"aboroslany@gmail.com","legalName":"Nepp T\u00edmea e.v.","numberOfEmployees":{"@type":"QuantitativeValue","minValue":"1","maxValue":"10"}}]},"product_price_amount":"166.30","product_price_currency":"EUR","og_availability":"instock","product_availability":"instock","product_condition":"new"},"_links":{"self":[{"href":"https:\/\/www.leathergirl.eu\/en\/wp-json\/wp\/v2\/product\/23709","targetHints":{"allow":["GET"]}}],"collection":[{"href":"https:\/\/www.leathergirl.eu\/en\/wp-json\/wp\/v2\/product"}],"about":[{"href":"https:\/\/www.leathergirl.eu\/en\/wp-json\/wp\/v2\/types\/product"}],"wp:featuredmedia":[{"embeddable":true,"href":"https:\/\/www.leathergirl.eu\/en\/wp-json\/wp\/v2\/media\/23711"}],"wp:attachment":[{"href":"https:\/\/www.leathergirl.eu\/en\/wp-json\/wp\/v2\/media?parent=23709"}],"wp:term":[{"taxonomy":"product_brand","embeddable":true,"href":"https:\/\/www.leathergirl.eu\/en\/wp-json\/wp\/v2\/product_brand?post=23709"},{"taxonomy":"product_cat","embeddable":true,"href":"https:\/\/www.leathergirl.eu\/en\/wp-json\/wp\/v2\/product_cat?post=23709"},{"taxonomy":"product_tag","embeddable":true,"href":"https:\/\/www.leathergirl.eu\/en\/wp-json\/wp\/v2\/product_tag?post=23709"}],"curies":[{"name":"wp","href":"https:\/\/api.w.org\/{rel}","templated":true}]}}