{"id":23697,"date":"2021-03-04T18:06:19","date_gmt":"2021-03-04T18:06:19","guid":{"rendered":"https:\/\/www.leathergirl.eu\/?post_type=product&#038;p=23697"},"modified":"2026-01-03T15:56:33","modified_gmt":"2026-01-03T14:56:33","slug":"cheese-scoop-with-double-penis-gag","status":"publish","type":"product","link":"https:\/\/www.leathergirl.eu\/en\/product\/cheese-scoop-with-double-penis-gag\/","title":{"rendered":"Mouth cover with double penis gag"},"content":{"rendered":"<p>I make this mouth cover from three layers of soft cowhide so it doesn\u2019t push the head anywhere, but it holds strong enough. The gags are made of silicone; the inside is 5.5 cm long and the outside is 13 cm long. The buckle for locking and adjusting the length of the strap can be locked. (The padlock is not included in the product.)<\/p>","protected":false},"excerpt":{"rendered":"<p>I make this mouth cover from three layers of soft cowhide so it doesn\u2019t push the head anywhere, but it holds strong enough. The gags are made of silicone; the inside is 5.5 cm long and the outside is 13 cm long. The buckle for locking and adjusting the length of the strap can be locked. (The padlock is not included in the product.)<\/p>","protected":false},"featured_media":23702,"template":"","meta":{"_et_pb_use_builder":"","_et_pb_old_content":"","_et_gb_content_width":""},"product_brand":[],"product_cat":[22],"product_tag":[],"class_list":{"0":"post-23697","1":"product","2":"type-product","3":"status-publish","4":"has-post-thumbnail","6":"product_cat-fejhamok","8":"first","9":"instock","10":"purchasable","11":"product-type-simple"},"yoast_head":"<!-- This site is optimized with the Yoast SEO Premium plugin v26.2 (Yoast SEO v26.3) - https:\/\/yoast.com\/wordpress\/plugins\/seo\/ -->\n<title>SZ\u00c1JTAKAR\u00d3 DUPLA P\u00c9NISZ GAGGEL - A B\u0151r\u00f6s l\u00e1ny<\/title>\n<meta name=\"robots\" content=\"index, follow, max-snippet:-1, max-image-preview:large, max-video-preview:-1\" \/>\n<link rel=\"canonical\" href=\"https:\/\/www.leathergirl.eu\/en\/product\/cheese-scoop-with-double-penis-gag\/\" \/>\n<meta property=\"og:locale\" content=\"en_GB\" \/>\n<meta property=\"og:type\" content=\"article\" \/>\n<meta property=\"og:title\" content=\"SZ\u00c1JTAKAR\u00d3 DUPLA P\u00c9NISZ GAGGEL\" \/>\n<meta property=\"og:description\" content=\"Ezt a sz\u00e1jtakar\u00f3t h\u00e1rom r\u00e9teg puha marhab\u0151rb\u0151l k\u00e9sz\u00edtem, \u00edgy sehol nem nyomja a fejet, viszont kell\u0151en er\u0151sen tart. A gagek szilikonb\u00f3l k\u00e9sz\u00fclnek; a bels\u0151 5,5 cm, a k\u00fcls\u0151 pedig 13 cm hossz\u00fa. A z\u00e1r\u00f3d\u00e1st, \u00e9s a sz\u00edj hossz\u00e1nak szab\u00e1lyoz\u00e1s\u00e1t biztos\u00edt\u00f3 csat lakatolhat\u00f3. (A lakatot a term\u00e9k nem tartalmazza.)\" \/>\n<meta property=\"og:url\" content=\"https:\/\/www.leathergirl.eu\/en\/product\/cheese-scoop-with-double-penis-gag\/\" \/>\n<meta property=\"og:site_name\" content=\"A B\u0151r\u00f6s l\u00e1ny\" \/>\n<meta property=\"article:publisher\" content=\"https:\/\/www.facebook.com\/aboroslany\/\" \/>\n<meta property=\"article:modified_time\" content=\"2026-01-03T14:56:33+00:00\" \/>\n<meta property=\"og:image\" content=\"https:\/\/www.leathergirl.eu\/wp-content\/uploads\/2021\/03\/k-dupla-penisz6.jpg\" \/>\n\t<meta property=\"og:image:width\" content=\"798\" \/>\n\t<meta property=\"og:image:height\" content=\"600\" \/>\n\t<meta property=\"og:image:type\" content=\"image\/jpeg\" \/>\n<script type=\"application\/ld+json\" class=\"yoast-schema-graph\">{\"@context\":\"https:\/\/schema.org\",\"@graph\":[{\"@type\":\"WebPage\",\"@id\":\"https:\/\/www.leathergirl.eu\/product\/szajtakaro-dupla-penisz-gaggel\/\",\"url\":\"https:\/\/www.leathergirl.eu\/product\/szajtakaro-dupla-penisz-gaggel\/\",\"name\":\"SZ\u00c1JTAKAR\u00d3 DUPLA P\u00c9NISZ GAGGEL - A B\u0151r\u00f6s l\u00e1ny\",\"isPartOf\":{\"@id\":\"https:\/\/www.leathergirl.eu\/#website\"},\"primaryImageOfPage\":{\"@id\":\"https:\/\/www.leathergirl.eu\/product\/szajtakaro-dupla-penisz-gaggel\/#primaryimage\"},\"image\":{\"@id\":\"https:\/\/www.leathergirl.eu\/product\/szajtakaro-dupla-penisz-gaggel\/#primaryimage\"},\"thumbnailUrl\":\"https:\/\/www.leathergirl.eu\/wp-content\/uploads\/2021\/03\/k-dupla-penisz6.jpg\",\"datePublished\":\"2021-03-04T18:06:19+00:00\",\"dateModified\":\"2026-01-03T14:56:33+00:00\",\"breadcrumb\":{\"@id\":\"https:\/\/www.leathergirl.eu\/product\/szajtakaro-dupla-penisz-gaggel\/#breadcrumb\"},\"inLanguage\":\"en-GB\",\"potentialAction\":[{\"@type\":\"ReadAction\",\"target\":[\"https:\/\/www.leathergirl.eu\/product\/szajtakaro-dupla-penisz-gaggel\/\"]}]},{\"@type\":\"ImageObject\",\"inLanguage\":\"en-GB\",\"@id\":\"https:\/\/www.leathergirl.eu\/product\/szajtakaro-dupla-penisz-gaggel\/#primaryimage\",\"url\":\"https:\/\/www.leathergirl.eu\/wp-content\/uploads\/2021\/03\/k-dupla-penisz6.jpg\",\"contentUrl\":\"https:\/\/www.leathergirl.eu\/wp-content\/uploads\/2021\/03\/k-dupla-penisz6.jpg\",\"width\":798,\"height\":600},{\"@type\":\"BreadcrumbList\",\"@id\":\"https:\/\/www.leathergirl.eu\/product\/szajtakaro-dupla-penisz-gaggel\/#breadcrumb\",\"itemListElement\":[{\"@type\":\"ListItem\",\"position\":1,\"name\":\"Home\",\"item\":\"https:\/\/www.leathergirl.eu\/\"},{\"@type\":\"ListItem\",\"position\":2,\"name\":\"Shop\",\"item\":\"https:\/\/www.leathergirl.eu\/en\/uzlet\/\"},{\"@type\":\"ListItem\",\"position\":3,\"name\":\"SZ\u00c1JTAKAR\u00d3 DUPLA P\u00c9NISZ GAGGEL\"}]},{\"@type\":\"WebSite\",\"@id\":\"https:\/\/www.leathergirl.eu\/#website\",\"url\":\"https:\/\/www.leathergirl.eu\/\",\"name\":\"A B\u0151r\u00f6s l\u00e1ny\",\"description\":\"... LeatherGirl ...\",\"publisher\":{\"@id\":\"https:\/\/www.leathergirl.eu\/#organization\"},\"potentialAction\":[{\"@type\":\"SearchAction\",\"target\":{\"@type\":\"EntryPoint\",\"urlTemplate\":\"https:\/\/www.leathergirl.eu\/?s={search_term_string}\"},\"query-input\":{\"@type\":\"PropertyValueSpecification\",\"valueRequired\":true,\"valueName\":\"search_term_string\"}}],\"inLanguage\":\"en-GB\"},{\"@type\":\"Organization\",\"@id\":\"https:\/\/www.leathergirl.eu\/#organization\",\"name\":\"A B\u0151r\u00f6s l\u00e1ny\",\"url\":\"https:\/\/www.leathergirl.eu\/\",\"logo\":{\"@type\":\"ImageObject\",\"inLanguage\":\"en-GB\",\"@id\":\"https:\/\/www.leathergirl.eu\/#\/schema\/logo\/image\/\",\"url\":\"https:\/\/www.leathergirl.eu\/wp-content\/uploads\/2024\/05\/leathergirl-logo.png\",\"contentUrl\":\"https:\/\/www.leathergirl.eu\/wp-content\/uploads\/2024\/05\/leathergirl-logo.png\",\"width\":280,\"height\":80,\"caption\":\"A B\u0151r\u00f6s l\u00e1ny\"},\"image\":{\"@id\":\"https:\/\/www.leathergirl.eu\/#\/schema\/logo\/image\/\"},\"sameAs\":[\"https:\/\/www.facebook.com\/aboroslany\/\",\"https:\/\/www.instagram.com\/theleathergirl\/\"],\"email\":\"aboroslany@gmail.com\",\"legalName\":\"Nepp T\u00edmea e.v.\",\"numberOfEmployees\":{\"@type\":\"QuantitativeValue\",\"minValue\":\"1\",\"maxValue\":\"10\"}}]}<\/script>\n<meta property=\"product:price:amount\" content=\"93.40\" \/>\n<meta property=\"product:price:currency\" content=\"EUR\" \/>\n<meta property=\"og:availability\" content=\"instock\" \/>\n<meta property=\"product:availability\" content=\"instock\" \/>\n<meta property=\"product:condition\" content=\"new\" \/>\n<!-- \/ Yoast SEO Premium plugin. -->","yoast_head_json":{"title":"CARDBOARD DUPLA PENIS GAGGEL - The Girl with Leather","robots":{"index":"index","follow":"follow","max-snippet":"max-snippet:-1","max-image-preview":"max-image-preview:large","max-video-preview":"max-video-preview:-1"},"canonical":"https:\/\/www.leathergirl.eu\/en\/product\/cheese-scoop-with-double-penis-gag\/","og_locale":"en_GB","og_type":"article","og_title":"SZ\u00c1JTAKAR\u00d3 DUPLA P\u00c9NISZ GAGGEL","og_description":"Ezt a sz\u00e1jtakar\u00f3t h\u00e1rom r\u00e9teg puha marhab\u0151rb\u0151l k\u00e9sz\u00edtem, \u00edgy sehol nem nyomja a fejet, viszont kell\u0151en er\u0151sen tart. A gagek szilikonb\u00f3l k\u00e9sz\u00fclnek; a bels\u0151 5,5 cm, a k\u00fcls\u0151 pedig 13 cm hossz\u00fa. A z\u00e1r\u00f3d\u00e1st, \u00e9s a sz\u00edj hossz\u00e1nak szab\u00e1lyoz\u00e1s\u00e1t biztos\u00edt\u00f3 csat lakatolhat\u00f3. (A lakatot a term\u00e9k nem tartalmazza.)","og_url":"https:\/\/www.leathergirl.eu\/en\/product\/cheese-scoop-with-double-penis-gag\/","og_site_name":"A B\u0151r\u00f6s l\u00e1ny","article_publisher":"https:\/\/www.facebook.com\/aboroslany\/","article_modified_time":"2026-01-03T14:56:33+00:00","og_image":[{"width":798,"height":600,"url":"https:\/\/www.leathergirl.eu\/wp-content\/uploads\/2021\/03\/k-dupla-penisz6.jpg","type":"image\/jpeg"}],"schema":{"@context":"https:\/\/schema.org","@graph":[{"@type":"WebPage","@id":"https:\/\/www.leathergirl.eu\/product\/szajtakaro-dupla-penisz-gaggel\/","url":"https:\/\/www.leathergirl.eu\/product\/szajtakaro-dupla-penisz-gaggel\/","name":"CARDBOARD DUPLA PENIS GAGGEL - The Girl with Leather","isPartOf":{"@id":"https:\/\/www.leathergirl.eu\/#website"},"primaryImageOfPage":{"@id":"https:\/\/www.leathergirl.eu\/product\/szajtakaro-dupla-penisz-gaggel\/#primaryimage"},"image":{"@id":"https:\/\/www.leathergirl.eu\/product\/szajtakaro-dupla-penisz-gaggel\/#primaryimage"},"thumbnailUrl":"https:\/\/www.leathergirl.eu\/wp-content\/uploads\/2021\/03\/k-dupla-penisz6.jpg","datePublished":"2021-03-04T18:06:19+00:00","dateModified":"2026-01-03T14:56:33+00:00","breadcrumb":{"@id":"https:\/\/www.leathergirl.eu\/product\/szajtakaro-dupla-penisz-gaggel\/#breadcrumb"},"inLanguage":"en-GB","potentialAction":[{"@type":"ReadAction","target":["https:\/\/www.leathergirl.eu\/product\/szajtakaro-dupla-penisz-gaggel\/"]}]},{"@type":"ImageObject","inLanguage":"en-GB","@id":"https:\/\/www.leathergirl.eu\/product\/szajtakaro-dupla-penisz-gaggel\/#primaryimage","url":"https:\/\/www.leathergirl.eu\/wp-content\/uploads\/2021\/03\/k-dupla-penisz6.jpg","contentUrl":"https:\/\/www.leathergirl.eu\/wp-content\/uploads\/2021\/03\/k-dupla-penisz6.jpg","width":798,"height":600},{"@type":"BreadcrumbList","@id":"https:\/\/www.leathergirl.eu\/product\/szajtakaro-dupla-penisz-gaggel\/#breadcrumb","itemListElement":[{"@type":"ListItem","position":1,"name":"Home","item":"https:\/\/www.leathergirl.eu\/"},{"@type":"ListItem","position":2,"name":"Shop","item":"https:\/\/www.leathergirl.eu\/en\/uzlet\/"},{"@type":"ListItem","position":3,"name":"SZ\u00c1JTAKAR\u00d3 DUPLA P\u00c9NISZ GAGGEL"}]},{"@type":"WebSite","@id":"https:\/\/www.leathergirl.eu\/#website","url":"https:\/\/www.leathergirl.eu\/","name":"The Leather Girl","description":"... LeatherGirl ...","publisher":{"@id":"https:\/\/www.leathergirl.eu\/#organization"},"potentialAction":[{"@type":"SearchAction","target":{"@type":"EntryPoint","urlTemplate":"https:\/\/www.leathergirl.eu\/?s={search_term_string}"},"query-input":{"@type":"PropertyValueSpecification","valueRequired":true,"valueName":"search_term_string"}}],"inLanguage":"en-GB"},{"@type":"Organization","@id":"https:\/\/www.leathergirl.eu\/#organization","name":"The Leather Girl","url":"https:\/\/www.leathergirl.eu\/","logo":{"@type":"ImageObject","inLanguage":"en-GB","@id":"https:\/\/www.leathergirl.eu\/#\/schema\/logo\/image\/","url":"https:\/\/www.leathergirl.eu\/wp-content\/uploads\/2024\/05\/leathergirl-logo.png","contentUrl":"https:\/\/www.leathergirl.eu\/wp-content\/uploads\/2024\/05\/leathergirl-logo.png","width":280,"height":80,"caption":"A B\u0151r\u00f6s l\u00e1ny"},"image":{"@id":"https:\/\/www.leathergirl.eu\/#\/schema\/logo\/image\/"},"sameAs":["https:\/\/www.facebook.com\/aboroslany\/","https:\/\/www.instagram.com\/theleathergirl\/"],"email":"aboroslany@gmail.com","legalName":"Nepp T\u00edmea e.v.","numberOfEmployees":{"@type":"QuantitativeValue","minValue":"1","maxValue":"10"}}]},"product_price_amount":"93.40","product_price_currency":"EUR","og_availability":"instock","product_availability":"instock","product_condition":"new"},"_links":{"self":[{"href":"https:\/\/www.leathergirl.eu\/en\/wp-json\/wp\/v2\/product\/23697","targetHints":{"allow":["GET"]}}],"collection":[{"href":"https:\/\/www.leathergirl.eu\/en\/wp-json\/wp\/v2\/product"}],"about":[{"href":"https:\/\/www.leathergirl.eu\/en\/wp-json\/wp\/v2\/types\/product"}],"wp:featuredmedia":[{"embeddable":true,"href":"https:\/\/www.leathergirl.eu\/en\/wp-json\/wp\/v2\/media\/23702"}],"wp:attachment":[{"href":"https:\/\/www.leathergirl.eu\/en\/wp-json\/wp\/v2\/media?parent=23697"}],"wp:term":[{"taxonomy":"product_brand","embeddable":true,"href":"https:\/\/www.leathergirl.eu\/en\/wp-json\/wp\/v2\/product_brand?post=23697"},{"taxonomy":"product_cat","embeddable":true,"href":"https:\/\/www.leathergirl.eu\/en\/wp-json\/wp\/v2\/product_cat?post=23697"},{"taxonomy":"product_tag","embeddable":true,"href":"https:\/\/www.leathergirl.eu\/en\/wp-json\/wp\/v2\/product_tag?post=23697"}],"curies":[{"name":"wp","href":"https:\/\/api.w.org\/{rel}","templated":true}]}}