{"id":23681,"date":"2021-02-20T18:09:10","date_gmt":"2021-02-20T18:09:10","guid":{"rendered":"https:\/\/www.leathergirl.eu\/?post_type=product&#038;p=23681"},"modified":"2026-01-03T13:11:39","modified_gmt":"2026-01-03T12:11:39","slug":"red-black-extra-wrist-cuffs-2","status":"publish","type":"product","link":"https:\/\/www.leathergirl.eu\/en\/product\/red-black-extra-wrist-cuffs-2\/","title":{"rendered":"RED AND BLACK LOCKABLE WRIST CUFFS"},"content":{"rendered":"<p>Lockable wrist cuff in red and black leather, with 2 half rings. The main part is 6 cm wide, the straps are 3 cm wide and are made of two layers of leather, the outer 1.5-2 mm thick, strong leather, the inner soft but also strong cowhide. The buckles are padlockable (padlocks not included).<br \/>\nThe special features of the handcuffs are the fiery red cowhide and the red stitching.<\/p>","protected":false},"excerpt":{"rendered":"<p>Lockable wrist cuff in red and black leather, with 2 half rings. The main part is 6 cm wide, the straps are 3 cm wide and are made of two layers of leather, the outer 1.5-2 mm thick, strong leather, the inner soft but also strong cowhide. The buckles are padlockable (padlocks not included).<br \/>\nThe special features of the handcuffs are the fiery red cowhide and the red stitching.<\/p>","protected":false},"featured_media":23682,"template":"","meta":{"_et_pb_use_builder":"","_et_pb_old_content":"","_et_gb_content_width":""},"product_brand":[],"product_cat":[28],"product_tag":[],"class_list":{"0":"post-23681","1":"product","2":"type-product","3":"status-publish","4":"has-post-thumbnail","6":"product_cat-wrist","8":"first","9":"instock","10":"purchasable","11":"product-type-simple"},"yoast_head":"<!-- This site is optimized with the Yoast SEO Premium plugin v26.2 (Yoast SEO v26.3) - https:\/\/yoast.com\/wordpress\/plugins\/seo\/ -->\n<title>PIROS-FEKETE LAKATOLHAT\u00d3 CSUKL\u00d3BILINCS - A B\u0151r\u00f6s l\u00e1ny<\/title>\n<meta name=\"description\" content=\"The main part is 6 cm wide, made of two layers of cowhide. The straps are 3 cm wide, also made of two layers of leather, sewn with red thread, and hold several welded D rings: 2 for the wrists, 3 for the ankles and 4 for the neck. A special buckle ensures that they can be padlocked (padlocks are not included).A soft leather covered sponge lining is sewn inside the cuffs to make them comfortable to wear. They also to cover the rivets that fasten the straps, so they don\u2019t come in contact with the wearer\u2019s skin, making it suitable for people with metal allergies.\" \/>\n<meta name=\"robots\" content=\"index, follow, max-snippet:-1, max-image-preview:large, max-video-preview:-1\" \/>\n<link rel=\"canonical\" href=\"https:\/\/www.leathergirl.eu\/en\/product\/red-black-extra-wrist-cuffs-2\/\" \/>\n<meta property=\"og:locale\" content=\"en_GB\" \/>\n<meta property=\"og:type\" content=\"article\" \/>\n<meta property=\"og:title\" content=\"PIROS-FEKETE LAKATOLHAT\u00d3 CSUKL\u00d3BILINCS\" \/>\n<meta property=\"og:description\" content=\"The main part is 6 cm wide, made of two layers of cowhide. The straps are 3 cm wide, also made of two layers of leather, sewn with red thread, and hold several welded D rings: 2 for the wrists, 3 for the ankles and 4 for the neck. A special buckle ensures that they can be padlocked (padlocks are not included).A soft leather covered sponge lining is sewn inside the cuffs to make them comfortable to wear. They also to cover the rivets that fasten the straps, so they don\u2019t come in contact with the wearer\u2019s skin, making it suitable for people with metal allergies.\" \/>\n<meta property=\"og:url\" content=\"https:\/\/www.leathergirl.eu\/en\/product\/red-black-extra-wrist-cuffs-2\/\" \/>\n<meta property=\"og:site_name\" content=\"A B\u0151r\u00f6s l\u00e1ny\" \/>\n<meta property=\"article:publisher\" content=\"https:\/\/www.facebook.com\/aboroslany\/\" \/>\n<meta property=\"article:modified_time\" content=\"2026-01-03T12:11:39+00:00\" \/>\n<meta property=\"og:image\" content=\"https:\/\/www.leathergirl.eu\/wp-content\/uploads\/2021\/02\/k-DSC_0003K.jpg\" \/>\n\t<meta property=\"og:image:width\" content=\"800\" \/>\n\t<meta property=\"og:image:height\" content=\"560\" \/>\n\t<meta property=\"og:image:type\" content=\"image\/jpeg\" \/>\n<script type=\"application\/ld+json\" class=\"yoast-schema-graph\">{\"@context\":\"https:\/\/schema.org\",\"@graph\":[{\"@type\":\"WebPage\",\"@id\":\"https:\/\/www.leathergirl.eu\/product\/piros-fekete-extra-csuklobilincs\/\",\"url\":\"https:\/\/www.leathergirl.eu\/product\/piros-fekete-extra-csuklobilincs\/\",\"name\":\"PIROS-FEKETE LAKATOLHAT\u00d3 CSUKL\u00d3BILINCS - A B\u0151r\u00f6s l\u00e1ny\",\"isPartOf\":{\"@id\":\"https:\/\/www.leathergirl.eu\/#website\"},\"primaryImageOfPage\":{\"@id\":\"https:\/\/www.leathergirl.eu\/product\/piros-fekete-extra-csuklobilincs\/#primaryimage\"},\"image\":{\"@id\":\"https:\/\/www.leathergirl.eu\/product\/piros-fekete-extra-csuklobilincs\/#primaryimage\"},\"thumbnailUrl\":\"https:\/\/www.leathergirl.eu\/wp-content\/uploads\/2021\/02\/k-DSC_0003K.jpg\",\"datePublished\":\"2021-02-20T18:09:10+00:00\",\"dateModified\":\"2026-01-03T12:11:39+00:00\",\"description\":\"The main part is 6 cm wide, made of two layers of cowhide. The straps are 3 cm wide, also made of two layers of leather, sewn with red thread, and hold several welded D rings: 2 for the wrists, 3 for the ankles and 4 for the neck. A special buckle ensures that they can be padlocked (padlocks are not included).A soft leather covered sponge lining is sewn inside the cuffs to make them comfortable to wear. They also to cover the rivets that fasten the straps, so they don\u2019t come in contact with the wearer\u2019s skin, making it suitable for people with metal allergies.\",\"breadcrumb\":{\"@id\":\"https:\/\/www.leathergirl.eu\/product\/piros-fekete-extra-csuklobilincs\/#breadcrumb\"},\"inLanguage\":\"en-GB\",\"potentialAction\":[{\"@type\":\"ReadAction\",\"target\":[\"https:\/\/www.leathergirl.eu\/product\/piros-fekete-extra-csuklobilincs\/\"]}]},{\"@type\":\"ImageObject\",\"inLanguage\":\"en-GB\",\"@id\":\"https:\/\/www.leathergirl.eu\/product\/piros-fekete-extra-csuklobilincs\/#primaryimage\",\"url\":\"https:\/\/www.leathergirl.eu\/wp-content\/uploads\/2021\/02\/k-DSC_0003K.jpg\",\"contentUrl\":\"https:\/\/www.leathergirl.eu\/wp-content\/uploads\/2021\/02\/k-DSC_0003K.jpg\",\"width\":800,\"height\":560},{\"@type\":\"BreadcrumbList\",\"@id\":\"https:\/\/www.leathergirl.eu\/product\/piros-fekete-extra-csuklobilincs\/#breadcrumb\",\"itemListElement\":[{\"@type\":\"ListItem\",\"position\":1,\"name\":\"Home\",\"item\":\"https:\/\/www.leathergirl.eu\/\"},{\"@type\":\"ListItem\",\"position\":2,\"name\":\"Shop\",\"item\":\"https:\/\/www.leathergirl.eu\/en\/uzlet\/\"},{\"@type\":\"ListItem\",\"position\":3,\"name\":\"PIROS-FEKETE LAKATOLHAT\u00d3 CSUKL\u00d3BILINCS\"}]},{\"@type\":\"WebSite\",\"@id\":\"https:\/\/www.leathergirl.eu\/#website\",\"url\":\"https:\/\/www.leathergirl.eu\/\",\"name\":\"A B\u0151r\u00f6s l\u00e1ny\",\"description\":\"... LeatherGirl ...\",\"publisher\":{\"@id\":\"https:\/\/www.leathergirl.eu\/#organization\"},\"potentialAction\":[{\"@type\":\"SearchAction\",\"target\":{\"@type\":\"EntryPoint\",\"urlTemplate\":\"https:\/\/www.leathergirl.eu\/?s={search_term_string}\"},\"query-input\":{\"@type\":\"PropertyValueSpecification\",\"valueRequired\":true,\"valueName\":\"search_term_string\"}}],\"inLanguage\":\"en-GB\"},{\"@type\":\"Organization\",\"@id\":\"https:\/\/www.leathergirl.eu\/#organization\",\"name\":\"A B\u0151r\u00f6s l\u00e1ny\",\"url\":\"https:\/\/www.leathergirl.eu\/\",\"logo\":{\"@type\":\"ImageObject\",\"inLanguage\":\"en-GB\",\"@id\":\"https:\/\/www.leathergirl.eu\/#\/schema\/logo\/image\/\",\"url\":\"https:\/\/www.leathergirl.eu\/wp-content\/uploads\/2024\/05\/leathergirl-logo.png\",\"contentUrl\":\"https:\/\/www.leathergirl.eu\/wp-content\/uploads\/2024\/05\/leathergirl-logo.png\",\"width\":280,\"height\":80,\"caption\":\"A B\u0151r\u00f6s l\u00e1ny\"},\"image\":{\"@id\":\"https:\/\/www.leathergirl.eu\/#\/schema\/logo\/image\/\"},\"sameAs\":[\"https:\/\/www.facebook.com\/aboroslany\/\",\"https:\/\/www.instagram.com\/theleathergirl\/\"],\"email\":\"aboroslany@gmail.com\",\"legalName\":\"Nepp T\u00edmea e.v.\",\"numberOfEmployees\":{\"@type\":\"QuantitativeValue\",\"minValue\":\"1\",\"maxValue\":\"10\"}}]}<\/script>\n<meta property=\"product:price:amount\" content=\"95.30\" \/>\n<meta property=\"product:price:currency\" content=\"EUR\" \/>\n<meta property=\"og:availability\" content=\"instock\" \/>\n<meta property=\"product:availability\" content=\"instock\" \/>\n<meta property=\"product:condition\" content=\"new\" \/>\n<!-- \/ Yoast SEO Premium plugin. -->","yoast_head_json":{"title":"BLACK-BLACK FUR-FREE CLEANING CLOTHES - The Furry Girl","description":"The main part is 6 cm wide, made of two layers of cowhide. The straps are 3 cm wide, also made of two layers of leather, sewn with red thread, and hold several welded D rings: 2 for the wrists, 3 for the ankles and 4 for the neck. A special buckle ensures that they can be padlocked (padlocks are not included).A soft leather covered sponge lining is sewn inside the cuffs to make them comfortable to wear. They also to cover the rivets that fasten the straps, so they don't come in contact with the wearer's skin, making it suitable for people with metal allergies.","robots":{"index":"index","follow":"follow","max-snippet":"max-snippet:-1","max-image-preview":"max-image-preview:large","max-video-preview":"max-video-preview:-1"},"canonical":"https:\/\/www.leathergirl.eu\/en\/product\/red-black-extra-wrist-cuffs-2\/","og_locale":"en_GB","og_type":"article","og_title":"PIROS-FEKETE LAKATOLHAT\u00d3 CSUKL\u00d3BILINCS","og_description":"The main part is 6 cm wide, made of two layers of cowhide. The straps are 3 cm wide, also made of two layers of leather, sewn with red thread, and hold several welded D rings: 2 for the wrists, 3 for the ankles and 4 for the neck. A special buckle ensures that they can be padlocked (padlocks are not included).A soft leather covered sponge lining is sewn inside the cuffs to make them comfortable to wear. They also to cover the rivets that fasten the straps, so they don\u2019t come in contact with the wearer\u2019s skin, making it suitable for people with metal allergies.","og_url":"https:\/\/www.leathergirl.eu\/en\/product\/red-black-extra-wrist-cuffs-2\/","og_site_name":"A B\u0151r\u00f6s l\u00e1ny","article_publisher":"https:\/\/www.facebook.com\/aboroslany\/","article_modified_time":"2026-01-03T12:11:39+00:00","og_image":[{"width":800,"height":560,"url":"https:\/\/www.leathergirl.eu\/wp-content\/uploads\/2021\/02\/k-DSC_0003K.jpg","type":"image\/jpeg"}],"schema":{"@context":"https:\/\/schema.org","@graph":[{"@type":"WebPage","@id":"https:\/\/www.leathergirl.eu\/product\/piros-fekete-extra-csuklobilincs\/","url":"https:\/\/www.leathergirl.eu\/product\/piros-fekete-extra-csuklobilincs\/","name":"BLACK-BLACK FUR-FREE CLEANING CLOTHES - The Furry Girl","isPartOf":{"@id":"https:\/\/www.leathergirl.eu\/#website"},"primaryImageOfPage":{"@id":"https:\/\/www.leathergirl.eu\/product\/piros-fekete-extra-csuklobilincs\/#primaryimage"},"image":{"@id":"https:\/\/www.leathergirl.eu\/product\/piros-fekete-extra-csuklobilincs\/#primaryimage"},"thumbnailUrl":"https:\/\/www.leathergirl.eu\/wp-content\/uploads\/2021\/02\/k-DSC_0003K.jpg","datePublished":"2021-02-20T18:09:10+00:00","dateModified":"2026-01-03T12:11:39+00:00","description":"The main part is 6 cm wide, made of two layers of cowhide. The straps are 3 cm wide, also made of two layers of leather, sewn with red thread, and hold several welded D rings: 2 for the wrists, 3 for the ankles and 4 for the neck. A special buckle ensures that they can be padlocked (padlocks are not included).A soft leather covered sponge lining is sewn inside the cuffs to make them comfortable to wear. They also to cover the rivets that fasten the straps, so they don't come in contact with the wearer's skin, making it suitable for people with metal allergies.","breadcrumb":{"@id":"https:\/\/www.leathergirl.eu\/product\/piros-fekete-extra-csuklobilincs\/#breadcrumb"},"inLanguage":"en-GB","potentialAction":[{"@type":"ReadAction","target":["https:\/\/www.leathergirl.eu\/product\/piros-fekete-extra-csuklobilincs\/"]}]},{"@type":"ImageObject","inLanguage":"en-GB","@id":"https:\/\/www.leathergirl.eu\/product\/piros-fekete-extra-csuklobilincs\/#primaryimage","url":"https:\/\/www.leathergirl.eu\/wp-content\/uploads\/2021\/02\/k-DSC_0003K.jpg","contentUrl":"https:\/\/www.leathergirl.eu\/wp-content\/uploads\/2021\/02\/k-DSC_0003K.jpg","width":800,"height":560},{"@type":"BreadcrumbList","@id":"https:\/\/www.leathergirl.eu\/product\/piros-fekete-extra-csuklobilincs\/#breadcrumb","itemListElement":[{"@type":"ListItem","position":1,"name":"Home","item":"https:\/\/www.leathergirl.eu\/"},{"@type":"ListItem","position":2,"name":"Shop","item":"https:\/\/www.leathergirl.eu\/en\/uzlet\/"},{"@type":"ListItem","position":3,"name":"PIROS-FEKETE LAKATOLHAT\u00d3 CSUKL\u00d3BILINCS"}]},{"@type":"WebSite","@id":"https:\/\/www.leathergirl.eu\/#website","url":"https:\/\/www.leathergirl.eu\/","name":"The Leather Girl","description":"... LeatherGirl ...","publisher":{"@id":"https:\/\/www.leathergirl.eu\/#organization"},"potentialAction":[{"@type":"SearchAction","target":{"@type":"EntryPoint","urlTemplate":"https:\/\/www.leathergirl.eu\/?s={search_term_string}"},"query-input":{"@type":"PropertyValueSpecification","valueRequired":true,"valueName":"search_term_string"}}],"inLanguage":"en-GB"},{"@type":"Organization","@id":"https:\/\/www.leathergirl.eu\/#organization","name":"The Leather Girl","url":"https:\/\/www.leathergirl.eu\/","logo":{"@type":"ImageObject","inLanguage":"en-GB","@id":"https:\/\/www.leathergirl.eu\/#\/schema\/logo\/image\/","url":"https:\/\/www.leathergirl.eu\/wp-content\/uploads\/2024\/05\/leathergirl-logo.png","contentUrl":"https:\/\/www.leathergirl.eu\/wp-content\/uploads\/2024\/05\/leathergirl-logo.png","width":280,"height":80,"caption":"A B\u0151r\u00f6s l\u00e1ny"},"image":{"@id":"https:\/\/www.leathergirl.eu\/#\/schema\/logo\/image\/"},"sameAs":["https:\/\/www.facebook.com\/aboroslany\/","https:\/\/www.instagram.com\/theleathergirl\/"],"email":"aboroslany@gmail.com","legalName":"Nepp T\u00edmea e.v.","numberOfEmployees":{"@type":"QuantitativeValue","minValue":"1","maxValue":"10"}}]},"product_price_amount":"95.30","product_price_currency":"EUR","og_availability":"instock","product_availability":"instock","product_condition":"new"},"_links":{"self":[{"href":"https:\/\/www.leathergirl.eu\/en\/wp-json\/wp\/v2\/product\/23681","targetHints":{"allow":["GET"]}}],"collection":[{"href":"https:\/\/www.leathergirl.eu\/en\/wp-json\/wp\/v2\/product"}],"about":[{"href":"https:\/\/www.leathergirl.eu\/en\/wp-json\/wp\/v2\/types\/product"}],"wp:featuredmedia":[{"embeddable":true,"href":"https:\/\/www.leathergirl.eu\/en\/wp-json\/wp\/v2\/media\/23682"}],"wp:attachment":[{"href":"https:\/\/www.leathergirl.eu\/en\/wp-json\/wp\/v2\/media?parent=23681"}],"wp:term":[{"taxonomy":"product_brand","embeddable":true,"href":"https:\/\/www.leathergirl.eu\/en\/wp-json\/wp\/v2\/product_brand?post=23681"},{"taxonomy":"product_cat","embeddable":true,"href":"https:\/\/www.leathergirl.eu\/en\/wp-json\/wp\/v2\/product_cat?post=23681"},{"taxonomy":"product_tag","embeddable":true,"href":"https:\/\/www.leathergirl.eu\/en\/wp-json\/wp\/v2\/product_tag?post=23681"}],"curies":[{"name":"wp","href":"https:\/\/api.w.org\/{rel}","templated":true}]}}