{"id":23677,"date":"2021-02-20T18:01:29","date_gmt":"2021-02-20T18:01:29","guid":{"rendered":"https:\/\/www.leathergirl.eu\/?post_type=product&#038;p=23677"},"modified":"2026-01-03T13:52:45","modified_gmt":"2026-01-03T12:52:45","slug":"red-black-extra-clamp-clasp","status":"publish","type":"product","link":"https:\/\/www.leathergirl.eu\/en\/product\/red-black-extra-clamp-clasp\/","title":{"rendered":"RED-BLACK RESTORABLE CLAMP SET (for wrist, ankle)"},"content":{"rendered":"<p>Lockable handcuff set in red and black leather with several half rings. The main part is 6 cm wide, the straps are 3 cm wide and are made of two layers of leather, the outer 1.5-2 mm thick, strong leather, the inner soft but also strong cowhide. There are 2 welded half-rings on the wrist cuffs and 3 welded half-rings on the ankle cuffs; the buckles can be locked.<br \/>\nThe special feature of the set is the fiery red cowhide and the red needlework.<\/p>\n<p>You can also order them individually:<br \/>\n<a href=\"https:\/\/www.leathergirl.eu\/termek\/piros-fekete-extra-csuklobilincs\/\" target=\"_blank\" rel=\"noopener\"><a href=\"https:\/\/www.leathergirl.eu\/en\/termek\/lakatolhato-csuklobilincs-2db-felkarikaval\/\" target=\"_blank\" rel=\"noopener\">hand cuffs<\/a> with 2 d-rings<\/li><\/a><br \/>\n<a href=\"https:\/\/www.leathergirl.eu\/termek\/piros-fekete-extra-bokabilincs\/\" target=\"_blank\" rel=\"noopener\">ankle<\/a><br \/>\nNeck clamp not shown in the pictures, but you can order it for 74,3\u20ac.<br \/>\nPrice of the set with necklace: 235,4\u20ac.<\/p>\n<p><span style=\"color: #767676;\"><span style=\"font-family: Open Sans, Georgia;\"><span style=\"font-size: small;\">Locks are not included in the product.<\/span><\/span><\/span><\/p>","protected":false},"excerpt":{"rendered":"<p>Lockable handcuff set in red and black leather with several half rings. The main part is 6 cm wide, the straps are 3 cm wide and are made of two layers of leather, the outer 1.5-2 mm thick, strong leather, the inner soft but also strong cowhide. There are 2 welded half-rings on the wrist cuffs and 3 welded half-rings on the ankle cuffs; the buckles can be locked.<br \/>\nThe special feature of the set is the fiery red cowhide and the red needlework.<\/p>\n<p>You can also order them individually:<br \/>\n<a href=\"https:\/\/www.leathergirl.eu\/termek\/piros-fekete-extra-csuklobilincs\/\" target=\"_blank\" rel=\"noopener\"><a href=\"https:\/\/www.leathergirl.eu\/en\/termek\/lakatolhato-csuklobilincs-2db-felkarikaval\/\" target=\"_blank\" rel=\"noopener\">hand cuffs<\/a> with 2 d-rings<\/li><\/a><br \/>\n<a href=\"https:\/\/www.leathergirl.eu\/termek\/piros-fekete-extra-bokabilincs\/\" target=\"_blank\" rel=\"noopener\">ankle<\/a><br \/>\nNeck clamp not shown in the pictures, but you can order it for 74,3\u20ac.<br \/>\nPrice of the set with necklace: 235,4\u20ac.<\/p>","protected":false},"featured_media":23679,"template":"","meta":{"_et_pb_use_builder":"","_et_pb_old_content":"","_et_gb_content_width":""},"product_brand":[],"product_cat":[18],"product_tag":[],"class_list":{"0":"post-23677","1":"product","2":"type-product","3":"status-publish","4":"has-post-thumbnail","6":"product_cat-sets","8":"first","9":"instock","10":"purchasable","11":"product-type-simple"},"yoast_head":"<!-- This site is optimized with the Yoast SEO Premium plugin v26.2 (Yoast SEO v26.3) - https:\/\/yoast.com\/wordpress\/plugins\/seo\/ -->\n<title>PIROS-FEKETE LAKATOLHAT\u00d3 BILINCS K\u00c9SZLET (csukl\u00f3ra, bok\u00e1ra) - A B\u0151r\u00f6s l\u00e1ny<\/title>\n<meta name=\"robots\" content=\"index, follow, max-snippet:-1, max-image-preview:large, max-video-preview:-1\" \/>\n<link rel=\"canonical\" href=\"https:\/\/www.leathergirl.eu\/en\/product\/red-black-extra-clamp-clasp\/\" \/>\n<meta property=\"og:locale\" content=\"en_GB\" \/>\n<meta property=\"og:type\" content=\"article\" \/>\n<meta property=\"og:title\" content=\"PIROS-FEKETE LAKATOLHAT\u00d3 BILINCS K\u00c9SZLET (csukl\u00f3ra, bok\u00e1ra)\" \/>\n<meta property=\"og:description\" content=\"Lakatolhat\u00f3 bilincs szett piros \u00e9s fekete b\u0151rb\u0151l, t\u00f6bb f\u00e9lkarik\u00e1val. A f\u0151r\u00e9sz a 6 cm, a sz\u00edjak 3 cm sz\u00e9lesek, \u00e9s k\u00e9t r\u00e9teg b\u0151rb\u0151l k\u00e9sz\u00fclnek, melyb\u0151l a k\u00fcls\u0151 1,5-2 mm vastag, er\u0151s b\u0151r, a bels\u0151 puha, de szint\u00e9n er\u0151s marhab\u0151r. A csukl\u00f3bilincsekre 2 db, a bokabilincsekre pedig 3 db hegesztett f\u00e9lkarik\u00e1t teszek; a csatok lakatolhat\u00f3ak. A k\u00e9szlet k\u00fcl\u00f6nlegess\u00e9g\u00e9t a felhaszn\u00e1lt t\u0171zpiros marhab\u0151r \u00e9s a piros t\u0171z\u00e9s adja.  Term\u00e9szetesen darabonk\u00e9nt is rendelheted: csukl\u00f3ra bok\u00e1ra Nyakbilincs nem szerepel a k\u00e9peken, de azt is rendelhetsz hozz\u00e1: 27.200 Ft-\u00e9rt. A szett \u00e1ra nyakbilinccsel: 85.900 Ft\" \/>\n<meta property=\"og:url\" content=\"https:\/\/www.leathergirl.eu\/en\/product\/red-black-extra-clamp-clasp\/\" \/>\n<meta property=\"og:site_name\" content=\"A B\u0151r\u00f6s l\u00e1ny\" \/>\n<meta property=\"article:publisher\" content=\"https:\/\/www.facebook.com\/aboroslany\/\" \/>\n<meta property=\"article:modified_time\" content=\"2026-01-03T12:52:45+00:00\" \/>\n<meta property=\"og:image\" content=\"https:\/\/www.leathergirl.eu\/wp-content\/uploads\/2021\/02\/k-DSC_0011K.jpg\" \/>\n\t<meta property=\"og:image:width\" content=\"800\" \/>\n\t<meta property=\"og:image:height\" content=\"560\" \/>\n\t<meta property=\"og:image:type\" content=\"image\/jpeg\" \/>\n<script type=\"application\/ld+json\" class=\"yoast-schema-graph\">{\"@context\":\"https:\/\/schema.org\",\"@graph\":[{\"@type\":\"WebPage\",\"@id\":\"https:\/\/www.leathergirl.eu\/product\/piros-fekete-extra-bilincs-keszlet\/\",\"url\":\"https:\/\/www.leathergirl.eu\/product\/piros-fekete-extra-bilincs-keszlet\/\",\"name\":\"PIROS-FEKETE LAKATOLHAT\u00d3 BILINCS K\u00c9SZLET (csukl\u00f3ra, bok\u00e1ra) - A B\u0151r\u00f6s l\u00e1ny\",\"isPartOf\":{\"@id\":\"https:\/\/www.leathergirl.eu\/#website\"},\"primaryImageOfPage\":{\"@id\":\"https:\/\/www.leathergirl.eu\/product\/piros-fekete-extra-bilincs-keszlet\/#primaryimage\"},\"image\":{\"@id\":\"https:\/\/www.leathergirl.eu\/product\/piros-fekete-extra-bilincs-keszlet\/#primaryimage\"},\"thumbnailUrl\":\"https:\/\/www.leathergirl.eu\/wp-content\/uploads\/2021\/02\/k-DSC_0011K.jpg\",\"datePublished\":\"2021-02-20T18:01:29+00:00\",\"dateModified\":\"2026-01-03T12:52:45+00:00\",\"breadcrumb\":{\"@id\":\"https:\/\/www.leathergirl.eu\/product\/piros-fekete-extra-bilincs-keszlet\/#breadcrumb\"},\"inLanguage\":\"en-GB\",\"potentialAction\":[{\"@type\":\"ReadAction\",\"target\":[\"https:\/\/www.leathergirl.eu\/product\/piros-fekete-extra-bilincs-keszlet\/\"]}]},{\"@type\":\"ImageObject\",\"inLanguage\":\"en-GB\",\"@id\":\"https:\/\/www.leathergirl.eu\/product\/piros-fekete-extra-bilincs-keszlet\/#primaryimage\",\"url\":\"https:\/\/www.leathergirl.eu\/wp-content\/uploads\/2021\/02\/k-DSC_0011K.jpg\",\"contentUrl\":\"https:\/\/www.leathergirl.eu\/wp-content\/uploads\/2021\/02\/k-DSC_0011K.jpg\",\"width\":800,\"height\":560},{\"@type\":\"BreadcrumbList\",\"@id\":\"https:\/\/www.leathergirl.eu\/product\/piros-fekete-extra-bilincs-keszlet\/#breadcrumb\",\"itemListElement\":[{\"@type\":\"ListItem\",\"position\":1,\"name\":\"Home\",\"item\":\"https:\/\/www.leathergirl.eu\/\"},{\"@type\":\"ListItem\",\"position\":2,\"name\":\"Shop\",\"item\":\"https:\/\/www.leathergirl.eu\/en\/uzlet\/\"},{\"@type\":\"ListItem\",\"position\":3,\"name\":\"PIROS-FEKETE LAKATOLHAT\u00d3 BILINCS K\u00c9SZLET (csukl\u00f3ra, bok\u00e1ra)\"}]},{\"@type\":\"WebSite\",\"@id\":\"https:\/\/www.leathergirl.eu\/#website\",\"url\":\"https:\/\/www.leathergirl.eu\/\",\"name\":\"A B\u0151r\u00f6s l\u00e1ny\",\"description\":\"... LeatherGirl ...\",\"publisher\":{\"@id\":\"https:\/\/www.leathergirl.eu\/#organization\"},\"potentialAction\":[{\"@type\":\"SearchAction\",\"target\":{\"@type\":\"EntryPoint\",\"urlTemplate\":\"https:\/\/www.leathergirl.eu\/?s={search_term_string}\"},\"query-input\":{\"@type\":\"PropertyValueSpecification\",\"valueRequired\":true,\"valueName\":\"search_term_string\"}}],\"inLanguage\":\"en-GB\"},{\"@type\":\"Organization\",\"@id\":\"https:\/\/www.leathergirl.eu\/#organization\",\"name\":\"A B\u0151r\u00f6s l\u00e1ny\",\"url\":\"https:\/\/www.leathergirl.eu\/\",\"logo\":{\"@type\":\"ImageObject\",\"inLanguage\":\"en-GB\",\"@id\":\"https:\/\/www.leathergirl.eu\/#\/schema\/logo\/image\/\",\"url\":\"https:\/\/www.leathergirl.eu\/wp-content\/uploads\/2024\/05\/leathergirl-logo.png\",\"contentUrl\":\"https:\/\/www.leathergirl.eu\/wp-content\/uploads\/2024\/05\/leathergirl-logo.png\",\"width\":280,\"height\":80,\"caption\":\"A B\u0151r\u00f6s l\u00e1ny\"},\"image\":{\"@id\":\"https:\/\/www.leathergirl.eu\/#\/schema\/logo\/image\/\"},\"sameAs\":[\"https:\/\/www.facebook.com\/aboroslany\/\",\"https:\/\/www.instagram.com\/theleathergirl\/\"],\"email\":\"aboroslany@gmail.com\",\"legalName\":\"Nepp T\u00edmea e.v.\",\"numberOfEmployees\":{\"@type\":\"QuantitativeValue\",\"minValue\":\"1\",\"maxValue\":\"10\"}}]}<\/script>\n<meta property=\"product:price:amount\" content=\"166.00\" \/>\n<meta property=\"product:price:currency\" content=\"EUR\" \/>\n<meta property=\"og:availability\" content=\"instock\" \/>\n<meta property=\"product:availability\" content=\"instock\" \/>\n<meta property=\"product:condition\" content=\"new\" \/>\n<!-- \/ Yoast SEO Premium plugin. -->","yoast_head_json":{"title":"RED-BLACK RESTORABLE CLOTHES (wrist, ankle) - The Furry Girl","robots":{"index":"index","follow":"follow","max-snippet":"max-snippet:-1","max-image-preview":"max-image-preview:large","max-video-preview":"max-video-preview:-1"},"canonical":"https:\/\/www.leathergirl.eu\/en\/product\/red-black-extra-clamp-clasp\/","og_locale":"en_GB","og_type":"article","og_title":"PIROS-FEKETE LAKATOLHAT\u00d3 BILINCS K\u00c9SZLET (csukl\u00f3ra, bok\u00e1ra)","og_description":"Lakatolhat\u00f3 bilincs szett piros \u00e9s fekete b\u0151rb\u0151l, t\u00f6bb f\u00e9lkarik\u00e1val. A f\u0151r\u00e9sz a 6 cm, a sz\u00edjak 3 cm sz\u00e9lesek, \u00e9s k\u00e9t r\u00e9teg b\u0151rb\u0151l k\u00e9sz\u00fclnek, melyb\u0151l a k\u00fcls\u0151 1,5-2 mm vastag, er\u0151s b\u0151r, a bels\u0151 puha, de szint\u00e9n er\u0151s marhab\u0151r. A csukl\u00f3bilincsekre 2 db, a bokabilincsekre pedig 3 db hegesztett f\u00e9lkarik\u00e1t teszek; a csatok lakatolhat\u00f3ak. A k\u00e9szlet k\u00fcl\u00f6nlegess\u00e9g\u00e9t a felhaszn\u00e1lt t\u0171zpiros marhab\u0151r \u00e9s a piros t\u0171z\u00e9s adja.  Term\u00e9szetesen darabonk\u00e9nt is rendelheted: csukl\u00f3ra bok\u00e1ra Nyakbilincs nem szerepel a k\u00e9peken, de azt is rendelhetsz hozz\u00e1: 27.200 Ft-\u00e9rt. A szett \u00e1ra nyakbilinccsel: 85.900 Ft","og_url":"https:\/\/www.leathergirl.eu\/en\/product\/red-black-extra-clamp-clasp\/","og_site_name":"A B\u0151r\u00f6s l\u00e1ny","article_publisher":"https:\/\/www.facebook.com\/aboroslany\/","article_modified_time":"2026-01-03T12:52:45+00:00","og_image":[{"width":800,"height":560,"url":"https:\/\/www.leathergirl.eu\/wp-content\/uploads\/2021\/02\/k-DSC_0011K.jpg","type":"image\/jpeg"}],"schema":{"@context":"https:\/\/schema.org","@graph":[{"@type":"WebPage","@id":"https:\/\/www.leathergirl.eu\/product\/piros-fekete-extra-bilincs-keszlet\/","url":"https:\/\/www.leathergirl.eu\/product\/piros-fekete-extra-bilincs-keszlet\/","name":"RED-BLACK RESTORABLE CLOTHES (wrist, ankle) - The Furry Girl","isPartOf":{"@id":"https:\/\/www.leathergirl.eu\/#website"},"primaryImageOfPage":{"@id":"https:\/\/www.leathergirl.eu\/product\/piros-fekete-extra-bilincs-keszlet\/#primaryimage"},"image":{"@id":"https:\/\/www.leathergirl.eu\/product\/piros-fekete-extra-bilincs-keszlet\/#primaryimage"},"thumbnailUrl":"https:\/\/www.leathergirl.eu\/wp-content\/uploads\/2021\/02\/k-DSC_0011K.jpg","datePublished":"2021-02-20T18:01:29+00:00","dateModified":"2026-01-03T12:52:45+00:00","breadcrumb":{"@id":"https:\/\/www.leathergirl.eu\/product\/piros-fekete-extra-bilincs-keszlet\/#breadcrumb"},"inLanguage":"en-GB","potentialAction":[{"@type":"ReadAction","target":["https:\/\/www.leathergirl.eu\/product\/piros-fekete-extra-bilincs-keszlet\/"]}]},{"@type":"ImageObject","inLanguage":"en-GB","@id":"https:\/\/www.leathergirl.eu\/product\/piros-fekete-extra-bilincs-keszlet\/#primaryimage","url":"https:\/\/www.leathergirl.eu\/wp-content\/uploads\/2021\/02\/k-DSC_0011K.jpg","contentUrl":"https:\/\/www.leathergirl.eu\/wp-content\/uploads\/2021\/02\/k-DSC_0011K.jpg","width":800,"height":560},{"@type":"BreadcrumbList","@id":"https:\/\/www.leathergirl.eu\/product\/piros-fekete-extra-bilincs-keszlet\/#breadcrumb","itemListElement":[{"@type":"ListItem","position":1,"name":"Home","item":"https:\/\/www.leathergirl.eu\/"},{"@type":"ListItem","position":2,"name":"Shop","item":"https:\/\/www.leathergirl.eu\/en\/uzlet\/"},{"@type":"ListItem","position":3,"name":"PIROS-FEKETE LAKATOLHAT\u00d3 BILINCS K\u00c9SZLET (csukl\u00f3ra, bok\u00e1ra)"}]},{"@type":"WebSite","@id":"https:\/\/www.leathergirl.eu\/#website","url":"https:\/\/www.leathergirl.eu\/","name":"The Leather Girl","description":"... LeatherGirl ...","publisher":{"@id":"https:\/\/www.leathergirl.eu\/#organization"},"potentialAction":[{"@type":"SearchAction","target":{"@type":"EntryPoint","urlTemplate":"https:\/\/www.leathergirl.eu\/?s={search_term_string}"},"query-input":{"@type":"PropertyValueSpecification","valueRequired":true,"valueName":"search_term_string"}}],"inLanguage":"en-GB"},{"@type":"Organization","@id":"https:\/\/www.leathergirl.eu\/#organization","name":"The Leather Girl","url":"https:\/\/www.leathergirl.eu\/","logo":{"@type":"ImageObject","inLanguage":"en-GB","@id":"https:\/\/www.leathergirl.eu\/#\/schema\/logo\/image\/","url":"https:\/\/www.leathergirl.eu\/wp-content\/uploads\/2024\/05\/leathergirl-logo.png","contentUrl":"https:\/\/www.leathergirl.eu\/wp-content\/uploads\/2024\/05\/leathergirl-logo.png","width":280,"height":80,"caption":"A B\u0151r\u00f6s l\u00e1ny"},"image":{"@id":"https:\/\/www.leathergirl.eu\/#\/schema\/logo\/image\/"},"sameAs":["https:\/\/www.facebook.com\/aboroslany\/","https:\/\/www.instagram.com\/theleathergirl\/"],"email":"aboroslany@gmail.com","legalName":"Nepp T\u00edmea e.v.","numberOfEmployees":{"@type":"QuantitativeValue","minValue":"1","maxValue":"10"}}]},"product_price_amount":"166.00","product_price_currency":"EUR","og_availability":"instock","product_availability":"instock","product_condition":"new"},"_links":{"self":[{"href":"https:\/\/www.leathergirl.eu\/en\/wp-json\/wp\/v2\/product\/23677","targetHints":{"allow":["GET"]}}],"collection":[{"href":"https:\/\/www.leathergirl.eu\/en\/wp-json\/wp\/v2\/product"}],"about":[{"href":"https:\/\/www.leathergirl.eu\/en\/wp-json\/wp\/v2\/types\/product"}],"wp:featuredmedia":[{"embeddable":true,"href":"https:\/\/www.leathergirl.eu\/en\/wp-json\/wp\/v2\/media\/23679"}],"wp:attachment":[{"href":"https:\/\/www.leathergirl.eu\/en\/wp-json\/wp\/v2\/media?parent=23677"}],"wp:term":[{"taxonomy":"product_brand","embeddable":true,"href":"https:\/\/www.leathergirl.eu\/en\/wp-json\/wp\/v2\/product_brand?post=23677"},{"taxonomy":"product_cat","embeddable":true,"href":"https:\/\/www.leathergirl.eu\/en\/wp-json\/wp\/v2\/product_cat?post=23677"},{"taxonomy":"product_tag","embeddable":true,"href":"https:\/\/www.leathergirl.eu\/en\/wp-json\/wp\/v2\/product_tag?post=23677"}],"curies":[{"name":"wp","href":"https:\/\/api.w.org\/{rel}","templated":true}]}}