{"id":23645,"date":"2021-01-10T16:02:28","date_gmt":"2021-01-10T16:02:28","guid":{"rendered":"https:\/\/www.leathergirl.eu\/?post_type=product&#038;p=23645"},"modified":"2026-01-03T17:31:21","modified_gmt":"2026-01-03T16:31:21","slug":"gorbe-tuskes-belelt-mellham","status":"publish","type":"product","link":"https:\/\/www.leathergirl.eu\/en\/product\/gorbe-tuskes-belelt-mellham\/","title":{"rendered":"Padded shoulder harness with spikes"},"content":{"rendered":"<p>This model is made from 4 cm wide straps; the length is adjustable. The outer layer of the straps is 1.5-2 mm thick cowhide, under which I sew two layers of soft cowhide with folded edges, which both makes the harness comfortable to wear and covers the screws that hold the spikes. On each long strap of the harness I fit 10 to 10 special curved spikes.<\/p>","protected":false},"excerpt":{"rendered":"<p>This model is made from 4 cm wide straps; the length is adjustable. The outer layer of the straps is 1.5-2 mm thick cowhide, under which I sew two layers of soft cowhide with folded edges, which both makes the harness comfortable to wear and covers the screws that hold the spikes. On each long strap of the harness I fit 10 to 10 special curved spikes.<\/p>","protected":false},"featured_media":23650,"template":"","meta":{"_et_pb_use_builder":"","_et_pb_old_content":"","_et_gb_content_width":""},"product_brand":[],"product_cat":[45,23],"product_tag":[],"class_list":{"0":"post-23645","1":"product","2":"type-product","3":"status-publish","4":"has-post-thumbnail","6":"product_cat-harnesses","7":"product_cat-for-the-weekdays-and-party-accessories","9":"first","10":"instock","11":"purchasable","12":"product-type-simple"},"yoast_head":"<!-- This site is optimized with the Yoast SEO Premium plugin v26.2 (Yoast SEO v26.3) - https:\/\/yoast.com\/wordpress\/plugins\/seo\/ -->\n<title>G\u00d6RBE T\u00dcSK\u00c9S B\u00c9LELT MELLH\u00c1M - A B\u0151r\u00f6s l\u00e1ny<\/title>\n<meta name=\"robots\" content=\"index, follow, max-snippet:-1, max-image-preview:large, max-video-preview:-1\" \/>\n<link rel=\"canonical\" href=\"https:\/\/www.leathergirl.eu\/en\/product\/gorbe-tuskes-belelt-mellham\/\" \/>\n<meta property=\"og:locale\" content=\"en_GB\" \/>\n<meta property=\"og:type\" content=\"article\" \/>\n<meta property=\"og:title\" content=\"G\u00d6RBE T\u00dcSK\u00c9S B\u00c9LELT MELLH\u00c1M\" \/>\n<meta property=\"og:description\" content=\"Ezt a modellt 4 cm sz\u00e9les sz\u00edjakb\u00f3l k\u00e9sz\u00edtem; a hosszuk szab\u00e1lyozhat\u00f3. A sz\u00edjak k\u00fcls\u0151 r\u00e9tege 1,5-2 mm vastag marhab\u0151r, mely al\u00e1\u00a0 k\u00e9t r\u00e9teg, behajtott sz\u00e9l\u0171 puha marhab\u0151rt varrok, ami egyr\u00e9szt k\u00e9nyelmess\u00e9 teszi a h\u00e1m visel\u00e9s\u00e9t, m\u00e1sr\u00e9szt eltakarja a t\u00fcsk\u00e9ket tart\u00f3 csavarokat. A h\u00e1m mindk\u00e9t hossz\u00fa sz\u00edj\u00e1ra 10-10 darab k\u00fcl\u00f6nleges, g\u00f6rbe t\u00fcsk\u00e9t szerelek.\" \/>\n<meta property=\"og:url\" content=\"https:\/\/www.leathergirl.eu\/en\/product\/gorbe-tuskes-belelt-mellham\/\" \/>\n<meta property=\"og:site_name\" content=\"A B\u0151r\u00f6s l\u00e1ny\" \/>\n<meta property=\"article:publisher\" content=\"https:\/\/www.facebook.com\/aboroslany\/\" \/>\n<meta property=\"article:modified_time\" content=\"2026-01-03T16:31:21+00:00\" \/>\n<meta property=\"og:image\" content=\"https:\/\/www.leathergirl.eu\/wp-content\/uploads\/2021\/01\/k-gorbe-tuskes-ham1-e1610294070290.jpg\" \/>\n\t<meta property=\"og:image:width\" content=\"762\" \/>\n\t<meta property=\"og:image:height\" content=\"600\" \/>\n\t<meta property=\"og:image:type\" content=\"image\/jpeg\" \/>\n<script type=\"application\/ld+json\" class=\"yoast-schema-graph\">{\"@context\":\"https:\/\/schema.org\",\"@graph\":[{\"@type\":\"WebPage\",\"@id\":\"https:\/\/www.leathergirl.eu\/product\/gorbe-tuskes-belelt-mellham\/\",\"url\":\"https:\/\/www.leathergirl.eu\/product\/gorbe-tuskes-belelt-mellham\/\",\"name\":\"G\u00d6RBE T\u00dcSK\u00c9S B\u00c9LELT MELLH\u00c1M - A B\u0151r\u00f6s l\u00e1ny\",\"isPartOf\":{\"@id\":\"https:\/\/www.leathergirl.eu\/#website\"},\"primaryImageOfPage\":{\"@id\":\"https:\/\/www.leathergirl.eu\/product\/gorbe-tuskes-belelt-mellham\/#primaryimage\"},\"image\":{\"@id\":\"https:\/\/www.leathergirl.eu\/product\/gorbe-tuskes-belelt-mellham\/#primaryimage\"},\"thumbnailUrl\":\"https:\/\/www.leathergirl.eu\/wp-content\/uploads\/2021\/01\/k-gorbe-tuskes-ham1-e1610294070290.jpg\",\"datePublished\":\"2021-01-10T16:02:28+00:00\",\"dateModified\":\"2026-01-03T16:31:21+00:00\",\"breadcrumb\":{\"@id\":\"https:\/\/www.leathergirl.eu\/product\/gorbe-tuskes-belelt-mellham\/#breadcrumb\"},\"inLanguage\":\"en-GB\",\"potentialAction\":[{\"@type\":\"ReadAction\",\"target\":[\"https:\/\/www.leathergirl.eu\/product\/gorbe-tuskes-belelt-mellham\/\"]}]},{\"@type\":\"ImageObject\",\"inLanguage\":\"en-GB\",\"@id\":\"https:\/\/www.leathergirl.eu\/product\/gorbe-tuskes-belelt-mellham\/#primaryimage\",\"url\":\"https:\/\/www.leathergirl.eu\/wp-content\/uploads\/2021\/01\/k-gorbe-tuskes-ham1-e1610294070290.jpg\",\"contentUrl\":\"https:\/\/www.leathergirl.eu\/wp-content\/uploads\/2021\/01\/k-gorbe-tuskes-ham1-e1610294070290.jpg\",\"width\":762,\"height\":600},{\"@type\":\"BreadcrumbList\",\"@id\":\"https:\/\/www.leathergirl.eu\/product\/gorbe-tuskes-belelt-mellham\/#breadcrumb\",\"itemListElement\":[{\"@type\":\"ListItem\",\"position\":1,\"name\":\"Home\",\"item\":\"https:\/\/www.leathergirl.eu\/\"},{\"@type\":\"ListItem\",\"position\":2,\"name\":\"Shop\",\"item\":\"https:\/\/www.leathergirl.eu\/en\/uzlet\/\"},{\"@type\":\"ListItem\",\"position\":3,\"name\":\"G\u00d6RBE T\u00dcSK\u00c9S B\u00c9LELT MELLH\u00c1M\"}]},{\"@type\":\"WebSite\",\"@id\":\"https:\/\/www.leathergirl.eu\/#website\",\"url\":\"https:\/\/www.leathergirl.eu\/\",\"name\":\"A B\u0151r\u00f6s l\u00e1ny\",\"description\":\"... LeatherGirl ...\",\"publisher\":{\"@id\":\"https:\/\/www.leathergirl.eu\/#organization\"},\"potentialAction\":[{\"@type\":\"SearchAction\",\"target\":{\"@type\":\"EntryPoint\",\"urlTemplate\":\"https:\/\/www.leathergirl.eu\/?s={search_term_string}\"},\"query-input\":{\"@type\":\"PropertyValueSpecification\",\"valueRequired\":true,\"valueName\":\"search_term_string\"}}],\"inLanguage\":\"en-GB\"},{\"@type\":\"Organization\",\"@id\":\"https:\/\/www.leathergirl.eu\/#organization\",\"name\":\"A B\u0151r\u00f6s l\u00e1ny\",\"url\":\"https:\/\/www.leathergirl.eu\/\",\"logo\":{\"@type\":\"ImageObject\",\"inLanguage\":\"en-GB\",\"@id\":\"https:\/\/www.leathergirl.eu\/#\/schema\/logo\/image\/\",\"url\":\"https:\/\/www.leathergirl.eu\/wp-content\/uploads\/2024\/05\/leathergirl-logo.png\",\"contentUrl\":\"https:\/\/www.leathergirl.eu\/wp-content\/uploads\/2024\/05\/leathergirl-logo.png\",\"width\":280,\"height\":80,\"caption\":\"A B\u0151r\u00f6s l\u00e1ny\"},\"image\":{\"@id\":\"https:\/\/www.leathergirl.eu\/#\/schema\/logo\/image\/\"},\"sameAs\":[\"https:\/\/www.facebook.com\/aboroslany\/\",\"https:\/\/www.instagram.com\/theleathergirl\/\"],\"email\":\"aboroslany@gmail.com\",\"legalName\":\"Nepp T\u00edmea e.v.\",\"numberOfEmployees\":{\"@type\":\"QuantitativeValue\",\"minValue\":\"1\",\"maxValue\":\"10\"}}]}<\/script>\n<meta property=\"product:price:amount\" content=\"137.20\" \/>\n<meta property=\"product:price:currency\" content=\"EUR\" \/>\n<meta property=\"og:availability\" content=\"instock\" \/>\n<meta property=\"product:availability\" content=\"instock\" \/>\n<meta property=\"product:condition\" content=\"new\" \/>\n<!-- \/ Yoast SEO Premium plugin. -->","yoast_head_json":{"title":"G\u00d6RBE T\u00dcSK\u00c9S B\u00c9L\u00c9ELT MELLH\u00c1M - The Furry Girl","robots":{"index":"index","follow":"follow","max-snippet":"max-snippet:-1","max-image-preview":"max-image-preview:large","max-video-preview":"max-video-preview:-1"},"canonical":"https:\/\/www.leathergirl.eu\/en\/product\/gorbe-tuskes-belelt-mellham\/","og_locale":"en_GB","og_type":"article","og_title":"G\u00d6RBE T\u00dcSK\u00c9S B\u00c9LELT MELLH\u00c1M","og_description":"Ezt a modellt 4 cm sz\u00e9les sz\u00edjakb\u00f3l k\u00e9sz\u00edtem; a hosszuk szab\u00e1lyozhat\u00f3. A sz\u00edjak k\u00fcls\u0151 r\u00e9tege 1,5-2 mm vastag marhab\u0151r, mely al\u00e1\u00a0 k\u00e9t r\u00e9teg, behajtott sz\u00e9l\u0171 puha marhab\u0151rt varrok, ami egyr\u00e9szt k\u00e9nyelmess\u00e9 teszi a h\u00e1m visel\u00e9s\u00e9t, m\u00e1sr\u00e9szt eltakarja a t\u00fcsk\u00e9ket tart\u00f3 csavarokat. A h\u00e1m mindk\u00e9t hossz\u00fa sz\u00edj\u00e1ra 10-10 darab k\u00fcl\u00f6nleges, g\u00f6rbe t\u00fcsk\u00e9t szerelek.","og_url":"https:\/\/www.leathergirl.eu\/en\/product\/gorbe-tuskes-belelt-mellham\/","og_site_name":"A B\u0151r\u00f6s l\u00e1ny","article_publisher":"https:\/\/www.facebook.com\/aboroslany\/","article_modified_time":"2026-01-03T16:31:21+00:00","og_image":[{"width":762,"height":600,"url":"https:\/\/www.leathergirl.eu\/wp-content\/uploads\/2021\/01\/k-gorbe-tuskes-ham1-e1610294070290.jpg","type":"image\/jpeg"}],"schema":{"@context":"https:\/\/schema.org","@graph":[{"@type":"WebPage","@id":"https:\/\/www.leathergirl.eu\/product\/gorbe-tuskes-belelt-mellham\/","url":"https:\/\/www.leathergirl.eu\/product\/gorbe-tuskes-belelt-mellham\/","name":"G\u00d6RBE T\u00dcSK\u00c9S B\u00c9L\u00c9ELT MELLH\u00c1M - The Furry Girl","isPartOf":{"@id":"https:\/\/www.leathergirl.eu\/#website"},"primaryImageOfPage":{"@id":"https:\/\/www.leathergirl.eu\/product\/gorbe-tuskes-belelt-mellham\/#primaryimage"},"image":{"@id":"https:\/\/www.leathergirl.eu\/product\/gorbe-tuskes-belelt-mellham\/#primaryimage"},"thumbnailUrl":"https:\/\/www.leathergirl.eu\/wp-content\/uploads\/2021\/01\/k-gorbe-tuskes-ham1-e1610294070290.jpg","datePublished":"2021-01-10T16:02:28+00:00","dateModified":"2026-01-03T16:31:21+00:00","breadcrumb":{"@id":"https:\/\/www.leathergirl.eu\/product\/gorbe-tuskes-belelt-mellham\/#breadcrumb"},"inLanguage":"en-GB","potentialAction":[{"@type":"ReadAction","target":["https:\/\/www.leathergirl.eu\/product\/gorbe-tuskes-belelt-mellham\/"]}]},{"@type":"ImageObject","inLanguage":"en-GB","@id":"https:\/\/www.leathergirl.eu\/product\/gorbe-tuskes-belelt-mellham\/#primaryimage","url":"https:\/\/www.leathergirl.eu\/wp-content\/uploads\/2021\/01\/k-gorbe-tuskes-ham1-e1610294070290.jpg","contentUrl":"https:\/\/www.leathergirl.eu\/wp-content\/uploads\/2021\/01\/k-gorbe-tuskes-ham1-e1610294070290.jpg","width":762,"height":600},{"@type":"BreadcrumbList","@id":"https:\/\/www.leathergirl.eu\/product\/gorbe-tuskes-belelt-mellham\/#breadcrumb","itemListElement":[{"@type":"ListItem","position":1,"name":"Home","item":"https:\/\/www.leathergirl.eu\/"},{"@type":"ListItem","position":2,"name":"Shop","item":"https:\/\/www.leathergirl.eu\/en\/uzlet\/"},{"@type":"ListItem","position":3,"name":"G\u00d6RBE T\u00dcSK\u00c9S B\u00c9LELT MELLH\u00c1M"}]},{"@type":"WebSite","@id":"https:\/\/www.leathergirl.eu\/#website","url":"https:\/\/www.leathergirl.eu\/","name":"The Leather Girl","description":"... LeatherGirl ...","publisher":{"@id":"https:\/\/www.leathergirl.eu\/#organization"},"potentialAction":[{"@type":"SearchAction","target":{"@type":"EntryPoint","urlTemplate":"https:\/\/www.leathergirl.eu\/?s={search_term_string}"},"query-input":{"@type":"PropertyValueSpecification","valueRequired":true,"valueName":"search_term_string"}}],"inLanguage":"en-GB"},{"@type":"Organization","@id":"https:\/\/www.leathergirl.eu\/#organization","name":"The Leather Girl","url":"https:\/\/www.leathergirl.eu\/","logo":{"@type":"ImageObject","inLanguage":"en-GB","@id":"https:\/\/www.leathergirl.eu\/#\/schema\/logo\/image\/","url":"https:\/\/www.leathergirl.eu\/wp-content\/uploads\/2024\/05\/leathergirl-logo.png","contentUrl":"https:\/\/www.leathergirl.eu\/wp-content\/uploads\/2024\/05\/leathergirl-logo.png","width":280,"height":80,"caption":"A B\u0151r\u00f6s l\u00e1ny"},"image":{"@id":"https:\/\/www.leathergirl.eu\/#\/schema\/logo\/image\/"},"sameAs":["https:\/\/www.facebook.com\/aboroslany\/","https:\/\/www.instagram.com\/theleathergirl\/"],"email":"aboroslany@gmail.com","legalName":"Nepp T\u00edmea e.v.","numberOfEmployees":{"@type":"QuantitativeValue","minValue":"1","maxValue":"10"}}]},"product_price_amount":"137.20","product_price_currency":"EUR","og_availability":"instock","product_availability":"instock","product_condition":"new"},"_links":{"self":[{"href":"https:\/\/www.leathergirl.eu\/en\/wp-json\/wp\/v2\/product\/23645","targetHints":{"allow":["GET"]}}],"collection":[{"href":"https:\/\/www.leathergirl.eu\/en\/wp-json\/wp\/v2\/product"}],"about":[{"href":"https:\/\/www.leathergirl.eu\/en\/wp-json\/wp\/v2\/types\/product"}],"wp:featuredmedia":[{"embeddable":true,"href":"https:\/\/www.leathergirl.eu\/en\/wp-json\/wp\/v2\/media\/23650"}],"wp:attachment":[{"href":"https:\/\/www.leathergirl.eu\/en\/wp-json\/wp\/v2\/media?parent=23645"}],"wp:term":[{"taxonomy":"product_brand","embeddable":true,"href":"https:\/\/www.leathergirl.eu\/en\/wp-json\/wp\/v2\/product_brand?post=23645"},{"taxonomy":"product_cat","embeddable":true,"href":"https:\/\/www.leathergirl.eu\/en\/wp-json\/wp\/v2\/product_cat?post=23645"},{"taxonomy":"product_tag","embeddable":true,"href":"https:\/\/www.leathergirl.eu\/en\/wp-json\/wp\/v2\/product_tag?post=23645"}],"curies":[{"name":"wp","href":"https:\/\/api.w.org\/{rel}","templated":true}]}}