{"id":23619,"date":"2021-01-10T14:23:21","date_gmt":"2021-01-10T14:23:21","guid":{"rendered":"https:\/\/www.leathergirl.eu\/?post_type=product&#038;p=23619"},"modified":"2026-01-03T13:58:35","modified_gmt":"2026-01-03T12:58:35","slug":"black-lacquer-lockable-handcuff-bracket","status":"publish","type":"product","link":"https:\/\/www.leathergirl.eu\/en\/product\/black-lacquer-lockable-handcuff-bracket\/","title":{"rendered":"Black patent leather lockable cuff set"},"content":{"rendered":"<p>Extra strong cuff set made of black patent leather, with lockable buckles. Both the main part and the strap are made of two layers of leather, of which the outer 1.5 mm thick is patent cowhide and the inner is medium-thick, also strong cowhide. The main part is 6 cm wide on the wrist and ankle cuffs, 8 cm wide on the neck cuff and the straps are 3 cm wide everywhere. I sew a sponge covered with soft leather on the inside to cover the rivets and make it comfortable to wear. I put a double ring on each piece of this clamp set, both parts of which are welded, but of course you can also request a plain D-ring.<\/p>\n<p>You can also order the pieces of the set separately:<br \/>\n- a <a href=\"https:\/\/www.leathergirl.eu\/termek\/fekete-tukorlakk-lakatolhato-csuklobilincs\/\" target=\"_blank\" rel=\"noopener\">They are available individually as well: <br>\n<li><a href=\"https:\/\/www.leathergirl.eu\/en\/termek\/pink-tukorlakk-lakatolhato-csuklobilincs\/\" target=\"_blank\" rel=\"noopener\">wrist cuffs<\/a>\n<li><a href=\"https:\/\/www.leathergirl.eu\/en\/termek\/pink-tukorlakk-lakatolhato-bokabilincs\/\" target=\"_blank\" rel=\"noopener\">ankle cuffs<\/a>\n<li><a href=\"https:\/\/www.leathergirl.eu\/en\/termek\/pink-tukorlakk-lakatolhato-nyakbilincs\/\" target=\"_blank\" rel=\"noopener\">collar<\/a><\/a><br \/>\n- a <a href=\"https:\/\/www.leathergirl.eu\/termek\/fekete-tukorlakk-lakatolhato-bokabilincs\/\" target=\"_blank\" rel=\"noopener\">ankle bracelet<\/a><br \/>\n- a <a href=\"https:\/\/www.leathergirl.eu\/termek\/fekete-tukorlakk-lakatolhato-nyakbilincs\/\" target=\"_blank\" rel=\"noopener\">neck cuffs<\/a><\/p>\n<p>Locks are not included.<\/p>\n<p>&nbsp;<\/p>","protected":false},"excerpt":{"rendered":"<p>Extra strong cuff set made of black patent leather, with lockable buckles. Both the main part and the strap are made of two layers of leather, of which the outer 1.5 mm thick is patent cowhide and the inner is medium-thick, also strong cowhide. The main part is 6 cm wide on the wrist and ankle cuffs, 8 cm wide on the neck cuff and the straps are 3 cm wide everywhere. I sew a sponge covered with soft leather on the inside to cover the rivets and make it comfortable to wear. I put a double ring on each piece of this clamp set, both parts of which are welded, but of course you can also request a plain D-ring.<\/p>\n<p>You can also order the pieces of the set separately:<br \/>\n- a <a href=\"https:\/\/www.leathergirl.eu\/termek\/fekete-tukorlakk-lakatolhato-csuklobilincs\/\" target=\"_blank\" rel=\"noopener\">They are available individually as well: <br>\n<li><a href=\"https:\/\/www.leathergirl.eu\/en\/termek\/pink-tukorlakk-lakatolhato-csuklobilincs\/\" target=\"_blank\" rel=\"noopener\">wrist cuffs<\/a>\n<li><a href=\"https:\/\/www.leathergirl.eu\/en\/termek\/pink-tukorlakk-lakatolhato-bokabilincs\/\" target=\"_blank\" rel=\"noopener\">ankle cuffs<\/a>\n<li><a href=\"https:\/\/www.leathergirl.eu\/en\/termek\/pink-tukorlakk-lakatolhato-nyakbilincs\/\" target=\"_blank\" rel=\"noopener\">collar<\/a><\/a><br \/>\n- a <a href=\"https:\/\/www.leathergirl.eu\/termek\/fekete-tukorlakk-lakatolhato-bokabilincs\/\" target=\"_blank\" rel=\"noopener\">ankle bracelet<\/a><br \/>\n- a <a href=\"https:\/\/www.leathergirl.eu\/termek\/fekete-tukorlakk-lakatolhato-nyakbilincs\/\" target=\"_blank\" rel=\"noopener\">neck cuffs<\/a><\/p>","protected":false},"featured_media":23621,"template":"","meta":{"_et_pb_use_builder":"","_et_pb_old_content":"","_et_gb_content_width":""},"product_brand":[],"product_cat":[18],"product_tag":[],"class_list":{"0":"post-23619","1":"product","2":"type-product","3":"status-publish","4":"has-post-thumbnail","6":"product_cat-sets","8":"first","9":"instock","10":"purchasable","11":"product-type-simple"},"yoast_head":"<!-- This site is optimized with the Yoast SEO Premium plugin v26.2 (Yoast SEO v26.3) - https:\/\/yoast.com\/wordpress\/plugins\/seo\/ -->\n<title>FEKETE T\u00dcK\u00d6RLAKK LAKATOLHAT\u00d3 BILINCS K\u00c9SZLET - A B\u0151r\u00f6s l\u00e1ny<\/title>\n<meta name=\"robots\" content=\"index, follow, max-snippet:-1, max-image-preview:large, max-video-preview:-1\" \/>\n<link rel=\"canonical\" href=\"https:\/\/www.leathergirl.eu\/en\/product\/black-lacquer-lockable-handcuff-bracket\/\" \/>\n<meta property=\"og:locale\" content=\"en_GB\" \/>\n<meta property=\"og:type\" content=\"article\" \/>\n<meta property=\"og:title\" content=\"FEKETE T\u00dcK\u00d6RLAKK LAKATOLHAT\u00d3 BILINCS K\u00c9SZLET\" \/>\n<meta property=\"og:description\" content=\"Extra er\u0151s bilincs k\u00e9szlet fekete t\u00fck\u00f6rlakk b\u0151rb\u0151l, lakatolhat\u00f3 csatokkal. Mind a f\u0151r\u00e9sz, mind a sz\u00edj k\u00e9t r\u00e9teg b\u0151rb\u0151l k\u00e9sz\u00fcl, melyb\u0151l a k\u00fcls\u0151 1,5 mm vastag t\u00fck\u00f6rlakk marhab\u0151r, a bels\u0151 pedig k\u00f6zepesen vastag, szint\u00e9n er\u0151s marhab\u0151r. A f\u0151r\u00e9sz a csukl\u00f3- \u00e9s bokabilincsen 6, a nyakbilincsen 8 cm , a sz\u00edjak 3 cm sz\u00e9lesek. A bels\u0151 oldalra puha b\u0151rrel bevont szivacsot varrok, hogy a szegecseket eltakarjam, \u00e9s hogy k\u00e9nyelmes legyen viselni. Erre a bilincs szett minden darabj\u00e1ra dupla karik\u00e1t tettem, melynek mindk\u00e9t r\u00e9sze hegesztett, de term\u00e9szetesen sima f\u00e9lkarik\u00e1val is k\u00e9rheted.  A k\u00e9szlet darabjait k\u00fcl\u00f6n-k\u00fcl\u00f6n is megrendelheted: - a csukl\u00f3bilincset - a bokabilincset - a nyakbilincset\" \/>\n<meta property=\"og:url\" content=\"https:\/\/www.leathergirl.eu\/en\/product\/black-lacquer-lockable-handcuff-bracket\/\" \/>\n<meta property=\"og:site_name\" content=\"A B\u0151r\u00f6s l\u00e1ny\" \/>\n<meta property=\"article:publisher\" content=\"https:\/\/www.facebook.com\/aboroslany\/\" \/>\n<meta property=\"article:modified_time\" content=\"2026-01-03T12:58:35+00:00\" \/>\n<meta property=\"og:image\" content=\"https:\/\/www.leathergirl.eu\/wp-content\/uploads\/2021\/01\/k-fekete-lakk-keszlet2.jpg\" \/>\n\t<meta property=\"og:image:width\" content=\"800\" \/>\n\t<meta property=\"og:image:height\" content=\"460\" \/>\n\t<meta property=\"og:image:type\" content=\"image\/jpeg\" \/>\n<script type=\"application\/ld+json\" class=\"yoast-schema-graph\">{\"@context\":\"https:\/\/schema.org\",\"@graph\":[{\"@type\":\"WebPage\",\"@id\":\"https:\/\/www.leathergirl.eu\/product\/fekete-tukorlakk-lakatolhato-bilincs-keszlet\/\",\"url\":\"https:\/\/www.leathergirl.eu\/product\/fekete-tukorlakk-lakatolhato-bilincs-keszlet\/\",\"name\":\"FEKETE T\u00dcK\u00d6RLAKK LAKATOLHAT\u00d3 BILINCS K\u00c9SZLET - A B\u0151r\u00f6s l\u00e1ny\",\"isPartOf\":{\"@id\":\"https:\/\/www.leathergirl.eu\/#website\"},\"primaryImageOfPage\":{\"@id\":\"https:\/\/www.leathergirl.eu\/product\/fekete-tukorlakk-lakatolhato-bilincs-keszlet\/#primaryimage\"},\"image\":{\"@id\":\"https:\/\/www.leathergirl.eu\/product\/fekete-tukorlakk-lakatolhato-bilincs-keszlet\/#primaryimage\"},\"thumbnailUrl\":\"https:\/\/www.leathergirl.eu\/wp-content\/uploads\/2021\/01\/k-fekete-lakk-keszlet2.jpg\",\"datePublished\":\"2021-01-10T14:23:21+00:00\",\"dateModified\":\"2026-01-03T12:58:35+00:00\",\"breadcrumb\":{\"@id\":\"https:\/\/www.leathergirl.eu\/product\/fekete-tukorlakk-lakatolhato-bilincs-keszlet\/#breadcrumb\"},\"inLanguage\":\"en-GB\",\"potentialAction\":[{\"@type\":\"ReadAction\",\"target\":[\"https:\/\/www.leathergirl.eu\/product\/fekete-tukorlakk-lakatolhato-bilincs-keszlet\/\"]}]},{\"@type\":\"ImageObject\",\"inLanguage\":\"en-GB\",\"@id\":\"https:\/\/www.leathergirl.eu\/product\/fekete-tukorlakk-lakatolhato-bilincs-keszlet\/#primaryimage\",\"url\":\"https:\/\/www.leathergirl.eu\/wp-content\/uploads\/2021\/01\/k-fekete-lakk-keszlet2.jpg\",\"contentUrl\":\"https:\/\/www.leathergirl.eu\/wp-content\/uploads\/2021\/01\/k-fekete-lakk-keszlet2.jpg\",\"width\":800,\"height\":460},{\"@type\":\"BreadcrumbList\",\"@id\":\"https:\/\/www.leathergirl.eu\/product\/fekete-tukorlakk-lakatolhato-bilincs-keszlet\/#breadcrumb\",\"itemListElement\":[{\"@type\":\"ListItem\",\"position\":1,\"name\":\"Home\",\"item\":\"https:\/\/www.leathergirl.eu\/\"},{\"@type\":\"ListItem\",\"position\":2,\"name\":\"Shop\",\"item\":\"https:\/\/www.leathergirl.eu\/en\/uzlet\/\"},{\"@type\":\"ListItem\",\"position\":3,\"name\":\"FEKETE T\u00dcK\u00d6RLAKK LAKATOLHAT\u00d3 BILINCS K\u00c9SZLET\"}]},{\"@type\":\"WebSite\",\"@id\":\"https:\/\/www.leathergirl.eu\/#website\",\"url\":\"https:\/\/www.leathergirl.eu\/\",\"name\":\"A B\u0151r\u00f6s l\u00e1ny\",\"description\":\"... LeatherGirl ...\",\"publisher\":{\"@id\":\"https:\/\/www.leathergirl.eu\/#organization\"},\"potentialAction\":[{\"@type\":\"SearchAction\",\"target\":{\"@type\":\"EntryPoint\",\"urlTemplate\":\"https:\/\/www.leathergirl.eu\/?s={search_term_string}\"},\"query-input\":{\"@type\":\"PropertyValueSpecification\",\"valueRequired\":true,\"valueName\":\"search_term_string\"}}],\"inLanguage\":\"en-GB\"},{\"@type\":\"Organization\",\"@id\":\"https:\/\/www.leathergirl.eu\/#organization\",\"name\":\"A B\u0151r\u00f6s l\u00e1ny\",\"url\":\"https:\/\/www.leathergirl.eu\/\",\"logo\":{\"@type\":\"ImageObject\",\"inLanguage\":\"en-GB\",\"@id\":\"https:\/\/www.leathergirl.eu\/#\/schema\/logo\/image\/\",\"url\":\"https:\/\/www.leathergirl.eu\/wp-content\/uploads\/2024\/05\/leathergirl-logo.png\",\"contentUrl\":\"https:\/\/www.leathergirl.eu\/wp-content\/uploads\/2024\/05\/leathergirl-logo.png\",\"width\":280,\"height\":80,\"caption\":\"A B\u0151r\u00f6s l\u00e1ny\"},\"image\":{\"@id\":\"https:\/\/www.leathergirl.eu\/#\/schema\/logo\/image\/\"},\"sameAs\":[\"https:\/\/www.facebook.com\/aboroslany\/\",\"https:\/\/www.instagram.com\/theleathergirl\/\"],\"email\":\"aboroslany@gmail.com\",\"legalName\":\"Nepp T\u00edmea e.v.\",\"numberOfEmployees\":{\"@type\":\"QuantitativeValue\",\"minValue\":\"1\",\"maxValue\":\"10\"}}]}<\/script>\n<meta property=\"product:price:amount\" content=\"235.40\" \/>\n<meta property=\"product:price:currency\" content=\"EUR\" \/>\n<meta property=\"og:availability\" content=\"instock\" \/>\n<meta property=\"product:availability\" content=\"instock\" \/>\n<meta property=\"product:condition\" content=\"new\" \/>\n<!-- \/ Yoast SEO Premium plugin. -->","yoast_head_json":{"title":"BLACK COVER SHUTTERS DOWNLOADABLE LILINES SET - The Furry Girl","robots":{"index":"index","follow":"follow","max-snippet":"max-snippet:-1","max-image-preview":"max-image-preview:large","max-video-preview":"max-video-preview:-1"},"canonical":"https:\/\/www.leathergirl.eu\/en\/product\/black-lacquer-lockable-handcuff-bracket\/","og_locale":"en_GB","og_type":"article","og_title":"FEKETE T\u00dcK\u00d6RLAKK LAKATOLHAT\u00d3 BILINCS K\u00c9SZLET","og_description":"Extra er\u0151s bilincs k\u00e9szlet fekete t\u00fck\u00f6rlakk b\u0151rb\u0151l, lakatolhat\u00f3 csatokkal. Mind a f\u0151r\u00e9sz, mind a sz\u00edj k\u00e9t r\u00e9teg b\u0151rb\u0151l k\u00e9sz\u00fcl, melyb\u0151l a k\u00fcls\u0151 1,5 mm vastag t\u00fck\u00f6rlakk marhab\u0151r, a bels\u0151 pedig k\u00f6zepesen vastag, szint\u00e9n er\u0151s marhab\u0151r. A f\u0151r\u00e9sz a csukl\u00f3- \u00e9s bokabilincsen 6, a nyakbilincsen 8 cm , a sz\u00edjak 3 cm sz\u00e9lesek. A bels\u0151 oldalra puha b\u0151rrel bevont szivacsot varrok, hogy a szegecseket eltakarjam, \u00e9s hogy k\u00e9nyelmes legyen viselni. Erre a bilincs szett minden darabj\u00e1ra dupla karik\u00e1t tettem, melynek mindk\u00e9t r\u00e9sze hegesztett, de term\u00e9szetesen sima f\u00e9lkarik\u00e1val is k\u00e9rheted.  A k\u00e9szlet darabjait k\u00fcl\u00f6n-k\u00fcl\u00f6n is megrendelheted: - a csukl\u00f3bilincset - a bokabilincset - a nyakbilincset","og_url":"https:\/\/www.leathergirl.eu\/en\/product\/black-lacquer-lockable-handcuff-bracket\/","og_site_name":"A B\u0151r\u00f6s l\u00e1ny","article_publisher":"https:\/\/www.facebook.com\/aboroslany\/","article_modified_time":"2026-01-03T12:58:35+00:00","og_image":[{"width":800,"height":460,"url":"https:\/\/www.leathergirl.eu\/wp-content\/uploads\/2021\/01\/k-fekete-lakk-keszlet2.jpg","type":"image\/jpeg"}],"schema":{"@context":"https:\/\/schema.org","@graph":[{"@type":"WebPage","@id":"https:\/\/www.leathergirl.eu\/product\/fekete-tukorlakk-lakatolhato-bilincs-keszlet\/","url":"https:\/\/www.leathergirl.eu\/product\/fekete-tukorlakk-lakatolhato-bilincs-keszlet\/","name":"BLACK COVER SHUTTERS DOWNLOADABLE LILINES SET - The Furry Girl","isPartOf":{"@id":"https:\/\/www.leathergirl.eu\/#website"},"primaryImageOfPage":{"@id":"https:\/\/www.leathergirl.eu\/product\/fekete-tukorlakk-lakatolhato-bilincs-keszlet\/#primaryimage"},"image":{"@id":"https:\/\/www.leathergirl.eu\/product\/fekete-tukorlakk-lakatolhato-bilincs-keszlet\/#primaryimage"},"thumbnailUrl":"https:\/\/www.leathergirl.eu\/wp-content\/uploads\/2021\/01\/k-fekete-lakk-keszlet2.jpg","datePublished":"2021-01-10T14:23:21+00:00","dateModified":"2026-01-03T12:58:35+00:00","breadcrumb":{"@id":"https:\/\/www.leathergirl.eu\/product\/fekete-tukorlakk-lakatolhato-bilincs-keszlet\/#breadcrumb"},"inLanguage":"en-GB","potentialAction":[{"@type":"ReadAction","target":["https:\/\/www.leathergirl.eu\/product\/fekete-tukorlakk-lakatolhato-bilincs-keszlet\/"]}]},{"@type":"ImageObject","inLanguage":"en-GB","@id":"https:\/\/www.leathergirl.eu\/product\/fekete-tukorlakk-lakatolhato-bilincs-keszlet\/#primaryimage","url":"https:\/\/www.leathergirl.eu\/wp-content\/uploads\/2021\/01\/k-fekete-lakk-keszlet2.jpg","contentUrl":"https:\/\/www.leathergirl.eu\/wp-content\/uploads\/2021\/01\/k-fekete-lakk-keszlet2.jpg","width":800,"height":460},{"@type":"BreadcrumbList","@id":"https:\/\/www.leathergirl.eu\/product\/fekete-tukorlakk-lakatolhato-bilincs-keszlet\/#breadcrumb","itemListElement":[{"@type":"ListItem","position":1,"name":"Home","item":"https:\/\/www.leathergirl.eu\/"},{"@type":"ListItem","position":2,"name":"Shop","item":"https:\/\/www.leathergirl.eu\/en\/uzlet\/"},{"@type":"ListItem","position":3,"name":"FEKETE T\u00dcK\u00d6RLAKK LAKATOLHAT\u00d3 BILINCS K\u00c9SZLET"}]},{"@type":"WebSite","@id":"https:\/\/www.leathergirl.eu\/#website","url":"https:\/\/www.leathergirl.eu\/","name":"The Leather Girl","description":"... LeatherGirl ...","publisher":{"@id":"https:\/\/www.leathergirl.eu\/#organization"},"potentialAction":[{"@type":"SearchAction","target":{"@type":"EntryPoint","urlTemplate":"https:\/\/www.leathergirl.eu\/?s={search_term_string}"},"query-input":{"@type":"PropertyValueSpecification","valueRequired":true,"valueName":"search_term_string"}}],"inLanguage":"en-GB"},{"@type":"Organization","@id":"https:\/\/www.leathergirl.eu\/#organization","name":"The Leather Girl","url":"https:\/\/www.leathergirl.eu\/","logo":{"@type":"ImageObject","inLanguage":"en-GB","@id":"https:\/\/www.leathergirl.eu\/#\/schema\/logo\/image\/","url":"https:\/\/www.leathergirl.eu\/wp-content\/uploads\/2024\/05\/leathergirl-logo.png","contentUrl":"https:\/\/www.leathergirl.eu\/wp-content\/uploads\/2024\/05\/leathergirl-logo.png","width":280,"height":80,"caption":"A B\u0151r\u00f6s l\u00e1ny"},"image":{"@id":"https:\/\/www.leathergirl.eu\/#\/schema\/logo\/image\/"},"sameAs":["https:\/\/www.facebook.com\/aboroslany\/","https:\/\/www.instagram.com\/theleathergirl\/"],"email":"aboroslany@gmail.com","legalName":"Nepp T\u00edmea e.v.","numberOfEmployees":{"@type":"QuantitativeValue","minValue":"1","maxValue":"10"}}]},"product_price_amount":"235.40","product_price_currency":"EUR","og_availability":"instock","product_availability":"instock","product_condition":"new"},"_links":{"self":[{"href":"https:\/\/www.leathergirl.eu\/en\/wp-json\/wp\/v2\/product\/23619","targetHints":{"allow":["GET"]}}],"collection":[{"href":"https:\/\/www.leathergirl.eu\/en\/wp-json\/wp\/v2\/product"}],"about":[{"href":"https:\/\/www.leathergirl.eu\/en\/wp-json\/wp\/v2\/types\/product"}],"wp:featuredmedia":[{"embeddable":true,"href":"https:\/\/www.leathergirl.eu\/en\/wp-json\/wp\/v2\/media\/23621"}],"wp:attachment":[{"href":"https:\/\/www.leathergirl.eu\/en\/wp-json\/wp\/v2\/media?parent=23619"}],"wp:term":[{"taxonomy":"product_brand","embeddable":true,"href":"https:\/\/www.leathergirl.eu\/en\/wp-json\/wp\/v2\/product_brand?post=23619"},{"taxonomy":"product_cat","embeddable":true,"href":"https:\/\/www.leathergirl.eu\/en\/wp-json\/wp\/v2\/product_cat?post=23619"},{"taxonomy":"product_tag","embeddable":true,"href":"https:\/\/www.leathergirl.eu\/en\/wp-json\/wp\/v2\/product_tag?post=23619"}],"curies":[{"name":"wp","href":"https:\/\/api.w.org\/{rel}","templated":true}]}}