{"id":23552,"date":"2020-09-20T16:54:27","date_gmt":"2020-09-20T16:54:27","guid":{"rendered":"https:\/\/www.leathergirl.eu\/?post_type=product&#038;p=23552"},"modified":"2026-01-03T14:00:12","modified_gmt":"2026-01-03T13:00:12","slug":"red-black-arm-hatrakoto","status":"publish","type":"product","link":"https:\/\/www.leathergirl.eu\/en\/product\/red-black-arm-hatrakoto\/","title":{"rendered":"Red and black arm binder"},"content":{"rendered":"<p>Parts of the arm backrest kit:<\/p>\n<p>One piece red leather trimmed, lockable neck cuff with 4 welded half rings (details <a href=\"https:\/\/www.leathergirl.eu\/termek\/english-nyakbilincs-piros-borrel-szegve\/\" target=\"_blank\" rel=\"noopener\">here).<\/a><\/p>\n<p>One pair of red leather trimmed, lockable wrist cuffs with 2 welded half rings (details <a href=\"https:\/\/www.leathergirl.eu\/termek\/csuklobilincs-piros-borrel-szegve\/\" target=\"_blank\" rel=\"noopener\">here<\/a>).<\/p>\n<p>One piece of red leather decorated arm backstrap with 4 cm wide straps. The straps are made from two layers of cowhide, the outer layer is about 2mm thick, strong cowhide and the inner layer is soft but also strong cowhide. The red strip in the middle is two layers of folded sheepskin from the same leather I use to cut the nail strips for the handcuffs. I make holes in the top strap along its entire length so that the arms can be pulled all the way up to the centre back. The hoops are welded, and the buckles and carabiners are good strength.<\/p>\n<p>Of course, you can also request other colour combinations.<\/p>","protected":false},"excerpt":{"rendered":"<p>Parts of the arm backrest kit:<\/p>\n<p>One piece red leather trimmed, lockable neck cuff with 4 welded half rings (details <a href=\"https:\/\/www.leathergirl.eu\/termek\/english-nyakbilincs-piros-borrel-szegve\/\" target=\"_blank\" rel=\"noopener\">here).<\/a><\/p>\n<p>One pair of red leather trimmed, lockable wrist cuffs with 2 welded half rings (details <a href=\"https:\/\/www.leathergirl.eu\/termek\/csuklobilincs-piros-borrel-szegve\/\" target=\"_blank\" rel=\"noopener\">here<\/a>).<\/p>\n<p>One piece of red leather decorated arm backstrap with 4 cm wide straps. The straps are made from two layers of cowhide, the outer layer is about 2mm thick, strong cowhide and the inner layer is soft but also strong cowhide. The red strip in the middle is two layers of folded sheepskin from the same leather I use to cut the nail strips for the handcuffs. I make holes in the top strap along its entire length so that the arms can be pulled all the way up to the centre back. The hoops are welded, and the buckles and carabiners are good strength.<\/p>\n<p>Of course, you can also request other colour combinations.<\/p>","protected":false},"featured_media":23556,"template":"","meta":{"_et_pb_use_builder":"","_et_pb_old_content":"","_et_gb_content_width":""},"product_brand":[],"product_cat":[18,29],"product_tag":[],"class_list":{"0":"post-23552","1":"product","2":"type-product","3":"status-publish","4":"has-post-thumbnail","6":"product_cat-sets","7":"product_cat-restraints","9":"first","10":"instock","11":"purchasable","12":"product-type-simple"},"yoast_head":"<!-- This site is optimized with the Yoast SEO Premium plugin v26.2 (Yoast SEO v26.3) - https:\/\/yoast.com\/wordpress\/plugins\/seo\/ -->\n<title>PIROS-FEKETE KAR H\u00c1TRAK\u00d6T\u0150 - A B\u0151r\u00f6s l\u00e1ny<\/title>\n<meta name=\"robots\" content=\"index, follow, max-snippet:-1, max-image-preview:large, max-video-preview:-1\" \/>\n<link rel=\"canonical\" href=\"https:\/\/www.leathergirl.eu\/en\/product\/red-black-arm-hatrakoto\/\" \/>\n<meta property=\"og:locale\" content=\"en_GB\" \/>\n<meta property=\"og:type\" content=\"article\" \/>\n<meta property=\"og:title\" content=\"PIROS-FEKETE KAR H\u00c1TRAK\u00d6T\u0150\" \/>\n<meta property=\"og:description\" content=\"A kar h\u00e1trak\u00f6t\u0151 szett r\u00e9szei:  Egy darab piros b\u0151rrel szegett, lakatolhat\u00f3 nyakbilincs 4 db hegesztett f\u00e9lkarik\u00e1val (r\u00e9szletek itt).  Egy p\u00e1r piros b\u0151rrel szegett, lakatolhat\u00f3 csukl\u00f3bilincs 2 db hegesztett f\u00e9lkarik\u00e1val (r\u00e9szletek itt).  Egy darab piros b\u0151rrel d\u00edsz\u00edtett kar h\u00e1trak\u00f6t\u0151 4 cm sz\u00e9les sz\u00edjakb\u00f3l. A sz\u00edjak k\u00e9t r\u00e9teg marhab\u0151rb\u0151l k\u00e9sz\u00fclnek, melyb\u0151l a k\u00fcls\u0151 r\u00e9teg kb 2mm vastag, er\u0151s marhab\u0151r, a bels\u0151 pedig puha, de szint\u00e9n er\u0151s marhab\u0151r. A k\u00f6z\u00e9ps\u0151 piros cs\u00edk k\u00e9t r\u00e9tegbe hajtott juhb\u0151r ugyanabb\u00f3l, amib\u0151l a bilincsek szeg\u0151cs\u00edkjait szabom. A fels\u0151 sz\u00edjra a teljes hossz\u00e1ban lyukakat teszek, hogy a karokat eg\u00e9szen fel lehessen h\u00fazni a h\u00e1tk\u00f6z\u00e9phez. A karika hegesztett, a csatok \u00e9s a karabinerek j\u00f3 er\u0151sek.  Term\u00e9szetesen m\u00e1s sz\u00ednkombin\u00e1ci\u00f3ban is k\u00e9rheted.\" \/>\n<meta property=\"og:url\" content=\"https:\/\/www.leathergirl.eu\/en\/product\/red-black-arm-hatrakoto\/\" \/>\n<meta property=\"og:site_name\" content=\"A B\u0151r\u00f6s l\u00e1ny\" \/>\n<meta property=\"article:publisher\" content=\"https:\/\/www.facebook.com\/aboroslany\/\" \/>\n<meta property=\"article:modified_time\" content=\"2026-01-03T13:00:12+00:00\" \/>\n<meta property=\"og:image\" content=\"https:\/\/www.leathergirl.eu\/wp-content\/uploads\/2020\/09\/k-piros-hatrakoto4.jpg\" \/>\n\t<meta property=\"og:image:width\" content=\"600\" \/>\n\t<meta property=\"og:image:height\" content=\"651\" \/>\n\t<meta property=\"og:image:type\" content=\"image\/jpeg\" \/>\n<script type=\"application\/ld+json\" class=\"yoast-schema-graph\">{\"@context\":\"https:\/\/schema.org\",\"@graph\":[{\"@type\":\"WebPage\",\"@id\":\"https:\/\/www.leathergirl.eu\/product\/piros-fekete-kar-hatrakoto\/\",\"url\":\"https:\/\/www.leathergirl.eu\/product\/piros-fekete-kar-hatrakoto\/\",\"name\":\"PIROS-FEKETE KAR H\u00c1TRAK\u00d6T\u0150 - A B\u0151r\u00f6s l\u00e1ny\",\"isPartOf\":{\"@id\":\"https:\/\/www.leathergirl.eu\/#website\"},\"primaryImageOfPage\":{\"@id\":\"https:\/\/www.leathergirl.eu\/product\/piros-fekete-kar-hatrakoto\/#primaryimage\"},\"image\":{\"@id\":\"https:\/\/www.leathergirl.eu\/product\/piros-fekete-kar-hatrakoto\/#primaryimage\"},\"thumbnailUrl\":\"https:\/\/www.leathergirl.eu\/wp-content\/uploads\/2020\/09\/k-piros-hatrakoto4.jpg\",\"datePublished\":\"2020-09-20T16:54:27+00:00\",\"dateModified\":\"2026-01-03T13:00:12+00:00\",\"breadcrumb\":{\"@id\":\"https:\/\/www.leathergirl.eu\/product\/piros-fekete-kar-hatrakoto\/#breadcrumb\"},\"inLanguage\":\"en-GB\",\"potentialAction\":[{\"@type\":\"ReadAction\",\"target\":[\"https:\/\/www.leathergirl.eu\/product\/piros-fekete-kar-hatrakoto\/\"]}]},{\"@type\":\"ImageObject\",\"inLanguage\":\"en-GB\",\"@id\":\"https:\/\/www.leathergirl.eu\/product\/piros-fekete-kar-hatrakoto\/#primaryimage\",\"url\":\"https:\/\/www.leathergirl.eu\/wp-content\/uploads\/2020\/09\/k-piros-hatrakoto4.jpg\",\"contentUrl\":\"https:\/\/www.leathergirl.eu\/wp-content\/uploads\/2020\/09\/k-piros-hatrakoto4.jpg\",\"width\":600,\"height\":651},{\"@type\":\"BreadcrumbList\",\"@id\":\"https:\/\/www.leathergirl.eu\/product\/piros-fekete-kar-hatrakoto\/#breadcrumb\",\"itemListElement\":[{\"@type\":\"ListItem\",\"position\":1,\"name\":\"Home\",\"item\":\"https:\/\/www.leathergirl.eu\/\"},{\"@type\":\"ListItem\",\"position\":2,\"name\":\"Shop\",\"item\":\"https:\/\/www.leathergirl.eu\/en\/uzlet\/\"},{\"@type\":\"ListItem\",\"position\":3,\"name\":\"PIROS-FEKETE KAR H\u00c1TRAK\u00d6T\u0150\"}]},{\"@type\":\"WebSite\",\"@id\":\"https:\/\/www.leathergirl.eu\/#website\",\"url\":\"https:\/\/www.leathergirl.eu\/\",\"name\":\"A B\u0151r\u00f6s l\u00e1ny\",\"description\":\"... LeatherGirl ...\",\"publisher\":{\"@id\":\"https:\/\/www.leathergirl.eu\/#organization\"},\"potentialAction\":[{\"@type\":\"SearchAction\",\"target\":{\"@type\":\"EntryPoint\",\"urlTemplate\":\"https:\/\/www.leathergirl.eu\/?s={search_term_string}\"},\"query-input\":{\"@type\":\"PropertyValueSpecification\",\"valueRequired\":true,\"valueName\":\"search_term_string\"}}],\"inLanguage\":\"en-GB\"},{\"@type\":\"Organization\",\"@id\":\"https:\/\/www.leathergirl.eu\/#organization\",\"name\":\"A B\u0151r\u00f6s l\u00e1ny\",\"url\":\"https:\/\/www.leathergirl.eu\/\",\"logo\":{\"@type\":\"ImageObject\",\"inLanguage\":\"en-GB\",\"@id\":\"https:\/\/www.leathergirl.eu\/#\/schema\/logo\/image\/\",\"url\":\"https:\/\/www.leathergirl.eu\/wp-content\/uploads\/2024\/05\/leathergirl-logo.png\",\"contentUrl\":\"https:\/\/www.leathergirl.eu\/wp-content\/uploads\/2024\/05\/leathergirl-logo.png\",\"width\":280,\"height\":80,\"caption\":\"A B\u0151r\u00f6s l\u00e1ny\"},\"image\":{\"@id\":\"https:\/\/www.leathergirl.eu\/#\/schema\/logo\/image\/\"},\"sameAs\":[\"https:\/\/www.facebook.com\/aboroslany\/\",\"https:\/\/www.instagram.com\/theleathergirl\/\"],\"email\":\"aboroslany@gmail.com\",\"legalName\":\"Nepp T\u00edmea e.v.\",\"numberOfEmployees\":{\"@type\":\"QuantitativeValue\",\"minValue\":\"1\",\"maxValue\":\"10\"}}]}<\/script>\n<meta property=\"product:price:amount\" content=\"249.70\" \/>\n<meta property=\"product:price:currency\" content=\"EUR\" \/>\n<meta property=\"og:availability\" content=\"instock\" \/>\n<meta property=\"product:availability\" content=\"instock\" \/>\n<meta property=\"product:condition\" content=\"new\" \/>\n<!-- \/ Yoast SEO Premium plugin. -->","yoast_head_json":{"title":"BLACK-BLACK CAR HOMEMAKER - The Furry Girl","robots":{"index":"index","follow":"follow","max-snippet":"max-snippet:-1","max-image-preview":"max-image-preview:large","max-video-preview":"max-video-preview:-1"},"canonical":"https:\/\/www.leathergirl.eu\/en\/product\/red-black-arm-hatrakoto\/","og_locale":"en_GB","og_type":"article","og_title":"PIROS-FEKETE KAR H\u00c1TRAK\u00d6T\u0150","og_description":"A kar h\u00e1trak\u00f6t\u0151 szett r\u00e9szei:  Egy darab piros b\u0151rrel szegett, lakatolhat\u00f3 nyakbilincs 4 db hegesztett f\u00e9lkarik\u00e1val (r\u00e9szletek itt).  Egy p\u00e1r piros b\u0151rrel szegett, lakatolhat\u00f3 csukl\u00f3bilincs 2 db hegesztett f\u00e9lkarik\u00e1val (r\u00e9szletek itt).  Egy darab piros b\u0151rrel d\u00edsz\u00edtett kar h\u00e1trak\u00f6t\u0151 4 cm sz\u00e9les sz\u00edjakb\u00f3l. A sz\u00edjak k\u00e9t r\u00e9teg marhab\u0151rb\u0151l k\u00e9sz\u00fclnek, melyb\u0151l a k\u00fcls\u0151 r\u00e9teg kb 2mm vastag, er\u0151s marhab\u0151r, a bels\u0151 pedig puha, de szint\u00e9n er\u0151s marhab\u0151r. A k\u00f6z\u00e9ps\u0151 piros cs\u00edk k\u00e9t r\u00e9tegbe hajtott juhb\u0151r ugyanabb\u00f3l, amib\u0151l a bilincsek szeg\u0151cs\u00edkjait szabom. A fels\u0151 sz\u00edjra a teljes hossz\u00e1ban lyukakat teszek, hogy a karokat eg\u00e9szen fel lehessen h\u00fazni a h\u00e1tk\u00f6z\u00e9phez. A karika hegesztett, a csatok \u00e9s a karabinerek j\u00f3 er\u0151sek.  Term\u00e9szetesen m\u00e1s sz\u00ednkombin\u00e1ci\u00f3ban is k\u00e9rheted.","og_url":"https:\/\/www.leathergirl.eu\/en\/product\/red-black-arm-hatrakoto\/","og_site_name":"A B\u0151r\u00f6s l\u00e1ny","article_publisher":"https:\/\/www.facebook.com\/aboroslany\/","article_modified_time":"2026-01-03T13:00:12+00:00","og_image":[{"width":600,"height":651,"url":"https:\/\/www.leathergirl.eu\/wp-content\/uploads\/2020\/09\/k-piros-hatrakoto4.jpg","type":"image\/jpeg"}],"schema":{"@context":"https:\/\/schema.org","@graph":[{"@type":"WebPage","@id":"https:\/\/www.leathergirl.eu\/product\/piros-fekete-kar-hatrakoto\/","url":"https:\/\/www.leathergirl.eu\/product\/piros-fekete-kar-hatrakoto\/","name":"BLACK-BLACK CAR HOMEMAKER - The Furry Girl","isPartOf":{"@id":"https:\/\/www.leathergirl.eu\/#website"},"primaryImageOfPage":{"@id":"https:\/\/www.leathergirl.eu\/product\/piros-fekete-kar-hatrakoto\/#primaryimage"},"image":{"@id":"https:\/\/www.leathergirl.eu\/product\/piros-fekete-kar-hatrakoto\/#primaryimage"},"thumbnailUrl":"https:\/\/www.leathergirl.eu\/wp-content\/uploads\/2020\/09\/k-piros-hatrakoto4.jpg","datePublished":"2020-09-20T16:54:27+00:00","dateModified":"2026-01-03T13:00:12+00:00","breadcrumb":{"@id":"https:\/\/www.leathergirl.eu\/product\/piros-fekete-kar-hatrakoto\/#breadcrumb"},"inLanguage":"en-GB","potentialAction":[{"@type":"ReadAction","target":["https:\/\/www.leathergirl.eu\/product\/piros-fekete-kar-hatrakoto\/"]}]},{"@type":"ImageObject","inLanguage":"en-GB","@id":"https:\/\/www.leathergirl.eu\/product\/piros-fekete-kar-hatrakoto\/#primaryimage","url":"https:\/\/www.leathergirl.eu\/wp-content\/uploads\/2020\/09\/k-piros-hatrakoto4.jpg","contentUrl":"https:\/\/www.leathergirl.eu\/wp-content\/uploads\/2020\/09\/k-piros-hatrakoto4.jpg","width":600,"height":651},{"@type":"BreadcrumbList","@id":"https:\/\/www.leathergirl.eu\/product\/piros-fekete-kar-hatrakoto\/#breadcrumb","itemListElement":[{"@type":"ListItem","position":1,"name":"Home","item":"https:\/\/www.leathergirl.eu\/"},{"@type":"ListItem","position":2,"name":"Shop","item":"https:\/\/www.leathergirl.eu\/en\/uzlet\/"},{"@type":"ListItem","position":3,"name":"PIROS-FEKETE KAR H\u00c1TRAK\u00d6T\u0150"}]},{"@type":"WebSite","@id":"https:\/\/www.leathergirl.eu\/#website","url":"https:\/\/www.leathergirl.eu\/","name":"The Leather Girl","description":"... LeatherGirl ...","publisher":{"@id":"https:\/\/www.leathergirl.eu\/#organization"},"potentialAction":[{"@type":"SearchAction","target":{"@type":"EntryPoint","urlTemplate":"https:\/\/www.leathergirl.eu\/?s={search_term_string}"},"query-input":{"@type":"PropertyValueSpecification","valueRequired":true,"valueName":"search_term_string"}}],"inLanguage":"en-GB"},{"@type":"Organization","@id":"https:\/\/www.leathergirl.eu\/#organization","name":"The Leather Girl","url":"https:\/\/www.leathergirl.eu\/","logo":{"@type":"ImageObject","inLanguage":"en-GB","@id":"https:\/\/www.leathergirl.eu\/#\/schema\/logo\/image\/","url":"https:\/\/www.leathergirl.eu\/wp-content\/uploads\/2024\/05\/leathergirl-logo.png","contentUrl":"https:\/\/www.leathergirl.eu\/wp-content\/uploads\/2024\/05\/leathergirl-logo.png","width":280,"height":80,"caption":"A B\u0151r\u00f6s l\u00e1ny"},"image":{"@id":"https:\/\/www.leathergirl.eu\/#\/schema\/logo\/image\/"},"sameAs":["https:\/\/www.facebook.com\/aboroslany\/","https:\/\/www.instagram.com\/theleathergirl\/"],"email":"aboroslany@gmail.com","legalName":"Nepp T\u00edmea e.v.","numberOfEmployees":{"@type":"QuantitativeValue","minValue":"1","maxValue":"10"}}]},"product_price_amount":"249.70","product_price_currency":"EUR","og_availability":"instock","product_availability":"instock","product_condition":"new"},"_links":{"self":[{"href":"https:\/\/www.leathergirl.eu\/en\/wp-json\/wp\/v2\/product\/23552","targetHints":{"allow":["GET"]}}],"collection":[{"href":"https:\/\/www.leathergirl.eu\/en\/wp-json\/wp\/v2\/product"}],"about":[{"href":"https:\/\/www.leathergirl.eu\/en\/wp-json\/wp\/v2\/types\/product"}],"wp:featuredmedia":[{"embeddable":true,"href":"https:\/\/www.leathergirl.eu\/en\/wp-json\/wp\/v2\/media\/23556"}],"wp:attachment":[{"href":"https:\/\/www.leathergirl.eu\/en\/wp-json\/wp\/v2\/media?parent=23552"}],"wp:term":[{"taxonomy":"product_brand","embeddable":true,"href":"https:\/\/www.leathergirl.eu\/en\/wp-json\/wp\/v2\/product_brand?post=23552"},{"taxonomy":"product_cat","embeddable":true,"href":"https:\/\/www.leathergirl.eu\/en\/wp-json\/wp\/v2\/product_cat?post=23552"},{"taxonomy":"product_tag","embeddable":true,"href":"https:\/\/www.leathergirl.eu\/en\/wp-json\/wp\/v2\/product_tag?post=23552"}],"curies":[{"name":"wp","href":"https:\/\/api.w.org\/{rel}","templated":true}]}}