{"id":23544,"date":"2020-09-20T15:40:25","date_gmt":"2020-09-20T15:40:25","guid":{"rendered":"https:\/\/www.leathergirl.eu\/?post_type=product&#038;p=23544"},"modified":"2026-01-03T18:30:37","modified_gmt":"2026-01-03T17:30:37","slug":"soft-borel-gutted-neck","status":"publish","type":"product","link":"https:\/\/www.leathergirl.eu\/en\/product\/soft-borel-gutted-neck\/","title":{"rendered":"Collar padded with soft leather"},"content":{"rendered":"<p>I make these collars by placing soft cowhide or sheepskin folded in two layers on the inside and a harder cowhide, usually 1.5-2mm thick, on the outside. I put a D-ring or D-ring plus ring in advance as you like; and a plain or lockable buckle on the back. I have a lot of different colored leather to create different combinations. The uploaded pictures show only a few variations, but go for it: design and order the piece that best suits you!<\/p>","protected":false},"excerpt":{"rendered":"<p>I make these collars by placing soft cowhide or sheepskin folded in two layers on the inside and a harder cowhide, usually 1.5-2mm thick, on the outside. I put a D-ring or D-ring plus ring in advance as you like; and a plain or lockable buckle on the back. I have a lot of different colored leather to create different combinations. The uploaded pictures show only a few variations, but go for it: design and order the piece that best suits you!<\/p>","protected":false},"featured_media":23551,"template":"","meta":{"_et_pb_use_builder":"","_et_pb_old_content":"","_et_gb_content_width":""},"product_brand":[],"product_cat":[23],"product_tag":[],"class_list":{"0":"post-23544","1":"product","2":"type-product","3":"status-publish","4":"has-post-thumbnail","6":"product_cat-for-the-weekdays-and-party-accessories","8":"first","9":"instock","10":"purchasable","11":"product-type-simple"},"yoast_head":"<!-- This site is optimized with the Yoast SEO Premium plugin v26.2 (Yoast SEO v26.3) - https:\/\/yoast.com\/wordpress\/plugins\/seo\/ -->\n<title>PUHA B\u0150RREL B\u00c9LELT NYAKBAVAL\u00d3K - A B\u0151r\u00f6s l\u00e1ny<\/title>\n<meta name=\"robots\" content=\"index, follow, max-snippet:-1, max-image-preview:large, max-video-preview:-1\" \/>\n<link rel=\"canonical\" href=\"https:\/\/www.leathergirl.eu\/en\/product\/soft-borel-gutted-neck\/\" \/>\n<meta property=\"og:locale\" content=\"en_GB\" \/>\n<meta property=\"og:type\" content=\"article\" \/>\n<meta property=\"og:title\" content=\"PUHA B\u0150RREL B\u00c9LELT NYAKBAVAL\u00d3K\" \/>\n<meta property=\"og:description\" content=\"Ezeket a nyakbaval\u00f3kat \u00fagy k\u00e9sz\u00edtem, hogy a bels\u0151 oldal\u00e1ra k\u00e9t r\u00e9tegbe hajtott, puha marha- vagy juhb\u0151rt teszek, k\u00edv\u00fclre pedig egy kem\u00e9nyebb, \u00e1ltal\u00e1ban 1,5-2 mm vastag marhab\u0151r ker\u00fcl. El\u0151re f\u00e9lkarik\u00e1t vagy karik\u00e1s f\u00e9lkarik\u00e1t teszek, ahogy szeretn\u00e9d; h\u00e1tra pedig sima vagy lakatolhat\u00f3 csatot. A k\u00fcl\u00f6nb\u00f6z\u0151 kombin\u00e1ci\u00f3k kialak\u00edt\u00e1s\u00e1hoz sz\u00e1mtalan b\u0151r sz\u00edn \u00e1ll rendelkez\u00e9semre. A felt\u00f6lt\u00f6tt k\u00e9peken csak n\u00e9h\u00e1ny vari\u00e1ci\u00f3 l\u00e1that\u00f3, de hajr\u00e1: tervezd \u00e9s rendeld meg a hozz\u00e1d legink\u00e1bb passzol\u00f3 darabot!\" \/>\n<meta property=\"og:url\" content=\"https:\/\/www.leathergirl.eu\/en\/product\/soft-borel-gutted-neck\/\" \/>\n<meta property=\"og:site_name\" content=\"A B\u0151r\u00f6s l\u00e1ny\" \/>\n<meta property=\"article:publisher\" content=\"https:\/\/www.facebook.com\/aboroslany\/\" \/>\n<meta property=\"article:modified_time\" content=\"2026-01-03T17:30:37+00:00\" \/>\n<meta property=\"og:image\" content=\"https:\/\/www.leathergirl.eu\/wp-content\/uploads\/2020\/09\/k-ezusttel-kekkel-belelt-1.jpg\" \/>\n\t<meta property=\"og:image:width\" content=\"508\" \/>\n\t<meta property=\"og:image:height\" content=\"625\" \/>\n\t<meta property=\"og:image:type\" content=\"image\/jpeg\" \/>\n<script type=\"application\/ld+json\" class=\"yoast-schema-graph\">{\"@context\":\"https:\/\/schema.org\",\"@graph\":[{\"@type\":\"WebPage\",\"@id\":\"https:\/\/www.leathergirl.eu\/product\/puha-borrel-belelt-nyakbavalok\/\",\"url\":\"https:\/\/www.leathergirl.eu\/product\/puha-borrel-belelt-nyakbavalok\/\",\"name\":\"PUHA B\u0150RREL B\u00c9LELT NYAKBAVAL\u00d3K - A B\u0151r\u00f6s l\u00e1ny\",\"isPartOf\":{\"@id\":\"https:\/\/www.leathergirl.eu\/#website\"},\"primaryImageOfPage\":{\"@id\":\"https:\/\/www.leathergirl.eu\/product\/puha-borrel-belelt-nyakbavalok\/#primaryimage\"},\"image\":{\"@id\":\"https:\/\/www.leathergirl.eu\/product\/puha-borrel-belelt-nyakbavalok\/#primaryimage\"},\"thumbnailUrl\":\"https:\/\/www.leathergirl.eu\/wp-content\/uploads\/2020\/09\/k-ezusttel-kekkel-belelt-1.jpg\",\"datePublished\":\"2020-09-20T15:40:25+00:00\",\"dateModified\":\"2026-01-03T17:30:37+00:00\",\"breadcrumb\":{\"@id\":\"https:\/\/www.leathergirl.eu\/product\/puha-borrel-belelt-nyakbavalok\/#breadcrumb\"},\"inLanguage\":\"en-GB\",\"potentialAction\":[{\"@type\":\"ReadAction\",\"target\":[\"https:\/\/www.leathergirl.eu\/product\/puha-borrel-belelt-nyakbavalok\/\"]}]},{\"@type\":\"ImageObject\",\"inLanguage\":\"en-GB\",\"@id\":\"https:\/\/www.leathergirl.eu\/product\/puha-borrel-belelt-nyakbavalok\/#primaryimage\",\"url\":\"https:\/\/www.leathergirl.eu\/wp-content\/uploads\/2020\/09\/k-ezusttel-kekkel-belelt-1.jpg\",\"contentUrl\":\"https:\/\/www.leathergirl.eu\/wp-content\/uploads\/2020\/09\/k-ezusttel-kekkel-belelt-1.jpg\",\"width\":508,\"height\":625},{\"@type\":\"BreadcrumbList\",\"@id\":\"https:\/\/www.leathergirl.eu\/product\/puha-borrel-belelt-nyakbavalok\/#breadcrumb\",\"itemListElement\":[{\"@type\":\"ListItem\",\"position\":1,\"name\":\"Home\",\"item\":\"https:\/\/www.leathergirl.eu\/\"},{\"@type\":\"ListItem\",\"position\":2,\"name\":\"Shop\",\"item\":\"https:\/\/www.leathergirl.eu\/en\/uzlet\/\"},{\"@type\":\"ListItem\",\"position\":3,\"name\":\"PUHA B\u0150RREL B\u00c9LELT NYAKBAVAL\u00d3K\"}]},{\"@type\":\"WebSite\",\"@id\":\"https:\/\/www.leathergirl.eu\/#website\",\"url\":\"https:\/\/www.leathergirl.eu\/\",\"name\":\"A B\u0151r\u00f6s l\u00e1ny\",\"description\":\"... LeatherGirl ...\",\"publisher\":{\"@id\":\"https:\/\/www.leathergirl.eu\/#organization\"},\"potentialAction\":[{\"@type\":\"SearchAction\",\"target\":{\"@type\":\"EntryPoint\",\"urlTemplate\":\"https:\/\/www.leathergirl.eu\/?s={search_term_string}\"},\"query-input\":{\"@type\":\"PropertyValueSpecification\",\"valueRequired\":true,\"valueName\":\"search_term_string\"}}],\"inLanguage\":\"en-GB\"},{\"@type\":\"Organization\",\"@id\":\"https:\/\/www.leathergirl.eu\/#organization\",\"name\":\"A B\u0151r\u00f6s l\u00e1ny\",\"url\":\"https:\/\/www.leathergirl.eu\/\",\"logo\":{\"@type\":\"ImageObject\",\"inLanguage\":\"en-GB\",\"@id\":\"https:\/\/www.leathergirl.eu\/#\/schema\/logo\/image\/\",\"url\":\"https:\/\/www.leathergirl.eu\/wp-content\/uploads\/2024\/05\/leathergirl-logo.png\",\"contentUrl\":\"https:\/\/www.leathergirl.eu\/wp-content\/uploads\/2024\/05\/leathergirl-logo.png\",\"width\":280,\"height\":80,\"caption\":\"A B\u0151r\u00f6s l\u00e1ny\"},\"image\":{\"@id\":\"https:\/\/www.leathergirl.eu\/#\/schema\/logo\/image\/\"},\"sameAs\":[\"https:\/\/www.facebook.com\/aboroslany\/\",\"https:\/\/www.instagram.com\/theleathergirl\/\"],\"email\":\"aboroslany@gmail.com\",\"legalName\":\"Nepp T\u00edmea e.v.\",\"numberOfEmployees\":{\"@type\":\"QuantitativeValue\",\"minValue\":\"1\",\"maxValue\":\"10\"}}]}<\/script>\n<meta property=\"product:price:amount\" content=\"42.80\" \/>\n<meta property=\"product:price:currency\" content=\"EUR\" \/>\n<meta property=\"og:availability\" content=\"instock\" \/>\n<meta property=\"product:availability\" content=\"instock\" \/>\n<meta property=\"product:condition\" content=\"new\" \/>\n<!-- \/ Yoast SEO Premium plugin. -->","yoast_head_json":{"title":"FUR-FILLED BREAKERS - The Furry Girl","robots":{"index":"index","follow":"follow","max-snippet":"max-snippet:-1","max-image-preview":"max-image-preview:large","max-video-preview":"max-video-preview:-1"},"canonical":"https:\/\/www.leathergirl.eu\/en\/product\/soft-borel-gutted-neck\/","og_locale":"en_GB","og_type":"article","og_title":"PUHA B\u0150RREL B\u00c9LELT NYAKBAVAL\u00d3K","og_description":"Ezeket a nyakbaval\u00f3kat \u00fagy k\u00e9sz\u00edtem, hogy a bels\u0151 oldal\u00e1ra k\u00e9t r\u00e9tegbe hajtott, puha marha- vagy juhb\u0151rt teszek, k\u00edv\u00fclre pedig egy kem\u00e9nyebb, \u00e1ltal\u00e1ban 1,5-2 mm vastag marhab\u0151r ker\u00fcl. El\u0151re f\u00e9lkarik\u00e1t vagy karik\u00e1s f\u00e9lkarik\u00e1t teszek, ahogy szeretn\u00e9d; h\u00e1tra pedig sima vagy lakatolhat\u00f3 csatot. A k\u00fcl\u00f6nb\u00f6z\u0151 kombin\u00e1ci\u00f3k kialak\u00edt\u00e1s\u00e1hoz sz\u00e1mtalan b\u0151r sz\u00edn \u00e1ll rendelkez\u00e9semre. A felt\u00f6lt\u00f6tt k\u00e9peken csak n\u00e9h\u00e1ny vari\u00e1ci\u00f3 l\u00e1that\u00f3, de hajr\u00e1: tervezd \u00e9s rendeld meg a hozz\u00e1d legink\u00e1bb passzol\u00f3 darabot!","og_url":"https:\/\/www.leathergirl.eu\/en\/product\/soft-borel-gutted-neck\/","og_site_name":"A B\u0151r\u00f6s l\u00e1ny","article_publisher":"https:\/\/www.facebook.com\/aboroslany\/","article_modified_time":"2026-01-03T17:30:37+00:00","og_image":[{"width":508,"height":625,"url":"https:\/\/www.leathergirl.eu\/wp-content\/uploads\/2020\/09\/k-ezusttel-kekkel-belelt-1.jpg","type":"image\/jpeg"}],"schema":{"@context":"https:\/\/schema.org","@graph":[{"@type":"WebPage","@id":"https:\/\/www.leathergirl.eu\/product\/puha-borrel-belelt-nyakbavalok\/","url":"https:\/\/www.leathergirl.eu\/product\/puha-borrel-belelt-nyakbavalok\/","name":"FUR-FILLED BREAKERS - The Furry Girl","isPartOf":{"@id":"https:\/\/www.leathergirl.eu\/#website"},"primaryImageOfPage":{"@id":"https:\/\/www.leathergirl.eu\/product\/puha-borrel-belelt-nyakbavalok\/#primaryimage"},"image":{"@id":"https:\/\/www.leathergirl.eu\/product\/puha-borrel-belelt-nyakbavalok\/#primaryimage"},"thumbnailUrl":"https:\/\/www.leathergirl.eu\/wp-content\/uploads\/2020\/09\/k-ezusttel-kekkel-belelt-1.jpg","datePublished":"2020-09-20T15:40:25+00:00","dateModified":"2026-01-03T17:30:37+00:00","breadcrumb":{"@id":"https:\/\/www.leathergirl.eu\/product\/puha-borrel-belelt-nyakbavalok\/#breadcrumb"},"inLanguage":"en-GB","potentialAction":[{"@type":"ReadAction","target":["https:\/\/www.leathergirl.eu\/product\/puha-borrel-belelt-nyakbavalok\/"]}]},{"@type":"ImageObject","inLanguage":"en-GB","@id":"https:\/\/www.leathergirl.eu\/product\/puha-borrel-belelt-nyakbavalok\/#primaryimage","url":"https:\/\/www.leathergirl.eu\/wp-content\/uploads\/2020\/09\/k-ezusttel-kekkel-belelt-1.jpg","contentUrl":"https:\/\/www.leathergirl.eu\/wp-content\/uploads\/2020\/09\/k-ezusttel-kekkel-belelt-1.jpg","width":508,"height":625},{"@type":"BreadcrumbList","@id":"https:\/\/www.leathergirl.eu\/product\/puha-borrel-belelt-nyakbavalok\/#breadcrumb","itemListElement":[{"@type":"ListItem","position":1,"name":"Home","item":"https:\/\/www.leathergirl.eu\/"},{"@type":"ListItem","position":2,"name":"Shop","item":"https:\/\/www.leathergirl.eu\/en\/uzlet\/"},{"@type":"ListItem","position":3,"name":"PUHA B\u0150RREL B\u00c9LELT NYAKBAVAL\u00d3K"}]},{"@type":"WebSite","@id":"https:\/\/www.leathergirl.eu\/#website","url":"https:\/\/www.leathergirl.eu\/","name":"The Leather Girl","description":"... LeatherGirl ...","publisher":{"@id":"https:\/\/www.leathergirl.eu\/#organization"},"potentialAction":[{"@type":"SearchAction","target":{"@type":"EntryPoint","urlTemplate":"https:\/\/www.leathergirl.eu\/?s={search_term_string}"},"query-input":{"@type":"PropertyValueSpecification","valueRequired":true,"valueName":"search_term_string"}}],"inLanguage":"en-GB"},{"@type":"Organization","@id":"https:\/\/www.leathergirl.eu\/#organization","name":"The Leather Girl","url":"https:\/\/www.leathergirl.eu\/","logo":{"@type":"ImageObject","inLanguage":"en-GB","@id":"https:\/\/www.leathergirl.eu\/#\/schema\/logo\/image\/","url":"https:\/\/www.leathergirl.eu\/wp-content\/uploads\/2024\/05\/leathergirl-logo.png","contentUrl":"https:\/\/www.leathergirl.eu\/wp-content\/uploads\/2024\/05\/leathergirl-logo.png","width":280,"height":80,"caption":"A B\u0151r\u00f6s l\u00e1ny"},"image":{"@id":"https:\/\/www.leathergirl.eu\/#\/schema\/logo\/image\/"},"sameAs":["https:\/\/www.facebook.com\/aboroslany\/","https:\/\/www.instagram.com\/theleathergirl\/"],"email":"aboroslany@gmail.com","legalName":"Nepp T\u00edmea e.v.","numberOfEmployees":{"@type":"QuantitativeValue","minValue":"1","maxValue":"10"}}]},"product_price_amount":"42.80","product_price_currency":"EUR","og_availability":"instock","product_availability":"instock","product_condition":"new"},"_links":{"self":[{"href":"https:\/\/www.leathergirl.eu\/en\/wp-json\/wp\/v2\/product\/23544","targetHints":{"allow":["GET"]}}],"collection":[{"href":"https:\/\/www.leathergirl.eu\/en\/wp-json\/wp\/v2\/product"}],"about":[{"href":"https:\/\/www.leathergirl.eu\/en\/wp-json\/wp\/v2\/types\/product"}],"wp:featuredmedia":[{"embeddable":true,"href":"https:\/\/www.leathergirl.eu\/en\/wp-json\/wp\/v2\/media\/23551"}],"wp:attachment":[{"href":"https:\/\/www.leathergirl.eu\/en\/wp-json\/wp\/v2\/media?parent=23544"}],"wp:term":[{"taxonomy":"product_brand","embeddable":true,"href":"https:\/\/www.leathergirl.eu\/en\/wp-json\/wp\/v2\/product_brand?post=23544"},{"taxonomy":"product_cat","embeddable":true,"href":"https:\/\/www.leathergirl.eu\/en\/wp-json\/wp\/v2\/product_cat?post=23544"},{"taxonomy":"product_tag","embeddable":true,"href":"https:\/\/www.leathergirl.eu\/en\/wp-json\/wp\/v2\/product_tag?post=23544"}],"curies":[{"name":"wp","href":"https:\/\/api.w.org\/{rel}","templated":true}]}}