{"id":23525,"date":"2020-09-06T12:25:28","date_gmt":"2020-09-06T12:25:28","guid":{"rendered":"https:\/\/www.leathergirl.eu\/?post_type=product&#038;p=23525"},"modified":"2026-01-03T13:36:28","modified_gmt":"2026-01-03T12:36:28","slug":"ball-joint-clamp-with-double-sponge","status":"publish","type":"product","link":"https:\/\/www.leathergirl.eu\/en\/product\/ball-joint-clamp-with-double-sponge\/","title":{"rendered":"Double padded leg cuffs for suspension"},"content":{"rendered":"<p>This suspension handcuff consists of three main parts:<\/p>\n<ul>\n<li>The inner part, which is in contact with the arm, is two layers, a total of 12mm thick sponge, which I cover with butter-soft but durable cowhide.<\/li>\n<li>The middle layer is 4mm thick cowhide, which has two functions: on the one hand, I attach it to the sponge part, and on the other hand, it holds all the straps and the upper half ring.<\/li>\n<li>The straps, which hold the D-rings on both sides of the suspender, and run around the middle to ensure attachment to the arm, are also made of 4mm thick cowhide.<\/li>\n<\/ul>\n<p>This design distributes the load between the shin and the foot, making it suitable for longer wear.<\/p>\n<p>All buckles and half rings were welded.<\/p>","protected":false},"excerpt":{"rendered":"<p>This suspension handcuff consists of three main parts:<\/p>\n<ul>\n<li>The inner part, which is in contact with the arm, is two layers, a total of 12mm thick sponge, which I cover with butter-soft but durable cowhide.<\/li>\n<li>The middle layer is 4mm thick cowhide, which has two functions: on the one hand, I attach it to the sponge part, and on the other hand, it holds all the straps and the upper half ring.<\/li>\n<li>The straps, which hold the D-rings on both sides of the suspender, and run around the middle to ensure attachment to the arm, are also made of 4mm thick cowhide.<\/li>\n<\/ul>\n<p>This design distributes the load between the shin and the foot, making it suitable for longer wear.<\/p>\n<p>All buckles and half rings were welded.<\/p>","protected":false},"featured_media":23527,"template":"","meta":{"_et_pb_use_builder":"","_et_pb_old_content":"","_et_gb_content_width":""},"product_brand":[],"product_cat":[32],"product_tag":[],"class_list":{"0":"post-23525","1":"product","2":"type-product","3":"status-publish","4":"has-post-thumbnail","6":"product_cat-suspension","8":"first","9":"instock","10":"purchasable","11":"product-type-simple"},"yoast_head":"<!-- This site is optimized with the Yoast SEO Premium plugin v26.2 (Yoast SEO v26.3) - https:\/\/yoast.com\/wordpress\/plugins\/seo\/ -->\n<title>L\u00c1BF\u00dcGGESZT\u0150S BILINCS DUPLA SZIVACCSAL - A B\u0151r\u00f6s l\u00e1ny<\/title>\n<meta name=\"robots\" content=\"index, follow, max-snippet:-1, max-image-preview:large, max-video-preview:-1\" \/>\n<link rel=\"canonical\" href=\"https:\/\/www.leathergirl.eu\/en\/product\/ball-joint-clamp-with-double-sponge\/\" \/>\n<meta property=\"og:locale\" content=\"en_GB\" \/>\n<meta property=\"og:type\" content=\"article\" \/>\n<meta property=\"og:title\" content=\"L\u00c1BF\u00dcGGESZT\u0150S BILINCS DUPLA SZIVACCSAL\" \/>\n<meta property=\"og:description\" content=\"Ez a felf\u00fcggeszt\u0151s l\u00e1bbilincsem h\u00e1rom f\u0151 r\u00e9szb\u0151l \u00e1ll:   A bels\u0151 r\u00e9sz, ami a l\u00e1bsz\u00e1rral \u00e9s l\u00e1bfejjel \u00e9rintkezik, k\u00e9t r\u00e9teg, \u00f6sszesen 12mm vastag szivacs, melyet vajpuha de strapab\u00edr\u00f3 marhab\u0151rrel vonok be.  A k\u00f6z\u00e9ps\u0151 r\u00e9teg 4mm vastag marhab\u0151r, melynek k\u00e9t funkci\u00f3ja van: egyr\u00e9szt ezt r\u00f6gz\u00edtem a szivacshoz r\u00e9szhez, m\u00e1sr\u00e9szt ez tartja az \u00f6sszes sz\u00edjat.  A sz\u00edjakat, melyek a f\u00fcggeszt\u0151s k\u00e9t oldal\u00e1n tal\u00e1lhat\u00f3 f\u00e9lkarik\u00e1kat tartj\u00e1k, illetve a k\u00f6z\u00e9ps\u0151 r\u00e9szen k\u00f6rbefutva a l\u00e1bsz\u00e1rhoz \u00e9s l\u00e1bfejhez r\u00f6gz\u00edt\u00e9st biztos\u00edtj\u00e1k, szint\u00e9n 4mm vastag marhab\u0151rb\u0151l szabom.  Ez a kialak\u00edt\u00e1s elosztja a terhel\u00e9st a l\u00e1bsz\u00e1r \u00e9s a l\u00e1bfej k\u00f6z\u00f6tt, \u00edgy hosszabb t\u00e1von is viselhet\u0151.  Az \u00f6sszes csat \u00e9s f\u00e9lkarika hegesztett.\" \/>\n<meta property=\"og:url\" content=\"https:\/\/www.leathergirl.eu\/en\/product\/ball-joint-clamp-with-double-sponge\/\" \/>\n<meta property=\"og:site_name\" content=\"A B\u0151r\u00f6s l\u00e1ny\" \/>\n<meta property=\"article:publisher\" content=\"https:\/\/www.facebook.com\/aboroslany\/\" \/>\n<meta property=\"article:modified_time\" content=\"2026-01-03T12:36:28+00:00\" \/>\n<meta property=\"og:image\" content=\"https:\/\/www.leathergirl.eu\/wp-content\/uploads\/2020\/09\/k-DSC_0005K.jpg\" \/>\n\t<meta property=\"og:image:width\" content=\"531\" \/>\n\t<meta property=\"og:image:height\" content=\"800\" \/>\n\t<meta property=\"og:image:type\" content=\"image\/jpeg\" \/>\n<script type=\"application\/ld+json\" class=\"yoast-schema-graph\">{\"@context\":\"https:\/\/schema.org\",\"@graph\":[{\"@type\":\"WebPage\",\"@id\":\"https:\/\/www.leathergirl.eu\/product\/labfuggesztos-bilincs-dupla-szivaccsal\/\",\"url\":\"https:\/\/www.leathergirl.eu\/product\/labfuggesztos-bilincs-dupla-szivaccsal\/\",\"name\":\"L\u00c1BF\u00dcGGESZT\u0150S BILINCS DUPLA SZIVACCSAL - A B\u0151r\u00f6s l\u00e1ny\",\"isPartOf\":{\"@id\":\"https:\/\/www.leathergirl.eu\/#website\"},\"primaryImageOfPage\":{\"@id\":\"https:\/\/www.leathergirl.eu\/product\/labfuggesztos-bilincs-dupla-szivaccsal\/#primaryimage\"},\"image\":{\"@id\":\"https:\/\/www.leathergirl.eu\/product\/labfuggesztos-bilincs-dupla-szivaccsal\/#primaryimage\"},\"thumbnailUrl\":\"https:\/\/www.leathergirl.eu\/wp-content\/uploads\/2020\/09\/k-DSC_0005K.jpg\",\"datePublished\":\"2020-09-06T12:25:28+00:00\",\"dateModified\":\"2026-01-03T12:36:28+00:00\",\"breadcrumb\":{\"@id\":\"https:\/\/www.leathergirl.eu\/product\/labfuggesztos-bilincs-dupla-szivaccsal\/#breadcrumb\"},\"inLanguage\":\"en-GB\",\"potentialAction\":[{\"@type\":\"ReadAction\",\"target\":[\"https:\/\/www.leathergirl.eu\/product\/labfuggesztos-bilincs-dupla-szivaccsal\/\"]}]},{\"@type\":\"ImageObject\",\"inLanguage\":\"en-GB\",\"@id\":\"https:\/\/www.leathergirl.eu\/product\/labfuggesztos-bilincs-dupla-szivaccsal\/#primaryimage\",\"url\":\"https:\/\/www.leathergirl.eu\/wp-content\/uploads\/2020\/09\/k-DSC_0005K.jpg\",\"contentUrl\":\"https:\/\/www.leathergirl.eu\/wp-content\/uploads\/2020\/09\/k-DSC_0005K.jpg\",\"width\":531,\"height\":800},{\"@type\":\"BreadcrumbList\",\"@id\":\"https:\/\/www.leathergirl.eu\/product\/labfuggesztos-bilincs-dupla-szivaccsal\/#breadcrumb\",\"itemListElement\":[{\"@type\":\"ListItem\",\"position\":1,\"name\":\"Home\",\"item\":\"https:\/\/www.leathergirl.eu\/\"},{\"@type\":\"ListItem\",\"position\":2,\"name\":\"Shop\",\"item\":\"https:\/\/www.leathergirl.eu\/en\/uzlet\/\"},{\"@type\":\"ListItem\",\"position\":3,\"name\":\"L\u00c1BF\u00dcGGESZT\u0150S BILINCS DUPLA SZIVACCSAL\"}]},{\"@type\":\"WebSite\",\"@id\":\"https:\/\/www.leathergirl.eu\/#website\",\"url\":\"https:\/\/www.leathergirl.eu\/\",\"name\":\"A B\u0151r\u00f6s l\u00e1ny\",\"description\":\"... LeatherGirl ...\",\"publisher\":{\"@id\":\"https:\/\/www.leathergirl.eu\/#organization\"},\"potentialAction\":[{\"@type\":\"SearchAction\",\"target\":{\"@type\":\"EntryPoint\",\"urlTemplate\":\"https:\/\/www.leathergirl.eu\/?s={search_term_string}\"},\"query-input\":{\"@type\":\"PropertyValueSpecification\",\"valueRequired\":true,\"valueName\":\"search_term_string\"}}],\"inLanguage\":\"en-GB\"},{\"@type\":\"Organization\",\"@id\":\"https:\/\/www.leathergirl.eu\/#organization\",\"name\":\"A B\u0151r\u00f6s l\u00e1ny\",\"url\":\"https:\/\/www.leathergirl.eu\/\",\"logo\":{\"@type\":\"ImageObject\",\"inLanguage\":\"en-GB\",\"@id\":\"https:\/\/www.leathergirl.eu\/#\/schema\/logo\/image\/\",\"url\":\"https:\/\/www.leathergirl.eu\/wp-content\/uploads\/2024\/05\/leathergirl-logo.png\",\"contentUrl\":\"https:\/\/www.leathergirl.eu\/wp-content\/uploads\/2024\/05\/leathergirl-logo.png\",\"width\":280,\"height\":80,\"caption\":\"A B\u0151r\u00f6s l\u00e1ny\"},\"image\":{\"@id\":\"https:\/\/www.leathergirl.eu\/#\/schema\/logo\/image\/\"},\"sameAs\":[\"https:\/\/www.facebook.com\/aboroslany\/\",\"https:\/\/www.instagram.com\/theleathergirl\/\"],\"email\":\"aboroslany@gmail.com\",\"legalName\":\"Nepp T\u00edmea e.v.\",\"numberOfEmployees\":{\"@type\":\"QuantitativeValue\",\"minValue\":\"1\",\"maxValue\":\"10\"}}]}<\/script>\n<meta property=\"product:price:amount\" content=\"299.90\" \/>\n<meta property=\"product:price:currency\" content=\"EUR\" \/>\n<meta property=\"og:availability\" content=\"instock\" \/>\n<meta property=\"product:availability\" content=\"instock\" \/>\n<meta property=\"product:condition\" content=\"new\" \/>\n<!-- \/ Yoast SEO Premium plugin. -->","yoast_head_json":{"title":"BREATHLESS BILINCS WITH DUPLA HEART - The Furry Girl","robots":{"index":"index","follow":"follow","max-snippet":"max-snippet:-1","max-image-preview":"max-image-preview:large","max-video-preview":"max-video-preview:-1"},"canonical":"https:\/\/www.leathergirl.eu\/en\/product\/ball-joint-clamp-with-double-sponge\/","og_locale":"en_GB","og_type":"article","og_title":"L\u00c1BF\u00dcGGESZT\u0150S BILINCS DUPLA SZIVACCSAL","og_description":"Ez a felf\u00fcggeszt\u0151s l\u00e1bbilincsem h\u00e1rom f\u0151 r\u00e9szb\u0151l \u00e1ll:   A bels\u0151 r\u00e9sz, ami a l\u00e1bsz\u00e1rral \u00e9s l\u00e1bfejjel \u00e9rintkezik, k\u00e9t r\u00e9teg, \u00f6sszesen 12mm vastag szivacs, melyet vajpuha de strapab\u00edr\u00f3 marhab\u0151rrel vonok be.  A k\u00f6z\u00e9ps\u0151 r\u00e9teg 4mm vastag marhab\u0151r, melynek k\u00e9t funkci\u00f3ja van: egyr\u00e9szt ezt r\u00f6gz\u00edtem a szivacshoz r\u00e9szhez, m\u00e1sr\u00e9szt ez tartja az \u00f6sszes sz\u00edjat.  A sz\u00edjakat, melyek a f\u00fcggeszt\u0151s k\u00e9t oldal\u00e1n tal\u00e1lhat\u00f3 f\u00e9lkarik\u00e1kat tartj\u00e1k, illetve a k\u00f6z\u00e9ps\u0151 r\u00e9szen k\u00f6rbefutva a l\u00e1bsz\u00e1rhoz \u00e9s l\u00e1bfejhez r\u00f6gz\u00edt\u00e9st biztos\u00edtj\u00e1k, szint\u00e9n 4mm vastag marhab\u0151rb\u0151l szabom.  Ez a kialak\u00edt\u00e1s elosztja a terhel\u00e9st a l\u00e1bsz\u00e1r \u00e9s a l\u00e1bfej k\u00f6z\u00f6tt, \u00edgy hosszabb t\u00e1von is viselhet\u0151.  Az \u00f6sszes csat \u00e9s f\u00e9lkarika hegesztett.","og_url":"https:\/\/www.leathergirl.eu\/en\/product\/ball-joint-clamp-with-double-sponge\/","og_site_name":"A B\u0151r\u00f6s l\u00e1ny","article_publisher":"https:\/\/www.facebook.com\/aboroslany\/","article_modified_time":"2026-01-03T12:36:28+00:00","og_image":[{"width":531,"height":800,"url":"https:\/\/www.leathergirl.eu\/wp-content\/uploads\/2020\/09\/k-DSC_0005K.jpg","type":"image\/jpeg"}],"schema":{"@context":"https:\/\/schema.org","@graph":[{"@type":"WebPage","@id":"https:\/\/www.leathergirl.eu\/product\/labfuggesztos-bilincs-dupla-szivaccsal\/","url":"https:\/\/www.leathergirl.eu\/product\/labfuggesztos-bilincs-dupla-szivaccsal\/","name":"BREATHLESS BILINCS WITH DUPLA HEART - The Furry Girl","isPartOf":{"@id":"https:\/\/www.leathergirl.eu\/#website"},"primaryImageOfPage":{"@id":"https:\/\/www.leathergirl.eu\/product\/labfuggesztos-bilincs-dupla-szivaccsal\/#primaryimage"},"image":{"@id":"https:\/\/www.leathergirl.eu\/product\/labfuggesztos-bilincs-dupla-szivaccsal\/#primaryimage"},"thumbnailUrl":"https:\/\/www.leathergirl.eu\/wp-content\/uploads\/2020\/09\/k-DSC_0005K.jpg","datePublished":"2020-09-06T12:25:28+00:00","dateModified":"2026-01-03T12:36:28+00:00","breadcrumb":{"@id":"https:\/\/www.leathergirl.eu\/product\/labfuggesztos-bilincs-dupla-szivaccsal\/#breadcrumb"},"inLanguage":"en-GB","potentialAction":[{"@type":"ReadAction","target":["https:\/\/www.leathergirl.eu\/product\/labfuggesztos-bilincs-dupla-szivaccsal\/"]}]},{"@type":"ImageObject","inLanguage":"en-GB","@id":"https:\/\/www.leathergirl.eu\/product\/labfuggesztos-bilincs-dupla-szivaccsal\/#primaryimage","url":"https:\/\/www.leathergirl.eu\/wp-content\/uploads\/2020\/09\/k-DSC_0005K.jpg","contentUrl":"https:\/\/www.leathergirl.eu\/wp-content\/uploads\/2020\/09\/k-DSC_0005K.jpg","width":531,"height":800},{"@type":"BreadcrumbList","@id":"https:\/\/www.leathergirl.eu\/product\/labfuggesztos-bilincs-dupla-szivaccsal\/#breadcrumb","itemListElement":[{"@type":"ListItem","position":1,"name":"Home","item":"https:\/\/www.leathergirl.eu\/"},{"@type":"ListItem","position":2,"name":"Shop","item":"https:\/\/www.leathergirl.eu\/en\/uzlet\/"},{"@type":"ListItem","position":3,"name":"L\u00c1BF\u00dcGGESZT\u0150S BILINCS DUPLA SZIVACCSAL"}]},{"@type":"WebSite","@id":"https:\/\/www.leathergirl.eu\/#website","url":"https:\/\/www.leathergirl.eu\/","name":"The Leather Girl","description":"... LeatherGirl ...","publisher":{"@id":"https:\/\/www.leathergirl.eu\/#organization"},"potentialAction":[{"@type":"SearchAction","target":{"@type":"EntryPoint","urlTemplate":"https:\/\/www.leathergirl.eu\/?s={search_term_string}"},"query-input":{"@type":"PropertyValueSpecification","valueRequired":true,"valueName":"search_term_string"}}],"inLanguage":"en-GB"},{"@type":"Organization","@id":"https:\/\/www.leathergirl.eu\/#organization","name":"The Leather Girl","url":"https:\/\/www.leathergirl.eu\/","logo":{"@type":"ImageObject","inLanguage":"en-GB","@id":"https:\/\/www.leathergirl.eu\/#\/schema\/logo\/image\/","url":"https:\/\/www.leathergirl.eu\/wp-content\/uploads\/2024\/05\/leathergirl-logo.png","contentUrl":"https:\/\/www.leathergirl.eu\/wp-content\/uploads\/2024\/05\/leathergirl-logo.png","width":280,"height":80,"caption":"A B\u0151r\u00f6s l\u00e1ny"},"image":{"@id":"https:\/\/www.leathergirl.eu\/#\/schema\/logo\/image\/"},"sameAs":["https:\/\/www.facebook.com\/aboroslany\/","https:\/\/www.instagram.com\/theleathergirl\/"],"email":"aboroslany@gmail.com","legalName":"Nepp T\u00edmea e.v.","numberOfEmployees":{"@type":"QuantitativeValue","minValue":"1","maxValue":"10"}}]},"product_price_amount":"299.90","product_price_currency":"EUR","og_availability":"instock","product_availability":"instock","product_condition":"new"},"_links":{"self":[{"href":"https:\/\/www.leathergirl.eu\/en\/wp-json\/wp\/v2\/product\/23525","targetHints":{"allow":["GET"]}}],"collection":[{"href":"https:\/\/www.leathergirl.eu\/en\/wp-json\/wp\/v2\/product"}],"about":[{"href":"https:\/\/www.leathergirl.eu\/en\/wp-json\/wp\/v2\/types\/product"}],"wp:featuredmedia":[{"embeddable":true,"href":"https:\/\/www.leathergirl.eu\/en\/wp-json\/wp\/v2\/media\/23527"}],"wp:attachment":[{"href":"https:\/\/www.leathergirl.eu\/en\/wp-json\/wp\/v2\/media?parent=23525"}],"wp:term":[{"taxonomy":"product_brand","embeddable":true,"href":"https:\/\/www.leathergirl.eu\/en\/wp-json\/wp\/v2\/product_brand?post=23525"},{"taxonomy":"product_cat","embeddable":true,"href":"https:\/\/www.leathergirl.eu\/en\/wp-json\/wp\/v2\/product_cat?post=23525"},{"taxonomy":"product_tag","embeddable":true,"href":"https:\/\/www.leathergirl.eu\/en\/wp-json\/wp\/v2\/product_tag?post=23525"}],"curies":[{"name":"wp","href":"https:\/\/api.w.org\/{rel}","templated":true}]}}